{"id":995,"date":"2024-08-16T15:01:18","date_gmt":"2024-08-16T12:01:18","guid":{"rendered":"https:\/\/bilginteknoloji.com\/woo\/?post_type=product&#038;p=995"},"modified":"2024-08-26T14:38:11","modified_gmt":"2024-08-26T11:38:11","slug":"afox-arf9370-4096d5h4-amd-radeon-r9-370-4gb-gddr5-256bit-1xdvi-1xhdmi-1xdp-gaming-ekran-karti-2","status":"publish","type":"product","link":"https:\/\/bilginteknoloji.com\/woo\/urun\/afox-arf9370-4096d5h4-amd-radeon-r9-370-4gb-gddr5-256bit-1xdvi-1xhdmi-1xdp-gaming-ekran-karti-2\/","title":{"rendered":"AFOX ARF9370-4096D5H4 AMD Radeon R9 370, 4Gb, GDDR5, 256Bit, 1xDVI, 1xHDMI, 1xDP GAMING Ekran Kart\u0131"},"content":{"rendered":"<h1>AFOX Radeon R9 370<\/h1>\n<div>\n<p>G\u00fcm\u00fc\u015f-siyah kabuk ve \u00f6zel fan kanad\u0131 tasar\u0131m\u0131, Radeon\u2122 R9 370i (4GB) so\u011fukkanl\u0131 bir sava\u015f\u00e7\u0131 yapar, ola\u011fan\u00fcst\u00fc e-spor performans\u0131na sahiptir ve 3A oyun ba\u015fyap\u0131tlar\u0131n\u0131n keyfini \u00e7\u0131karman\u0131z\u0131 sa\u011flar.<\/p>\n<p>Radeon Software, kullan\u0131c\u0131lara \u00e7e\u015fitli yaz\u0131l\u0131m i\u015flevlerinin tek noktadan h\u0131zl\u0131 ba\u015flat\u0131lmas\u0131n\u0131, oyun istatistiklerini, performans raporlar\u0131n\u0131, s\u00fcr\u00fcc\u00fc g\u00fcncellemelerini vb. g\u00f6r\u00fcnt\u00fclemeyi destekleyen basit, modaya uygun ve kullan\u0131m\u0131 kolay bir aray\u00fcz sa\u011flamak i\u00e7in yeni tasarlanm\u0131\u015ft\u0131r.<\/p>\n<p>AMD oyun ak\u0131ll\u0131 g\u00f6r\u00fcnt\u00fcleme teknolojisi, y\u0131rt\u0131lma olgusunu etkili bir \u015fekilde ortadan kald\u0131rabilir, video s\u0131k\u0131\u015fmas\u0131na ve gecikmesine veda edebilir ve oyun deneyiminizi ve tasar\u0131m olu\u015fturman\u0131z\u0131 h\u0131zland\u0131rmak i\u00e7in m\u00fckemmel g\u00f6r\u00fcnt\u00fc i\u015fleme yetene\u011fine sahiptir.\u00a0Bu arada, benzersiz pervane kanad\u0131 teknolojisi, azg\u0131n bir serin etki getiriyor.<\/p>\n<p>Radeon RX 550 (4GB) ve GeForce GTX 1050 ile kar\u015f\u0131la\u015ft\u0131r\u0131ld\u0131\u011f\u0131nda, Radeon\u2122 R9 370 (4GB) bariz performans art\u0131\u015f\u0131na sahiptir.\u00a0Is\u0131 da\u011f\u0131l\u0131m\u0131 a\u00e7\u0131s\u0131ndan AFOX, \u00e7ift fan ve \u0131s\u0131 borular\u0131n\u0131n tasar\u0131m\u0131n\u0131 birle\u015ftirir.\u00a0Ayr\u0131ca daha \u00fcst d\u00fczey b\u00fcy\u00fck \u00f6l\u00e7ekli \u00e7evrimi\u00e7i oyunlar se\u00e7ebilir ve 1080P \u00e7\u00f6z\u00fcn\u00fcrl\u00fckte bask\u0131 olmadan sorunsuzca oynayabilirsiniz.<\/p>\n<p><strong><img decoding=\"async\" src=\"https:\/\/www.detayresimler.com\/urun\/A\/ARF9370-4096.jpg\" alt=\"\" \/><img decoding=\"async\" src=\"https:\/\/www.detayresimler.com\/urun\/A\/ARF9370-4096_1.jpg\" alt=\"\" \/><img decoding=\"async\" src=\"https:\/\/www.detayresimler.com\/urun\/A\/ARF9370-4096_2.jpg\" alt=\"\" \/><img decoding=\"async\" src=\"https:\/\/www.detayresimler.com\/urun\/A\/ARF9370-4096_3.jpg\" alt=\"\" \/><img decoding=\"async\" src=\"https:\/\/www.detayresimler.com\/urun\/A\/ARF9370-4096_4.jpg\" alt=\"\" \/><\/strong><\/p>\n<\/div>\n<p>&nbsp;<\/p>\n<p>&nbsp;<\/p>\n<p>&nbsp;<\/p>\n<p>&nbsp;<\/p>\n<table border=\"1\" cellspacing=\"1\" cellpadding=\"1\">\n<tbody>\n<tr>\n<td><strong>Grafik Motoru<\/strong><\/td>\n<td>AMD Radeon\u00a0\u00a0R9 370<\/td>\n<\/tr>\n<tr>\n<td><strong>Otob\u00fcs Standard\u0131<\/strong><\/td>\n<td>PCI Ekspres 3.0<\/td>\n<\/tr>\n<tr>\n<td><strong>Video belle\u011fi<\/strong><\/td>\n<td>GDDR5 4096MB<\/td>\n<\/tr>\n<tr>\n<td><strong>Motor Saati<\/strong><\/td>\n<td>860 MHz<\/td>\n<\/tr>\n<tr>\n<td><strong>Haf\u0131za saati<\/strong><\/td>\n<td>1350 MHz<\/td>\n<\/tr>\n<tr>\n<td><strong>RAMDAC<\/strong><\/td>\n<td>400MHz<\/td>\n<\/tr>\n<tr>\n<td><strong>Bellek Aray\u00fcz\u00fc<\/strong><\/td>\n<td>256-Bit<\/td>\n<\/tr>\n<tr>\n<td><strong>DVI Maksimum \u00c7\u00f6z\u00fcn\u00fcrl\u00fck<\/strong><\/td>\n<td>2560 x 1600<\/td>\n<\/tr>\n<tr>\n<td><strong>DP Maksimum \u00c7\u00f6z\u00fcn\u00fcrl\u00fck<\/strong><\/td>\n<td>3840 x 2160<\/td>\n<\/tr>\n<tr>\n<td><strong>DVI \u00c7\u0131k\u0131\u015f\u0131<\/strong><\/td>\n<td>evet x 1<\/td>\n<\/tr>\n<tr>\n<td><strong>DP\u00a0\u00a0Ba\u011flant\u0131 Noktas\u0131<\/strong><\/td>\n<td>evet x 1<\/td>\n<\/tr>\n<tr>\n<td><strong>HDMI Deste\u011fi<\/strong><\/td>\n<td>evet x 1<\/td>\n<\/tr>\n<tr>\n<td><strong>HDCP Deste\u011fi<\/strong><\/td>\n<td>Evet<\/td>\n<\/tr>\n<tr>\n<td><strong>ilgili PN<\/strong><\/td>\n<td>AFR9370-4096D5H4<\/td>\n<\/tr>\n<\/tbody>\n<\/table>\n","protected":false},"excerpt":{"rendered":"<table class=\"product-detail\" border=\"0\" width=\"100%\" cellspacing=\"0\" cellpadding=\"0\">\n<tbody>\n<tr>\n<td class=\"product-detail-02\" width=\"34%\">GPU:<\/td>\n<td width=\"66%\">\u00a0AMD RADEON<\/td>\n<\/tr>\n<tr>\n<td class=\"product-detail-02\" width=\"34%\">Grafik \u0130\u015flemci:<\/td>\n<td width=\"66%\">\u00a0AMD R9 370<\/td>\n<\/tr>\n<tr>\n<td class=\"product-detail-02\" width=\"34%\">Ram Tipi:<\/td>\n<td width=\"66%\">\u00a0DDR5<\/td>\n<\/tr>\n<tr>\n<td class=\"product-detail-02\" width=\"34%\">Grafik Ram:<\/td>\n<td width=\"66%\">\u00a04 GB<\/td>\n<\/tr>\n<tr>\n<td class=\"product-detail-02\" width=\"34%\">Bit H\u0131z\u0131:<\/td>\n<td width=\"66%\">\u00a0256 BIT<\/td>\n<\/tr>\n<tr>\n<td class=\"product-detail-02\" width=\"34%\">HDMI:<\/td>\n<td width=\"66%\">\u00a01 ADET<\/td>\n<\/tr>\n<tr>\n<td class=\"product-detail-02\" width=\"34%\">Display Port (DP):<\/td>\n<td width=\"66%\">\u00a01 ADET<\/td>\n<\/tr>\n<tr>\n<td class=\"product-detail-02\" width=\"34%\">DVI:<\/td>\n<td width=\"66%\">\u00a01 ADET<\/td>\n<\/tr>\n<tr>\n<td class=\"product-detail-02\" width=\"34%\">Analog (D-Sub):<\/td>\n<td width=\"66%\">\u00a0YOK<\/td>\n<\/tr>\n<\/tbody>\n<\/table>\n","protected":false},"featured_media":996,"template":"","meta":{"om_disable_all_campaigns":false,"_monsterinsights_skip_tracking":false,"_monsterinsights_sitenote_active":false,"_monsterinsights_sitenote_note":"","_monsterinsights_sitenote_category":0},"product_cat":[65],"product_tag":[],"class_list":{"0":"post-995","1":"product","2":"type-product","3":"status-publish","4":"has-post-thumbnail","6":"product_cat-amd-islemciler","7":"thunk-woo-product-list","8":"opn-qv-enable","9":"top-store-woo-hover-zoom","10":"top-store-single-product-tab-horizontal","11":"top-store-shadow-","12":"top-store-shadow-hover-","14":"first","15":"instock","16":"taxable","17":"shipping-taxable","18":"product-type-simple"},"aioseo_notices":[],"_links":{"self":[{"href":"https:\/\/bilginteknoloji.com\/woo\/wp-json\/wp\/v2\/product\/995","targetHints":{"allow":["GET"]}}],"collection":[{"href":"https:\/\/bilginteknoloji.com\/woo\/wp-json\/wp\/v2\/product"}],"about":[{"href":"https:\/\/bilginteknoloji.com\/woo\/wp-json\/wp\/v2\/types\/product"}],"wp:featuredmedia":[{"embeddable":true,"href":"https:\/\/bilginteknoloji.com\/woo\/wp-json\/wp\/v2\/media\/996"}],"wp:attachment":[{"href":"https:\/\/bilginteknoloji.com\/woo\/wp-json\/wp\/v2\/media?parent=995"}],"wp:term":[{"taxonomy":"product_cat","embeddable":true,"href":"https:\/\/bilginteknoloji.com\/woo\/wp-json\/wp\/v2\/product_cat?post=995"},{"taxonomy":"product_tag","embeddable":true,"href":"https:\/\/bilginteknoloji.com\/woo\/wp-json\/wp\/v2\/product_tag?post=995"}],"curies":[{"name":"wp","href":"https:\/\/api.w.org\/{rel}","templated":true}]}}