{"id":985,"date":"2024-08-16T14:29:46","date_gmt":"2024-08-16T11:29:46","guid":{"rendered":"https:\/\/bilginteknoloji.com\/woo\/?post_type=product&#038;p=985"},"modified":"2024-08-16T14:31:36","modified_gmt":"2024-08-16T11:31:36","slug":"eset-protect-entry-101-kullanici-1-yil","status":"publish","type":"product","link":"https:\/\/bilginteknoloji.com\/woo\/urun\/eset-protect-entry-101-kullanici-1-yil\/","title":{"rendered":"ESET PROTECT Entry 10+1 KULLANICI 1 YIL"},"content":{"rendered":"<div id=\"content-7787645\" class=\"section faded-opaque skin-default top-offset bottom-offset\">\n<div id=\"content-faydalar\" class=\"container\">\n<div class=\"section-content\">\n<div id=\"content-c7787634\" class=\"frame frame-default frame-type-text frame-layout-0 skin-mt-medium\">\n<h2 class=\"align-center\">Her \u00f6l\u00e7ekteki i\u015fletme i\u00e7in kapsaml\u0131 g\u00fcvenlik \u00e7\u00f6z\u00fcm\u00fc<\/h2>\n<\/div>\n<div id=\"content-c7787644\" class=\"frame frame-default\">\n<div id=\"paket-avantajlar-eset\" class=\"tabs skin-accordion skin-accordion-image \" data-module=\"ui\/tabs\" data-processed=\"true\" data-initialized=\"ui\/tabs\">\n<div class=\"panes\">\n<div class=\"row flex\">\n<div class=\"col col-sm-5\">\n<div class=\"images-container\">\n<div class=\"content content-left content-wrapper\">\n<div class=\"hidden-from-to-xxs hidden-from-to-xs\">\n<div id=\"content-c7787635\" class=\"frame frame-default frame-type-esetbase_fce_svgicons frame-layout-0\">\n<div class=\"ce-textpic textpic-svg ce-center ce-above\">\n<div class=\"eset-svg-icon 0 color-none \"><\/div>\n<\/div>\n<\/div>\n<\/div>\n<\/div>\n<div class=\"swiper-pagination swiper-pagination-clickable swiper-pagination-bullets\"><b>Geli\u015fmi\u015f \u00e7ok katmanl\u0131 teknoloji<\/b><\/div>\n<\/div>\n<\/div>\n<div class=\"col col-sm-7 accordion-container\">\n<div id=\"content-multilayered-technology\" class=\"pane initial current\">\n<h3>Bilgisayarlar\u0131, mobil cihazlar\u0131, dosya sunucular\u0131n\u0131 korur<\/h3>\n<div class=\"content content-right content-wrapper\">\n<div id=\"content-c7787636\" class=\"frame frame-default frame-type-text frame-layout-0\">\n<p>\u015eirket u\u00e7 noktalar\u0131 ve cep telefonlar\u0131\u00a0<a class=\"off-canvas-link\" href=\"https:\/\/www.eset.com\/tr\/about\/technology\/\">geli\u015fmi\u015f \u00e7ok katmanl\u0131 teknoloji<\/a>\u00a0ile korunmaktad\u0131r dosya sunucusu g\u00fcvenli\u011fi ve art\u0131k kaba kuvvet sald\u0131r\u0131s\u0131 korumas\u0131n\u0131 da i\u00e7eren<\/p>\n<\/div>\n<\/div>\n<\/div>\n<div id=\"content-low-maintanence\" class=\"pane\">\n<h5><b>Kullan\u0131m\u0131 kolay koruma<\/b><\/h5>\n<h3>D\u00fc\u015f\u00fck bak\u0131m ihtiyac\u0131yla i\u015finize daha fazla zaman kal\u0131r<\/h3>\n<\/div>\n<div id=\"content-easy-setup\" class=\"pane\">\n<h5><b>Birka\u00e7 dakika i\u00e7inde kurun ve da\u011f\u0131t\u0131n<\/b><\/h5>\n<h3>Kullan\u0131m\u0131 kolay y\u00f6netimin keyfini \u00e7\u0131kar\u0131n<\/h3>\n<\/div>\n<\/div>\n<\/div>\n<\/div>\n<\/div>\n<\/div>\n<\/div>\n<\/div>\n<\/div>\n<div id=\"content-c7795213\" class=\"frame frame-default frame-type-shortcut frame-layout-0\">\n<div id=\"content-7656371\" class=\"section faded-opaque skin-default \">\n<div class=\"container\">\n<div class=\"section-content\">\n<div id=\"content-c7656350\" class=\"frame frame-default frame-type-text frame-layout-0 skin-mt-medium skin-mb-small\">\n<h3 class=\"align-center\"><strong>Nerede olursan\u0131z olun a\u011f\u0131n\u0131za ve u\u00e7 noktalar\u0131n\u0131za tam g\u00f6r\u00fcn\u00fcrl\u00fck.<\/strong><\/h3>\n<\/div>\n<\/div>\n<\/div>\n<\/div>\n<\/div>\n","protected":false},"excerpt":{"rendered":"<p>G\u00fc\u00e7l\u00fc makine \u00f6\u011frenimi ve kullan\u0131m\u0131 kolay y\u00f6netim \u00f6zelliklerine sahip modern \u00e7ok katmanl\u0131 u\u00e7 nokta korumas\u0131.<\/p>\n","protected":false},"featured_media":986,"template":"","meta":{"om_disable_all_campaigns":false,"_monsterinsights_skip_tracking":false,"_monsterinsights_sitenote_active":false,"_monsterinsights_sitenote_note":"","_monsterinsights_sitenote_category":0},"product_cat":[450],"product_tag":[],"class_list":{"0":"post-985","1":"product","2":"type-product","3":"status-publish","4":"has-post-thumbnail","6":"product_cat-kurumsal-urunler","7":"thunk-woo-product-list","8":"opn-qv-enable","9":"top-store-woo-hover-zoom","10":"top-store-single-product-tab-horizontal","11":"top-store-shadow-","12":"top-store-shadow-hover-","14":"first","15":"instock","16":"taxable","17":"shipping-taxable","18":"product-type-simple"},"aioseo_notices":[],"_links":{"self":[{"href":"https:\/\/bilginteknoloji.com\/woo\/wp-json\/wp\/v2\/product\/985","targetHints":{"allow":["GET"]}}],"collection":[{"href":"https:\/\/bilginteknoloji.com\/woo\/wp-json\/wp\/v2\/product"}],"about":[{"href":"https:\/\/bilginteknoloji.com\/woo\/wp-json\/wp\/v2\/types\/product"}],"wp:featuredmedia":[{"embeddable":true,"href":"https:\/\/bilginteknoloji.com\/woo\/wp-json\/wp\/v2\/media\/986"}],"wp:attachment":[{"href":"https:\/\/bilginteknoloji.com\/woo\/wp-json\/wp\/v2\/media?parent=985"}],"wp:term":[{"taxonomy":"product_cat","embeddable":true,"href":"https:\/\/bilginteknoloji.com\/woo\/wp-json\/wp\/v2\/product_cat?post=985"},{"taxonomy":"product_tag","embeddable":true,"href":"https:\/\/bilginteknoloji.com\/woo\/wp-json\/wp\/v2\/product_tag?post=985"}],"curies":[{"name":"wp","href":"https:\/\/api.w.org\/{rel}","templated":true}]}}