{"id":957,"date":"2024-08-16T12:31:35","date_gmt":"2024-08-16T09:31:35","guid":{"rendered":"https:\/\/bilginteknoloji.com\/woo\/?post_type=product&#038;p=957"},"modified":"2024-08-16T12:31:35","modified_gmt":"2024-08-16T09:31:35","slug":"hikvision-ds-7104ni-q1-4kanal-4mpix-h265-1-hdd-destegi-1520p-kayit-60mbps-bant-genisligi-nvr","status":"publish","type":"product","link":"https:\/\/bilginteknoloji.com\/woo\/urun\/hikvision-ds-7104ni-q1-4kanal-4mpix-h265-1-hdd-destegi-1520p-kayit-60mbps-bant-genisligi-nvr\/","title":{"rendered":"HIKVISION DS-7104NI-Q1, 4Kanal, 4Mpix, H265+, 1 HDD Deste\u011fi, 1520P Kay\u0131t, 60Mbps Bant Geni\u015fli\u011fi, NVR"},"content":{"rendered":"<h1 class=\"prod_name\">4 kanall\u0131 Mini 1U NVR<\/h1>\n<ul class=\"product_description_item-list\">\n<li class=\"product_description_item\">4 kanala kadar IP kamera ba\u011flanabilir<\/li>\n<li class=\"product_description_item\">H.265 + \/ H.265 \/ H.264 + \/ H.264 video formatlar\u0131n\u0131n kod \u00e7\u00f6z\u00fclmesini destekler<\/li>\n<li class=\"product_description_item\">6 MPye kadar y\u00fcksek tan\u0131ml\u0131 canl\u0131 g\u00f6r\u00fcnt\u00fc, depolama ve oynatma<\/li>\n<li class=\"product_description_item\">4 kanall\u0131 @ 1080p kod \u00e7\u00f6zme kapasitesi<\/li>\n<li class=\"product_description_item\">40 Mbpsye kadar y\u00fcksek gelen bant geni\u015fli\u011fi IP kameralar\u0131n ba\u011flanabilmesini sa\u011flar<\/li>\n<li class=\"product_description_item\">S\u00fcrekli video kayd\u0131 i\u00e7in 1 HDD<\/li>\n<li class=\"product_description_item\">\u00dc\u00e7\u00fcnc\u00fc taraf a\u011f kameralar\u0131yla uyumludur.<\/li>\n<\/ul>\n<ul class=\"tech-specs-items-description\">\n<li class=\"tech-specs-items-description-list\"><span class=\"tech-specs-items-description__title--heading\">Video Ve Ses<\/span><\/li>\n<li class=\"tech-specs-items-description-list\"><span class=\"tech-specs-items-description__title\">IP Video Giri\u015fi<\/span><span class=\"tech-specs-items-description__title-details\">4 kanal, 4 MPye kadar \u00e7\u00f6z\u00fcn\u00fcrl\u00fck<\/span><\/li>\n<li class=\"tech-specs-items-description-list\"><span class=\"tech-specs-items-description__title\">Video \u00c7\u00f6z\u00fcn\u00fcrl\u00fc\u011f\u00fc<\/span><span class=\"tech-specs-items-description__title-details\">6MP \/ 4 MP \/ 3 MP \/ 1080p \/ UXGA \/ 720p \/ VGA \/ 4CIF \/ DCIF \/ 2CIF \/ CIF \/ QCIF<\/span><\/li>\n<li class=\"tech-specs-items-description-list\"><span class=\"tech-specs-items-description__title\">Gelen \/ Giden Bant Geni\u015fli\u011fi<\/span><span class=\"tech-specs-items-description__title-details\">40 Mbps, 60 Mbps<\/span><\/li>\n<li class=\"tech-specs-items-description-list\"><span class=\"tech-specs-items-description__title\">VAG \/ HDMI \u00c7\u0131k\u0131\u015f\u0131<\/span><span class=\"tech-specs-items-description__title-details\">1920 \u00d7 1080p \/ 60Hz, 1280 \u00d7 1024 \/ 60Hz, 1280 \u00d7 720 \/ 60Hz, 1024 \u00d7 768 \/ 60Hz<\/span><\/li>\n<\/ul>\n<ul class=\"tech-specs-items-description\">\n<li class=\"tech-specs-items-description-list\"><span class=\"tech-specs-items-description__title--heading\">Decoding<\/span><\/li>\n<li class=\"tech-specs-items-description-list\"><span class=\"tech-specs-items-description__title\">Kay\u0131t \u00c7\u00f6z\u00fcn\u00fcrl\u00fc\u011f\u00fc<\/span><span class=\"tech-specs-items-description__title-details\">4 MP \/ 3 MP \/ 1080p \/ UXGA \/ 720p \/ VGA \/ 4CIF \/ DCIF \/ 2CIF \/ CIF \/ QCIF<\/span><\/li>\n<li class=\"tech-specs-items-description-list\"><span class=\"tech-specs-items-description__title\">Kod \u00c7\u00f6zme Format\u0131<\/span><span class=\"tech-specs-items-description__title-details\">H.265 + \/ H.265 \/ H.264 + \/ H.264<\/span><\/li>\n<li class=\"tech-specs-items-description-list\"><span class=\"tech-specs-items-description__title\">Senkron Oynatma<\/span><span class=\"tech-specs-items-description__title-details\">4-ch<\/span><\/li>\n<li class=\"tech-specs-items-description-list\"><span class=\"tech-specs-items-description__title\">Kabiliyet<\/span><span class=\"tech-specs-items-description__title-details\">1-kanal @ 6 MP \/ 4-kanal @ 1080p<\/span><\/li>\n<\/ul>\n<ul class=\"tech-specs-items-description\">\n<li class=\"tech-specs-items-description-list\"><span class=\"tech-specs-items-description__title--heading\">A\u011f<\/span><\/li>\n<li class=\"tech-specs-items-description-list\"><span class=\"tech-specs-items-description__title\">A\u011f Protokolleri<\/span><span class=\"tech-specs-items-description__title-details\">TCP \/ IP, DHCP, Hik-Connect, DNS, DDNS, NTP, SADP, SMTP, UPnP \u2122<\/span><\/li>\n<li class=\"tech-specs-items-description-list\"><span class=\"tech-specs-items-description__title\">A\u011f Aray\u00fcz\u00fc<\/span><span class=\"tech-specs-items-description__title-details\">1, RJ-45 10 \/ 100Mbps kendinden uyarlamal\u0131 Ethernet arabirimi<\/span><\/li>\n<\/ul>\n<ul class=\"tech-specs-items-description\">\n<li class=\"tech-specs-items-description-list\"><span class=\"tech-specs-items-description__title--heading\">Hard Disk<\/span><\/li>\n<li class=\"tech-specs-items-description-list\"><span class=\"tech-specs-items-description__title\">SATA<\/span><span class=\"tech-specs-items-description__title-details\">1 SATA aray\u00fcz\u00fc<\/span><\/li>\n<li class=\"tech-specs-items-description-list\"><span class=\"tech-specs-items-description__title\">Kapasite<\/span><span class=\"tech-specs-items-description__title-details\">Her disk i\u00e7in 6 TBa kadar kapasite<\/span><\/li>\n<\/ul>\n<ul class=\"tech-specs-items-description\">\n<li class=\"tech-specs-items-description-list\"><span class=\"tech-specs-items-description__title--heading\">Harici Aray\u00fcz<\/span><\/li>\n<li class=\"tech-specs-items-description-list\"><span class=\"tech-specs-items-description__title\">USB Arabirimi<\/span><span class=\"tech-specs-items-description__title-details\">2 \u00d7 USB 2.0<\/span><\/li>\n<\/ul>\n<ul class=\"tech-specs-items-description\">\n<li class=\"tech-specs-items-description-list\"><span class=\"tech-specs-items-description__title--heading\">Genel<\/span><\/li>\n<li class=\"tech-specs-items-description-list\"><span class=\"tech-specs-items-description__title\">G\u00fc\u00e7 Kayna\u011f\u0131<\/span><span class=\"tech-specs-items-description__title-details\">12 VDC, \u2264 18W<\/span><\/li>\n<li class=\"tech-specs-items-description-list\"><span class=\"tech-specs-items-description__title\">T\u00fcketim (HDD Olmadan)<\/span><span class=\"tech-specs-items-description__title-details\">\u2264 10 W<\/span><\/li>\n<li class=\"tech-specs-items-description-list\"><span class=\"tech-specs-items-description__title\">\u00c7al\u0131\u015fma S\u0131cakl\u0131\u011f\u0131<\/span><span class=\"tech-specs-items-description__title-details\">-10 ila + 55\u00ba C (+14 ila + 131\u00ba F)<\/span><\/li>\n<li class=\"tech-specs-items-description-list\"><span class=\"tech-specs-items-description__title\">\u00c7al\u0131\u015fma Nemi<\/span><span class=\"tech-specs-items-description__title-details\">% 10 ila 90<\/span><\/li>\n<li class=\"tech-specs-items-description-list\"><span class=\"tech-specs-items-description__title\">Boyutlar (G \u00d7 D \u00d7 Y)<\/span><span class=\"tech-specs-items-description__title-details\">200 \u00d7 205 \u00d7 48 mm (7,9 &#8220;\u00d7 8,1&#8221; \u00d7 1,9 &#8220;)<\/span><\/li>\n<li class=\"tech-specs-items-description-list\"><span class=\"tech-specs-items-description__title\">A\u011f\u0131rl\u0131k (Sabit Disk Olmadan)<\/span><span class=\"tech-specs-items-description__title-details\">\u2264 1 kg (2,2 lb)<\/span><\/li>\n<li class=\"tech-specs-items-description-list\"><span class=\"tech-specs-items-description__title\">\u015easi<\/span><span class=\"tech-specs-items-description__title-details\">1U \u015fasi<\/span><\/li>\n<\/ul>\n","protected":false},"excerpt":{"rendered":"<table border=\"0\" cellspacing=\"0\" cellpadding=\"0\">\n<tbody>\n<tr>\n<td>\n<table class=\"product-detail\" border=\"0\" width=\"100%\" cellspacing=\"0\" cellpadding=\"0\">\n<tbody>\n<tr>\n<td class=\"product-detail-02\" width=\"34%\">\u00c7\u00f6z\u00fcn\u00fcrl\u00fck:<\/td>\n<td width=\"66%\">\u00a04MP<\/td>\n<\/tr>\n<tr>\n<td class=\"product-detail-02\" width=\"34%\">HDD Deste\u011fi:<\/td>\n<td width=\"66%\">\u00a01 Adet (Max. 6TB)<\/td>\n<\/tr>\n<tr>\n<td class=\"product-detail-02\" width=\"34%\">Poe Deste\u011fi:<\/td>\n<td width=\"66%\">\u00a0Yok<\/td>\n<\/tr>\n<tr>\n<td class=\"product-detail-02\" width=\"34%\">Video Giri\u015fi:<\/td>\n<td width=\"66%\">\u00a04 Kanal<\/td>\n<\/tr>\n<tr>\n<td class=\"product-detail-02\" width=\"34%\">Video S\u0131k\u0131\u015ft\u0131rma:<\/td>\n<td width=\"66%\">\u00a0H265+<\/td>\n<\/tr>\n<\/tbody>\n<\/table>\n<\/td>\n<\/tr>\n<\/tbody>\n<\/table>\n","protected":false},"featured_media":958,"template":"","meta":{"om_disable_all_campaigns":false,"_monsterinsights_skip_tracking":false,"_monsterinsights_sitenote_active":false,"_monsterinsights_sitenote_note":"","_monsterinsights_sitenote_category":0},"product_cat":[58],"product_tag":[],"class_list":{"0":"post-957","1":"product","2":"type-product","3":"status-publish","4":"has-post-thumbnail","6":"product_cat-nvr-kayit-cihazlari","7":"thunk-woo-product-list","8":"opn-qv-enable","9":"top-store-woo-hover-zoom","10":"top-store-single-product-tab-horizontal","11":"top-store-shadow-","12":"top-store-shadow-hover-","14":"first","15":"instock","16":"taxable","17":"shipping-taxable","18":"product-type-simple"},"aioseo_notices":[],"_links":{"self":[{"href":"https:\/\/bilginteknoloji.com\/woo\/wp-json\/wp\/v2\/product\/957","targetHints":{"allow":["GET"]}}],"collection":[{"href":"https:\/\/bilginteknoloji.com\/woo\/wp-json\/wp\/v2\/product"}],"about":[{"href":"https:\/\/bilginteknoloji.com\/woo\/wp-json\/wp\/v2\/types\/product"}],"wp:featuredmedia":[{"embeddable":true,"href":"https:\/\/bilginteknoloji.com\/woo\/wp-json\/wp\/v2\/media\/958"}],"wp:attachment":[{"href":"https:\/\/bilginteknoloji.com\/woo\/wp-json\/wp\/v2\/media?parent=957"}],"wp:term":[{"taxonomy":"product_cat","embeddable":true,"href":"https:\/\/bilginteknoloji.com\/woo\/wp-json\/wp\/v2\/product_cat?post=957"},{"taxonomy":"product_tag","embeddable":true,"href":"https:\/\/bilginteknoloji.com\/woo\/wp-json\/wp\/v2\/product_tag?post=957"}],"curies":[{"name":"wp","href":"https:\/\/api.w.org\/{rel}","templated":true}]}}