{"id":949,"date":"2024-08-16T12:13:38","date_gmt":"2024-08-16T09:13:38","guid":{"rendered":"https:\/\/bilginteknoloji.com\/woo\/?post_type=product&#038;p=949"},"modified":"2024-08-16T12:13:38","modified_gmt":"2024-08-16T09:13:38","slug":"hikvision-ds-8632ni-i8-32kanal-12mpix-h265-8-hdd-destegi-2160p-kayit-320mbps-bant-genisligi-metal-kasa-2-port-gigabit-lan-raid-015610-nvr","status":"publish","type":"product","link":"https:\/\/bilginteknoloji.com\/woo\/urun\/hikvision-ds-8632ni-i8-32kanal-12mpix-h265-8-hdd-destegi-2160p-kayit-320mbps-bant-genisligi-metal-kasa-2-port-gigabit-lan-raid-015610-nvr\/","title":{"rendered":"HIKVISION DS-8632NI-I8, 32Kanal, 12Mpix, H265+, 8 HDD Deste\u011fi, 2160P Kay\u0131t, 320Mbps Bant Geni\u015fli\u011fi, Metal Kasa, 2 Port GigaBit Lan, RAID 0,1,5,6,10, NVR"},"content":{"rendered":"<ul>\n<li><strong>32 Kanal NVR (H.265, RAID, 8 SATA)<\/strong><\/li>\n<li>\u00c7ift i\u015fletim sistemi deste\u011fi,<\/li>\n<li>H.265+\/H.265\/H.264+\/H.264\/MPEG4,<\/li>\n<li>12MP \u00e7\u00f6z\u00fcn\u00fcrl\u00fc\u011fe kadar kay\u0131t deste\u011fi,<\/li>\n<li>Kay\u0131t bant geni\u015fli\u011fi: 320Mbps,<\/li>\n<li>\u0130zleme bant geni\u015fli\u011fi: 256Mbps (RAID a\u00e7\u0131kken: 200Mbps\/200Mbps),<\/li>\n<li>2 x HDMI (4K, 2K, 1080p \u00e7\u0131k\u0131\u015f deste\u011fi),<\/li>\n<li>2xVGA deste\u011fi (2K, 1080p deste\u011fi),<\/li>\n<li>2x Ses \u00e7\u0131k\u0131\u015f\u0131,<\/li>\n<li>Kay\u0131ttan e\u015f zamanl\u0131 oynatma: 16 kanal,<\/li>\n<li>8xSATA (6TBa kadar),<\/li>\n<li>\u00c7ift y\u00f6nl\u00fc ses deste\u011fi,<\/li>\n<li>ANR,<\/li>\n<li>2xRJ45,<\/li>\n<li>1xRS485,<\/li>\n<li>1xRS232,<\/li>\n<li>1xKeyboard,<\/li>\n<li>2xUSB 2.0,<\/li>\n<li>1x USB 3.0,<\/li>\n<li>Alarm giri\u015fi\/\u00e7\u0131k\u0131\u015f\u0131: 16\/4,<\/li>\n<li>RAID 0,1,5,6,10 deste\u011fi,<\/li>\n<li>Rack montaja uygun: 1.5U.<\/li>\n<\/ul>\n","protected":false},"excerpt":{"rendered":"<table class=\"product-detail\" border=\"0\" width=\"100%\" cellspacing=\"0\" cellpadding=\"0\">\n<tbody>\n<tr>\n<td class=\"product-detail-02\" width=\"34%\">\u00c7\u00f6z\u00fcn\u00fcrl\u00fck:<\/td>\n<td width=\"66%\">\u00a012MP<\/td>\n<\/tr>\n<tr>\n<td class=\"product-detail-02\" width=\"34%\">HDD Deste\u011fi:<\/td>\n<td width=\"66%\">\u00a08 Adet (Max. 48TB)<\/td>\n<\/tr>\n<tr>\n<td class=\"product-detail-02\" width=\"34%\">Poe Deste\u011fi:<\/td>\n<td width=\"66%\">\u00a0Yok<\/td>\n<\/tr>\n<tr>\n<td class=\"product-detail-02\" width=\"34%\">Video Giri\u015fi:<\/td>\n<td width=\"66%\">\u00a032 Kanal<\/td>\n<\/tr>\n<tr>\n<td class=\"product-detail-02\" width=\"34%\">Video S\u0131k\u0131\u015ft\u0131rma:<\/td>\n<td width=\"66%\">\u00a0H265+<\/td>\n<\/tr>\n<\/tbody>\n<\/table>\n","protected":false},"featured_media":950,"template":"","meta":{"om_disable_all_campaigns":false,"_monsterinsights_skip_tracking":false,"_monsterinsights_sitenote_active":false,"_monsterinsights_sitenote_note":"","_monsterinsights_sitenote_category":0},"product_cat":[58],"product_tag":[],"class_list":{"0":"post-949","1":"product","2":"type-product","3":"status-publish","4":"has-post-thumbnail","6":"product_cat-nvr-kayit-cihazlari","7":"thunk-woo-product-list","8":"opn-qv-enable","9":"top-store-woo-hover-zoom","10":"top-store-single-product-tab-horizontal","11":"top-store-shadow-","12":"top-store-shadow-hover-","14":"first","15":"instock","16":"taxable","17":"shipping-taxable","18":"product-type-simple"},"aioseo_notices":[],"_links":{"self":[{"href":"https:\/\/bilginteknoloji.com\/woo\/wp-json\/wp\/v2\/product\/949","targetHints":{"allow":["GET"]}}],"collection":[{"href":"https:\/\/bilginteknoloji.com\/woo\/wp-json\/wp\/v2\/product"}],"about":[{"href":"https:\/\/bilginteknoloji.com\/woo\/wp-json\/wp\/v2\/types\/product"}],"wp:featuredmedia":[{"embeddable":true,"href":"https:\/\/bilginteknoloji.com\/woo\/wp-json\/wp\/v2\/media\/950"}],"wp:attachment":[{"href":"https:\/\/bilginteknoloji.com\/woo\/wp-json\/wp\/v2\/media?parent=949"}],"wp:term":[{"taxonomy":"product_cat","embeddable":true,"href":"https:\/\/bilginteknoloji.com\/woo\/wp-json\/wp\/v2\/product_cat?post=949"},{"taxonomy":"product_tag","embeddable":true,"href":"https:\/\/bilginteknoloji.com\/woo\/wp-json\/wp\/v2\/product_tag?post=949"}],"curies":[{"name":"wp","href":"https:\/\/api.w.org\/{rel}","templated":true}]}}