{"id":945,"date":"2024-08-16T12:11:24","date_gmt":"2024-08-16T09:11:24","guid":{"rendered":"https:\/\/bilginteknoloji.com\/woo\/?post_type=product&#038;p=945"},"modified":"2024-08-16T12:11:24","modified_gmt":"2024-08-16T09:11:24","slug":"hikvision-ds-7608ni-q2-8p-8kanal-poe-8mpix-h265-2-hdd-destegi-2160p-kayit-160mbps-bant-genisligi-metal-kasa-nvr","status":"publish","type":"product","link":"https:\/\/bilginteknoloji.com\/woo\/urun\/hikvision-ds-7608ni-q2-8p-8kanal-poe-8mpix-h265-2-hdd-destegi-2160p-kayit-160mbps-bant-genisligi-metal-kasa-nvr\/","title":{"rendered":"HIKVISION DS-7608NI-Q2\/8P, 8Kanal PoE, 8Mpix, H265+, 2 HDD Deste\u011fi, 2160P Kay\u0131t, 160Mbps Bant Geni\u015fli\u011fi, Metal Kasa, NVR"},"content":{"rendered":"<p>DS-7608NI-Q2\/8PA\u011f Video Kay\u0131t Cihaz\u0131<\/p>\n<ul>\n<li>\n<ul>\n<li><span lang=\"EN-US\">H.265 + \/ H.265 \/ H.264 \/ H.264 + video formatlar\u0131<\/span><\/li>\n<li><span lang=\"EN-US\">\u00dc\u00e7\u00fcnc\u00fc taraf a\u011f kameralar\u0131na ba\u011flanabilir<\/span><\/li>\n<li><span lang=\"EN-US\">8 adede kadar IP kamera ba\u011flanabilir<\/span><\/li>\n<li><span lang=\"EN-US\">8 MP \u00e7\u00f6z\u00fcn\u00fcrl\u00fc\u011fe kadar kay\u0131t<\/span><\/li>\n<li><span lang=\"EN-US\">Ba\u011fl\u0131 kameran\u0131n 8 MP \u00e7\u00f6z\u00fcn\u00fcrl\u00fc\u011fe kadar canl\u0131 g\u00f6r\u00fcnt\u00fcs\u00fcn\u00fc, depolanmas\u0131n\u0131 ve oynat\u0131lmas\u0131n\u0131 destekler<\/span><\/li>\n<li><span lang=\"EN-US\">HDMI ve VGA ba\u011f\u0131ms\u0131z \u00e7\u0131k\u0131\u015flar \u00a0<\/span><\/li>\n<li><span lang=\"EN-US\">4K (3840 \u00d7 2160) \u00e7\u00f6z\u00fcn\u00fcrl\u00fc\u011fe kadar HDMI Video \u00e7\u0131k\u0131\u015f\u0131<\/span><\/li>\n<li><span lang=\"EN-US\">Kay\u0131t ve yedekleme i\u00e7in ba\u011flanabilir 2 SATA arabirimi<\/span><\/li>\n<li><span lang=\"EN-US\">H.265 + s\u0131k\u0131\u015ft\u0131rma, depolama alan\u0131n\u0131 ve maliyetlerini% 75e kadar etkili bir \u015fekilde azalt\u0131r<\/span><\/li>\n<li><span lang=\"EN-US\">1 kendinden uyarlamal\u0131 10\/100\/1000 Mbps a\u011f arabirimi<\/span><\/li>\n<li><span lang=\"EN-US\">8 ba\u011f\u0131ms\u0131z PoE a\u011f arabirimi sa\u011flan\u0131r<\/span><\/li>\n<li><span lang=\"EN-US\">Konfig\u00fcrasyon, bilgi i\u00e7e \/ d\u0131\u015fa aktarma, ger\u00e7ek zamanl\u0131 bilgi ekran\u0131, iki y\u00f6nl\u00fc ses, y\u00fckseltme vb. Dahil IP kameralar\u0131n merkezi y\u00f6netimi.<\/span><\/li>\n<li><span lang=\"EN-US\">Hikvisionun ak\u0131ll\u0131 IP kameralar\u0131na ba\u011flanabilir ve VCA alarmlar\u0131n\u0131n kaydedilmesi, oynat\u0131lmas\u0131 ve yedeklenmesi ger\u00e7ekle\u015ftirilebilir<\/span><\/li>\n<li><span lang=\"EN-US\">VCA alg\u0131lama alarm\u0131 desteklenir<\/span><\/li>\n<li><span lang=\"EN-US\">\u00c7ok kanall\u0131 g\u00f6r\u00fcnt\u00fcleme modu s\u0131ras\u0131nda atanan kanal i\u00e7in an\u0131nda oynatma<\/span><\/li>\n<li><span lang=\"EN-US\">Videoda se\u00e7ilen alan\u0131 ak\u0131ll\u0131 arama;\u00a0ve ak\u0131ll\u0131 \u00e7alma verimlili\u011fini art\u0131rmak i\u00e7in<\/span><\/li>\n<li><span lang=\"EN-US\">Kolay a\u011f y\u00f6netimi i\u00e7in Hik-Connect<\/span><\/li>\n<\/ul>\n<\/li>\n<\/ul>\n<table>\n<tbody>\n<tr>\n<th colspan=\"3\">Video \/ Ses Giri\u015fi<\/th>\n<\/tr>\n<tr>\n<td class=\"td1\">\u0130ki Y\u00f6nl\u00fc ses giri\u015fi:<\/td>\n<td>1-kanal, RCA (2.0 Vp-p, 1k\u03a9)<\/td>\n<\/tr>\n<tr>\n<td class=\"td1\">IP Video giri\u015fi:<\/td>\n<td>8-ch<\/td>\n<\/tr>\n<tr>\n<td class=\"td1\">IP Video giri\u015fi:<\/td>\n<td>8 MPye kadar \u00e7\u00f6z\u00fcn\u00fcrl\u00fck<\/td>\n<\/tr>\n<\/tbody>\n<\/table>\n<table>\n<tbody>\n<tr>\n<th colspan=\"3\">A\u011f<\/th>\n<\/tr>\n<tr>\n<td class=\"td1\">Gelen bant geni\u015fli\u011fi:<\/td>\n<td>80Mbps<\/td>\n<\/tr>\n<tr>\n<td class=\"td1\">Giden bant geni\u015fli\u011fi:<\/td>\n<td>80Mbps<\/td>\n<\/tr>\n<\/tbody>\n<\/table>\n<table>\n<tbody>\n<tr>\n<th colspan=\"3\">Video \/ Ses \u00c7\u0131k\u0131\u015f\u0131<\/th>\n<\/tr>\n<tr>\n<td class=\"td1\">HDMI \u00c7\u0131k\u0131\u015f\u0131:<\/td>\n<td>1 kanal, \u00e7\u00f6z\u00fcn\u00fcrl\u00fck: 4K (3840 \u00d7 2160) \/ 30Hz, 1920 \u00d7 1080 \/ 60Hz, 1600 \u00d7 1200 \/ 60Hz, 1280 \u00d7 1024 \/ 60Hz, 1280 \u00d7 720 \/ 60Hz, 1024 \u00d7 768 \/ 60Hz.<\/td>\n<\/tr>\n<tr>\n<td class=\"td1\">Kay\u0131t \u00c7\u00f6z\u00fcn\u00fcrl\u00fc\u011f\u00fc:<\/td>\n<td>8MP \/ 6MP \/ 5MP \/ 4MP \/ 3MP \/ 1080p \/ UXGA \/ 720p \/ VGA \/ 4CIF \/ DCIF \/ 2CIF \/ CIF \/ QCIF<\/td>\n<\/tr>\n<tr>\n<td class=\"td1\">Ses \u00c7\u0131k\u0131\u015f\u0131:<\/td>\n<td>1 kanal, RCA (Do\u011frusal, 1k\u03a9)<\/td>\n<\/tr>\n<tr>\n<td class=\"td1\">Senkronize Yeniden Oynatma:<\/td>\n<td>8-ch<\/td>\n<\/tr>\n<tr>\n<td class=\"td1\">VGA \u00c7\u0131k\u0131\u015f\u0131:<\/td>\n<td>1 kanal, \u00e7\u00f6z\u00fcn\u00fcrl\u00fck: 1920 tumyedekler2.sh tumyedekler.sh tumy.sh 1080P \/ 60Hz, 1280 tumyedekler2.sh tumyedekler.sh tumy.sh 1024 \/ 60Hz, 1280 tumyedekler2.sh tumyedekler.sh tumy.sh 720 \/ 60Hz, 1024 tumyedekler2.sh tumyedekler.sh tumy.sh 768 \/ 60Hz<\/td>\n<\/tr>\n<\/tbody>\n<\/table>\n<table>\n<tbody>\n<tr>\n<th colspan=\"3\">Decoding<\/th>\n<\/tr>\n<tr>\n<td class=\"td1\">Kod \u00e7\u00f6zme format\u0131:<\/td>\n<td>H.265 \/ H.265 + \/ H.264 \/ H.264 + \/ MPEG4<\/td>\n<\/tr>\n<tr>\n<td class=\"td1\">Canl\u0131 g\u00f6r\u00fcnt\u00fc \/ Oynatma:<\/td>\n<td>8 MP \/ 6 MP \/ 5 MP \/ 4 MP \/ 3 MP \/ 1080p \/ UXGA \/ 720p \/ VGA \/ 4CIF \/ DCIF \/ 2CIF \/ CIF \/ QCIF<\/td>\n<\/tr>\n<tr>\n<td class=\"td1\">Kabiliyet:<\/td>\n<td>1-kanal @ 8 MP \/ 4-kanal @ 1080p<\/td>\n<\/tr>\n<\/tbody>\n<\/table>\n<table>\n<tbody>\n<tr>\n<th colspan=\"3\">Hard disk<\/th>\n<\/tr>\n<tr>\n<td class=\"td1\">SATA:<\/td>\n<td>2 SATA arabirimi<\/td>\n<\/tr>\n<tr>\n<td class=\"td1\">Kapasite:<\/td>\n<td>Her disk i\u00e7in 6 TBa kadar kapasite<\/td>\n<\/tr>\n<tr>\n<td class=\"td1\">Kapasite:<\/td>\n<td>Her HDD i\u00e7in 6 TBa kadar kapasite<\/td>\n<\/tr>\n<\/tbody>\n<\/table>\n<table>\n<tbody>\n<tr>\n<th colspan=\"3\">Harici aray\u00fcz<\/th>\n<\/tr>\n<tr>\n<td class=\"td1\">A\u011f Aray\u00fcz\u00fc:<\/td>\n<td>1RJ-45 10\/100 \/ 1000Mbps kendinden uyarlamal\u0131 Ethernet arabirimi<\/td>\n<\/tr>\n<tr>\n<td class=\"td1\">USB Aray\u00fcz\u00fc:<\/td>\n<td>2, USB 2.0<\/td>\n<\/tr>\n<\/tbody>\n<\/table>\n<table>\n<tbody>\n<tr>\n<th colspan=\"3\">POE<\/th>\n<\/tr>\n<tr>\n<td class=\"td1\">Desteklenen Standartlar:<\/td>\n<td>AF ve AT<\/td>\n<\/tr>\n<tr>\n<td class=\"td1\">Maks.\u00a0G\u00fc\u00e7:<\/td>\n<td>80W<\/td>\n<\/tr>\n<tr>\n<td class=\"td1\">Aray\u00fcz:<\/td>\n<td>8 ba\u011f\u0131ms\u0131z 10\/100 Mbps PoE Ethernet arabirimi<\/td>\n<\/tr>\n<\/tbody>\n<\/table>\n<table>\n<tbody>\n<tr>\n<th colspan=\"3\">Genel<\/th>\n<\/tr>\n<tr>\n<td class=\"td1\">G\u00fc\u00e7:<\/td>\n<td class=\"td2\"><\/td>\n<td>\u2264 180W<\/td>\n<\/tr>\n<tr>\n<td class=\"td1\">G\u00fc\u00e7 Kayna\u011f\u0131:<\/td>\n<td class=\"td2\"><\/td>\n<td>100 ila 240 VAC<\/td>\n<\/tr>\n<tr>\n<td class=\"td1\">T\u00fcketim (sabit disk ve POE olmadan):<\/td>\n<td class=\"td2\"><\/td>\n<td>\u2264 15W<\/td>\n<\/tr>\n<tr>\n<td class=\"td1\">\u00c7al\u0131\u015fma S\u0131cakl\u0131\u011f\u0131:<\/td>\n<td class=\"td2\"><\/td>\n<td>-10 oC ~ +55 oC (+14 oF ~ + 131 oF)<\/td>\n<\/tr>\n<tr>\n<td class=\"td1\">\u00c7al\u0131\u015fma Nem oran\u0131:<\/td>\n<td class=\"td2\"><\/td>\n<td>% 10 ~% 90<\/td>\n<\/tr>\n<tr>\n<td class=\"td1\">Kasa:<\/td>\n<td class=\"td2\"><\/td>\n<td>1U \u015fasi<\/td>\n<\/tr>\n<tr>\n<td class=\"td1\">Boyutlar:<\/td>\n<td class=\"td2\"><\/td>\n<td>385 \u00d7 315 \u00d7 52 mm (15,2 &#8220;\u00d7 12,4&#8221; \u00d7 2,0 &#8220;)<\/td>\n<\/tr>\n<tr>\n<td class=\"td1\">A\u011f\u0131rl\u0131k (HDD hari\u00e7):<\/td>\n<td class=\"td2\"><\/td>\n<td>\u2264 2,6 kg (5,7 lb)<\/td>\n<\/tr>\n<\/tbody>\n<\/table>\n","protected":false},"excerpt":{"rendered":"<table class=\"product-detail\" border=\"0\" width=\"100%\" cellspacing=\"0\" cellpadding=\"0\">\n<tbody>\n<tr>\n<td class=\"product-detail-02\" width=\"34%\">\u00c7\u00f6z\u00fcn\u00fcrl\u00fck:<\/td>\n<td width=\"66%\">\u00a08MP 2160P<\/td>\n<\/tr>\n<tr>\n<td class=\"product-detail-02\" width=\"34%\">HDD Deste\u011fi:<\/td>\n<td width=\"66%\">\u00a02 Adet (Max. 12TB)<\/td>\n<\/tr>\n<tr>\n<td class=\"product-detail-02\" width=\"34%\">Poe Deste\u011fi:<\/td>\n<td width=\"66%\">\u00a08 Port PoE<\/td>\n<\/tr>\n<tr>\n<td class=\"product-detail-02\" width=\"34%\">Video Giri\u015fi:<\/td>\n<td width=\"66%\">\u00a08 Kanal<\/td>\n<\/tr>\n<tr>\n<td class=\"product-detail-02\" width=\"34%\">Video S\u0131k\u0131\u015ft\u0131rma:<\/td>\n<td width=\"66%\">\u00a0H265+<\/td>\n<\/tr>\n<\/tbody>\n<\/table>\n","protected":false},"featured_media":946,"template":"","meta":{"om_disable_all_campaigns":false,"_monsterinsights_skip_tracking":false,"_monsterinsights_sitenote_active":false,"_monsterinsights_sitenote_note":"","_monsterinsights_sitenote_category":0},"product_cat":[58],"product_tag":[],"class_list":{"0":"post-945","1":"product","2":"type-product","3":"status-publish","4":"has-post-thumbnail","6":"product_cat-nvr-kayit-cihazlari","7":"thunk-woo-product-list","8":"opn-qv-enable","9":"top-store-woo-hover-zoom","10":"top-store-single-product-tab-horizontal","11":"top-store-shadow-","12":"top-store-shadow-hover-","14":"first","15":"instock","16":"taxable","17":"shipping-taxable","18":"product-type-simple"},"aioseo_notices":[],"_links":{"self":[{"href":"https:\/\/bilginteknoloji.com\/woo\/wp-json\/wp\/v2\/product\/945","targetHints":{"allow":["GET"]}}],"collection":[{"href":"https:\/\/bilginteknoloji.com\/woo\/wp-json\/wp\/v2\/product"}],"about":[{"href":"https:\/\/bilginteknoloji.com\/woo\/wp-json\/wp\/v2\/types\/product"}],"wp:featuredmedia":[{"embeddable":true,"href":"https:\/\/bilginteknoloji.com\/woo\/wp-json\/wp\/v2\/media\/946"}],"wp:attachment":[{"href":"https:\/\/bilginteknoloji.com\/woo\/wp-json\/wp\/v2\/media?parent=945"}],"wp:term":[{"taxonomy":"product_cat","embeddable":true,"href":"https:\/\/bilginteknoloji.com\/woo\/wp-json\/wp\/v2\/product_cat?post=945"},{"taxonomy":"product_tag","embeddable":true,"href":"https:\/\/bilginteknoloji.com\/woo\/wp-json\/wp\/v2\/product_tag?post=945"}],"curies":[{"name":"wp","href":"https:\/\/api.w.org\/{rel}","templated":true}]}}