{"id":921,"date":"2024-08-16T10:19:28","date_gmt":"2024-08-16T07:19:28","guid":{"rendered":"https:\/\/bilginteknoloji.com\/woo\/?post_type=product&#038;p=921"},"modified":"2024-08-16T12:03:55","modified_gmt":"2024-08-16T09:03:55","slug":"dahua-nvr2104hs-p-t-teknik-ozellikleri-sistem-ana-islemcicift-cekirdekli-islemci-isletim-sistemigomulu-linux-ses-ve-goruntu-ip-kamera-girisi4-kanal-iki-yonlu-konusma1-kanal-girisi-1-kanal-cikisi","status":"publish","type":"product","link":"https:\/\/bilginteknoloji.com\/woo\/urun\/dahua-nvr2104hs-p-t-teknik-ozellikleri-sistem-ana-islemcicift-cekirdekli-islemci-isletim-sistemigomulu-linux-ses-ve-goruntu-ip-kamera-girisi4-kanal-iki-yonlu-konusma1-kanal-girisi-1-kanal-cikisi\/","title":{"rendered":"DAHUA NVR2104HS-P-T, 4Kanal PoE, 8Mpix, H265+, 1 HDD Deste\u011fi, 1080P Kay\u0131t, 80Mbps Bant Geni\u015fli\u011fi, NVR"},"content":{"rendered":"<h3 class=\"title\">NVR2116HS-S3<\/h3>\n<p class=\"text\">16 Kanal Kompakt 1U 1HDD A\u011f Video Kaydedici<\/p>\n<div>\n<p>&gt; Ak\u0131ll\u0131 H.265+\/H.265\/Ak\u0131ll\u0131 H.264+\/H.264 kod \u00e7\u00f6zme format\u0131<\/p>\n<p>&gt;\u00a0Maks.\u00a0kod \u00e7\u00f6zme yetene\u011fi: 6 \u00d7 1080p@30 fps.\u00a0Uyarlanabilir kod \u00e7\u00f6zmeyi destekler<\/p>\n<p>&gt; Kamera ile AI: \u00e7evre korumas\u0131 ve SMD Plus<\/p>\n<p>&gt;\u00a0\u00dc\u00e7\u00fcnc\u00fc taraf a\u011f kameralar\u0131na ba\u011fl\u0131<\/p>\n<\/div>\n<div>&gt; G\u00fcvenlik temeli 2.1<\/div>\n<div><\/div>\n<div>\n<table id=\"table001\" class=\"NEW-TABLE TableOverride-1 tab-drag\">\n<tbody>\n<tr>\n<td colspan=\"60\"><strong>Sistem<\/strong><\/td>\n<\/tr>\n<tr>\n<td colspan=\"18\">Ana \u0130\u015flemci<\/td>\n<td colspan=\"42\">End\u00fcstriyel s\u0131n\u0131f g\u00f6m\u00fcl\u00fc i\u015flemci<\/td>\n<\/tr>\n<tr>\n<td colspan=\"18\">\u0130\u015fletim sistemi<\/td>\n<td colspan=\"42\">G\u00f6m\u00fcl\u00fc Linux<\/td>\n<\/tr>\n<tr>\n<td colspan=\"18\">\u0130\u015fletim Aray\u00fcz\u00fc<\/td>\n<td colspan=\"42\">A\u011f;\u00a0Yerel GUI<\/td>\n<\/tr>\n<tr>\n<td colspan=\"60\"><strong>AI<\/strong><\/td>\n<\/tr>\n<tr>\n<td colspan=\"18\">Kamera ile Yapay Zeka<\/td>\n<td colspan=\"42\">\u00c7evre korumas\u0131;\u00a0smd art\u0131<\/td>\n<\/tr>\n<tr>\n<td colspan=\"60\"><strong>\u00c7evre Korumas\u0131<\/strong><\/td>\n<\/tr>\n<tr>\n<td colspan=\"18\">Yapay Zekan\u0131n Kamera Taraf\u0131ndan \u00c7evre Performans\u0131 (Kanal Say\u0131s\u0131)<\/td>\n<td colspan=\"42\">4<\/td>\n<\/tr>\n<tr>\n<td colspan=\"60\"><strong>Smd Plus<\/strong><\/td>\n<\/tr>\n<tr>\n<td colspan=\"18\">Kamera ile SMD Plus<\/td>\n<td colspan=\"42\">4 kanall\u0131 SMD Plus (kamera ile yapay zeka), insan ve motorlu ara\u00e7lar i\u00e7in ikincil filtreleme SMD Plus, yapraklar, ya\u011fmur ve \u0131\u015f\u0131k durumu de\u011fi\u015fikli\u011finden kaynaklanan yanl\u0131\u015f alarmlar\u0131 azalt\u0131r<\/td>\n<\/tr>\n<tr>\n<td colspan=\"60\"><strong>Ses ve video<\/strong><\/td>\n<\/tr>\n<tr>\n<td colspan=\"18\">Eri\u015fim Kanal\u0131<\/td>\n<td colspan=\"42\">16 kanal<\/td>\n<\/tr>\n<tr>\n<td colspan=\"18\">\u015eebeke bant geni\u015fli\u011fi<\/td>\n<td colspan=\"42\">Eri\u015fim: 80 Mb\/sn;\u00a0Depolama: 80 Mb\/sn;\u00a0\u0130leri: 60 Mb\/sn<\/td>\n<\/tr>\n<tr>\n<td colspan=\"18\">\u00c7\u00f6z\u00fcn\u00fcrl\u00fck<\/td>\n<td colspan=\"42\">12MP;\u00a08MP;\u00a05MP;\u00a04MP;\u00a03MP;\u00a02MP;\u00a0720p;\u00a0D1<\/td>\n<\/tr>\n<tr>\n<td colspan=\"18\">Kod \u00c7\u00f6zme Yetene\u011fi<\/td>\n<td colspan=\"42\">1 kanall\u0131 12MP@30 fps;\u00a01 kanall\u0131 8MP@30 fps;\u00a02 kanall\u0131 5MP@30 fps;\u00a03 kanall\u0131 4MP@30 fps;\u00a06 kanall\u0131 1080p@30 fps<\/td>\n<\/tr>\n<tr>\n<td colspan=\"18\">Video \u00e7\u0131k\u0131\u015f\u0131<\/td>\n<td colspan=\"42\">1 \u00d7 VGA, 1 \u00d7 HDMI (e\u015fzamanl\u0131)<\/td>\n<\/tr>\n<tr>\n<td colspan=\"18\">\u00c7oklu Ekran<\/td>\n<td colspan=\"42\">1, 4, 8, 9, 16 g\u00f6r\u00fcnt\u00fcleme<\/td>\n<\/tr>\n<tr>\n<td colspan=\"18\">\u00dc\u00e7\u00fcnc\u00fc Taraf Kamera Eri\u015fimi<\/td>\n<td colspan=\"42\">onvif<\/td>\n<\/tr>\n<tr>\n<td colspan=\"60\"><strong>S\u0131k\u0131\u015ft\u0131rma Standard\u0131<\/strong><\/td>\n<\/tr>\n<tr>\n<td colspan=\"18\">Video s\u0131k\u0131\u015ft\u0131rma<\/td>\n<td colspan=\"42\">Ak\u0131ll\u0131 H.265;\u00a0H.265;\u00a0Ak\u0131ll\u0131 H.264;\u00a0H.264<\/td>\n<\/tr>\n<tr>\n<td colspan=\"18\">Ses S\u0131k\u0131\u015ft\u0131rma<\/td>\n<td colspan=\"42\">PCM;\u00a0G711A;\u00a0G711U;\u00a0G726<\/td>\n<\/tr>\n<tr>\n<td colspan=\"60\"><strong>A\u011f<\/strong><\/td>\n<\/tr>\n<tr>\n<td colspan=\"18\">A\u011f Protokol\u00fc<\/td>\n<td colspan=\"42\">HTTP;\u00a0HTTPS;\u00a0TCP\/IP;\u00a0IPv4;\u00a0RTSP;\u00a0UDP;\u00a0NTP;\u00a0DHCP;\u00a0DNS;\u00a0SMTP;\u00a0UPnP;\u00a0IP Filtresi;\u00a0DDNS;\u00a0Alarm Sunucusu;\u00a0IP Arama (Dahua IP kamera, DVR, NVS, vb. destekler);\u00a0P2P<\/td>\n<\/tr>\n<tr>\n<td colspan=\"18\">Cep Telefonu Eri\u015fimi<\/td>\n<td colspan=\"42\">Android;\u00a0iOS<\/td>\n<\/tr>\n<tr>\n<td colspan=\"18\">birlikte \u00e7al\u0131\u015fabilirlik<\/td>\n<td colspan=\"42\">ONVIF (profil T\/S\/G);\u00a0CGI;\u00a0SDK<\/td>\n<\/tr>\n<tr>\n<td colspan=\"18\">Taray\u0131c\u0131<\/td>\n<td colspan=\"42\">Krom;\u00a0IE 9 veya \u00fcst\u00fc;\u00a0Firefox<\/td>\n<\/tr>\n<tr>\n<td colspan=\"60\"><strong>Kay\u0131t Oynatma<\/strong><\/td>\n<\/tr>\n<tr>\n<td colspan=\"18\">\u00c7ok Kanall\u0131 Oynatma<\/td>\n<td colspan=\"42\">16 kanala kadar<\/td>\n<\/tr>\n<tr>\n<td colspan=\"18\">Kay\u0131t modu<\/td>\n<td colspan=\"42\">Manuel kay\u0131t;\u00a0alarm kayd\u0131;\u00a0hareket alg\u0131lama kayd\u0131;\u00a0program kayd\u0131<\/td>\n<\/tr>\n<tr>\n<td colspan=\"18\">Depolama Y\u00f6ntemi<\/td>\n<td colspan=\"42\">Yerel HDD ve a\u011f<\/td>\n<\/tr>\n<tr>\n<td colspan=\"18\">Yedekleme Y\u00f6ntemi<\/td>\n<td colspan=\"42\">USB aleti<\/td>\n<\/tr>\n<tr>\n<td colspan=\"18\">Oynatma \u0130\u015flevi<\/td>\n<td colspan=\"42\">1. Oynat;\u00a0Duraklat;\u00a0durmak;\u00a0ileri sar;\u00a0h\u0131zl\u0131 geri;\u00a0geri sarma;\u00a0kareye g\u00f6re oynat<br \/>\n2. Tam ekran;\u00a0yedekleme (video klip\/dosya);\u00a0k\u0131smen yak\u0131nla\u015ft\u0131r\u0131n;\u00a0ses a\u00e7\u0131k\/kapal\u0131<\/td>\n<\/tr>\n<tr>\n<td colspan=\"60\"><strong>Alarm<\/strong><\/td>\n<\/tr>\n<tr>\n<td colspan=\"18\">Genel Alarm<\/td>\n<td colspan=\"42\">Hareket alg\u0131lama;\u00a0gizlilik maskelemesi;\u00a0g\u00f6r\u00fcnt\u00fc kayb\u0131;\u00a0PIR alarm\u0131<\/td>\n<\/tr>\n<tr>\n<td colspan=\"18\">Anormallik Alarm\u0131<\/td>\n<td colspan=\"42\">Kamera \u00e7evrimd\u0131\u015f\u0131;\u00a0depolama hatas\u0131;\u00a0disk dolu;\u00a0IP \u00e7ak\u0131\u015fmas\u0131;\u00a0MAC \u00e7ak\u0131\u015fmas\u0131;\u00a0oturum a\u00e7ma kilidi;\u00a0siber g\u00fcvenlik istisnas\u0131<\/td>\n<\/tr>\n<tr>\n<td colspan=\"18\">Ak\u0131ll\u0131 Alarm<\/td>\n<td colspan=\"42\">\u00c7evre korumas\u0131;\u00a0smd art\u0131<\/td>\n<\/tr>\n<tr>\n<td colspan=\"18\">Alarm Ba\u011flant\u0131s\u0131<\/td>\n<td colspan=\"42\">Kay\u0131t;\u00a0enstantane foto\u011fraf;\u00a0zil;\u00a0kay\u0131t;\u00a0\u00f6n ayar;\u00a0e-posta;\u00a0tur<\/td>\n<\/tr>\n<tr>\n<td colspan=\"60\"><strong>Port<\/strong><\/td>\n<\/tr>\n<tr>\n<td colspan=\"18\">Ses giri\u015fi<\/td>\n<td colspan=\"42\">1<\/td>\n<\/tr>\n<tr>\n<td colspan=\"18\">Ses \u00e7\u0131k\u0131\u015f\u0131<\/td>\n<td colspan=\"42\">1<\/td>\n<\/tr>\n<tr>\n<td colspan=\"18\">HDD Aray\u00fcz\u00fc<\/td>\n<td colspan=\"42\">16 TBa kadar 1 SATA ba\u011flant\u0131 noktas\u0131.\u00a0Maksimum HDD kapasitesi ortam s\u0131cakl\u0131\u011f\u0131na g\u00f6re de\u011fi\u015fir<\/td>\n<\/tr>\n<tr>\n<td colspan=\"18\">USB<\/td>\n<td colspan=\"42\">1 \u00f6n USB 2.0 ba\u011flant\u0131 noktas\u0131, 1 arka USB 2.0 ba\u011flant\u0131 noktas\u0131<\/td>\n<\/tr>\n<tr>\n<td colspan=\"18\">HDMI<\/td>\n<td colspan=\"42\">1<\/td>\n<\/tr>\n<tr>\n<td colspan=\"18\">VGA<\/td>\n<td colspan=\"42\">1<\/td>\n<\/tr>\n<tr>\n<td colspan=\"18\">A\u011f ba\u011flant\u0131 noktas\u0131<\/td>\n<td colspan=\"42\">1 \u00d7 RJ-45, 10\/100Mbps kendinden uyarlamal\u0131 Ethernet ba\u011flant\u0131 noktas\u0131<\/td>\n<\/tr>\n<tr>\n<td colspan=\"60\"><strong>Genel<\/strong><\/td>\n<\/tr>\n<tr>\n<td colspan=\"18\">G\u00fc\u00e7 kayna\u011f\u0131<\/td>\n<td colspan=\"42\">12 VDC, 1,5 A<\/td>\n<\/tr>\n<tr>\n<td colspan=\"18\">G\u00fc\u00e7 t\u00fcketimi<\/td>\n<td colspan=\"42\">NVRnin toplam \u00e7\u0131k\u0131\u015f\u0131 \u2264 10 W (HDD olmadan)<\/td>\n<\/tr>\n<tr>\n<td colspan=\"18\">Net a\u011f\u0131rl\u0131\u011f\u0131<\/td>\n<td colspan=\"42\">0,81 kg (1,79 lb)<\/td>\n<\/tr>\n<tr>\n<td colspan=\"18\">Br\u00fct a\u011f\u0131rl\u0131k<\/td>\n<td colspan=\"42\">1,33 kg (2,93 lb)<\/td>\n<\/tr>\n<tr>\n<td colspan=\"18\">\u00dcr\u00fcn Boyutlar\u0131<\/td>\n<td colspan=\"42\">260 mm \u00d7 232,7 mm \u00d7 47,6 mm (10,24&#8243; \u00d7 9,16&#8243; \u00d7 1,87&#8243;) (G \u00d7 Uzunluk \u00d7 Y)<\/td>\n<\/tr>\n<tr>\n<td colspan=\"18\">Ambalaj Boyutlar\u0131<\/td>\n<td colspan=\"42\">89 mm \u00d7 333 mm \u00d7 315 mm (3,50&#8243; \u00d7 13,11&#8243; \u00d7 12,40&#8243;) (G \u00d7 Uzunluk \u00d7 Y)<\/td>\n<\/tr>\n<tr>\n<td colspan=\"18\">\u00c7al\u0131\u015fma s\u0131cakl\u0131\u011f\u0131<\/td>\n<td colspan=\"42\">\u201310 \u00b0C &#8211; +55 \u00b0C (\u201314 \u00b0F &#8211; +131 \u00b0F)<\/td>\n<\/tr>\n<tr>\n<td colspan=\"18\">\u00c7al\u0131\u015fma Nemi<\/td>\n<td colspan=\"42\">%10\u2013%93 (BN)<\/td>\n<\/tr>\n<tr>\n<td colspan=\"18\">Kurulum<\/td>\n<td colspan=\"42\">Raf veya masa\u00fcst\u00fc<\/td>\n<\/tr>\n<tr>\n<td colspan=\"18\">sertifikalar<\/td>\n<td colspan=\"42\">CE: EN62368-1;\u00a0EN55032;\u00a0EN55024;\u00a0EN55035;\u00a0EN61000-3-2;\u00a0EN61000-3-3;\u00a0EN50130-4<br \/>\nFCC: K\u0131s\u0131m 15 Alt K\u0131s\u0131m B<\/td>\n<\/tr>\n<\/tbody>\n<\/table>\n<\/div>\n","protected":false},"excerpt":{"rendered":"<table class=\"product-detail\" border=\"0\" width=\"100%\" cellspacing=\"0\" cellpadding=\"0\">\n<tbody>\n<tr>\n<td class=\"product-detail-02\" width=\"34%\">\u00c7\u00f6z\u00fcn\u00fcrl\u00fck:<\/td>\n<td width=\"66%\">\u00a08MP 2160P<\/td>\n<\/tr>\n<tr>\n<td class=\"product-detail-02\" width=\"34%\">HDD Deste\u011fi:<\/td>\n<td width=\"66%\">\u00a01 Adet (Max. 16TB)<\/td>\n<\/tr>\n<tr>\n<td class=\"product-detail-02\" width=\"34%\">Poe Deste\u011fi:<\/td>\n<td width=\"66%\">\u00a0Yok<\/td>\n<\/tr>\n<tr>\n<td class=\"product-detail-02\" width=\"34%\">Video Giri\u015fi:<\/td>\n<td width=\"66%\">\u00a016 Kanal<\/td>\n<\/tr>\n<tr>\n<td class=\"product-detail-02\" width=\"34%\">Video S\u0131k\u0131\u015ft\u0131rma:<\/td>\n<td width=\"66%\">\u00a0H265+<\/td>\n<\/tr>\n<\/tbody>\n<\/table>\n","protected":false},"featured_media":922,"template":"","meta":{"om_disable_all_campaigns":false,"_monsterinsights_skip_tracking":false,"_monsterinsights_sitenote_active":false,"_monsterinsights_sitenote_note":"","_monsterinsights_sitenote_category":0},"product_cat":[58],"product_tag":[],"class_list":{"0":"post-921","1":"product","2":"type-product","3":"status-publish","4":"has-post-thumbnail","6":"product_cat-nvr-kayit-cihazlari","7":"thunk-woo-product-list","8":"opn-qv-enable","9":"top-store-woo-hover-zoom","10":"top-store-single-product-tab-horizontal","11":"top-store-shadow-","12":"top-store-shadow-hover-","14":"first","15":"instock","16":"taxable","17":"shipping-taxable","18":"product-type-simple"},"aioseo_notices":[],"_links":{"self":[{"href":"https:\/\/bilginteknoloji.com\/woo\/wp-json\/wp\/v2\/product\/921","targetHints":{"allow":["GET"]}}],"collection":[{"href":"https:\/\/bilginteknoloji.com\/woo\/wp-json\/wp\/v2\/product"}],"about":[{"href":"https:\/\/bilginteknoloji.com\/woo\/wp-json\/wp\/v2\/types\/product"}],"wp:featuredmedia":[{"embeddable":true,"href":"https:\/\/bilginteknoloji.com\/woo\/wp-json\/wp\/v2\/media\/922"}],"wp:attachment":[{"href":"https:\/\/bilginteknoloji.com\/woo\/wp-json\/wp\/v2\/media?parent=921"}],"wp:term":[{"taxonomy":"product_cat","embeddable":true,"href":"https:\/\/bilginteknoloji.com\/woo\/wp-json\/wp\/v2\/product_cat?post=921"},{"taxonomy":"product_tag","embeddable":true,"href":"https:\/\/bilginteknoloji.com\/woo\/wp-json\/wp\/v2\/product_tag?post=921"}],"curies":[{"name":"wp","href":"https:\/\/api.w.org\/{rel}","templated":true}]}}