{"id":902,"date":"2024-08-15T13:51:06","date_gmt":"2024-08-15T10:51:06","guid":{"rendered":"https:\/\/bilginteknoloji.com\/woo\/?post_type=product&#038;p=902"},"modified":"2024-08-15T13:51:07","modified_gmt":"2024-08-15T10:51:07","slug":"arktek-akd4s8n3200-8gb-ddr4-3200mhz-12v-cl22-notebook-sodimm-ram","status":"publish","type":"product","link":"https:\/\/bilginteknoloji.com\/woo\/urun\/arktek-akd4s8n3200-8gb-ddr4-3200mhz-12v-cl22-notebook-sodimm-ram\/","title":{"rendered":"ARKTEK AKD4S8N3200, 8GB, DDR4, 3200Mhz, 1,2V, CL22, Notebook, SODIMM RAM"},"content":{"rendered":"<div class=\"avia_textblock av_inherit_color \">\n<div>\n<p>+ Bellek Tipi: DDR4<br \/>\n+ Bellek Format\u0131: SO-DIMM<br \/>\n+ Bellek Boyutu: 8GB<br \/>\n+ SPD Voltaj: 1.2V<br \/>\n+ H\u0131z Derecesi: 3200MHz<\/p>\n<\/div>\n<\/div>\n<div class=\"avia_textblock av_inherit_color \">\n<p>genel bak\u0131\u015f<\/p>\n<ul>\n<li>JEDEC Standard\u0131<\/li>\n<li>DDR4 H\u0131z Derecesi: 2400 Mbps<\/li>\n<li>Arabelle\u011fe al\u0131nmam\u0131\u015f DIMM: 260 pimli<\/li>\n<li>16 dahili banka;\u00a0Her biri 4 bankadan olu\u015fan 4 grup<\/li>\n<li>CAS gecikmesi: CL22<\/li>\n<li>Bant geni\u015fli\u011fi: 19200MB\/s<\/li>\n<li>Veri yolu i\u00e7in veri yolu ters \u00e7evirme (DBI)<\/li>\n<li>VDD voltaj\u0131: 1.2V<\/li>\n<li>VDDQ voltaj\u0131: 1.2V<\/li>\n<li>VPP voltaj\u0131: 2.5V<\/li>\n<li>EEPROM ile seri varl\u0131\u011f\u0131 tespit edildi<\/li>\n<li>RoHS Uyumlu<\/li>\n<\/ul>\n<\/div>\n","protected":false},"excerpt":{"rendered":"<table border=\"0\" cellspacing=\"0\" cellpadding=\"0\">\n<tbody>\n<tr>\n<td>\n<table class=\"product-detail\" border=\"0\" width=\"100%\" cellspacing=\"0\" cellpadding=\"0\">\n<tbody>\n<tr>\n<td class=\"product-detail-02\" width=\"34%\">Kapasite:<\/td>\n<td width=\"66%\">\u00a08 GB<\/td>\n<\/tr>\n<tr>\n<td class=\"product-detail-02\" width=\"34%\">Bellek H\u0131z\u0131:<\/td>\n<td width=\"66%\">\u00a03200 MHZ<\/td>\n<\/tr>\n<tr>\n<td class=\"product-detail-02\" width=\"34%\">Bellek Tipi:<\/td>\n<td width=\"66%\">\u00a0DDR4<\/td>\n<\/tr>\n<tr>\n<td class=\"product-detail-02\" width=\"34%\">Voltaj:<\/td>\n<td width=\"66%\">\u00a01.2 V<\/td>\n<\/tr>\n<\/tbody>\n<\/table>\n<\/td>\n<\/tr>\n<\/tbody>\n<\/table>\n","protected":false},"featured_media":903,"template":"","meta":{"om_disable_all_campaigns":false,"_monsterinsights_skip_tracking":false,"_monsterinsights_sitenote_active":false,"_monsterinsights_sitenote_note":"","_monsterinsights_sitenote_category":0},"product_cat":[67],"product_tag":[],"class_list":{"0":"post-902","1":"product","2":"type-product","3":"status-publish","4":"has-post-thumbnail","6":"product_cat-notebook-ramler","7":"thunk-woo-product-list","8":"opn-qv-enable","9":"top-store-woo-hover-zoom","10":"top-store-single-product-tab-horizontal","11":"top-store-shadow-","12":"top-store-shadow-hover-","14":"first","15":"instock","16":"taxable","17":"shipping-taxable","18":"product-type-simple"},"aioseo_notices":[],"_links":{"self":[{"href":"https:\/\/bilginteknoloji.com\/woo\/wp-json\/wp\/v2\/product\/902","targetHints":{"allow":["GET"]}}],"collection":[{"href":"https:\/\/bilginteknoloji.com\/woo\/wp-json\/wp\/v2\/product"}],"about":[{"href":"https:\/\/bilginteknoloji.com\/woo\/wp-json\/wp\/v2\/types\/product"}],"wp:featuredmedia":[{"embeddable":true,"href":"https:\/\/bilginteknoloji.com\/woo\/wp-json\/wp\/v2\/media\/903"}],"wp:attachment":[{"href":"https:\/\/bilginteknoloji.com\/woo\/wp-json\/wp\/v2\/media?parent=902"}],"wp:term":[{"taxonomy":"product_cat","embeddable":true,"href":"https:\/\/bilginteknoloji.com\/woo\/wp-json\/wp\/v2\/product_cat?post=902"},{"taxonomy":"product_tag","embeddable":true,"href":"https:\/\/bilginteknoloji.com\/woo\/wp-json\/wp\/v2\/product_tag?post=902"}],"curies":[{"name":"wp","href":"https:\/\/api.w.org\/{rel}","templated":true}]}}