{"id":895,"date":"2024-08-15T13:44:11","date_gmt":"2024-08-15T10:44:11","guid":{"rendered":"https:\/\/bilginteknoloji.com\/woo\/?post_type=product&#038;p=895"},"modified":"2024-08-15T13:44:12","modified_gmt":"2024-08-15T10:44:12","slug":"kingston-kin-sopc12800l-4g-4gb-1600mhz-ddr3-sodimm-notebook-ram-135v-cl11","status":"publish","type":"product","link":"https:\/\/bilginteknoloji.com\/woo\/urun\/kingston-kin-sopc12800l-4g-4gb-1600mhz-ddr3-sodimm-notebook-ram-135v-cl11\/","title":{"rendered":"KINGSTON KIN-SOPC12800L-4G, 4Gb, 1600Mhz, DDR3, Sodimm Notebook RAM, 1,35V, CL11"},"content":{"rendered":"<p>KINGSTON 4GB 1600MHz DDR3 1.35v LOW VOLTAGE BULK KIN-SOPC12800L-4G NOTEBOOK RAM<\/p>\n<table border=\"3\" cellspacing=\"0\">\n<tbody>\n<tr>\n<td><strong>Kullan\u0131m Tipi<\/strong><\/td>\n<td>Notebook<\/td>\n<\/tr>\n<tr>\n<td><strong>Kapasite<\/strong><\/td>\n<td>4GB<\/td>\n<\/tr>\n<tr>\n<td><strong>Bellek Tipi<\/strong><\/td>\n<td>DDR3<\/td>\n<\/tr>\n<tr>\n<td><strong>Bellek H\u0131z\u0131<\/strong><\/td>\n<td>DDR3-1600<\/td>\n<\/tr>\n<tr>\n<td><strong>Mod\u00fcl \u0130smi<\/strong><\/td>\n<td>PC3L-12800<\/td>\n<\/tr>\n<tr>\n<td><strong>RAM T\u00fcr\u00fc<\/strong><\/td>\n<td>SODIMM<\/td>\n<\/tr>\n<tr>\n<td><strong>CL (CAS) De\u011feri<\/strong><\/td>\n<td>11<\/td>\n<\/tr>\n<tr>\n<td><strong>Voltaj<\/strong><\/td>\n<td>1.35V<\/td>\n<\/tr>\n<tr>\n<td><strong>Sat\u0131\u015f Garanti S\u00fcresi (ay)<\/strong><\/td>\n<td>24<\/td>\n<\/tr>\n<tr>\n<td><strong>EAN<\/strong><\/td>\n<td>KIN-SOPC12800L-4G<\/td>\n<\/tr>\n<\/tbody>\n<\/table>\n","protected":false},"excerpt":{"rendered":"<table class=\"product-detail\" border=\"0\" width=\"100%\" cellspacing=\"0\" cellpadding=\"0\">\n<tbody>\n<tr>\n<td class=\"product-detail-02\" width=\"34%\">Kapasite:<\/td>\n<td width=\"66%\">\u00a04 GB<\/td>\n<\/tr>\n<tr>\n<td class=\"product-detail-02\" width=\"34%\">Bellek H\u0131z\u0131:<\/td>\n<td width=\"66%\">\u00a01600 MHZ<\/td>\n<\/tr>\n<tr>\n<td class=\"product-detail-02\" width=\"34%\">Bellek Tipi:<\/td>\n<td width=\"66%\">\u00a0DDR3<\/td>\n<\/tr>\n<tr>\n<td class=\"product-detail-02\" width=\"34%\">Voltaj:<\/td>\n<td width=\"66%\">\u00a01.35 V<\/td>\n<\/tr>\n<\/tbody>\n<\/table>\n","protected":false},"featured_media":896,"template":"","meta":{"om_disable_all_campaigns":false,"_monsterinsights_skip_tracking":false,"_monsterinsights_sitenote_active":false,"_monsterinsights_sitenote_note":"","_monsterinsights_sitenote_category":0},"product_cat":[67],"product_tag":[],"class_list":{"0":"post-895","1":"product","2":"type-product","3":"status-publish","4":"has-post-thumbnail","6":"product_cat-notebook-ramler","7":"thunk-woo-product-list","8":"opn-qv-enable","9":"top-store-woo-hover-zoom","10":"top-store-single-product-tab-horizontal","11":"top-store-shadow-","12":"top-store-shadow-hover-","14":"first","15":"instock","16":"taxable","17":"shipping-taxable","18":"product-type-simple"},"aioseo_notices":[],"_links":{"self":[{"href":"https:\/\/bilginteknoloji.com\/woo\/wp-json\/wp\/v2\/product\/895","targetHints":{"allow":["GET"]}}],"collection":[{"href":"https:\/\/bilginteknoloji.com\/woo\/wp-json\/wp\/v2\/product"}],"about":[{"href":"https:\/\/bilginteknoloji.com\/woo\/wp-json\/wp\/v2\/types\/product"}],"wp:featuredmedia":[{"embeddable":true,"href":"https:\/\/bilginteknoloji.com\/woo\/wp-json\/wp\/v2\/media\/896"}],"wp:attachment":[{"href":"https:\/\/bilginteknoloji.com\/woo\/wp-json\/wp\/v2\/media?parent=895"}],"wp:term":[{"taxonomy":"product_cat","embeddable":true,"href":"https:\/\/bilginteknoloji.com\/woo\/wp-json\/wp\/v2\/product_cat?post=895"},{"taxonomy":"product_tag","embeddable":true,"href":"https:\/\/bilginteknoloji.com\/woo\/wp-json\/wp\/v2\/product_tag?post=895"}],"curies":[{"name":"wp","href":"https:\/\/api.w.org\/{rel}","templated":true}]}}