{"id":864,"date":"2024-08-14T15:16:40","date_gmt":"2024-08-14T12:16:40","guid":{"rendered":"https:\/\/bilginteknoloji.com\/woo\/?post_type=product&#038;p=864"},"modified":"2024-08-15T10:59:54","modified_gmt":"2024-08-15T07:59:54","slug":"dahua-c600uhd8g32-8gb-ddr4-3200mhz-1-2v-cl22-sogutuculu-desktop-gaming-ram","status":"publish","type":"product","link":"https:\/\/bilginteknoloji.com\/woo\/urun\/dahua-c600uhd8g32-8gb-ddr4-3200mhz-1-2v-cl22-sogutuculu-desktop-gaming-ram\/","title":{"rendered":"DAHUA C600UHD8G32 8Gb DDR4 3200Mhz, 1.2V, CL22, So\u011futuculu, Desktop Gaming RAM"},"content":{"rendered":"<table border=\"0\" width=\"100%\" cellspacing=\"0\" cellpadding=\"0\">\n<tbody>\n<tr>\n<td class=\"urundetayaciklamasi\">\n<h3 class=\"title\">DDR-C600UHD8G32<\/h3>\n<p class=\"text\"><strong>So\u011futuculu Bellek Mod\u00fcl\u00fc<\/strong><\/p>\n<div>&gt; Y\u00fcksek h\u0131zl\u0131 iletimi ve Intel XMP 2.0 tek t\u0131klamayla h\u0131z a\u015f\u0131rtmay\u0131 destekler.<br \/>\n&gt; Ola\u011fan\u00fcst\u00fc performans g\u00f6steren y\u00fcksek kaliteli levhalar.<br \/>\n&gt; Sorunsuz bir deneyim sunan zarif bir RGB metal so\u011futucu ile \u00fcretilmi\u015ftir.<br \/>\n&gt; Farkl\u0131 kapasitelerde mevcuttur.<br \/>\n&gt; G\u00fcvenilir kalite ve \u00f6m\u00fcr boyu garanti.<\/div>\n<div><img decoding=\"async\" src=\"https:\/\/dahuatechnologyturkiye.com\/fotolar\/DDR-C600UHD8G32_1.jpg\" alt=\"\" \/><\/div>\n<table id=\"table001\" class=\"NEW-TABLE TableOverride-1 tab-drag\">\n<tbody>\n<tr>\n<td colspan=\"60\">Teknik<\/td>\n<\/tr>\n<tr>\n<td colspan=\"18\">\u00fcr\u00fcn modeli<\/td>\n<td colspan=\"10\">DHI-DDR-C600<\/p>\n<p>UHD8G32<\/td>\n<td colspan=\"10\">&nbsp;<\/p>\n<p>&nbsp;<\/td>\n<td colspan=\"10\"><\/td>\n<td colspan=\"12\">&nbsp;<\/p>\n<p>&nbsp;<\/td>\n<\/tr>\n<tr>\n<td colspan=\"18\">Kapasite<\/td>\n<td colspan=\"10\">8 GB<\/td>\n<td colspan=\"10\"><\/td>\n<td colspan=\"10\"><\/td>\n<td colspan=\"12\"><\/td>\n<\/tr>\n<tr>\n<td colspan=\"18\">Tip<\/td>\n<td colspan=\"42\">UDIMM<\/td>\n<\/tr>\n<tr>\n<td colspan=\"18\">Uygulanabilir<\/td>\n<td colspan=\"42\">DDR4 Masa\u00fcst\u00fc<\/td>\n<\/tr>\n<tr>\n<td colspan=\"18\">\u00fcr\u00fcn tipi<\/td>\n<td colspan=\"42\">So\u011futuculu Bellek Mod\u00fcl\u00fc<\/td>\n<\/tr>\n<tr>\n<td colspan=\"18\">Gerilim<\/td>\n<td colspan=\"21\">1.2V<\/td>\n<td colspan=\"21\"><\/td>\n<\/tr>\n<tr>\n<td colspan=\"18\">CAS Gecikmesi<\/td>\n<td colspan=\"21\">CL22<\/td>\n<td colspan=\"21\"><\/td>\n<\/tr>\n<tr>\n<td colspan=\"18\">S\u0131kl\u0131k<\/td>\n<td colspan=\"21\">3200 MHz<\/td>\n<td colspan=\"21\"><\/td>\n<\/tr>\n<tr>\n<td colspan=\"18\">Renk<\/td>\n<td colspan=\"10\">Siyah<\/td>\n<td colspan=\"10\"><\/td>\n<td colspan=\"10\"><\/td>\n<td colspan=\"12\"><\/td>\n<\/tr>\n<tr>\n<td colspan=\"18\">Pim Say\u0131s\u0131<\/td>\n<td colspan=\"42\">288<\/td>\n<\/tr>\n<tr>\n<td colspan=\"18\">\u00c7al\u0131\u015fma s\u0131cakl\u0131\u011f\u0131<\/td>\n<td colspan=\"42\">0 \u00b0C ila +70 \u00b0C (32 \u00b0F ila +158 \u00b0F)<\/td>\n<\/tr>\n<tr>\n<td colspan=\"18\">Depolama s\u0131cakl\u0131\u011f\u0131<\/td>\n<td colspan=\"42\">\u201320 \u00b0C ila +85 \u00b0C (\u20134 \u00b0F ila +185 \u00b0F)<\/td>\n<\/tr>\n<tr>\n<td colspan=\"18\">\u00c7al\u0131\u015fma Nemi<\/td>\n<td colspan=\"42\">%25\u2013%85 (RH), yo\u011funla\u015fmayan<\/td>\n<\/tr>\n<tr>\n<td colspan=\"18\">Garanti<\/td>\n<td colspan=\"42\">\u00d6m\u00fcr<\/td>\n<\/tr>\n<tr>\n<td colspan=\"18\">\u00dcr\u00fcn Boyutlar\u0131<\/td>\n<td colspan=\"42\">136,1 mm \u00d7 46,9 mm \u00d7 7,6 mm (5,36&#8243; \u00d7 1,85&#8243; \u00d7 0,30&#8243;) (U \u00d7 G \u00d7 Y)<\/td>\n<\/tr>\n<tr>\n<td colspan=\"18\">Ambalaj Boyutlar\u0131<\/td>\n<td colspan=\"42\">176,6 mm \u00d7 78,9 mm \u00d7 9,5 mm (6,95&#8243; \u00d7 3,11&#8243; \u00d7 0,37&#8243;) (U \u00d7 G \u00d7 Y)<\/td>\n<\/tr>\n<tr>\n<td colspan=\"1\">Net a\u011f\u0131rl\u0131\u011f\u0131<\/td>\n<td colspan=\"42\">65 gr (0,14 lb)<\/td>\n<\/tr>\n<tr>\n<td colspan=\"18\">Br\u00fct a\u011f\u0131rl\u0131k<\/td>\n<td colspan=\"42\">87 gr (0,19 lb)<\/td>\n<\/tr>\n<tr>\n<td colspan=\"18\">Referans bilgisi<\/td>\n<td colspan=\"42\">\u00a0Kal\u0131nl\u0131k en kal\u0131n noktada hesaplan\u0131r.<\/p>\n<p>1. Farkl\u0131 \u00fcr\u00fcn gruplar\u0131 i\u00e7in farkl\u0131 marka ve modellere ait bellek yongalar\u0131 kullan\u0131lacakt\u0131r.\u00a0Kaliteyi sa\u011flamak i\u00e7in t\u00fcm \u00e7ipler s\u0131k\u0131 bir \u015fekilde test edilmi\u015ftir.\u00a0\u00c7ip markas\u0131 ve \u00fc\u00e7\u00fcnc\u00fc taraf yaz\u0131l\u0131mlar\u0131n test sonu\u00e7lar\u0131, \u00fcr\u00fcn\u00fcn orijinal olup olmad\u0131\u011f\u0131na temel olamaz.<\/p>\n<p>2. Ayn\u0131 kapasiteli \u00fcr\u00fcnler, envantere g\u00f6re rastgele g\u00f6nderilecek olan farkl\u0131 say\u0131da \u00e7ip kombinasyonu olabilir.<\/p>\n<p>3. Ayn\u0131 nesildeki bellek mod\u00fclleri i\u00e7in \u00e7al\u0131\u015fma frekans\u0131 geriye d\u00f6n\u00fck olarak uyumludur.\u00a0\u00d6rne\u011fin, DDR4 frekans\u0131 2666 MHz, 3200 MHz, 3600 MHz ve daha fazlas\u0131n\u0131 i\u00e7erir.\u00a03600 MHz frekansl\u0131 bellek mod\u00fcl\u00fc, 3200 MHz veya daha d\u00fc\u015f\u00fck frekansl\u0131 2666 MHzi destekleyen anakartlarda kullan\u0131labilir.<\/td>\n<\/tr>\n<\/tbody>\n<\/table>\n<\/td>\n<\/tr>\n<tr>\n<td class=\"function\"><\/td>\n<\/tr>\n<\/tbody>\n<\/table>\n","protected":false},"excerpt":{"rendered":"<table border=\"0\" cellspacing=\"0\" cellpadding=\"0\">\n<tbody>\n<tr>\n<td>\n<table border=\"0\" width=\"100%\" cellspacing=\"0\" cellpadding=\"0\">\n<tbody>\n<tr>\n<td valign=\"top\" width=\"10\"><img decoding=\"async\" src=\"https:\/\/www.reserbayi.com\/reser\/images\/title-right.png\" alt=\"\" \/><\/td>\n<\/tr>\n<\/tbody>\n<\/table>\n<\/td>\n<\/tr>\n<tr>\n<td class=\"hr-15\"><\/td>\n<\/tr>\n<tr>\n<td>\n<table class=\"product-detail\" border=\"0\" width=\"100%\" cellspacing=\"0\" cellpadding=\"0\">\n<tbody>\n<tr>\n<td class=\"product-detail-02\" width=\"34%\">Bellek Tipi:<\/td>\n<td width=\"66%\">\u00a0DDR4<\/td>\n<\/tr>\n<tr>\n<td class=\"product-detail-02\" width=\"34%\">Kapasite:<\/td>\n<td width=\"66%\">\u00a08 GB<\/td>\n<\/tr>\n<tr>\n<td class=\"product-detail-02\" width=\"34%\">Bellek H\u0131z\u0131:<\/td>\n<td width=\"66%\">\u00a03200 MHZ<\/td>\n<\/tr>\n<tr>\n<td class=\"product-detail-02\" width=\"34%\">So\u011futucu:<\/td>\n<td width=\"66%\">\u00a0VAR<\/td>\n<\/tr>\n<\/tbody>\n<\/table>\n<\/td>\n<\/tr>\n<\/tbody>\n<\/table>\n","protected":false},"featured_media":865,"template":"","meta":{"om_disable_all_campaigns":false,"_monsterinsights_skip_tracking":false,"_monsterinsights_sitenote_active":false,"_monsterinsights_sitenote_note":"","_monsterinsights_sitenote_category":0},"product_cat":[68],"product_tag":[],"class_list":{"0":"post-864","1":"product","2":"type-product","3":"status-publish","4":"has-post-thumbnail","6":"product_cat-desktop-ramler","7":"thunk-woo-product-list","8":"opn-qv-enable","9":"top-store-woo-hover-zoom","10":"top-store-single-product-tab-horizontal","11":"top-store-shadow-","12":"top-store-shadow-hover-","14":"first","15":"instock","16":"taxable","17":"shipping-taxable","18":"product-type-simple"},"aioseo_notices":[],"_links":{"self":[{"href":"https:\/\/bilginteknoloji.com\/woo\/wp-json\/wp\/v2\/product\/864","targetHints":{"allow":["GET"]}}],"collection":[{"href":"https:\/\/bilginteknoloji.com\/woo\/wp-json\/wp\/v2\/product"}],"about":[{"href":"https:\/\/bilginteknoloji.com\/woo\/wp-json\/wp\/v2\/types\/product"}],"wp:featuredmedia":[{"embeddable":true,"href":"https:\/\/bilginteknoloji.com\/woo\/wp-json\/wp\/v2\/media\/865"}],"wp:attachment":[{"href":"https:\/\/bilginteknoloji.com\/woo\/wp-json\/wp\/v2\/media?parent=864"}],"wp:term":[{"taxonomy":"product_cat","embeddable":true,"href":"https:\/\/bilginteknoloji.com\/woo\/wp-json\/wp\/v2\/product_cat?post=864"},{"taxonomy":"product_tag","embeddable":true,"href":"https:\/\/bilginteknoloji.com\/woo\/wp-json\/wp\/v2\/product_tag?post=864"}],"curies":[{"name":"wp","href":"https:\/\/api.w.org\/{rel}","templated":true}]}}