{"id":848,"date":"2024-08-14T15:05:54","date_gmt":"2024-08-14T12:05:54","guid":{"rendered":"https:\/\/bilginteknoloji.com\/woo\/?post_type=product&#038;p=848"},"modified":"2024-08-15T11:24:44","modified_gmt":"2024-08-15T08:24:44","slug":"arktek-akd5s16p5200-16gb-ddr5-4800mhz-135v-cl40-desktop-ram","status":"publish","type":"product","link":"https:\/\/bilginteknoloji.com\/woo\/urun\/arktek-akd5s16p5200-16gb-ddr5-4800mhz-135v-cl40-desktop-ram\/","title":{"rendered":"ARKTEK AKD5S16P5200, 16GB, DDR5, 4800Mhz, 1,35V, CL40, Desktop, RAM"},"content":{"rendered":"<table border=\"0\" width=\"100%\" cellspacing=\"0\" cellpadding=\"0\">\n<tbody>\n<tr>\n<td class=\"urundetayaciklamasi\">\n<h1>DDR5 16GB 4800MHz<\/h1>\n<div class=\"avia_textblock av_inherit_color \">\n<div>\n<p>+ Bellek T\u00fcr\u00fc: DDR5<br \/>\n+ Bellek Format\u0131: DIMM<br \/>\n+ Bellek Boyutu: 16 GB<br \/>\n+ SPD Voltaj: 1,35V<br \/>\n+ H\u0131z De\u011feri: 4800MHz<\/p>\n<\/div>\n<\/div>\n<div class=\"avia_textblock av_inherit_color \">\n<p>Genel Bak\u0131\u015f<\/p>\n<ul>\n<li>JEDEC Standard\u0131<\/li>\n<li>DDR5 H\u0131z Derecesi: 4800 Mbps<\/li>\n<li>Arabelleksiz DIMM: 288 pin<\/li>\n<li>8 dahili banka; Her biri 4 bankadan olu\u015fan 2 grup<\/li>\n<li>CAS gecikmesi: CL36<\/li>\n<li>Veri yolu i\u00e7in veri yolu d\u00f6n\u00fc\u015f\u00fcm\u00fc (DBI)<\/li>\n<li>VDD voltaj\u0131: 1,35V<\/li>\n<li>VDDQ voltaj\u0131: 1,35V<\/li>\n<li>VPP voltaj\u0131: 1,8V<\/li>\n<li>EEPROM ile seri varl\u0131k alg\u0131land\u0131<\/li>\n<li>RoHS Uyumlu<\/li>\n<\/ul>\n<\/div>\n<div class=\"avia_textblock av_inherit_color \">\n<h2><strong>\u00d6zellikler<\/strong><\/h2>\n<\/div>\n<div class=\"hr hr-invisible avia-builder-el-17 el_after_av_textblock el_before_av_textblock \"><span class=\"hr-inner \"><span class=\"hr-inner-style\">\u00a0<\/span><\/span><\/div>\n<div class=\"avia_textblock av_inherit_color \">\n<div id=\"footable_parent_6610\" class=\"footable_parent ninja_table_wrapper wp_table_data_press_parent bootstrap3 colored_table\">\n<table id=\"footable_6610\" class=\"foo-table ninja_footable foo_table_6610 ninja_table_unique_id_269980370_6610 table nt_type_legacy_table ninja_custom_color inverted footable-paging-center ninja_table_search_disabled ninja_table_pro footable footable-1 footable-paging breakpoint-lg\">\n<colgroup>\n<col class=\"ninja_column_0 \" \/>\n<col class=\"ninja_column_1 \" \/>\n<col class=\"ninja_column_2 \" \/><\/colgroup>\n<thead>\n<tr class=\"footable-header\">\n<th class=\"ninja_column_0 ninja_clmn_nm_ninja_column_1 footable-first-visible\" scope=\"col\"><\/th>\n<th class=\"ninja_column_1 ninja_clmn_nm_ninja_column_2\" scope=\"col\"><\/th>\n<th class=\"ninja_column_2 ninja_clmn_nm_nvidiageforcertx27 footable-last-visible\" scope=\"col\">DDR5 16GB 4800MHZ<\/th>\n<\/tr>\n<\/thead>\n<tbody>\n<tr class=\"ninja_table_row_0 nt_row_id_2771\">\n<td class=\"ninja_column_0 ninja_clmn_nm_ninja_column_1 footable-first-visible\"><\/td>\n<td class=\"ninja_column_1 ninja_clmn_nm_ninja_column_2\">CPU Deste\u011fi<\/td>\n<td class=\"ninja_column_2 ninja_clmn_nm_nvidiageforcertx27 footable-last-visible\">Intel ve AMD i\u015flemciler<\/td>\n<\/tr>\n<tr class=\"ninja_table_row_1 nt_row_id_2772\">\n<td class=\"ninja_column_0 ninja_clmn_nm_ninja_column_1 footable-first-visible\"><\/td>\n<td class=\"ninja_column_1 ninja_clmn_nm_ninja_column_2\">Chipset<\/td>\n<td class=\"ninja_column_2 ninja_clmn_nm_nvidiageforcertx27 footable-last-visible\">MICRON\/HYNIX\/SAMSUNG<\/td>\n<\/tr>\n<tr class=\"ninja_table_row_2 nt_row_id_2773\">\n<td class=\"ninja_column_0 ninja_clmn_nm_ninja_column_1 footable-first-visible\"><\/td>\n<td class=\"ninja_column_1 ninja_clmn_nm_ninja_column_2\">Memory Tipi<\/td>\n<td class=\"ninja_column_2 ninja_clmn_nm_nvidiageforcertx27 footable-last-visible\">DDR5<\/td>\n<\/tr>\n<tr class=\"ninja_table_row_3 nt_row_id_2774\">\n<td class=\"ninja_column_0 ninja_clmn_nm_ninja_column_1 footable-first-visible\"><\/td>\n<td class=\"ninja_column_1 ninja_clmn_nm_ninja_column_2\">Memory Format<\/td>\n<td class=\"ninja_column_2 ninja_clmn_nm_nvidiageforcertx27 footable-last-visible\">DIMM<\/td>\n<\/tr>\n<tr class=\"ninja_table_row_4 nt_row_id_2775\">\n<td class=\"ninja_column_0 ninja_clmn_nm_ninja_column_1 footable-first-visible\"><\/td>\n<td class=\"ninja_column_1 ninja_clmn_nm_ninja_column_2\">Memory Kapasite<\/td>\n<td class=\"ninja_column_2 ninja_clmn_nm_nvidiageforcertx27 footable-last-visible\">16GB<\/td>\n<\/tr>\n<tr class=\"ninja_table_row_5 nt_row_id_2776\">\n<td class=\"ninja_column_0 ninja_clmn_nm_ninja_column_1 footable-first-visible\"><\/td>\n<td class=\"ninja_column_1 ninja_clmn_nm_ninja_column_2\">SPD Voltage<\/td>\n<td class=\"ninja_column_2 ninja_clmn_nm_nvidiageforcertx27 footable-last-visible\">1.35V<\/td>\n<\/tr>\n<tr class=\"ninja_table_row_6 nt_row_id_2777\">\n<td class=\"ninja_column_0 ninja_clmn_nm_ninja_column_1 footable-first-visible\"><\/td>\n<td class=\"ninja_column_1 ninja_clmn_nm_ninja_column_2\">H\u0131z De\u011ferlendirmesi<\/td>\n<td class=\"ninja_column_2 ninja_clmn_nm_nvidiageforcertx27 footable-last-visible\">4800MHz<\/td>\n<\/tr>\n<tr class=\"ninja_table_row_7 nt_row_id_2778\">\n<td class=\"ninja_column_0 ninja_clmn_nm_ninja_column_1 footable-first-visible\"><\/td>\n<td class=\"ninja_column_1 ninja_clmn_nm_ninja_column_2\">UL De\u011ferlendirmesi<\/td>\n<td class=\"ninja_column_2 ninja_clmn_nm_nvidiageforcertx27 footable-last-visible\">94V &#8211; 0<\/td>\n<\/tr>\n<tr class=\"ninja_table_row_8 nt_row_id_2779\">\n<td class=\"ninja_column_0 ninja_clmn_nm_ninja_column_1 footable-first-visible\"><\/td>\n<td class=\"ninja_column_1 ninja_clmn_nm_ninja_column_2\">Operasyon S\u0131cakl\u0131\u011f\u0131<\/td>\n<td class=\"ninja_column_2 ninja_clmn_nm_nvidiageforcertx27 footable-last-visible\">0 &#8211; +85<\/td>\n<\/tr>\n<tr class=\"ninja_table_row_9 nt_row_id_2781\">\n<td class=\"ninja_column_0 ninja_clmn_nm_ninja_column_1 footable-first-visible\"><\/td>\n<td class=\"ninja_column_1 ninja_clmn_nm_ninja_column_2\">Depolama S\u0131cakl\u0131\u011f\u0131<\/td>\n<td class=\"ninja_column_2 ninja_clmn_nm_nvidiageforcertx27 footable-last-visible\">-55 &#8211; +100<\/td>\n<\/tr>\n<\/tbody>\n<\/table>\n<\/div>\n<\/div>\n<\/td>\n<\/tr>\n<tr>\n<td class=\"function\"><\/td>\n<\/tr>\n<\/tbody>\n<\/table>\n","protected":false},"excerpt":{"rendered":"<table class=\"product-detail\" border=\"0\" width=\"100%\" cellspacing=\"0\" cellpadding=\"0\">\n<tbody>\n<tr>\n<td class=\"product-detail-02\" width=\"34%\">Bellek Tipi:<\/td>\n<td width=\"66%\">\u00a0DDR5<\/td>\n<\/tr>\n<tr>\n<td class=\"product-detail-02\" width=\"34%\">Kapasite:<\/td>\n<td width=\"66%\">\u00a016 GB<\/td>\n<\/tr>\n<tr>\n<td class=\"product-detail-02\" width=\"34%\">Bellek H\u0131z\u0131:<\/td>\n<td width=\"66%\">\u00a04800 MHZ<\/td>\n<\/tr>\n<tr>\n<td class=\"product-detail-02\" width=\"34%\">So\u011futucu:<\/td>\n<td width=\"66%\">\u00a0YOK<\/td>\n<\/tr>\n<\/tbody>\n<\/table>\n","protected":false},"featured_media":849,"template":"","meta":{"om_disable_all_campaigns":false,"_monsterinsights_skip_tracking":false,"_monsterinsights_sitenote_active":false,"_monsterinsights_sitenote_note":"","_monsterinsights_sitenote_category":0},"product_cat":[68],"product_tag":[],"class_list":{"0":"post-848","1":"product","2":"type-product","3":"status-publish","4":"has-post-thumbnail","6":"product_cat-desktop-ramler","7":"thunk-woo-product-list","8":"opn-qv-enable","9":"top-store-woo-hover-zoom","10":"top-store-single-product-tab-horizontal","11":"top-store-shadow-","12":"top-store-shadow-hover-","14":"first","15":"instock","16":"taxable","17":"shipping-taxable","18":"product-type-simple"},"aioseo_notices":[],"_links":{"self":[{"href":"https:\/\/bilginteknoloji.com\/woo\/wp-json\/wp\/v2\/product\/848","targetHints":{"allow":["GET"]}}],"collection":[{"href":"https:\/\/bilginteknoloji.com\/woo\/wp-json\/wp\/v2\/product"}],"about":[{"href":"https:\/\/bilginteknoloji.com\/woo\/wp-json\/wp\/v2\/types\/product"}],"wp:featuredmedia":[{"embeddable":true,"href":"https:\/\/bilginteknoloji.com\/woo\/wp-json\/wp\/v2\/media\/849"}],"wp:attachment":[{"href":"https:\/\/bilginteknoloji.com\/woo\/wp-json\/wp\/v2\/media?parent=848"}],"wp:term":[{"taxonomy":"product_cat","embeddable":true,"href":"https:\/\/bilginteknoloji.com\/woo\/wp-json\/wp\/v2\/product_cat?post=848"},{"taxonomy":"product_tag","embeddable":true,"href":"https:\/\/bilginteknoloji.com\/woo\/wp-json\/wp\/v2\/product_tag?post=848"}],"curies":[{"name":"wp","href":"https:\/\/api.w.org\/{rel}","templated":true}]}}