{"id":840,"date":"2024-08-14T15:01:39","date_gmt":"2024-08-14T12:01:39","guid":{"rendered":"https:\/\/bilginteknoloji.com\/woo\/?post_type=product&#038;p=840"},"modified":"2024-08-15T11:30:54","modified_gmt":"2024-08-15T08:30:54","slug":"kingston-kvr32n22d8-16-16gb-3200mhz-ddr4-cl22-desktop-ram","status":"publish","type":"product","link":"https:\/\/bilginteknoloji.com\/woo\/urun\/kingston-kvr32n22d8-16-16gb-3200mhz-ddr4-cl22-desktop-ram\/","title":{"rendered":"KINGSTON KVR32N22D8\/16 16Gb, 3200Mhz, DDR4, CL22, Desktop RAM"},"content":{"rendered":"<div class=\"product-detail-content\">\n<div class=\"phPart\">\n<p class=\"phHeader\">Kingston ValueRAM KVR32N22D8\/16 16GB (1x16GB) DDR4 3200MHz CL22 Ram Genel \u00d6zellikler<\/p>\n<\/div>\n<div class=\"phPart\">\n<p class=\"phBanner\"><img decoding=\"async\" src=\"https:\/\/www.detayresimler.com\/urun\/K\/K163200-B09.jpg\" alt=\"\" \/><\/p>\n<\/div>\n<div class=\"phPart\">\n<div class=\"phLine\"><span class=\"phText\">Kingston ValueRAM KVR32N22D8\/16 Ram\u00a0<\/span><\/div>\n<ul class=\"phList\">\n<li>DDR4 Ram<\/li>\n<li>3200MHz h\u0131z<\/li>\n<li>16 GB kapasite<\/li>\n<li>1.2V d\u00fc\u015f\u00fck \u00e7al\u0131\u015fma voltaj\u0131<\/li>\n<\/ul>\n<div class=\"phLineBreak\"><img decoding=\"async\" src=\"https:\/\/www.detayresimler.com\/urun\/K\/K163200-B09_1.jpg\" alt=\"\" \/><\/div>\n<\/div>\n<div class=\"phPart\">\n<div class=\"phLine\"><span class=\"phText\">Kingston ValueRAMKingston, \u00e7ok g\u00fcvenilir, y\u00fcksek performansl\u0131 masa\u00fcst\u00fc bellekleri sunmakta ve d\u00fcnyadaki herhangi bir \u015firketten daha fazla y\u00fckseltme ama\u00e7l\u0131 masa\u00fcst\u00fc\u00a0bilgisayar\u00a0belle\u011fi satmaktad\u0131r.<\/span><\/div>\n<div class=\"phLineBreak\"><\/div>\n<\/div>\n<div class=\"phPart\">\n<div class=\"phLine\">\n<div class=\"phImage\"><img decoding=\"async\" src=\"https:\/\/www.detayresimler.com\/urun\/K\/K163200-B09_2.jpg\" alt=\"\" \/><\/div>\n<p><span class=\"phText\">Performans\u0131 Artt\u0131r\u0131rSisteminizde gecikme ya\u015fan\u0131yor ya da bir program tepki vermiyor ya da y\u00fcklenmiyorsa, belle\u011finiz az olabilir. G\u00fcndelik g\u00f6revlerde d\u00fc\u015f\u00fck performans ya da &#8220;bellek bitti&#8221; gibi \u00e7ok bariz olmayan belirtiler ya\u015f\u0131yor olabilirsiniz.<\/span><\/p>\n<p>G\u00fcvenilir bir Kingston ValueRAM bellek ekleyin ve \u00fcretkenli\u011finizin artmas\u0131n\u0131 izleyin: sayfalar\u0131n\u0131z daha h\u0131zl\u0131 y\u00fcklenecek ve yeni uygulamalar \u00e7ok daha kolay ve h\u0131zl\u0131 ba\u015flat\u0131lacakt\u0131r.<\/p>\n<\/div>\n<div class=\"phLineBreak\"><\/div>\n<\/div>\n<div class=\"phPart\">\n<div class=\"phLine\">\n<p><span class=\"phText\">Kendi\u00a0PCnizi Olu\u015fturunKendi makinenizi olu\u015fturmay\u0131 m\u0131 d\u00fc\u015f\u00fcn\u00fcyorsunuz? Bir sistemde tam olarak istedi\u011finizi elde etmenin harika bir yoludur. Ba\u015flamadan \u00f6nce anakart\u0131n\u0131z\u0131n teknolojisini d\u00fc\u015f\u00fcn\u00fcn. DDR3 ya da DDR4 m\u00fc?\u00a0Anakart\u00a0\u00fczerinde ka\u00e7 DRAM yuvas\u0131 var? Mod\u00fcllerin ikili, \u00fc\u00e7l\u00fc ya da d\u00f6rtl\u00fc gruplar halinde mi tak\u0131lmas\u0131 gerekiyor? Belle\u011finizin hangi h\u0131zda \u00e7al\u0131\u015fmas\u0131n\u0131 istiyorsunuz? DIMM mi yoksa SO-DIMM\u2019e mi ihtiyac\u0131n\u0131z var?<\/span><\/p>\n<p>Bu sorular\u0131 yan\u0131tlayarak, neye ihtiyac\u0131n\u0131z oldu\u011funu ve hangi Kingston belle\u011fin sisteminizde en iyi \u015fekilde \u00e7al\u0131\u015faca\u011f\u0131 konusunda daha iyi fikre sahip olacaks\u0131n\u0131z.<\/p>\n<div class=\"phImage\"><img decoding=\"async\" src=\"https:\/\/www.detayresimler.com\/urun\/K\/K163200-B09_3.jpg\" alt=\"\" \/><\/div>\n<\/div>\n<div class=\"phLineBreak\"><\/div>\n<\/div>\n<div class=\"phPart\">\n<div class=\"phLine\">\n<div class=\"phImage\"><img decoding=\"async\" src=\"https:\/\/www.detayresimler.com\/urun\/K\/K163200-B09_4.jpg\" alt=\"\" \/><\/div>\n<p><span class=\"phText\">ValueRAM &#8211; Daha Y\u00fcksek H\u0131zlar Art\u0131k Elinizde!Kingston, end\u00fcstri standard\u0131 belleklerde en iyi de\u011feri arayanlar i\u00e7in ideal, \u00e7ok g\u00fcvenilir, y\u00fcksek performansl\u0131 ValueRAM masa\u00fcst\u00fc\u00a0bilgisayar\u00a0belle\u011fi sunmaktad\u0131r.<\/span><\/p>\n<\/div>\n<div class=\"phLineBreak\"><\/div>\n<\/div>\n<div class=\"phPart\">\n<p class=\"phBanner\"><img decoding=\"async\" src=\"https:\/\/www.detayresimler.com\/urun\/K\/K163200-B09_5.jpg\" alt=\"\" \/><\/p>\n<\/div>\n<div class=\"phPart\">\n<p><span class=\"phSpecHeader\">Teknik \u00d6zellikler<\/span><\/p>\n<div class=\"phSpec\">\n<div>MarkaKingston<\/div>\n<div>ModelValueRAM<\/div>\n<div>\u00dcr\u00fcn KoduKVR32N22D8\/16<\/div>\n<div>Form Fakt\u00f6r\u00fcDIMM<\/div>\n<div>Kullan\u0131m TipiPC<\/div>\n<div>Bellek T\u00fcr\u00fcDDR4<\/div>\n<div>Bellek H\u0131z\u01313200 MHz<\/div>\n<div>Kapasite16 GB<\/div>\n<div>Kit TipiTek Mod\u00fcl (1&#215;16 GB)<\/div>\n<div>CAS Gecikme De\u011feriCL22<\/div>\n<div>Pin288-pin<\/div>\n<div>Voltaj1.2V<\/div>\n<div>So\u011futucuYok<\/div>\n<div>RGBYok<\/div>\n<div>\u00c7al\u0131\u015fma S\u0131cakl\u0131\u011f\u01310\u00b0C ~ 85\u00b0C<\/div>\n<div>Depolama S\u0131cakl\u0131\u011f\u0131-55\u00b0C ~ 100\u00b0C<\/div>\n<\/div>\n<\/div>\n<\/div>\n<div id=\"ozellikler\" class=\"properties-table\">\n<h2>Kingston ValueRAM KVR32N22D8\/16 16GB (1x16GB) DDR4 3200MHz CL22 Ram (Bellek) \u00d6zellikleri<\/h2>\n<ul>\n<li>Kullan\u0131m TipiPC<\/li>\n<li>Bellek T\u00fcrleriDDR4<\/li>\n<li>Bellek Kapasitesi16 GB<\/li>\n<li>Bellek H\u0131z\u01313200 MHz<\/li>\n<li>Gecikme S\u00fcresiCL 22<\/li>\n<li>Kit Tipi1 x 16 GB<\/li>\n<li>Pin288 Pin<\/li>\n<li>So\u011futucuYok<\/li>\n<li>Garanti24 Ay<\/li>\n<\/ul>\n<\/div>\n","protected":false},"excerpt":{"rendered":"<table class=\"product-detail\" border=\"0\" width=\"100%\" cellspacing=\"0\" cellpadding=\"0\">\n<tbody>\n<tr>\n<td class=\"product-detail-02\" width=\"34%\">Bellek Tipi:<\/td>\n<td width=\"66%\">\u00a0DDR4<\/td>\n<\/tr>\n<tr>\n<td class=\"product-detail-02\" width=\"34%\">Kapasite:<\/td>\n<td width=\"66%\">\u00a016 GB<\/td>\n<\/tr>\n<tr>\n<td class=\"product-detail-02\" width=\"34%\">Bellek H\u0131z\u0131:<\/td>\n<td width=\"66%\">\u00a03200 MHZ<\/td>\n<\/tr>\n<tr>\n<td class=\"product-detail-02\" width=\"34%\">So\u011futucu:<\/td>\n<td width=\"66%\">\u00a0YOK<\/td>\n<\/tr>\n<\/tbody>\n<\/table>\n","protected":false},"featured_media":841,"template":"","meta":{"om_disable_all_campaigns":false,"_monsterinsights_skip_tracking":false,"_monsterinsights_sitenote_active":false,"_monsterinsights_sitenote_note":"","_monsterinsights_sitenote_category":0},"product_cat":[68],"product_tag":[],"class_list":{"0":"post-840","1":"product","2":"type-product","3":"status-publish","4":"has-post-thumbnail","6":"product_cat-desktop-ramler","7":"thunk-woo-product-list","8":"opn-qv-enable","9":"top-store-woo-hover-zoom","10":"top-store-single-product-tab-horizontal","11":"top-store-shadow-","12":"top-store-shadow-hover-","14":"first","15":"instock","16":"taxable","17":"shipping-taxable","18":"product-type-simple"},"aioseo_notices":[],"_links":{"self":[{"href":"https:\/\/bilginteknoloji.com\/woo\/wp-json\/wp\/v2\/product\/840","targetHints":{"allow":["GET"]}}],"collection":[{"href":"https:\/\/bilginteknoloji.com\/woo\/wp-json\/wp\/v2\/product"}],"about":[{"href":"https:\/\/bilginteknoloji.com\/woo\/wp-json\/wp\/v2\/types\/product"}],"wp:featuredmedia":[{"embeddable":true,"href":"https:\/\/bilginteknoloji.com\/woo\/wp-json\/wp\/v2\/media\/841"}],"wp:attachment":[{"href":"https:\/\/bilginteknoloji.com\/woo\/wp-json\/wp\/v2\/media?parent=840"}],"wp:term":[{"taxonomy":"product_cat","embeddable":true,"href":"https:\/\/bilginteknoloji.com\/woo\/wp-json\/wp\/v2\/product_cat?post=840"},{"taxonomy":"product_tag","embeddable":true,"href":"https:\/\/bilginteknoloji.com\/woo\/wp-json\/wp\/v2\/product_tag?post=840"}],"curies":[{"name":"wp","href":"https:\/\/api.w.org\/{rel}","templated":true}]}}