{"id":833,"date":"2024-08-14T14:16:08","date_gmt":"2024-08-14T11:16:08","guid":{"rendered":"https:\/\/bilginteknoloji.com\/woo\/?post_type=product&#038;p=833"},"modified":"2024-08-15T11:31:29","modified_gmt":"2024-08-15T08:31:29","slug":"hiksemi-hiker-hsc516u62z1-16gb-ddr5-6200mhz-cl40-desktop-ram-by-hikvision","status":"publish","type":"product","link":"https:\/\/bilginteknoloji.com\/woo\/urun\/hiksemi-hiker-hsc516u62z1-16gb-ddr5-6200mhz-cl40-desktop-ram-by-hikvision\/","title":{"rendered":"HIKSEMI HIKER, HSC516U62Z1, 16GB, DDR5, 6200Mhz, CL40, Desktop, RAM (By Hikvision)"},"content":{"rendered":"<table border=\"0\" width=\"612\" cellspacing=\"0\" cellpadding=\"0\">\n<tbody>\n<tr>\n<td class=\"xl66\" width=\"612\" height=\"28\"><strong>G\u0130R\u0130\u015e<\/strong><\/td>\n<\/tr>\n<tr>\n<td class=\"xl65\" height=\"21\">Hiksemi bellek mod\u00fcl\u00fc HIKER UDIMM bir DDR5 bellektir.<\/td>\n<\/tr>\n<tr>\n<td class=\"xl65\" height=\"21\">Bellek Mod\u00fcl\u00fc, orijinal ve y\u00fcksek kaliteli par\u00e7ac\u0131klardan yap\u0131lm\u0131\u015ft\u0131r.<\/td>\n<\/tr>\n<tr>\n<td class=\"xl65\" height=\"21\">\u00dcst\u00fcn \u00fcretim teknolojisi ile y\u00fcksek uyumluluk ve istikrarl\u0131 \u00e7al\u0131\u015f\u0131r.<\/td>\n<\/tr>\n<tr>\n<td class=\"xl65\" height=\"21\">HIKSEMI Bellekleri uygun maliyetli ve y\u00fcksek performansl\u0131d\u0131r.<\/td>\n<\/tr>\n<tr>\n<td class=\"xl65\" height=\"21\">Yayg\u0131n olarak PC kurulumlar\u0131, \u00e7e\u015fitli y\u00fcksek bant geni\u015fli\u011fi, y\u00fcksek performans i\u00e7in kullan\u0131l\u0131r<\/td>\n<\/tr>\n<tr>\n<td class=\"xl65\" height=\"21\">Sistem uygulamalar\u0131 ile sorunsuz ve y\u00fcksek h\u0131zla \u00e7al\u0131\u015f\u0131r.<\/td>\n<\/tr>\n<tr>\n<td class=\"xl65\" height=\"21\">Windows ve Linux i\u015fletim sistemleri ile uyumludur.<\/td>\n<\/tr>\n<tr>\n<td class=\"xl65\" height=\"21\">AMD ve INTEL i\u015flemciler ile uyumludur, sorunsuz \u00e7al\u0131\u015f\u0131r.<\/td>\n<\/tr>\n<tr>\n<td class=\"xl65\" height=\"21\"><\/td>\n<\/tr>\n<tr>\n<td class=\"xl66\" height=\"28\"><strong>\u00d6ZELL\u0130KLER<\/strong><\/td>\n<\/tr>\n<tr>\n<td class=\"xl65\" height=\"21\">Uygun Maliyetli.<\/td>\n<\/tr>\n<tr>\n<td class=\"xl65\" height=\"21\">Sistemlerinizin daha istikrarl\u0131 \u00e7al\u0131\u015fmas\u0131 ve daha iyi performans g\u00f6stermesi i\u00e7in<\/td>\n<\/tr>\n<tr>\n<td class=\"xl65\" height=\"21\">orijinal chipsetli \u00fcr\u00fcnleri kullan\u0131n. Hiksemi her zaman orijinal chipset kullan\u0131r.<\/td>\n<\/tr>\n<tr>\n<td class=\"xl65\" height=\"21\">\u0130yi uyumluluk daha iyiye, \u0130yi performans daha iyi performansa\u2026<\/td>\n<\/tr>\n<tr>\n<td class=\"xl65\" height=\"21\"><\/td>\n<\/tr>\n<tr>\n<td class=\"xl66\" height=\"28\"><strong>\u015eARTNAME<\/strong><\/td>\n<\/tr>\n<tr>\n<td class=\"xl65\" height=\"21\">Ad\u0131 : HIKSEMI HIKER UDIMM DDR5<\/td>\n<\/tr>\n<tr>\n<td class=\"xl65\" height=\"21\">Kapasite : 16GB<\/td>\n<\/tr>\n<tr>\n<td class=\"xl65\" height=\"21\">Aray\u00fcz : DDR5<\/td>\n<\/tr>\n<tr>\n<td class=\"xl65\" height=\"21\">Frekans: 6200Mhz<\/td>\n<\/tr>\n<tr>\n<td class=\"xl65\" height=\"21\">Pin: 288<\/td>\n<\/tr>\n<tr>\n<td class=\"xl65\" height=\"21\">Boyut (UxGxY mm) : 133,25&#215;31,25&#215;3,77<\/td>\n<\/tr>\n<tr>\n<td class=\"xl65\" height=\"21\">\u00c7al\u0131\u015fma S\u0131cakl\u0131\u011f\u0131 : 0 \u00b0C ila 85 \u00b0C (32 \u00b0F ila 185 \u00b0F)<\/td>\n<\/tr>\n<tr>\n<td class=\"xl65\" height=\"21\">Garanti : \u00d6m\u00fcr Boyu (S\u0131n\u0131rl\u0131 Garanti)<\/td>\n<\/tr>\n<tr>\n<td class=\"xl65\" height=\"21\">A\u011f\u0131rl\u0131k : 15g<\/td>\n<\/tr>\n<\/tbody>\n<\/table>\n","protected":false},"excerpt":{"rendered":"<table class=\"product-detail\" border=\"0\" width=\"100%\" cellspacing=\"0\" cellpadding=\"0\">\n<tbody>\n<tr>\n<td class=\"product-detail-02\" width=\"34%\">Bellek Tipi:<\/td>\n<td width=\"66%\">\u00a0DDR5<\/td>\n<\/tr>\n<tr>\n<td class=\"product-detail-02\" width=\"34%\">Kapasite:<\/td>\n<td width=\"66%\">\u00a016 GB<\/td>\n<\/tr>\n<tr>\n<td class=\"product-detail-02\" width=\"34%\">Bellek H\u0131z\u0131:<\/td>\n<td width=\"66%\">\u00a06200 MHZ<\/td>\n<\/tr>\n<tr>\n<td class=\"product-detail-02\" width=\"34%\">So\u011futucu:<\/td>\n<td width=\"66%\">\u00a0YOK<\/td>\n<\/tr>\n<\/tbody>\n<\/table>\n","protected":false},"featured_media":834,"template":"","meta":{"om_disable_all_campaigns":false,"_monsterinsights_skip_tracking":false,"_monsterinsights_sitenote_active":false,"_monsterinsights_sitenote_note":"","_monsterinsights_sitenote_category":0},"product_cat":[68],"product_tag":[],"class_list":{"0":"post-833","1":"product","2":"type-product","3":"status-publish","4":"has-post-thumbnail","6":"product_cat-desktop-ramler","7":"thunk-woo-product-list","8":"opn-qv-enable","9":"top-store-woo-hover-zoom","10":"top-store-single-product-tab-horizontal","11":"top-store-shadow-","12":"top-store-shadow-hover-","14":"first","15":"instock","16":"taxable","17":"shipping-taxable","18":"product-type-simple"},"aioseo_notices":[],"_links":{"self":[{"href":"https:\/\/bilginteknoloji.com\/woo\/wp-json\/wp\/v2\/product\/833","targetHints":{"allow":["GET"]}}],"collection":[{"href":"https:\/\/bilginteknoloji.com\/woo\/wp-json\/wp\/v2\/product"}],"about":[{"href":"https:\/\/bilginteknoloji.com\/woo\/wp-json\/wp\/v2\/types\/product"}],"wp:featuredmedia":[{"embeddable":true,"href":"https:\/\/bilginteknoloji.com\/woo\/wp-json\/wp\/v2\/media\/834"}],"wp:attachment":[{"href":"https:\/\/bilginteknoloji.com\/woo\/wp-json\/wp\/v2\/media?parent=833"}],"wp:term":[{"taxonomy":"product_cat","embeddable":true,"href":"https:\/\/bilginteknoloji.com\/woo\/wp-json\/wp\/v2\/product_cat?post=833"},{"taxonomy":"product_tag","embeddable":true,"href":"https:\/\/bilginteknoloji.com\/woo\/wp-json\/wp\/v2\/product_tag?post=833"}],"curies":[{"name":"wp","href":"https:\/\/api.w.org\/{rel}","templated":true}]}}