{"id":815,"date":"2024-08-14T12:43:51","date_gmt":"2024-08-14T09:43:51","guid":{"rendered":"https:\/\/bilginteknoloji.com\/woo\/?post_type=product&#038;p=815"},"modified":"2024-08-15T11:46:45","modified_gmt":"2024-08-15T08:46:45","slug":"twinmos-mdd48gb2666d-8gb-ddr4-2666mhz-1-2v-desktop-ram","status":"publish","type":"product","link":"https:\/\/bilginteknoloji.com\/woo\/urun\/twinmos-mdd48gb2666d-8gb-ddr4-2666mhz-1-2v-desktop-ram\/","title":{"rendered":"TwinMOS MDD48GB2666D, 8GB, DDR4, 2666MHz, 1.2V Desktop Ram"},"content":{"rendered":"<p>TwinMOS DDR4 8GB 2666MHz Desktop Ram<\/p>\n<p>\u2022 DDR4 \/ U-DIMM<br \/>\n\u2022 Frekans H\u0131z\u0131: 2666 MHz<br \/>\n\u2022 Voltaj: 1.2V<br \/>\n\u2022 Gecikme de\u011feri : CL19<br \/>\n\u2022 Kullan\u0131m tipi: Desktop PC<br \/>\n\u2022 \u00dcretim yeri: Taiwan<br \/>\n\u2022 Garanti: \u00dcr\u00fcn \u00f6mr\u00fc boyunca<br \/>\n\u2022 Bellek kategorisinde 20 y\u0131l\u0131n \u00fczerinde deneyim (1998\u2019den beri)<\/p>\n<p><img decoding=\"async\" src=\"http:\/\/www.detayresimler.com\/urun\/B\/B082666-T06.jpg\" alt=\"\" \/><\/p>\n","protected":false},"excerpt":{"rendered":"<table class=\"product-detail\" border=\"0\" width=\"100%\" cellspacing=\"0\" cellpadding=\"0\">\n<tbody>\n<tr>\n<td class=\"product-detail-02\" width=\"34%\">Bellek Tipi:<\/td>\n<td width=\"66%\">\u00a0DDR4<\/td>\n<\/tr>\n<tr>\n<td class=\"product-detail-02\" width=\"34%\">Kapasite:<\/td>\n<td width=\"66%\">\u00a08 GB<\/td>\n<\/tr>\n<tr>\n<td class=\"product-detail-02\" width=\"34%\">Bellek H\u0131z\u0131:<\/td>\n<td width=\"66%\">\u00a02666 MHZ<\/td>\n<\/tr>\n<tr>\n<td class=\"product-detail-02\" width=\"34%\">So\u011futucu:<\/td>\n<td width=\"66%\">\u00a0YOK<\/td>\n<\/tr>\n<\/tbody>\n<\/table>\n","protected":false},"featured_media":816,"template":"","meta":{"om_disable_all_campaigns":false,"_monsterinsights_skip_tracking":false,"_monsterinsights_sitenote_active":false,"_monsterinsights_sitenote_note":"","_monsterinsights_sitenote_category":0},"product_cat":[68],"product_tag":[],"class_list":{"0":"post-815","1":"product","2":"type-product","3":"status-publish","4":"has-post-thumbnail","6":"product_cat-desktop-ramler","7":"thunk-woo-product-list","8":"opn-qv-enable","9":"top-store-woo-hover-zoom","10":"top-store-single-product-tab-horizontal","11":"top-store-shadow-","12":"top-store-shadow-hover-","14":"first","15":"instock","16":"taxable","17":"shipping-taxable","18":"product-type-simple"},"aioseo_notices":[],"_links":{"self":[{"href":"https:\/\/bilginteknoloji.com\/woo\/wp-json\/wp\/v2\/product\/815","targetHints":{"allow":["GET"]}}],"collection":[{"href":"https:\/\/bilginteknoloji.com\/woo\/wp-json\/wp\/v2\/product"}],"about":[{"href":"https:\/\/bilginteknoloji.com\/woo\/wp-json\/wp\/v2\/types\/product"}],"wp:featuredmedia":[{"embeddable":true,"href":"https:\/\/bilginteknoloji.com\/woo\/wp-json\/wp\/v2\/media\/816"}],"wp:attachment":[{"href":"https:\/\/bilginteknoloji.com\/woo\/wp-json\/wp\/v2\/media?parent=815"}],"wp:term":[{"taxonomy":"product_cat","embeddable":true,"href":"https:\/\/bilginteknoloji.com\/woo\/wp-json\/wp\/v2\/product_cat?post=815"},{"taxonomy":"product_tag","embeddable":true,"href":"https:\/\/bilginteknoloji.com\/woo\/wp-json\/wp\/v2\/product_tag?post=815"}],"curies":[{"name":"wp","href":"https:\/\/api.w.org\/{rel}","templated":true}]}}