{"id":806,"date":"2024-08-14T12:31:06","date_gmt":"2024-08-14T09:31:06","guid":{"rendered":"https:\/\/bilginteknoloji.com\/woo\/?post_type=product&#038;p=806"},"modified":"2024-08-15T11:58:45","modified_gmt":"2024-08-15T08:58:45","slug":"twinmos-tmmdd416gb3200dkbx6-16gb-ddr4-3200mhz-1-2v-tornadox6-desktop-ram-sogutuculu","status":"publish","type":"product","link":"https:\/\/bilginteknoloji.com\/woo\/urun\/twinmos-tmmdd416gb3200dkbx6-16gb-ddr4-3200mhz-1-2v-tornadox6-desktop-ram-sogutuculu\/","title":{"rendered":"TwinMOS TMMDD416GB3200DKBX6, 16GB, DDR4, 3200MHz, 1.2V, TornadoX6, Desktop Ram (So\u011futuculu)"},"content":{"rendered":"<p><span style=\"vertical-align: inherit;\"><span style=\"vertical-align: inherit;\">TwinMOS DDR4 16GB 3200MHz CL22 TornadoX6 Masa\u00fcst\u00fc Ram (So\u011futuculu)<\/span><\/span><\/p>\n<p><span style=\"vertical-align: inherit;\"><span style=\"vertical-align: inherit;\">\u2022 Oyun bilgisayarlar\u0131 ve y\u00fcksek performans performanslar\u0131 i\u00e7in ideal \u00e7\u00f6z\u00fcm <\/span><\/span><br \/>\n<span style=\"vertical-align: inherit;\"><span style=\"vertical-align: inherit;\">\u2022 DDR4 \/ U-DIMM <\/span><\/span><br \/>\n<span style=\"vertical-align: inherit;\"><span style=\"vertical-align: inherit;\">\u2022 Kullan\u0131m tipi : Masa\u00fcst\u00fc PC <\/span><\/span><br \/>\n<span style=\"vertical-align: inherit;\"><span style=\"vertical-align: inherit;\">\u2022 Frekans h\u0131z\u0131 : 3200 MHz <\/span><\/span><br \/>\n<span style=\"vertical-align: inherit;\"><span style=\"vertical-align: inherit;\">\u2022 Kapasite : 16GB <\/span><\/span><br \/>\n<span style=\"vertical-align: inherit;\"><span style=\"vertical-align: inherit;\">\u2022 Gecikme de\u011feri : CL22 <\/span><\/span><br \/>\n<span style=\"vertical-align: inherit;\"><span style=\"vertical-align: inherit;\">\u2022 Voltaj : 1.2V <\/span><\/span><br \/>\n<span style=\"vertical-align: inherit;\"><span style=\"vertical-align: inherit;\">\u2022 So\u011futucu : Var <\/span><\/span><br \/>\n<span style=\"vertical-align: inherit;\"><span style=\"vertical-align: inherit;\">\u2022 \u00dcretim yeri : Tayvan <\/span><\/span><br \/>\n<span style=\"vertical-align: inherit;\"><span style=\"vertical-align: inherit;\">\u2022 Garanti : \u00dcr\u00fcn \u00f6mr\u00fc boyunca <\/span><\/span><br \/>\n<span style=\"vertical-align: inherit;\"><span style=\"vertical-align: inherit;\">\u2022 Bellek kalitesinde 20 y\u0131l \u00fczerinde deneyim (1998&#8217;den beri)<\/span><\/span><\/p>\n<p><img decoding=\"async\" src=\"https:\/\/www.detayresimler.com\/urun\/B\/B163200-T12.jpg\" alt=\"\" \/><\/p>\n","protected":false},"excerpt":{"rendered":"<table class=\"product-detail\" border=\"0\" width=\"100%\" cellspacing=\"0\" cellpadding=\"0\">\n<tbody>\n<tr>\n<td class=\"product-detail-02\" width=\"34%\"><span style=\"vertical-align: inherit;\"><span style=\"vertical-align: inherit;\">Bellek Tipi:<\/span><\/span><\/td>\n<td width=\"66%\"><span style=\"vertical-align: inherit;\"><span style=\"vertical-align: inherit;\">\u00a0DDR4<\/span><\/span><\/td>\n<\/tr>\n<tr>\n<td class=\"product-detail-02\" width=\"34%\"><span style=\"vertical-align: inherit;\"><span style=\"vertical-align: inherit;\">Kapasite:<\/span><\/span><\/td>\n<td width=\"66%\"><span style=\"vertical-align: inherit;\"><span style=\"vertical-align: inherit;\">\u00a016 GB<\/span><\/span><\/td>\n<\/tr>\n<tr>\n<td class=\"product-detail-02\" width=\"34%\"><span style=\"vertical-align: inherit;\"><span style=\"vertical-align: inherit;\">Bellek:<\/span><\/span><\/td>\n<td width=\"66%\"><span style=\"vertical-align: inherit;\"><span style=\"vertical-align: inherit;\">\u00a03200MHZ<\/span><\/span><\/td>\n<\/tr>\n<tr>\n<td class=\"product-detail-02\" width=\"34%\"><span style=\"vertical-align: inherit;\"><span style=\"vertical-align: inherit;\">So\u011futucu:<\/span><\/span><\/td>\n<td width=\"66%\"><span style=\"vertical-align: inherit;\"><span style=\"vertical-align: inherit;\">\u00a0VAR<\/span><\/span><\/td>\n<\/tr>\n<\/tbody>\n<\/table>\n","protected":false},"featured_media":807,"template":"","meta":{"om_disable_all_campaigns":false,"_monsterinsights_skip_tracking":false,"_monsterinsights_sitenote_active":false,"_monsterinsights_sitenote_note":"","_monsterinsights_sitenote_category":0},"product_cat":[68],"product_tag":[],"class_list":{"0":"post-806","1":"product","2":"type-product","3":"status-publish","4":"has-post-thumbnail","6":"product_cat-desktop-ramler","7":"thunk-woo-product-list","8":"opn-qv-enable","9":"top-store-woo-hover-zoom","10":"top-store-single-product-tab-horizontal","11":"top-store-shadow-","12":"top-store-shadow-hover-","14":"first","15":"instock","16":"taxable","17":"shipping-taxable","18":"product-type-simple"},"aioseo_notices":[],"_links":{"self":[{"href":"https:\/\/bilginteknoloji.com\/woo\/wp-json\/wp\/v2\/product\/806","targetHints":{"allow":["GET"]}}],"collection":[{"href":"https:\/\/bilginteknoloji.com\/woo\/wp-json\/wp\/v2\/product"}],"about":[{"href":"https:\/\/bilginteknoloji.com\/woo\/wp-json\/wp\/v2\/types\/product"}],"wp:featuredmedia":[{"embeddable":true,"href":"https:\/\/bilginteknoloji.com\/woo\/wp-json\/wp\/v2\/media\/807"}],"wp:attachment":[{"href":"https:\/\/bilginteknoloji.com\/woo\/wp-json\/wp\/v2\/media?parent=806"}],"wp:term":[{"taxonomy":"product_cat","embeddable":true,"href":"https:\/\/bilginteknoloji.com\/woo\/wp-json\/wp\/v2\/product_cat?post=806"},{"taxonomy":"product_tag","embeddable":true,"href":"https:\/\/bilginteknoloji.com\/woo\/wp-json\/wp\/v2\/product_tag?post=806"}],"curies":[{"name":"wp","href":"https:\/\/api.w.org\/{rel}","templated":true}]}}