{"id":757,"date":"2024-08-13T18:42:00","date_gmt":"2024-08-13T15:42:00","guid":{"rendered":"https:\/\/bilginteknoloji.com\/woo\/?post_type=product&#038;p=757"},"modified":"2024-08-13T18:42:00","modified_gmt":"2024-08-13T15:42:00","slug":"dell-latitude-3520-n066l352015emea_u-i5-1135g7-156-fhd-16gb-ram-512gb-ssd-paylasimli-ekran-karti-free-dos-kurumsal-notebook","status":"publish","type":"product","link":"https:\/\/bilginteknoloji.com\/woo\/urun\/dell-latitude-3520-n066l352015emea_u-i5-1135g7-156-fhd-16gb-ram-512gb-ssd-paylasimli-ekran-karti-free-dos-kurumsal-notebook\/","title":{"rendered":"DELL LATITUDE 3520, N066L352015EMEA_U, i5-1135G7, 15,6&#8243; FHD, 16Gb Ram, 512Gb SSD, Payla\u015f\u0131ml\u0131 Ekran Kart\u0131, Free Dos, Kurumsal Notebook"},"content":{"rendered":"<div class=\"urun_aciklama\">\n<h2 class=\"sub-title\">Dell Latitude 3520 i5-1135G7 16GB 512GB SSD 15.6 FHD Ubuntu<\/h2>\n<div class=\"img\"><img decoding=\"async\" src=\"https:\/\/www.detayresimler.com\/urun\/L\/L3520-066L.jpg\" alt=\"\" \/><\/p>\n<h3 class=\"sub-title\">ExpressConnect<\/h3>\n<p>Sorunsuz Wi-Fi deneyimi. ExpressConnect otomatik olarak ofisinizdeki en g\u00fc\u00e7l\u00fc eri\u015fim noktas\u0131na kat\u0131l\u0131r1 ve \u00e7al\u0131\u015ft\u0131\u011f\u0131n\u0131z her yerde konferans uygulamalar\u0131 i\u00e7in bant geni\u015fli\u011fine \u00f6ncelik verir.<\/p>\n<h3 class=\"sub-title\">ExpressResponse<\/h3>\n<p>Intel\u00ae Adaptix Teknolojisi ile en \u00f6nemli uygulamalar\u0131n\u0131za \u00f6ncelik vererek daha h\u0131zl\u0131 a\u00e7\u0131lmalar\u0131n\u0131 ve daha iyi performans g\u00f6stermelerini sa\u011flay\u0131n.<\/p>\n<h3 class=\"sub-title\">ExpressCharge<\/h3>\n<p>Dell Optimizer \u00e7al\u0131\u015fma zaman\u0131n\u0131 uzat\u0131r ve sizin d\u00fczeninize uyum sa\u011flayarak pil performans\u0131n\u0131 art\u0131r\u0131r ve saatte %80\u2019e kadar \u015farj olur.<\/p>\n<h3 class=\"sub-title\">Ak\u0131ll\u0131 Ses<\/h3>\n<p>Ayn\u0131 odadaym\u0131\u015fs\u0131n\u0131z gibi i\u015f birli\u011fi i\u00e7inde \u00e7al\u0131\u015f\u0131n. Ak\u0131ll\u0131 Ses, ses kalitenizi art\u0131r\u0131r ve arka plandaki g\u00fcr\u00fclt\u00fcleri azalt\u0131r, b\u00f6ylece herkes i\u00e7in daha iyi bir konferans deneyimi yaratarak i\u015fitmenizi ve duyulman\u0131z\u0131 sa\u011flar.<\/p>\n<\/div>\n<div class=\"item right\"><img decoding=\"async\" src=\"https:\/\/www.detayresimler.com\/urun\/L\/L3520-066L_1.jpg\" alt=\"\" \/><\/p>\n<h3 class=\"sub-title\">H\u0131zl\u0131 performans<\/h3>\n<p>11. Nesil Intel\u00ae TGL-U Celeron Core\u00a0i7 i\u015flemciler; i\u015fletmelere performans, y\u00f6netilebilirlik, yerle\u015fik g\u00fcvenlik \u00f6zellikleri ve Intel\u00ae kararl\u0131l\u0131\u011f\u0131n\u0131 sunarken gelecekte olabileceklerden etkilenmeyen bir yol haritas\u0131na uyum sa\u011flar. \u0130ste\u011fe ba\u011fl\u0131 NVIDIA MX450 ile grafik a\u00e7\u0131s\u0131ndan yo\u011fun uygulamalar\u0131 indirin ve sorunsuz bir \u015fekilde \u00e7al\u0131\u015ft\u0131r\u0131n.<\/p>\n<h3 class=\"sub-title\">\u0130stedi\u011finiz yerden ba\u011flan\u0131n<\/h3>\n<p>eSIM teknolojisi ve 450 MB\/sn\u2019ye varan iste\u011fe ba\u011fl\u0131 LTE mobil geni\u015f bant h\u0131zlar\u0131 sayesinde hareket halindeyken sorunsuz bir \u015fekilde \u00e7al\u0131\u015f\u0131n. Intel\u00ae Wi-Fi 6 \u00f6zelli\u011fi g\u00fcvenilir ba\u011flant\u0131 ve y\u00fcksek h\u0131z\u0131n yan\u0131 s\u0131ra bilgisayarlara ve kablosuz a\u011flara yeni nesil g\u00fcvenlik sa\u011flar.<\/p>\n<h3 class=\"sub-title\">Her amaca uygun ba\u011flant\u0131 noktalar\u0131<\/h3>\n<p>Hem 2 adet USB 3.2 2. Nesil Type-C\u00a0ba\u011flant\u0131 noktas\u0131 hem de HDMI ve RJ45 gibi eski ba\u011flant\u0131 noktalar\u0131 da dahil olmak \u00fczere, mevcut ba\u011flant\u0131 noktalar\u0131 daha fazla monit\u00f6r ve aksesuarla uyumludur.<\/p>\n<h3 class=\"sub-title\">T\u00fcm g\u00fcn g\u00fcce sahip olun<\/h3>\n<p>D\u00fc\u015f\u00fck yo\u011funluklu, 3C ve 4C pil paketi se\u00e7enekleriyle verimlili\u011fi art\u0131r\u0131r.<\/p>\n<\/div>\n<div class=\"item left\"><img decoding=\"async\" src=\"https:\/\/www.detayresimler.com\/urun\/L\/L3520-066L_2.jpg\" alt=\"\" \/><\/p>\n<h3 class=\"sub-title\">B\u00fcy\u00fcleyici tasar\u0131m<\/h3>\n<p>Yeni daha koyu bir kaplamaya, parlak yan y\u00fczeylere ve ince bir \u00e7er\u00e7eveye sahip Latitude 3520 daha k\u00fc\u00e7\u00fck ve daha hafiftir.<\/p>\n<h3 class=\"sub-title\">Y\u00fckseltilmi\u015f klavye<\/h3>\n<p>Daha b\u00fcy\u00fck u\u00e7tan uca klavye, tu\u015f tak\u0131m\u0131 ve %10 daha b\u00fcy\u00fck dokunmatik y\u00fczey ile yazmak ve navigasyon her zamankinden daha kolayd\u0131r.<\/p>\n<h3 class=\"sub-title\">Geli\u015fmi\u015f ekran<\/h3>\n<p>250 nit Tam HD ekran panelleriyle daha parlak bir g\u00f6r\u00fcn\u00fcm kazan\u0131n.<\/p>\n<h3 class=\"sub-title\">Gizlilik kapa\u011f\u0131<\/h3>\n<p>Kamera i\u00e7in mekanik bir gizlilik kapa\u011f\u0131yla ek g\u00fcvenlik sunar.<\/p>\n<\/div>\n<div class=\"img\"><img decoding=\"async\" src=\"https:\/\/www.detayresimler.com\/urun\/L\/L3520-066L_3.jpg\" alt=\"\" \/><\/p>\n<h3 class=\"sub-title\">Ba\u011flant\u0131 Noktalar\u0131 ve Yuvalar<\/h3>\n<ul>\n<li>1. \u0130ste\u011fe ba\u011fl\u0131 uSim kart tepsisi<\/li>\n<li>2. uSD 3.0 kart okuyucu yuvas\u0131<\/li>\n<li>3. Ses jak\u0131<\/li>\n<li>4. USB 2.0<\/li>\n<li>5. USB 3.2 (1. Nesil) Type-A ba\u011flant\u0131 noktas\u0131<\/li>\n<li>6. Durum LEDine sahip RJ-45<\/li>\n<li>7. Saplamal\u0131 kilit yuvas\u0131<\/li>\n<li>8. G\u00fc\u00e7 giri\u015fi, durum LEDine sahip 4,5 mm silindir<\/li>\n<li>9. HDMI 1.4<\/li>\n<li>10. USB 3.2 (1. Nesil) Type-A ba\u011flant\u0131 noktas\u0131<\/li>\n<li>11. USB 3.2 (2. Nesil) x2 Type-C\u00a0ba\u011flant\u0131 noktas\u0131, DisplayPort Alt modu ile<\/li>\n<\/ul>\n<\/div>\n<div class=\"img\"><img decoding=\"async\" src=\"https:\/\/www.detayresimler.com\/urun\/L\/L3520-066L_4.jpg\" alt=\"\" \/><\/p>\n<h3 class=\"sub-title\">Boyutlar ve A\u011f\u0131rl\u0131k<\/h3>\n<p>1. Y\u00fckseklik: 18,06 mm (0,71&#8243;) | 2. Geni\u015flik: 361 mm (14,2&#8243;) | 3. Derinlik: 240,9mm (9,5&#8243;) | Ba\u015flang\u0131\u00e7 a\u011f\u0131rl\u0131\u011f\u0131: 1,78kg (3,93lb)<\/p>\n<\/div>\n<\/div>\n<div class=\"extra_specs\">\n<div class=\"extra_spec\">\n<h3>\u0130\u015flemci \u00d6zellikleri<\/h3>\n<table>\n<tbody>\n<tr>\n<td class=\"baslik\">\u0130\u015flemci<\/td>\n<td>Intel Core i5<\/td>\n<\/tr>\n<tr>\n<td class=\"baslik\">\u0130\u015flemci Nesli<\/td>\n<td>11.Nesil<\/td>\n<\/tr>\n<tr>\n<td class=\"baslik\">\u0130\u015flemci Modeli<\/td>\n<td>i5-1135G7<\/td>\n<\/tr>\n<tr>\n<td class=\"baslik\">Temel Frekans<\/td>\n<td>2.40GHz<\/td>\n<\/tr>\n<tr>\n<td class=\"baslik\">Turbo Frekans<\/td>\n<td>4.20GHz<\/td>\n<\/tr>\n<tr>\n<td class=\"baslik\">\u00d6nbellek<\/td>\n<td>8MB<\/td>\n<\/tr>\n<tr>\n<td class=\"baslik\">\u00c7ekirdek Say\u0131s\u0131<\/td>\n<td>D\u00f6rt \u00c7ekirdek<\/td>\n<\/tr>\n<tr>\n<td class=\"baslik\">Intel vPro Deste\u011fi<\/td>\n<td>Yok<\/td>\n<\/tr>\n<tr>\n<td class=\"baslik\">\u0130\u015flemci Grafik Serisi<\/td>\n<td>Intel Iris Xe<\/td>\n<\/tr>\n<tr>\n<td class=\"baslik\">\u0130\u015flemci Grafik Modeli<\/td>\n<td>Intel Iris X<\/td>\n<\/tr>\n<\/tbody>\n<\/table>\n<\/div>\n<div class=\"extra_spec\">\n<h3>Bellek \u00d6zellikleri<\/h3>\n<table>\n<tbody>\n<tr>\n<td class=\"baslik\">Sistem Belle\u011fi (Gb)<\/td>\n<td>16GB<\/td>\n<\/tr>\n<tr>\n<td class=\"baslik\">Bellek T\u00fcr\u00fc<\/td>\n<td>DDR4 3200MHz<\/td>\n<\/tr>\n<tr>\n<td class=\"baslik\">Bellek D\u00fczeni<\/td>\n<td>2 x 8GB<\/td>\n<\/tr>\n<tr>\n<td class=\"baslik\">Max.Bellek<\/td>\n<td>32GB<\/td>\n<\/tr>\n<tr>\n<td class=\"baslik\">Toplam Bellek Slotu<\/td>\n<td>2<\/td>\n<\/tr>\n<\/tbody>\n<\/table>\n<\/div>\n<div class=\"extra_spec\">\n<h3>Depolama \u00d6zellikleri<\/h3>\n<table>\n<tbody>\n<tr>\n<td class=\"baslik\">Sabit Disk<\/td>\n<td>Yok<\/td>\n<\/tr>\n<tr>\n<td class=\"baslik\">SSD<\/td>\n<td>512GB<\/td>\n<\/tr>\n<tr>\n<td class=\"baslik\">SSD Slotu<\/td>\n<td>PCIe NVMe<\/td>\n<\/tr>\n<\/tbody>\n<\/table>\n<\/div>\n<div class=\"extra_spec\">\n<h3>Grafik \u00d6zellikleri<\/h3>\n<table>\n<tbody>\n<tr>\n<td class=\"baslik\">Ekran Kart\u0131<\/td>\n<td>Payla\u015f\u0131ml\u0131<\/td>\n<\/tr>\n<tr>\n<td class=\"baslik\">Grafik Serisi<\/td>\n<td>Intel UHD<\/td>\n<\/tr>\n<tr>\n<td class=\"baslik\">Grafik \u0130\u015flemcisi<\/td>\n<td>Intel UHD G7<\/td>\n<\/tr>\n<tr>\n<td class=\"baslik\">Grafik Geni\u015fli\u011fi<\/td>\n<td>Yok<\/td>\n<\/tr>\n<tr>\n<td class=\"baslik\">Grafik Yap\u0131s\u0131<\/td>\n<td>Yok<\/td>\n<\/tr>\n<\/tbody>\n<\/table>\n<\/div>\n<div class=\"extra_spec\">\n<h3>Ekran \u00d6zellikleri<\/h3>\n<table>\n<tbody>\n<tr>\n<td class=\"baslik\">Ekran Boyutu<\/td>\n<td>15.0 &#8211; 15.6 inc<\/td>\n<\/tr>\n<tr>\n<td class=\"baslik\">Dokunmatik Ekran<\/td>\n<td>Yok<\/td>\n<\/tr>\n<tr>\n<td class=\"baslik\">\u00c7\u00f6z\u00fcn\u00fcrl\u00fck Bi\u00e7imi<\/td>\n<td>Full HD<\/td>\n<\/tr>\n<tr>\n<td class=\"baslik\">\u00c7\u00f6z\u00fcn\u00fcrl\u00fck<\/td>\n<td>1920 x 1080<\/td>\n<\/tr>\n<tr>\n<td class=\"baslik\">Ekran \u00d6zelli\u011fi<\/td>\n<td>LCD<\/td>\n<\/tr>\n<tr>\n<td class=\"baslik\">Yenileme H\u0131z\u0131<\/td>\n<td>60 Hz<\/td>\n<\/tr>\n<\/tbody>\n<\/table>\n<\/div>\n<div class=\"extra_spec\">\n<h3>Ba\u011flant\u0131lar<\/h3>\n<table>\n<tbody>\n<tr>\n<td class=\"baslik\">Wi-Fi<\/td>\n<td>Intel AX201 WiFi 6 (2&#215;2)<\/td>\n<\/tr>\n<tr>\n<td class=\"baslik\">Bluetooth<\/td>\n<td>Versiyon 5.1<\/td>\n<\/tr>\n<tr>\n<td class=\"baslik\">Ethernet<\/td>\n<td>Gigabit (1000 Mbps)<\/td>\n<\/tr>\n<tr>\n<td class=\"baslik\">Hdm\u0131<\/td>\n<td>Versiyon 1.4<\/td>\n<\/tr>\n<tr>\n<td class=\"baslik\">Video Portu<\/td>\n<td>Yok<\/td>\n<\/tr>\n<tr>\n<td class=\"baslik\">TPM<\/td>\n<td>Var<\/td>\n<\/tr>\n<tr>\n<td class=\"baslik\">Type-C<\/td>\n<td>1<\/td>\n<\/tr>\n<tr>\n<td class=\"baslik\">Usb 2.0<\/td>\n<td>1<\/td>\n<\/tr>\n<tr>\n<td class=\"baslik\">Usb 3.0<\/td>\n<td>Yok<\/td>\n<\/tr>\n<tr>\n<td class=\"baslik\">Usb 3.1<\/td>\n<td>Yok<\/td>\n<\/tr>\n<tr>\n<td class=\"baslik\">Usb 3.2<\/td>\n<td>1<\/td>\n<\/tr>\n<tr>\n<td class=\"baslik\">Kart Okuyucu<\/td>\n<td>Var<\/td>\n<\/tr>\n<\/tbody>\n<\/table>\n<\/div>\n<div class=\"extra_spec\">\n<h3>Dahili \u00d6zellikler<\/h3>\n<table>\n<tbody>\n<tr>\n<td class=\"baslik\">\u0130\u015fletim Sistemi<\/td>\n<td>Linux<\/td>\n<\/tr>\n<tr>\n<td class=\"baslik\">Webcam<\/td>\n<td>Var<\/td>\n<\/tr>\n<tr>\n<td class=\"baslik\">Ses<\/td>\n<td>Dahili Hoparl\u00f6r<\/td>\n<\/tr>\n<tr>\n<td class=\"baslik\">Optik Okuyucu<\/td>\n<td>Yok<\/td>\n<\/tr>\n<tr>\n<td class=\"baslik\">Touchpad<\/td>\n<td>\u00c7oklu dokunmatik harekete duyarl\u0131<\/td>\n<\/tr>\n<tr>\n<td class=\"baslik\">Klavye D\u00fczeni<\/td>\n<td>Numerik Q TR<\/td>\n<\/tr>\n<tr>\n<td class=\"baslik\">Klavye \u00d6zelli\u011fi<\/td>\n<td>Arkadan Ayd\u0131nlatmal\u0131<\/td>\n<\/tr>\n<tr>\n<td class=\"baslik\">Pil Teknolojisi<\/td>\n<td>4 h\u00fccreli pil<\/td>\n<\/tr>\n<tr>\n<td class=\"baslik\">Garanti Tipi<\/td>\n<td>Yerinde Teknik Servis<\/td>\n<\/tr>\n<\/tbody>\n<\/table>\n<\/div>\n<div class=\"extra_spec\">\n<h3>Fiziksel \u00d6zellikler<\/h3>\n<table>\n<tbody>\n<tr>\n<td class=\"baslik\">Malzeme<\/td>\n<td>Al\u00fcminyum<\/td>\n<\/tr>\n<tr>\n<td class=\"baslik\">Renk<\/td>\n<td>Siyah<\/td>\n<\/tr>\n<tr>\n<td class=\"baslik\">Paket \u0130\u00e7eri\u011fi<\/td>\n<td>Notebook, \u015earj Aleti<\/td>\n<\/tr>\n<tr>\n<td class=\"baslik\">A\u011f\u0131rl\u0131k<\/td>\n<td>1 kg &#8211; 2 kg<\/td>\n<\/tr>\n<\/tbody>\n<\/table>\n<\/div>\n<\/div>\n<div class=\"urun_ozellikler\">\n<table>\n<tbody>\n<tr>\n<th colspan=\"2\">Di\u011fer \u00d6zellikler<\/th>\n<\/tr>\n<tr>\n<td class=\"baslik\">Stok Kodu<\/td>\n<td>N066L352015EMEA-U<\/td>\n<\/tr>\n<tr>\n<td class=\"baslik\">Marka<\/td>\n<td>Dell<\/td>\n<\/tr>\n<tr>\n<td class=\"baslik\">Stat\u00fc<\/td>\n<td>Kurumsal \u00dcr\u00fcn<\/td>\n<\/tr>\n<tr>\n<td class=\"baslik\">Garanti (Y\u0131l)<\/td>\n<td>3<\/td>\n<\/tr>\n<\/tbody>\n<\/table>\n<\/div>\n","protected":false},"excerpt":{"rendered":"<table class=\"product-detail\" border=\"0\" width=\"100%\" cellspacing=\"0\" cellpadding=\"0\">\n<tbody>\n<tr>\n<td class=\"product-detail-02\" width=\"34%\">\u0130\u015flemci:<\/td>\n<td width=\"66%\">\u00a0INTEL<\/td>\n<\/tr>\n<tr>\n<td class=\"product-detail-02\" width=\"34%\">\u0130\u015flemci Tipi:<\/td>\n<td width=\"66%\">\u00a0INTEL CORE I5<\/td>\n<\/tr>\n<tr>\n<td class=\"product-detail-02\" width=\"34%\">Bellek:<\/td>\n<td width=\"66%\">\u00a016 GB<\/td>\n<\/tr>\n<tr>\n<td class=\"product-detail-02\" width=\"34%\">Depolama Alan\u0131 SSD:<\/td>\n<td width=\"66%\">\u00a0512 GB<\/td>\n<\/tr>\n<tr>\n<td class=\"product-detail-02\" width=\"34%\">Ekran Kart\u0131 Tipi:<\/td>\n<td width=\"66%\">\u00a0PAYLASIMLI<\/td>\n<\/tr>\n<tr>\n<td class=\"product-detail-02\" width=\"34%\">Ekran Kart\u0131 GPU:<\/td>\n<td width=\"66%\">\u00a0INTEL Dahili GPU<\/td>\n<\/tr>\n<tr>\n<td class=\"product-detail-02\" width=\"34%\">Ekran Kart\u0131 Bellek:<\/td>\n<td width=\"66%\">\u00a0PAYLASIMLI<\/td>\n<\/tr>\n<tr>\n<td class=\"product-detail-02\" width=\"34%\">Ekran Boyutu:<\/td>\n<td width=\"66%\">\u00a015,6 in\u00e7<\/td>\n<\/tr>\n<tr>\n<td class=\"product-detail-02\" width=\"34%\">Ekran \u00c7\u00f6z\u00fcn\u00fcrl\u00fc\u011f\u00fc:<\/td>\n<td width=\"66%\">\u00a01920X1080<\/td>\n<\/tr>\n<tr>\n<td class=\"product-detail-02\" width=\"34%\">\u0130\u015fletim Sistemi:<\/td>\n<td width=\"66%\">\u00a0FREE DOS<\/td>\n<\/tr>\n<\/tbody>\n<\/table>\n","protected":false},"featured_media":758,"template":"","meta":{"om_disable_all_campaigns":false,"_monsterinsights_skip_tracking":false,"_monsterinsights_sitenote_active":false,"_monsterinsights_sitenote_note":"","_monsterinsights_sitenote_category":0},"product_cat":[201],"product_tag":[],"class_list":{"0":"post-757","1":"product","2":"type-product","3":"status-publish","4":"has-post-thumbnail","6":"product_cat-notebooklar","7":"thunk-woo-product-list","8":"opn-qv-enable","9":"top-store-woo-hover-zoom","10":"top-store-single-product-tab-horizontal","11":"top-store-shadow-","12":"top-store-shadow-hover-","14":"first","15":"instock","16":"taxable","17":"shipping-taxable","18":"product-type-simple"},"aioseo_notices":[],"_links":{"self":[{"href":"https:\/\/bilginteknoloji.com\/woo\/wp-json\/wp\/v2\/product\/757","targetHints":{"allow":["GET"]}}],"collection":[{"href":"https:\/\/bilginteknoloji.com\/woo\/wp-json\/wp\/v2\/product"}],"about":[{"href":"https:\/\/bilginteknoloji.com\/woo\/wp-json\/wp\/v2\/types\/product"}],"wp:featuredmedia":[{"embeddable":true,"href":"https:\/\/bilginteknoloji.com\/woo\/wp-json\/wp\/v2\/media\/758"}],"wp:attachment":[{"href":"https:\/\/bilginteknoloji.com\/woo\/wp-json\/wp\/v2\/media?parent=757"}],"wp:term":[{"taxonomy":"product_cat","embeddable":true,"href":"https:\/\/bilginteknoloji.com\/woo\/wp-json\/wp\/v2\/product_cat?post=757"},{"taxonomy":"product_tag","embeddable":true,"href":"https:\/\/bilginteknoloji.com\/woo\/wp-json\/wp\/v2\/product_tag?post=757"}],"curies":[{"name":"wp","href":"https:\/\/api.w.org\/{rel}","templated":true}]}}