{"id":747,"date":"2024-08-13T18:31:33","date_gmt":"2024-08-13T15:31:33","guid":{"rendered":"https:\/\/bilginteknoloji.com\/woo\/?post_type=product&#038;p=747"},"modified":"2024-08-13T18:31:34","modified_gmt":"2024-08-13T15:31:34","slug":"dell-latitude-3520-n058l352015emea_upg-i5-1135g7-156-fhd-16gb-ram-512gb-ssd-paylasimli-ekran-karti-free-dos-kurumsal-notebook","status":"publish","type":"product","link":"https:\/\/bilginteknoloji.com\/woo\/urun\/dell-latitude-3520-n058l352015emea_upg-i5-1135g7-156-fhd-16gb-ram-512gb-ssd-paylasimli-ekran-karti-free-dos-kurumsal-notebook\/","title":{"rendered":"DELL LATITUDE 3520, N058L352015EMEA_UPG i5-1135G7, 15,6&#8243; FHD, 16Gb Ram, 512Gb SSD, Payla\u015f\u0131ml\u0131 Ekran Kart\u0131, Free Dos, Kurumsal Notebook"},"content":{"rendered":"<p><strong>\u00dcr\u00fcn Orjinali 8Gb Ram\/256GB SSD olup, Y\u00fckseltme i\u015flemi ve Testleri taraf\u0131m\u0131zca yap\u0131lm\u0131\u015ft\u0131r<\/strong><\/p>\n<div><\/div>\n<p><strong>DELL Latitude 3520 N058L352015EMEA_U Intel Core i5-1135G7 16GB 512GB SSD 15.6&#8243; FHD Ubuntu Ta\u015f\u0131nabilir Bilgisayar<\/p>\n<p><\/strong><\/p>\n<div class=\"item left\"><img decoding=\"async\" src=\"http:\/\/www.detayresimler.com\/urun\/L\/L3520-058U.jpg\" alt=\"\" \/><\/p>\n<h3 class=\"sub-title\">Yeni zeka \u00e7a\u011f\u0131na ho\u015f geldiniz<\/h3>\n<p><strong>ExpressConnect:<\/strong>Sorunsuz Wi-Fi deneyimi. ExpressConnect otomatik olarak ofisinizdeki en g\u00fc\u00e7l\u00fc eri\u015fim noktas\u0131na kat\u0131l\u0131r* ve \u00e7al\u0131\u015ft\u0131\u011f\u0131n\u0131z her yerde konferans uygulamalar\u0131 i\u00e7in bant geni\u015fli\u011fine \u00f6ncelik verir.<\/p>\n<p><strong>ExpressResponse:<\/strong>Intel\u00ae Adaptix\u2122 Teknolojisi ile en \u00f6nemli uygulamalar\u0131n\u0131za \u00f6ncelik vererek daha h\u0131zl\u0131 a\u00e7\u0131lmalar\u0131n\u0131 ve daha iyi performans g\u00f6stermelerini sa\u011flay\u0131n.<\/p>\n<p><strong>ExpressCharge:<\/strong>Dell Optimizer \u00e7al\u0131\u015fma zaman\u0131n\u0131 uzat\u0131r, sizin d\u00fczeninize uyum sa\u011flayarak pil performans\u0131n\u0131 art\u0131r\u0131r ve saatte %80\u2019e kadar \u015farj olur.<\/p>\n<p><strong>Ak\u0131ll\u0131 Ses:<\/strong>Ayn\u0131 odadaym\u0131\u015fs\u0131n\u0131z gibi i\u015f birli\u011fi i\u00e7inde \u00e7al\u0131\u015f\u0131n. Ak\u0131ll\u0131 Ses, ses kalitenizi art\u0131r\u0131r ve arka plandaki g\u00fcr\u00fclt\u00fcleri azalt\u0131r, b\u00f6ylece herkes i\u00e7in daha iyi bir konferans deneyimi yaratarak i\u015fitmenizi ve duyulman\u0131z\u0131 sa\u011flar.<\/p>\n<\/div>\n<p>&nbsp;<\/p>\n<div class=\"item right\"><img decoding=\"async\" src=\"http:\/\/www.detayresimler.com\/urun\/L\/L3520-058U_1.jpg\" alt=\"\" \/><\/p>\n<h3 class=\"sub-title\">T\u00fcm i\u015fleriniz i\u00e7in temel \u00f6zellikler<\/h3>\n<p><strong>H\u0131zl\u0131 performans:<\/strong>11. Nesil Intel\u00ae Core\u2122 i7 i\u015flemciler; i\u015fletmelere performans, y\u00f6netilebilirlik, yerle\u015fik g\u00fcvenlik \u00f6zellikleri ve Intel\u00ae kararl\u0131l\u0131\u011f\u0131n\u0131 sunarken gelecekte olabileceklerden etkilenmeyen bir yol haritas\u0131na uyum sa\u011flar. \u0130ste\u011fe ba\u011fl\u0131 NVIDIA MX450 ile grafik yo\u011fun uygulamalar\u0131 indirin ve sorunsuz bir \u015fekilde \u00e7al\u0131\u015ft\u0131r\u0131n.<\/p>\n<p><strong>Her yerde ba\u011flan\u0131n:<\/strong>Hareket halindeyken sorunsuz bir \u015fekilde \u00e7al\u0131\u015f\u0131n. Intel\u00ae Wi-Fi 6 \u00f6zelli\u011fi bilgisayarlara ve kablosuz a\u011flara g\u00fcvenilir ba\u011flant\u0131, y\u00fcksek h\u0131z ve yeni nesil g\u00fcvenlik sa\u011flar.<\/p>\n<p><strong>Her amaca uygun ba\u011flant\u0131 noktalar\u0131:<\/strong>Hem 2 adet USB 3.2 2. Nesil Type-C\u2122 ba\u011flant\u0131 noktas\u0131 hem de HDMI ve RJ45 gibi eski ba\u011flant\u0131 noktalar\u0131 da dahil olmak \u00fczere, mevcut ba\u011flant\u0131 noktalar\u0131 daha fazla monit\u00f6r ve aksesuarla uyumludur.<\/p>\n<p><strong>H\u0131zla ba\u015flay\u0131n:<\/strong>G\u00fc\u00e7 d\u00fc\u011fmesinde yerle\u015fik olarak bulunan parmak izi okuyucuyla an\u0131nda ba\u015flay\u0131n.<\/p>\n<p><strong>T\u00fcm g\u00fcce sahip olun:<\/strong>D\u00fc\u015f\u00fck yo\u011funluklu, 3C ve 4C pil paketi se\u00e7enekleriyle verimlili\u011fi art\u0131r\u0131n.<\/p>\n<\/div>\n<p>&nbsp;<\/p>\n<div class=\"item left\"><img decoding=\"async\" src=\"http:\/\/www.detayresimler.com\/urun\/L\/L3520-058U_2.jpg\" alt=\"\" \/><\/p>\n<h3 class=\"sub-title\">\u00dcretkenli\u011fi art\u0131rmak i\u00e7in modern tasar\u0131m<\/h3>\n<p><strong>B\u00fcy\u00fcleyici tasar\u0131m:<\/strong>Yeni daha koyu bir kaplamaya, parlak yan y\u00fczeylere ve ince bir \u00e7er\u00e7eveye sahip Latitude 3520 daha k\u00fc\u00e7\u00fck ve daha hafiftir.<\/p>\n<p><strong>Y\u00fckseltilmi\u015f klavye:<\/strong>Daha b\u00fcy\u00fck u\u00e7tan uca klavye, tu\u015f tak\u0131m\u0131 ve %10 daha b\u00fcy\u00fck dokunmatik y\u00fczey ile yazmak ve navigasyon her zamankinden daha kolayd\u0131r.<\/p>\n<p><strong>Geli\u015fmi\u015f ekran:<\/strong>250 nit Tam HD ekran panelleriyle daha parlak bir g\u00f6r\u00fcn\u00fcm kazan\u0131n.<\/p>\n<p><strong>Gizlilik kapa\u011f\u0131:<\/strong>Kamera i\u00e7in mekanik bir gizlilik kapa\u011f\u0131yla ek g\u00fcvenlik sunar.<\/p>\n<p><strong>S\u00fcrd\u00fcr\u00fclebilirli\u011fe ba\u011fl\u0131l\u0131\u011f\u0131m\u0131z:<\/strong>Sistemlerimiz EPEAT Gold Sertifikal\u0131* oldu\u011fundan Latitude\u2019u sat\u0131n ald\u0131\u011f\u0131n\u0131zda kendinizi iyi hissedebilirsiniz. Ayr\u0131ca, Energy Star ile uyumlu sistemleri se\u00e7erek sadece para tasarrufu sa\u011flamakla kalmay\u0131p elektrik \u00fcretimiyle ilgili emisyonlar\u0131 azalt\u0131rs\u0131n\u0131z.<\/p>\n<\/div>\n<table border=\"0\" width=\"100%\" cellspacing=\"100\" align=\"left\">\n<tbody>\n<tr>\n<th align=\"left\"><img loading=\"lazy\" decoding=\"async\" src=\"http:\/\/www.detayresimler.com\/urun\/L\/L3520-058U_3.jpg\" alt=\"\" width=\"25\" height=\"25\" \/>\u00a0 Genel Bilgiler<\/th>\n<\/tr>\n<\/tbody>\n<\/table>\n<p>&nbsp;<\/p>\n<table border=\"1\" width=\"100%\" cellpadding=\"5\">\n<tbody>\n<tr>\n<td bgcolor=\"#f9f9f9\" width=\"25%\">Barkod<\/td>\n<td>0000323155948<\/td>\n<\/tr>\n<tr>\n<td bgcolor=\"#f9f9f9\">\u00dcretici<\/td>\n<td>DELL<\/td>\n<\/tr>\n<tr>\n<td bgcolor=\"#f9f9f9\">\u00dcr\u00fcn Ailesi<\/td>\n<td>Latitude<\/td>\n<\/tr>\n<tr>\n<td bgcolor=\"#f9f9f9\">\u00dcr\u00fcn Serisi<\/td>\n<td>3520<\/td>\n<\/tr>\n<tr>\n<td bgcolor=\"#f9f9f9\">\u00dcretici Kodu<\/td>\n<td>N058L352015EMEA_U<\/td>\n<\/tr>\n<tr>\n<td bgcolor=\"#f9f9f9\">Garanti S\u00fcresi<\/td>\n<td>36\u00a0AY<\/td>\n<\/tr>\n<tr>\n<td bgcolor=\"#f9f9f9\">Garanti Sa\u011flay\u0131c\u0131<\/td>\n<td>Resmi\u00a0Dell T\u00fcrkiye Garantili<\/td>\n<\/tr>\n<\/tbody>\n<\/table>\n<table border=\"0\" width=\"100%\">\n<tbody>\n<tr>\n<th align=\"left\"><img loading=\"lazy\" decoding=\"async\" src=\"http:\/\/www.detayresimler.com\/urun\/L\/L3520-058U_4.jpg\" alt=\"\" width=\"25\" height=\"25\" \/>\u00a0 \u00a0Yaz\u0131l\u0131m<\/th>\n<\/tr>\n<\/tbody>\n<\/table>\n<table border=\"1\" width=\"100%\" cellpadding=\"5\">\n<tbody>\n<tr>\n<td bgcolor=\"#f9f9f9\" width=\"25%\">\u0130\u015fletim Sistemi<\/td>\n<td>Ubuntu<\/td>\n<\/tr>\n<\/tbody>\n<\/table>\n<table border=\"0\" width=\"100%\">\n<tbody>\n<tr>\n<th align=\"left\"><img loading=\"lazy\" decoding=\"async\" src=\"http:\/\/www.detayresimler.com\/urun\/L\/L3520-058U_5.jpg\" alt=\"\" width=\"25\" height=\"25\" \/>\u00a0 \u00a0\u0130\u015flemci<\/th>\n<\/tr>\n<\/tbody>\n<\/table>\n<table border=\"1\" width=\"100%\" cellpadding=\"5\">\n<tbody>\n<tr>\n<td bgcolor=\"#f9f9f9\" width=\"25%\">\u0130\u015flemci \u00dcreticisi<\/td>\n<td>Intel<\/td>\n<\/tr>\n<tr>\n<td bgcolor=\"#f9f9f9\">\u0130\u015flemci Ailesi<\/td>\n<td>Intel Core i5<\/td>\n<\/tr>\n<tr>\n<td bgcolor=\"#f9f9f9\">\u0130\u015flemci Modeli<\/td>\n<td>i5-1135G7<\/td>\n<\/tr>\n<tr>\n<td bgcolor=\"#f9f9f9\">\u0130\u015flemci Nesli<\/td>\n<td>11.Nesil<\/td>\n<\/tr>\n<tr>\n<td bgcolor=\"#f9f9f9\">\u0130\u015flemci Temel Frekans\u0131<\/td>\n<td>2.4 GHz<\/td>\n<\/tr>\n<tr>\n<td bgcolor=\"#f9f9f9\">\u0130\u015flemci Maks Turbo Frekans\u0131<\/td>\n<td>4.2 GHz<\/td>\n<\/tr>\n<tr>\n<td bgcolor=\"#f9f9f9\">\u0130\u015flemci \u00c7ekirdek Say\u0131s\u0131<\/td>\n<td>4<\/td>\n<\/tr>\n<tr>\n<td bgcolor=\"#f9f9f9\" width=\"25%\">\u0130\u015flemci \u0130\u015f Par\u00e7ac\u0131\u011f\u0131 Say\u0131s\u0131<\/td>\n<td>8<\/td>\n<\/tr>\n<tr>\n<td bgcolor=\"#f9f9f9\">\u0130\u015flemci \u00d6nbellek<\/td>\n<td>8\u00a0MB<\/td>\n<\/tr>\n<tr>\n<td bgcolor=\"#f9f9f9\">\u0130\u015flemci Transist\u00f6r Mesafesi<\/td>\n<td>10 NM<\/td>\n<\/tr>\n<tr>\n<td bgcolor=\"#f9f9f9\">\u0130\u015flemci Is\u0131 Yayma Kapasitesi (TDP)<\/td>\n<td>28 W<\/td>\n<\/tr>\n<\/tbody>\n<\/table>\n<table border=\"0\" width=\"100%\">\n<tbody>\n<tr>\n<th align=\"left\"><img loading=\"lazy\" decoding=\"async\" src=\"http:\/\/www.detayresimler.com\/urun\/L\/L3520-058U_6.jpg\" alt=\"\" width=\"25\" height=\"25\" \/>\u00a0 \u00a0 Bellek<\/th>\n<\/tr>\n<\/tbody>\n<\/table>\n<p>&nbsp;<\/p>\n<p>&nbsp;<\/p>\n<p>&nbsp;<\/p>\n<p>&nbsp;<\/p>\n<div><\/div>\n<p>&nbsp;<\/p>\n<p>&nbsp;<\/p>\n<p>&nbsp;<\/p>\n<p>&nbsp;<\/p>\n<table border=\"1\" width=\"100%\" cellpadding=\"5\">\n<tbody>\n<tr>\n<td bgcolor=\"#f9f9f9\" width=\"25%\">Bellek Kapasitesi<\/td>\n<td>16 GB<\/td>\n<\/tr>\n<tr>\n<td bgcolor=\"#f9f9f9\">Bellek Tipi<\/td>\n<td>DDR4-SDRAM<\/td>\n<\/tr>\n<tr>\n<td bgcolor=\"#f9f9f9\">Bellek Frekans H\u0131z\u0131<\/td>\n<td>3200\u00a0MHz<\/td>\n<\/tr>\n<tr>\n<td bgcolor=\"#f9f9f9\">Bellek Form Fakt\u00f6r\u00fc<\/td>\n<td>SO-DIMM<\/td>\n<\/tr>\n<tr>\n<td bgcolor=\"#f9f9f9\">Bellek Yap\u0131land\u0131rma D\u00fczeni<\/td>\n<td>2 x\u00a08 GB<\/td>\n<\/tr>\n<tr>\n<td bgcolor=\"#f9f9f9\">Bellek Yuva Say\u0131s\u0131<\/td>\n<td>2 x SO-DIMM<\/td>\n<\/tr>\n<tr>\n<td bgcolor=\"#f9f9f9\">Maksimum Bellek Kapasitesi<\/td>\n<td>64\u00a0GB<\/td>\n<\/tr>\n<\/tbody>\n<\/table>\n<table border=\"0\" width=\"100%\">\n<tbody>\n<tr>\n<th align=\"left\"><img loading=\"lazy\" decoding=\"async\" src=\"http:\/\/www.detayresimler.com\/urun\/L\/L3520-058U_7.jpg\" alt=\"\" width=\"25\" height=\"25\" \/>\u00a0 \u00a0Depolama<\/th>\n<\/tr>\n<\/tbody>\n<\/table>\n<table border=\"1\" width=\"100%\" cellpadding=\"5\">\n<tbody>\n<tr>\n<td bgcolor=\"#f9f9f9\" width=\"25%\">Toplam Depolama Kapasitesi<\/td>\n<td>512 GB<\/td>\n<\/tr>\n<tr>\n<td bgcolor=\"#f9f9f9\">Depolama Ortam\u0131<\/td>\n<td>SSD<\/td>\n<\/tr>\n<tr>\n<td bgcolor=\"#f9f9f9\">SSD Kapasitesi<\/td>\n<td>512 GB<\/td>\n<\/tr>\n<tr>\n<td bgcolor=\"#f9f9f9\">SSD Aray\u00fcz\u00fc<\/td>\n<td>NVMe M.2 (PCIe)<\/td>\n<\/tr>\n<tr>\n<td bgcolor=\"#f9f9f9\">Optik S\u00fcr\u00fcc\u00fc<\/td>\n<td>Hay\u0131r \/ Yok<\/td>\n<\/tr>\n<tr>\n<td bgcolor=\"#f9f9f9\">Haf\u0131za Kart Okuyucu<\/td>\n<td>Evet \/ Var<\/td>\n<\/tr>\n<\/tbody>\n<\/table>\n<p>&nbsp;<\/p>\n<table border=\"0\" width=\"100%\">\n<tbody>\n<tr>\n<th align=\"left\"><img loading=\"lazy\" decoding=\"async\" src=\"http:\/\/www.detayresimler.com\/urun\/L\/L3520-058U_8.jpg\" alt=\"\" width=\"25\" height=\"25\" \/>\u00a0 \u00a0Dahili Grafik \u0130\u015flemci<\/th>\n<\/tr>\n<\/tbody>\n<\/table>\n<table border=\"1\" width=\"100%\" cellpadding=\"5\">\n<tbody>\n<tr>\n<td bgcolor=\"#f9f9f9\" width=\"25%\">Dahili Grafik \u0130\u015flemci \u00dcreticisi<\/td>\n<td>Intel<\/td>\n<\/tr>\n<tr>\n<td bgcolor=\"#f9f9f9\">Dahili Grafik \u0130\u015flemci Modeli<\/td>\n<td>Intel Iris Xe Grafikleri<\/td>\n<\/tr>\n<tr>\n<td bgcolor=\"#f9f9f9\">Dahili Grafik \u0130\u015flemci Maks Frekans\u0131<\/td>\n<td>1.3 GHz<\/td>\n<\/tr>\n<\/tbody>\n<\/table>\n<table border=\"0\" width=\"100%\">\n<tbody>\n<tr>\n<th align=\"left\"><img loading=\"lazy\" decoding=\"async\" src=\"http:\/\/www.detayresimler.com\/urun\/L\/L3520-058U_9.jpg\" alt=\"\" width=\"25\" height=\"25\" \/>\u00a0\u00a0 Ekran<\/th>\n<\/tr>\n<\/tbody>\n<\/table>\n<table border=\"1\" width=\"100%\" cellpadding=\"5\">\n<tbody>\n<tr>\n<td bgcolor=\"#f9f9f9\" width=\"25%\">Ekran Boyutu<\/td>\n<td>15.6&#8243; (39,6 cm)<\/td>\n<\/tr>\n<tr>\n<td bgcolor=\"#f9f9f9\">Ekran \u00c7\u00f6z\u00fcn\u00fcrl\u00fc\u011f\u00fc<\/td>\n<td>1920 x 1080 Piksel<\/td>\n<\/tr>\n<tr>\n<td bgcolor=\"#f9f9f9\">Ekran \u00c7\u00f6z\u00fcn\u00fcrl\u00fck Tan\u0131m\u0131<\/td>\n<td>Full HD<\/td>\n<\/tr>\n<tr>\n<td bgcolor=\"#f9f9f9\">Ekran Panel Tipi<\/td>\n<td>WVA<\/td>\n<\/tr>\n<tr>\n<td bgcolor=\"#f9f9f9\">Ekran En Boy Oran\u0131<\/td>\n<td>16:9<\/td>\n<\/tr>\n<tr>\n<td bgcolor=\"#f9f9f9\">Ekran Parlakl\u0131\u011f\u0131<\/td>\n<td>250 cd\/m\u00b2<\/td>\n<\/tr>\n<tr>\n<td bgcolor=\"#f9f9f9\">Dokunmatik Ekran<\/td>\n<td>Hay\u0131r \/ Yok<\/td>\n<\/tr>\n<\/tbody>\n<\/table>\n<table border=\"0\" width=\"100%\">\n<tbody>\n<tr>\n<th align=\"left\"><img loading=\"lazy\" decoding=\"async\" src=\"http:\/\/www.detayresimler.com\/urun\/L\/L3520-058U_10.jpg\" alt=\"\" width=\"25\" height=\"25\" \/>\u00a0 \u00a0Klavye &amp; \u0130\u015faret Ayg\u0131tlar\u0131<\/th>\n<\/tr>\n<\/tbody>\n<\/table>\n<table border=\"1\" width=\"100%\" cellpadding=\"5\">\n<tbody>\n<tr>\n<td bgcolor=\"#f9f9f9\" width=\"25%\">Klavye Dizilimi &amp; Dili<\/td>\n<td>Q T\u00fcrk\u00e7e<\/td>\n<\/tr>\n<tr>\n<td bgcolor=\"#f9f9f9\">Say\u0131sal Tu\u015f Tak\u0131m\u0131<\/td>\n<td>Evet \/ Var<\/td>\n<\/tr>\n<tr>\n<td bgcolor=\"#f9f9f9\">Klavye Arka Ayd\u0131nlatmas\u0131<\/td>\n<td>Evet \/ Var<\/td>\n<\/tr>\n<tr>\n<td bgcolor=\"#f9f9f9\">S\u0131v\u0131 D\u00f6k\u00fclmesine Dayan\u0131kl\u0131l\u0131k<\/td>\n<td>Evet \/ Var<\/td>\n<\/tr>\n<tr>\n<td bgcolor=\"#f9f9f9\">\u0130\u015faret Ayg\u0131t\u0131<\/td>\n<td>Dokunmatik Y\u00fczey (TouchPad)<\/td>\n<\/tr>\n<tr>\n<td bgcolor=\"#f9f9f9\">Parmak \u0130zi Okucuyu<\/td>\n<td>Evet \/ Var<\/td>\n<\/tr>\n<\/tbody>\n<\/table>\n<table border=\"0\" width=\"100%\">\n<tbody>\n<tr>\n<th align=\"left\"><img loading=\"lazy\" decoding=\"async\" src=\"http:\/\/www.detayresimler.com\/urun\/L\/L3520-058U_11.jpg\" alt=\"\" width=\"25\" height=\"25\" \/>\u00a0 \u00a0Ses<\/th>\n<\/tr>\n<\/tbody>\n<\/table>\n<table border=\"1\" width=\"100%\" cellpadding=\"5\">\n<tbody>\n<tr>\n<td bgcolor=\"#f9f9f9\" width=\"25%\">Hoparl\u00f6r<\/td>\n<td>Evet \/ Var<\/td>\n<\/tr>\n<tr>\n<td bgcolor=\"#f9f9f9\">Hoparl\u00f6r Say\u0131s\u0131<\/td>\n<td>2<\/td>\n<\/tr>\n<tr>\n<td bgcolor=\"#f9f9f9\">Mikrofon<\/td>\n<td>Evet \/ Var<\/td>\n<\/tr>\n<tr>\n<td bgcolor=\"#f9f9f9\">Mikrofon Say\u0131s\u0131<\/td>\n<td>2<\/td>\n<\/tr>\n<\/tbody>\n<\/table>\n<table border=\"0\" width=\"100%\">\n<tbody>\n<tr>\n<th align=\"left\"><img loading=\"lazy\" decoding=\"async\" src=\"http:\/\/www.detayresimler.com\/urun\/L\/L3520-058U_12.jpg\" alt=\"\" width=\"25\" height=\"25\" \/>\u00a0\u00a0 Kamera<\/th>\n<\/tr>\n<\/tbody>\n<\/table>\n<table border=\"1\" width=\"100%\" cellpadding=\"5\">\n<tbody>\n<tr>\n<td bgcolor=\"#f9f9f9\" width=\"25%\">Kamera<\/td>\n<td>Evet \/ Var<\/td>\n<\/tr>\n<tr>\n<td bgcolor=\"#f9f9f9\">Kamera \u00c7\u00f6z\u00fcn\u00fcrl\u00fc\u011f\u00fc<\/td>\n<td>1080\u00a0P<\/td>\n<\/tr>\n<\/tbody>\n<\/table>\n<table border=\"0\" width=\"100%\">\n<tbody>\n<tr>\n<th align=\"left\"><img loading=\"lazy\" decoding=\"async\" src=\"http:\/\/www.detayresimler.com\/urun\/L\/L3520-058U_13.jpg\" alt=\"\" width=\"25\" height=\"25\" \/>\u00a0 \u00a0A\u011f Ba\u011flant\u0131lar\u0131<\/th>\n<\/tr>\n<\/tbody>\n<\/table>\n<table border=\"1\" width=\"100%\" cellpadding=\"5\">\n<tbody>\n<tr>\n<td bgcolor=\"#f9f9f9\" width=\"25%\">Kablosuz Ba\u011flant\u0131 (Wi-Fi)<\/td>\n<td>Evet \/ Var<\/td>\n<\/tr>\n<tr>\n<td bgcolor=\"#f9f9f9\">Kablosuz Ba\u011flant\u0131 (Wi-Fi) Teknolojisi<\/td>\n<td>Wi-Fi\u00a06 (802.11ax)<\/td>\n<\/tr>\n<tr>\n<td bgcolor=\"#f9f9f9\">Ethernet (LAN\/RJ45)<\/td>\n<td>Evet \/ Var<\/td>\n<\/tr>\n<tr>\n<td bgcolor=\"#f9f9f9\">Ethernet LAN Veri Transfer H\u0131z\u0131<\/td>\n<td>Gigabit (10\/100\/1000 Mbps)<\/td>\n<\/tr>\n<tr>\n<td bgcolor=\"#f9f9f9\">Bluetooth<\/td>\n<td>Evet \/ Var<\/td>\n<\/tr>\n<tr>\n<td bgcolor=\"#f9f9f9\">Bluetooth Versiyon<\/td>\n<td>5.1<\/td>\n<\/tr>\n<tr>\n<td bgcolor=\"#f9f9f9\">Mobil A\u011f Ba\u011flant\u0131s\u0131 (LTE)<\/td>\n<td>Hay\u0131r \/ Yok<\/td>\n<\/tr>\n<\/tbody>\n<\/table>\n<table border=\"0\" width=\"100%\">\n<tbody>\n<tr>\n<th align=\"left\"><img loading=\"lazy\" decoding=\"async\" src=\"http:\/\/www.detayresimler.com\/urun\/L\/L3520-058U_14.jpg\" alt=\"\" width=\"25\" height=\"25\" \/>\u00a0 Ba\u011flant\u0131 Noktalar\u0131<\/th>\n<\/tr>\n<\/tbody>\n<\/table>\n<table border=\"1\" width=\"100%\" cellpadding=\"5\">\n<tbody>\n<tr>\n<td bgcolor=\"#f9f9f9\" width=\"25%\">USB 3.2 \/ Say\u0131s\u0131<\/td>\n<td>Evet \/ Var \/\u00a02<\/td>\n<\/tr>\n<tr>\n<td bgcolor=\"#f9f9f9\">USB 3.x \u00d6zellikleri<\/td>\n<td>\u015earj Deste\u011fi (x1)<\/td>\n<\/tr>\n<tr>\n<td bgcolor=\"#f9f9f9\">USB 2.0 \/ Say\u0131s\u0131<\/td>\n<td>Evet \/ Var \/ 1<\/td>\n<\/tr>\n<tr>\n<td bgcolor=\"#f9f9f9\">USB Type-C<\/td>\n<td>Evet \/ Var<\/td>\n<\/tr>\n<tr>\n<td bgcolor=\"#f9f9f9\">USB Type-C Say\u0131s\u0131<\/td>\n<td>1<\/td>\n<\/tr>\n<tr>\n<td bgcolor=\"#f9f9f9\">USB Type-C \u00d6zellikleri<\/td>\n<td>Display Port, \u015earj Deste\u011fi<\/td>\n<\/tr>\n<tr>\n<td bgcolor=\"#f9f9f9\">HDMI<\/td>\n<td>Evet \/ Var<\/td>\n<\/tr>\n<tr>\n<td bgcolor=\"#f9f9f9\">Birle\u015fik Kulakl\u0131k &amp; Mikrofon Portu<\/td>\n<td>Evet \/ Var<\/td>\n<td>\n<div><\/div>\n<\/td>\n<\/tr>\n<\/tbody>\n<\/table>\n<p>&nbsp;<\/p>\n<p>&nbsp;<\/p>\n<p>&nbsp;<\/p>\n<p>&nbsp;<\/p>\n<div>\n<table border=\"0\" width=\"100%\">\n<tbody>\n<tr>\n<th align=\"left\"><\/th>\n<\/tr>\n<\/tbody>\n<\/table>\n<\/div>\n<div><\/div>\n<div>\n<table border=\"0\" width=\"100%\">\n<tbody>\n<tr>\n<th align=\"left\"><img loading=\"lazy\" decoding=\"async\" src=\"http:\/\/www.detayresimler.com\/urun\/L\/L3520-058U_15.jpg\" alt=\"\" width=\"25\" height=\"25\" \/>\u00a0 \u00a0Batarya &amp; Enerji Y\u00f6netimi<\/th>\n<\/tr>\n<\/tbody>\n<\/table>\n<\/div>\n<p>&nbsp;<\/p>\n<p>&nbsp;<\/p>\n<p>&nbsp;<\/p>\n<table border=\"1\" width=\"100%\" cellpadding=\"5\">\n<tbody>\n<tr>\n<td bgcolor=\"#f9f9f9\" width=\"25%\">Batarya Teknolojisi<\/td>\n<td>Li-Ion (Lityum-\u0130yon)<\/td>\n<\/tr>\n<tr>\n<td bgcolor=\"#f9f9f9\">Batarya H\u00fccre Say\u0131s\u0131<\/td>\n<td>4<\/td>\n<\/tr>\n<tr>\n<td bgcolor=\"#f9f9f9\">Batarya G\u00fcc\u00fc<\/td>\n<td>54\u00a0W<\/td>\n<\/tr>\n<tr>\n<td bgcolor=\"#f9f9f9\">AC Adapt\u00f6r G\u00fcc\u00fc<\/td>\n<td>65W<\/td>\n<\/tr>\n<\/tbody>\n<\/table>\n<table border=\"0\" width=\"100%\">\n<tbody>\n<tr>\n<th align=\"left\">\n<div><img loading=\"lazy\" decoding=\"async\" src=\"http:\/\/www.detayresimler.com\/urun\/L\/L3520-058U_16.jpg\" alt=\"\" width=\"25\" height=\"25\" \/>\u00a0 \u00a0Tasar\u0131m<\/div>\n<div>\n<\/div>\n<\/th>\n<\/tr>\n<\/tbody>\n<\/table>\n<table border=\"1\" width=\"100%\" cellpadding=\"5\">\n<tbody>\n<tr>\n<td bgcolor=\"#f9f9f9\" width=\"25%\">Renk<\/td>\n<td>Karbon Siyah\u0131<\/td>\n<\/tr>\n<tr>\n<td bgcolor=\"#f9f9f9\">G\u00f6vde Malzemesi<\/td>\n<td>Alim\u00fcnyum<\/td>\n<\/tr>\n<tr>\n<td bgcolor=\"#f9f9f9\">A\u011f\u0131rl\u0131k<\/td>\n<td>1.79 kg<\/td>\n<\/tr>\n<tr>\n<td bgcolor=\"#f9f9f9\">Geni\u015flik<\/td>\n<td>361 mm<\/td>\n<\/tr>\n<tr>\n<td bgcolor=\"#f9f9f9\">Derinlik<\/td>\n<td>240.9 mm<\/td>\n<\/tr>\n<tr>\n<td bgcolor=\"#f9f9f9\">Kal\u0131nl\u0131k<\/td>\n<td>18 mm<\/td>\n<\/tr>\n<\/tbody>\n<\/table>\n","protected":false},"excerpt":{"rendered":"<table class=\"product-detail\" border=\"0\" width=\"100%\" cellspacing=\"0\" cellpadding=\"0\">\n<tbody>\n<tr>\n<td class=\"product-detail-02\" width=\"34%\">\u0130\u015flemci:<\/td>\n<td width=\"66%\">\u00a0INTEL<\/td>\n<\/tr>\n<tr>\n<td class=\"product-detail-02\" width=\"34%\">\u0130\u015flemci Tipi:<\/td>\n<td width=\"66%\">\u00a0INTEL CORE I5<\/td>\n<\/tr>\n<tr>\n<td class=\"product-detail-02\" width=\"34%\">Bellek:<\/td>\n<td width=\"66%\">\u00a016 GB<\/td>\n<\/tr>\n<tr>\n<td class=\"product-detail-02\" width=\"34%\">Depolama Alan\u0131 SSD:<\/td>\n<td width=\"66%\">\u00a0512 GB<\/td>\n<\/tr>\n<tr>\n<td class=\"product-detail-02\" width=\"34%\">Ekran Kart\u0131 Tipi:<\/td>\n<td width=\"66%\">\u00a0PAYLASIMLI<\/td>\n<\/tr>\n<tr>\n<td class=\"product-detail-02\" width=\"34%\">Ekran Kart\u0131 GPU:<\/td>\n<td width=\"66%\">\u00a0INTEL Dahili GPU<\/td>\n<\/tr>\n<tr>\n<td class=\"product-detail-02\" width=\"34%\">Ekran Kart\u0131 Bellek:<\/td>\n<td width=\"66%\">\u00a0PAYLASIMLI<\/td>\n<\/tr>\n<tr>\n<td class=\"product-detail-02\" width=\"34%\">Ekran Boyutu:<\/td>\n<td width=\"66%\">\u00a015,6 in\u00e7<\/td>\n<\/tr>\n<tr>\n<td class=\"product-detail-02\" width=\"34%\">Ekran \u00c7\u00f6z\u00fcn\u00fcrl\u00fc\u011f\u00fc:<\/td>\n<td width=\"66%\">\u00a01920X1080<\/td>\n<\/tr>\n<tr>\n<td class=\"product-detail-02\" width=\"34%\">\u0130\u015fletim Sistemi:<\/td>\n<td width=\"66%\">\u00a0FREE DOS<\/td>\n<\/tr>\n<\/tbody>\n<\/table>\n","protected":false},"featured_media":749,"template":"","meta":{"om_disable_all_campaigns":false,"_monsterinsights_skip_tracking":false,"_monsterinsights_sitenote_active":false,"_monsterinsights_sitenote_note":"","_monsterinsights_sitenote_category":0},"product_cat":[201],"product_tag":[],"class_list":{"0":"post-747","1":"product","2":"type-product","3":"status-publish","4":"has-post-thumbnail","6":"product_cat-notebooklar","7":"thunk-woo-product-list","8":"opn-qv-enable","9":"top-store-woo-hover-zoom","10":"top-store-single-product-tab-horizontal","11":"top-store-shadow-","12":"top-store-shadow-hover-","14":"first","15":"instock","16":"taxable","17":"shipping-taxable","18":"product-type-simple"},"aioseo_notices":[],"_links":{"self":[{"href":"https:\/\/bilginteknoloji.com\/woo\/wp-json\/wp\/v2\/product\/747","targetHints":{"allow":["GET"]}}],"collection":[{"href":"https:\/\/bilginteknoloji.com\/woo\/wp-json\/wp\/v2\/product"}],"about":[{"href":"https:\/\/bilginteknoloji.com\/woo\/wp-json\/wp\/v2\/types\/product"}],"wp:featuredmedia":[{"embeddable":true,"href":"https:\/\/bilginteknoloji.com\/woo\/wp-json\/wp\/v2\/media\/749"}],"wp:attachment":[{"href":"https:\/\/bilginteknoloji.com\/woo\/wp-json\/wp\/v2\/media?parent=747"}],"wp:term":[{"taxonomy":"product_cat","embeddable":true,"href":"https:\/\/bilginteknoloji.com\/woo\/wp-json\/wp\/v2\/product_cat?post=747"},{"taxonomy":"product_tag","embeddable":true,"href":"https:\/\/bilginteknoloji.com\/woo\/wp-json\/wp\/v2\/product_tag?post=747"}],"curies":[{"name":"wp","href":"https:\/\/api.w.org\/{rel}","templated":true}]}}