{"id":744,"date":"2024-08-13T18:29:48","date_gmt":"2024-08-13T15:29:48","guid":{"rendered":"https:\/\/bilginteknoloji.com\/woo\/?post_type=product&#038;p=744"},"modified":"2024-08-13T18:29:49","modified_gmt":"2024-08-13T15:29:49","slug":"lenovo-21kh001etr-thinkbook-16-g6-irl-i5-1335u-16-wuxga-ips-ekran-16gb-ddr5-ram-512gb-ssd-paylasimli-ekran-karti-free-dos-kurumsal-notebook","status":"publish","type":"product","link":"https:\/\/bilginteknoloji.com\/woo\/urun\/lenovo-21kh001etr-thinkbook-16-g6-irl-i5-1335u-16-wuxga-ips-ekran-16gb-ddr5-ram-512gb-ssd-paylasimli-ekran-karti-free-dos-kurumsal-notebook\/","title":{"rendered":"LENOVO 21KH001ETR, ThinkBook 16 G6 IRL, i5-1335U, 16&#8243; WUXGA, IPS Ekran, 16Gb DDR5 Ram, 512Gb SSD, Payla\u015f\u0131ml\u0131 Ekran Kart\u0131, Free Dos, Kurumsal Notebook"},"content":{"rendered":"<table id=\"as_SpecData\" class=\"SpecValueTable\">\n<tbody>\n<tr class=\"structureTitleTR\">\n<td class=\"structureTitle\" colspan=\"2\">VER\u0130M<\/td>\n<\/tr>\n<tr class=\"as_level2\">\n<td>\u0130\u015flemci<\/td>\n<td class=\"alignleft\">\n<div class=\"rightValue\">Intel\u00ae Core\u2122 i5-1335U, 10C (2P + 8E) \/ 12T, P-\u00e7ekirdek 1,3 \/ 4,6GHz, E-\u00e7ekirdek 0,9 \/ 3,4GHz, 12MB<\/div>\n<\/td>\n<\/tr>\n<tr class=\"as_level2\">\n<td>Grafik<\/p>\n<div class=\"icon_infoNote\"><\/div>\n<\/td>\n<td class=\"alignleft\">\n<div class=\"rightValue\">Entegre Intel\u00ae Iris\u00ae Xe Grafik Kart\u0131, UHD Grafik Kart\u0131 Olarak \u0130\u015flevler<\/div>\n<\/td>\n<\/tr>\n<tr class=\"as_level2\">\n<td>Yonga seti<\/td>\n<td class=\"alignleft\">\n<div class=\"rightValue\">Intel\u00ae SoC Platformu<\/div>\n<\/td>\n<\/tr>\n<tr class=\"as_level2\">\n<td>Haf\u0131za<\/td>\n<td class=\"alignleft\">\n<div class=\"rightValue\">1x 16 GB SO-DIMM DDR5-5200<\/div>\n<\/td>\n<\/tr>\n<tr class=\"as_level2\">\n<td>Bellek Yuvalar\u0131<\/td>\n<td class=\"alignleft\">\n<div class=\"rightValue\">\u0130ki adet DDR5 SO-DIMM yuvas\u0131, \u00e7ift kanal \u00f6zellikli<\/div>\n<\/td>\n<\/tr>\n<tr class=\"as_level2\">\n<td>Maksimum Bellek<\/p>\n<div class=\"icon_infoNote\"><\/div>\n<\/td>\n<td class=\"alignleft\">\n<div class=\"rightValue\">64 GBa kadar DDR5-5200<\/div>\n<\/td>\n<\/tr>\n<tr class=\"as_level2\">\n<td>Depolamak<\/td>\n<td class=\"alignleft\">\n<div class=\"rightValue\">512 GB SSD M.2 2242 PCIe\u00ae 4.0&#215;4 NVMe\u00ae<\/div>\n<\/td>\n<\/tr>\n<tr class=\"as_level2\">\n<td>Depolama Deste\u011fi<\/p>\n<div class=\"icon_infoNote\"><\/div>\n<\/td>\n<td class=\"alignleft\">\n<div class=\"rightValue\">\u0130ki adede kadar s\u00fcr\u00fcc\u00fc, 2x M.2 SSD \u2022 1 TBa kadar M.2 2242 SSD \u2022 2 TBa kadar M.2 2280 SSD<\/div>\n<\/td>\n<\/tr>\n<tr class=\"as_level2\">\n<td>Depolama Yuvas\u0131<\/td>\n<td class=\"alignleft\">\n<div class=\"rightValue\">\u0130ki adet M.2 2280 PCIe\u00ae 4.0 x4 yuvas\u0131<\/div>\n<\/td>\n<\/tr>\n<tr class=\"as_level2\">\n<td>Kart okuyucu<\/td>\n<td class=\"alignleft\">\n<div class=\"rightValue\">SD Kart Okuyucu<\/div>\n<\/td>\n<\/tr>\n<tr class=\"as_level2\">\n<td>Optik<\/td>\n<td class=\"alignleft\">\n<div class=\"rightValue\">Hi\u00e7biri<\/div>\n<\/td>\n<\/tr>\n<tr class=\"as_level2\">\n<td>Ses \u00c7ipi<\/td>\n<td class=\"alignleft\">\n<div class=\"rightValue\">Y\u00fcksek Tan\u0131ml\u0131 (HD) Ses, Realtek\u00ae ALC3287 codec bile\u015feni<\/div>\n<\/td>\n<\/tr>\n<tr class=\"as_level2\">\n<td>Hoparl\u00f6rler<\/td>\n<td class=\"alignleft\">\n<div class=\"rightValue\">Stereo hoparl\u00f6rler, 2W x2, Dolby\u00ae Audio\u2122<\/div>\n<\/td>\n<\/tr>\n<tr class=\"as_level2\">\n<td>Kamera<\/td>\n<td class=\"alignleft\">\n<div class=\"rightValue\">Gizlilik Deklan\u015f\u00f6rl\u00fc FHD 1080p + IR Hibrit<\/div>\n<\/td>\n<\/tr>\n<tr class=\"as_level2\">\n<td>Mikrofon<\/td>\n<td class=\"alignleft\">\n<div class=\"rightValue\">2x, Dizi<\/div>\n<\/td>\n<\/tr>\n<tr class=\"as_level2\">\n<td>Pil<\/td>\n<td class=\"alignleft\">\n<div class=\"rightValue\">Entegre 45Wh<\/div>\n<\/td>\n<\/tr>\n<tr class=\"as_level2\">\n<td>G\u00fc\u00e7 adapt\u00f6r\u00fc<\/td>\n<td class=\"alignleft\">\n<div class=\"rightValue\">65W USB-C\u00ae (3 pinli)<\/div>\n<\/td>\n<\/tr>\n<tr class=\"as_level2\">\n<td>\u00d6zel \u00d6zellikler<\/td>\n<td class=\"alignleft\">\n<div class=\"rightValue\">Modern Bekleme<\/div>\n<\/td>\n<\/tr>\n<tr class=\"structureTitleTR\">\n<td class=\"structureTitle\" colspan=\"2\">TASARIM<\/td>\n<\/tr>\n<tr class=\"as_level2\">\n<td>G\u00f6r\u00fcnt\u00fclemek<\/p>\n<div class=\"icon_infoNote\"><\/div>\n<\/td>\n<td class=\"alignleft\">\n<div class=\"rightValue\">16&#8243; WUXGA (1920&#215;1200) IPS 300nit Parlama \u00f6nleyici, %45 NTSC<\/div>\n<\/td>\n<\/tr>\n<tr class=\"as_level2\">\n<td>Dokunmatik ekran<\/td>\n<td class=\"alignleft\">\n<div class=\"rightValue\">Hi\u00e7biri<\/div>\n<\/td>\n<\/tr>\n<tr class=\"as_level2\">\n<td>Tu\u015f tak\u0131m\u0131<\/td>\n<td class=\"alignleft\">\n<div class=\"rightValue\">Arkadan ayd\u0131nlatmal\u0131, T\u00fcrk\u00e7e<\/div>\n<\/td>\n<\/tr>\n<tr class=\"as_level2\">\n<td>Kasa Rengi<\/td>\n<td class=\"alignleft\">\n<div class=\"rightValue\">Arktik Gri<\/div>\n<\/td>\n<\/tr>\n<tr class=\"as_level2\">\n<td>Y\u00fczey \u0130\u015flem<\/td>\n<td class=\"alignleft\">\n<div class=\"rightValue\">Eloksal Kumlama<\/div>\n<\/td>\n<\/tr>\n<tr class=\"as_level2\">\n<td>Kutu Malzemesi<\/td>\n<td class=\"alignleft\">\n<div class=\"rightValue\">Al\u00fcminyum (\u00dcst), PC-ABS (Alt)<\/div>\n<\/td>\n<\/tr>\n<tr class=\"as_level2\">\n<td>Boyutlar (GxDxY)<\/p>\n<div class=\"icon_infoNote\"><\/div>\n<\/td>\n<td class=\"alignleft\">\n<div class=\"rightValue\">356 x 253,5 x 17,5 mm (14,01 x 9,98 x 0,69 in\u00e7)<\/div>\n<\/td>\n<\/tr>\n<tr class=\"as_level2\">\n<td>A\u011f\u0131rl\u0131k<\/p>\n<div class=\"icon_infoNote\"><\/div>\n<\/td>\n<td class=\"alignleft\">\n<div class=\"rightValue\">1,7 kgdan (3,75 lb) ba\u015flayan a\u011f\u0131rl\u0131klar<\/div>\n<\/td>\n<\/tr>\n<tr class=\"structureTitleTR\">\n<td class=\"structureTitle\" colspan=\"2\">YAZILIM<\/td>\n<\/tr>\n<tr class=\"as_level2\">\n<td>\u0130\u015fletim sistemi<\/td>\n<td class=\"alignleft\">\n<div class=\"rightValue\">Hi\u00e7biri<\/div>\n<\/td>\n<\/tr>\n<tr class=\"as_level2\">\n<td>Paket yaz\u0131l\u0131m<\/td>\n<td class=\"alignleft\">\n<div class=\"rightValue\">Hi\u00e7biri<\/div>\n<\/td>\n<\/tr>\n<tr class=\"structureTitleTR\">\n<td class=\"structureTitle\" colspan=\"2\">BA\u011eLANTI<\/td>\n<\/tr>\n<tr class=\"as_level2\">\n<td>ethernet<\/td>\n<td class=\"alignleft\">\n<div class=\"rightValue\">100\/1000M (RJ-45)<\/div>\n<\/td>\n<\/tr>\n<tr class=\"as_level2\">\n<td>WLAN + Bluetooth<\/p>\n<div class=\"icon_infoNote\"><\/div>\n<\/td>\n<td class=\"alignleft\">\n<div class=\"rightValue\">Wi-Fi\u00ae 6, 11ax 2&#215;2 + BT5.1<\/div>\n<\/td>\n<\/tr>\n<tr class=\"as_level2\">\n<td>Standart Ba\u011flant\u0131 Noktalar\u0131<\/td>\n<td class=\"alignleft\">\n<div class=\"rightValue\">\n<ul class=\"singleAttrValue\">\n<li>1x Ethernet (RJ-45)<\/li>\n<li>1x HDMI\u00ae 2.1, 4K\/60Hze kadar<\/li>\n<li>1x Kulakl\u0131k \/ mikrofon birle\u015fik giri\u015fi (3,5 mm)<\/li>\n<li>1x SD kart okuyucu<\/li>\n<li>1x Thunderbolt\u2122 4 \/ USB4\u00ae 40 Gbps (veri aktar\u0131m\u0131n\u0131 destekler, Power Delivery 3.0 ve DisplayPort\u2122 1.4)<\/li>\n<li>1x USB 3.2 Gen 1<\/li>\n<li>1x USB 3.2 Gen 1 (Her Zaman A\u00e7\u0131k)<\/li>\n<li>1x USB-C\u00ae 3.2 Gen 2 (veri aktar\u0131m\u0131n\u0131 destekler, Power Delivery 3.0 ve DisplayPort\u2122 1.4)<\/li>\n<\/ul>\n<\/div>\n<\/td>\n<\/tr>\n<tr class=\"as_level2\">\n<td>Yerle\u015ftirme<\/td>\n<td class=\"alignleft\">\n<div class=\"rightValue\">Thunderbolt\u2122 veya USB-C\u00ae arac\u0131l\u0131\u011f\u0131yla desteklenen \u00e7e\u015fitli yerle\u015ftirme \u00e7\u00f6z\u00fcmleri. Daha uyumlu yerle\u015ftirme \u00e7\u00f6z\u00fcmleri i\u00e7in l\u00fctfen <a href=\"https:\/\/smartfind.lenovo.com\/accessories\/#\/search?categoryL1Name=Docking&amp;categoryL2Names&amp;pageIndex=1&amp;pageSize=40&amp;query=21KH\" target=\"_blank\" rel=\"noopener\">ThinkBook 16 G6 IRL i\u00e7in Yerle\u015ftirmeyi ziyaret edin.<\/a><\/div>\n<\/td>\n<\/tr>\n<tr class=\"as_level2\">\n<td>G\u00fcvenlik \u00c7ipi<\/td>\n<td class=\"alignleft\">\n<div class=\"rightValue\">Firmware TPM 2.0 Etkin<\/div>\n<\/td>\n<\/tr>\n<tr class=\"as_level2\">\n<td>Parmak izi okuyucu<\/td>\n<td class=\"alignleft\">\n<div class=\"rightValue\">G\u00fc\u00e7 D\u00fc\u011fmesine Entegre Dokunmatik Stil<\/div>\n<\/td>\n<\/tr>\n<tr class=\"as_level2\">\n<td>Fiziksel Kilitler<\/td>\n<td class=\"alignleft\">\n<div class=\"rightValue\">Kensington\u00ae Nano G\u00fcvenlik Yuvas\u0131\u2122, 2,5 x 6 mm<\/div>\n<\/td>\n<\/tr>\n<tr class=\"as_level2\">\n<td>Di\u011fer G\u00fcvenlik<\/td>\n<td class=\"alignleft\">\n<div class=\"rightValue\">\n<ul class=\"singleAttrValue\">\n<li>Kamera gizlilik deklan\u015f\u00f6r\u00fc<\/li>\n<li>Windows\u00ae Hello i\u00e7in IR kamera<\/li>\n<\/ul>\n<\/div>\n<\/td>\n<\/tr>\n<tr class=\"structureTitleTR\">\n<td class=\"structureTitle\" colspan=\"2\">Y\u00d6NET\u0130LEB\u0130L\u0130RL\u0130K<\/td>\n<\/tr>\n<tr class=\"as_level2\">\n<td>Sistem Y\u00f6netimi<\/td>\n<td class=\"alignleft\">\n<div class=\"rightValue\">vPro\u00ae olmayan<\/div>\n<\/td>\n<\/tr>\n<tr class=\"structureTitleTR\">\n<td class=\"structureTitle\" colspan=\"2\">H\u0130ZMET<\/td>\n<\/tr>\n<tr class=\"as_level2\">\n<td>Temel Garanti<\/td>\n<td class=\"alignleft\">\n<div class=\"rightValue\">1 y\u0131ll\u0131k, Kurye veya Teslim<\/div>\n<\/td>\n<\/tr>\n<tr class=\"as_level2\">\n<td>Y\u00fckseltme dahil<\/td>\n<td class=\"alignleft\">\n<div class=\"rightValue\">1 Y\u0131ll\u0131k Depo WHBden (CPN) 2 Y\u0131ll\u0131k Depo Y\u00fckseltmesi<\/div>\n<\/td>\n<\/tr>\n<tr class=\"structureTitleTR\">\n<td class=\"structureTitle\" colspan=\"2\">AKSESUARLAR<\/td>\n<\/tr>\n<tr class=\"as_level2\">\n<td>Birlikte Verilen Aksesuarlar<\/td>\n<td class=\"alignleft\">\n<div class=\"rightValue\">Hi\u00e7biri<\/div>\n<\/td>\n<\/tr>\n<tr class=\"structureTitleTR\">\n<td class=\"structureTitle\" colspan=\"2\">SERT\u0130F\u0130KALAR<\/td>\n<\/tr>\n<tr class=\"as_level2\">\n<td>Ye\u015fil Sertifikalar<\/td>\n<td class=\"alignleft\">\n<div class=\"rightValue\">\n<ul class=\"singleAttrValue\">\n<li>ErP Lot 6<\/li>\n<li>ErP Lot 26<\/li>\n<li>FSC sertifikal\u0131 paket<\/li>\n<li>RoHS uyumlu<\/li>\n<li>TCO Sertifikal\u0131 9.0<\/li>\n<\/ul>\n<\/div>\n<\/td>\n<\/tr>\n<tr class=\"as_level2 as_body_row_bc\">\n<td>Di\u011fer Sertifikalar<\/td>\n<td class=\"alignleft\">\n<div class=\"rightValue\">T\u00dcV Rheinland\u00ae D\u00fc\u015f\u00fck Mavi I\u015f\u0131k (Yaz\u0131l\u0131m \u00c7\u00f6z\u00fcm\u00fc)<\/div>\n<\/td>\n<\/tr>\n<tr class=\"as_level2\">\n<td>Mil-Spec Testi<\/td>\n<td class=\"alignleft\">\n<div class=\"rightValue\">MIL-STD-810H askeri testi ba\u015far\u0131yla ge\u00e7ti<\/div>\n<\/td>\n<\/tr>\n<\/tbody>\n<\/table>\n","protected":false},"excerpt":{"rendered":"<table class=\"product-detail\" border=\"0\" width=\"100%\" cellspacing=\"0\" cellpadding=\"0\">\n<tbody>\n<tr>\n<td class=\"product-detail-02\" width=\"34%\">\u0130\u015flemci:<\/td>\n<td width=\"66%\">\u00a0INTEL<\/td>\n<\/tr>\n<tr>\n<td class=\"product-detail-02\" width=\"34%\">\u0130\u015flemci Tipi:<\/td>\n<td width=\"66%\">\u00a0INTEL CORE I5<\/td>\n<\/tr>\n<tr>\n<td class=\"product-detail-02\" width=\"34%\">Bellek:<\/td>\n<td width=\"66%\">\u00a016 GB<\/td>\n<\/tr>\n<tr>\n<td class=\"product-detail-02\" width=\"34%\">Depolama Alan\u0131 SSD:<\/td>\n<td width=\"66%\">\u00a0512 GB<\/td>\n<\/tr>\n<tr>\n<td class=\"product-detail-02\" width=\"34%\">Ekran Kart\u0131 Tipi:<\/td>\n<td width=\"66%\">\u00a0PAYLASIMLI<\/td>\n<\/tr>\n<tr>\n<td class=\"product-detail-02\" width=\"34%\">Ekran Kart\u0131 GPU:<\/td>\n<td width=\"66%\">\u00a0INTEL Dahili GPU<\/td>\n<\/tr>\n<tr>\n<td class=\"product-detail-02\" width=\"34%\">Ekran Kart\u0131 Bellek:<\/td>\n<td width=\"66%\">\u00a0PAYLASIMLI<\/td>\n<\/tr>\n<tr>\n<td class=\"product-detail-02\" width=\"34%\">Ekran Boyutu:<\/td>\n<td width=\"66%\">\u00a016 in\u00e7<\/td>\n<\/tr>\n<tr>\n<td class=\"product-detail-02\" width=\"34%\">Ekran \u00c7\u00f6z\u00fcn\u00fcrl\u00fc\u011f\u00fc:<\/td>\n<td width=\"66%\">\u00a01920X1200<\/td>\n<\/tr>\n<tr>\n<td class=\"product-detail-02\" width=\"34%\">\u0130\u015fletim Sistemi:<\/td>\n<td width=\"66%\">\u00a0FREE DOS<\/td>\n<\/tr>\n<\/tbody>\n<\/table>\n","protected":false},"featured_media":745,"template":"","meta":{"om_disable_all_campaigns":false,"_monsterinsights_skip_tracking":false,"_monsterinsights_sitenote_active":false,"_monsterinsights_sitenote_note":"","_monsterinsights_sitenote_category":0},"product_cat":[201],"product_tag":[],"class_list":{"0":"post-744","1":"product","2":"type-product","3":"status-publish","4":"has-post-thumbnail","6":"product_cat-notebooklar","7":"thunk-woo-product-list","8":"opn-qv-enable","9":"top-store-woo-hover-zoom","10":"top-store-single-product-tab-horizontal","11":"top-store-shadow-","12":"top-store-shadow-hover-","14":"first","15":"instock","16":"taxable","17":"shipping-taxable","18":"product-type-simple"},"aioseo_notices":[],"_links":{"self":[{"href":"https:\/\/bilginteknoloji.com\/woo\/wp-json\/wp\/v2\/product\/744","targetHints":{"allow":["GET"]}}],"collection":[{"href":"https:\/\/bilginteknoloji.com\/woo\/wp-json\/wp\/v2\/product"}],"about":[{"href":"https:\/\/bilginteknoloji.com\/woo\/wp-json\/wp\/v2\/types\/product"}],"wp:featuredmedia":[{"embeddable":true,"href":"https:\/\/bilginteknoloji.com\/woo\/wp-json\/wp\/v2\/media\/745"}],"wp:attachment":[{"href":"https:\/\/bilginteknoloji.com\/woo\/wp-json\/wp\/v2\/media?parent=744"}],"wp:term":[{"taxonomy":"product_cat","embeddable":true,"href":"https:\/\/bilginteknoloji.com\/woo\/wp-json\/wp\/v2\/product_cat?post=744"},{"taxonomy":"product_tag","embeddable":true,"href":"https:\/\/bilginteknoloji.com\/woo\/wp-json\/wp\/v2\/product_tag?post=744"}],"curies":[{"name":"wp","href":"https:\/\/api.w.org\/{rel}","templated":true}]}}