{"id":730,"date":"2024-08-13T18:22:08","date_gmt":"2024-08-13T15:22:08","guid":{"rendered":"https:\/\/bilginteknoloji.com\/woo\/?post_type=product&#038;p=730"},"modified":"2024-08-13T18:22:08","modified_gmt":"2024-08-13T15:22:08","slug":"hp-9m3g5at-250-g9-i5-1235u-15-6-fhd-8gb-ram-512gb-ssd-paylasimli-ekran-karti-free-dos-kurumsal-notebook-2-yil-yerinde-garanti-925","status":"publish","type":"product","link":"https:\/\/bilginteknoloji.com\/woo\/urun\/hp-9m3g5at-250-g9-i5-1235u-15-6-fhd-8gb-ram-512gb-ssd-paylasimli-ekran-karti-free-dos-kurumsal-notebook-2-yil-yerinde-garanti-925\/","title":{"rendered":"HP 9M3G5AT 250 G9 i5-1235U 15.6&#8243; FHD, 8Gb Ram, 512Gb SSD, Payla\u015f\u0131ml\u0131 Ekran Kart\u0131, Free Dos, Kurumsal Notebook (2 Y\u0131l Yerinde Garanti) (925)"},"content":{"rendered":"<div class=\"c-image-container hp-image-f175-7cfa with-ratio\"><strong>HP 9M3G5AT 250 G9 i5-1235U 15.6&#8243; FHD, 8Gb Ram, 512Gb SSD, Payla\u015f\u0131ml\u0131 Ekran Kart\u0131, Free Dos Notebook (2 Y\u0131l Yerinde Garanti)<\/strong><\/div>\n<div class=\"c-image-container hp-image-f175-7cfa with-ratio\"><\/div>\n<div class=\"c-image-container hp-image-f175-7cfa with-ratio\"><img decoding=\"async\" class=\"inner-image\" src=\"https:\/\/www.detayresimler.com\/urun\/9\/9M3G5AT.jpg\" alt=\"HP 250 G9, HP 250 G8, HP 255 G9 Notebook PC Front\" \/><\/div>\n<div class=\"c-split-module__text\">\n<h3 class=\"h2 c-split-module__title\">\u015e\u0131k ve hafif<\/h3>\n<p class=\"h4 c-split-module__description\">HP 250 Diz\u00fcst\u00fc Bilgisayar ince ve hafif tasar\u0131m\u0131 ve b\u00fcy\u00fck ekran-g\u00f6vde\u00a0<span class=\"m-text-nowrap\">oran\u0131\u00a0<\/span>ile mobil \u00e7al\u0131\u015fma tarzlar\u0131na ayak uydurur.<\/p>\n<\/div>\n<div class=\"c-image-container hp-image-10af-5e55 with-ratio\"><img decoding=\"async\" class=\"inner-image\" src=\"https:\/\/www.detayresimler.com\/urun\/9\/9M3G5AT_1.jpg\" alt=\"HP 250 G9, HP 250 G8, HP 255 G9 Notebook PC FrontLeft\" \/><\/div>\n<div class=\"c-split-module__text\">\n<h3 class=\"h2 c-split-module__title\">\u0130\u015f i\u00e7in tasarland\u0131, e\u011flenceye haz\u0131r<\/h3>\n<p class=\"h4 c-split-module__description\">G\u00fc\u00e7l\u00fc Intel\u00ae\u00a0<span class=\"m-text-nowrap\">i\u015flemci,\u00a0<\/span>h\u0131zl\u0131 bellek ve depolama ile projeleri tamamlay\u0131n.<\/p>\n<\/div>\n<div class=\"c-image-container hp-image-2ef7-ed66 with-ratio\"><img decoding=\"async\" class=\"inner-image\" src=\"https:\/\/www.detayresimler.com\/urun\/9\/9M3G5AT_2.jpg\" alt=\"HP 250 G9, 250 G8, HP 255 G9 Notebook PC FrontRight\" \/><\/div>\n<div class=\"c-split-module__text\">\n<h3 class=\"h2 c-split-module__title\">Net g\u00f6r\u00fcnmenizi ve duyulman\u0131z\u0131 sa\u011flar<\/h3>\n<p class=\"h4 c-split-module__description\">HD kamera ve yapay zeka temelli g\u00fcr\u00fclt\u00fc azaltma \u00f6zellikli \u00e7ift dizi mikrofonlarla verimli \u00e7al\u0131\u015f\u0131n.<\/p>\n<\/div>\n<div class=\"c-default-container\">\n<h3 class=\"h1\">\u0130\u015f ortam\u0131 i\u00e7in g\u00fc\u00e7lendirilmi\u015ftir<\/h3>\n<\/div>\n<div class=\"c-default-container\">\n<div class=\"c-column-module__content\">\n<div class=\"c-column-module__image\">\n<div class=\"c-image-container hp-image-66cf-2009 with-ratio\"><img decoding=\"async\" class=\"inner-image\" src=\"https:\/\/www.detayresimler.com\/urun\/9\/9M3G5AT_3.jpg\" alt=\"HP 250 G9 Notebook PC, HP 255 G9 Notebook PC LeftProfile\" \/><\/div>\n<\/div>\n<div class=\"c-column-module__features\">\n<div class=\"c-column-module-feature\">\n<h4 class=\"c-column-module-feature__title h4\">Y\u00fcksek performans ve ta\u015f\u0131nabilirlik<\/h4>\n<div class=\"c-column-module-feature__description h5\">\n<p>12. Nesil Intel\u00ae Core\u2122 i\u015flemciyle y\u00fcksek yan\u0131t performans\u0131, ba\u011flant\u0131 ve h\u0131z\u0131n ola\u011fan\u00fcst\u00fc bir birle\u015fimini elde ederek k\u0131sa s\u00fcrede g\u00fcvenilir bir \u015fekilde ba\u015flat\u0131n, \u00fcretin ve ba\u011flan\u0131n.<\/p>\n<\/div>\n<\/div>\n<div class=\"c-column-module-feature\">\n<h4 class=\"c-column-module-feature__title h4\">Kritik verilerin g\u00fcvende tutulmas\u0131na yard\u0131mc\u0131 olun<\/h4>\n<div class=\"c-column-module-feature__description h5\">\n<p>G\u00fcvenilir Platform Mod\u00fcl\u00fc (TPM) yerle\u015fik g\u00fcvenlik \u00e7ipi verilerin, e-postalar\u0131n ve kullan\u0131c\u0131 kimlik bilgilerinin korunmas\u0131 i\u00e7in donan\u0131m tabanl\u0131 \u015fifreleme anahtarlar\u0131 sa\u011flar.<\/p>\n<\/div>\n<\/div>\n<div class=\"c-column-module-feature\">\n<h4 class=\"c-column-module-feature__title h4\">H\u0131zl\u0131 ve verimli kablosuz LAN<\/h4>\n<div class=\"c-column-module-feature__description h5\">\n<p>Nerelerde \u00e7al\u0131\u015fabilece\u011finizi bilgisayar\u0131n\u0131z\u0131n ta\u015f\u0131nabilirli\u011fi ve h\u0131zl\u0131 bir ba\u011flant\u0131n\u0131n g\u00fcvenilirli\u011fi belirler. Gigabit h\u0131zl\u0131 Wi-Fi 6 ile yo\u011fun kablosuz ortamlarda h\u0131zl\u0131 ve g\u00fcvenilir bir ba\u011flant\u0131 elde edin.<\/p>\n<\/div>\n<\/div>\n<div class=\"c-column-module-feature\">\n<h4 class=\"c-column-module-feature__title h4\">Sanal ki\u015fili\u011finizi yans\u0131t\u0131n<\/h4>\n<div class=\"c-column-module-feature__description h5\">\n<p>Hayatta bazen y\u00fcz y\u00fcze g\u00f6r\u00fc\u015fmek gerekir. HPnin geni\u015f dinamik aral\u0131kl\u0131 (WDR) HD kameras\u0131 sanal konferanslarda hem karanl\u0131k hem de ayd\u0131nl\u0131k ko\u015fullarda en iyi \u015fekilde g\u00f6r\u00fcnmenizi sa\u011flar.<\/p>\n<\/div>\n<\/div>\n<\/div>\n<\/div>\n<\/div>\n<h1 class=\"c-product-all-details-table__title h3 m-text-rtl-symbols\">HP 250 15.6 inch G9 Notebook PC (9M3G5AT)<\/h1>\n<table class=\"c-product-all-details-table__table\">\n<caption class=\"c-product-all-details-table__caption\">\u00a0<\/caption>\n<tbody>\n<tr class=\"c-product-all-details-table__tr\">\n<th class=\"c-product-all-details-table__th\">Monit\u00f6r boyutu (diyagonal)<\/th>\n<td class=\"c-product-all-details-table__td m-text-rte\">39,6 cm (15,6&#8243;)<\/td>\n<\/tr>\n<tr class=\"c-product-all-details-table__tr\">\n<th class=\"c-product-all-details-table__th\">Renk gam\u0131<\/th>\n<td class=\"c-product-all-details-table__td m-text-rte\">45% NTSC<\/td>\n<\/tr>\n<tr class=\"c-product-all-details-table__tr\">\n<th class=\"c-product-all-details-table__th\">Parklakl\u0131k<\/th>\n<td class=\"c-product-all-details-table__td m-text-rte\">250 nit<\/td>\n<\/tr>\n<tr class=\"c-product-all-details-table__tr\">\n<th class=\"c-product-all-details-table__th\">Ba\u011flant\u0131 Noktalar\u0131<\/th>\n<td class=\"c-product-all-details-table__td m-text-rte\">1 USB Type-C\u00ae 5 Gbps veri aktar\u0131m h\u0131z\u0131; 2 USB Type-A 5 Gbps veri aktar\u0131m h\u0131z\u0131; 1 AC g\u00fc\u00e7; 1 HDMI 1.4b; 1 stereo kulakl\u0131k\/mikrofon birle\u015fik jak\u00a0<span class=\"footnotes\">(HDMI kablosu ayr\u0131 sat\u0131l\u0131r.)<\/span><\/td>\n<\/tr>\n<tr class=\"c-product-all-details-table__tr\">\n<th class=\"c-product-all-details-table__th\">Minimum boyutlar (G x D x Y)<\/th>\n<td class=\"c-product-all-details-table__td m-text-rte\">35,8 x 24,2 x 1,99 cm<\/td>\n<\/tr>\n<tr class=\"c-product-all-details-table__tr\">\n<th class=\"c-product-all-details-table__th\">Paket boyutlar\u0131 (G x D x Y)<\/th>\n<td class=\"c-product-all-details-table__td m-text-rte\">6,9 x 48,3 x 30,5 cm<\/td>\n<\/tr>\n<tr class=\"c-product-all-details-table__tr\">\n<th class=\"c-product-all-details-table__th\">A\u011f\u0131rl\u0131k<\/th>\n<td class=\"c-product-all-details-table__td m-text-rte\">1,74 kgdan ba\u015flar\u00a0<span class=\"footnotes\">(A\u011f\u0131rl\u0131k yap\u0131land\u0131rmaya g\u00f6re de\u011fi\u015fir. G\u00fc\u00e7 adapt\u00f6r\u00fc i\u00e7ermez.)<\/span><\/td>\n<\/tr>\n<tr class=\"c-product-all-details-table__tr\">\n<th class=\"c-product-all-details-table__th\">\u00dcr\u00fcn rengi<\/th>\n<td class=\"c-product-all-details-table__td m-text-rte\">G\u00fcm\u00fc\u015f grisi<\/td>\n<\/tr>\n<tr class=\"c-product-all-details-table__tr\">\n<th class=\"c-product-all-details-table__th\">G\u00fc\u00e7<\/th>\n<td class=\"c-product-all-details-table__td m-text-rte\">HP Smart 45 W Harici AC g\u00fcc\u00fc\u00a0<span class=\"m-text-nowrap\">adapt\u00f6r\u00fc\u00a0<span class=\"c-footnote-container\"><span class=\"footnote__number\">1<\/span><\/span><\/span><\/td>\n<\/tr>\n<tr class=\"c-product-all-details-table__tr\">\n<th class=\"c-product-all-details-table__th\">S\u00fcrd\u00fcr\u00fclebilir etki \u00f6zellikleri<\/th>\n<td class=\"c-product-all-details-table__td m-text-rte\">%2 t\u00fcketici sonras\u0131 geri d\u00f6n\u00fc\u015ft\u00fcr\u00fclm\u00fc\u015f plastik; D\u00fc\u015f\u00fck Halojen; D\u0131\u015f kutu ve oluklu yast\u0131kl\u0131 ambalaj %100 s\u00fcrd\u00fcr\u00fclebilir kaynakl\u0131d\u0131r ve geri d\u00f6n\u00fc\u015ft\u00fcr\u00fclebilir; Geri d\u00f6n\u00fc\u015ft\u00fcr\u00fclm\u00fc\u015f plastik\u00a0<span class=\"m-text-nowrap\">yast\u0131klar\u00a0<span class=\"c-footnote-container\"><span class=\"footnote__number\">2<\/span>\u00a0<span class=\"footnote__number\">3<\/span>\u00a0<span class=\"footnote__number\">4<\/span><\/span><\/span><\/td>\n<\/tr>\n<tr class=\"c-product-all-details-table__tr\">\n<th class=\"c-product-all-details-table__th\">Garanti<\/th>\n<td class=\"c-product-all-details-table__td m-text-rte\">1 y\u0131ll\u0131k (1\/1\/0) s\u0131n\u0131rl\u0131 garantiye 1 y\u0131ll\u0131k par\u00e7a ve i\u015f\u00e7ilik dahildir. Yerinde onar\u0131m dahil de\u011fildir. H\u00fck\u00fcmler ve \u015fartlar \u00fclkelere g\u00f6re farkl\u0131l\u0131k g\u00f6sterebilir. Baz\u0131 k\u0131s\u0131tlamalar ve istisnalar ge\u00e7erlidir.<\/td>\n<\/tr>\n<tr class=\"c-product-all-details-table__tr\">\n<th class=\"c-product-all-details-table__th\">Destek hizmeti dahil<\/th>\n<td class=\"c-product-all-details-table__td m-text-rte\">HP 2 Y\u0131ll\u0131k Sonraki \u0130\u015f G\u00fcn\u00fc Yerinde M\u00fcdahale Diz\u00fcst\u00fc Bilgisayar Donan\u0131m Deste\u011fi. \u015eartlar ve ko\u015fullar i\u00e7in l\u00fctfen \u015fu adresi ziyaret edin:\u00a0<a tabindex=\"100\" href=\"https:\/\/h20195.www2.hp.com\/v2\/GetPDF.aspx\/4AA5-6385TRE\" target=\"_self\" rel=\"noopener noreferrer nofollow\">\/\/h20195.www2.hp.com\/v2\/GetPDF.aspx\/4AA5-6385TRE<\/a>\u00a0&amp;\u00a0<a tabindex=\"100\" href=\"https:\/\/www8.hp.com\/h20195\/v2\/getpdf.aspx\/4AA5-7123EETR.pdf\" target=\"_self\" rel=\"noopener noreferrer nofollow\">\/\/www8.hp.com\/h20195\/v2\/getpdf.aspx\/4AA5-7123EETR.pdf<\/a><\/td>\n<\/tr>\n<\/tbody>\n<\/table>\n<p>&nbsp;<\/p>\n","protected":false},"excerpt":{"rendered":"<table class=\"product-detail\" border=\"0\" width=\"100%\" cellspacing=\"0\" cellpadding=\"0\">\n<tbody>\n<tr>\n<td class=\"product-detail-02\" width=\"34%\">\u0130\u015flemci:<\/td>\n<td width=\"66%\">\u00a0INTEL<\/td>\n<\/tr>\n<tr>\n<td class=\"product-detail-02\" width=\"34%\">\u0130\u015flemci Tipi:<\/td>\n<td width=\"66%\">\u00a0INTEL CORE I5<\/td>\n<\/tr>\n<tr>\n<td class=\"product-detail-02\" width=\"34%\">Bellek:<\/td>\n<td width=\"66%\">\u00a08 GB<\/td>\n<\/tr>\n<tr>\n<td class=\"product-detail-02\" width=\"34%\">Depolama Alan\u0131 SSD:<\/td>\n<td width=\"66%\">\u00a0512 GB<\/td>\n<\/tr>\n<tr>\n<td class=\"product-detail-02\" width=\"34%\">Ekran Kart\u0131 Tipi:<\/td>\n<td width=\"66%\">\u00a0PAYLASIMLI<\/td>\n<\/tr>\n<tr>\n<td class=\"product-detail-02\" width=\"34%\">Ekran Kart\u0131 GPU:<\/td>\n<td width=\"66%\">\u00a0Intel\u00ae Iris\u00ae XE<\/td>\n<\/tr>\n<tr>\n<td class=\"product-detail-02\" width=\"34%\">Ekran Kart\u0131 Bellek:<\/td>\n<td width=\"66%\">\u00a0PAYLASIMLI<\/td>\n<\/tr>\n<tr>\n<td class=\"product-detail-02\" width=\"34%\">Ekran Boyutu:<\/td>\n<td width=\"66%\">\u00a015,6 in\u00e7<\/td>\n<\/tr>\n<tr>\n<td class=\"product-detail-02\" width=\"34%\">Ekran \u00c7\u00f6z\u00fcn\u00fcrl\u00fc\u011f\u00fc:<\/td>\n<td width=\"66%\">\u00a01920X1080<\/td>\n<\/tr>\n<tr>\n<td class=\"product-detail-02\" width=\"34%\">\u0130\u015fletim Sistemi:<\/td>\n<td width=\"66%\">\u00a0FREE DOS<\/td>\n<\/tr>\n<\/tbody>\n<\/table>\n","protected":false},"featured_media":731,"template":"","meta":{"om_disable_all_campaigns":false,"_monsterinsights_skip_tracking":false,"_monsterinsights_sitenote_active":false,"_monsterinsights_sitenote_note":"","_monsterinsights_sitenote_category":0},"product_cat":[201],"product_tag":[],"class_list":{"0":"post-730","1":"product","2":"type-product","3":"status-publish","4":"has-post-thumbnail","6":"product_cat-notebooklar","7":"thunk-woo-product-list","8":"opn-qv-enable","9":"top-store-woo-hover-zoom","10":"top-store-single-product-tab-horizontal","11":"top-store-shadow-","12":"top-store-shadow-hover-","14":"first","15":"instock","16":"taxable","17":"shipping-taxable","18":"product-type-simple"},"aioseo_notices":[],"_links":{"self":[{"href":"https:\/\/bilginteknoloji.com\/woo\/wp-json\/wp\/v2\/product\/730","targetHints":{"allow":["GET"]}}],"collection":[{"href":"https:\/\/bilginteknoloji.com\/woo\/wp-json\/wp\/v2\/product"}],"about":[{"href":"https:\/\/bilginteknoloji.com\/woo\/wp-json\/wp\/v2\/types\/product"}],"wp:featuredmedia":[{"embeddable":true,"href":"https:\/\/bilginteknoloji.com\/woo\/wp-json\/wp\/v2\/media\/731"}],"wp:attachment":[{"href":"https:\/\/bilginteknoloji.com\/woo\/wp-json\/wp\/v2\/media?parent=730"}],"wp:term":[{"taxonomy":"product_cat","embeddable":true,"href":"https:\/\/bilginteknoloji.com\/woo\/wp-json\/wp\/v2\/product_cat?post=730"},{"taxonomy":"product_tag","embeddable":true,"href":"https:\/\/bilginteknoloji.com\/woo\/wp-json\/wp\/v2\/product_tag?post=730"}],"curies":[{"name":"wp","href":"https:\/\/api.w.org\/{rel}","templated":true}]}}