{"id":720,"date":"2024-08-13T18:15:15","date_gmt":"2024-08-13T15:15:15","guid":{"rendered":"https:\/\/bilginteknoloji.com\/woo\/?post_type=product&#038;p=720"},"modified":"2024-08-13T18:15:15","modified_gmt":"2024-08-13T15:15:15","slug":"dell-vostro-3520-n1614pvnb3520u-i3-1215u-156-fhd-8gb-ram-256gb-ssd-paylasimli-ekran-karti-free-dos-notebook-210258771","status":"publish","type":"product","link":"https:\/\/bilginteknoloji.com\/woo\/urun\/dell-vostro-3520-n1614pvnb3520u-i3-1215u-156-fhd-8gb-ram-256gb-ssd-paylasimli-ekran-karti-free-dos-notebook-210258771\/","title":{"rendered":"DELL Vostro 3520, N1614PVNB3520U, i3-1215U, 15,6&#8243; FHD, 8Gb Ram, 256Gb SSD, Payla\u015f\u0131ml\u0131 Ekran Kart\u0131, Free Dos Notebook (210258771)"},"content":{"rendered":"<p>DELL Vostro 3520 N1614PVNB3520U Intel Core i3-1215U 8GB 256GB SSD 15.6&#8243; Ubuntu Ta\u015f\u0131nabilir Bilgisayar<\/p>\n<div class=\"item left\"><img decoding=\"async\" src=\"https:\/\/www.detayresimler.com\/urun\/V\/V3520-1614.jpg\" alt=\"\" \/><\/p>\n<h3 class=\"sub-title\">\u0130htiyac\u0131n\u0131z olan performans<\/h3>\n<p>12. Nesle kadar Intel\u00ae Core\u2122 \u0130\u015flemciler sayesinde g\u00fcnl\u00fck g\u00f6revleri h\u0131zla ve kolayl\u0131kla halledebilirsiniz. SSDnin sorunsuz performans\u0131n\u0131n keyfini \u00e7\u0131kar\u0131n veya \u00e7ift donan\u0131ml\u0131 depolamay\u0131 tercih ederek her iki d\u00fcnyan\u0131n da en iyisini elde edin: SSDnin h\u0131z\u0131 ve geni\u015f HDD kapasitesi. 41 veya 54 Whr bataryan\u0131n yan\u0131 s\u0131ra ExpressCharge1 kullanarak bir saatte % 80e varan \u015farj etme olana\u011f\u0131yla ayg\u0131t\u0131n\u0131z\u0131n g\u00fcn boyunca g\u00fc\u00e7 sa\u011flayaca\u011f\u0131na g\u00fcvenebilece\u011finizi bilirsiniz. Ayr\u0131ca, 2 GB GDDR6 ayr\u0131k grafik kart\u0131na sahip iste\u011fe ba\u011fl\u0131 NVIDIA\u00ae GeForce\u00ae MX550 ile g\u00f6rsellerinizi g\u00fc\u00e7lendirebilirsiniz.<\/p>\n<\/div>\n<p>&nbsp;<\/p>\n<div class=\"item right\"><img decoding=\"async\" src=\"https:\/\/www.detayresimler.com\/urun\/V\/V3520-1614_1.jpg\" alt=\"\" \/><\/p>\n<h3 class=\"sub-title\">Korunmaya devam edin<\/h3>\n<p>G\u00fcvenilir Platform Mod\u00fcl\u00fc 2.02 parola ve \u015fifreleme anahtarlar\u0131 olu\u015fturan ve bunlar\u0131 depolayan anakart \u00fczerinde y\u00fckl\u00fc, ticari s\u0131n\u0131f bir g\u00fcvenlik yongas\u0131d\u0131r. Bu, \u00f6ny\u00fckleme yapmadan \u00f6nce bilgisayarla oynanmad\u0131\u011f\u0131n\u0131 ve verilerinizin harici yaz\u0131l\u0131m sald\u0131r\u0131lar\u0131na kar\u015f\u0131 korundu\u011funu do\u011frular. Windows Hello ile iste\u011fe ba\u011fl\u0131 parmak izi okuyucu, yaln\u0131zca tek bir dokunu\u015fla kolayca ve g\u00fcvenli bir \u015fekilde oturum a\u00e7man\u0131za olanak tan\u0131r.<\/p>\n<\/div>\n<p>&nbsp;<\/p>\n<div class=\"item left\"><img decoding=\"async\" src=\"https:\/\/www.detayresimler.com\/urun\/V\/V3520-1614_2.jpg\" alt=\"\" \/><\/p>\n<h3 class=\"sub-title\">Deneyiminizi y\u00fckseltin<\/h3>\n<p>Y\u00fckseltilmi\u015f al\u00fcminyum kapak kasas\u0131 se\u00e7ene\u011fi, \u015f\u0131k bir tasar\u0131mda bir dizi \u00f6zellik sunar. Geni\u015f Dinamik Aral\u0131k ve Ge\u00e7ici G\u00fcr\u00fclt\u00fc Azaltma ile donat\u0131lm\u0131\u015f yeni FHD web kameras\u0131 sayesinde en iyi \u015fekilde g\u00f6r\u00fcn\u00fcn. Yerle\u015fik \u00e7ift mikrofon ve arka plan g\u00fcr\u00fclt\u00fcs\u00fcn\u00fc azaltan AI (Yapay Zeka) sayesinde bir telefon g\u00f6r\u00fc\u015fmesi kadar net ses kalitesi elde edin. Waves Maxx Audio ayarl\u0131 hoparl\u00f6rler ve mikrofonlar, net bir \u015fekilde duyabilmeniz ve duyulabilmeniz i\u00e7in sesi optimize eder.<\/p>\n<\/div>\n<p>&nbsp;<\/p>\n<div class=\"item right\"><img decoding=\"async\" src=\"https:\/\/www.detayresimler.com\/urun\/V\/V3520-1614_3.jpg\" alt=\"\" \/><\/p>\n<h3 class=\"sub-title\">Ba\u011flant\u0131 Noktalar\u0131 ve Yuvalar<\/h3>\n<ul>\n<li>1. SD kart okuyucu<\/li>\n<li>2. USB 2.0<\/li>\n<li>3. RJ-45<\/li>\n<li>4. Kulakl\u0131k jak\u01314<\/li>\n<li>5. Wedge kilit yuvas\u0131<\/li>\n<li>6. G\u00fc\u00e7 jak\u0131<\/li>\n<li>7. HDMI 1.45<\/li>\n<li>8. USB 3.2 (1. Nesil)<\/li>\n<li>9. USB 3.2 (1. Nesil) Type C6<\/li>\n<\/ul>\n<\/div>\n<p>&nbsp;<\/p>\n<div class=\"item left\"><img decoding=\"async\" src=\"https:\/\/www.detayresimler.com\/urun\/V\/V3520-1614_4.jpg\" alt=\"\" \/><\/p>\n<h3 class=\"sub-title\"><\/h3>\n<\/div>\n<p>&nbsp;<\/p>\n<table border=\"0\" width=\"100%\" cellspacing=\"100\" align=\"left\">\n<tbody>\n<tr>\n<th align=\"left\"><img loading=\"lazy\" decoding=\"async\" src=\"https:\/\/www.detayresimler.com\/urun\/V\/V3520-1614_5.jpg\" alt=\"\" width=\"25\" height=\"25\" \/>\u00a0 Genel Bilgiler<\/th>\n<\/tr>\n<\/tbody>\n<\/table>\n<p>&nbsp;<\/p>\n<table border=\"1\" width=\"100%\" cellpadding=\"5\">\n<tbody>\n<tr>\n<td bgcolor=\"#f9f9f9\" width=\"25%\">Barkod<\/td>\n<td>3004200100474<\/td>\n<\/tr>\n<tr>\n<td bgcolor=\"#f9f9f9\">\u00dcretici<\/td>\n<td>DELL<\/td>\n<\/tr>\n<tr>\n<td bgcolor=\"#f9f9f9\">\u00dcr\u00fcn Ailesi<\/td>\n<td>Vostro<\/td>\n<\/tr>\n<tr>\n<td bgcolor=\"#f9f9f9\">\u00dcr\u00fcn Serisi<\/td>\n<td>3520<\/td>\n<\/tr>\n<tr>\n<td bgcolor=\"#f9f9f9\">\u00dcretici Kodu<\/td>\n<td>N1614PVNB3520U<\/td>\n<\/tr>\n<tr>\n<td bgcolor=\"#f9f9f9\">Garanti S\u00fcresi<\/td>\n<td>24\u00a0AY<\/td>\n<\/tr>\n<tr>\n<td bgcolor=\"#f9f9f9\">Garanti Sa\u011flay\u0131c\u0131<\/td>\n<td>Resmi\u00a0Dell T\u00fcrkiye Garantili<\/td>\n<\/tr>\n<\/tbody>\n<\/table>\n<table border=\"0\" width=\"100%\">\n<tbody>\n<tr>\n<th align=\"left\"><img loading=\"lazy\" decoding=\"async\" src=\"https:\/\/www.detayresimler.com\/urun\/V\/V3520-1614_19.jpg\" alt=\"\" width=\"25\" height=\"25\" \/>\u00a0 \u00a0Yaz\u0131l\u0131m<\/th>\n<\/tr>\n<\/tbody>\n<\/table>\n<table border=\"1\" width=\"100%\" cellpadding=\"5\">\n<tbody>\n<tr>\n<td bgcolor=\"#f9f9f9\" width=\"25%\">\u0130\u015fletim Sistemi<\/td>\n<td>Ubuntu<\/td>\n<\/tr>\n<\/tbody>\n<\/table>\n<table border=\"0\" width=\"100%\">\n<tbody>\n<tr>\n<th align=\"left\"><img loading=\"lazy\" decoding=\"async\" src=\"https:\/\/www.detayresimler.com\/urun\/V\/V3520-1614_7.jpg\" alt=\"\" width=\"25\" height=\"25\" \/>\u00a0 \u00a0\u0130\u015flemci<\/th>\n<\/tr>\n<\/tbody>\n<\/table>\n<table border=\"1\" width=\"100%\" cellpadding=\"5\">\n<tbody>\n<tr>\n<td bgcolor=\"#f9f9f9\" width=\"25%\">\u0130\u015flemci \u00dcreticisi<\/td>\n<td>Intel<\/td>\n<\/tr>\n<tr>\n<td bgcolor=\"#f9f9f9\">\u0130\u015flemci Ailesi<\/td>\n<td>Intel Core i3<\/td>\n<\/tr>\n<tr>\n<td bgcolor=\"#f9f9f9\">\u0130\u015flemci Modeli<\/td>\n<td>i3-1215U<\/td>\n<\/tr>\n<tr>\n<td bgcolor=\"#f9f9f9\">\u0130\u015flemci Nesli<\/td>\n<td>12.Nesil<\/td>\n<\/tr>\n<tr>\n<td bgcolor=\"#f9f9f9\">\u0130\u015flemci Temel Frekans\u0131<\/td>\n<td>3.3\u00a0GHz<\/td>\n<\/tr>\n<tr>\n<td bgcolor=\"#f9f9f9\">\u0130\u015flemci Maks Turbo Frekans\u0131<\/td>\n<td>4.4 Ghz<\/td>\n<\/tr>\n<tr>\n<td bgcolor=\"#f9f9f9\">\u0130\u015flemci \u00c7ekirdek Say\u0131s\u0131<\/td>\n<td>6<\/td>\n<\/tr>\n<tr>\n<td bgcolor=\"#f9f9f9\" width=\"25%\">\u0130\u015flemci \u0130\u015f Par\u00e7ac\u0131\u011f\u0131 Say\u0131s\u0131<\/td>\n<td>8<\/td>\n<\/tr>\n<tr>\n<td bgcolor=\"#f9f9f9\">\u0130\u015flemci \u00d6nbellek<\/td>\n<td>12 MB<\/td>\n<\/tr>\n<tr>\n<td bgcolor=\"#f9f9f9\">\u0130\u015flemci Transist\u00f6r Mesafesi<\/td>\n<td>10 NM<\/td>\n<\/tr>\n<tr>\n<td bgcolor=\"#f9f9f9\">\u0130\u015flemci Is\u0131 Yayma Kapasitesi (TDP)<\/td>\n<td>15\u00a0W<\/td>\n<\/tr>\n<\/tbody>\n<\/table>\n<table border=\"0\" width=\"100%\">\n<tbody>\n<tr>\n<th align=\"left\"><img loading=\"lazy\" decoding=\"async\" src=\"https:\/\/www.detayresimler.com\/urun\/V\/V3520-1614_8.jpg\" alt=\"\" width=\"25\" height=\"25\" \/>\u00a0 \u00a0 Bellek<\/th>\n<\/tr>\n<\/tbody>\n<\/table>\n<p>&nbsp;<\/p>\n<div><\/div>\n<p>&nbsp;<\/p>\n<table border=\"1\" width=\"100%\" cellpadding=\"5\">\n<tbody>\n<tr>\n<td bgcolor=\"#f9f9f9\" width=\"25%\">Bellek Kapasitesi<\/td>\n<td>8\u00a0GB<\/td>\n<\/tr>\n<tr>\n<td bgcolor=\"#f9f9f9\">Bellek Tipi<\/td>\n<td>DDR4-SDRAM<\/td>\n<\/tr>\n<tr>\n<td bgcolor=\"#f9f9f9\">Bellek Frekans H\u0131z\u0131<\/td>\n<td>2666\u00a0MHz<\/td>\n<\/tr>\n<tr>\n<td bgcolor=\"#f9f9f9\">Bellek Form Fakt\u00f6r\u00fc<\/td>\n<td>SO-DIMM<\/td>\n<\/tr>\n<tr>\n<td bgcolor=\"#f9f9f9\">Bellek Yap\u0131land\u0131rma D\u00fczeni<\/td>\n<td>1\u00a0x\u00a08 GB<\/td>\n<\/tr>\n<tr>\n<td bgcolor=\"#f9f9f9\">Bellek Yuva Say\u0131s\u0131<\/td>\n<td>2 x SO-DIMM<\/td>\n<\/tr>\n<tr>\n<td bgcolor=\"#f9f9f9\">Maksimum Bellek Kapasitesi<\/td>\n<td>32\u00a0GB<\/td>\n<\/tr>\n<\/tbody>\n<\/table>\n<table border=\"0\" width=\"100%\">\n<tbody>\n<tr>\n<th align=\"left\"><img loading=\"lazy\" decoding=\"async\" src=\"https:\/\/www.detayresimler.com\/urun\/V\/V3520-1614_9.jpg\" alt=\"\" width=\"25\" height=\"25\" \/>\u00a0 \u00a0Depolama<\/th>\n<\/tr>\n<\/tbody>\n<\/table>\n<table border=\"1\" width=\"100%\" cellpadding=\"5\">\n<tbody>\n<tr>\n<td bgcolor=\"#f9f9f9\" width=\"25%\">Toplam Depolama Kapasitesi<\/td>\n<td>256\u00a0GB<\/td>\n<\/tr>\n<tr>\n<td bgcolor=\"#f9f9f9\">Depolama Ortam\u0131<\/td>\n<td>SSD<\/td>\n<\/tr>\n<tr>\n<td bgcolor=\"#f9f9f9\">SSD Kapasitesi<\/td>\n<td>256\u00a0GB<\/td>\n<\/tr>\n<tr>\n<td bgcolor=\"#f9f9f9\">SSD Aray\u00fcz\u00fc<\/td>\n<td>NVMe M.2 (PCIe)<\/td>\n<\/tr>\n<tr>\n<td bgcolor=\"#f9f9f9\">Optik S\u00fcr\u00fcc\u00fc<\/td>\n<td>Hay\u0131r \/ Yok<\/td>\n<\/tr>\n<tr>\n<td bgcolor=\"#f9f9f9\">Haf\u0131za Kart Okuyucu<\/td>\n<td>Evet \/ Var<\/td>\n<\/tr>\n<\/tbody>\n<\/table>\n<p>&nbsp;<\/p>\n<table border=\"0\" width=\"100%\">\n<tbody>\n<tr>\n<th align=\"left\"><img loading=\"lazy\" decoding=\"async\" src=\"https:\/\/www.detayresimler.com\/urun\/V\/V3520-1614_10.jpg\" alt=\"\" width=\"25\" height=\"25\" \/>\u00a0 \u00a0Dahili Grafik \u0130\u015flemci<\/th>\n<\/tr>\n<\/tbody>\n<\/table>\n<table border=\"1\" width=\"100%\" cellpadding=\"5\">\n<tbody>\n<tr>\n<td bgcolor=\"#f9f9f9\" width=\"25%\">Dahili Grafik \u0130\u015flemci \u00dcreticisi<\/td>\n<td>Intel<\/td>\n<\/tr>\n<tr>\n<td bgcolor=\"#f9f9f9\">Dahili Grafik \u0130\u015flemci Modeli<\/td>\n<td>Intel Iris UHD Graphics<\/td>\n<\/tr>\n<tr>\n<td bgcolor=\"#f9f9f9\">Dahili Grafik \u0130\u015flemci Maks Frekans\u0131<\/td>\n<td><\/td>\n<\/tr>\n<\/tbody>\n<\/table>\n<table border=\"0\" width=\"100%\">\n<tbody>\n<tr>\n<th align=\"left\"><img loading=\"lazy\" decoding=\"async\" src=\"https:\/\/www.detayresimler.com\/urun\/V\/V3520-1614_11.jpg\" alt=\"\" width=\"25\" height=\"25\" \/>\u00a0\u00a0 Ekran<\/th>\n<\/tr>\n<\/tbody>\n<\/table>\n<table border=\"1\" width=\"100%\" cellpadding=\"5\">\n<tbody>\n<tr>\n<td bgcolor=\"#f9f9f9\" width=\"25%\">Ekran Boyutu<\/td>\n<td>15.6&#8243; (39,6 cm)<\/td>\n<\/tr>\n<tr>\n<td bgcolor=\"#f9f9f9\">Ekran \u00c7\u00f6z\u00fcn\u00fcrl\u00fc\u011f\u00fc<\/td>\n<td>1920 x 1080 Piksel<\/td>\n<\/tr>\n<tr>\n<td bgcolor=\"#f9f9f9\">Ekran \u00c7\u00f6z\u00fcn\u00fcrl\u00fck Tan\u0131m\u0131<\/td>\n<td>Full HD<\/td>\n<\/tr>\n<tr>\n<td bgcolor=\"#f9f9f9\">Ekran Panel Tipi<\/td>\n<td>WVA<\/td>\n<\/tr>\n<tr>\n<td bgcolor=\"#f9f9f9\">Ekran En Boy Oran\u0131<\/td>\n<td>16:9<\/td>\n<\/tr>\n<tr>\n<td bgcolor=\"#f9f9f9\">Ekran Parlakl\u0131\u011f\u0131<\/td>\n<td>250 cd\/m\u00b2<\/td>\n<\/tr>\n<tr>\n<td bgcolor=\"#f9f9f9\">Dokunmatik Ekran<\/td>\n<td>Hay\u0131r \/ Yok<\/td>\n<\/tr>\n<\/tbody>\n<\/table>\n<table border=\"0\" width=\"100%\">\n<tbody>\n<tr>\n<th align=\"left\"><img loading=\"lazy\" decoding=\"async\" src=\"https:\/\/www.detayresimler.com\/urun\/V\/V3520-1614_12.jpg\" alt=\"\" width=\"25\" height=\"25\" \/>\u00a0 \u00a0Klavye &amp; \u0130\u015faret Ayg\u0131tlar\u0131<\/th>\n<\/tr>\n<\/tbody>\n<\/table>\n<table border=\"1\" width=\"100%\" cellpadding=\"5\">\n<tbody>\n<tr>\n<td bgcolor=\"#f9f9f9\" width=\"25%\">Klavye Dizilimi &amp; Dili<\/td>\n<td>Q T\u00fcrk\u00e7e<\/td>\n<\/tr>\n<tr>\n<td bgcolor=\"#f9f9f9\">Say\u0131sal Tu\u015f Tak\u0131m\u0131<\/td>\n<td>Hay\u0131r \/ Yok<\/td>\n<\/tr>\n<tr>\n<td bgcolor=\"#f9f9f9\">Klavye Arka Ayd\u0131nlatmas\u0131<\/td>\n<td>Hay\u0131r \/ Yok<\/td>\n<\/tr>\n<tr>\n<td bgcolor=\"#f9f9f9\">S\u0131v\u0131 D\u00f6k\u00fclmesine Dayan\u0131kl\u0131l\u0131k<\/td>\n<td>Hay\u0131r \/ Yok<\/td>\n<\/tr>\n<tr>\n<td bgcolor=\"#f9f9f9\">\u0130\u015faret Ayg\u0131t\u0131<\/td>\n<td>Dokunmatik Y\u00fczey (TouchPad)<\/td>\n<\/tr>\n<tr>\n<td bgcolor=\"#f9f9f9\">Parmak \u0130zi Okucuyu<\/td>\n<td>Hay\u0131r \/ Yok<\/td>\n<\/tr>\n<\/tbody>\n<\/table>\n<table border=\"0\" width=\"100%\">\n<tbody>\n<tr>\n<th align=\"left\"><img loading=\"lazy\" decoding=\"async\" src=\"https:\/\/www.detayresimler.com\/urun\/V\/V3520-1614_13.jpg\" alt=\"\" width=\"25\" height=\"25\" \/>\u00a0 \u00a0Ses<\/th>\n<\/tr>\n<\/tbody>\n<\/table>\n<table border=\"1\" width=\"100%\" cellpadding=\"5\">\n<tbody>\n<tr>\n<td bgcolor=\"#f9f9f9\" width=\"25%\">Hoparl\u00f6r<\/td>\n<td>Evet \/ Var<\/td>\n<\/tr>\n<tr>\n<td bgcolor=\"#f9f9f9\">Hoparl\u00f6r Say\u0131s\u0131<\/td>\n<td>2<\/td>\n<\/tr>\n<tr>\n<td bgcolor=\"#f9f9f9\">Mikrofon<\/td>\n<td>Evet \/ Var<\/td>\n<\/tr>\n<tr>\n<td bgcolor=\"#f9f9f9\">Mikrofon Say\u0131s\u0131<\/td>\n<td>2<\/td>\n<\/tr>\n<\/tbody>\n<\/table>\n<table border=\"0\" width=\"100%\">\n<tbody>\n<tr>\n<th align=\"left\"><img loading=\"lazy\" decoding=\"async\" src=\"https:\/\/www.detayresimler.com\/urun\/V\/V3520-1614_14.jpg\" alt=\"\" width=\"25\" height=\"25\" \/>\u00a0\u00a0 Kamera<\/th>\n<\/tr>\n<\/tbody>\n<\/table>\n<table border=\"1\" width=\"100%\" cellpadding=\"5\">\n<tbody>\n<tr>\n<td bgcolor=\"#f9f9f9\" width=\"25%\">Kamera<\/td>\n<td>Evet \/ Var<\/td>\n<\/tr>\n<tr>\n<td bgcolor=\"#f9f9f9\">Kamera \u00c7\u00f6z\u00fcn\u00fcrl\u00fc\u011f\u00fc<\/td>\n<td>1080\u00a0P FHD 30 fps<\/td>\n<\/tr>\n<\/tbody>\n<\/table>\n<table border=\"0\" width=\"100%\">\n<tbody>\n<tr>\n<th align=\"left\"><img loading=\"lazy\" decoding=\"async\" src=\"https:\/\/www.detayresimler.com\/urun\/V\/V3520-1614_15.jpg\" alt=\"\" width=\"25\" height=\"25\" \/>\u00a0 \u00a0A\u011f Ba\u011flant\u0131lar\u0131<\/th>\n<\/tr>\n<\/tbody>\n<\/table>\n<table border=\"1\" width=\"100%\" cellpadding=\"5\">\n<tbody>\n<tr>\n<td bgcolor=\"#f9f9f9\" width=\"25%\">Kablosuz Ba\u011flant\u0131 (Wi-Fi)<\/td>\n<td>Evet \/ Var<\/td>\n<\/tr>\n<tr>\n<td bgcolor=\"#f9f9f9\">Kablosuz Ba\u011flant\u0131 (Wi-Fi) Teknolojisi<\/td>\n<td>Wi-Fi\u00a05 (802.11ac)<\/td>\n<\/tr>\n<tr>\n<td bgcolor=\"#f9f9f9\">Ethernet (LAN\/RJ45)<\/td>\n<td>Evet \/ Var<\/td>\n<\/tr>\n<tr>\n<td bgcolor=\"#f9f9f9\">Ethernet LAN Veri Transfer H\u0131z\u0131<\/td>\n<td>Gigabit (10\/100\/1000 Mbps)<\/td>\n<\/tr>\n<tr>\n<td bgcolor=\"#f9f9f9\">Bluetooth<\/td>\n<td>Evet \/ Var<\/td>\n<\/tr>\n<tr>\n<td bgcolor=\"#f9f9f9\">Bluetooth Versiyon<\/td>\n<td>5.1<\/td>\n<\/tr>\n<tr>\n<td bgcolor=\"#f9f9f9\">Mobil A\u011f Ba\u011flant\u0131s\u0131 (LTE)<\/td>\n<td>Hay\u0131r \/ Yok<\/td>\n<\/tr>\n<\/tbody>\n<\/table>\n<table border=\"0\" width=\"100%\">\n<tbody>\n<tr>\n<th align=\"left\"><img loading=\"lazy\" decoding=\"async\" src=\"https:\/\/www.detayresimler.com\/urun\/V\/V3520-1614_16.jpg\" alt=\"\" width=\"25\" height=\"25\" \/>\u00a0 Ba\u011flant\u0131 Noktalar\u0131<\/th>\n<\/tr>\n<\/tbody>\n<\/table>\n<table border=\"1\" width=\"100%\" cellpadding=\"5\">\n<tbody>\n<tr>\n<td bgcolor=\"#f9f9f9\" width=\"25%\">USB 3.2 \/ Say\u0131s\u0131<\/td>\n<td>Evet \/ Var \/\u00a02<\/td>\n<\/tr>\n<tr>\n<td bgcolor=\"#f9f9f9\">USB 3.2 \u00d6zellikleri<\/td>\n<td>\u015earj Deste\u011fi<\/td>\n<\/tr>\n<tr>\n<td bgcolor=\"#f9f9f9\">USB 2.0 \/ Say\u0131s\u0131<\/td>\n<td>Evet \/ Var \/ 1<\/td>\n<\/tr>\n<tr>\n<td bgcolor=\"#f9f9f9\">USB Type-C<\/td>\n<td>Evet \/ Var<\/td>\n<\/tr>\n<tr>\n<td bgcolor=\"#f9f9f9\">USB Type-C Say\u0131s\u0131<\/td>\n<td>1<\/td>\n<\/tr>\n<tr>\n<td bgcolor=\"#f9f9f9\">USB Type-C \u00d6zellikleri<\/td>\n<td>\u015earj Deste\u011fi, DisplayPort 1.4<\/td>\n<\/tr>\n<tr>\n<td bgcolor=\"#f9f9f9\">HDMI<\/td>\n<td>Evet \/ Var<\/td>\n<\/tr>\n<tr>\n<td bgcolor=\"#f9f9f9\">Birle\u015fik Kulakl\u0131k &amp; Mikrofon Portu<\/td>\n<td>Evet \/ Var<\/td>\n<td>\n<div><\/div>\n<\/td>\n<\/tr>\n<\/tbody>\n<\/table>\n<p>&nbsp;<\/p>\n<div>\n<table border=\"0\" width=\"100%\">\n<tbody>\n<tr>\n<th align=\"left\"><\/th>\n<\/tr>\n<\/tbody>\n<\/table>\n<\/div>\n<div><\/div>\n<div>\n<table border=\"0\" width=\"100%\">\n<tbody>\n<tr>\n<th align=\"left\"><img loading=\"lazy\" decoding=\"async\" src=\"https:\/\/www.detayresimler.com\/urun\/V\/V3520-1614_17.jpg\" alt=\"\" width=\"25\" height=\"25\" \/>\u00a0 \u00a0Batarya &amp; Enerji Y\u00f6netimi<\/th>\n<\/tr>\n<\/tbody>\n<\/table>\n<\/div>\n<table border=\"1\" width=\"100%\" cellpadding=\"5\">\n<tbody>\n<tr>\n<td bgcolor=\"#f9f9f9\" width=\"25%\">Batarya Teknolojisi<\/td>\n<td>Li-Po (Lityum-Polimer)<\/td>\n<\/tr>\n<tr>\n<td bgcolor=\"#f9f9f9\">Batarya H\u00fccre Say\u0131s\u0131<\/td>\n<td>4<\/td>\n<\/tr>\n<tr>\n<td bgcolor=\"#f9f9f9\">Batarya G\u00fcc\u00fc<\/td>\n<td>54\u00a0W<\/td>\n<\/tr>\n<tr>\n<td bgcolor=\"#f9f9f9\">AC Adapt\u00f6r G\u00fcc\u00fc<\/td>\n<td>65W<\/td>\n<\/tr>\n<\/tbody>\n<\/table>\n<table border=\"0\" width=\"100%\">\n<tbody>\n<tr>\n<th align=\"left\">\n<div><img loading=\"lazy\" decoding=\"async\" src=\"https:\/\/www.detayresimler.com\/urun\/V\/V3520-1614_18.jpg\" alt=\"\" width=\"25\" height=\"25\" \/>\u00a0 \u00a0Tasar\u0131m<\/div>\n<div>\n<\/div>\n<\/th>\n<\/tr>\n<\/tbody>\n<\/table>\n<table border=\"1\" width=\"100%\" cellpadding=\"5\">\n<tbody>\n<tr>\n<td bgcolor=\"#f9f9f9\" width=\"25%\">Renk<\/td>\n<td>Karbon Siyah\u0131<\/td>\n<\/tr>\n<tr>\n<td bgcolor=\"#f9f9f9\">G\u00f6vde Malzemesi<\/td>\n<td>Al\u00fcminyum &#8211; Plastik<\/td>\n<\/tr>\n<tr>\n<td bgcolor=\"#f9f9f9\">A\u011f\u0131rl\u0131k<\/td>\n<td>1.94 kg<\/td>\n<\/tr>\n<tr>\n<td bgcolor=\"#f9f9f9\">Geni\u015flik<\/td>\n<td>358.50\u00a0mm<\/td>\n<\/tr>\n<tr>\n<td bgcolor=\"#f9f9f9\">Derinlik<\/td>\n<td>235.56 mm<\/td>\n<\/tr>\n<tr>\n<td bgcolor=\"#f9f9f9\">Kal\u0131nl\u0131k<\/td>\n<td>18.99 mm<\/td>\n<\/tr>\n<\/tbody>\n<\/table>\n","protected":false},"excerpt":{"rendered":"<table class=\"product-detail\" border=\"0\" width=\"100%\" cellspacing=\"0\" cellpadding=\"0\">\n<tbody>\n<tr>\n<td class=\"product-detail-02\" width=\"34%\">\u0130\u015flemci:<\/td>\n<td width=\"66%\">\u00a0INTEL<\/td>\n<\/tr>\n<tr>\n<td class=\"product-detail-02\" width=\"34%\">\u0130\u015flemci Tipi:<\/td>\n<td width=\"66%\">\u00a0INTEL CORE I3<\/td>\n<\/tr>\n<tr>\n<td class=\"product-detail-02\" width=\"34%\">Bellek:<\/td>\n<td width=\"66%\">\u00a08 GB<\/td>\n<\/tr>\n<tr>\n<td class=\"product-detail-02\" width=\"34%\">Depolama Alan\u0131 SSD:<\/td>\n<td width=\"66%\">\u00a0256 GB<\/td>\n<\/tr>\n<tr>\n<td class=\"product-detail-02\" width=\"34%\">Ekran Kart\u0131 Tipi:<\/td>\n<td width=\"66%\">\u00a0PAYLASIMLI<\/td>\n<\/tr>\n<tr>\n<td class=\"product-detail-02\" width=\"34%\">Ekran Kart\u0131 GPU:<\/td>\n<td width=\"66%\">\u00a0INTEL Dahili GPU<\/td>\n<\/tr>\n<tr>\n<td class=\"product-detail-02\" width=\"34%\">Ekran Kart\u0131 Bellek:<\/td>\n<td width=\"66%\">\u00a0PAYLASIMLI<\/td>\n<\/tr>\n<tr>\n<td class=\"product-detail-02\" width=\"34%\">Ekran Boyutu:<\/td>\n<td width=\"66%\">\u00a015,6 in\u00e7<\/td>\n<\/tr>\n<tr>\n<td class=\"product-detail-02\" width=\"34%\">Ekran \u00c7\u00f6z\u00fcn\u00fcrl\u00fc\u011f\u00fc:<\/td>\n<td width=\"66%\">\u00a01920X1080<\/td>\n<\/tr>\n<tr>\n<td class=\"product-detail-02\" width=\"34%\">\u0130\u015fletim Sistemi:<\/td>\n<td width=\"66%\">\u00a0FREE DOS<\/td>\n<\/tr>\n<\/tbody>\n<\/table>\n","protected":false},"featured_media":721,"template":"","meta":{"om_disable_all_campaigns":false,"_monsterinsights_skip_tracking":false,"_monsterinsights_sitenote_active":false,"_monsterinsights_sitenote_note":"","_monsterinsights_sitenote_category":0},"product_cat":[201],"product_tag":[],"class_list":{"0":"post-720","1":"product","2":"type-product","3":"status-publish","4":"has-post-thumbnail","6":"product_cat-notebooklar","7":"thunk-woo-product-list","8":"opn-qv-enable","9":"top-store-woo-hover-zoom","10":"top-store-single-product-tab-horizontal","11":"top-store-shadow-","12":"top-store-shadow-hover-","14":"first","15":"instock","16":"taxable","17":"shipping-taxable","18":"product-type-simple"},"aioseo_notices":[],"_links":{"self":[{"href":"https:\/\/bilginteknoloji.com\/woo\/wp-json\/wp\/v2\/product\/720","targetHints":{"allow":["GET"]}}],"collection":[{"href":"https:\/\/bilginteknoloji.com\/woo\/wp-json\/wp\/v2\/product"}],"about":[{"href":"https:\/\/bilginteknoloji.com\/woo\/wp-json\/wp\/v2\/types\/product"}],"wp:featuredmedia":[{"embeddable":true,"href":"https:\/\/bilginteknoloji.com\/woo\/wp-json\/wp\/v2\/media\/721"}],"wp:attachment":[{"href":"https:\/\/bilginteknoloji.com\/woo\/wp-json\/wp\/v2\/media?parent=720"}],"wp:term":[{"taxonomy":"product_cat","embeddable":true,"href":"https:\/\/bilginteknoloji.com\/woo\/wp-json\/wp\/v2\/product_cat?post=720"},{"taxonomy":"product_tag","embeddable":true,"href":"https:\/\/bilginteknoloji.com\/woo\/wp-json\/wp\/v2\/product_tag?post=720"}],"curies":[{"name":"wp","href":"https:\/\/api.w.org\/{rel}","templated":true}]}}