{"id":714,"date":"2024-08-13T18:11:02","date_gmt":"2024-08-13T15:11:02","guid":{"rendered":"https:\/\/bilginteknoloji.com\/woo\/?post_type=product&#038;p=714"},"modified":"2024-08-13T18:11:02","modified_gmt":"2024-08-13T15:11:02","slug":"lenovo-82yu00q6tx-v15-g4-amn-amd-ryzen-5-7520u-15-6-fhd-8gb-ddr5-ram-256gb-ssd-entegre-amd-radeon-grafik-karti-free-dos-notebook","status":"publish","type":"product","link":"https:\/\/bilginteknoloji.com\/woo\/urun\/lenovo-82yu00q6tx-v15-g4-amn-amd-ryzen-5-7520u-15-6-fhd-8gb-ddr5-ram-256gb-ssd-entegre-amd-radeon-grafik-karti-free-dos-notebook\/","title":{"rendered":"LENOVO 82YU00Q6TX, V15 G4 AMN, AMD RYZEN 5 7520U, 15.6&#8243; FHD, 8Gb DDR5 Ram, 256Gb SSD, Entegre AMD Radeon Grafik Kart\u0131, Free Dos Notebook"},"content":{"rendered":"<table id=\"as_SpecData\" class=\"SpecValueTable\">\n<tbody>\n<tr class=\"structureTitleTR\">\n<td class=\"structureTitle\" colspan=\"2\">VER\u0130M<\/td>\n<\/tr>\n<tr class=\"as_level2\">\n<td>\u0130\u015flemci<\/td>\n<td class=\"alignleft\">\n<div class=\"rightValue\">AMD Ryzen\u2122 5 7520U (4C \/ 8T, 2,8 \/ 4,3GHz, 2MB L2 \/ 4MB L3)<\/div>\n<\/td>\n<\/tr>\n<tr class=\"as_level2\">\n<td>Grafik<\/td>\n<td class=\"alignleft\">\n<div class=\"rightValue\">Entegre AMD Radeon\u2122 610M Grafik Kart\u0131<\/div>\n<\/td>\n<\/tr>\n<tr class=\"as_level2\">\n<td>Yonga seti<\/td>\n<td class=\"alignleft\">\n<div class=\"rightValue\">AMD SoC Platformu<\/div>\n<\/td>\n<\/tr>\n<tr class=\"as_level2\">\n<td>Haf\u0131za<\/td>\n<td class=\"alignleft\">\n<div class=\"rightValue\">8GB Lehimli LPDDR5-5500<\/div>\n<\/td>\n<\/tr>\n<tr class=\"as_level2\">\n<td>Bellek Yuvalar\u0131<\/td>\n<td class=\"alignleft\">\n<div class=\"rightValue\">Sistem kart\u0131na lehimlenmi\u015f bellek, yuva yok, \u00e7ift kanall\u0131<\/div>\n<\/td>\n<\/tr>\n<tr class=\"as_level2\">\n<td>Maksimum Bellek<\/td>\n<td class=\"alignleft\">\n<div class=\"rightValue\">8GB lehimli bellek, y\u00fckseltilemez<\/div>\n<\/td>\n<\/tr>\n<tr class=\"as_level2\">\n<td>Depolamak<\/td>\n<td class=\"alignleft\">\n<div class=\"rightValue\">256 GB SSD M.2 2242 PCIe\u00ae 4.0&#215;4 NVMe\u00ae<\/div>\n<\/td>\n<\/tr>\n<tr class=\"as_level2\">\n<td>Depolama Deste\u011fi<\/p>\n<div class=\"icon_infoNote\"><\/div>\n<\/td>\n<td class=\"alignleft\">\n<div class=\"rightValue\">Bir s\u00fcr\u00fcc\u00fc, 512 GBa kadar M.2 2242 SSD<\/div>\n<\/td>\n<\/tr>\n<tr class=\"as_level2\">\n<td>Depolama Yuvas\u0131<\/td>\n<td class=\"alignleft\">\n<div class=\"rightValue\">Bir adet M.2 2242 PCIe\u00ae 3.0 x2 yuvas\u0131<\/div>\n<\/td>\n<\/tr>\n<tr class=\"as_level2\">\n<td>Kart okuyucu<\/td>\n<td class=\"alignleft\">\n<div class=\"rightValue\">Hi\u00e7biri<\/div>\n<\/td>\n<\/tr>\n<tr class=\"as_level2\">\n<td>Optik<\/td>\n<td class=\"alignleft\">\n<div class=\"rightValue\">Hi\u00e7biri<\/div>\n<\/td>\n<\/tr>\n<tr class=\"as_level2\">\n<td>Ses \u00c7ipi<\/td>\n<td class=\"alignleft\">\n<div class=\"rightValue\">Y\u00fcksek Tan\u0131ml\u0131 (HD) Ses, Realtek\u00ae ALC3287 codec bile\u015feni<\/div>\n<\/td>\n<\/tr>\n<tr class=\"as_level2\">\n<td>Hoparl\u00f6rler<\/td>\n<td class=\"alignleft\">\n<div class=\"rightValue\">Stereo hoparl\u00f6rler, 1,5W x2, Dolby\u00ae Audio\u2122<\/div>\n<\/td>\n<\/tr>\n<tr class=\"as_level2\">\n<td>Kamera<\/td>\n<td class=\"alignleft\">\n<div class=\"rightValue\">HD 720p Gizlilik Deklan\u015f\u00f6r\u00fcyle<\/div>\n<\/td>\n<\/tr>\n<tr class=\"as_level2\">\n<td>Mikrofon<\/td>\n<td class=\"alignleft\">\n<div class=\"rightValue\">2x, Dizi<\/div>\n<\/td>\n<\/tr>\n<tr class=\"as_level2\">\n<td>Pil<\/td>\n<td class=\"alignleft\">\n<div class=\"rightValue\">Entegre 38Wh<\/div>\n<\/td>\n<\/tr>\n<tr class=\"as_level2\">\n<td>G\u00fc\u00e7 adapt\u00f6r\u00fc<\/td>\n<td class=\"alignleft\">\n<div class=\"rightValue\">65W Yuvarlak U\u00e7 (3 pinli)<\/div>\n<\/td>\n<\/tr>\n<tr class=\"structureTitleTR\">\n<td class=\"structureTitle\" colspan=\"2\">TASARIM<\/td>\n<\/tr>\n<tr class=\"as_level2\">\n<td>G\u00f6r\u00fcnt\u00fclemek<\/td>\n<td class=\"alignleft\">\n<div class=\"rightValue\">15,6&#8243; FHD (1920&#215;1080) TN 250nit Parlama \u00f6nleyici<\/div>\n<\/td>\n<\/tr>\n<tr class=\"as_level2\">\n<td>Dokunmatik ekran<\/td>\n<td class=\"alignleft\">\n<div class=\"rightValue\">Hi\u00e7biri<\/div>\n<\/td>\n<\/tr>\n<tr class=\"as_level2\">\n<td>Tu\u015f tak\u0131m\u0131<\/td>\n<td class=\"alignleft\">\n<div class=\"rightValue\">Arkadan ayd\u0131nlatmas\u0131z, T\u00fcrk\u00e7e<\/div>\n<\/td>\n<\/tr>\n<tr class=\"as_level2\">\n<td>Kasa Rengi<\/td>\n<td class=\"alignleft\">\n<div class=\"rightValue\">\u0130\u015f Siyah\u0131<\/div>\n<\/td>\n<\/tr>\n<tr class=\"as_level2\">\n<td>Y\u00fczey \u0130\u015flem<\/td>\n<td class=\"alignleft\">\n<div class=\"rightValue\">Doku<\/div>\n<\/td>\n<\/tr>\n<tr class=\"as_level2\">\n<td>Kutu Malzemesi<\/td>\n<td class=\"alignleft\">\n<div class=\"rightValue\">PC-ABS (\u00dcst), PC-ABS (Alt)<\/div>\n<\/td>\n<\/tr>\n<tr class=\"as_level2\">\n<td>Boyutlar (GxDxY)<\/p>\n<div class=\"icon_infoNote\"><\/div>\n<\/td>\n<td class=\"alignleft\">\n<div class=\"rightValue\">359,2 x 235,8 x 19,9 mm (14,14 x 9,28 x 0,78 in\u00e7)<\/div>\n<\/td>\n<\/tr>\n<tr class=\"as_level2\">\n<td>A\u011f\u0131rl\u0131k<\/p>\n<div class=\"icon_infoNote\"><\/div>\n<\/td>\n<td class=\"alignleft\">\n<div class=\"rightValue\">1,65 kgdan (3,64 lb) ba\u015flayan a\u011f\u0131rl\u0131klar<\/div>\n<\/td>\n<\/tr>\n<tr class=\"structureTitleTR\">\n<td class=\"structureTitle\" colspan=\"2\">YAZILIM<\/td>\n<\/tr>\n<tr class=\"as_level2\">\n<td>\u0130\u015fletim sistemi<\/td>\n<td class=\"alignleft\">\n<div class=\"rightValue\">Hi\u00e7biri<\/div>\n<\/td>\n<\/tr>\n<tr class=\"as_level2\">\n<td>Paket yaz\u0131l\u0131m<\/td>\n<td class=\"alignleft\">\n<div class=\"rightValue\">Hi\u00e7biri<\/div>\n<\/td>\n<\/tr>\n<tr class=\"structureTitleTR\">\n<td class=\"structureTitle\" colspan=\"2\">BA\u011eLANTI<\/td>\n<\/tr>\n<tr class=\"as_level2\">\n<td>ethernet<\/td>\n<td class=\"alignleft\">\n<div class=\"rightValue\">100\/1000M (RJ-45)<\/div>\n<\/td>\n<\/tr>\n<tr class=\"as_level2\">\n<td>WLAN + Bluetooth<\/p>\n<div class=\"icon_infoNote\"><\/div>\n<\/td>\n<td class=\"alignleft\">\n<div class=\"rightValue\">11ac 2&#215;2 + BT5.1<\/div>\n<\/td>\n<\/tr>\n<tr class=\"as_level2\">\n<td>Standart Ba\u011flant\u0131 Noktalar\u0131<\/td>\n<td class=\"alignleft\">\n<div class=\"rightValue\">\n<ul class=\"singleAttrValue\">\n<li>1x Ethernet (RJ-45)<\/li>\n<li>1x HDMI\u00ae 1.4b<\/li>\n<li>1x Kulakl\u0131k \/ mikrofon birle\u015fik giri\u015fi (3,5 mm)<\/li>\n<li>1x G\u00fc\u00e7 konekt\u00f6r\u00fc<\/li>\n<li>1x USB-C\u00ae 3.2 Gen 1 (veri aktar\u0131m\u0131n\u0131, G\u00fc\u00e7 Da\u011f\u0131t\u0131m\u0131n\u0131 (yaln\u0131zca 20V) ve DisplayPort\u2122 1.2yi destekler)<\/li>\n<li>2x USB 3.2 Gen 1<\/li>\n<\/ul>\n<\/div>\n<\/td>\n<\/tr>\n<tr class=\"as_level2\">\n<td>Yerle\u015ftirme<\/td>\n<td class=\"alignleft\">\n<div class=\"rightValue\">USB-C\u00ae arac\u0131l\u0131\u011f\u0131yla desteklenen \u00e7e\u015fitli yerle\u015ftirme \u00e7\u00f6z\u00fcmleri. Daha uyumlu yerle\u015ftirme \u00e7\u00f6z\u00fcmleri i\u00e7in l\u00fctfen <a href=\"https:\/\/smartfind.lenovo.com\/accessories\/#\/search?categoryL1Name=Docking&amp;categoryL2Names&amp;pageIndex=1&amp;pageSize=40&amp;query=82YU\" target=\"_blank\" rel=\"noopener\">Lenovo\u00ae V15 G4 AMN Yerle\u015ftirmeyi ziyaret edin<\/a><\/div>\n<\/td>\n<\/tr>\n<tr class=\"as_level2\">\n<td>G\u00fcvenlik \u00c7ipi<\/td>\n<td class=\"alignleft\">\n<div class=\"rightValue\">Firmware TPM 2.0 Etkin<\/div>\n<\/td>\n<\/tr>\n<tr class=\"as_level2\">\n<td>Parmak izi okuyucu<\/td>\n<td class=\"alignleft\">\n<div class=\"rightValue\">Hi\u00e7biri<\/div>\n<\/td>\n<\/tr>\n<tr class=\"as_level2\">\n<td>Fiziksel Kilitler<\/td>\n<td class=\"alignleft\">\n<div class=\"rightValue\">Kensington\u00ae Nano G\u00fcvenlik Yuvas\u0131\u2122, 2,5 x 6 mm<\/div>\n<\/td>\n<\/tr>\n<tr class=\"as_level2\">\n<td>Di\u011fer G\u00fcvenlik<\/td>\n<td class=\"alignleft\">\n<div class=\"rightValue\">Kamera gizlilik deklan\u015f\u00f6r\u00fc<\/div>\n<\/td>\n<\/tr>\n<tr class=\"structureTitleTR\">\n<td class=\"structureTitle\" colspan=\"2\">H\u0130ZMET<\/td>\n<\/tr>\n<tr class=\"as_level2\">\n<td>Temel Garanti<\/td>\n<td class=\"alignleft\">\n<div class=\"rightValue\">2 y\u0131ll\u0131k, Kurye veya Teslim<\/div>\n<\/td>\n<\/tr>\n<tr class=\"as_level2\">\n<td>Y\u00fckseltme dahil<\/td>\n<td class=\"alignleft\">\n<div class=\"rightValue\">Hi\u00e7biri<\/div>\n<\/td>\n<\/tr>\n<tr class=\"structureTitleTR\">\n<td class=\"structureTitle\" colspan=\"2\">SERT\u0130F\u0130KALAR<\/td>\n<\/tr>\n<tr class=\"as_level2 as_body_row_bc\">\n<td>Ye\u015fil Sertifikalar<\/td>\n<td class=\"alignleft\">\n<div class=\"rightValue\">\n<ul class=\"singleAttrValue\">\n<li>ErP Lot 3<\/li>\n<li>FSC sertifikal\u0131 paket<\/li>\n<li>RoHS uyumlu<\/li>\n<\/ul>\n<\/div>\n<\/td>\n<\/tr>\n<tr class=\"as_level2\">\n<td>Di\u011fer Sertifikalar<\/td>\n<td class=\"alignleft\">\n<div class=\"rightValue\">T\u00dcV Rheinland\u00ae D\u00fc\u015f\u00fck Mavi I\u015f\u0131k (Yaz\u0131l\u0131m \u00c7\u00f6z\u00fcm\u00fc)<\/div>\n<\/td>\n<\/tr>\n<tr class=\"as_level2\">\n<td>Mil-Spec Testi<\/td>\n<td class=\"alignleft\">\n<div class=\"rightValue\">MIL-STD-810H askeri testi ba\u015far\u0131yla ge\u00e7ti<\/div>\n<\/td>\n<\/tr>\n<\/tbody>\n<\/table>\n","protected":false},"excerpt":{"rendered":"<table class=\"product-detail\" border=\"0\" width=\"100%\" cellspacing=\"0\" cellpadding=\"0\">\n<tbody>\n<tr>\n<td class=\"product-detail-02\" width=\"34%\">\u0130\u015flemci:<\/td>\n<td width=\"66%\">\u00a0AMD<\/td>\n<\/tr>\n<tr>\n<td class=\"product-detail-02\" width=\"34%\">\u0130\u015flemci Tipi:<\/td>\n<td width=\"66%\">\u00a0AMD RYZEN 5<\/td>\n<\/tr>\n<tr>\n<td class=\"product-detail-02\" width=\"34%\">Bellek:<\/td>\n<td width=\"66%\">\u00a08 GB<\/td>\n<\/tr>\n<tr>\n<td class=\"product-detail-02\" width=\"34%\">Depolama Alan\u0131 SSD:<\/td>\n<td width=\"66%\">\u00a0256 GB<\/td>\n<\/tr>\n<tr>\n<td class=\"product-detail-02\" width=\"34%\">Ekran Kart\u0131 Tipi:<\/td>\n<td width=\"66%\">\u00a0PAYLASIMLI<\/td>\n<\/tr>\n<tr>\n<td class=\"product-detail-02\" width=\"34%\">Ekran Kart\u0131 GPU:<\/td>\n<td width=\"66%\">\u00a0AMD Graphics<\/td>\n<\/tr>\n<tr>\n<td class=\"product-detail-02\" width=\"34%\">Ekran Kart\u0131 Bellek:<\/td>\n<td width=\"66%\">\u00a0PAYLASIMLI<\/td>\n<\/tr>\n<tr>\n<td class=\"product-detail-02\" width=\"34%\">Ekran Boyutu:<\/td>\n<td width=\"66%\">\u00a015,6 in\u00e7<\/td>\n<\/tr>\n<tr>\n<td class=\"product-detail-02\" width=\"34%\">Ekran \u00c7\u00f6z\u00fcn\u00fcrl\u00fc\u011f\u00fc:<\/td>\n<td width=\"66%\">\u00a01920X1080<\/td>\n<\/tr>\n<tr>\n<td class=\"product-detail-02\" width=\"34%\">\u0130\u015fletim Sistemi:<\/td>\n<td width=\"66%\">\u00a0FREE DOS<\/td>\n<\/tr>\n<\/tbody>\n<\/table>\n","protected":false},"featured_media":715,"template":"","meta":{"om_disable_all_campaigns":false,"_monsterinsights_skip_tracking":false,"_monsterinsights_sitenote_active":false,"_monsterinsights_sitenote_note":"","_monsterinsights_sitenote_category":0},"product_cat":[201],"product_tag":[],"class_list":{"0":"post-714","1":"product","2":"type-product","3":"status-publish","4":"has-post-thumbnail","6":"product_cat-notebooklar","7":"thunk-woo-product-list","8":"opn-qv-enable","9":"top-store-woo-hover-zoom","10":"top-store-single-product-tab-horizontal","11":"top-store-shadow-","12":"top-store-shadow-hover-","14":"first","15":"instock","16":"taxable","17":"shipping-taxable","18":"product-type-simple"},"aioseo_notices":[],"_links":{"self":[{"href":"https:\/\/bilginteknoloji.com\/woo\/wp-json\/wp\/v2\/product\/714","targetHints":{"allow":["GET"]}}],"collection":[{"href":"https:\/\/bilginteknoloji.com\/woo\/wp-json\/wp\/v2\/product"}],"about":[{"href":"https:\/\/bilginteknoloji.com\/woo\/wp-json\/wp\/v2\/types\/product"}],"wp:featuredmedia":[{"embeddable":true,"href":"https:\/\/bilginteknoloji.com\/woo\/wp-json\/wp\/v2\/media\/715"}],"wp:attachment":[{"href":"https:\/\/bilginteknoloji.com\/woo\/wp-json\/wp\/v2\/media?parent=714"}],"wp:term":[{"taxonomy":"product_cat","embeddable":true,"href":"https:\/\/bilginteknoloji.com\/woo\/wp-json\/wp\/v2\/product_cat?post=714"},{"taxonomy":"product_tag","embeddable":true,"href":"https:\/\/bilginteknoloji.com\/woo\/wp-json\/wp\/v2\/product_tag?post=714"}],"curies":[{"name":"wp","href":"https:\/\/api.w.org\/{rel}","templated":true}]}}