{"id":710,"date":"2024-08-13T18:08:06","date_gmt":"2024-08-13T15:08:06","guid":{"rendered":"https:\/\/bilginteknoloji.com\/woo\/?post_type=product&#038;p=710"},"modified":"2024-08-13T18:08:07","modified_gmt":"2024-08-13T15:08:07","slug":"asus-b1502cba-i78512b0d-expertbook-b1-i7-1255u-15-6-fhd-8gb-ram-512gb-ssd-paylasimli-ekran-karti-free-dos-kurumsal-notebook","status":"publish","type":"product","link":"https:\/\/bilginteknoloji.com\/woo\/urun\/asus-b1502cba-i78512b0d-expertbook-b1-i7-1255u-15-6-fhd-8gb-ram-512gb-ssd-paylasimli-ekran-karti-free-dos-kurumsal-notebook\/","title":{"rendered":"ASUS B1502CBA-I78512B0D, ExpertBook B1, i7-1255U, 15.6&#8243; FHD, 8Gb Ram, 512Gb SSD, Payla\u015f\u0131ml\u0131 Ekran Kart\u0131, Free Dos, Kurumsal Notebook"},"content":{"rendered":"<div class=\"KvSummary__content__1uWlC\">\n<div class=\"KvSummary__productHeadiing__UPRDo KvSummary__themeWhite__21KI0\"><strong>ASUS B1502CBA-I78512B0D, ExpertBook B1, i7-1255U, 15.6&#8243; FHD, 8Gb Ram, 512Gb SSD, Payla\u015f\u0131ml\u0131 Ekran Kart\u0131, Free Dos, Notebook<\/strong><\/div>\n<\/div>\n<div class=\"KvSummary__content__1uWlC\">\n<div class=\"KvSummary__productHeadiing__UPRDo KvSummary__themeWhite__21KI0\">\n<div class=\"KvSummary__productHeadiing__UPRDo KvSummary__themeWhite__21KI0\">ExpertBook B1 (B1502, 12th Gen Intel)<\/div>\n<div class=\"KvSummary__productIntro__1WXF- KvSummary__themeWhite__21KI0\">Y\u00fcksek performans isteyen i\u015fletmeler i\u00e7in tasarland\u0131<\/p>\n<ul>\n<li>ASUS, i\u015fletmeler i\u00e7in Windows 11 Proyu \u00f6nerir<\/li>\n<li>12. nesil Inte\u00ae\u00a0Core\u2122 i7 i\u015flemciye kadar<\/li>\n<li>Intel\u00aeIris X grafiklerine kadar<\/li>\n<li>15,6\u201d kompakt ekran<\/li>\n<li>Kurumsal d\u00fczeyde g\u00fcvenlik \u00f6zellikleri<\/li>\n<li>MIL-STD 810H ABD askeri standard\u0131<\/li>\n<\/ul>\n<\/div>\n<h2 class=\"content__title\">Y\u00fcksek performans isteyen<br \/>\ni\u015fletmeler i\u00e7in tasarland\u0131<\/h2>\n<div class=\"content__info info--1\">\u0130\u015finiz i\u00e7in \u00f6zellikler ve g\u00fc\u00e7le dolu ASUS ExpertBook B1, h\u0131rsl\u0131 firmalar ve ilham veren e\u011fitim kurumlar\u0131 i\u00e7in ideal se\u00e7imdir. Kompakt tasar\u0131m\u0131, canl\u0131 g\u00f6rseller i\u00e7in parlak, net 15,6 in\u00e7 ekran\u0131, ayr\u0131ca etkileyici performans\u0131, kurumsal d\u00fczeyde g\u00fcvenli\u011fi, askeri d\u00fczeyde dayan\u0131kl\u0131l\u0131\u011f\u0131 ve kapsaml\u0131 ba\u011flant\u0131 \u00f6zellikleriyle ExpertBook B1, i\u015finizi g\u00fc\u00e7lendirmek i\u00e7in m\u00fckemmel bir ta\u015f\u0131nabilir i\u015f orta\u011f\u0131d\u0131r.<\/div>\n<div class=\"content__info info--1\">\n<div class=\"content-title text__semibold\"><strong>Kompakt tasar\u0131m<\/strong><\/div>\n<div class=\"content-info\">15,6&#8243; NanoEdge ekran ve 178\u00a0geni\u015f g\u00f6r\u00fc\u015fle tasarlanan ExpertBook B1, ofis i\u00e7inde veya d\u0131\u015f\u0131nda \u00fcretkenli\u011fi g\u00fc\u00e7lendirmek i\u00e7in haz\u0131rlanm\u0131\u015ft\u0131r.<\/div>\n<\/div>\n<div class=\"content__info info--1\">\n<div class=\"content-title text__semibold\">G\u00fc\u00e7l\u00fc performans<\/div>\n<div class=\"content-info\">ExpertBook B1, 12. Nesil Intel\u00ae Core\u2122 i7 i\u015flemciye kadar g\u00fc\u00e7 sa\u011flar. Ayn\u0131 zamanda 48 GBa kadar RAM ve 2 TBa kadar PCI Express\u00ae (PCIe\u00ae) SSD i\u00e7erir \u2014 b\u00f6ylece g\u00fcnl\u00fck i\u015f g\u00f6revleriniz i\u00e7in haz\u0131rd\u0131r.<\/div>\n<div class=\"content-info\">\n<div class=\"content-title text__semibold\"><strong>G\u00fc\u00e7l\u00fc performans<\/strong><\/div>\n<div class=\"content-info\">ExpertBook B1, 12. Nesil Intel\u00ae Core\u2122 i7 i\u015flemciye kadar g\u00fc\u00e7 sa\u011flar. Ayn\u0131 zamanda 48 GBa kadar RAM ve 2 TBa kadar PCI Express\u00ae (PCIe\u00ae) SSD i\u00e7erir \u2014 b\u00f6ylece g\u00fcnl\u00fck i\u015f g\u00f6revleriniz i\u00e7in haz\u0131rd\u0131r.<\/div>\n<div class=\"content-title text__semibold\"><strong>Askeri standartlarda dayan\u0131kl\u0131<\/strong><\/div>\n<div class=\"content-info\">ExpertBook B1, sekt\u00f6r lideri MIL-STD 810H ABD askeri standard\u0131n\u0131 kar\u015f\u0131lar<\/div>\n<div class=\"content-info\">\n<h2 class=\"content__title\">Her yere ta\u015f\u0131nabilirlik<\/h2>\n<div class=\"content__info info--1\">15,6 in\u00e7lik NanoEdge ekran\u0131 ve 178<span class=\"sign-deg\">\u00b0<\/span>\u00a0geni\u015f g\u00f6r\u00fcnt\u00fcleme a\u00e7\u0131s\u0131yla ExpertBook B1, her senaryo i\u00e7in m\u00fckemmel g\u00f6r\u00fcnt\u00fcleme deneyimleri sa\u011flar. NanoEdge ekran, ExpertBook B1i kompakt tutar, b\u00f6ylece ExpertBook B1i s\u0131rt \u00e7antan\u0131za kolayca takabilirsiniz ve her yerde tam bir g\u00fcnl\u00fck performans i\u00e7in haz\u0131r olursunuz.<\/div>\n<div class=\"content__info info--1\">\n<h2 class=\"content__title\">M\u00fckemmel \u00e7ok y\u00f6nl\u00fc performans<\/h2>\n<div class=\"content__info info--1\">Geli\u015fmi\u015f 12. Nesil Intel\u00ae Core\u2122 i\u015flemciye sahip ExpertBook B1de i\u015finizi yapman\u0131z i\u00e7in gereken y\u00fcksek performans\u0131n keyfini \u00e7\u0131kar\u0131n. 48 GBa kadar bellek ve geni\u015f depolama alan\u0131yla bir araya gelen Expertbook B1, sizi en yo\u011fun i\u015fler i\u00e7in bile donatan ve ihtiyac\u0131n\u0131z olan i\u00e7eri\u011fe h\u0131zl\u0131 eri\u015fim sa\u011flayan i\u015f diz\u00fcst\u00fc bilgisayar\u0131d\u0131r. Ayr\u0131ca, h\u0131zl\u0131 ve kararl\u0131 ba\u011flant\u0131 i\u00e7in t\u0131kan\u0131kl\u0131k giderici WiFi 6E ile kesintisiz ba\u011flant\u0131 i\u00e7in haz\u0131rlanm\u0131\u015ft\u0131r.<\/div>\n<\/div>\n<div class=\"content__info info--1\">\n<h2 class=\"content__title\">Kurumsal d\u00fczeyde g\u00fcvenlik<\/h2>\n<div class=\"content__info info--1\">Kapsaml\u0131 ve sa\u011flam g\u00fcvenlik \u00f6zellikleriyle ExpertBook B1, gizli dosyalar\u0131n\u0131z i\u00e7in en \u00fcst d\u00fczey ki\u015fisel koruyucudur.<\/div>\n<div class=\"content__info info--1\">\n<h2 class=\"content__title\">G\/\u00c7 ba\u011flant\u0131 noktalar\u0131<\/h2>\n<div class=\"content__info info--1\">ExpertBook B1, \u00fcretkenli\u011fi art\u0131rmak i\u00e7in G\/\u00c7 ba\u011flant\u0131 noktalar\u0131yla y\u00fcklenir. Bunlar, USB Type-A, USB Type-C ve bir HDMI \u00e7\u0131k\u0131\u015f\u0131n\u0131n yan\u0131 s\u0131ra kolay cihaz y\u00f6netimi i\u00e7in benzersiz bir MAC adresine sahip kablolu a\u011f ba\u011flant\u0131s\u0131n\u0131 i\u00e7erir.<\/div>\n<\/div>\n<div class=\"cntent__info info--1\">\n<div class=\"footnotes footnote-item-star\">\n<ol class=\"footnote\">\n<li class=\"footnote-item\">ExpertBook B1, TCO 9.0 sertifikas\u0131na sahip ExpertBook B1in (B1502, 12. Nesil Intel) SKUlar\u0131n\u0131 ifade eder.<\/li>\n<\/ol>\n<\/div>\n<div class=\"footnotes\">\n<ol class=\"footnote\">\n<li id=\"footnote-1\" class=\"footnote-item\">Parmak izi sens\u00f6r\u00fc iste\u011fe ba\u011fl\u0131d\u0131r.<\/li>\n<li id=\"footnote-2\" class=\"footnote-item\">ExpertBook B1 yerle\u015fik yaz\u0131l\u0131m tabanl\u0131 TPM 2.0a sahiptir ve ayr\u0131 bir TPM yongas\u0131 da bir se\u00e7enek olarak mevcuttur.<\/li>\n<li id=\"footnote-3\" class=\"footnote-item\">Test rejimi, hem askeri standartlar\u0131n hem de ASUS kalite testlerinin gerekliliklerini i\u00e7erir ve cihaza g\u00f6re de\u011fi\u015fir. MIL-STD-810 testi yaln\u0131zca se\u00e7ili ASUS \u00fcr\u00fcnlerinde yap\u0131l\u0131r. MIL-STD-810 testinin ASUS \u00fcr\u00fcnlerinin kalitesini sa\u011flamaya yard\u0131mc\u0131 oldu\u011funu ancak askeri kullan\u0131ma uygun oldu\u011funu g\u00f6stermedi\u011fini unutmay\u0131n. Test laboratuvar ko\u015fullar\u0131nda ger\u00e7ekle\u015ftirilir. Bu test ko\u015fullar\u0131n\u0131 tekrarlama giri\u015fimlerinin neden oldu\u011fu herhangi bir hasar, kaza sonucu kabul edilecek ve standart ASUS garantisi kapsam\u0131nda olmayacakt\u0131r. ASUS Premium Care ile ek kapsam mevcuttur.<\/li>\n<li id=\"footnote-4\" class=\"footnote-item\">IR kamera iste\u011fe ba\u011fl\u0131d\u0131r.<\/li>\n<li id=\"footnote-5\" class=\"footnote-item\">ASUS y\u00f6netim \u00e7\u00f6z\u00fcmleri, ASUS Kontrol Merkezi ve ASUS Business Manager platformunu i\u00e7erir. ASUS Kontrol Merkezi iste\u011fe ba\u011fl\u0131d\u0131r ve kullan\u0131labilirli\u011fi \u00fclkeye g\u00f6re de\u011fi\u015fir. Ayr\u0131nt\u0131lar i\u00e7in l\u00fctfen yerel ASUS bayinize dan\u0131\u015f\u0131n.<\/li>\n<li id=\"footnote-6\" class=\"footnote-item\">ASUS Hizmet Paketi se\u00e7enekleri \u015funlar\u0131 i\u00e7erir: 7&#215;24 destek; MyASUS uygulamas\u0131; \u00dc\u00e7 y\u0131ll\u0131k uluslararas\u0131 garanti; Teslim alma ve iade hizmeti; Yerinde hizmet; Sonraki i\u015f g\u00fcn\u00fc yerinde m\u00fcdahale; Kaza sonucu hasar korumas\u0131; Ar\u0131zal\u0131 HDD tutma. Servis ve garanti kapsam\u0131 \u00fclke ve b\u00f6lgeye g\u00f6re de\u011fi\u015fiklik g\u00f6sterebilir. Servis t\u00fcm pazarlarda bulunmayabilir. Mevcut se\u00e7enekleri onaylamak i\u00e7in yerel bayilerinize dan\u0131\u015fman\u0131z\u0131 \u00f6neririz.<\/li>\n<\/ol>\n<table border=\"0\" width=\"834\" cellspacing=\"0\" cellpadding=\"0\">\n<colgroup>\n<col width=\"194\" \/>\n<col width=\"640\" \/><\/colgroup>\n<tbody>\n<tr>\n<td class=\"xl65 mceSelected\" width=\"194\" height=\"19\"><strong>Part No<\/strong><\/td>\n<td class=\"xl66\" width=\"640\">90NX05U1-M038M0<\/td>\n<\/tr>\n<tr>\n<td class=\"xl65 mceSelected\" width=\"194\" height=\"19\"><strong>Model Name<\/strong><\/td>\n<td class=\"xl66\" width=\"640\">B1502CBA-I78512B0D<\/td>\n<\/tr>\n<tr>\n<td class=\"xl65 mceSelected\" width=\"194\" height=\"19\"><strong>EAN Code<\/strong><\/td>\n<td class=\"xl66\" width=\"640\">4711387438<\/td>\n<\/tr>\n<tr>\n<td class=\"xl65 mceSelected\" width=\"194\" height=\"19\"><strong>UPC Code<\/strong><\/td>\n<td class=\"xl66\" width=\"640\">1971054382<\/td>\n<\/tr>\n<tr>\n<td class=\"xl65 mceSelected\" width=\"194\" height=\"19\"><strong>WEEE<\/strong><\/td>\n<td class=\"xl66\" width=\"640\">1.522<\/td>\n<\/tr>\n<tr>\n<td class=\"xl65 mceSelected\" width=\"194\" height=\"19\"><strong>BASE UNIT<\/strong><\/td>\n<td class=\"xl66\" width=\"640\">VSNX05U1-BU4120<\/td>\n<\/tr>\n<tr>\n<td class=\"xl65 mceSelected\" width=\"194\" height=\"19\"><\/td>\n<td class=\"xl66\" width=\"640\"><\/td>\n<\/tr>\n<tr>\n<td class=\"xl65 mceSelected\" width=\"194\" height=\"19\"><strong>Operating System<\/strong><\/td>\n<td class=\"xl66\" width=\"640\">Non-preinstalled OS<\/td>\n<\/tr>\n<tr>\n<td class=\"xl65 mceSelected\" width=\"194\" height=\"19\"><strong>LCD cover-material<\/strong><\/td>\n<td class=\"xl66\" width=\"640\">Plastic<\/td>\n<\/tr>\n<tr>\n<td class=\"xl65 mceSelected\" width=\"194\" height=\"19\"><strong>LCD cover-color<\/strong><\/td>\n<td class=\"xl66\" width=\"640\">Star Black<\/td>\n<\/tr>\n<tr>\n<td class=\"xl65 mceSelected\" width=\"194\" height=\"19\"><strong>Top case-material<\/strong><\/td>\n<td class=\"xl66\" width=\"640\">Plastic<\/td>\n<\/tr>\n<tr>\n<td class=\"xl65 mceSelected\" width=\"194\" height=\"19\"><strong>Top case-color<\/strong><\/td>\n<td class=\"xl66\" width=\"640\">Star Black<\/td>\n<\/tr>\n<tr>\n<td class=\"xl65 mceSelected\" width=\"194\" height=\"19\"><strong>Bottom case-material<\/strong><\/td>\n<td class=\"xl66\" width=\"640\">Plastic<\/td>\n<\/tr>\n<tr>\n<td class=\"xl65 mceSelected\" width=\"194\" height=\"19\"><strong>Bottom case-color<\/strong><\/td>\n<td class=\"xl66\" width=\"640\">Star Black<\/td>\n<\/tr>\n<tr>\n<td class=\"xl65 mceSelected\" width=\"194\" height=\"19\"><strong>Military grade<\/strong><\/td>\n<td class=\"xl66\" width=\"640\">US MIL-STD 810H military-grade standard<\/td>\n<\/tr>\n<tr>\n<td class=\"xl65 mceSelected\" width=\"194\" height=\"19\"><strong>Panel Size<\/strong><\/td>\n<td class=\"xl66\" width=\"640\">15.6-inch<\/td>\n<\/tr>\n<tr>\n<td class=\"xl65 mceSelected\" width=\"194\" height=\"19\"><strong>Backlit<\/strong><\/td>\n<td class=\"xl66\" width=\"640\">LED Backlit<\/td>\n<\/tr>\n<tr>\n<td class=\"xl65 mceSelected\" width=\"194\" height=\"19\"><strong>Brightness<\/strong><\/td>\n<td class=\"xl66\" width=\"640\">250nits<\/td>\n<\/tr>\n<tr>\n<td class=\"xl65 mceSelected\" width=\"194\" height=\"19\"><strong>Resolution<\/strong><\/td>\n<td class=\"xl66\" width=\"640\">FHD (1920 x 1080) 16:9<\/td>\n<\/tr>\n<tr>\n<td class=\"xl65 mceSelected\" width=\"194\" height=\"19\"><strong>Glare<\/strong><\/td>\n<td class=\"xl66\" width=\"640\">Anti-glare display<\/td>\n<\/tr>\n<tr>\n<td class=\"xl65 mceSelected\" width=\"194\" height=\"19\"><strong>Color gamut<\/strong><\/td>\n<td class=\"xl66\" width=\"640\">NTSC: 45%<\/td>\n<\/tr>\n<tr>\n<td class=\"xl65 mceSelected\" width=\"194\" height=\"19\"><strong>View angle(H\/V)<\/strong><\/td>\n<td class=\"xl66\" width=\"640\">90\/65<\/td>\n<\/tr>\n<tr>\n<td class=\"xl65 mceSelected\" width=\"194\" height=\"19\"><strong>Response time(Typ\/Max) (ms)<\/strong><\/td>\n<td class=\"xl66\" width=\"640\">10\/20<\/td>\n<\/tr>\n<tr>\n<td class=\"xl65 mceSelected\" width=\"194\" height=\"19\"><strong>Refresh rate<\/strong><\/td>\n<td class=\"xl66\" width=\"640\">60Hz<\/td>\n<\/tr>\n<tr>\n<td class=\"xl65 mceSelected\" width=\"194\" height=\"19\"><strong>Contrast\u00a0 (Typ)<\/strong><\/td>\n<td class=\"xl66\" width=\"640\">500:1<\/td>\n<\/tr>\n<tr>\n<td class=\"xl65 mceSelected\" width=\"194\" height=\"19\"><strong>Touch Panel<\/strong><\/td>\n<td class=\"xl66\" width=\"640\">Non-touch screen<\/td>\n<\/tr>\n<tr>\n<td class=\"xl65 mceSelected\" width=\"194\" height=\"19\"><strong>Screen-to-body ratio<\/strong><\/td>\n<td class=\"xl66\" width=\"640\">83 %<\/td>\n<\/tr>\n<tr>\n<td class=\"xl65 mceSelected\" width=\"194\" height=\"19\"><strong>IPS-level<\/strong><\/td>\n<td class=\"xl66\" width=\"640\">TN<\/td>\n<\/tr>\n<tr>\n<td class=\"xl65 mceSelected\" width=\"194\" height=\"19\"><strong>Processor<\/strong><\/td>\n<td class=\"xl66\" width=\"640\">Intel\u00ae Core\u2122 i7-1255U Processor 1.7 GHz (12M Cache, up to 4.7 GHz, 10 cores)<\/td>\n<\/tr>\n<tr>\n<td class=\"xl65 mceSelected\" width=\"194\" height=\"19\"><strong>Chipset<\/strong><\/td>\n<td class=\"xl66\" width=\"640\">N\/A<\/td>\n<\/tr>\n<tr>\n<td class=\"xl65 mceSelected\" width=\"194\" height=\"19\"><strong>Discrete\/Share<\/strong><\/td>\n<td class=\"xl66\" width=\"640\">Share<\/td>\n<\/tr>\n<tr>\n<td class=\"xl65 mceSelected\" width=\"194\" height=\"19\"><strong>Integrated GPU<\/strong><\/td>\n<td class=\"xl66\" width=\"640\">Intel\u00ae UHD Graphics<\/td>\n<\/tr>\n<tr>\n<td class=\"xl65 mceSelected\" width=\"194\" height=\"19\"><strong>VRAM<\/strong><\/td>\n<td class=\"xl66\" width=\"640\">N\/A<\/td>\n<\/tr>\n<tr>\n<td class=\"xl65 mceSelected\" width=\"194\" height=\"34\"><strong>Expansion Slot(includes used)<\/strong><\/td>\n<td class=\"xl66\" width=\"640\">1x DDR4 SO-DIMM slot<br \/>\n1x M.2 2280 PCIe 4.0&#215;4<\/td>\n<\/tr>\n<tr>\n<td class=\"xl65 mceSelected\" width=\"194\" height=\"19\"><strong>On board memory<\/strong><\/td>\n<td class=\"xl66\" width=\"640\">8GB DDR4 on board<\/td>\n<\/tr>\n<tr>\n<td class=\"xl65 mceSelected\" width=\"194\" height=\"19\"><strong>Total System Memory<\/strong><\/td>\n<td class=\"xl66\" width=\"640\">DDR4 8GB<\/td>\n<\/tr>\n<tr>\n<td class=\"xl65 mceSelected\" width=\"194\" height=\"19\"><strong>Storage<\/strong><\/td>\n<td class=\"xl66\" width=\"640\">512GB M.2 2280 NVMe\u2122 PCIe\u00ae 4.0 SSD<\/td>\n<\/tr>\n<tr>\n<td class=\"xl65 mceSelected\" width=\"194\" height=\"19\"><strong>SSD Cache<\/strong><\/td>\n<td class=\"xl66\" width=\"640\">N\/A<\/td>\n<\/tr>\n<tr>\n<td class=\"xl65 mceSelected\" width=\"194\" height=\"34\"><strong>Front-facing camera<\/strong><\/td>\n<td class=\"xl66\" width=\"640\">720p HD camera<br \/>\nWith privacy shutter<\/td>\n<\/tr>\n<tr>\n<td class=\"xl65 mceSelected\" width=\"194\" height=\"19\"><strong>Wireless<\/strong><\/td>\n<td class=\"xl66\" width=\"640\">Wi-Fi 6(802.11ax) (Dual band) 2*2 + Bluetooth\u00ae 5.2 Wireless Card<\/td>\n<\/tr>\n<tr>\n<td class=\"xl65 mceSelected\" width=\"194\" height=\"19\"><strong>NumberPad<\/strong><\/td>\n<td class=\"xl66\" width=\"640\">N\/A<\/td>\n<\/tr>\n<tr>\n<td class=\"xl65 mceSelected\" width=\"194\" height=\"19\"><strong>ScreenPad<\/strong><\/td>\n<td class=\"xl66\" width=\"640\">N\/A<\/td>\n<\/tr>\n<tr>\n<td class=\"xl65 mceSelected\" width=\"194\" height=\"19\"><strong>FingerPrint<\/strong><\/td>\n<td class=\"xl66\" width=\"640\">N\/A<\/td>\n<\/tr>\n<tr>\n<td class=\"xl65 mceSelected\" width=\"194\" height=\"19\"><strong>Keyboard type<\/strong><\/td>\n<td class=\"xl66\" width=\"640\">Chiclet Keyboard<\/td>\n<\/tr>\n<tr>\n<td class=\"xl65 mceSelected\" width=\"194\" height=\"136\"><strong>I\/O ports<\/strong><\/td>\n<td class=\"xl66\" width=\"640\">1x USB 2.0 Type-A<br \/>\n1x USB 3.2 Gen 1 Type-A<br \/>\n1x USB 3.2 Gen 1 Type-C support power delivery<br \/>\n1x USB 3.2 Gen 2 Type-C support display \/ power delivery<br \/>\n1x HDMI 1.4, up to 1920&#215;1080\/60Hz<br \/>\n1x 3.5mm Combo Audio Jack<br \/>\n1x RJ45 Gigabit Ethernet<br \/>\nN\/A<\/td>\n<\/tr>\n<tr>\n<td class=\"xl65 mceSelected\" width=\"194\" height=\"51\"><strong>Audio<\/strong><\/td>\n<td class=\"xl66\" width=\"640\">Audio by Dirac<br \/>\nBuilt-in speaker<br \/>\nBuilt-in array microphone<\/td>\n<\/tr>\n<tr>\n<td class=\"xl65 mceSelected\" width=\"194\" height=\"19\"><strong>Voice control<\/strong><\/td>\n<td class=\"xl66\" width=\"640\">N\/A<\/td>\n<\/tr>\n<tr>\n<td class=\"xl65 mceSelected\" width=\"194\" height=\"19\"><strong>Battery<\/strong><\/td>\n<td class=\"xl66\" width=\"640\">42WHrs, 3S1P, 3-cell Li-ion<\/td>\n<\/tr>\n<tr>\n<td class=\"xl65 mceSelected\" width=\"194\" height=\"19\"><strong>AC Adapter<\/strong><\/td>\n<td class=\"xl66\" width=\"640\">TYPE-C, 65W AC Adapter, Output: 20V DC, 3.25A, 65W, Input: 100~240V AC 50\/60Hz universal<\/td>\n<\/tr>\n<tr>\n<td class=\"xl65 mceSelected\" width=\"194\" height=\"19\"><strong>Dimension (WxHxD)<\/strong><\/td>\n<td class=\"xl66\" width=\"640\">36.16 x 23.30 x 1.99 ~ 1.99 cm (14.24&#8243; x 9.17&#8243; x 0.78&#8243; ~ 0.78&#8243;)<\/td>\n<\/tr>\n<tr>\n<td class=\"xl65 mceSelected\" width=\"194\" height=\"19\"><strong>Weight (with Battery)<\/strong><\/td>\n<td class=\"xl66\" width=\"640\">1.69 kg (3.73 lbs)<\/td>\n<\/tr>\n<tr>\n<td class=\"xl65 mceSelected\" width=\"194\" height=\"19\"><strong>Weight (w\/o Battery)<\/strong><\/td>\n<td class=\"xl66\" width=\"640\">1.52 kg (3.35 lbs)<\/td>\n<\/tr>\n<tr>\n<td class=\"xl65 mceSelected\" width=\"194\" height=\"119\"><strong>Security<\/strong><\/td>\n<td class=\"xl66\" width=\"640\">Kensington Nano Security Slot\u2122<br \/>\nBIOS Booting User Password Protection<br \/>\nBIOS setup user password<br \/>\nComputrace ready from BIOS<br \/>\nHDD User Password Protection and Security<br \/>\nTrusted Platform Module (TPM) 2.0<br \/>\nN\/A<\/td>\n<\/tr>\n<tr>\n<td class=\"xl65 mceSelected\" width=\"194\" height=\"153\"><strong>MyASUS feature<\/strong><\/td>\n<td class=\"xl66\" width=\"640\">System diagnosis<br \/>\nBattery health charging<br \/>\nFan Profile<br \/>\nSplendid<br \/>\nTru2Life<br \/>\nFunction key lock<br \/>\nWiFi SmartConnect<br \/>\nAppDeals<br \/>\nLink to MyASUS<\/td>\n<\/tr>\n<tr>\n<td class=\"xl65 mceSelected\" width=\"194\" height=\"34\"><strong>Built-in Apps<\/strong><\/td>\n<td class=\"xl66\" width=\"640\">MyASUS<br \/>\nMcAfee<\/td>\n<\/tr>\n<tr>\n<td class=\"xl65 mceSelected\" width=\"194\" height=\"51\"><strong>Disclaimer for Built-in Apps<\/strong><\/td>\n<td class=\"xl66\" width=\"640\">Built-in Apps vary from OS SKU.<\/p>\n<p>*MyASUS\/McAfee dont support in Pure OS\/without OS\/G sku\/Win SE\/Windows on ARM\/Linux OS (ex. Endless, Kylin, Ubuntu)<\/td>\n<\/tr>\n<tr>\n<td class=\"xl65 mceSelected\" width=\"194\" height=\"19\"><strong>Reparability Index (for France)<\/strong><\/td>\n<td class=\"xl66\" width=\"640\">8.6<\/td>\n<\/tr>\n<tr>\n<td class=\"xl65 mceSelected\" width=\"194\" height=\"102\"><strong>Ecolabels &amp; Compliances<\/strong><\/td>\n<td class=\"xl66\" width=\"640\">EPEAT Gold<br \/>\nEnergy star 8.0<br \/>\nFSC Mix<br \/>\nREACH<br \/>\nRoHS<br \/>\nTCO Certified<\/td>\n<\/tr>\n<tr>\n<td class=\"xl65 mceSelected\" width=\"194\" height=\"19\"><strong>Warranty<\/strong><\/td>\n<td class=\"xl66\" width=\"640\">2Y PUR<\/td>\n<\/tr>\n<tr>\n<td class=\"xl65 mceSelected\" width=\"194\" height=\"68\"><strong>Battery warranty<\/strong><\/td>\n<td class=\"xl66\" width=\"640\">Commercial NB Battery warranty follow system warranty.<\/p>\n<p>* BP series Battery warranty 4Y-5Y by WEP option<\/p>\n<p>* Chromebook series Battery warranty 2Y-5Y by WEP option<\/td>\n<\/tr>\n<\/tbody>\n<\/table>\n<\/div>\n<\/div>\n<\/div>\n<\/div>\n<\/div>\n<\/div>\n<\/div>\n<\/div>\n","protected":false},"excerpt":{"rendered":"<table class=\"product-detail\" border=\"0\" width=\"100%\" cellspacing=\"0\" cellpadding=\"0\">\n<tbody>\n<tr>\n<td class=\"product-detail-02\" width=\"34%\">\u0130\u015flemci:<\/td>\n<td width=\"66%\">\u00a0INTEL<\/td>\n<\/tr>\n<tr>\n<td class=\"product-detail-02\" width=\"34%\">\u0130\u015flemci Tipi:<\/td>\n<td width=\"66%\">\u00a0INTEL CORE I7<\/td>\n<\/tr>\n<tr>\n<td class=\"product-detail-02\" width=\"34%\">Bellek:<\/td>\n<td width=\"66%\">\u00a08 GB<\/td>\n<\/tr>\n<tr>\n<td class=\"product-detail-02\" width=\"34%\">Depolama Alan\u0131 SSD:<\/td>\n<td width=\"66%\">\u00a0512 GB<\/td>\n<\/tr>\n<tr>\n<td class=\"product-detail-02\" width=\"34%\">Ekran Kart\u0131 Tipi:<\/td>\n<td width=\"66%\">\u00a0PAYLASIMLI<\/td>\n<\/tr>\n<tr>\n<td class=\"product-detail-02\" width=\"34%\">Ekran Kart\u0131 GPU:<\/td>\n<td width=\"66%\">\u00a0INTEL Dahili GPU<\/td>\n<\/tr>\n<tr>\n<td class=\"product-detail-02\" width=\"34%\">Ekran Kart\u0131 Bellek:<\/td>\n<td width=\"66%\">\u00a0PAYLASIMLI<\/td>\n<\/tr>\n<tr>\n<td class=\"product-detail-02\" width=\"34%\">Ekran Boyutu:<\/td>\n<td width=\"66%\">\u00a015,6 in\u00e7<\/td>\n<\/tr>\n<tr>\n<td class=\"product-detail-02\" width=\"34%\">Ekran \u00c7\u00f6z\u00fcn\u00fcrl\u00fc\u011f\u00fc:<\/td>\n<td width=\"66%\">\u00a01920X1080<\/td>\n<\/tr>\n<tr>\n<td class=\"product-detail-02\" width=\"34%\">\u0130\u015fletim Sistemi:<\/td>\n<td width=\"66%\">\u00a0FREE DOS<\/td>\n<\/tr>\n<\/tbody>\n<\/table>\n","protected":false},"featured_media":711,"template":"","meta":{"om_disable_all_campaigns":false,"_monsterinsights_skip_tracking":false,"_monsterinsights_sitenote_active":false,"_monsterinsights_sitenote_note":"","_monsterinsights_sitenote_category":0},"product_cat":[201],"product_tag":[],"class_list":{"0":"post-710","1":"product","2":"type-product","3":"status-publish","4":"has-post-thumbnail","6":"product_cat-notebooklar","7":"thunk-woo-product-list","8":"opn-qv-enable","9":"top-store-woo-hover-zoom","10":"top-store-single-product-tab-horizontal","11":"top-store-shadow-","12":"top-store-shadow-hover-","14":"first","15":"instock","16":"taxable","17":"shipping-taxable","18":"product-type-simple"},"aioseo_notices":[],"_links":{"self":[{"href":"https:\/\/bilginteknoloji.com\/woo\/wp-json\/wp\/v2\/product\/710","targetHints":{"allow":["GET"]}}],"collection":[{"href":"https:\/\/bilginteknoloji.com\/woo\/wp-json\/wp\/v2\/product"}],"about":[{"href":"https:\/\/bilginteknoloji.com\/woo\/wp-json\/wp\/v2\/types\/product"}],"wp:featuredmedia":[{"embeddable":true,"href":"https:\/\/bilginteknoloji.com\/woo\/wp-json\/wp\/v2\/media\/711"}],"wp:attachment":[{"href":"https:\/\/bilginteknoloji.com\/woo\/wp-json\/wp\/v2\/media?parent=710"}],"wp:term":[{"taxonomy":"product_cat","embeddable":true,"href":"https:\/\/bilginteknoloji.com\/woo\/wp-json\/wp\/v2\/product_cat?post=710"},{"taxonomy":"product_tag","embeddable":true,"href":"https:\/\/bilginteknoloji.com\/woo\/wp-json\/wp\/v2\/product_tag?post=710"}],"curies":[{"name":"wp","href":"https:\/\/api.w.org\/{rel}","templated":true}]}}