{"id":708,"date":"2024-08-13T18:06:30","date_gmt":"2024-08-13T15:06:30","guid":{"rendered":"https:\/\/bilginteknoloji.com\/woo\/?post_type=product&#038;p=708"},"modified":"2024-08-13T18:06:31","modified_gmt":"2024-08-13T15:06:31","slug":"lenovo-83a100a4tr-v15-g4-iru-i5-13420h-156-fhd-16gb-ram-512gb-ssd-paylasimli-ekran-karti-free-dos-notebook","status":"publish","type":"product","link":"https:\/\/bilginteknoloji.com\/woo\/urun\/lenovo-83a100a4tr-v15-g4-iru-i5-13420h-156-fhd-16gb-ram-512gb-ssd-paylasimli-ekran-karti-free-dos-notebook\/","title":{"rendered":"LENOVO 83A100A4TR, V15 G4 IRU, i5-13420H, 15,6&#8243; FHD, 16Gb Ram, 512Gb SSD, Payla\u015f\u0131ml\u0131 Ekran Kart\u0131, Free Dos Notebook"},"content":{"rendered":"<table id=\"as_SpecData\" class=\"SpecValueTable\">\n<tbody>\n<tr class=\"structureTitleTR\">\n<td class=\"structureTitle\" colspan=\"2\">VER\u0130M<\/td>\n<\/tr>\n<tr class=\"as_level2\">\n<td>\u0130\u015flemci<\/td>\n<td class=\"alignleft\">\n<div class=\"rightValue\">Intel\u00ae Core\u2122 i5-13420H, 8C (4P + 4E) \/ 12T, P-\u00e7ekirdek 2,1 \/ 4,6GHz, E-\u00e7ekirdek 1,5 \/ 3,4GHz, 12MB<\/div>\n<\/td>\n<\/tr>\n<tr class=\"as_level2\">\n<td>Grafik<\/td>\n<td class=\"alignleft\">\n<div class=\"rightValue\">Entegre Intel\u00ae UHD Grafik Kart\u0131<\/div>\n<\/td>\n<\/tr>\n<tr class=\"as_level2\">\n<td>Yonga seti<\/td>\n<td class=\"alignleft\">\n<div class=\"rightValue\">Intel\u00ae SoC Platformu<\/div>\n<\/td>\n<\/tr>\n<tr class=\"as_level2\">\n<td>Haf\u0131za<\/td>\n<td class=\"alignleft\">\n<div class=\"rightValue\">8 GB Lehimlenmi\u015f DDR4-3200 + 8 GB SO-DIMM DDR4-3200<\/div>\n<\/td>\n<\/tr>\n<tr class=\"as_level2\">\n<td>Bellek Yuvalar\u0131<\/td>\n<td class=\"alignleft\">\n<div class=\"rightValue\">Sistem kart\u0131na lehimlenmi\u015f bir bellek, bir DDR4 SO-DIMM yuvas\u0131, \u00e7ift kanal \u00f6zellikli<\/div>\n<\/td>\n<\/tr>\n<tr class=\"as_level2\">\n<td>Maksimum Bellek<\/p>\n<div class=\"icon_infoNote\"><\/div>\n<\/td>\n<td class=\"alignleft\">\n<div class=\"rightValue\">16 GBa kadar (8 GB lehimli + 8 GB SO-DIMM) DDR4-3200 teklifi<\/div>\n<\/td>\n<\/tr>\n<tr class=\"as_level2\">\n<td>Depolamak<\/td>\n<td class=\"alignleft\">\n<div class=\"rightValue\">512 GB SSD M.2 2242 PCIe\u00ae 4.0&#215;4 NVMe\u00ae<\/div>\n<\/td>\n<\/tr>\n<tr class=\"as_level2\">\n<td>Depolama Deste\u011fi<\/p>\n<div class=\"icon_infoNote\"><\/div>\n<\/td>\n<td class=\"alignleft\">\n<div class=\"rightValue\">38Wh pilli modeller: iki adede kadar s\u00fcr\u00fcc\u00fc, 1x 2,5&#8243; HDD + 1x M.2 SSD \u2022 1 TBa kadar 2,5&#8243; HDD \u2022 1 TBa kadar M.2 2242 SSD<\/div>\n<\/td>\n<\/tr>\n<tr class=\"as_level2\">\n<td>Depolama Yuvas\u0131<\/td>\n<td class=\"alignleft\">\n<div class=\"rightValue\">38Wh pilli modeller: bir adet 2,5&#8243; s\u00fcr\u00fcc\u00fc yuvas\u0131 + bir adet M.2 yuvas\u0131 \u2022 Bir adet 2,5&#8243; SATA HDD yuvas\u0131 \u2022 Bir adet M.2 2280 PCIe\u00ae 4.0 x4 yuvas\u0131<\/div>\n<\/td>\n<\/tr>\n<tr class=\"as_level2\">\n<td>Kart okuyucu<\/td>\n<td class=\"alignleft\">\n<div class=\"rightValue\">Hi\u00e7biri<\/div>\n<\/td>\n<\/tr>\n<tr class=\"as_level2\">\n<td>Optik<\/td>\n<td class=\"alignleft\">\n<div class=\"rightValue\">Hi\u00e7biri<\/div>\n<\/td>\n<\/tr>\n<tr class=\"as_level2\">\n<td>Ses \u00c7ipi<\/td>\n<td class=\"alignleft\">\n<div class=\"rightValue\">Y\u00fcksek Tan\u0131ml\u0131 (HD) Ses, Realtek\u00ae ALC3287 codec bile\u015feni<\/div>\n<\/td>\n<\/tr>\n<tr class=\"as_level2\">\n<td>Hoparl\u00f6rler<\/td>\n<td class=\"alignleft\">\n<div class=\"rightValue\">Stereo hoparl\u00f6rler, 1,5W x2, Dolby\u00ae Audio\u2122<\/div>\n<\/td>\n<\/tr>\n<tr class=\"as_level2\">\n<td>Kamera<\/td>\n<td class=\"alignleft\">\n<div class=\"rightValue\">HD 720p Gizlilik Deklan\u015f\u00f6r\u00fcyle<\/div>\n<\/td>\n<\/tr>\n<tr class=\"as_level2\">\n<td>Mikrofon<\/td>\n<td class=\"alignleft\">\n<div class=\"rightValue\">2x, Dizi<\/div>\n<\/td>\n<\/tr>\n<tr class=\"as_level2\">\n<td>Pil<\/td>\n<td class=\"alignleft\">\n<div class=\"rightValue\">Entegre 38Wh<\/div>\n<\/td>\n<\/tr>\n<tr class=\"as_level2\">\n<td>G\u00fc\u00e7 adapt\u00f6r\u00fc<\/td>\n<td class=\"alignleft\">\n<div class=\"rightValue\">65W Yuvarlak U\u00e7 (3 pinli)<\/div>\n<\/td>\n<\/tr>\n<tr class=\"structureTitleTR\">\n<td class=\"structureTitle\" colspan=\"2\">TASARIM<\/td>\n<\/tr>\n<tr class=\"as_level2\">\n<td>G\u00f6r\u00fcnt\u00fclemek<\/td>\n<td class=\"alignleft\">\n<div class=\"rightValue\">15,6&#8243; FHD (1920&#215;1080) TN 250nit Parlama \u00f6nleyici, %45 NTSC<\/div>\n<\/td>\n<\/tr>\n<tr class=\"as_level2\">\n<td>Dokunmatik ekran<\/td>\n<td class=\"alignleft\">\n<div class=\"rightValue\">Hi\u00e7biri<\/div>\n<\/td>\n<\/tr>\n<tr class=\"as_level2\">\n<td>Tu\u015f tak\u0131m\u0131<\/td>\n<td class=\"alignleft\">\n<div class=\"rightValue\">Arkadan ayd\u0131nlatmas\u0131z, T\u00fcrk\u00e7e<\/div>\n<\/td>\n<\/tr>\n<tr class=\"as_level2\">\n<td>Kasa Rengi<\/td>\n<td class=\"alignleft\">\n<div class=\"rightValue\">\u0130\u015f Siyah\u0131<\/div>\n<\/td>\n<\/tr>\n<tr class=\"as_level2\">\n<td>Y\u00fczey \u0130\u015flem<\/td>\n<td class=\"alignleft\">\n<div class=\"rightValue\">Doku<\/div>\n<\/td>\n<\/tr>\n<tr class=\"as_level2\">\n<td>Kutu Malzemesi<\/td>\n<td class=\"alignleft\">\n<div class=\"rightValue\">PC-ABS (\u00dcst), PC-ABS (Alt)<\/div>\n<\/td>\n<\/tr>\n<tr class=\"as_level2\">\n<td>Boyutlar (GxDxY)<\/p>\n<div class=\"icon_infoNote\"><\/div>\n<\/td>\n<td class=\"alignleft\">\n<div class=\"rightValue\">359,2 x 235,8 x 19,9 mm (14,14 x 9,28 x 0,78 in\u00e7)<\/div>\n<\/td>\n<\/tr>\n<tr class=\"as_level2\">\n<td>A\u011f\u0131rl\u0131k<\/p>\n<div class=\"icon_infoNote\"><\/div>\n<\/td>\n<td class=\"alignleft\">\n<div class=\"rightValue\">1,65 kgdan (3,64 lb) ba\u015flayan a\u011f\u0131rl\u0131klar<\/div>\n<\/td>\n<\/tr>\n<tr class=\"structureTitleTR\">\n<td class=\"structureTitle\" colspan=\"2\">YAZILIM<\/td>\n<\/tr>\n<tr class=\"as_level2\">\n<td>\u0130\u015fletim sistemi<\/td>\n<td class=\"alignleft\">\n<div class=\"rightValue\">Hi\u00e7biri<\/div>\n<\/td>\n<\/tr>\n<tr class=\"as_level2\">\n<td>Paket yaz\u0131l\u0131m<\/td>\n<td class=\"alignleft\">\n<div class=\"rightValue\">Hi\u00e7biri<\/div>\n<\/td>\n<\/tr>\n<tr class=\"structureTitleTR\">\n<td class=\"structureTitle\" colspan=\"2\">BA\u011eLANTI<\/td>\n<\/tr>\n<tr class=\"as_level2\">\n<td>ethernet<\/td>\n<td class=\"alignleft\">\n<div class=\"rightValue\">100\/1000M (RJ-45)<\/div>\n<\/td>\n<\/tr>\n<tr class=\"as_level2\">\n<td>WLAN + Bluetooth<\/p>\n<div class=\"icon_infoNote\"><\/div>\n<\/td>\n<td class=\"alignleft\">\n<div class=\"rightValue\">11ac 2&#215;2 + BT5.1<\/div>\n<\/td>\n<\/tr>\n<tr class=\"as_level2\">\n<td>Standart Ba\u011flant\u0131 Noktalar\u0131<\/td>\n<td class=\"alignleft\">\n<div class=\"rightValue\">\n<ul class=\"singleAttrValue\">\n<li>1x Ethernet (RJ-45)<\/li>\n<li>1x HDMI\u00ae 1.4b<\/li>\n<li>1x Kulakl\u0131k \/ mikrofon birle\u015fik giri\u015fi (3,5 mm)<\/li>\n<li>1x G\u00fc\u00e7 konekt\u00f6r\u00fc<\/li>\n<li>1 adet USB 2.0<\/li>\n<li>1x USB 3.2 Gen 1<\/li>\n<li>1x USB-C\u00ae 3.2 Gen 1 (veri aktar\u0131m\u0131n\u0131 destekler, Power Delivery 3.0 ve DisplayPort\u2122 1.2)<\/li>\n<\/ul>\n<\/div>\n<\/td>\n<\/tr>\n<tr class=\"as_level2\">\n<td>Yerle\u015ftirme<\/td>\n<td class=\"alignleft\">\n<div class=\"rightValue\">USB-C\u00ae arac\u0131l\u0131\u011f\u0131yla desteklenen \u00e7e\u015fitli yerle\u015ftirme \u00e7\u00f6z\u00fcmleri. Daha uyumlu yerle\u015ftirme \u00e7\u00f6z\u00fcmleri i\u00e7in l\u00fctfen <a href=\"https:\/\/smartfind.lenovo.com\/accessories\/#\/search?categoryL1Name=Docking&amp;categoryL2Names&amp;pageIndex=1&amp;pageSize=40&amp;query=83A1\" target=\"_blank\" rel=\"noopener\">Lenovo\u00ae V15 G4 IRU Yerle\u015ftirmeyi ziyaret edin<\/a><\/div>\n<\/td>\n<\/tr>\n<tr class=\"as_level2\">\n<td>G\u00fcvenlik \u00c7ipi<\/td>\n<td class=\"alignleft\">\n<div class=\"rightValue\">Firmware TPM 2.0 Etkin<\/div>\n<\/td>\n<\/tr>\n<tr class=\"as_level2\">\n<td>Parmak izi okuyucu<\/td>\n<td class=\"alignleft\">\n<div class=\"rightValue\">Hi\u00e7biri<\/div>\n<\/td>\n<\/tr>\n<tr class=\"as_level2\">\n<td>Fiziksel Kilitler<\/td>\n<td class=\"alignleft\">\n<div class=\"rightValue\">Kensington\u00ae Nano G\u00fcvenlik Yuvas\u0131\u2122, 2,5 x 6 mm<\/div>\n<\/td>\n<\/tr>\n<tr class=\"as_level2\">\n<td>Di\u011fer G\u00fcvenlik<\/td>\n<td class=\"alignleft\">\n<div class=\"rightValue\">Kamera gizlilik deklan\u015f\u00f6r\u00fc<\/div>\n<\/td>\n<\/tr>\n<tr class=\"structureTitleTR\">\n<td class=\"structureTitle\" colspan=\"2\">H\u0130ZMET<\/td>\n<\/tr>\n<tr class=\"as_level2\">\n<td>Temel Garanti<\/td>\n<td class=\"alignleft\">\n<div class=\"rightValue\">2 y\u0131ll\u0131k, Kurye veya Teslim<\/div>\n<\/td>\n<\/tr>\n<tr class=\"as_level2\">\n<td>Y\u00fckseltme dahil<\/td>\n<td class=\"alignleft\">\n<div class=\"rightValue\">Hi\u00e7biri<\/div>\n<\/td>\n<\/tr>\n<tr class=\"structureTitleTR\">\n<td class=\"structureTitle\" colspan=\"2\">AKSESUARLAR<\/td>\n<\/tr>\n<tr class=\"as_level2\">\n<td>Birlikte Verilen Aksesuarlar<\/td>\n<td class=\"alignleft\">\n<div class=\"rightValue\">Hi\u00e7biri<\/div>\n<\/td>\n<\/tr>\n<tr class=\"structureTitleTR\">\n<td class=\"structureTitle\" colspan=\"2\">SERT\u0130F\u0130KALAR<\/td>\n<\/tr>\n<tr class=\"as_level2 as_body_row_bc\">\n<td>Ye\u015fil Sertifikalar<\/td>\n<td class=\"alignleft\">\n<div class=\"rightValue\">\n<ul class=\"singleAttrValue\">\n<li>ErP Lot 6<\/li>\n<li>ErP Lot 26<\/li>\n<li>FSC sertifikal\u0131 paket<\/li>\n<li>RoHS uyumlu<\/li>\n<\/ul>\n<\/div>\n<\/td>\n<\/tr>\n<tr class=\"as_level2\">\n<td>Di\u011fer Sertifikalar<\/td>\n<td class=\"alignleft\">\n<div class=\"rightValue\">T\u00dcV Rheinland\u00ae D\u00fc\u015f\u00fck Mavi I\u015f\u0131k (Yaz\u0131l\u0131m \u00c7\u00f6z\u00fcm\u00fc)<\/div>\n<\/td>\n<\/tr>\n<tr class=\"as_level2\">\n<td>Mil-Spec Testi<\/td>\n<td class=\"alignleft\">\n<div class=\"rightValue\">MIL-STD-810H askeri testi ba\u015far\u0131yla ge\u00e7ti<\/div>\n<\/td>\n<\/tr>\n<\/tbody>\n<\/table>\n","protected":false},"excerpt":{"rendered":"<table class=\"product-detail\" border=\"0\" width=\"100%\" cellspacing=\"0\" cellpadding=\"0\">\n<tbody>\n<tr>\n<td class=\"product-detail-02\" width=\"34%\">\u0130\u015flemci:<\/td>\n<td width=\"66%\">\u00a0INTEL<\/td>\n<\/tr>\n<tr>\n<td class=\"product-detail-02\" width=\"34%\">\u0130\u015flemci Tipi:<\/td>\n<td width=\"66%\">\u00a0INTEL CORE I5<\/td>\n<\/tr>\n<tr>\n<td class=\"product-detail-02\" width=\"34%\">Bellek:<\/td>\n<td width=\"66%\">\u00a016 GB<\/td>\n<\/tr>\n<tr>\n<td class=\"product-detail-02\" width=\"34%\">Depolama Alan\u0131 SSD:<\/td>\n<td width=\"66%\">\u00a0512 GB<\/td>\n<\/tr>\n<tr>\n<td class=\"product-detail-02\" width=\"34%\">Ekran Kart\u0131 Tipi:<\/td>\n<td width=\"66%\">\u00a0PAYLASIMLI<\/td>\n<\/tr>\n<tr>\n<td class=\"product-detail-02\" width=\"34%\">Ekran Kart\u0131 GPU:<\/td>\n<td width=\"66%\">\u00a0INTEL Dahili GPU<\/td>\n<\/tr>\n<tr>\n<td class=\"product-detail-02\" width=\"34%\">Ekran Kart\u0131 Bellek:<\/td>\n<td width=\"66%\">\u00a0PAYLASIMLI<\/td>\n<\/tr>\n<tr>\n<td class=\"product-detail-02\" width=\"34%\">Ekran Boyutu:<\/td>\n<td width=\"66%\">\u00a015,6 in\u00e7<\/td>\n<\/tr>\n<tr>\n<td class=\"product-detail-02\" width=\"34%\">Ekran \u00c7\u00f6z\u00fcn\u00fcrl\u00fc\u011f\u00fc:<\/td>\n<td width=\"66%\">\u00a01920X1080<\/td>\n<\/tr>\n<tr>\n<td class=\"product-detail-02\" width=\"34%\">\u0130\u015fletim Sistemi:<\/td>\n<td width=\"66%\">\u00a0FREE DOS<\/td>\n<\/tr>\n<\/tbody>\n<\/table>\n","protected":false},"featured_media":709,"template":"","meta":{"om_disable_all_campaigns":false,"_monsterinsights_skip_tracking":false,"_monsterinsights_sitenote_active":false,"_monsterinsights_sitenote_note":"","_monsterinsights_sitenote_category":0},"product_cat":[201],"product_tag":[],"class_list":{"0":"post-708","1":"product","2":"type-product","3":"status-publish","4":"has-post-thumbnail","6":"product_cat-notebooklar","7":"thunk-woo-product-list","8":"opn-qv-enable","9":"top-store-woo-hover-zoom","10":"top-store-single-product-tab-horizontal","11":"top-store-shadow-","12":"top-store-shadow-hover-","14":"first","15":"instock","16":"taxable","17":"shipping-taxable","18":"product-type-simple"},"aioseo_notices":[],"_links":{"self":[{"href":"https:\/\/bilginteknoloji.com\/woo\/wp-json\/wp\/v2\/product\/708","targetHints":{"allow":["GET"]}}],"collection":[{"href":"https:\/\/bilginteknoloji.com\/woo\/wp-json\/wp\/v2\/product"}],"about":[{"href":"https:\/\/bilginteknoloji.com\/woo\/wp-json\/wp\/v2\/types\/product"}],"wp:featuredmedia":[{"embeddable":true,"href":"https:\/\/bilginteknoloji.com\/woo\/wp-json\/wp\/v2\/media\/709"}],"wp:attachment":[{"href":"https:\/\/bilginteknoloji.com\/woo\/wp-json\/wp\/v2\/media?parent=708"}],"wp:term":[{"taxonomy":"product_cat","embeddable":true,"href":"https:\/\/bilginteknoloji.com\/woo\/wp-json\/wp\/v2\/product_cat?post=708"},{"taxonomy":"product_tag","embeddable":true,"href":"https:\/\/bilginteknoloji.com\/woo\/wp-json\/wp\/v2\/product_tag?post=708"}],"curies":[{"name":"wp","href":"https:\/\/api.w.org\/{rel}","templated":true}]}}