{"id":706,"date":"2024-08-13T18:04:56","date_gmt":"2024-08-13T15:04:56","guid":{"rendered":"https:\/\/bilginteknoloji.com\/woo\/?post_type=product&#038;p=706"},"modified":"2024-08-13T18:04:56","modified_gmt":"2024-08-13T15:04:56","slug":"hp-854f4es-250-g8-i5-1135g7-15-6-fhd-8gb-ram-256gb-ssd-paylasimli-ekran-karti-windows-11-home-notebook-550","status":"publish","type":"product","link":"https:\/\/bilginteknoloji.com\/woo\/urun\/hp-854f4es-250-g8-i5-1135g7-15-6-fhd-8gb-ram-256gb-ssd-paylasimli-ekran-karti-windows-11-home-notebook-550\/","title":{"rendered":"HP 854F4ES 250 G8 i5-1135G7 15.6&#8243; FHD, 8Gb Ram, 256Gb SSD, Payla\u015f\u0131ml\u0131 Ekran Kart\u0131, Windows 11 Home, Notebook (550)"},"content":{"rendered":"<table border=\"0\" width=\"100%\" cellspacing=\"0\" cellpadding=\"0\">\n<tbody>\n<tr>\n<td class=\"urundetayaciklamasi\">\n<div class=\"satir2\">\n<div class=\"kolon1\">\u0130\u015flemci Markas\u0131<\/div>\n<div class=\"kolon2\">Intel<\/div>\n<\/div>\n<div class=\"satir1\">\n<div class=\"kolon1\">\u0130\u015flemci Tipi<\/div>\n<div class=\"kolon2\">Intel i5<\/div>\n<\/div>\n<div class=\"satir2\">\n<div class=\"kolon1\">\u0130\u015flemci H\u0131z\u0131<\/div>\n<div class=\"kolon2\">2.4 GHz<\/div>\n<\/div>\n<div class=\"satir1\">\n<div class=\"kolon1\">Cpu Cache Bellek<\/div>\n<div class=\"kolon2\">8 MB<\/div>\n<\/div>\n<div class=\"satir2\">\n<div class=\"kolon1\">Sistem Belle\u011fi<\/div>\n<div class=\"kolon2\">8 GB<\/div>\n<\/div>\n<div class=\"satir1\">\n<div class=\"kolon1\">Bellek(Ram) Yuva Say\u0131s\u0131<\/div>\n<div class=\"kolon2\">2 Adet<\/div>\n<\/div>\n<div class=\"satir2\">\n<div class=\"kolon1\">Kullan\u0131lan Bellek(Ram)<\/div>\n<div class=\"kolon2\">1 Adet<\/div>\n<\/div>\n<div class=\"satir1\">\n<div class=\"kolon1\">Maksimum Bellek<\/div>\n<div class=\"kolon2\">16 GB<\/div>\n<\/div>\n<div class=\"satir2\">\n<div class=\"kolon1\">Disk Kapasitesi<\/div>\n<div class=\"kolon2\">256 GB<\/div>\n<\/div>\n<div class=\"satir1\">\n<div class=\"kolon1\">Disk tipi<\/div>\n<div class=\"kolon2\">NVMe M.2 SSD<\/div>\n<\/div>\n<div class=\"satir2\">\n<div class=\"kolon1\">Video Chipset<\/div>\n<div class=\"kolon2\">Intel<\/div>\n<\/div>\n<div class=\"satir1\">\n<div class=\"kolon1\">Ekran Kart\u0131<\/div>\n<div class=\"kolon2\">Payla\u015f\u0131ml\u0131<\/div>\n<\/div>\n<div class=\"satir2\">\n<div class=\"kolon1\">Grafik \u0130\u015flemci Haf\u0131zas\u0131<\/div>\n<div class=\"kolon2\">Payla\u015f\u0131ml\u0131<\/div>\n<\/div>\n<div class=\"satir1\">\n<div class=\"kolon1\">Ethernet<\/div>\n<div class=\"kolon2\">10\/100\/1000 Mbps<\/div>\n<\/div>\n<div class=\"satir2\">\n<div class=\"kolon1\">Wireless<\/div>\n<div class=\"kolon2\">802.11b\/g\/n\/ac<\/div>\n<\/div>\n<div class=\"satir1\">\n<div class=\"kolon1\">Bluetooth<\/div>\n<div class=\"kolon2\">Bluetooth 5.0<\/div>\n<\/div>\n<div class=\"satir2\">\n<div class=\"kolon1\">Ekran Boyutu<\/div>\n<div class=\"kolon2\">15.6&#8243;<\/div>\n<\/div>\n<div class=\"satir1\">\n<div class=\"kolon1\">Maksimum \u00c7\u00f6z\u00fcn\u00fcrl\u00fck<\/div>\n<div class=\"kolon2\">1920*1080<\/div>\n<\/div>\n<div class=\"satir2\">\n<div class=\"kolon1\">Dokunmatik \u00f6zelli\u011fi<\/div>\n<div class=\"kolon2\">Yok<\/div>\n<\/div>\n<div class=\"satir1\">\n<div class=\"kolon1\">Web Kameras\u0131<\/div>\n<div class=\"kolon2\">Var<\/div>\n<\/div>\n<div class=\"satir2\">\n<div class=\"kolon1\">Destekledi\u011fi Kartlar<\/div>\n<div class=\"kolon2\">1 x Secure Digital (SD)<\/div>\n<\/div>\n<div class=\"satir1\">\n<div class=\"kolon1\">Parmak Okuyucu<\/div>\n<div class=\"kolon2\">Yok<\/div>\n<\/div>\n<div class=\"satir2\">\n<div class=\"kolon1\">Portlar<\/div>\n<div class=\"kolon2\">2 x USB 3.0<\/div>\n<\/div>\n<div class=\"satir1\">\n<div class=\"kolon1\">Portlar<\/div>\n<div class=\"kolon2\">1x USB Type-C<\/div>\n<\/div>\n<div class=\"satir2\">\n<div class=\"kolon1\">Portlar<\/div>\n<div class=\"kolon2\">1 x HDMI<\/div>\n<\/div>\n<div class=\"satir1\">\n<div class=\"kolon1\">Portlar<\/div>\n<div class=\"kolon2\">1 x RJ-45 Ethernet<\/div>\n<\/div>\n<div class=\"satir2\">\n<div class=\"kolon1\">Portlar<\/div>\n<div class=\"kolon2\">1 x Kulakl\u0131k \/ Mikrofon kombo port<\/div>\n<\/div>\n<div class=\"satir1\">\n<div class=\"kolon1\">\u0130\u015fletim Sistemi<\/div>\n<div class=\"kolon2\">Windows 11 Home<\/div>\n<\/div>\n<div class=\"satir2\">\n<div class=\"kolon1\">Garanti S\u00fcresi<\/div>\n<div class=\"kolon2\">24 Ay<\/div>\n<\/div>\n<p>&nbsp;<\/td>\n<\/tr>\n<tr>\n<td class=\"function\"><\/td>\n<\/tr>\n<\/tbody>\n<\/table>\n","protected":false},"excerpt":{"rendered":"<table class=\"product-detail\" border=\"0\" width=\"100%\" cellspacing=\"0\" cellpadding=\"0\">\n<tbody>\n<tr>\n<td class=\"product-detail-02\" width=\"34%\">\u0130\u015flemci:<\/td>\n<td width=\"66%\">\u00a0INTEL<\/td>\n<\/tr>\n<tr>\n<td class=\"product-detail-02\" width=\"34%\">\u0130\u015flemci Tipi:<\/td>\n<td width=\"66%\">\u00a0INTEL CORE I5<\/td>\n<\/tr>\n<tr>\n<td class=\"product-detail-02\" width=\"34%\">Bellek:<\/td>\n<td width=\"66%\">\u00a08 GB<\/td>\n<\/tr>\n<tr>\n<td class=\"product-detail-02\" width=\"34%\">Depolama Alan\u0131 SSD:<\/td>\n<td width=\"66%\">\u00a0256 GB<\/td>\n<\/tr>\n<tr>\n<td class=\"product-detail-02\" width=\"34%\">Ekran Kart\u0131 Tipi:<\/td>\n<td width=\"66%\">\u00a0PAYLASIMLI<\/td>\n<\/tr>\n<tr>\n<td class=\"product-detail-02\" width=\"34%\">Ekran Kart\u0131 GPU:<\/td>\n<td width=\"66%\">\u00a0INTEL Dahili GPU<\/td>\n<\/tr>\n<tr>\n<td class=\"product-detail-02\" width=\"34%\">Ekran Kart\u0131 Bellek:<\/td>\n<td width=\"66%\">\u00a0PAYLASIMLI<\/td>\n<\/tr>\n<tr>\n<td class=\"product-detail-02\" width=\"34%\">Ekran Boyutu:<\/td>\n<td width=\"66%\">\u00a015,6 in\u00e7<\/td>\n<\/tr>\n<tr>\n<td class=\"product-detail-02\" width=\"34%\">Ekran \u00c7\u00f6z\u00fcn\u00fcrl\u00fc\u011f\u00fc:<\/td>\n<td width=\"66%\">\u00a01920X1080<\/td>\n<\/tr>\n<tr>\n<td class=\"product-detail-02\" width=\"34%\">\u0130\u015fletim Sistemi:<\/td>\n<td width=\"66%\">\u00a0WINDOWS 11 Home<\/td>\n<\/tr>\n<\/tbody>\n<\/table>\n","protected":false},"featured_media":707,"template":"","meta":{"om_disable_all_campaigns":false,"_monsterinsights_skip_tracking":false,"_monsterinsights_sitenote_active":false,"_monsterinsights_sitenote_note":"","_monsterinsights_sitenote_category":0},"product_cat":[201],"product_tag":[],"class_list":{"0":"post-706","1":"product","2":"type-product","3":"status-publish","4":"has-post-thumbnail","6":"product_cat-notebooklar","7":"thunk-woo-product-list","8":"opn-qv-enable","9":"top-store-woo-hover-zoom","10":"top-store-single-product-tab-horizontal","11":"top-store-shadow-","12":"top-store-shadow-hover-","14":"first","15":"instock","16":"taxable","17":"shipping-taxable","18":"product-type-simple"},"aioseo_notices":[],"_links":{"self":[{"href":"https:\/\/bilginteknoloji.com\/woo\/wp-json\/wp\/v2\/product\/706","targetHints":{"allow":["GET"]}}],"collection":[{"href":"https:\/\/bilginteknoloji.com\/woo\/wp-json\/wp\/v2\/product"}],"about":[{"href":"https:\/\/bilginteknoloji.com\/woo\/wp-json\/wp\/v2\/types\/product"}],"wp:featuredmedia":[{"embeddable":true,"href":"https:\/\/bilginteknoloji.com\/woo\/wp-json\/wp\/v2\/media\/707"}],"wp:attachment":[{"href":"https:\/\/bilginteknoloji.com\/woo\/wp-json\/wp\/v2\/media?parent=706"}],"wp:term":[{"taxonomy":"product_cat","embeddable":true,"href":"https:\/\/bilginteknoloji.com\/woo\/wp-json\/wp\/v2\/product_cat?post=706"},{"taxonomy":"product_tag","embeddable":true,"href":"https:\/\/bilginteknoloji.com\/woo\/wp-json\/wp\/v2\/product_tag?post=706"}],"curies":[{"name":"wp","href":"https:\/\/api.w.org\/{rel}","templated":true}]}}