{"id":696,"date":"2024-08-13T17:55:30","date_gmt":"2024-08-13T14:55:30","guid":{"rendered":"https:\/\/bilginteknoloji.com\/woo\/?post_type=product&#038;p=696"},"modified":"2024-08-13T17:55:30","modified_gmt":"2024-08-13T14:55:30","slug":"asus-b1502cba-i58512b0d-expertbook-b1-i5-1235u-15-6-fhd-8gb-ram-512gb-ssd-paylasimli-ekran-karti-free-dos-kurumsal-notebook","status":"publish","type":"product","link":"https:\/\/bilginteknoloji.com\/woo\/urun\/asus-b1502cba-i58512b0d-expertbook-b1-i5-1235u-15-6-fhd-8gb-ram-512gb-ssd-paylasimli-ekran-karti-free-dos-kurumsal-notebook\/","title":{"rendered":"ASUS B1502CBA-I58512B0D, ExpertBook B1, i5-1235U, 15.6&#8243; FHD, 8Gb Ram, 512Gb SSD, Payla\u015f\u0131ml\u0131 Ekran Kart\u0131, Free Dos, Kurumsal Notebook"},"content":{"rendered":"<p><strong>ASUS B1502CBA-I58512B0D, ExpertBook B1, i5-1235U, 15.6&#8243; FHD, 8Gb Ram, 512Gb SSD, Payla\u015f\u0131ml\u0131 Ekran Kart\u0131, Free Dos, Notebook<\/strong><\/p>\n<p><strong>Hayalleriniz ger\u00e7ekle\u015ftirmek i\u00e7in haz\u0131rland\u0131. \u0130\u015finiz i\u00e7in tasarland\u0131.<\/strong><\/p>\n<p>\u0130\u015finiz i\u00e7in \u00f6zellikler ve g\u00fc\u00e7le dolu ASUS ExpertBook B1, h\u0131rsl\u0131 firmalar ve ilham veren e\u011fitim kurumlar\u0131 i\u00e7in ideal se\u00e7imdir. Kompakt tasar\u0131m\u0131, canl\u0131 g\u00f6rseller i\u00e7in parlak, net 15,6 in\u00e7 ekran\u0131, ayr\u0131ca etkileyici performans\u0131, kurumsal d\u00fczeyde g\u00fcvenli\u011fi, askeri d\u00fczeyde dayan\u0131kl\u0131l\u0131\u011f\u0131 ve kapsaml\u0131 ba\u011flant\u0131 \u00f6zellikleriyle ExpertBook B1, i\u015finizi g\u00fc\u00e7lendirmek i\u00e7in m\u00fckemmel bir ta\u015f\u0131nabilir i\u015f orta\u011f\u0131d\u0131r.<\/p>\n<p><img decoding=\"async\" src=\"http:\/\/www.detayresimler.com\/urun\/B\/B1502CBA-.jpg\" alt=\"\" width=\"700\" \/><br \/>\n<strong>Her yere ta\u015f\u0131nabilirlik<\/strong><\/p>\n<p>15,6 in\u00e7lik NanoEdge ekran\u0131 ve 178\u00b0 geni\u015f g\u00f6r\u00fcnt\u00fcleme a\u00e7\u0131s\u0131yla ExpertBook B1, her senaryo i\u00e7in m\u00fckemmel g\u00f6r\u00fcnt\u00fcleme deneyimleri sa\u011flar. NanoEdge ekran, ExpertBook B1i kompakt tutar, b\u00f6ylece ExpertBook B1i s\u0131rt \u00e7antan\u0131za kolayca takabilirsiniz ve her yerde tam bir g\u00fcnl\u00fck performans i\u00e7in haz\u0131r olursunuz.<\/p>\n<p><img decoding=\"async\" src=\"http:\/\/www.detayresimler.com\/urun\/B\/B1502CBA-_1.jpg\" alt=\"\" width=\"700\" \/><\/p>\n<p><strong>M\u00fckemmel \u00e7ok y\u00f6nl\u00fc performans<\/strong><\/p>\n<p>Geli\u015fmi\u015f 12. Nesil Intel\u00ae Core\u2122 i\u015flemciye sahip ExpertBook B1de i\u015finizi yapman\u0131z i\u00e7in gereken y\u00fcksek performans\u0131n keyfini \u00e7\u0131kar\u0131n. 8 GBa kadar bellek ve geni\u015f depolama alan\u0131yla bir araya gelen Expertbook B1, sizi en yo\u011fun i\u015fler i\u00e7in bile donatan ve ihtiyac\u0131n\u0131z olan i\u00e7eri\u011fe h\u0131zl\u0131 eri\u015fim sa\u011flayan i\u015f diz\u00fcst\u00fc bilgisayar\u0131d\u0131r. Ayr\u0131ca, h\u0131zl\u0131 ve kararl\u0131 ba\u011flant\u0131 i\u00e7in t\u0131kan\u0131kl\u0131k giderici WiFi 6E ile kesintisiz ba\u011flant\u0131 i\u00e7in haz\u0131rlanm\u0131\u015ft\u0131r.<\/p>\n<p><img decoding=\"async\" src=\"http:\/\/www.detayresimler.com\/urun\/B\/B1502CBA-_2.jpg\" alt=\"\" width=\"700\" \/><\/p>\n<p><strong>G\/\u00c7 ba\u011flant\u0131 noktalar\u0131<\/strong><\/p>\n<p>ExpertBook B1, \u00fcretkenli\u011fi art\u0131rmak i\u00e7in G\/\u00c7 ba\u011flant\u0131 noktalar\u0131yla y\u00fcklenir. Bunlar, USB Type-A, USB Type-C ve bir HDMI \u00e7\u0131k\u0131\u015f\u0131n\u0131n yan\u0131 s\u0131ra kolay cihaz y\u00f6netimi i\u00e7in benzersiz bir MAC adresine sahip kablolu a\u011f ba\u011flant\u0131s\u0131n\u0131 i\u00e7erir.<\/p>\n<p><img decoding=\"async\" src=\"http:\/\/www.detayresimler.com\/urun\/B\/B1502CBA-_3.jpg\" alt=\"\" width=\"700\" \/><\/p>\n<p><strong>\u0130\u015f s\u00fcre\u00e7lerinizi basitle\u015ftirin<\/strong><\/p>\n<p>ASUS Business Manager y\u00f6netim \u00e7\u00f6z\u00fcmleri, rutin g\u00f6revleri kolayla\u015ft\u0131rmaya yard\u0131mc\u0131 olan ASUS ExpertBook diz\u00fcst\u00fc bilgisayarlarla y\u00f6netim daha kolay hale getirildi. Bu, BT personelinin \u015firket varl\u0131klar\u0131n\u0131 uzaktan kontrol etmesine ve y\u00f6netmesine olanak tan\u0131yarak kurulu\u015funuzun zamandan ve paradan tasarruf etmesini sa\u011flar.<\/p>\n<p><img decoding=\"async\" src=\"http:\/\/www.detayresimler.com\/urun\/B\/B1502CBA-_4.jpg\" alt=\"\" width=\"700\" \/><\/p>\n<p><strong>TEKN\u0130K \u00d6ZELL\u0130KLER:<\/strong><\/p>\n<table border=\"1\" width=\"700\" cellpadding=\"10\">\n<tbody>\n<tr>\n<td><strong>\u0130\u015flemci:<\/strong>Intel\u00ae Core\u2122 i5-1235U Processor 1.3 GHz (12M Cache, up to 4.4 GHz, 10 cores)<\/td>\n<\/tr>\n<tr>\n<td><strong>\u0130\u015fletim Sistemi:<\/strong>Without OS<\/td>\n<\/tr>\n<tr>\n<td><strong>Bellek:<\/strong>8GB DDR4 on board<\/td>\n<\/tr>\n<tr>\n<td><strong>Ekran Kart\u0131:<\/strong>Intel\u00ae UHD Graphics<\/td>\n<\/tr>\n<tr>\n<td><strong>Depolama:<\/strong>512GB M.2 2280 NVMe\u2122 PCIe\u00ae 4.0 SSD<\/td>\n<\/tr>\n<tr>\n<td><strong>Ekran:<\/strong>\u00a015.6&#8243;\/FHD (1920 x 1080) 16:9 NTSC: 45%, 220nits, parlama yapmayan ekran, 60 hz<\/td>\n<\/tr>\n<tr>\n<td><strong>Video Kamera:<\/strong>720p HD camera\/\/With privacy shutter<\/td>\n<\/tr>\n<tr>\n<td><strong>Network:<\/strong>Wi-Fi 6(802.11ax) (Dual band) 2*2 + Bluetooth\u00ae 5.3 Wireless Card<\/td>\n<\/tr>\n<tr>\n<td><strong>Klavye:<\/strong>Chiclet Keyboard<\/td>\n<\/tr>\n<tr>\n<td><strong>USB Port:<\/strong><br \/>\n1x USB 2.0 Type-A<\/p>\n<p>1x USB 3.2 Gen 1 Type-A<\/p>\n<p>1x USB 3.2 Gen 1 Type-C support power delivery<\/p>\n<p>1x USB 3.2 Gen 2 Type-C support display \/ power delivery<\/p>\n<p>1x HDMI 1.4<\/p>\n<p>1x 3.5mm Combo Audio Jack<\/p>\n<p>1x RJ45 Gigabit Ethernet<\/td>\n<\/tr>\n<tr>\n<td><strong>Ses:<\/strong><br \/>\nAudio by Dirac<\/p>\n<p>Built-in speaker<\/p>\n<p>Built-in array microphone\/\/N\/A<\/td>\n<\/tr>\n<tr>\n<td><strong>Screenpad 2.0:<\/strong>Yok<\/td>\n<\/tr>\n<tr>\n<td><strong>Numberpad:<\/strong>Var<\/td>\n<\/tr>\n<tr>\n<td><strong>Fingerprint:<\/strong>Yok<\/td>\n<\/tr>\n<tr>\n<td><strong>G\u00fc\u00e7 Adapt\u00f6r\u00fc:<\/strong><br \/>\nTYPE-C, 65W AC Adapter,<\/p>\n<p>Output: 20V DC, 3.25A, 65W<\/p>\n<p>Input: 100~240V AC 50\/60Hz universal<\/td>\n<\/tr>\n<tr>\n<td><strong>Batarya:<\/strong>42WHrs, 3S1P, 3-cell Li-ion<\/td>\n<\/tr>\n<tr>\n<td><strong>Boyutlar:<\/strong>36.16 x 23.30 x 1.99 ~ 1.99 cm<\/td>\n<\/tr>\n<tr>\n<td><strong>A\u011f\u0131rl\u0131k:<\/strong>1.69 kg<\/td>\n<\/tr>\n<tr>\n<td><strong>Renk:<\/strong>Star Black<\/td>\n<\/tr>\n<\/tbody>\n<\/table>\n<p><img decoding=\"async\" src=\"http:\/\/www.detayresimler.com\/urun\/B\/B1502CBA-_5.jpg\" alt=\"\" width=\"700\" \/><\/p>\n","protected":false},"excerpt":{"rendered":"<table class=\"product-detail\" border=\"0\" width=\"100%\" cellspacing=\"0\" cellpadding=\"0\">\n<tbody>\n<tr>\n<td class=\"product-detail-02\" width=\"34%\">\u0130\u015flemci:<\/td>\n<td width=\"66%\">\u00a0INTEL<\/td>\n<\/tr>\n<tr>\n<td class=\"product-detail-02\" width=\"34%\">\u0130\u015flemci Tipi:<\/td>\n<td width=\"66%\">\u00a0INTEL CORE I5<\/td>\n<\/tr>\n<tr>\n<td class=\"product-detail-02\" width=\"34%\">Bellek:<\/td>\n<td width=\"66%\">\u00a08 GB<\/td>\n<\/tr>\n<tr>\n<td class=\"product-detail-02\" width=\"34%\">Depolama Alan\u0131 SSD:<\/td>\n<td width=\"66%\">\u00a0512 GB<\/td>\n<\/tr>\n<tr>\n<td class=\"product-detail-02\" width=\"34%\">Ekran Kart\u0131 Tipi:<\/td>\n<td width=\"66%\">\u00a0PAYLASIMLI<\/td>\n<\/tr>\n<tr>\n<td class=\"product-detail-02\" width=\"34%\">Ekran Kart\u0131 GPU:<\/td>\n<td width=\"66%\">\u00a0INTEL Dahili GPU<\/td>\n<\/tr>\n<tr>\n<td class=\"product-detail-02\" width=\"34%\">Ekran Kart\u0131 Bellek:<\/td>\n<td width=\"66%\">\u00a0PAYLASIMLI<\/td>\n<\/tr>\n<tr>\n<td class=\"product-detail-02\" width=\"34%\">Ekran Boyutu:<\/td>\n<td width=\"66%\">\u00a015,6 in\u00e7<\/td>\n<\/tr>\n<tr>\n<td class=\"product-detail-02\" width=\"34%\">Ekran \u00c7\u00f6z\u00fcn\u00fcrl\u00fc\u011f\u00fc:<\/td>\n<td width=\"66%\">\u00a01920X1080<\/td>\n<\/tr>\n<tr>\n<td class=\"product-detail-02\" width=\"34%\">\u0130\u015fletim Sistemi:<\/td>\n<td width=\"66%\">\u00a0FREE DOS<\/td>\n<\/tr>\n<\/tbody>\n<\/table>\n","protected":false},"featured_media":697,"template":"","meta":{"om_disable_all_campaigns":false,"_monsterinsights_skip_tracking":false,"_monsterinsights_sitenote_active":false,"_monsterinsights_sitenote_note":"","_monsterinsights_sitenote_category":0},"product_cat":[201],"product_tag":[],"class_list":{"0":"post-696","1":"product","2":"type-product","3":"status-publish","4":"has-post-thumbnail","6":"product_cat-notebooklar","7":"thunk-woo-product-list","8":"opn-qv-enable","9":"top-store-woo-hover-zoom","10":"top-store-single-product-tab-horizontal","11":"top-store-shadow-","12":"top-store-shadow-hover-","14":"first","15":"instock","16":"taxable","17":"shipping-taxable","18":"product-type-simple"},"aioseo_notices":[],"_links":{"self":[{"href":"https:\/\/bilginteknoloji.com\/woo\/wp-json\/wp\/v2\/product\/696","targetHints":{"allow":["GET"]}}],"collection":[{"href":"https:\/\/bilginteknoloji.com\/woo\/wp-json\/wp\/v2\/product"}],"about":[{"href":"https:\/\/bilginteknoloji.com\/woo\/wp-json\/wp\/v2\/types\/product"}],"wp:featuredmedia":[{"embeddable":true,"href":"https:\/\/bilginteknoloji.com\/woo\/wp-json\/wp\/v2\/media\/697"}],"wp:attachment":[{"href":"https:\/\/bilginteknoloji.com\/woo\/wp-json\/wp\/v2\/media?parent=696"}],"wp:term":[{"taxonomy":"product_cat","embeddable":true,"href":"https:\/\/bilginteknoloji.com\/woo\/wp-json\/wp\/v2\/product_cat?post=696"},{"taxonomy":"product_tag","embeddable":true,"href":"https:\/\/bilginteknoloji.com\/woo\/wp-json\/wp\/v2\/product_tag?post=696"}],"curies":[{"name":"wp","href":"https:\/\/api.w.org\/{rel}","templated":true}]}}