{"id":693,"date":"2024-08-13T17:38:26","date_gmt":"2024-08-13T14:38:26","guid":{"rendered":"https:\/\/bilginteknoloji.com\/woo\/?post_type=product&#038;p=693"},"modified":"2024-08-13T17:38:26","modified_gmt":"2024-08-13T14:38:26","slug":"intel-i9-14900kf-24-core-3-20ghz-36mb-253w-lga1700-14-nesil-box-grafik-kart-yok-fan-yok-2","status":"publish","type":"product","link":"https:\/\/bilginteknoloji.com\/woo\/urun\/intel-i9-14900kf-24-core-3-20ghz-36mb-253w-lga1700-14-nesil-box-grafik-kart-yok-fan-yok-2\/","title":{"rendered":"INTEL i9-14900KF 24 Core, 3.20Ghz, 36Mb, 253W, LGA1700, 14.Nesil, BOX, (Grafik Kart YOK, Fan YOK)"},"content":{"rendered":"<div class=\"hidden lg:block prose prose-neutral prose-headings:text-lg prose-a:no-underline prose-em:not-italic prose-headings:font-semibold max-w-none prose-img:mx-auto overflow-hidden\">\n<div class=\"phPart\">\n<p class=\"phHeader\">Intel Core i9-14900KF 3.20GHz 24 \u00c7ekirdek 36MB L3 \u00d6nbellek Soket 1700\u00a0<strong>\u0130\u015flemci<\/strong>\u00a0Genel \u00d6zellikler<\/p>\n<\/div>\n<div class=\"phPart\">\n<p class=\"phBanner\"><img decoding=\"async\" src=\"https:\/\/www.detayresimler.com\/urun\/I\/I9-14900KF.jpg\" alt=\"Intel Core i9-14900KF 3.20GHz 24 \u00c7ekirdek 36MB L3 \u00d6nbellek Soket 1700 \u0130\u015flemci\" \/><\/p>\n<\/div>\n<div class=\"phPart\">\n<div class=\"phLine\"><span class=\"phText\">Intel Core Masa\u00fcst\u00fc \u0130\u015flemcilerIntel Core 14. nesil masa\u00fcst\u00fc i\u015flemcileri, oyun ve yarat\u0131c\u0131l\u0131k i\u00e7in en \u00fcst d\u00fczeyde s\u00fcr\u00fckleyici deneyim sunar.<\/span><\/div>\n<div class=\"phLineBreak\"><\/div>\n<\/div>\n<div class=\"phPart\">\n<p class=\"phBanner\"><img decoding=\"async\" src=\"https:\/\/www.detayresimler.com\/urun\/I\/I9-14900KF_1.jpg\" alt=\"Intel Core i9-14900KF 3.20GHz 24 \u00c7ekirdek 36MB L3 \u00d6nbellek Soket 1700 \u0130\u015flemci\" \/><\/p>\n<\/div>\n<div class=\"phPart\">\n<div class=\"phLine\"><span class=\"phText\">14. Nesil \u0130\u015flemcilerBu yeni nesil i\u015flemciler, oyun, i\u00e7erik olu\u015fturma ve \u00fcretkenli\u011finizi optimize etmek i\u00e7in Intelin performans hibrit mimarisini kullanmaya devam ediyor. Esneklik sunmak i\u00e7in tasarlanm\u0131\u015f platform yeniliklerinden yararlan\u0131n ve g\u00fc\u00e7l\u00fc bir ayarlama ve h\u0131z a\u015f\u0131rtma ara\u00e7lar\u0131 paketi ile CPU performans\u0131n\u0131z\u0131 art\u0131r\u0131n. Intel 700 serisi yonga setleri deste\u011fi ve Intel 600 serisi yonga setleri ile geriye d\u00f6n\u00fck uyumluluk, her t\u00fcrl\u00fc g\u00f6rev i\u00e7in ihtiya\u00e7 duydu\u011funuz \u00f6zelliklere eri\u015fmenizi sa\u011flar. \u0130ster \u00e7al\u0131\u015f\u0131yor, ister yay\u0131n yap\u0131yor, ister oyun oynuyor veya yarat\u0131yor olun, Intel Core masa\u00fcst\u00fc i\u015flemciler en \u00fcst d\u00fczey s\u00fcr\u00fckleyici deneyimi sunar.<br \/>\n<\/span><\/div>\n<div class=\"phLineBreak\"><\/div>\n<\/div>\n<div class=\"phPart\">\n<p class=\"phBanner\"><img decoding=\"async\" src=\"https:\/\/www.detayresimler.com\/urun\/I\/I9-14900KF_2.jpg\" alt=\"Intel Core i9-14900KF 3.20GHz 24 \u00c7ekirdek 36MB L3 \u00d6nbellek Soket 1700 \u0130\u015flemci\" \/><\/p>\n<\/div>\n<div class=\"phPart\">\n<div class=\"phLine\"><span class=\"phText\">Geni\u015fletilmi\u015f \u00c7ekirdek TeknolojisiIntel Core masa\u00fcst\u00fc i\u015flemciler, arad\u0131\u011f\u0131n\u0131z deneyimleri sa\u011flamak i\u00e7in tasarlanm\u0131\u015f geli\u015ftirmelere ve teknolojilere sahiptir. Bu i\u015flemciler, iki \u00e7ekirdek mikro mimarisini tek bir i\u015flemci kal\u0131b\u0131 \u00fczerinde birle\u015ftiren performans hibrit mimarisine sahiptir. Bu mimaride Performans \u00e7ekirdekleri, Verimli \u00e7ekirdekler ve Intel Thread Director bulunur. 24 adede kadar \u00e7ekirdek (8 Performans \u00c7ekirde\u011fi ve 16 Verimli \u00e7ekirdek) ve 32 adede kadar i\u015f par\u00e7ac\u0131\u011f\u0131. Intel Core i9 i\u015flemci P-\u00e7ekirdekleri, performans\u0131 y\u00fckseltmek i\u00e7in Intel Thermal Velocity Boost ile 6,0 GHze ula\u015fabilir. Intel Core i7 i\u015flemci Verimli \u00c7ekirdekleri, zorlu \u00e7oklu g\u00f6rev i\u015f y\u00fcklerinin \u00fcstesinden gelmek i\u00e7in 20 \u00e7ekirde\u011fe (8 P-\u00e7ekirde\u011fi + 12 E-\u00e7ekirde\u011fi) ve 28 i\u015f par\u00e7ac\u0131\u011f\u0131na kadar art\u0131r\u0131lm\u0131\u015ft\u0131r. Intel Core masa\u00fcst\u00fc i\u015flemciler, Intel Dynamic Tuning Technology, Intel Turbo Boost Max 3.0 Technology, Intel Thermal Velocity Boost, Intel Adaptive Boost ve daha fazlas\u0131 gibi bir dizi geli\u015fmi\u015f ara\u00e7 ve teknolojiyi i\u00e7erir.<\/span><\/div>\n<div class=\"phLineBreak\"><\/div>\n<\/div>\n<div class=\"phPart\">\n<p class=\"phBanner\"><img decoding=\"async\" src=\"https:\/\/www.detayresimler.com\/urun\/I\/I9-14900KF_3.jpg\" alt=\"Intel Core i9-14900KF 3.20GHz 24 \u00c7ekirdek 36MB L3 \u00d6nbellek Soket 1700 \u0130\u015flemci\" \/><\/p>\n<\/div>\n<div class=\"phPart\">\n<div class=\"phLine\"><span class=\"phText\">S\u00fcr\u00fckleyici Deneyimler\u0130ster h\u0131z a\u015f\u0131rtma, ister grafik teknolojileri veya ba\u011flant\u0131 \u00f6zellikleriyle ilgileniyor olun, Intel Core masa\u00fcst\u00fc i\u015flemciler s\u00fcr\u00fckleyici deneyimler ya\u015faman\u0131z\u0131 sa\u011flayacak \u00f6zellikler sunar. Hem uzmanlar hem de yeni kullan\u0131c\u0131lar i\u00e7in h\u0131z a\u015f\u0131rtma ara\u00e7lar\u0131 i\u00e7eren Intel Extreme Tuning Utility, Intel Extreme Memory Profile ve Intel Dynamic Memory Boost, kilidi a\u00e7\u0131lm\u0131\u015f i\u015flemcilerden daha fazlas\u0131n\u0131 elde etmek i\u00e7in ak\u0131ll\u0131 h\u0131z a\u015f\u0131rtma performans\u0131 sunmaya yard\u0131mc\u0131 olur. Intel grafik teknolojileri entegre grafiklerden daha fazlas\u0131d\u0131r ve yeni nesil s\u00fcr\u00fckleyici deneyimler sa\u011flarlar. Xe mimarisine sahip Intel Ultra Y\u00fcksek \u00c7\u00f6z\u00fcn\u00fcrl\u00fckl\u00fc Grafikler ile. E\u015fzamanl\u0131 DDI ba\u011flant\u0131 noktalar\u0131na kadar destek ve 8K HDR deste\u011fi ve geli\u015fmi\u015f medya deste\u011fi. Bu yeni nesil i\u015flemciler ayr\u0131 Intel Wi-Fi 7yi (5 Gig) destekliyor. Wi-Fi 7, Wi-Fi 6 ve Wi-Fi 6Enin yeniliklerini geni\u015fleterek yaln\u0131zca daha y\u00fcksek h\u0131zlar sa\u011flamakla kalmayacak, ayn\u0131 zamanda a\u015f\u0131r\u0131 tutarl\u0131l\u0131k ve hassasiyet gerektiren gelecekteki kullan\u0131mlar i\u00e7in yan\u0131t verme ve g\u00fcvenilirli\u011fi \u00f6nemli \u00f6l\u00e7\u00fcde art\u0131racakt\u0131r. Ger\u00e7ek kablosuz stereo, daha y\u00fcksek kaliteli ses ve yeni ses payla\u015f\u0131m \u00f6zellikleri i\u00e7in Bluetooth LE Audio deste\u011finden yararlan\u0131n.<\/span><\/div>\n<div class=\"phLineBreak\"><\/div>\n<\/div>\n<div class=\"phPart\">\n<p class=\"phBanner\"><img decoding=\"async\" src=\"https:\/\/www.detayresimler.com\/urun\/I\/I9-14900KF_4.jpg\" alt=\"Intel Core i9-14900KF 3.20GHz 24 \u00c7ekirdek 36MB L3 \u00d6nbellek Soket 1700 \u0130\u015flemci\" \/><\/p>\n<\/div>\n<div class=\"phPart\">\n<div class=\"phLine\"><span class=\"phText\">Platform \u0130novasyonunun H\u0131zland\u0131r\u0131lmas\u0131Platform esnekli\u011fi sunarken end\u00fcstri lideri teknoloji i\u00e7in tasarlanm\u0131\u015ft\u0131r. Intel 600 ve 700 serisi yonga seti tabanl\u0131\u00a0<strong>anakart<\/strong>larla uyumluluk8 size performans veya \u00f6zelliklerden \u00f6d\u00fcn vermeden y\u00fckseltme esnekli\u011fi sunar. Y\u00fcksek bant geni\u015fli\u011fi ve geli\u015fmi\u015f \u00fcretkenlik i\u00e7in 5600 MT\/snye kadar h\u0131zlara sahip DDR5 deste\u011finin yan\u0131 s\u0131ra 3200 MT\/snye kadar devam eden DDR4 deste\u011finden yararlan\u0131n. \u00dcst d\u00fczey I\/O entegrasyonuna sahip bu platform, y\u00fcksek h\u0131zl\u0131 GPU,\u00a0<strong>SSD<\/strong>\u00a0veya di\u011fer eklenti kartlar\u0131 i\u00e7in 16 adede kadar PCIe 5.0 \u015feridine9 sahiptir. Ayr\u0131ca bile\u015fenlerin h\u0131zl\u0131 ileti\u015fimi i\u00e7in 20 adede kadar PCIe 4.0 \u015feridi ve 8 adede kadar DMI 4.0 \u015feridi sunar. Ayr\u0131k Thunderbolt 4 teknolojisi, 40 Gbpse kadar bant geni\u015fli\u011fi ile ba\u011fl\u0131 aksesuarlar\u0131 destekler.<\/span><\/div>\n<div class=\"phLineBreak\"><\/div>\n<\/div>\n<\/div>\n<div>\n<h2 class=\"card-title text-center mt-10 justify-center\">Intel Core i9-14900KF 3.20GHz 24 \u00c7ekirdek 36MB L3 \u00d6nbellek Soket 1700 \u0130\u015flemci \u00d6zellikleri<\/h2>\n<div class=\"columns-1 md:columns-2 gap-5\">\n<div class=\"mb-7 break-inside-avoid-column text-left\">\n<p class=\"text-xl font-medium mb-1\">Genel \u00d6zellikler<\/p>\n<div class=\"bg-neutral-100 px-1 xl:px-5 py-1 shadow-sm\">\n<table class=\"w-full prose\">\n<tbody>\n<tr>\n<th class=\"text-sm lg:text-base w-28 lg:w-48\">Marka<\/th>\n<td class=\"text-sm lg:text-base break-all\">Intel<\/td>\n<\/tr>\n<tr>\n<th class=\"text-sm lg:text-base w-28 lg:w-48\">\u0130\u015flemci Modeli<\/th>\n<td class=\"text-sm lg:text-base break-all\">Intel Core i9<\/td>\n<\/tr>\n<tr>\n<th class=\"text-sm lg:text-base w-28 lg:w-48\">\u0130\u015flemci H\u0131z\u0131<\/th>\n<td class=\"text-sm lg:text-base break-all\">3.2 GHz<\/td>\n<\/tr>\n<tr>\n<th class=\"text-sm lg:text-base w-28 lg:w-48\">\u0130\u015flemci Kodu<\/th>\n<td class=\"text-sm lg:text-base break-all\">i9-14900KF<\/td>\n<\/tr>\n<tr>\n<th class=\"text-sm lg:text-base w-28 lg:w-48\">\u0130\u015flemci Grafikleri<\/th>\n<td class=\"text-sm lg:text-base break-all\">Yok<\/td>\n<\/tr>\n<tr>\n<th class=\"text-sm lg:text-base w-28 lg:w-48\">Overclock<\/th>\n<td class=\"text-sm lg:text-base break-all\">Var<\/td>\n<\/tr>\n<tr>\n<th class=\"text-sm lg:text-base w-28 lg:w-48\">Turbo (Max. \u00c7al\u0131\u015fma H\u0131z\u0131)<\/th>\n<td class=\"text-sm lg:text-base break-all\">6.0 GHz<\/td>\n<\/tr>\n<tr>\n<th class=\"text-sm lg:text-base w-28 lg:w-48\">Soket Yap\u0131s\u0131<\/th>\n<td class=\"text-sm lg:text-base break-all\">1700<\/td>\n<\/tr>\n<tr>\n<th class=\"text-sm lg:text-base w-28 lg:w-48\">\u00dcretim Tekni\u011fi<\/th>\n<td class=\"text-sm lg:text-base break-all\">10 nm<\/td>\n<\/tr>\n<tr>\n<th class=\"text-sm lg:text-base w-28 lg:w-48\">Garanti<\/th>\n<td class=\"text-sm lg:text-base break-all\">24 Ay Garanti<\/td>\n<\/tr>\n<\/tbody>\n<\/table>\n<\/div>\n<\/div>\n<div class=\"mb-7 break-inside-avoid-column text-left\">\n<p class=\"text-xl font-medium mb-1\">Performans<\/p>\n<div class=\"bg-neutral-100 px-1 xl:px-5 py-1 shadow-sm\">\n<table class=\"w-full prose\">\n<tbody>\n<tr>\n<th class=\"text-sm lg:text-base w-28 lg:w-48\">\u00c7ekirdek Say\u0131s\u0131<\/th>\n<td class=\"text-sm lg:text-base break-all\">24 \u00c7ekirdek (P-Core: 8 \/ E-Core: 16)<\/td>\n<\/tr>\n<tr>\n<th class=\"text-sm lg:text-base w-28 lg:w-48\">Sanal \u00c7ekirdek<\/th>\n<td class=\"text-sm lg:text-base break-all\">32<\/td>\n<\/tr>\n<tr>\n<th class=\"text-sm lg:text-base w-28 lg:w-48\">\u00d6n Bellek<\/th>\n<td class=\"text-sm lg:text-base break-all\">36 MB<\/td>\n<\/tr>\n<tr>\n<th class=\"text-sm lg:text-base w-28 lg:w-48\">Bellek T\u00fcrleri<\/th>\n<td class=\"text-sm lg:text-base break-all\">DDR5 5600 MHz \/ DDR4 3200 MHz<\/td>\n<\/tr>\n<tr>\n<th class=\"text-sm lg:text-base w-28 lg:w-48\">Max. Bellek Boyutu<\/th>\n<td class=\"text-sm lg:text-base break-all\">128 Gb<\/td>\n<\/tr>\n<tr>\n<th class=\"text-sm lg:text-base w-28 lg:w-48\">G\u00fc\u00e7 T\u00fcketimi<\/th>\n<td class=\"text-sm lg:text-base break-all\">Taban: 125 W \/ Turbo : 253 W<\/td>\n<\/tr>\n<tr>\n<th class=\"text-sm lg:text-base w-28 lg:w-48\">Fan<\/th>\n<\/tr>\n<\/tbody>\n<\/table>\n<\/div>\n<\/div>\n<\/div>\n<\/div>\n","protected":false},"excerpt":{"rendered":"<p>Intel Core i9-14900KF 3.20GHz 24 \u00c7ekirdek 36MB L3 \u00d6nbellek Soket 1700\u00a0\u0130\u015flemci\u00a0Genel \u00d6zellikler Intel Core Masa\u00fcst\u00fc \u0130\u015flemcilerIntel Core 14. nesil masa\u00fcst\u00fc i\u015flemcileri, oyun ve yarat\u0131c\u0131l\u0131k i\u00e7in en \u00fcst d\u00fczeyde s\u00fcr\u00fckleyici deneyim sunar. 14. Nesil \u0130\u015flemcilerBu yeni nesil i\u015flemciler, oyun, i\u00e7erik olu\u015fturma ve \u00fcretkenli\u011finizi optimize etmek i\u00e7in Intelin performans hibrit mimarisini kullanmaya devam ediyor. Esneklik sunmak i\u00e7in &hellip;<\/p>\n<p class=\"read-more\"> <a class=\" thunk-readmore button \" href=\"https:\/\/bilginteknoloji.com\/woo\/urun\/intel-i9-14900kf-24-core-3-20ghz-36mb-253w-lga1700-14-nesil-box-grafik-kart-yok-fan-yok-2\/\"> <span class=\"screen-reader-text\">INTEL i9-14900KF 24 Core, 3.20Ghz, 36Mb, 253W, LGA1700, 14.Nesil, BOX, (Grafik Kart YOK, Fan YOK)<\/span>Read More<\/a><\/p>\n","protected":false},"featured_media":694,"template":"","meta":{"om_disable_all_campaigns":false,"_monsterinsights_skip_tracking":false,"_monsterinsights_sitenote_active":false,"_monsterinsights_sitenote_note":"","_monsterinsights_sitenote_category":0},"product_cat":[66],"product_tag":[],"class_list":{"0":"post-693","1":"product","2":"type-product","3":"status-publish","4":"has-post-thumbnail","6":"product_cat-intel-islemciler","7":"thunk-woo-product-list","8":"opn-qv-enable","9":"top-store-woo-hover-zoom","10":"top-store-single-product-tab-horizontal","11":"top-store-shadow-","12":"top-store-shadow-hover-","14":"first","15":"instock","16":"taxable","17":"shipping-taxable","18":"product-type-simple"},"aioseo_notices":[],"_links":{"self":[{"href":"https:\/\/bilginteknoloji.com\/woo\/wp-json\/wp\/v2\/product\/693","targetHints":{"allow":["GET"]}}],"collection":[{"href":"https:\/\/bilginteknoloji.com\/woo\/wp-json\/wp\/v2\/product"}],"about":[{"href":"https:\/\/bilginteknoloji.com\/woo\/wp-json\/wp\/v2\/types\/product"}],"wp:featuredmedia":[{"embeddable":true,"href":"https:\/\/bilginteknoloji.com\/woo\/wp-json\/wp\/v2\/media\/694"}],"wp:attachment":[{"href":"https:\/\/bilginteknoloji.com\/woo\/wp-json\/wp\/v2\/media?parent=693"}],"wp:term":[{"taxonomy":"product_cat","embeddable":true,"href":"https:\/\/bilginteknoloji.com\/woo\/wp-json\/wp\/v2\/product_cat?post=693"},{"taxonomy":"product_tag","embeddable":true,"href":"https:\/\/bilginteknoloji.com\/woo\/wp-json\/wp\/v2\/product_tag?post=693"}],"curies":[{"name":"wp","href":"https:\/\/api.w.org\/{rel}","templated":true}]}}