{"id":650,"date":"2024-08-13T16:35:15","date_gmt":"2024-08-13T13:35:15","guid":{"rendered":"https:\/\/bilginteknoloji.com\/woo\/?post_type=product&#038;p=650"},"modified":"2024-08-13T16:35:15","modified_gmt":"2024-08-13T13:35:15","slug":"amd-ryzen-9-7900x3d-12-core-440-5-60ghz-140mb-cache-120w-am5-soket-box-kutulu-grafik-kart-var-fan-yok","status":"publish","type":"product","link":"https:\/\/bilginteknoloji.com\/woo\/urun\/amd-ryzen-9-7900x3d-12-core-440-5-60ghz-140mb-cache-120w-am5-soket-box-kutulu-grafik-kart-var-fan-yok\/","title":{"rendered":"AMD RYZEN 9 7900X3D 12 Core, 4,40-5.60GHz, 140Mb Cache, 120W, AM5 Soket, BOX (Kutulu) (Grafik Kart VAR, Fan YOK)"},"content":{"rendered":"<table border=\"0\" width=\"100%\" cellspacing=\"0\" cellpadding=\"0\">\n<tbody>\n<tr>\n<td class=\"urundetayaciklamasi\">\n<div class=\"hiden lg:block prose prose-neutral prose-headings:text-lg prose-a:no-underline prose-em:not-italic prose-headings:font-semibold max-w-none prose-img:mx-auto overflow-hidden\">\n<div class=\"phPart\">\n<p class=\"phHeader\">AMD Ryzen 9 7900X3D 4.40GHz 12 \u00c7ekirdek 128MB \u00d6nbellek Soket AM5\u00a0<strong>\u0130\u015flemci<\/strong>\u00a0Genel \u00d6zellikler<\/p>\n<\/div>\n<div class=\"phPart\">\n<p class=\"phBanner\"><img decoding=\"async\" src=\"http:\/\/www.detayresimler.com\/urun\/R\/RYZ7900X3D.jpg\" alt=\"AMD Ryzen 9 7900X3D \u0130\u015flemci\" \/><\/p>\n<\/div>\n<div class=\"phPart\">\n<div class=\"phLine\"><span class=\"phText\">AMD Ryzen 9 7900X3D\u00a0<\/span><\/div>\n<ul class=\"phList\">\n<li>TSMC 5 nm Teknolojisi<\/li>\n<li>5.6 GHz\u2019e kadar frekans h\u0131z\u0131<\/li>\n<li>140 MB \u00f6nbellek (L2+L3 Cache)<\/li>\n<li>12 \u00e7ekirdek<\/li>\n<li>120W TDP<\/li>\n<li>24 i\u015f par\u00e7ac\u0131\u011f\u0131<\/li>\n<\/ul>\n<\/div>\n<div class=\"phPart\">\n<p class=\"phBanner\"><img decoding=\"async\" src=\"http:\/\/www.detayresimler.com\/urun\/R\/RYZ7900X3D_1.jpg\" alt=\"AMD Ryzen 9 7900X3D \u0130\u015flemci\" \/><\/p>\n<\/div>\n<div class=\"phPart\">\n<div class=\"phLine\"><span class=\"phText\">AMD 3D V-Cach TeknolojisiBu \u00f6zel i\u015flemciyle, oyun oynamak, i\u00e7erik olu\u015fturmak, yay\u0131n yapmak veya tercih etti\u011finiz herhangi bir i\u015f y\u00fck\u00fc i\u00e7in ola\u011fan\u00fcst\u00fc performans\u0131n tad\u0131n\u0131 \u00e7\u0131karabilirsiniz. Ayr\u0131ca, d\u00fc\u015f\u00fck gecikme s\u00fcresi ve daha da fazla oyun performans\u0131 i\u00e7in yeni nesil AMD 3D V-Cach teknolojisinin faydalar\u0131n\u0131 ya\u015fayabilirsiniz.<\/span><\/div>\n<\/div>\n<div class=\"phPart\">\n<p class=\"phBanner\"><img decoding=\"async\" src=\"http:\/\/www.detayresimler.com\/urun\/R\/RYZ7900X3D_2.jpg\" alt=\"AMD Ryzen 9 7900X3D \u0130\u015flemci\" \/><\/p>\n<\/div>\n<div class=\"phPart\"><span class=\"phSpecHeader\">Teknik \u00d6zellikler<\/span><\/p>\n<div class=\"phSpec\">\n<div>MarkaAMD<\/div>\n<div>ModelAMD Ryzen 9 7900X3D<\/div>\n<div>\u0130\u015flemci\u00a0AilesiAMD Ryzen \u0130\u015flemciler<\/div>\n<div>\u0130\u015flemci\u00a0Hatt\u0131AMD Ryzen 9 \u0130\u015flemciler<\/div>\n<div>\u00c7ekirdek Say\u0131s\u013112<\/div>\n<div>\u0130\u015f Par\u00e7ac\u0131\u011f\u0131 Say\u0131s\u013124<\/div>\n<div>Temel Frekans H\u0131z\u01314.4 GHz<\/div>\n<div>Turbo Frekans H\u0131z\u01315,6 GHz<\/div>\n<div>Toplam L1 \u00d6nbellek768KB<\/div>\n<div>Toplam L2 \u00d6nbellek12MB<\/div>\n<div>Toplam L3 \u00d6nbellek128MB<\/div>\n<div>\u00dcretim TeknolojisiTSMC 5 nm FinFET<\/div>\n<div>SoketAM5<\/div>\n<div>PCI Express VersiyonPCIe 5.0<\/div>\n<div>TDP120W<\/div>\n<div>Maks. S\u0131cakl\u0131k89\u00b0C<\/div>\n<div>\u0130\u015fletim Sistemi\u00a0Deste\u011fiWindows 11 &#8211; 64 Bit S\u00fcr\u00fcm Windows 10 &#8211; 64 Bit S\u00fcr\u00fcm RHEL x86 64-Bit Ubuntu x86 64 Bit<\/div>\n<\/div>\n<\/div>\n<div class=\"phPart\"><span class=\"phSpecHeader\">Sistem Belle\u011fi<\/span><\/p>\n<div class=\"phSpec\">\n<div>Bellek Kanal\u01312<\/div>\n<div>Bellek Frekans\u01312x1R: 5200 MT\/s, 2x2R: 5200 MT\/s, 4x1R: 3600 MT\/s, 4x2R: 3600 MT\/s<\/div>\n<div>Bellek TipiDDR5<\/div>\n<\/div>\n<\/div>\n<div class=\"phPart\"><span class=\"phSpecHeader\">Grafik \u00d6zellikleri<\/span><\/p>\n<div class=\"phSpec\">\n<div>ModelAMD Radeon Graphics<\/div>\n<div>\u00c7ekirdek Say\u0131s\u01312<\/div>\n<div>Frekans2200 MHz<\/div>\n<div>GPU Taban400 MHz<\/div>\n<\/div>\n<\/div>\n<div class=\"phPart\"><span class=\"phSpecHeader\">Di\u011fer \u00d6zellikleri<\/span><\/p>\n<div class=\"phSpec\">\n<div>Desteklenen TeknolojilerAMD EXPO ve AMD Ryzan Teknolojileri<\/div>\n<\/div>\n<\/div>\n<\/div>\n<div>\n<h2 class=\"card-title text-center mt-10 justify-center !mb-0\">AMD Ryzen 9 7900X3D \u0130\u015flemci \u00d6zellikleri<\/h2>\n<div class=\"prose prose-neutral max-w-none\">\n<table class=\"w-full\">\n<tbody>\n<tr class=\"odd:bg-neutral-50\">\n<th class=\"text-sm lg:text-base w-28 lg:w-48\">Marka<\/th>\n<td class=\"text-sm lg:text-base break-all\">AMD<\/td>\n<\/tr>\n<tr class=\"odd:bg-neutral-50\">\n<th class=\"text-sm lg:text-base w-28 lg:w-48\">\u0130\u015flemci Modeli<\/th>\n<td class=\"text-sm lg:text-base break-all\">AMD Ryzen 9<\/td>\n<\/tr>\n<tr class=\"odd:bg-neutral-50\">\n<th class=\"text-sm lg:text-base w-28 lg:w-48\">\u0130\u015flemci H\u0131z\u0131<\/th>\n<td class=\"text-sm lg:text-base break-all\">4.4 GHz<\/td>\n<\/tr>\n<tr class=\"odd:bg-neutral-50\">\n<th class=\"text-sm lg:text-base w-28 lg:w-48\">\u0130\u015flemci Kodu<\/th>\n<td class=\"text-sm lg:text-base break-all\">Ryzen 9 7900X3D<\/td>\n<\/tr>\n<tr class=\"odd:bg-neutral-50\">\n<th class=\"text-sm lg:text-base w-28 lg:w-48\">Turbo (Max. \u00c7al\u0131\u015fma H\u0131z\u0131)<\/th>\n<td class=\"text-sm lg:text-base break-all\">5.60 GHz<\/td>\n<\/tr>\n<tr class=\"odd:bg-neutral-50\">\n<th class=\"text-sm lg:text-base w-28 lg:w-48\">Soket Yap\u0131s\u0131<\/th>\n<td class=\"text-sm lg:text-base break-all\">AM5<\/td>\n<\/tr>\n<tr class=\"odd:bg-neutral-50\">\n<th class=\"text-sm lg:text-base w-28 lg:w-48\">\u00d6n Bellek<\/th>\n<td class=\"text-sm lg:text-base break-all\">128 MB<\/td>\n<\/tr>\n<tr class=\"odd:bg-neutral-50\">\n<th class=\"text-sm lg:text-base w-28 lg:w-48\">\u00c7ekirdek Say\u0131s\u0131<\/th>\n<td class=\"text-sm lg:text-base break-all\">12 \u00c7ekirdek<\/td>\n<\/tr>\n<tr class=\"odd:bg-neutral-50\">\n<th class=\"text-sm lg:text-base w-28 lg:w-48\">Sanal \u00c7ekirdek<\/th>\n<td class=\"text-sm lg:text-base break-all\">24<\/td>\n<\/tr>\n<tr class=\"odd:bg-neutral-50\">\n<th class=\"text-sm lg:text-base w-28 lg:w-48\">Overclock<\/th>\n<td class=\"text-sm lg:text-base break-all\">Var<\/td>\n<\/tr>\n<tr class=\"odd:bg-neutral-50\">\n<th class=\"text-sm lg:text-base w-28 lg:w-48\">Max. Bellek Boyutu<\/th>\n<td class=\"text-sm lg:text-base break-all\">128 Gb<\/td>\n<\/tr>\n<tr class=\"odd:bg-neutral-50\">\n<th class=\"text-sm lg:text-base w-28 lg:w-48\">Bellek T\u00fcrleri<\/th>\n<td class=\"text-sm lg:text-base break-all\">DDR4 3600MHz, DDR5 5200MHz<\/td>\n<\/tr>\n<tr class=\"odd:bg-neutral-50\">\n<th class=\"text-sm lg:text-base w-28 lg:w-48\">\u0130\u015flemci Grafikleri<\/th>\n<td class=\"text-sm lg:text-base break-all\">AMD Radeon Graphics<\/td>\n<\/tr>\n<tr class=\"odd:bg-neutral-50\">\n<th class=\"text-sm lg:text-base w-28 lg:w-48\">G\u00fc\u00e7 T\u00fcketimi<\/th>\n<td class=\"text-sm lg:text-base break-all\">120W<\/td>\n<\/tr>\n<tr class=\"odd:bg-neutral-50\">\n<th class=\"text-sm lg:text-base w-28 lg:w-48\">Fan<\/th>\n<td class=\"text-sm lg:text-base break-all\">Yok<\/td>\n<\/tr>\n<tr class=\"odd:bg-neutral-50\">\n<th class=\"text-sm lg:text-base w-28 lg:w-48\">Garanti<\/th>\n<td class=\"text-sm lg:text-base break-all\">24 Ay Garanti<\/td>\n<\/tr>\n<\/tbody>\n<\/table>\n<\/div>\n<\/div>\n<\/td>\n<\/tr>\n<tr>\n<td class=\"function\"><\/td>\n<\/tr>\n<\/tbody>\n<\/table>\n","protected":false},"excerpt":{"rendered":"<p>AMD Ryzen 9 7900X3D 4.40GHz 12 \u00c7ekirdek 128MB \u00d6nbellek Soket AM5\u00a0\u0130\u015flemci\u00a0Genel \u00d6zellikler AMD Ryzen 9 7900X3D\u00a0 TSMC 5 nm Teknolojisi 5.6 GHz\u2019e kadar frekans h\u0131z\u0131 140 MB \u00f6nbellek (L2+L3 Cache) 12 \u00e7ekirdek 120W TDP 24 i\u015f par\u00e7ac\u0131\u011f\u0131 AMD 3D V-Cach TeknolojisiBu \u00f6zel i\u015flemciyle, oyun oynamak, i\u00e7erik olu\u015fturmak, yay\u0131n yapmak veya tercih etti\u011finiz herhangi bir i\u015f &hellip;<\/p>\n<p class=\"read-more\"> <a class=\" thunk-readmore button \" href=\"https:\/\/bilginteknoloji.com\/woo\/urun\/amd-ryzen-9-7900x3d-12-core-440-5-60ghz-140mb-cache-120w-am5-soket-box-kutulu-grafik-kart-var-fan-yok\/\"> <span class=\"screen-reader-text\">AMD RYZEN 9 7900X3D 12 Core, 4,40-5.60GHz, 140Mb Cache, 120W, AM5 Soket, BOX (Kutulu) (Grafik Kart VAR, Fan YOK)<\/span>Read More<\/a><\/p>\n","protected":false},"featured_media":651,"template":"","meta":{"om_disable_all_campaigns":false,"_monsterinsights_skip_tracking":false,"_monsterinsights_sitenote_active":false,"_monsterinsights_sitenote_note":"","_monsterinsights_sitenote_category":0},"product_cat":[65],"product_tag":[],"class_list":{"0":"post-650","1":"product","2":"type-product","3":"status-publish","4":"has-post-thumbnail","6":"product_cat-amd-islemciler","7":"thunk-woo-product-list","8":"opn-qv-enable","9":"top-store-woo-hover-zoom","10":"top-store-single-product-tab-horizontal","11":"top-store-shadow-","12":"top-store-shadow-hover-","14":"first","15":"instock","16":"taxable","17":"shipping-taxable","18":"product-type-simple"},"aioseo_notices":[],"_links":{"self":[{"href":"https:\/\/bilginteknoloji.com\/woo\/wp-json\/wp\/v2\/product\/650","targetHints":{"allow":["GET"]}}],"collection":[{"href":"https:\/\/bilginteknoloji.com\/woo\/wp-json\/wp\/v2\/product"}],"about":[{"href":"https:\/\/bilginteknoloji.com\/woo\/wp-json\/wp\/v2\/types\/product"}],"wp:featuredmedia":[{"embeddable":true,"href":"https:\/\/bilginteknoloji.com\/woo\/wp-json\/wp\/v2\/media\/651"}],"wp:attachment":[{"href":"https:\/\/bilginteknoloji.com\/woo\/wp-json\/wp\/v2\/media?parent=650"}],"wp:term":[{"taxonomy":"product_cat","embeddable":true,"href":"https:\/\/bilginteknoloji.com\/woo\/wp-json\/wp\/v2\/product_cat?post=650"},{"taxonomy":"product_tag","embeddable":true,"href":"https:\/\/bilginteknoloji.com\/woo\/wp-json\/wp\/v2\/product_tag?post=650"}],"curies":[{"name":"wp","href":"https:\/\/api.w.org\/{rel}","templated":true}]}}