{"id":643,"date":"2024-08-13T16:29:39","date_gmt":"2024-08-13T13:29:39","guid":{"rendered":"https:\/\/bilginteknoloji.com\/woo\/?post_type=product&#038;p=643"},"modified":"2024-08-13T16:29:39","modified_gmt":"2024-08-13T13:29:39","slug":"intel-i7-13700kf-16-core-3-40ghz-30mb125w-lga1700-13-nesil-box-grafik-kart-yok-fan-yok","status":"publish","type":"product","link":"https:\/\/bilginteknoloji.com\/woo\/urun\/intel-i7-13700kf-16-core-3-40ghz-30mb125w-lga1700-13-nesil-box-grafik-kart-yok-fan-yok\/","title":{"rendered":"INTEL i7-13700KF 16 Core, 3.40Ghz, 30Mb,125W, LGA1700, 13.Nesil, BOX, (Grafik Kart YOK, Fan YOK)"},"content":{"rendered":"<table border=\"0\" width=\"100%\" cellspacing=\"0\" cellpadding=\"0\">\n<tbody>\n<tr>\n<td class=\"urundetayaciklamasi\">\n<div class=\"phPart\">\n<p class=\"phHeader\"><strong>Intel Core i7-13700KF 3.40GHz 16 \u00c7ekirdek 30MB L3 \u00d6nbellek Soket 1700\u00a0\u0130\u015flemci\u00a0Genel \u00d6zellikler<\/strong><\/p>\n<\/div>\n<div class=\"phPart\">\n<p class=\"phBanner\"><img decoding=\"async\" src=\"http:\/\/www.detayresimler.com\/urun\/I\/I7-13700KF.jpg\" alt=\"Intel Core i7-13700KF \u0130\u015flemci\" \/><\/p>\n<\/div>\n<div class=\"phPart\">\n<div class=\"phLine\"><span class=\"phText\">Intel Core i7-13700KF13. Nesil Intel Core i7 masa\u00fcst\u00fc i\u015flemci<\/span><\/div>\n<ul class=\"phList\">\n<li>Maksimum Turbo Frekans\u0131: 5.40 GHz<\/li>\n<li>\u0130\u015flemci\u00a0Temel Frekans\u0131: P-Core: 3.40 GHz \/ E-Core: 2.50 GHz<\/li>\n<li>\u0130\u015flemci\u00a0Turbo Frekans\u0131: P-Core: 5.30 GHz \/ E-Core: 4.20 GHz<\/li>\n<li>16 \u00e7ekirdek (P-Core: 8 \/ E-Core: 8)<\/li>\n<li>24 i\u015f par\u00e7ac\u0131\u011f\u0131<\/li>\n<li>\u00d6nbellek: L3: 30MB \/ L2: 24MB<\/li>\n<li>Intel 7 (10 nm mimari)<\/li>\n<li>TDP: Taban: 125W \/ Turbo: 253W<\/li>\n<li>Soket 1700<\/li>\n<\/ul>\n<div class=\"phLineBreak\"><img decoding=\"async\" src=\"http:\/\/www.detayresimler.com\/urun\/I\/I7-13700KF_1.jpg\" alt=\"Intel Core i7-13700KF \u0130\u015flemci\" \/><\/div>\n<\/div>\n<div class=\"phPart\">\n<p class=\"phBanner\"><img decoding=\"async\" src=\"http:\/\/www.detayresimler.com\/urun\/I\/I7-13700KF_2.jpg\" alt=\"Intel Core i7-13700KF \u0130\u015flemci\" \/><\/p>\n<\/div>\n<div class=\"phPart\"><span class=\"phSpecHeader\">Teknik \u00d6zellikler<\/span><\/p>\n<div class=\"phSpec\">\n<div>\u00dcr\u00fcn Grubu13. Nesil Intel Core i7 \u0130\u015flemciler<\/div>\n<div>Kod Ad\u0131\u00d6nceki Ad\u0131 Raptor Lake Olan \u00dcr\u00fcnler<\/div>\n<div>Dikey SegmentDesktop<\/div>\n<div>\u0130\u015flemci\u00a0Numaras\u0131i7-13700KF<\/div>\n<div>LitografiIntel 7<\/div>\n<div>Kullan\u0131m Ko\u015fullar\u0131PC\/Client\/Tablet<\/div>\n<\/div>\n<\/div>\n<div class=\"phPart\"><span class=\"phSpecHeader\">\u0130\u015flemci\u00a0\u00d6zellikleri<\/span><\/p>\n<div class=\"phSpec\">\n<div>\u00c7ekirdek Say\u0131s\u013116<\/div>\n<div>Performans (P-core) \u00c7ekirdekleri8<\/div>\n<div>Verimlilik (E-core) \u00c7ekirdekleri8<\/div>\n<div>\u0130\u015f Par\u00e7ac\u0131\u011f\u0131 Say\u0131s\u013124<\/div>\n<div>Maks Turbo Frekans\u01315.40 GHz<\/div>\n<div>Intel Turbo Boost Max Teknolojisi 3.0 Frekans\u01315.40 GHz<\/div>\n<div>P-core Maks Turbo Frekans\u01315.30 GHz<\/div>\n<div>E-core Maks Turbo Frekans\u01314.20 GHz<\/div>\n<div>P-core Temel Frekans\u01313.40 GHz<\/div>\n<div>E-core Temel Frekans\u01312.50 GHz<\/div>\n<div>\u00d6nbellek30 MB Intel Smart Cache<\/div>\n<div>Toplam L2 \u00d6nbellek24 MB<\/div>\n<div>\u0130\u015flemci\u00a0Taban G\u00fcc\u00fc125 W<\/div>\n<div>Maks Turbo G\u00fcc\u00fc253 W<\/div>\n<\/div>\n<\/div>\n<div class=\"phPart\"><span class=\"phSpecHeader\">Ek Bilgi<\/span><\/p>\n<div class=\"phSpec\">\n<div>Yerle\u015fik Se\u00e7enekler MevcutHay\u0131r<\/div>\n<\/div>\n<\/div>\n<div class=\"phPart\"><span class=\"phSpecHeader\">Bellek Teknik \u00d6zellikleri<\/span><\/p>\n<div class=\"phSpec\">\n<div>Maksimum Bellek Boyutu (bellek t\u00fcr\u00fcne ba\u011fl\u0131d\u0131r)128 GB<\/div>\n<div>Bellek T\u00fcrleriDDR5 5600 MT\/sye kadar \/ DDR4 3200 MT\/sye kadar<\/div>\n<div>Maks. Bellek Kanal\u0131 Say\u0131s\u01312<\/div>\n<div>Maksimum Bellek Bant Geni\u015fli\u011fi89.6 GB\/s<\/div>\n<\/div>\n<\/div>\n<div class=\"phPart\"><span class=\"phSpecHeader\">Geni\u015fletme Se\u00e7enekleri<\/span><\/p>\n<div class=\"phSpec\">\n<div>Direct Media Interface (DMI) Revizyon4.0<\/div>\n<div>Maks. DMI Hatt\u01318<\/div>\n<div>\u00d6l\u00e7eklenebilirlik1S Only<\/div>\n<div>PCI Express De\u011fi\u015fiklik S\u00fcr\u00fcm\u00fc5.0 ve 4.0<\/div>\n<div>PCI Express Yap\u0131land\u0131rmalar\u01311&#215;16+4, 2&#215;8+4e kadar<\/div>\n<div>Maksimum PCI Express Hatt\u0131 Say\u0131s\u013120<\/div>\n<\/div>\n<\/div>\n<div class=\"phPart\"><span class=\"phSpecHeader\">Paket Teknik \u00d6zellikleri<\/span><\/p>\n<div class=\"phSpec\">\n<div>Desteklenen SoketlerFCLGA1700<\/div>\n<div>Max CPU Yap\u0131land\u0131rmas\u01311<\/div>\n<div>Tjunction100\u00b0C<\/div>\n<\/div>\n<\/div>\n<div class=\"phPart\"><span class=\"phSpecHeader\">Geli\u015fmi\u015f Teknolojiler<\/span><\/p>\n<div class=\"phSpec\">\n<div>Intel Gaussian &amp; Neural Accelerator3.0<\/div>\n<div>Intel Thread DirectorEvet<\/div>\n<div>Intel Deep Learning Boost (Intel DL Boost)Evet<\/div>\n<div>Intel Speed Shift TeknolojisiEvet<\/div>\n<div>Intel Turbo Boost Max Teknolojisi 3.0Evet<\/div>\n<div>Intel Turbo Boost Teknolojisi2.0<\/div>\n<div>Intel Hyper-Threading TeknolojisiEvet<\/div>\n<div>Intel 64Evet<\/div>\n<div>Y\u00f6nerge Seti64-bit<\/div>\n<div>Y\u00f6nerge Seti Uzant\u0131lar\u0131Intel SSE4.1, Intel SSE4.2, Intel AVX2<\/div>\n<div>Bo\u015fta Bekleme Durumlar\u0131Evet<\/div>\n<div>Geli\u015fmi\u015f Intel SpeedStep TeknolojisiEvet<\/div>\n<div>Termal \u0130zleme TeknolojileriEvet<\/div>\n<div>Intel Volume Management Device (VMD)Evet<\/div>\n<\/div>\n<\/div>\n<div class=\"phPart\"><span class=\"phSpecHeader\">G\u00fcvenlik ve G\u00fcvenilirlik<\/span><\/p>\n<div class=\"phSpec\">\n<div>Intel Standard Manageability (ISM)Evet<\/div>\n<div>Intel Control-Flow Enforcement TeknolojisiEvet<\/div>\n<div>Intel AES Yeni Y\u00f6nergeleriEvet<\/div>\n<div>Secure KeyEvet<\/div>\n<div>Intel OS GuardEvet<\/div>\n<div>Execute Disable BitEvet<\/div>\n<div>Intel Boot GuardEvet<\/div>\n<div>Mod Tabanl\u0131 Y\u00fcr\u00fctme Denetimi (MBE)Evet<\/div>\n<div>Intel Sanalla\u015ft\u0131rma TeknolojisiEvet<\/div>\n<div>Intel Y\u00f6nlendirilen G\/\u00c7 \u0130\u00e7in Sanalla\u015ft\u0131rma TeknolojisiEvet<\/div>\n<div>Geni\u015fletilmi\u015f Sayfa Tablolar\u0131 ile Intel VT-xEvet<\/div>\n<\/div>\n<\/div>\n<\/td>\n<\/tr>\n<tr>\n<td class=\"function\"><\/td>\n<\/tr>\n<\/tbody>\n<\/table>\n","protected":false},"excerpt":{"rendered":"<p>Intel Core i7-13700KF 3.40GHz 16 \u00c7ekirdek 30MB L3 \u00d6nbellek Soket 1700\u00a0\u0130\u015flemci\u00a0Genel \u00d6zellikler Intel Core i7-13700KF13. Nesil Intel Core i7 masa\u00fcst\u00fc i\u015flemci Maksimum Turbo Frekans\u0131: 5.40 GHz \u0130\u015flemci\u00a0Temel Frekans\u0131: P-Core: 3.40 GHz \/ E-Core: 2.50 GHz \u0130\u015flemci\u00a0Turbo Frekans\u0131: P-Core: 5.30 GHz \/ E-Core: 4.20 GHz 16 \u00e7ekirdek (P-Core: 8 \/ E-Core: 8) 24 i\u015f par\u00e7ac\u0131\u011f\u0131 \u00d6nbellek: &hellip;<\/p>\n<p class=\"read-more\"> <a class=\" thunk-readmore button \" href=\"https:\/\/bilginteknoloji.com\/woo\/urun\/intel-i7-13700kf-16-core-3-40ghz-30mb125w-lga1700-13-nesil-box-grafik-kart-yok-fan-yok\/\"> <span class=\"screen-reader-text\">INTEL i7-13700KF 16 Core, 3.40Ghz, 30Mb,125W, LGA1700, 13.Nesil, BOX, (Grafik Kart YOK, Fan YOK)<\/span>Read More<\/a><\/p>\n","protected":false},"featured_media":645,"template":"","meta":{"om_disable_all_campaigns":false,"_monsterinsights_skip_tracking":false,"_monsterinsights_sitenote_active":false,"_monsterinsights_sitenote_note":"","_monsterinsights_sitenote_category":0},"product_cat":[66],"product_tag":[],"class_list":{"0":"post-643","1":"product","2":"type-product","3":"status-publish","4":"has-post-thumbnail","6":"product_cat-intel-islemciler","7":"thunk-woo-product-list","8":"opn-qv-enable","9":"top-store-woo-hover-zoom","10":"top-store-single-product-tab-horizontal","11":"top-store-shadow-","12":"top-store-shadow-hover-","14":"first","15":"instock","16":"taxable","17":"shipping-taxable","18":"product-type-simple"},"aioseo_notices":[],"_links":{"self":[{"href":"https:\/\/bilginteknoloji.com\/woo\/wp-json\/wp\/v2\/product\/643","targetHints":{"allow":["GET"]}}],"collection":[{"href":"https:\/\/bilginteknoloji.com\/woo\/wp-json\/wp\/v2\/product"}],"about":[{"href":"https:\/\/bilginteknoloji.com\/woo\/wp-json\/wp\/v2\/types\/product"}],"wp:featuredmedia":[{"embeddable":true,"href":"https:\/\/bilginteknoloji.com\/woo\/wp-json\/wp\/v2\/media\/645"}],"wp:attachment":[{"href":"https:\/\/bilginteknoloji.com\/woo\/wp-json\/wp\/v2\/media?parent=643"}],"wp:term":[{"taxonomy":"product_cat","embeddable":true,"href":"https:\/\/bilginteknoloji.com\/woo\/wp-json\/wp\/v2\/product_cat?post=643"},{"taxonomy":"product_tag","embeddable":true,"href":"https:\/\/bilginteknoloji.com\/woo\/wp-json\/wp\/v2\/product_tag?post=643"}],"curies":[{"name":"wp","href":"https:\/\/api.w.org\/{rel}","templated":true}]}}