{"id":621,"date":"2024-08-13T16:15:04","date_gmt":"2024-08-13T13:15:04","guid":{"rendered":"https:\/\/bilginteknoloji.com\/woo\/?post_type=product&#038;p=621"},"modified":"2024-08-13T16:15:04","modified_gmt":"2024-08-13T13:15:04","slug":"intel-i5-12400f-6-core-2-5ghz-18mb-65w-lga1700-12-nesil-box-grafik-kart-yok-fan-var","status":"publish","type":"product","link":"https:\/\/bilginteknoloji.com\/woo\/urun\/intel-i5-12400f-6-core-2-5ghz-18mb-65w-lga1700-12-nesil-box-grafik-kart-yok-fan-var\/","title":{"rendered":"INTEL i5-12400F 6 Core, 2.5Ghz, 18Mb, 65W, LGA1700, 12.Nesil, BOX, (Grafik Kart YOK, Fan VAR)"},"content":{"rendered":"<div class=\"phPart\">\n<p class=\"phHeader\">Intel Core i5-12400F 2.50GHz 6 \u00c7ekirdek 18MB L3 \u00d6nbellek Soket 1700 \u0130\u015flemci Genel \u00d6zellikler<\/p>\n<\/div>\n<div class=\"phPart\">\n<p class=\"phBanner\"><img decoding=\"async\" src=\"https:\/\/www.detayresimler.com\/urun\/I\/I5-12400F.jpg\" alt=\"\" \/><\/p>\n<\/div>\n<div class=\"phPart\">\n<div class=\"phLine\"><span class=\"phText\">Intel Core i5-12400F\u00a0<\/span><\/div>\n<ul class=\"phList\">\n<li>12. Nesil Intel Core i5 masa\u00fcst\u00fc i\u015flemci<\/li>\n<li>\u0130\u015flemci Temel Frekans\u0131: P-Core: 2.50 GHz<\/li>\n<li>\u0130\u015flemci Turbo Frekans\u0131: P-Core: 4.40 GHz<\/li>\n<li>6 \u00e7ekirdek (P-Core: 6 \/ E-Core: 0)<\/li>\n<li>12 i\u015f par\u00e7ac\u0131\u011f\u0131<\/li>\n<li>\u00d6nbellek: L3: 18MB \/ L2: 7.5MB<\/li>\n<li>10 nm mimari<\/li>\n<li>TDP: Taban: 65W \/ Turbo: 117W<\/li>\n<li>Soket 1700<\/li>\n<\/ul>\n<div class=\"phLineBreak\"><\/div>\n<\/div>\n<div class=\"phPart\">\n<p class=\"phBanner\"><img decoding=\"async\" src=\"https:\/\/www.detayresimler.com\/urun\/I\/I5-12400F_1.jpg\" alt=\"\" \/><\/p>\n<\/div>\n<div class=\"phPart\">\n<div class=\"phLine\"><span class=\"phText\">Oyun Intel ile Oynan\u0131rOyuna y\u00f6nelik en yeni Intel Core i\u015flemcilerle oyun, canl\u0131 yay\u0131n ve kay\u0131t i\u00e7in ihtiyac\u0131n\u0131z olan g\u00fcc\u00fc ve performans\u0131 elde edin.<\/span><\/div>\n<div class=\"phLineBreak\"><\/div>\n<\/div>\n<div class=\"phPart\">\n<p class=\"phBanner\"><img decoding=\"async\" src=\"https:\/\/www.detayresimler.com\/urun\/I\/I5-12400F_2.jpg\" alt=\"\" \/><\/p>\n<\/div>\n<div class=\"phPart\">\n<div class=\"phLine\"><span class=\"phText\">Masa\u00fcst\u00fc Oyun\u00a0Bilgisayarlar\u0131Intel Core masa\u00fcst\u00fc i\u015flemcilerin oyunun gidi\u015fat\u0131n\u0131 nas\u0131l de\u011fi\u015ftirdi\u011fini \u00f6\u011frenin. Yeni nesil performans\u0131 ortaya \u00e7\u0131kar\u0131n.<\/span><\/div>\n<div class=\"phLineBreak\"><\/div>\n<\/div>\n<div class=\"phPart\">\n<p class=\"phBanner\"><img decoding=\"async\" src=\"https:\/\/www.detayresimler.com\/urun\/I\/I5-12400F_3.jpg\" alt=\"\" \/><\/p>\n<\/div>\n<div class=\"phPart\">\n<div class=\"phLine\"><span class=\"phText\">12. Nesil Intel Core Masa\u00fcst\u00fc \u0130\u015flemcilerYeni bir performans hibrit mimarisi sunan 12. Nesil Intel Core masa\u00fcst\u00fc i\u015flemciler, Performans \u00e7ekirdekleri ile Verimlilik \u00e7ekirdeklerini birle\u015ftirerek oyun deneyimini, \u00fcretkenli\u011fi ve i\u00e7erik olu\u015fturmay\u0131 \u00fcst seviyeye \u00e7\u0131kar\u0131r.<\/p>\n<p>\u00c7ekirdek performans\u0131nda \u00e7\u0131\u011f\u0131r a\u00e7an bir geli\u015fme olan 12. Nesil Intel Core masa\u00fcst\u00fc i\u015flemciler, x86 mimarisine y\u00f6nelik devrim yaratan bir yakla\u015f\u0131m sunar.<\/span><\/div>\n<div class=\"phLineBreak\"><\/div>\n<\/div>\n<div class=\"phPart\">\n<p class=\"phBanner\"><img decoding=\"async\" src=\"https:\/\/www.detayresimler.com\/urun\/I\/I5-12400F_4.jpg\" alt=\"\" \/><\/p>\n<\/div>\n<div class=\"phPart\">\n<div class=\"phLine\"><span class=\"phText\">Etkileyici Deneyimler\u0130ster en yeni oyunlara ister geli\u015fmi\u015f profesyonel uygulamalara odakl\u0131 olun, 12. Nesil Intel Core Masa\u00fcst\u00fc i\u015flemciler, bunlar\u0131 kesinti olmadan deneyimlemenizi sa\u011flar. 12. Nesil Intel Core masa\u00fcst\u00fc i\u015flemciler, videoda daha verimli g\u00fcr\u00fclt\u00fc azaltma ve arka plan bulan\u0131kla\u015ft\u0131rma i\u00e7in geli\u015fmi\u015f Gaussian &amp; Neural Accelerator 3.0 (GNA) ile kesintileri ortadan kald\u0131rabilir. \u00dcst d\u00fczey oyun deneyimi, birinci s\u0131n\u0131f \u00fcretkenlik, kesintisiz i\u00e7erik olu\u015fturma ve daha fazlas\u0131n\u0131 i\u00e7in 12. Nesil Intel Core masa\u00fcst\u00fc i\u015flemciler derin s\u00fcr\u00fckleyicilik ve odak sa\u011flar.<\/span><\/div>\n<div class=\"phLineBreak\"><\/div>\n<\/div>\n<div class=\"phPart\">\n<p class=\"phBanner\"><img decoding=\"async\" src=\"https:\/\/www.detayresimler.com\/urun\/I\/I5-12400F_5.jpg\" alt=\"\" \/><\/p>\n<\/div>\n<div class=\"phPart\">\n<div class=\"phLine\"><span class=\"phText\">Platform \u0130novasyonunu H\u0131zland\u0131rma\u0130nan\u0131lmaz oyun deneyimini, i\u015f ak\u0131\u015f\u0131n\u0131 ve i\u00e7erik olu\u015fturmay\u0131 destekleyen en yeni platform teknolojilerinden faydalan\u0131n. 12. Nesil Intel Core masa\u00fcst\u00fc i\u015flemcilerimiz, daha y\u00fcksek bant geni\u015fli\u011fine sahip ba\u011flant\u0131 noktalar\u0131 sa\u011flayarak ideal harici grafik ve depolama performans\u0131n\u0131 desteklemek \u00fczere 20 adede (16 PCIe 5.0 ve 4\u00a0PCIe 4.0) kadar \u015ferit sunar. DDR5, 4800 MT\/snye varan y\u00fcksek h\u0131zlara olanak sunar. Bu da DDR4 3200 MT\/sn bellek kullanan \u00f6nceki nesillere k\u0131yasla art\u0131r\u0131lm\u0131\u015f bellek bant geni\u015fli\u011fi h\u0131zlar\u0131na olanak tan\u0131r. H\u0131z a\u015f\u0131rtma olanaklar\u0131na ve Intel Extreme Tuning Utilityyi (XTU) destekleyen Geli\u015fmi\u015f Ayar deste\u011fine sahip 12. Nesil Intel Core masa\u00fcst\u00fc i\u015flemcilerle hem bilgi i\u015flem g\u00fcc\u00fc hem de performans i\u00e7in ince ayar yap\u0131n. Bu ve di\u011fer platform geli\u015ftirmeleriyle etkileyici kontrol ve g\u00fcven d\u00fczeyinde \u00e7al\u0131\u015fabilir, oyun oynayabilir ve i\u00e7erik olu\u015fturabilirsiniz.<\/span><\/div>\n<div class=\"phLineBreak\"><\/div>\n<\/div>\n<div class=\"phPart\">\n<p class=\"phBanner\"><img decoding=\"async\" src=\"https:\/\/www.detayresimler.com\/urun\/I\/I5-12400F_7.jpg\" alt=\"\" \/><\/p>\n<\/div>\n<div class=\"phPart\">\n<div class=\"phLine\"><span class=\"phText\">12. Nesil Intel Core \u0130\u015flemciler. En \u0130htiya\u00e7 Duydu\u011funuz Yerde \u00dcst\u00fcn Performans Eri\u015fimi.12. Nesil Intel Core i\u015flemcilerin hibrit performans mimarisi ile bir sonraki seviyeye \u00e7\u0131k\u0131n. Oyun tutkunu, i\u00e7erik \u00fcretici, yay\u0131nc\u0131 veya g\u00fcnl\u00fck kullan\u0131c\u0131 olman\u0131z fark etmeksizin istedi\u011finiz yerde ihtiyac\u0131n\u0131z olan performansa ula\u015f\u0131n. \u0130lginiz alan\u0131n\u0131z ne olursa olsun istedi\u011finiz her yerde daha fazlas\u0131n\u0131 yap\u0131n.<\/span><\/div>\n<div class=\"phLineBreak\"><\/div>\n<\/div>\n<div class=\"phPart\">\n<p class=\"phBanner\"><img decoding=\"async\" src=\"https:\/\/www.detayresimler.com\/urun\/I\/I5-12400F_6.jpg\" alt=\"\" \/><\/p>\n<\/div>\n<div class=\"phPart\">\n<div class=\"phLine\"><span class=\"phText\">Seviye Atlamaktan Fazlas\u0131n\u0131 Yap\u0131nD\u00fcnyan\u0131n en iyi oyun performans\u0131na kavu\u015fun ve taviz vermeden \u00fcretin. Sekiz adede kadar Performans \u00e7ekirde\u011fi ve sekiz adede kadar Verimlilik \u00e7ekirde\u011fine sahip Intelin hibrit performans mimarisiyle art\u0131k bunlar\u0131n hepsi m\u00fcmk\u00fcn. Hibrit performans mimarisi belirli 12. Nesil Intel Core i\u015flemcilerde mevcut de\u011fildir. Belirli 12. Nesil Intel Core i\u015flemciler (belirli 12. Nesil Intel Core i5 ve daha d\u00fc\u015f\u00fck i\u015flemciler) performans hibrit mimarisine sahip de\u011fildir, yaln\u0131zca P-\u00e7ekirdeklidir.].<\/span><\/div>\n<div class=\"phLineBreak\"><\/div>\n<\/div>\n<div class=\"phPart\">\n<p class=\"phBanner\"><img decoding=\"async\" src=\"https:\/\/www.detayresimler.com\/urun\/I\/I5-12400F_8.jpg\" alt=\"\" \/><\/p>\n<\/div>\n<div class=\"phPart\">\n<div class=\"phLine\"><span class=\"phText\">Gerekli Olan Yerde \u00dcst D\u00fczey Performans Al\u0131nEvde yay\u0131n a\u00e7\u0131n, internette gezinin, g\u00f6r\u00fcnt\u00fcl\u00fc sohbet edin veya i\u015flerinizi halledin. Ne yaparsan\u0131z yap\u0131n, en ihtiyac\u0131n\u0131z olan yerde size laz\u0131m olan performans\u0131 almak i\u00e7in 12. Nesil Intel Core i\u015flemcilere g\u00fcvenin.<\/span><\/div>\n<div class=\"phLineBreak\"><\/div>\n<\/div>\n<div class=\"phPart\">\n<p class=\"phBanner\"><img decoding=\"async\" src=\"https:\/\/www.detayresimler.com\/urun\/I\/I5-12400F_9.jpg\" alt=\"\" \/><\/p>\n<\/div>\n<div class=\"phPart\">\n<div class=\"phLine\"><span class=\"phText\">En \u0130yi H\u0131z A\u015f\u0131rtma Deneyimi12. Nesil Intel Core i\u015flemciler, \u00fcst\u00fcn performans \u00f6zelle\u015ftirme i\u00e7in olduk\u00e7a esnek bir mimari ve sekt\u00f6r lideri h\u0131z a\u015f\u0131rtma ara\u00e7lar\u0131 sunar.<\/span><\/div>\n<div class=\"phLineBreak\"><\/div>\n<\/div>\n<div class=\"phPart\">\n<p class=\"phBanner\"><img decoding=\"async\" src=\"https:\/\/www.detayresimler.com\/urun\/I\/I5-12400F_10.jpg\" alt=\"\" \/><\/p>\n<\/div>\n<div class=\"phPart\">\n<div class=\"phLine\"><span class=\"phText\">Oyun Tutkunlar\u0131 ve \u0130\u00e7erik \u00dcreticiler \u0130\u00e7in Ak\u0131ll\u0131 \u00c7\u00f6z\u00fcmler12. Nesil Intel Core i\u015flemciler, son teknoloji \u00fcr\u00fcn\u00fc olan hibrit performans mimarisi ve DDR5 ile\u00a0PCIe 5.0 deste\u011fi sunar. Bu da kullan\u0131m s\u00fcresi boyunca istedi\u011finiz zaman \u00f6zelle\u015ftirebilece\u011finiz bir platform sa\u011flar.<\/span><\/div>\n<div class=\"phLineBreak\"><\/div>\n<\/div>\n<div class=\"phPart\">\n<p class=\"phBanner\"><img decoding=\"async\" src=\"https:\/\/www.detayresimler.com\/urun\/I\/I5-12400F_11.jpg\" alt=\"\" \/><\/p>\n<\/div>\n<div class=\"phPart\">\n<div class=\"phLine\"><span class=\"phText\">Yakla\u015f\u0131k \u00dc\u00e7 Kat Daha H\u0131zl\u0131 Ba\u011flant\u0131Intel Wi-Fi 6E ve Thunderbolt 4 ile \u00f6zel, y\u00fcksek h\u0131zl\u0131 Wi-Fi kanallar\u0131na ve en esnek ba\u011flant\u0131 noktas\u0131na sahip olursunuz.<\/span><\/div>\n<div class=\"phLineBreak\"><\/div>\n<\/div>\n<div class=\"phPart\">\n<p class=\"phBanner\"><img decoding=\"async\" src=\"https:\/\/www.detayresimler.com\/urun\/I\/I5-12400F_12.jpg\" alt=\"\" \/><\/p>\n<\/div>\n<div class=\"phPart\">\n<div class=\"phLine\"><span class=\"phText\">Intel Core i5 \u0130\u015flemciler6 performans \u00e7ekirde\u011fi ile y\u00f6netimi ele al\u0131n ve e\u015fsiz g\u00fcce ula\u015f\u0131n.<\/span><\/div>\n<div class=\"phLineBreak\"><\/div>\n<\/div>\n<div class=\"phPart\">\n<p class=\"phBanner\"><img decoding=\"async\" src=\"https:\/\/www.detayresimler.com\/urun\/I\/I5-12400F_13.jpg\" alt=\"\" \/><\/p>\n<\/div>\n<div class=\"phPart\">\n<div class=\"phLine\"><span class=\"phText\">Zor G\u00f6revlere Haz\u0131rOyun oynarken engel yok. S\u0131n\u0131r yok. Vakit kayb\u0131 yok. Taviz vermek yok.<\/p>\n<p>Yeni nesil oyun i\u00e7in yeni nesil i\u015flemci. Oyun oynarken, d\u00fczenlerken, sohbet ederken, dosya y\u00fcklerken, internette gezinirken, kay\u0131t yaparken canl\u0131 yay\u0131n yap\u0131n. Ve yine de hi\u00e7bir hareketi ka\u00e7\u0131rmay\u0131n. Hyper-Threading ve 12 i\u015f par\u00e7ac\u0131\u011f\u0131 sayesinde hi\u00e7 durmadan daha fazlas\u0131n\u0131 yapabilirsiniz.<\/span><\/div>\n<div class=\"phLineBreak\"><\/div>\n<\/div>\n<div class=\"phPart\">\n<p class=\"phBanner\"><img decoding=\"async\" src=\"https:\/\/www.detayresimler.com\/urun\/I\/I5-12400F_14.jpg\" alt=\"\" \/><\/p>\n<\/div>\n<div class=\"phPart\">\n<div class=\"phLine\"><span class=\"phText\">Ola\u011fan\u00fcst\u00fc Performans4,4 GHze kadar art\u0131r\u0131labilen 2,5 GHz temel saat h\u0131z\u0131. Intel Ak\u0131ll\u0131 \u00d6nbellekin yeni ve geli\u015ftirilmi\u015f 18 MB kapasitesi sayesinde; daha y\u00fcksek IPC, yeni nesil y\u00fckleme s\u00fcreleri, son derece kusursuz oyun deneyimi ve geli\u015fmi\u015f bellek performans\u0131 ile birlikte.<\/span><\/div>\n<div class=\"phLineBreak\"><\/div>\n<\/div>\n<div class=\"phPart\">\n<p class=\"phBanner\"><img decoding=\"async\" src=\"https:\/\/www.detayresimler.com\/urun\/I\/I5-12400F_15.jpg\" alt=\"\" \/><\/p>\n<\/div>\n<div class=\"phPart\">\n<div class=\"phLine\"><span class=\"phText\">Gecikme Diyar\u0131ndan Ayr\u0131l\u0131nOyun seviyesinde kablosuz ba\u011flant\u0131 ile h\u0131z tutkunuzu besleyin.<\/p>\n<p>\u201cPing\u201d ve ba\u011flant\u0131 noktalar\u0131ndan uzaklara yelken a\u00e7\u0131n. Kablosuz teknolojisinde b\u00fcy\u00fck bir s\u0131\u00e7rama ile desteklenen ultra d\u00fc\u015f\u00fck gecikme s\u00fcresi ve minimum paket kayb\u0131 ile. Bunun di\u011fer bir ad\u0131 da Intel Killer Wi-Fi 6Edir.<\/span><\/div>\n<div class=\"phLineBreak\"><\/div>\n<\/div>\n<div class=\"phPart\">\n<p class=\"phBanner\"><img decoding=\"async\" src=\"https:\/\/www.detayresimler.com\/urun\/I\/I5-12400F_16.jpg\" alt=\"\" \/><\/p>\n<\/div>\n<div class=\"phPart\">\n<div class=\"phLine\"><span class=\"phText\">H\u0131zl\u0131 \u015eeritte Ya\u015famDaha fazla say\u0131da \u00f6zel y\u00fcksek h\u0131zl\u0131 kanal; eski tip enterferans\u0131 ve t\u0131kan\u0131kl\u0131klar\u0131 ortadan kald\u0131rarak pingi ge\u00e7mi\u015fte b\u0131rak\u0131r ve gecikmeyi %75e varan oranda azalt\u0131r.<\/span><\/div>\n<div class=\"phLineBreak\"><\/div>\n<\/div>\n<div class=\"phPart\">\n<p class=\"phBanner\"><img decoding=\"async\" src=\"https:\/\/www.detayresimler.com\/urun\/I\/I5-12400F_17.jpg\" alt=\"\" \/><\/p>\n<\/div>\n<div class=\"phPart\">\n<div class=\"phLine\"><span class=\"phText\">Geli\u015fen PlatformOyun oynay\u0131n. \u0130\u00e7erik olu\u015fturun. Kendinizi tamamen \u00f6zg\u00fcr b\u0131rak\u0131n.<\/p>\n<p>4800 MHze varan DDR5 ve 4. Nesil e\u015fde\u011ferinden daha fazla bant geni\u015fli\u011fi sunan 16 \u015feritli 5. Nesil\u00a0PCIe sayesinde daha h\u0131zl\u0131, daha sorunsuz ve daha zengin bir oyun oynama \u015fekli i\u00e7in tasarlanm\u0131\u015ft\u0131r.<\/span><\/div>\n<ul class=\"phList\">\n<li>DDR4; 3200 MHze varan<\/li>\n<li>DDR5; 4800 MHze varan<\/li>\n<li>5. Nesil PCIe; 16ya varan \u015ferit (+ 4 adet 4. Nesil\u00a0PCIe \u015feridi)<\/li>\n<\/ul>\n<div class=\"phLineBreak\"><\/div>\n<\/div>\n<div class=\"phPart\">\n<p class=\"phBanner\"><img decoding=\"async\" src=\"https:\/\/www.detayresimler.com\/urun\/I\/I5-12400F_18.jpg\" alt=\"\" \/><\/p>\n<\/div>\n<div class=\"phPart\">\n<div class=\"phLine\"><span class=\"phText\">Hayalinizdeki Kurulumlar Ger\u00e7ekle\u015fiyor4 sihirli say\u0131d\u0131r.<\/p>\n<p>Kutudan \u00e7\u0131kt\u0131\u011f\u0131 anda birden fazla 4K\u00a0monit\u00f6rle uyumludur. Ayr\u0131ca Thunderbolt 4 teknolojisi, t\u00fcm \u00e7evre birimleriniz i\u00e7in tek ve evrensel bir ba\u011flant\u0131 noktas\u0131 sa\u011flar.<\/p>\n<p>40a 4<br \/>\nAd\u0131ndaki g\u00f6k g\u00fcr\u00fclt\u00fcs\u00fc ile y\u0131ld\u0131r\u0131m niteli\u011finde. Thunderbolt 4 teknolojisi, verilerin h\u0131zl\u0131 akmas\u0131n\u0131 sa\u011flar.<\/span><\/div>\n<div class=\"phLineBreak\"><\/div>\n<\/div>\n<div class=\"phPart\">\n<p class=\"phBanner\"><img decoding=\"async\" src=\"https:\/\/www.detayresimler.com\/urun\/I\/I5-12400F_24.jpg\" alt=\"\" \/><\/p>\n<\/div>\n<div class=\"phPart\">\n<div class=\"phLine\"><span class=\"phText\">Birbirleri \u0130\u00e7in Yarat\u0131lm\u0131\u015fYeni nesil grafik kartlar\u0131yla her konuda uyumlu olacak \u015fekilde geli\u015ftirilmi\u015ftir. Bizimki dahil.<\/span><\/div>\n<div class=\"phLineBreak\"><\/div>\n<\/div>\n<div class=\"phPart\">\n<p class=\"phBanner\"><img decoding=\"async\" src=\"https:\/\/www.detayresimler.com\/urun\/I\/I5-12400F_19.jpg\" alt=\"\" \/><\/p>\n<\/div>\n<div class=\"phPart\">\n<div class=\"phLine\"><span class=\"phText\">Her Kareyi HissedinIntel Quick Sync Video, oyununuzun ayn\u0131 anda canl\u0131 yay\u0131n ve kay\u0131t yaparken bile ayr\u0131nt\u0131n\u0131n d\u00fc\u015fmemesini sa\u011flamak i\u00e7in ak\u0131ll\u0131 kod d\u00f6n\u00fc\u015ft\u00fcrme kullan\u0131r.<\/span><\/div>\n<div class=\"phLineBreak\"><\/div>\n<\/div>\n<div class=\"phPart\">\n<p class=\"phBanner\"><img decoding=\"async\" src=\"https:\/\/www.detayresimler.com\/urun\/I\/I5-12400F_20.jpg\" alt=\"\" \/><\/p>\n<\/div>\n<div class=\"phPart\">\n<div class=\"phLine\"><span class=\"phText\">PCIE 4.0Darbo\u011fazlar olmadan en yeni grafik kartlar\u0131n\u0131 ve\u00a0SSDleri kullan\u0131n.\u00a0PCIe 4.0, 3.0dan iki kat y\u00fcksek bant geni\u015fli\u011fine sahiptir.<\/span><\/div>\n<div class=\"phLineBreak\"><\/div>\n<\/div>\n<div class=\"phPart\">\n<p class=\"phBanner\"><img decoding=\"async\" src=\"https:\/\/www.detayresimler.com\/urun\/I\/I5-12400F_21.jpg\" alt=\"\" \/><\/p>\n<\/div>\n<div class=\"phPart\">\n<div class=\"phLine\"><span class=\"phText\">H\u0131z Art\u0131\u015flar\u0131Termal Velocity Boost, i\u015f yo\u011funlu\u011funun \u00fcstesinden gelmek i\u00e7in saat h\u0131zlar\u0131n\u0131 art\u0131r\u0131r. Adaptive Boost, gerekti\u011finde t\u00fcm \u00e7ekirdeklerin turbo frekans\u0131n\u0131 art\u0131r\u0131r. Birlikte her \u015feyi daha h\u0131zl\u0131 hale getirirler.<\/span><\/div>\n<div class=\"phLineBreak\"><\/div>\n<\/div>\n<div class=\"phPart\">\n<p class=\"phBanner\"><img decoding=\"async\" src=\"https:\/\/www.detayresimler.com\/urun\/I\/I5-12400F_22.jpg\" alt=\"\" \/><\/p>\n<\/div>\n<div class=\"phPart\">\n<div class=\"phLine\"><span class=\"phText\">Profesyonel E-spor Turnuvalar\u0131 Intel Teknolojisine EmanetEn iyi profesyonel oyuncular\u0131n, tak\u0131mlar\u0131n ve e-spor liglerinin \u00e7o\u011fu, oyun\u00a0bilgisayarlar\u0131n\u0131 g\u00fc\u00e7lendirmek ve milyonlarca oyuncuyu bir araya getirmek i\u00e7in Inteli se\u00e7iyor.<\/span><\/div>\n<div class=\"phLineBreak\"><\/div>\n<\/div>\n<div class=\"phPart\">\n<p class=\"phBanner\"><img decoding=\"async\" src=\"https:\/\/www.detayresimler.com\/urun\/I\/I5-12400F_23.jpg\" alt=\"\" \/><\/p>\n<\/div>\n<div class=\"phPart\"><span class=\"phSpecHeader\">Teknik \u00d6zellikler<\/span><\/p>\n<div class=\"phSpec\">\n<div>\u00dcr\u00fcn Grubu12. Nesil Intel Core i5 \u0130\u015flemciler<\/div>\n<div>Kod Ad\u0131\u00d6nceki Ad\u0131 Alder Lake Olan \u00dcr\u00fcnler<\/div>\n<div>Dikey SegmentDesktop<\/div>\n<div>\u0130\u015flemci Numaras\u0131i5-12400F<\/div>\n<div>LitografiIntel 7 (10nm)<\/div>\n<div>Kullan\u0131m Ko\u015fullar\u0131PC\/Client\/Tablet<\/div>\n<\/div>\n<\/div>\n<div class=\"phPart\"><span class=\"phSpecHeader\">\u0130\u015flemci \u00d6zellikleri<\/span><\/p>\n<div class=\"phSpec\">\n<div>\u00c7ekirdek Say\u0131s\u01316<\/div>\n<div>Performans (P-core) \u00c7ekirdekleri6<\/div>\n<div>Verimlilik (E-core) \u00c7ekirdekleri0<\/div>\n<div>\u0130\u015f Par\u00e7ac\u0131\u011f\u0131 Say\u0131s\u013112<\/div>\n<div>Maks Turbo Frekans\u01314.40 GHz<\/div>\n<div>P-core Maks Turbo Frekans\u01314.40 GHz<\/div>\n<div>P-core Temel Frekans\u01312.50 GHz<\/div>\n<div>\u00d6nbellek18 MB Intel Smart Cache<\/div>\n<div>Toplam L2 Cache7.5 MB<\/div>\n<div>\u0130\u015flemci Taban G\u00fcc\u00fc65 W<\/div>\n<div>Maks Turbo G\u00fcc\u00fc117 W<\/div>\n<\/div>\n<\/div>\n<div class=\"phPart\"><span class=\"phSpecHeader\">Ek Bilgi<\/span><\/p>\n<div class=\"phSpec\">\n<div>Yerle\u015fik Se\u00e7enekler MevcutEvet<\/div>\n<\/div>\n<\/div>\n<div class=\"phPart\"><span class=\"phSpecHeader\">Bellek Teknik \u00d6zellikleri<\/span><\/p>\n<div class=\"phSpec\">\n<div>Maksimum Bellek Boyutu (bellek t\u00fcr\u00fcne ba\u011fl\u0131d\u0131r)128 GB<\/div>\n<div>Bellek T\u00fcrleriDDR5 4800 MT\/sye kadar \/ DDR4 3200 MT\/sye kadar<\/div>\n<div>Maks. Bellek Kanal\u0131 Say\u0131s\u01312<\/div>\n<div>Maksimum Bellek Bant Geni\u015fli\u011fi76.8 GB\/s<\/div>\n<\/div>\n<\/div>\n<div class=\"phPart\"><span class=\"phSpecHeader\">Geni\u015fletme Se\u00e7enekleri<\/span><\/p>\n<div class=\"phSpec\">\n<div>Direct Media Interface (DMI) Revizyon4.0<\/div>\n<div>Maks. DMI Hatt\u01318<\/div>\n<div>\u00d6l\u00e7eklenebilirlik1S Only<\/div>\n<div>PCI Express De\u011fi\u015fiklik S\u00fcr\u00fcm\u00fc5.0 ve 4.0<\/div>\n<div>PCI Express Yap\u0131land\u0131rmalar\u01311&#215;16+4, 2&#215;8+4e kadar<\/div>\n<div>Maksimum\u00a0PCI Express Hatt\u0131 Say\u0131s\u0131<\/div>\n<\/div>\n<\/div>\n","protected":false},"excerpt":{"rendered":"<p>Intel Core i5-12400F 2.50GHz 6 \u00c7ekirdek 18MB L3 \u00d6nbellek Soket 1700 \u0130\u015flemci Genel \u00d6zellikler Intel Core i5-12400F\u00a0 12. Nesil Intel Core i5 masa\u00fcst\u00fc i\u015flemci \u0130\u015flemci Temel Frekans\u0131: P-Core: 2.50 GHz \u0130\u015flemci Turbo Frekans\u0131: P-Core: 4.40 GHz 6 \u00e7ekirdek (P-Core: 6 \/ E-Core: 0) 12 i\u015f par\u00e7ac\u0131\u011f\u0131 \u00d6nbellek: L3: 18MB \/ L2: 7.5MB 10 nm mimari &hellip;<\/p>\n<p class=\"read-more\"> <a class=\" thunk-readmore button \" href=\"https:\/\/bilginteknoloji.com\/woo\/urun\/intel-i5-12400f-6-core-2-5ghz-18mb-65w-lga1700-12-nesil-box-grafik-kart-yok-fan-var\/\"> <span class=\"screen-reader-text\">INTEL i5-12400F 6 Core, 2.5Ghz, 18Mb, 65W, LGA1700, 12.Nesil, BOX, (Grafik Kart YOK, Fan VAR)<\/span>Read More<\/a><\/p>\n","protected":false},"featured_media":622,"template":"","meta":{"om_disable_all_campaigns":false,"_monsterinsights_skip_tracking":false,"_monsterinsights_sitenote_active":false,"_monsterinsights_sitenote_note":"","_monsterinsights_sitenote_category":0},"product_cat":[66],"product_tag":[],"class_list":{"0":"post-621","1":"product","2":"type-product","3":"status-publish","4":"has-post-thumbnail","6":"product_cat-intel-islemciler","7":"thunk-woo-product-list","8":"opn-qv-enable","9":"top-store-woo-hover-zoom","10":"top-store-single-product-tab-horizontal","11":"top-store-shadow-","12":"top-store-shadow-hover-","14":"first","15":"instock","16":"taxable","17":"shipping-taxable","18":"product-type-simple"},"aioseo_notices":[],"_links":{"self":[{"href":"https:\/\/bilginteknoloji.com\/woo\/wp-json\/wp\/v2\/product\/621","targetHints":{"allow":["GET"]}}],"collection":[{"href":"https:\/\/bilginteknoloji.com\/woo\/wp-json\/wp\/v2\/product"}],"about":[{"href":"https:\/\/bilginteknoloji.com\/woo\/wp-json\/wp\/v2\/types\/product"}],"wp:featuredmedia":[{"embeddable":true,"href":"https:\/\/bilginteknoloji.com\/woo\/wp-json\/wp\/v2\/media\/622"}],"wp:attachment":[{"href":"https:\/\/bilginteknoloji.com\/woo\/wp-json\/wp\/v2\/media?parent=621"}],"wp:term":[{"taxonomy":"product_cat","embeddable":true,"href":"https:\/\/bilginteknoloji.com\/woo\/wp-json\/wp\/v2\/product_cat?post=621"},{"taxonomy":"product_tag","embeddable":true,"href":"https:\/\/bilginteknoloji.com\/woo\/wp-json\/wp\/v2\/product_tag?post=621"}],"curies":[{"name":"wp","href":"https:\/\/api.w.org\/{rel}","templated":true}]}}