{"id":614,"date":"2024-08-13T16:10:03","date_gmt":"2024-08-13T13:10:03","guid":{"rendered":"https:\/\/bilginteknoloji.com\/woo\/?post_type=product&#038;p=614"},"modified":"2024-08-26T14:38:12","modified_gmt":"2024-08-26T11:38:12","slug":"amd-ryzen-5-5600gt-6-core-360-4-60ghz-19mb-cache-45-65w-radeon-grafikleri-wraith-stealth-fan-am4-soket-box-kutulu-grafik-kart-var-fan-var","status":"publish","type":"product","link":"https:\/\/bilginteknoloji.com\/woo\/urun\/amd-ryzen-5-5600gt-6-core-360-4-60ghz-19mb-cache-45-65w-radeon-grafikleri-wraith-stealth-fan-am4-soket-box-kutulu-grafik-kart-var-fan-var\/","title":{"rendered":"AMD RYZEN 5 5600GT 6 Core, 3,60-4.60GHz, 19Mb Cache, 45-65W, Radeon Grafikleri, Wraith Stealth FAN, AM4 Soket, BOX (Kutulu) (Grafik Kart VAR, Fan VAR)"},"content":{"rendered":"<table border=\"0\" width=\"100%\" cellspacing=\"0\" cellpadding=\"0\">\n<tbody>\n<tr>\n<td class=\"title-product\">\n<h1>AMD RYZEN 5 5600GT 6 Core, 3,60-4.60GHz, 19Mb Cache, 45-65W, Radeon Grafikleri, Wraith Stealth FAN, AM4 Soket, BOX (Kutulu) (Grafik Kart VAR, Fan VAR)<\/h1>\n<\/td>\n<\/tr>\n<tr>\n<td height=\"10\"><\/td>\n<\/tr>\n<tr>\n<td>\n<div id=\"jquery-image-zoom\">\n<table border=\"0\" width=\"100%\" cellspacing=\"0\" cellpadding=\"0\">\n<tbody>\n<tr>\n<td valign=\"top\" width=\"250\">\n<table border=\"0\" width=\"100%\" cellspacing=\"0\" cellpadding=\"0\">\n<tbody>\n<tr>\n<td align=\"center\" valign=\"top\" height=\"240\">\n<table border=\"0\" width=\"250\" cellspacing=\"0\" cellpadding=\"0\">\n<tbody>\n<tr>\n<td align=\"center\" bgcolor=\"#FFFFFF\" height=\"200\"><a class=\"urunresmi\" title=\"AMD RYZEN 5 5600GT 6 Core, 3,60-4.60GHz, 19Mb Cache, 45-65W, Radeon Grafikleri, Wraith Stealth FAN, AM4 Soket, BOX (Kutulu) (Grafik Kart VAR, Fan VAR)\" href=\"https:\/\/www.reserbayi.com\/urun_resimleri.php?w=500&amp;urun_kodu=RYZEN-5-5600GT&amp;jpg.jpg\"><img decoding=\"async\" src=\"https:\/\/www.reserbayi.com\/urun_resimleri.php?w=240&amp;urun_kodu=RYZEN-5-5600GT\" \/><\/a><\/td>\n<\/tr>\n<tr>\n<td><\/td>\n<\/tr>\n<\/tbody>\n<\/table>\n<\/td>\n<\/tr>\n<tr>\n<td><\/td>\n<\/tr>\n<tr>\n<td>\n<table border=\"0\" width=\"100%\" cellspacing=\"0\" cellpadding=\"0\">\n<tbody>\n<tr>\n<td align=\"right\" height=\"16\"><a><strong>Fiyatlar\u0131 Gizli \/ G\u00f6ster<\/strong><\/a><\/td>\n<\/tr>\n<\/tbody>\n<\/table>\n<table id=\"detay_fiyatlar\" class=\"product-price\" border=\"0\" width=\"250\" cellspacing=\"0\" cellpadding=\"0\">\n<tbody>\n<tr>\n<td align=\"right\" nowrap=\"nowrap\">Bayi<\/td>\n<td class=\"product-price-02\"><strong>$128.80<\/strong><\/td>\n<\/tr>\n<tr>\n<td align=\"right\" nowrap=\"nowrap\" width=\"113\">Size \u00d6zel<\/td>\n<td class=\"product-price-02\" width=\"137\"><strong>$125.00<\/strong><\/td>\n<\/tr>\n<tr>\n<td align=\"right\" nowrap=\"nowrap\">T.E.S.K.F<\/td>\n<td class=\"product-price-02\"><strong>$141.30<\/strong><\/td>\n<\/tr>\n<tr>\n<td align=\"right\" nowrap=\"nowrap\">Stok Durumu<\/td>\n<td class=\"product-price-02\"><strong>7<\/strong><\/td>\n<\/tr>\n<tr>\n<td colspan=\"2\" align=\"right\">Bursa Depo<\/td>\n<\/tr>\n<\/tbody>\n<\/table>\n<table border=\"0\" width=\"200\" cellspacing=\"0\" cellpadding=\"0\" align=\"right\">\n<tbody>\n<tr>\n<td align=\"right\" height=\"50\"><a href=\"https:\/\/www.reserbayi.com\/?mainpage=urunler&amp;grup_id=8&amp;first=group\">Kategoriyi listele<\/a><span id=\"cart_span_1\"><\/span><img decoding=\"async\" id=\"add_to_cart_1\" class=\"add_to_cart\" src=\"https:\/\/www.reserbayi.com\/reser\/images\/add-basket.png\" alt=\"\" name=\"1\" border=\"0\" \/><\/td>\n<\/tr>\n<\/tbody>\n<\/table>\n<\/td>\n<\/tr>\n<\/tbody>\n<\/table>\n<\/td>\n<td width=\"15\"><\/td>\n<td valign=\"top\">\n<table border=\"0\" cellspacing=\"0\" cellpadding=\"0\">\n<tbody>\n<tr>\n<td>\n<table border=\"0\" width=\"100%\" cellspacing=\"0\" cellpadding=\"0\">\n<tbody>\n<tr>\n<td class=\"resertitle\">Teknik \u00d6zellikler<\/td>\n<td valign=\"top\" width=\"10\"><img decoding=\"async\" src=\"https:\/\/www.reserbayi.com\/reser\/images\/title-right.png\" alt=\"\" \/><\/td>\n<\/tr>\n<\/tbody>\n<\/table>\n<\/td>\n<\/tr>\n<tr>\n<td class=\"hr-15\"><\/td>\n<\/tr>\n<tr>\n<td>\n<table class=\"product-detail\" border=\"0\" width=\"100%\" cellspacing=\"0\" cellpadding=\"0\">\n<tbody>\n<tr>\n<td class=\"product-detail-02\" width=\"34%\">Soket Yap\u0131s\u0131:<\/td>\n<td width=\"66%\">\u00a0AMD AM4<\/td>\n<\/tr>\n<tr>\n<td class=\"product-detail-02\" width=\"34%\">\u0130\u015flemci Teknolojisi:<\/td>\n<td width=\"66%\">\u00a0RYZEN-5<\/td>\n<\/tr>\n<tr>\n<td class=\"product-detail-02\" width=\"34%\">\u0130\u015flemci H\u0131z\u0131:<\/td>\n<td width=\"66%\">\u00a04,6 GHZ<\/td>\n<\/tr>\n<tr>\n<td class=\"product-detail-02\" width=\"34%\">Fiziksel \u00c7ekirdek:<\/td>\n<td width=\"66%\">\u00a06 \u00c7EK\u0130RDEK<\/td>\n<\/tr>\n<tr>\n<td class=\"product-detail-02\"><\/td>\n<td><\/td>\n<\/tr>\n<tr>\n<td colspan=\"2\" bgcolor=\"#FFFFFF\"><\/td>\n<\/tr>\n<\/tbody>\n<\/table>\n<\/td>\n<\/tr>\n<\/tbody>\n<\/table>\n<\/td>\n<\/tr>\n<\/tbody>\n<\/table>\n<\/div>\n<\/td>\n<\/tr>\n<tr>\n<td class=\"hr-21\"><\/td>\n<\/tr>\n<tr>\n<td>\n<table border=\"0\" width=\"100%\" cellspacing=\"0\" cellpadding=\"0\">\n<tbody>\n<tr>\n<td class=\"resertitle\">\u00dcr\u00fcn Detay<\/td>\n<td valign=\"top\" width=\"10\"><img decoding=\"async\" src=\"https:\/\/www.reserbayi.com\/reser\/images\/title-right.png\" alt=\"\" \/><\/td>\n<\/tr>\n<\/tbody>\n<\/table>\n<\/td>\n<\/tr>\n<tr>\n<td class=\"urundetayaciklamasi\">\n<h2>AMD Ryzen 5 5600GT inceleme<\/h2>\n<h4>AMD Ryzen\u2122 5 5600GT<\/h4>\n<p>&nbsp;<\/p>\n<p><img decoding=\"async\" class=\"img-fluid\" src=\"http:\/\/www.detayresimler.com\/urun\/R\/RYZ5600GT.jpg\" alt=\"\" \/><\/p>\n<p>&nbsp;<\/p>\n<div class=\"table-responsive\">\n<table class=\"table table-striped\">\n<tbody>\n<tr>\n<td>\u0130\u015flemci Nesil<\/td>\n<td>AMD Ryzen 5. Nesil<\/td>\n<\/tr>\n<tr>\n<td>Soket Tipi<\/td>\n<td>AM4<\/td>\n<\/tr>\n<tr>\n<td>Seri<\/td>\n<td>AMD Ryzen 5<\/td>\n<\/tr>\n<tr>\n<td>\u00c7ekirdek Say\u0131s\u0131<\/td>\n<td>6 \u00c7ekirdek<\/td>\n<\/tr>\n<tr>\n<td>Frekans H\u0131z\u0131<\/td>\n<td>4.60 Ghz<\/td>\n<\/tr>\n<tr>\n<td>\u00d6nbellek<\/td>\n<td>19 MB<\/td>\n<\/tr>\n<tr>\n<td>Dahili Grafik<\/td>\n<td>Radeon Graphics<\/td>\n<\/tr>\n<tr>\n<td>Dahili Fan<\/td>\n<td>So\u011futuculu<\/td>\n<\/tr>\n<tr>\n<td>\u00dcretim Teknolojisi<\/td>\n<td>7nm<\/td>\n<\/tr>\n<tr>\n<td>TDP<\/td>\n<td>65W<\/td>\n<\/tr>\n<tr>\n<td>\u0130\u015fletim Sistemi Deste\u011fi<\/td>\n<td>Windows 11 &#8211; 64-Bit S\u00fcr\u00fcm\u00fc Windows 10 &#8211; 64-Bit S\u00fcr\u00fcm\u00fc RHEL x86 64-Bit Ubuntu x86 64-Bit *\u0130\u015fletim Sistemi (OS) deste\u011fi \u00fcreticiye g\u00f6re de\u011fi\u015fiklik g\u00f6sterir.<\/td>\n<\/tr>\n<tr>\n<td>Maks. \u00c7al\u0131\u015fma S\u0131cakl\u0131\u011f\u0131 (Tjmax)<\/td>\n<td>95\u00b0C<\/td>\n<\/tr>\n<tr>\n<td>Grafik Modeli<\/td>\n<td>Radeon\u2122 Grafikleri<\/td>\n<\/tr>\n<tr>\n<td>Grafik \u00c7ekirdek Say\u0131s\u0131<\/td>\n<td>7<\/td>\n<\/tr>\n<tr>\n<td>Sistem Bellek T\u00fcr\u00fc<\/td>\n<td>DDR4<\/td>\n<\/tr>\n<\/tbody>\n<\/table>\n<\/div>\n<\/td>\n<\/tr>\n<\/tbody>\n<\/table>\n","protected":false},"excerpt":{"rendered":"<p>AMD RYZEN 5 5600GT 6 Core, 3,60-4.60GHz, 19Mb Cache, 45-65W, Radeon Grafikleri, Wraith Stealth FAN, AM4 Soket, BOX (Kutulu) (Grafik Kart VAR, Fan VAR) Fiyatlar\u0131 Gizli \/ G\u00f6ster Bayi $128.80 Size \u00d6zel $125.00 T.E.S.K.F $141.30 Stok Durumu 7 Bursa Depo Kategoriyi listele Teknik \u00d6zellikler Soket Yap\u0131s\u0131: \u00a0AMD AM4 \u0130\u015flemci Teknolojisi: \u00a0RYZEN-5 \u0130\u015flemci H\u0131z\u0131: \u00a04,6 GHZ &hellip;<\/p>\n<p class=\"read-more\"> <a class=\" thunk-readmore button \" href=\"https:\/\/bilginteknoloji.com\/woo\/urun\/amd-ryzen-5-5600gt-6-core-360-4-60ghz-19mb-cache-45-65w-radeon-grafikleri-wraith-stealth-fan-am4-soket-box-kutulu-grafik-kart-var-fan-var\/\"> <span class=\"screen-reader-text\">AMD RYZEN 5 5600GT 6 Core, 3,60-4.60GHz, 19Mb Cache, 45-65W, Radeon Grafikleri, Wraith Stealth FAN, AM4 Soket, BOX (Kutulu) (Grafik Kart VAR, Fan VAR)<\/span>Read More<\/a><\/p>\n","protected":false},"featured_media":615,"template":"","meta":{"om_disable_all_campaigns":false,"_monsterinsights_skip_tracking":false,"_monsterinsights_sitenote_active":false,"_monsterinsights_sitenote_note":"","_monsterinsights_sitenote_category":0},"product_cat":[65],"product_tag":[],"class_list":{"0":"post-614","1":"product","2":"type-product","3":"status-publish","4":"has-post-thumbnail","6":"product_cat-amd-islemciler","7":"thunk-woo-product-list","8":"opn-qv-enable","9":"top-store-woo-hover-zoom","10":"top-store-single-product-tab-horizontal","11":"top-store-shadow-","12":"top-store-shadow-hover-","14":"first","15":"instock","16":"taxable","17":"shipping-taxable","18":"product-type-simple"},"aioseo_notices":[],"_links":{"self":[{"href":"https:\/\/bilginteknoloji.com\/woo\/wp-json\/wp\/v2\/product\/614","targetHints":{"allow":["GET"]}}],"collection":[{"href":"https:\/\/bilginteknoloji.com\/woo\/wp-json\/wp\/v2\/product"}],"about":[{"href":"https:\/\/bilginteknoloji.com\/woo\/wp-json\/wp\/v2\/types\/product"}],"wp:featuredmedia":[{"embeddable":true,"href":"https:\/\/bilginteknoloji.com\/woo\/wp-json\/wp\/v2\/media\/615"}],"wp:attachment":[{"href":"https:\/\/bilginteknoloji.com\/woo\/wp-json\/wp\/v2\/media?parent=614"}],"wp:term":[{"taxonomy":"product_cat","embeddable":true,"href":"https:\/\/bilginteknoloji.com\/woo\/wp-json\/wp\/v2\/product_cat?post=614"},{"taxonomy":"product_tag","embeddable":true,"href":"https:\/\/bilginteknoloji.com\/woo\/wp-json\/wp\/v2\/product_tag?post=614"}],"curies":[{"name":"wp","href":"https:\/\/api.w.org\/{rel}","templated":true}]}}