{"id":606,"date":"2024-08-13T16:02:28","date_gmt":"2024-08-13T13:02:28","guid":{"rendered":"https:\/\/bilginteknoloji.com\/woo\/?post_type=product&#038;p=606"},"modified":"2024-08-13T16:02:29","modified_gmt":"2024-08-13T13:02:29","slug":"amd-ryzen-5-8600g-6-core-430-5-00ghz-22mb-cache-65w-am5-soket-box-kutulu-grafik-kart-var-fan-var","status":"publish","type":"product","link":"https:\/\/bilginteknoloji.com\/woo\/urun\/amd-ryzen-5-8600g-6-core-430-5-00ghz-22mb-cache-65w-am5-soket-box-kutulu-grafik-kart-var-fan-var\/","title":{"rendered":"AMD RYZEN 5 8600G 6 Core, 4,30-5.00GHz, 22Mb Cache, 65W, AM5 Soket, BOX (Kutulu) (Grafik Kart VAR, Fan VAR)"},"content":{"rendered":"<h2>AMD Ryzen 5 8600G inceleme<\/h2>\n<h3>AMD RYZEN\u00a08000G\u00a0Serisi<\/h3>\n<h4>AMD Ryzen 8000G Serisi i\u015flemcilerle diledi\u011finiz oyunu oynay\u0131n!<\/h4>\n<p>GRAF\u0130K KARTI GEREKT\u0130RMEZ.<\/p>\n<h3><img decoding=\"async\" class=\"img-fluid\" src=\"https:\/\/www.detayresimler.com\/urun\/R\/RYZ8600G.jpg\" alt=\"\" \/><\/h3>\n<table class=\"table table-striped\">\n<tbody>\n<tr>\n<td>\u0130\u015flemci Nesil<\/td>\n<td>AMD Ryzen 8. Nesil<\/td>\n<\/tr>\n<tr>\n<td>Soket Tipi<\/td>\n<td>AM5\u00a0i<\/td>\n<\/tr>\n<tr>\n<td>Seri<\/td>\n<td>AMD Ryzen 5\u00a0i<\/td>\n<\/tr>\n<tr>\n<td>\u00c7ekirdek Say\u0131s\u0131<\/td>\n<td>6 \u00c7ekirdek<\/td>\n<\/tr>\n<tr>\n<td>Frekans H\u0131z\u0131<\/td>\n<td>4.30 Ghz<\/td>\n<\/tr>\n<tr>\n<td>\u00d6nbellek<\/td>\n<td>22 MB<\/td>\n<\/tr>\n<tr>\n<td>Dahili Grafik<\/td>\n<td>Radeon 760M<\/td>\n<\/tr>\n<tr>\n<td>\u00dcretim Teknolojisi<\/td>\n<td>4nm<\/td>\n<\/tr>\n<tr>\n<td>TDP<\/td>\n<td>65W<\/td>\n<\/tr>\n<tr>\n<td>Barkod GTIN<\/td>\n<\/tr>\n<\/tbody>\n<\/table>\n","protected":false},"excerpt":{"rendered":"<p>AMD Ryzen 5 8600G inceleme AMD RYZEN\u00a08000G\u00a0Serisi AMD Ryzen 8000G Serisi i\u015flemcilerle diledi\u011finiz oyunu oynay\u0131n! GRAF\u0130K KARTI GEREKT\u0130RMEZ. \u0130\u015flemci Nesil AMD Ryzen 8. Nesil Soket Tipi AM5\u00a0i Seri AMD Ryzen 5\u00a0i \u00c7ekirdek Say\u0131s\u0131 6 \u00c7ekirdek Frekans H\u0131z\u0131 4.30 Ghz \u00d6nbellek 22 MB Dahili Grafik Radeon 760M \u00dcretim Teknolojisi 4nm TDP 65W Barkod GTIN<\/p>\n","protected":false},"featured_media":607,"template":"","meta":{"om_disable_all_campaigns":false,"_monsterinsights_skip_tracking":false,"_monsterinsights_sitenote_active":false,"_monsterinsights_sitenote_note":"","_monsterinsights_sitenote_category":0},"product_cat":[65],"product_tag":[],"class_list":{"0":"post-606","1":"product","2":"type-product","3":"status-publish","4":"has-post-thumbnail","6":"product_cat-amd-islemciler","7":"thunk-woo-product-list","8":"opn-qv-enable","9":"top-store-woo-hover-zoom","10":"top-store-single-product-tab-horizontal","11":"top-store-shadow-","12":"top-store-shadow-hover-","14":"first","15":"instock","16":"taxable","17":"shipping-taxable","18":"product-type-simple"},"aioseo_notices":[],"_links":{"self":[{"href":"https:\/\/bilginteknoloji.com\/woo\/wp-json\/wp\/v2\/product\/606","targetHints":{"allow":["GET"]}}],"collection":[{"href":"https:\/\/bilginteknoloji.com\/woo\/wp-json\/wp\/v2\/product"}],"about":[{"href":"https:\/\/bilginteknoloji.com\/woo\/wp-json\/wp\/v2\/types\/product"}],"wp:featuredmedia":[{"embeddable":true,"href":"https:\/\/bilginteknoloji.com\/woo\/wp-json\/wp\/v2\/media\/607"}],"wp:attachment":[{"href":"https:\/\/bilginteknoloji.com\/woo\/wp-json\/wp\/v2\/media?parent=606"}],"wp:term":[{"taxonomy":"product_cat","embeddable":true,"href":"https:\/\/bilginteknoloji.com\/woo\/wp-json\/wp\/v2\/product_cat?post=606"},{"taxonomy":"product_tag","embeddable":true,"href":"https:\/\/bilginteknoloji.com\/woo\/wp-json\/wp\/v2\/product_tag?post=606"}],"curies":[{"name":"wp","href":"https:\/\/api.w.org\/{rel}","templated":true}]}}