{"id":592,"date":"2024-08-13T15:30:57","date_gmt":"2024-08-13T12:30:57","guid":{"rendered":"https:\/\/bilginteknoloji.com\/woo\/?post_type=product&#038;p=592"},"modified":"2024-08-13T15:30:57","modified_gmt":"2024-08-13T12:30:57","slug":"intel-i5-12500-6-core-3-0ghz-18mb-65w-lga1700-12-nesil-tray-grafik-kart-var-fan-yok","status":"publish","type":"product","link":"https:\/\/bilginteknoloji.com\/woo\/urun\/intel-i5-12500-6-core-3-0ghz-18mb-65w-lga1700-12-nesil-tray-grafik-kart-var-fan-yok\/","title":{"rendered":"INTEL i5-12500 6 Core, 3.0Ghz, 18Mb, 65W, LGA1700, 12.Nesil, TRAY, (Grafik Kart VAR, Fan YOK)"},"content":{"rendered":"<h1>Intel Core i5-12500 4.60GHz 18MB \u00d6nbellek 6 \u00c7ekirdek 1700 \u0130\u015flemci Tray<\/h1>\n<p>12.\u00a0Nesil Intel\u00ae Core\u2122 masa\u00fcst\u00fc i\u015flemci, x86 mimarisi performans\u0131n\u0131 yeniden tan\u0131mlar. Yeni performans hibrit mimarimiz, Performans \u00e7ekirdeklerini ve Verimlilik \u00e7ekirdeklerini birle\u015ftirerek1\u00a0oyun deneyimini, \u00fcretkenli\u011fi ve i\u00e7erik olu\u015fturmay\u0131 \u00fcst seviyeye \u00e7\u0131kar\u0131r. Bu \u00e7\u0131\u011f\u0131r a\u00e7an i\u015flemciler, i\u015fletim sisteminin i\u015f y\u00fcklerini ak\u0131ll\u0131 bir \u015fekilde optimize etmesine yard\u0131mc\u0131 olarak y\u00fcr\u00fctme i\u015flemleri i\u00e7in temel \u00e7ekirdek yerle\u015fimini en iyi \u015fekilde kullanmas\u0131na yard\u0131mc\u0131 olur ve i\u015flemci tasar\u0131m\u0131nda gelecekteki at\u0131l\u0131mlar i\u00e7in zemin haz\u0131rlar. Sekt\u00f6rde ilk PCIe 5.0 ve DDR5 bellek i\u00e7in haz\u0131r olma gibi en yeni platform yeniliklerinin keyfini \u00e7\u0131kar\u0131n. Intel\u00ae UHD Grafikleri ile 8K\u2019ya varan HDR deste\u011fi ve 4 e\u015f zamanl\u0131 4K ekran\u0131 g\u00f6r\u00fcnt\u00fcleyebilme yetene\u011fiyle nefes kesen g\u00f6rsel bir deneyim elde edin. 12.\u00a0Nesil Intel\u00ae Core\u2122 masa\u00fcst\u00fc i\u015flemciler, maksimum esneklik i\u00e7in \u00e7ok \u00e7e\u015fitli se\u00e7eneklerle sunulur. Bu sayede oyun oynama, \u00e7al\u0131\u015fma ve i\u00e7erik olu\u015fturma i\u00e7in her zamankinden farkl\u0131 performans ve termal \u00f6zellikler aras\u0131ndan se\u00e7im yapabilirsiniz.<\/p>\n<p><img loading=\"lazy\" decoding=\"async\" class=\"perfmatters-lazy entered pmloaded\" title=\"Intel core i5-12500 4. 60ghz 18mb \u00f6nbellek 6 \u00e7ekirdek 1700 i\u015flemci 1\" src=\"https:\/\/www.detayresimler.com\/urun\/I\/I5-12500T.jpg\" alt=\"Masa\u00fcst\u00fc bilgisayarda \u00e7al\u0131\u015fan oyun geli\u015ftiricisi\" width=\"1067\" height=\"600\" \/><\/p>\n<h2>\u00c7\u0131\u011f\u0131r A\u00e7an \u00c7ekirdek Teknolojisi<\/h2>\n<p><img loading=\"lazy\" decoding=\"async\" class=\"perfmatters-lazy entered pmloaded\" title=\"Intel core i5-12500 4. 60ghz 18mb \u00f6nbellek 6 \u00e7ekirdek 1700 i\u015flemci 2\" src=\"https:\/\/www.detayresimler.com\/urun\/I\/I5-12500T_1.jpg\" alt=\"12. Nesil intel\u00ae core\u2122 masa\u00fcst\u00fc i\u015flemci \u00fcr\u00fcn \u00f6zeti blo\u011fu diyagram\u0131\" width=\"1067\" height=\"600\" \/><\/p>\n<p>\u00c7ekirdek performans\u0131nda \u00e7\u0131\u011f\u0131r a\u00e7an bir geli\u015fme olan 12.\u00a0Nesil Intel\u00ae Core\u2122 masa\u00fcst\u00fc i\u015flemciler, x86 mimarisine y\u00f6nelik devrim yaratan bir yakla\u015f\u0131m sunar. Performans \u00e7ekirdekleri veya \u201cP \u00e7ekirdekler\u201d, tek ve az i\u015f par\u00e7ac\u0131kl\u0131 performans i\u00e7in optimize edilmi\u015fken Verimlilik \u00e7ekirdekleri veya \u201cE \u00e7ekirdekler\u201d de \u00e7ok i\u015f par\u00e7ac\u0131kl\u0131 i\u015f y\u00fcklerini \u00f6l\u00e7eklendirmek i\u00e7in optimize edilmi\u015ftir. Intel\u00ae Thread Director, uygun uygulama i\u015f par\u00e7ac\u0131\u011f\u0131n\u0131 do\u011fru \u00e7ekirde\u011fe sorunsuz bir \u015fekilde yerle\u015ftirmeye ve watt ba\u015f\u0131na performans\u0131 optimize etmek \u00fczere performans verisini ger\u00e7ek zamanl\u0131 izleyip ve analiz etmeye yard\u0131mc\u0131 olur.2\u00a0Bu da oyun tutkunlar\u0131n\u0131n, i\u00e7erik \u00fcreticilerinin ve profesyonellerin en iyi deneyimleri geli\u015ftirmek i\u00e7in hem zeka hem de g\u00fc\u00e7 olanaklar\u0131ndan faydalanabilece\u011fi anlam\u0131na gelir.<\/p>\n<h2>Etkileyici Deneyimler<\/h2>\n<p><img loading=\"lazy\" decoding=\"async\" class=\"perfmatters-lazy entered pmloaded\" title=\"Intel core i5-12500 4. 60ghz 18mb \u00f6nbellek 6 \u00e7ekirdek 1700 i\u015flemci 3\" src=\"https:\/\/www.detayresimler.com\/urun\/I\/I5-12500T_2.jpg\" alt=\"G\u00fc\u00e7l\u00fc ki\u015fisel bilgisayar bar\u0131nd\u0131ran oyun odas\u0131\" width=\"1067\" height=\"600\" \/><\/p>\n<p>\u0130ster en yeni oyunlara ister geli\u015fmi\u015f profesyonel uygulamalara odakl\u0131 olun, 12.\u00a0Nesil Intel\u00ae Core\u2122 Masa\u00fcst\u00fc i\u015flemciler, bunlar\u0131 kesinti olmadan deneyimlemenizi sa\u011flar. Xe\u00a0Mimarisi ile desteklenen Intel\u00ae UHD Grafikleri, trilyonlarca renk bar\u0131nd\u0131ran 8K\u2019ya kadar HDR videolar ve 4 e\u015fzamanl\u0131 4K ekran i\u00e7in geli\u015fmi\u015f g\u00f6rsel destek sunarak sizi canl\u0131 yeni deneyimlere at\u0131lmaya davet eder. 12.\u00a0Nesil Intel\u00ae Core\u2122 masa\u00fcst\u00fc i\u015flemciler, videoda daha verimli g\u00fcr\u00fclt\u00fc azaltma ve arka plan bulan\u0131kla\u015ft\u0131rma i\u00e7in geli\u015fmi\u015f Gaussian &amp; Neural Accelerator 3.0 (GNA) ile kesintileri ortadan kald\u0131rabilir. \u00dcst d\u00fczey oyun deneyimi, birinci s\u0131n\u0131f \u00fcretkenlik, kesintisiz i\u00e7erik olu\u015fturma ve daha fazlas\u0131 i\u00e7in 12.\u00a0Nesil Intel\u00ae Core\u2122 masa\u00fcst\u00fc i\u015flemciler derin s\u00fcr\u00fckleyicilik ve odak sa\u011flar.<\/p>\n<h2>Platform \u0130novasyonunu H\u0131zland\u0131rma<\/h2>\n<p><img loading=\"lazy\" decoding=\"async\" class=\"perfmatters-lazy entered pmloaded\" title=\"Intel core i5-12500 4. 60ghz 18mb \u00f6nbellek 6 \u00e7ekirdek 1700 i\u015flemci 4\" src=\"https:\/\/www.detayresimler.com\/urun\/I\/I5-12500T_3.jpg\" alt=\"Nuc 11 performans mini bilgisayar ile \u00e7al\u0131\u015fan bebekli anne\" width=\"1067\" height=\"600\" \/><\/p>\n<p>\u0130nan\u0131lmaz oyun deneyimini, i\u015f ak\u0131\u015f\u0131n\u0131 ve i\u00e7erik olu\u015fturmay\u0131 destekleyen en yeni platform teknolojilerinden faydalan\u0131n. 12.\u00a0Nesil Intel\u00ae Core\u2122 masa\u00fcst\u00fc i\u015flemcilerimiz, daha y\u00fcksek bant geni\u015fli\u011fine sahip ba\u011flant\u0131 noktalar\u0131 sa\u011flayarak ideal harici grafik ve depolama performans\u0131n\u0131 desteklemek \u00fczere 20 adede (16 PCIe 5.0 ve 4 PCIe 4.0) kadar \u015ferit sunar. DDR5, 4800 MT\/sn\u2019ye varan y\u00fcksek h\u0131zlara olanak sunar. Bu da DDR4 3200 MT\/sn bellek kullanan \u00f6nceki nesillere k\u0131yasla art\u0131r\u0131lm\u0131\u015f bellek bant geni\u015fli\u011fi h\u0131zlar\u0131na olanak tan\u0131r.3\u00a0H\u0131z a\u015f\u0131rtma olanaklar\u0131na ve Intel\u00ae Extreme Tuning Utility\u2019yi (XTU) destekleyen Geli\u015fmi\u015f Ayar deste\u011fine sahip 12.\u00a0Nesil Intel\u00ae Core\u2122 masa\u00fcst\u00fc i\u015flemcilerle hem bilgi i\u015flem g\u00fcc\u00fc hem de performans i\u00e7in ince ayar yap\u0131n.4\u00a0Bu ve di\u011fer platform geli\u015ftirmeleriyle etkileyici kontrol ve g\u00fcven d\u00fczeyinde \u00e7al\u0131\u015fabilir, oyun oynayabilir ve i\u00e7erik olu\u015fturabilirsiniz.<\/p>\n<h3>12. Nesil Intel\u00ae Core\u2122 Masa\u00fcst\u00fc \u0130\u015flemciler: Bir Bak\u0131\u015fta \u00d6zellikler<\/h3>\n<table>\n<thead>\n<tr>\n<th>\u00d6zellik<\/th>\n<th>Avantaj<\/th>\n<\/tr>\n<\/thead>\n<tbody>\n<tr>\n<td>Performans Hibrit Mimarisi<\/td>\n<td>Performans hibrit mimarisi, dengeli bir tek i\u015f par\u00e7ac\u0131kl\u0131 ve \u00e7ok i\u015f par\u00e7ac\u0131kl\u0131 ger\u00e7ek kullan\u0131m performans\u0131 sunmak i\u00e7in Performans \u00e7ekirdeklerini (P \u00e7ekirdek) ve Verimlilik \u00e7ekirdeklerini (E \u00e7ekirdek) birle\u015ftirir.<\/td>\n<\/tr>\n<tr>\n<td>Intel\u00ae Thread Director2<\/td>\n<td>\u0130\u015fletim sistemi zamanlay\u0131c\u0131s\u0131n\u0131n i\u015f y\u00fcklerini uygun \u00e7ekirdeklere ak\u0131ll\u0131 bir \u015fekilde da\u011f\u0131tmas\u0131na yard\u0131mc\u0131 olarak i\u015f y\u00fcklerini optimize eder.<\/td>\n<\/tr>\n<tr>\n<td>16 adede varan \u015eerit sunan PCIe 5.0<\/td>\n<td>16 adede varan PCI Express 5.0 \u015feridiyle harici grafiklere, depolamaya ve \u00e7evre cihazlar\u0131na h\u0131zl\u0131 eri\u015fim i\u00e7in 32 GT\/sn\u2019ye kadar h\u0131zlara haz\u0131rd\u0131r.<\/td>\n<\/tr>\n<tr>\n<td>4 adede varan \u015eerit sunan PCIe 4.0<\/td>\n<td>4 adede varan PCI Express 4.0 \u015feridiyle depolama ve \u00e7evre cihazlar\u0131na h\u0131zl\u0131 eri\u015fim i\u00e7in 16 GT\/sn\u2019ye kadar h\u0131zl\u0131 eri\u015fim sa\u011flar.<\/td>\n<\/tr>\n<tr>\n<td>DDR5 4800 MT\/sn\u2019ye kadar3<\/td>\n<td>Sekt\u00f6rde ilk olan bu bellek teknolojisi, geli\u015fmi\u015f i\u015f ak\u0131\u015f\u0131na ve \u00fcretkenli\u011fe olanak tan\u0131yan h\u0131zl\u0131 frekanslar\u0131, y\u00fcksek bant geni\u015fli\u011fini ve verimlili\u011fi destekler.<\/td>\n<\/tr>\n<tr>\n<td>DDR4 3200 MT\/sn\u2019ye kadar3<\/td>\n<td>Mevcut bellek teknolojisi ve h\u0131zlar\u0131n\u0131 destekler.<\/td>\n<\/tr>\n<tr>\n<td>L3 ve L2 \u00d6nbellek<\/td>\n<td>Art\u0131r\u0131lm\u0131\u015f payla\u015f\u0131ml\u0131 Intel\u00ae Ak\u0131ll\u0131 \u00d6nbellek (L3) ve L2 \u00f6nbellek boyutlar\u0131, h\u0131zl\u0131 oyun y\u00fckleme ve kusursuz kare h\u0131zlar\u0131 i\u00e7in b\u00fcy\u00fck bellek kapasitesi ile d\u00fc\u015f\u00fck gecikme s\u00fcresi sunar.<\/td>\n<\/tr>\n<tr>\n<td>Intel\u00ae Deep Learning Boost<\/td>\n<td>Derin \u00f6\u011frenme i\u015f y\u00fckleri i\u00e7in performans\u0131 art\u0131rmak i\u00e7in yapay zeka \u00e7\u0131kar\u0131m\u0131n\u0131 h\u0131zland\u0131r\u0131r.<\/td>\n<\/tr>\n<tr>\n<td>Gaussian &amp; Neural Accelerator 3.0 (GNA 3.0)<\/td>\n<td>Yapay zeka konu\u015fmay\u0131 i\u015fler ve sinirsel g\u00fcr\u00fclt\u00fc \u00f6nleme gibi ses uygulamalar\u0131 sunarken ayn\u0131 zamanda genel sistem performans\u0131 ve yan\u0131t h\u0131z\u0131 i\u00e7in i\u015flemci kaynaklar\u0131n\u0131 serbest b\u0131rak\u0131r.<\/td>\n<\/tr>\n<tr>\n<td>Intel\u00ae Turbo Boost Max Teknolojisi 3.0<\/td>\n<td>\u0130\u015flemcinin en h\u0131zl\u0131 \u00e7ekirdeklerini tan\u0131mlar ve kritik i\u015f y\u00fcklerini bunlara y\u00f6nlendirir.<\/td>\n<\/tr>\n<tr>\n<td>Xe\u00a0Mimarisi ile desteklenen Intel\u00ae UHD Grafikleri<\/td>\n<td>Zengin medya ve ak\u0131ll\u0131 grafik \u00f6zellikleri; art\u0131r\u0131lm\u0131\u015f g\u00f6rsel karma\u015f\u0131kl\u0131k, geli\u015ftirilmi\u015f 3D performans\u0131 ve daha h\u0131zl\u0131 g\u00f6rsel i\u015flemeye olanak verir.<\/td>\n<\/tr>\n<tr>\n<td>H\u0131z A\u015f\u0131rtma \u00d6zellikleri ve \u0130mkanlar\u0131<\/td>\n<td>Intel\u00ae Z690 \u00e7ip seti ile birlikte kullan\u0131ld\u0131\u011f\u0131nda i\u015flemci P \u00e7ekirdekleri, E \u00e7ekirdekleri, grafik ve bellek, i\u015flemci \u00f6zelliklerinin \u00fczerindeki frekanslarda \u00e7al\u0131\u015facak \u015fekilde ayarlanabilir. Bu da daha y\u00fcksek performans sunar.<\/td>\n<\/tr>\n<tr>\n<td>\u00c7e\u015fitli Se\u00e7enekler<\/td>\n<td>12.\u00a0Nesil Intel\u00ae Core\u2122 Masa\u00fcst\u00fc \u0130\u015flemciler, maksimum esneklik i\u00e7in \u00e7ok \u00e7e\u015fitli se\u00e7eneklerle sunulur. Bu sayede ihtiyac\u0131n\u0131z olan performans\u0131 ve termal \u00f6zellikleri se\u00e7ebilirsiniz.<\/td>\n<\/tr>\n<\/tbody>\n<\/table>\n<p>&nbsp;<\/p>\n<h3>12. Nesil Intel\u00ae Core\u2122 Masa\u00fcst\u00fc \u0130\u015flemcilerin Kar\u015f\u0131la\u015ft\u0131rmas\u0131<\/h3>\n<p>&nbsp;<\/p>\n<table>\n<thead>\n<tr>\n<th><\/th>\n<th>Intel\u00ae Core\u2122 i9<\/th>\n<th>Oyun tutkunlar\u0131 i\u00e7in Intel\u00ae Core\u2122i7<\/th>\n<th>Intel\u00ae Core\u2122 i5<\/th>\n<th>Intel\u00ae Core\u2122\u00a0i3<\/th>\n<\/tr>\n<\/thead>\n<tbody>\n<tr>\n<td>Maks. Turbo Frekans\u0131 [GHz]<\/td>\n<td>5,2\u2019ye kadar<\/td>\n<td>5,0\u2019a kadar<\/td>\n<td>4,9\u2019a kadar<\/td>\n<td>4,4\u2019ye kadar<\/td>\n<\/tr>\n<tr>\n<td>Intel\u00ae Turbo Boost Max Teknolojisi 3.0 Frekans\u0131 [GHz]5<\/td>\n<td>5,2\u2019ye kadar<\/td>\n<td>5,0\u2019a kadar<\/td>\n<td>Yok<\/td>\n<td>Yok<\/td>\n<\/tr>\n<tr>\n<td>Performans \u00c7ekirdekli Maksimum Turbo Frekans\u0131 [GHz]6<\/td>\n<td>5,1\u2019e kadar<\/td>\n<td>4,9\u2019a kadar<\/td>\n<td>4,9\u2019a kadar<\/td>\n<td>4,4\u2019ye kadar<\/td>\n<\/tr>\n<tr>\n<td>Verimlilik \u00c7ekirdekli Maksimum Turbo Frekans\u0131 [GHz]6<\/td>\n<td>3,9\u2019ye kadar<\/td>\n<td>3,8\u2019e kadar<\/td>\n<td>3,6\u2019ya kadar<\/td>\n<td>Yok<\/td>\n<\/tr>\n<tr>\n<td>Performans \u00c7ekirdekli Taban Frekans\u0131 [GHz]<\/td>\n<td>3,2\u2019ye kadar<\/td>\n<td>3,6\u2019ya kadar<\/td>\n<td>3,7\u2019ye kadar<\/td>\n<td>3,5\u2019e kadar<\/td>\n<\/tr>\n<tr>\n<td>Verimlilik \u00c7ekirde\u011fi Taban Frekans\u0131 [GHz]<\/td>\n<td>2,4\u2019e kadar<\/td>\n<td>2,7\u2019ye kadar<\/td>\n<td>2,8\u2019e kadar<\/td>\n<td>Yok<\/td>\n<\/tr>\n<tr>\n<td>\u0130\u015flemci \u00c7ekirdekleri (P-\u00e7ekirdekler + E-\u00e7ekirdekler)7<\/td>\n<td>16 (8P + 8E)<\/td>\n<td>12 (8P + 4E)<\/td>\n<td>10 (6P + 4E) veya 6 (6P + 0E)7<\/td>\n<td>4 (4P + 0E)<\/td>\n<\/tr>\n<tr>\n<td>Intel\u00ae Hyper-Threading Teknolojisi5<\/td>\n<td>Evet<\/td>\n<td>Evet<\/td>\n<td>Evet<\/td>\n<td>Evet<\/td>\n<\/tr>\n<tr>\n<td>Toplam \u0130\u015flemci \u0130\u015f Par\u00e7ac\u0131klar\u0131<\/td>\n<td>24<\/td>\n<td>20<\/td>\n<td>16 veya 127<\/td>\n<td>8<\/td>\n<\/tr>\n<tr>\n<td>Intel\u00ae Thread Director2<\/td>\n<td>Evet<\/td>\n<td>Evet<\/td>\n<td>Evet, belirli i\u015flemcilerde mevcuttur7<\/td>\n<td>Hay\u0131r<\/td>\n<\/tr>\n<tr>\n<td>Intel\u00ae Ak\u0131ll\u0131 \u00d6nbellek (L3) Boyutu [MB]<\/td>\n<td>30<\/td>\n<td>25<\/td>\n<td>20 veya 187<\/td>\n<td>12<\/td>\n<\/tr>\n<tr>\n<td>Toplam L2 \u00d6nbellek Boyutu [MB]<\/td>\n<td>14<\/td>\n<td>12<\/td>\n<td>9,5 veya 7,57<\/td>\n<td>5<\/td>\n<\/tr>\n<tr>\n<td>Maks. Bellek H\u0131z\u0131 [MT\/sn]<\/td>\n<td>DDR5 4800&nbsp;<\/p>\n<p>DDR4 3200<\/td>\n<td>DDR5 4800\u2019e kadar&nbsp;<\/p>\n<p>DDR4 3200\u2019e kadar<\/td>\n<td>DDR5 4800\u2019e kadar&nbsp;<\/p>\n<p>DDR4 3200\u2019e kadar<\/td>\n<td>DDR5 4800\u2019e kadar&nbsp;<\/p>\n<p>DDR4 3200\u2019e kadar<\/td>\n<\/tr>\n<tr>\n<td>Bellek Kanal Say\u0131s\u0131<\/td>\n<td>2<\/td>\n<td>2<\/td>\n<td>2<\/td>\n<td>2<\/td>\n<\/tr>\n<tr>\n<td>CPU PCIe 5.0 \u015eeritleri<\/td>\n<td>16<\/td>\n<td>16<\/td>\n<td>16<\/td>\n<td>16<\/td>\n<\/tr>\n<tr>\n<td>CPU PCIe 4.0 \u015eeritleri<\/td>\n<td>4<\/td>\n<td>4<\/td>\n<td>4<\/td>\n<td>4<\/td>\n<\/tr>\n<tr>\n<td>Xe\u00a0Mimarisi ile desteklenen Geli\u015fmi\u015f Intel\u00ae UHD Grafikleri<\/td>\n<td>Intel\u00ae UHD Grafikleri 770<\/td>\n<td>Intel\u00ae UHD Grafikleri 770<\/td>\n<td>Intel\u00ae UHD Grafikleri 770 veya 730<\/td>\n<td>Intel\u00ae UHD Grafikleri 730<\/td>\n<\/tr>\n<tr>\n<td>Grafiklerin Dinamik Frekans\u01318\u00a0[MHz]<\/td>\n<td>1550\u2019ye kadar<\/td>\n<td>1500\u2019e kadar<\/td>\n<td>1450\u2019ye kadar<\/td>\n<td><\/td>\n<\/tr>\n<tr>\n<td>P-\u00e7ekirdek i\u015flemci \/ E-\u00e7ekirdek i\u015flemci \/ Grafikler \/ Bellek H\u0131z A\u015f\u0131rtma4\u00a08<\/td>\n<td>Evet, belirli i\u015flemcilerde mevcuttur<\/td>\n<td>Evet, belirli i\u015flemcilerde mevcuttur<\/td>\n<td>Evet, belirli i\u015flemcilerde mevcuttur<\/td>\n<td>Hay\u0131r<\/td>\n<\/tr>\n<tr>\n<td>Intel\u00ae Quick Sync Video<\/td>\n<td>Evet<\/td>\n<td>Evet<\/td>\n<td>Evet<\/td>\n<td>Evet<\/td>\n<\/tr>\n<tr>\n<td>Intel\u00ae Deep Learning Boost (Intel\u00ae DL Boost)<\/td>\n<td>Evet<\/td>\n<td>Evet<\/td>\n<td>Evet<\/td>\n<td>Evet<\/td>\n<\/tr>\n<tr>\n<td>Intel\u00ae Advanced Vector Extensions 2 (Intel\u00ae AVX2)<\/td>\n<td>Hay\u0131r<\/td>\n<td>Evet<\/td>\n<td>Evet<\/td>\n<td>Evet<\/td>\n<\/tr>\n<tr>\n<td>Intel\u00ae Gaussian ve Neural Accelerator (GNA)<\/td>\n<td>Evet<\/td>\n<td>Evet<\/td>\n<td>Evet<\/td>\n<td>Evet<\/td>\n<\/tr>\n<tr>\n<td>Intel\u00ae Sanalla\u015ft\u0131rma Teknolojisi (Intel\u00ae VT-x \/ VT-d)<\/td>\n<td>Evet<\/td>\n<td>Evet<\/td>\n<td>Evet<\/td>\n<td>Evet<\/td>\n<\/tr>\n<tr>\n<td>Mod Tabanl\u0131 \u00c7al\u0131\u015ft\u0131rma Denetimi (MBEC)<\/td>\n<td>Evet<\/td>\n<td>Evet<\/td>\n<td>Evet<\/td>\n<td>Evet<\/td>\n<\/tr>\n<tr>\n<td>Intel\u00ae Threat Detection Teknolojisi (Intel\u00ae TDT)<\/td>\n<td>Evet<\/td>\n<td>Evet<\/td>\n<td>Evet<\/td>\n<td>Evet<\/td>\n<\/tr>\n<tr>\n<td>Intel\u00ae Control-Flow Enforcement Teknolojisi (Intel\u00ae CET)<\/td>\n<td>Evet<\/td>\n<td>Evet<\/td>\n<td>Evet<\/td>\n<td>Evet<\/td>\n<\/tr>\n<tr>\n<td>Intel\u00ae Advanced Encryption Standard New Instructions (Intel\u00ae AES-NI)<\/td>\n<td>Evet<\/td>\n<td>Evet<\/td>\n<td>Evet<\/td>\n<td>Evet<\/td>\n<\/tr>\n<tr>\n<td width=\"346\">Intel\u00ae BIOS Guard<\/td>\n<td>Evet<\/td>\n<td>Evet<\/td>\n<td>Evet<\/td>\n<td>Evet<\/td>\n<\/tr>\n<tr>\n<td>Intel\u00ae Boot Guard<\/td>\n<td>Evet<\/td>\n<td>Evet<\/td>\n<td>Evet<\/td>\n<td>Evet<\/td>\n<\/tr>\n<tr>\n<td>Intel\u00ae OS Guard<\/td>\n<td>Evet<\/td>\n<td>Evet<\/td>\n<td>Evet<\/td>\n<td>Evet<\/td>\n<\/tr>\n<tr>\n<td>Intel\u00ae Advanced Programmable Interrupt Controller Virtualization (Intel\u00ae APIC-v)<\/td>\n<td>Evet<\/td>\n<td>Evet<\/td>\n<td>Evet<\/td>\n<td>Evet<\/td>\n<\/tr>\n<tr>\n<td>Intel\u00ae Secure Key<\/td>\n<td>Evet<\/td>\n<td>Evet<\/td>\n<td>Evet<\/td>\n<td>Evet<\/td>\n<\/tr>\n<tr>\n<td>Intel\u00ae Platform Trust Teknolojisi (Intel\u00ae PTT)<\/td>\n<td>Evet<\/td>\n<\/tr>\n<\/tbody>\n<\/table>\n","protected":false},"excerpt":{"rendered":"<p>Intel Core i5-12500 4.60GHz 18MB \u00d6nbellek 6 \u00c7ekirdek 1700 \u0130\u015flemci Tray 12.\u00a0Nesil Intel\u00ae Core\u2122 masa\u00fcst\u00fc i\u015flemci, x86 mimarisi performans\u0131n\u0131 yeniden tan\u0131mlar. Yeni performans hibrit mimarimiz, Performans \u00e7ekirdeklerini ve Verimlilik \u00e7ekirdeklerini birle\u015ftirerek1\u00a0oyun deneyimini, \u00fcretkenli\u011fi ve i\u00e7erik olu\u015fturmay\u0131 \u00fcst seviyeye \u00e7\u0131kar\u0131r. Bu \u00e7\u0131\u011f\u0131r a\u00e7an i\u015flemciler, i\u015fletim sisteminin i\u015f y\u00fcklerini ak\u0131ll\u0131 bir \u015fekilde optimize etmesine yard\u0131mc\u0131 olarak y\u00fcr\u00fctme &hellip;<\/p>\n<p class=\"read-more\"> <a class=\" thunk-readmore button \" href=\"https:\/\/bilginteknoloji.com\/woo\/urun\/intel-i5-12500-6-core-3-0ghz-18mb-65w-lga1700-12-nesil-tray-grafik-kart-var-fan-yok\/\"> <span class=\"screen-reader-text\">INTEL i5-12500 6 Core, 3.0Ghz, 18Mb, 65W, LGA1700, 12.Nesil, TRAY, (Grafik Kart VAR, Fan YOK)<\/span>Read More<\/a><\/p>\n","protected":false},"featured_media":593,"template":"","meta":{"om_disable_all_campaigns":false,"_monsterinsights_skip_tracking":false,"_monsterinsights_sitenote_active":false,"_monsterinsights_sitenote_note":"","_monsterinsights_sitenote_category":0},"product_cat":[66],"product_tag":[],"class_list":{"0":"post-592","1":"product","2":"type-product","3":"status-publish","4":"has-post-thumbnail","6":"product_cat-intel-islemciler","7":"thunk-woo-product-list","8":"opn-qv-enable","9":"top-store-woo-hover-zoom","10":"top-store-single-product-tab-horizontal","11":"top-store-shadow-","12":"top-store-shadow-hover-","14":"first","15":"instock","16":"taxable","17":"shipping-taxable","18":"product-type-simple"},"aioseo_notices":[],"_links":{"self":[{"href":"https:\/\/bilginteknoloji.com\/woo\/wp-json\/wp\/v2\/product\/592","targetHints":{"allow":["GET"]}}],"collection":[{"href":"https:\/\/bilginteknoloji.com\/woo\/wp-json\/wp\/v2\/product"}],"about":[{"href":"https:\/\/bilginteknoloji.com\/woo\/wp-json\/wp\/v2\/types\/product"}],"wp:featuredmedia":[{"embeddable":true,"href":"https:\/\/bilginteknoloji.com\/woo\/wp-json\/wp\/v2\/media\/593"}],"wp:attachment":[{"href":"https:\/\/bilginteknoloji.com\/woo\/wp-json\/wp\/v2\/media?parent=592"}],"wp:term":[{"taxonomy":"product_cat","embeddable":true,"href":"https:\/\/bilginteknoloji.com\/woo\/wp-json\/wp\/v2\/product_cat?post=592"},{"taxonomy":"product_tag","embeddable":true,"href":"https:\/\/bilginteknoloji.com\/woo\/wp-json\/wp\/v2\/product_tag?post=592"}],"curies":[{"name":"wp","href":"https:\/\/api.w.org\/{rel}","templated":true}]}}