{"id":589,"date":"2024-08-13T15:28:40","date_gmt":"2024-08-13T12:28:40","guid":{"rendered":"https:\/\/bilginteknoloji.com\/woo\/?post_type=product&#038;p=589"},"modified":"2024-08-13T17:41:39","modified_gmt":"2024-08-13T14:41:39","slug":"amd-ryzen-7-5700x3d-8-core-300-4-10ghz-100mb-cache-105w-am4-soket-box-kutulu-grafik-kart-yok-fan-yok","status":"publish","type":"product","link":"https:\/\/bilginteknoloji.com\/woo\/urun\/amd-ryzen-7-5700x3d-8-core-300-4-10ghz-100mb-cache-105w-am4-soket-box-kutulu-grafik-kart-yok-fan-yok\/","title":{"rendered":"AMD RYZEN 7 5700X3D 8 Core, 3,00-4.10GHz, 100Mb Cache, 105W, AM4 Soket, BOX (Kutulu) (Grafik Kart YOK, Fan YOK)"},"content":{"rendered":"<table border=\"0\" width=\"100%\" cellspacing=\"0\" cellpadding=\"0\">\n<tbody>\n<tr>\n<td>\n<table border=\"0\" width=\"100%\" cellspacing=\"0\" cellpadding=\"0\">\n<tbody>\n<tr>\n<td class=\"title-product\">\n<h1>AMD RYZEN 7 5700X3D 8 Core, 3,00-4.10GHz, 100Mb Cache, 105W, AM4 Soket, BOX (Kutulu) (Grafik Kart YOK, Fan YOK)<\/h1>\n<\/td>\n<\/tr>\n<tr>\n<td height=\"10\"><\/td>\n<\/tr>\n<tr>\n<td>\n<div id=\"jquery-image-zoom\">\n<table border=\"0\" width=\"100%\" cellspacing=\"0\" cellpadding=\"0\">\n<tbody>\n<tr>\n<td valign=\"top\" width=\"250\">\n<table border=\"0\" width=\"100%\" cellspacing=\"0\" cellpadding=\"0\">\n<tbody>\n<tr>\n<td align=\"center\" valign=\"top\" height=\"240\">\n<table border=\"0\" width=\"250\" cellspacing=\"0\" cellpadding=\"0\">\n<tbody>\n<tr>\n<td align=\"center\" bgcolor=\"#FFFFFF\" height=\"200\"><a class=\"urunresmi\" title=\"AMD RYZEN 7 5700X3D 8 Core, 3,00-4.10GHz, 100Mb Cache, 105W, AM4 Soket, BOX (Kutulu) (Grafik Kart YOK, Fan YOK)\" href=\"https:\/\/www.reserbayi.com\/urun_resimleri.php?w=500&amp;urun_kodu=RYZEN-7-5700X3D&amp;jpg.jpg\"><img decoding=\"async\" src=\"https:\/\/www.reserbayi.com\/urun_resimleri.php?w=240&amp;urun_kodu=RYZEN-7-5700X3D\" \/><\/a><\/td>\n<\/tr>\n<tr>\n<td><\/td>\n<\/tr>\n<\/tbody>\n<\/table>\n<\/td>\n<\/tr>\n<tr>\n<td><\/td>\n<\/tr>\n<tr>\n<td>\n<table border=\"0\" width=\"100%\" cellspacing=\"0\" cellpadding=\"0\">\n<tbody>\n<tr>\n<td align=\"right\" height=\"16\"><a><strong>Fiyatlar\u0131 Gizli \/ G\u00f6ster<\/strong><\/a><\/td>\n<\/tr>\n<\/tbody>\n<\/table>\n<table id=\"detay_fiyatlar\" class=\"product-price\" border=\"0\" width=\"250\" cellspacing=\"0\" cellpadding=\"0\">\n<tbody>\n<tr>\n<td align=\"right\" nowrap=\"nowrap\">Bayi<\/td>\n<td class=\"product-price-02\"><strong>$228.70<\/strong><\/td>\n<\/tr>\n<tr>\n<td align=\"right\" nowrap=\"nowrap\" width=\"113\">Size \u00d6zel<\/td>\n<td class=\"product-price-02\" width=\"137\"><strong>$222.00<\/strong><\/td>\n<\/tr>\n<tr>\n<td align=\"right\" nowrap=\"nowrap\">T.E.S.K.F<\/td>\n<td class=\"product-price-02\"><strong>$250.90<\/strong><\/td>\n<\/tr>\n<tr>\n<td align=\"right\" nowrap=\"nowrap\">Stok Durumu<\/td>\n<td class=\"product-price-02\"><strong>10+<\/strong><\/td>\n<\/tr>\n<tr>\n<td colspan=\"2\" align=\"right\">Bursa Depo<\/td>\n<\/tr>\n<\/tbody>\n<\/table>\n<table border=\"0\" width=\"200\" cellspacing=\"0\" cellpadding=\"0\" align=\"right\">\n<tbody>\n<tr>\n<td align=\"right\" height=\"50\"><a href=\"https:\/\/www.reserbayi.com\/?mainpage=urunler&amp;grup_id=8&amp;first=group\">Kategoriyi listele<\/a><span id=\"cart_span_1\"><\/span><img decoding=\"async\" id=\"add_to_cart_1\" class=\"add_to_cart\" src=\"https:\/\/www.reserbayi.com\/reser\/images\/add-basket.png\" alt=\"\" name=\"1\" border=\"0\" \/><\/td>\n<\/tr>\n<\/tbody>\n<\/table>\n<\/td>\n<\/tr>\n<\/tbody>\n<\/table>\n<\/td>\n<td width=\"15\"><\/td>\n<td valign=\"top\">\n<table border=\"0\" cellspacing=\"0\" cellpadding=\"0\">\n<tbody>\n<tr>\n<td>\n<table border=\"0\" width=\"100%\" cellspacing=\"0\" cellpadding=\"0\">\n<tbody>\n<tr>\n<td class=\"resertitle\">Teknik \u00d6zellikler<\/td>\n<td valign=\"top\" width=\"10\"><img decoding=\"async\" src=\"https:\/\/www.reserbayi.com\/reser\/images\/title-right.png\" alt=\"\" \/><\/td>\n<\/tr>\n<\/tbody>\n<\/table>\n<\/td>\n<\/tr>\n<tr>\n<td class=\"hr-15\"><\/td>\n<\/tr>\n<tr>\n<td>\n<table class=\"product-detail\" border=\"0\" width=\"100%\" cellspacing=\"0\" cellpadding=\"0\">\n<tbody>\n<tr>\n<td class=\"product-detail-02\" width=\"34%\">Soket Yap\u0131s\u0131:<\/td>\n<td width=\"66%\">\u00a0AMD AM4<\/td>\n<\/tr>\n<tr>\n<td class=\"product-detail-02\" width=\"34%\">\u0130\u015flemci Teknolojisi:<\/td>\n<td width=\"66%\">\u00a0RYZEN-7<\/td>\n<\/tr>\n<tr>\n<td class=\"product-detail-02\" width=\"34%\">\u0130\u015flemci H\u0131z\u0131:<\/td>\n<td width=\"66%\">\u00a04,1 GHZ<\/td>\n<\/tr>\n<tr>\n<td class=\"product-detail-02\" width=\"34%\">Fiziksel \u00c7ekirdek:<\/td>\n<td width=\"66%\">\u00a08 \u00c7EK\u0130RDEK<\/td>\n<\/tr>\n<tr>\n<td class=\"product-detail-02\"><\/td>\n<td><\/td>\n<\/tr>\n<tr>\n<td colspan=\"2\" bgcolor=\"#FFFFFF\"><\/td>\n<\/tr>\n<\/tbody>\n<\/table>\n<\/td>\n<\/tr>\n<\/tbody>\n<\/table>\n<\/td>\n<\/tr>\n<\/tbody>\n<\/table>\n<\/div>\n<\/td>\n<\/tr>\n<tr>\n<td class=\"hr-21\"><\/td>\n<\/tr>\n<tr>\n<td>\n<table border=\"0\" width=\"100%\" cellspacing=\"0\" cellpadding=\"0\">\n<tbody>\n<tr>\n<td class=\"resertitle\">\u00dcr\u00fcn Detay<\/td>\n<td valign=\"top\" width=\"10\"><img decoding=\"async\" src=\"https:\/\/www.reserbayi.com\/reser\/images\/title-right.png\" alt=\"\" \/><\/td>\n<\/tr>\n<\/tbody>\n<\/table>\n<\/td>\n<\/tr>\n<tr>\n<td class=\"urundetayaciklamasi\">\n<div class=\"general-features-head row\">\n<div>\n<h2 class=\"title title--general\">Ryzen 7 5700X3D \u0130\u015flemci \u00d6zellikleri<\/h2>\n<\/div>\n<div><img decoding=\"async\" class=\"gf-top-img lazyimg lazy-init\" title=\"AMD Ryzen\u21227 5700X3D Soket AM4 3.0 GHz 105MB 65W 7nm \u0130\u015flemci\" src=\"https:\/\/www.detayresimler.com\/urun\/R\/RYZ5700X3D.jpg\" alt=\"AMD Ryzen\u21227 5700X3D Soket AM4 3.0 GHz 105MB 65W 7nm \u0130\u015flemci\" \/><\/div>\n<\/div>\n<div class=\"productDescription\">\n<div class=\"clearfix row tCol2\">\n<div class=\"left image\"><img decoding=\"async\" class=\"lazyimg\" src=\"https:\/\/www.detayresimler.com\/urun\/R\/RYZ5700X3D_1.jpg\" alt=\"\" \/><\/div>\n<div class=\"right padding\">\n<h2>AMD RYZEN\u21227 5700X3D \u0130\u015eLEMC\u0130<\/h2>\n<div class=\"dText\">\n<div><\/div>\n<div><span class=\"c1\">\u00dcST D\u00dcZEY OYUN DENEY\u0130M\u0130<\/span><\/div>\n<\/div>\n<\/div>\n<\/div>\n<div class=\"clearfix\">\n<div class=\"clearfix row tCol2\">\n<div class=\"left padding\">\n<h3>G\u00dcND\u00dcZLER\u0130 \u0130\u015e\u0130N\u0130N HAKKINI VER. GECELER\u0130 OYUNLARIN EFEND\u0130S\u0130 OL.<\/h3>\n<div>AMD 3D V-Cache\u2122 teknolojisine sahip AMD Ryzen\u2122 7 5700X3D i\u015flemci, oyun performans\u0131nda muazzam bir art\u0131\u015f sa\u011flar. Ayar ve \u00e7\u00f6z\u00fcn\u00fcrl\u00fck ne olursa olsun, bu AMD oyun i\u015flemcisiyle tak\u0131m\u0131n\u0131z\u0131 zafere ta\u015f\u0131y\u0131n.<\/div>\n<\/div>\n<div class=\"right image\"><img decoding=\"async\" class=\"lazyimg\" src=\"https:\/\/www.detayresimler.com\/urun\/R\/RYZ5700X3D_2.jpg\" alt=\"\" \/><\/div>\n<\/div>\n<div class=\"clearfix\">\n<div class=\"clearfix row tCol2\">\n<div class=\"left image\"><img decoding=\"async\" class=\"lazyimg\" src=\"https:\/\/www.detayresimler.com\/urun\/R\/RYZ5700X3D_3.jpg\" alt=\"\" \/><\/div>\n<div class=\"right padding\">\n<h3>AMD\u2019N\u0130N KANITLANMI\u015e TEKNOLOJ\u0130LER\u0130<\/h3>\n<div>AMD 3D V-Cache\u2122, Precision Boost 2 ve Precision Boost Overdrive\u00a0gibi AMD Ryzen\u2122 teknolojilerinin tamam\u0131 ve bilgisayar\u0131n\u0131z\u0131n i\u015flem g\u00fcc\u00fcn\u00fc art\u0131rmak i\u00e7in tasarlanm\u0131\u015f di\u011fer \u00f6zellikler her AMD Ryzen\u2122 5000 Serisi CPU\u2019da bulunur.<\/div>\n<\/div>\n<\/div>\n<div class=\"clearfix\">\n<div class=\"clearfix row tCol2\">\n<div class=\"left padding\">\n<h3>B\u0130LG\u0130SAYARINIZI G\u00dcVENLE TOPLAYIN<\/h3>\n<div>Desteklenen AMD 500, 400 ve 300* Serisi anakartlarda bu i\u015flemciler basit bir BIOS g\u00fcncellemesi ile uyumlu hale gelir. Ayr\u0131ca AMD Ryzen\u2122 Master kullanarak i\u015flemcinize kolayca ince ayar yapabilirsiniz.<\/div>\n<div><\/div>\n<div>*\u00dcretim veya sat\u0131n alma tarihine ba\u011fl\u0131 olarak belirli anakartlarda BIOS g\u00fcncellemesi gerekli olabilir.<\/div>\n<\/div>\n<\/div>\n<\/div>\n<\/div>\n<\/div>\n<\/div>\n<\/td>\n<\/tr>\n<\/tbody>\n<\/table>\n<\/td>\n<\/tr>\n<\/tbody>\n<\/table>\n","protected":false},"excerpt":{"rendered":"<p>AMD RYZEN 7 5700X3D 8 Core, 3,00-4.10GHz, 100Mb Cache, 105W, AM4 Soket, BOX (Kutulu) (Grafik Kart YOK, Fan YOK) Fiyatlar\u0131 Gizli \/ G\u00f6ster Bayi $228.70 Size \u00d6zel $222.00 T.E.S.K.F $250.90 Stok Durumu 10+ Bursa Depo Kategoriyi listele Teknik \u00d6zellikler Soket Yap\u0131s\u0131: \u00a0AMD AM4 \u0130\u015flemci Teknolojisi: \u00a0RYZEN-7 \u0130\u015flemci H\u0131z\u0131: \u00a04,1 GHZ Fiziksel \u00c7ekirdek: \u00a08 \u00c7EK\u0130RDEK \u00dcr\u00fcn &hellip;<\/p>\n<p class=\"read-more\"> <a class=\" thunk-readmore button \" href=\"https:\/\/bilginteknoloji.com\/woo\/urun\/amd-ryzen-7-5700x3d-8-core-300-4-10ghz-100mb-cache-105w-am4-soket-box-kutulu-grafik-kart-yok-fan-yok\/\"> <span class=\"screen-reader-text\">AMD RYZEN 7 5700X3D 8 Core, 3,00-4.10GHz, 100Mb Cache, 105W, AM4 Soket, BOX (Kutulu) (Grafik Kart YOK, Fan YOK)<\/span>Read More<\/a><\/p>\n","protected":false},"featured_media":695,"template":"","meta":{"om_disable_all_campaigns":false,"_monsterinsights_skip_tracking":false,"_monsterinsights_sitenote_active":false,"_monsterinsights_sitenote_note":"","_monsterinsights_sitenote_category":0},"product_cat":[65],"product_tag":[],"class_list":{"0":"post-589","1":"product","2":"type-product","3":"status-publish","4":"has-post-thumbnail","6":"product_cat-amd-islemciler","7":"thunk-woo-product-list","8":"opn-qv-enable","9":"top-store-woo-hover-zoom","10":"top-store-single-product-tab-horizontal","11":"top-store-shadow-","12":"top-store-shadow-hover-","14":"first","15":"instock","16":"taxable","17":"shipping-taxable","18":"product-type-simple"},"aioseo_notices":[],"_links":{"self":[{"href":"https:\/\/bilginteknoloji.com\/woo\/wp-json\/wp\/v2\/product\/589","targetHints":{"allow":["GET"]}}],"collection":[{"href":"https:\/\/bilginteknoloji.com\/woo\/wp-json\/wp\/v2\/product"}],"about":[{"href":"https:\/\/bilginteknoloji.com\/woo\/wp-json\/wp\/v2\/types\/product"}],"wp:featuredmedia":[{"embeddable":true,"href":"https:\/\/bilginteknoloji.com\/woo\/wp-json\/wp\/v2\/media\/695"}],"wp:attachment":[{"href":"https:\/\/bilginteknoloji.com\/woo\/wp-json\/wp\/v2\/media?parent=589"}],"wp:term":[{"taxonomy":"product_cat","embeddable":true,"href":"https:\/\/bilginteknoloji.com\/woo\/wp-json\/wp\/v2\/product_cat?post=589"},{"taxonomy":"product_tag","embeddable":true,"href":"https:\/\/bilginteknoloji.com\/woo\/wp-json\/wp\/v2\/product_tag?post=589"}],"curies":[{"name":"wp","href":"https:\/\/api.w.org\/{rel}","templated":true}]}}