{"id":583,"date":"2024-08-13T15:19:59","date_gmt":"2024-08-13T12:19:59","guid":{"rendered":"https:\/\/bilginteknoloji.com\/woo\/?post_type=product&#038;p=583"},"modified":"2024-08-26T14:38:12","modified_gmt":"2024-08-26T11:38:12","slug":"amd-ryzen-3-3200g-4-core-360-4-0ghz-6mb-cache-45-65w-radeon-grafikleri-am4-soket-tray-grafik-kart-var-fan-yok","status":"publish","type":"product","link":"https:\/\/bilginteknoloji.com\/woo\/urun\/amd-ryzen-3-3200g-4-core-360-4-0ghz-6mb-cache-45-65w-radeon-grafikleri-am4-soket-tray-grafik-kart-var-fan-yok\/","title":{"rendered":"AMD RYZEN 3 3200G 4 Core, 3,60-4.0GHz, 6Mb Cache, 45-65W, Radeon Grafikleri, AM4 Soket, TRAY (Grafik Kart VAR, Fan YOK)"},"content":{"rendered":"<div class=\"phPart\">\n<div class=\"phLine\"><span class=\"phText\">Yapaca\u011f\u0131n Her \u0130\u015fte En B\u00fcy\u00fck Yard\u0131mc\u0131n\u2022 AMD Ryzen\u2122 i\u015flemciye sahip olmak yapabilece\u011fin en iyi tercihtir. Ryzen, AMD SenseMI teknolojisi sayesinde, performans art\u0131\u015f\u0131 i\u00e7in ger\u00e7ek yapay zekas\u0131 kullan\u0131r.<br \/>\n\u2022\u00a0AMD Ryzen i\u015flemciler ba\u015far\u0131s\u0131n\u0131 payla\u015fmak isteyen en h\u0131rsl\u0131 oyuncular i\u00e7in tasarland\u0131. Bu sayede oyun oynay\u0131p ayn\u0131 anda yay\u0131n yapman\u0131za yard\u0131mc\u0131 olacak performans\u0131 fazlas\u0131yla sunmakta.Dengesi De\u011fi\u015fti<\/span><\/div>\n<\/div>\n<div class=\"phPart\">\n<div class=\"phLine\"><span class=\"phText\">En zorlu g\u00f6revleriniz i\u00e7in en iyi performans\u0131 sunan AMD Ryzen i\u015flemcileri ke\u015ffedin. Ezber bozan fiyat performans oran\u0131yla AMD Ryzen i\u015flemciler; ayn\u0131 anda bir\u00e7ok uygulama ile birlikte \u00e7al\u0131\u015fan i\u00e7erik \u00fcreticileri, oyuncular ve\u00a0<strong>bilgisayar<\/strong>\u00a0tutkunlar\u0131 i\u00e7in en iyi tercihtir.<\/span><\/p>\n<div class=\"phImage\"><img decoding=\"async\" src=\"https:\/\/www.detayresimler.com\/urun\/1\/1-3200G-TR_8.jpg\" alt=\"AMD Ryzen 3 3200G Fanl\u0131 \u0130\u015flemci\" \/><\/div>\n<\/div>\n<\/div>\n<div class=\"phPart\">\n<div class=\"phLine\">\n<div class=\"phImage\"><img decoding=\"async\" src=\"https:\/\/www.detayresimler.com\/urun\/1\/1-3200G-TR_7.jpg\" alt=\"AMD Ryzen 3 3200G Fanl\u0131 \u0130\u015flemci\" \/><\/div>\n<p><span class=\"phText\">Gelece\u011fe Haz\u0131r PlatformYeni\u00a0AM4\u00a0platformu, bug\u00fcn\u00fcn ve yar\u0131n\u0131n \u00f6nc\u00fc \u00f6zelliklerinden yararlan\u0131yor.<\/span><\/div>\n<\/div>\n<div class=\"phPart\">\n<div class=\"phLine\"><span class=\"phText\">H\u0131z A\u015f\u0131rtma \u0130\u00e7in Kilidi A\u00e7\u0131lm\u0131\u015fHer AMD Ryzen i\u015flemcisinin voltaj ve \u00e7arpan kilidi a\u00e7\u0131kt\u0131r ve\u00a0h\u0131z a\u015f\u0131rtma\u00a0i\u00e7in haz\u0131rd\u0131r.<\/span><\/p>\n<div class=\"phImage\"><img decoding=\"async\" src=\"https:\/\/www.detayresimler.com\/urun\/1\/1-3200G-TR_6.jpg\" alt=\"AMD Ryzen 3 3200G Fanl\u0131 \u0130\u015flemci\" \/><\/div>\n<\/div>\n<\/div>\n<div class=\"phPart\">\n<div class=\"phLine\">\n<div class=\"phImage\"><img decoding=\"async\" src=\"https:\/\/www.detayresimler.com\/urun\/1\/1-3200G-TR_5.jpg\" alt=\"AMD Ryzen 3 3200G Fanl\u0131 \u0130\u015flemci\" \/><\/div>\n<p><span class=\"phText\">Ger\u00e7ek Makine Zekas\u0131AMD\u00a0SenseMI teknolojisi, uygulamalar\u0131n daha ak\u0131c\u0131 olmas\u0131n\u0131 sa\u011flamak i\u00e7in h\u0131zl\u0131 ve otomatik bir \u015fekilde performans\u0131 ak\u0131l\u0131ca y\u00f6netir.<\/span><\/div>\n<\/div>\n<div class=\"phPart\">\n<div class=\"phLine\"><span class=\"phText\">AMD Ryzen 3 Esports ve Gaming \u0130\u015flemciP\u00fcr\u00fczs\u00fcz, Duyarl\u0131 ve Her \u015eeye Haz\u0131r.<\/span><\/div>\n<\/div>\n<div class=\"phPart\">\n<p class=\"phBanner\"><img decoding=\"async\" src=\"https:\/\/www.detayresimler.com\/urun\/1\/1-3200G-TR_4.jpg\" alt=\"AMD Ryzen 3 3200G Fanl\u0131 \u0130\u015flemci\" \/><\/p>\n<\/div>\n<div class=\"phPart\">\n<div class=\"phLine\"><span class=\"phText\">AMD Ryzen 3 \/ Verimlilik \u0130\u00e7in \u0130\u015flemciler\u00c7ok daha pahal\u0131 bir\u00a0<strong>bilgisayar<\/strong>dan bekleyebilece\u011finiz performans.<\/span><\/div>\n<\/div>\n<div class=\"phPart\">\n<p class=\"phBanner\"><img decoding=\"async\" src=\"https:\/\/www.detayresimler.com\/urun\/1\/1-3200G-TR_3.jpg\" alt=\"AMD Ryzen 3 3200G Fanl\u0131 \u0130\u015flemci\" \/><\/p>\n<\/div>\n<div class=\"phPart\">\n<div class=\"phLine\"><span class=\"phText\">AMD VR Haz\u0131r \u0130\u015flemcilerAMD\u00a0VR-Ready\u00a0i\u015flemciler, geli\u015fmi\u015f VR i\u015f y\u00fcklerini i\u015flemek i\u00e7in gereken i\u015flem g\u00fcc\u00fcyle g\u00fcven sa\u011flar.<\/span><\/div>\n<\/div>\n<div class=\"phPart\">\n<p class=\"phBanner\"><img decoding=\"async\" src=\"https:\/\/www.detayresimler.com\/urun\/1\/1-3200G-TR_2.jpg\" alt=\"AMD Ryzen 3 3200G Fanl\u0131 \u0130\u015flemci\" \/><\/p>\n<\/div>\n<div class=\"phPart\">\n<div class=\"phLine\"><span class=\"phText\">Ryzen MasterRyzen\u2122 \u0130\u015flemcinize Ryzen Master Yaz\u0131l\u0131m\u0131yla Tek Bir Noktadan, Kolayca H\u00fckmedin !<\/span><\/div>\n<ul class=\"phList\">\n<li>Hassas Saat H\u0131z\u0131 Kontrol\u00fc<\/li>\n<li>Voltaj Ayar\u0131<\/li>\n<li>Bellek (RAM) H\u0131z Ayar\u0131<\/li>\n<li>Dinamik \u00c7ekirdek A\u00e7ma\/Kapatma<\/li>\n<\/ul>\n<\/div>\n<div class=\"phPart\">\n<p class=\"phBanner\"><img decoding=\"async\" src=\"https:\/\/www.detayresimler.com\/urun\/1\/1-3200G-TR_1.jpg\" alt=\"AMD Ryzen 3 3200G Fanl\u0131 \u0130\u015flemci\" \/><\/p>\n<\/div>\n<div class=\"phPart\">\n<div class=\"phLine\"><span class=\"phText\">AMD Ryzen\u00a0\u0130\u015flemci\u00a0Ailesi \u0130le Uyumlu Yeni Am4 PlatformuYeni nesil DDR4 bellek deste\u011fi, USB 3.1 GEN 2 (10 Gbps) en y\u00fcksek h\u0131za sahip USB deste\u011fi, SATA yan\u0131nda yeni nesil NVMe kat\u0131 bellek disk protokol\u00fc deste\u011fi, PCI Express 3.0 deste\u011fi ile\u00a0AM4\u00a0Platformu gelecek nesil teknolojileri bir arada sunuyor.<\/p>\n<p>\u00dcstelik AMD Crossfire yan\u0131nda NVIDIA SLI \u00e7oklu grafik kart\u0131 deste\u011fi de cabas\u0131 !<\/span><\/div>\n<\/div>\n<div class=\"phPart\">\n<p class=\"phBanner\"><img decoding=\"async\" src=\"https:\/\/www.detayresimler.com\/urun\/1\/1-3200G-TR.jpg\" alt=\"AMD Ryzen 3 3200G Fanl\u0131 \u0130\u015flemci\" \/><\/p>\n<\/div>\n","protected":false},"excerpt":{"rendered":"<p>Yapaca\u011f\u0131n Her \u0130\u015fte En B\u00fcy\u00fck Yard\u0131mc\u0131n\u2022 AMD Ryzen\u2122 i\u015flemciye sahip olmak yapabilece\u011fin en iyi tercihtir. Ryzen, AMD SenseMI teknolojisi sayesinde, performans art\u0131\u015f\u0131 i\u00e7in ger\u00e7ek yapay zekas\u0131 kullan\u0131r. \u2022\u00a0AMD Ryzen i\u015flemciler ba\u015far\u0131s\u0131n\u0131 payla\u015fmak isteyen en h\u0131rsl\u0131 oyuncular i\u00e7in tasarland\u0131. Bu sayede oyun oynay\u0131p ayn\u0131 anda yay\u0131n yapman\u0131za yard\u0131mc\u0131 olacak performans\u0131 fazlas\u0131yla sunmakta.Dengesi De\u011fi\u015fti En zorlu g\u00f6revleriniz &hellip;<\/p>\n<p class=\"read-more\"> <a class=\" thunk-readmore button \" href=\"https:\/\/bilginteknoloji.com\/woo\/urun\/amd-ryzen-3-3200g-4-core-360-4-0ghz-6mb-cache-45-65w-radeon-grafikleri-am4-soket-tray-grafik-kart-var-fan-yok\/\"> <span class=\"screen-reader-text\">AMD RYZEN 3 3200G 4 Core, 3,60-4.0GHz, 6Mb Cache, 45-65W, Radeon Grafikleri, AM4 Soket, TRAY (Grafik Kart VAR, Fan YOK)<\/span>Read More<\/a><\/p>\n","protected":false},"featured_media":584,"template":"","meta":{"om_disable_all_campaigns":false,"_monsterinsights_skip_tracking":false,"_monsterinsights_sitenote_active":false,"_monsterinsights_sitenote_note":"","_monsterinsights_sitenote_category":0},"product_cat":[65],"product_tag":[],"class_list":{"0":"post-583","1":"product","2":"type-product","3":"status-publish","4":"has-post-thumbnail","6":"product_cat-amd-islemciler","7":"thunk-woo-product-list","8":"opn-qv-enable","9":"top-store-woo-hover-zoom","10":"top-store-single-product-tab-horizontal","11":"top-store-shadow-","12":"top-store-shadow-hover-","14":"first","15":"instock","16":"taxable","17":"shipping-taxable","18":"product-type-simple"},"aioseo_notices":[],"_links":{"self":[{"href":"https:\/\/bilginteknoloji.com\/woo\/wp-json\/wp\/v2\/product\/583","targetHints":{"allow":["GET"]}}],"collection":[{"href":"https:\/\/bilginteknoloji.com\/woo\/wp-json\/wp\/v2\/product"}],"about":[{"href":"https:\/\/bilginteknoloji.com\/woo\/wp-json\/wp\/v2\/types\/product"}],"wp:featuredmedia":[{"embeddable":true,"href":"https:\/\/bilginteknoloji.com\/woo\/wp-json\/wp\/v2\/media\/584"}],"wp:attachment":[{"href":"https:\/\/bilginteknoloji.com\/woo\/wp-json\/wp\/v2\/media?parent=583"}],"wp:term":[{"taxonomy":"product_cat","embeddable":true,"href":"https:\/\/bilginteknoloji.com\/woo\/wp-json\/wp\/v2\/product_cat?post=583"},{"taxonomy":"product_tag","embeddable":true,"href":"https:\/\/bilginteknoloji.com\/woo\/wp-json\/wp\/v2\/product_tag?post=583"}],"curies":[{"name":"wp","href":"https:\/\/api.w.org\/{rel}","templated":true}]}}