{"id":581,"date":"2024-08-13T15:17:03","date_gmt":"2024-08-13T12:17:03","guid":{"rendered":"https:\/\/bilginteknoloji.com\/woo\/?post_type=product&#038;p=581"},"modified":"2024-08-13T15:17:03","modified_gmt":"2024-08-13T12:17:03","slug":"amd-ryzen-7-5700x-8-core-340-4-60ghz-36mb-cache-65w-am4-soket-box-kutulu-grafik-kart-yok-fan-yok","status":"publish","type":"product","link":"https:\/\/bilginteknoloji.com\/woo\/urun\/amd-ryzen-7-5700x-8-core-340-4-60ghz-36mb-cache-65w-am4-soket-box-kutulu-grafik-kart-yok-fan-yok\/","title":{"rendered":"AMD RYZEN 7 5700X 8 Core, 3,40-4.60GHz, 36Mb Cache, 65W, AM4 Soket, BOX (Kutulu) (Grafik Kart YOK, Fan YOK)"},"content":{"rendered":"<div class=\"phPart\">\n<p class=\"phHeader\">AMD Ryzen 7 5700X 3.40GHz 8 \u00c7ekirdek 36MB \u00d6nbellek Soket AM4 \u0130\u015flemci Genel \u00d6zellikler<\/p>\n<\/div>\n<div class=\"phPart\">\n<p class=\"phBanner\"><img decoding=\"async\" src=\"https:\/\/www.detayresimler.com\/urun\/R\/RYZ5700X.jpg\" alt=\"\" \/><\/p>\n<\/div>\n<div class=\"phPart\"><span class=\"phSpecHeader\">Teknik \u00d6zellikler<\/span><\/p>\n<div class=\"phSpec\">\n<div>MarkaAMD<\/div>\n<div>ModelAMD Ryzen 7 5700X<\/div>\n<div>\u0130\u015flemci AilesiAMD Ryzen \u0130\u015flemciler<\/div>\n<div>\u0130\u015flemci Hatt\u0131AMD Ryzen 7 Masa\u00fcst\u00fc \u0130\u015flemciler<\/div>\n<div>\u00c7ekirdek Say\u0131s\u01318<\/div>\n<div>\u0130\u015f Par\u00e7ac\u0131\u011f\u0131 Say\u0131s\u013116<\/div>\n<div>Temel Frekans H\u0131z\u01313.40 GHz<\/div>\n<div>Turbo Frekans H\u0131z\u01314.60 GHz<\/div>\n<div>Toplam L1 \u00d6nbellek512KB<\/div>\n<div>Toplam L2 \u00d6nbellek4MB<\/div>\n<div>Toplam L3 \u00d6nbellek32MB<\/div>\n<div>\u00c7arpan KilidiA\u00e7\u0131k<\/div>\n<div>CMOSTSMC 7nm FinFET<\/div>\n<div>SoketAM4<\/div>\n<div><a href=\"https:\/\/www.incehesap.com\/pc-toplama-sihirbazi\/\" rel=\"nofollow\">PC<\/a>I Express Versiyon<a href=\"https:\/\/www.incehesap.com\/pc-toplama-sihirbazi\/\" rel=\"nofollow\">PC<\/a>Ie 4.0<\/div>\n<div>TDP (Varsay\u0131lan)65W<\/div>\n<div>Maks. S\u0131cakl\u0131k (Tjmax)90\u00b0<\/div>\n<div>\u0130\u015fletim Sistemi Deste\u011fiWindows 11 &#8211; 64-Bit Edition, Windows 10 &#8211; 64-Bit Edition, RHEL x86 64-Bit, Ubuntu x86 64-Bit<\/div>\n<\/div>\n<\/div>\n<div class=\"phPart\"><span class=\"phSpecHeader\">Sistem Belle\u011fi<\/span><\/p>\n<div class=\"phSpec\">\n<div>Bellek Frekans\u01313200MHz<\/div>\n<div>Bellek TipiDDR4<\/div>\n<div>Bellek Kanal\u01312<\/div>\n<div>Maks. Bellek H\u0131z\u01312x1R: DDR4-3200 \/ 2x2R: DDR4-3200 \/ 4x1R: DDR4-2933 \/ 4x2R: DDR4-2667<\/div>\n<\/div>\n<\/div>\n<div class=\"phPart\"><span class=\"phSpecHeader\">Di\u011fer \u00d6zellikler<\/span><\/p>\n<div class=\"phSpec\">\n<div>Desteklenen TeknolojilerAMD StoreMI Teknolojisi, AMD &#8220;Zen 3&#8221; \u00c7ekirdek Mimarisi, AMD Ryzen VR-Ready Premium<\/div>\n<\/div>\n<\/div>\n","protected":false},"excerpt":{"rendered":"<p>AMD Ryzen 7 5700X 3.40GHz 8 \u00c7ekirdek 36MB \u00d6nbellek Soket AM4 \u0130\u015flemci Genel \u00d6zellikler Teknik \u00d6zellikler MarkaAMD ModelAMD Ryzen 7 5700X \u0130\u015flemci AilesiAMD Ryzen \u0130\u015flemciler \u0130\u015flemci Hatt\u0131AMD Ryzen 7 Masa\u00fcst\u00fc \u0130\u015flemciler \u00c7ekirdek Say\u0131s\u01318 \u0130\u015f Par\u00e7ac\u0131\u011f\u0131 Say\u0131s\u013116 Temel Frekans H\u0131z\u01313.40 GHz Turbo Frekans H\u0131z\u01314.60 GHz Toplam L1 \u00d6nbellek512KB Toplam L2 \u00d6nbellek4MB Toplam L3 \u00d6nbellek32MB \u00c7arpan KilidiA\u00e7\u0131k &hellip;<\/p>\n<p class=\"read-more\"> <a class=\" thunk-readmore button \" href=\"https:\/\/bilginteknoloji.com\/woo\/urun\/amd-ryzen-7-5700x-8-core-340-4-60ghz-36mb-cache-65w-am4-soket-box-kutulu-grafik-kart-yok-fan-yok\/\"> <span class=\"screen-reader-text\">AMD RYZEN 7 5700X 8 Core, 3,40-4.60GHz, 36Mb Cache, 65W, AM4 Soket, BOX (Kutulu) (Grafik Kart YOK, Fan YOK)<\/span>Read More<\/a><\/p>\n","protected":false},"featured_media":582,"template":"","meta":{"om_disable_all_campaigns":false,"_monsterinsights_skip_tracking":false,"_monsterinsights_sitenote_active":false,"_monsterinsights_sitenote_note":"","_monsterinsights_sitenote_category":0},"product_cat":[65],"product_tag":[],"class_list":{"0":"post-581","1":"product","2":"type-product","3":"status-publish","4":"has-post-thumbnail","6":"product_cat-amd-islemciler","7":"thunk-woo-product-list","8":"opn-qv-enable","9":"top-store-woo-hover-zoom","10":"top-store-single-product-tab-horizontal","11":"top-store-shadow-","12":"top-store-shadow-hover-","14":"first","15":"instock","16":"taxable","17":"shipping-taxable","18":"product-type-simple"},"aioseo_notices":[],"_links":{"self":[{"href":"https:\/\/bilginteknoloji.com\/woo\/wp-json\/wp\/v2\/product\/581","targetHints":{"allow":["GET"]}}],"collection":[{"href":"https:\/\/bilginteknoloji.com\/woo\/wp-json\/wp\/v2\/product"}],"about":[{"href":"https:\/\/bilginteknoloji.com\/woo\/wp-json\/wp\/v2\/types\/product"}],"wp:featuredmedia":[{"embeddable":true,"href":"https:\/\/bilginteknoloji.com\/woo\/wp-json\/wp\/v2\/media\/582"}],"wp:attachment":[{"href":"https:\/\/bilginteknoloji.com\/woo\/wp-json\/wp\/v2\/media?parent=581"}],"wp:term":[{"taxonomy":"product_cat","embeddable":true,"href":"https:\/\/bilginteknoloji.com\/woo\/wp-json\/wp\/v2\/product_cat?post=581"},{"taxonomy":"product_tag","embeddable":true,"href":"https:\/\/bilginteknoloji.com\/woo\/wp-json\/wp\/v2\/product_tag?post=581"}],"curies":[{"name":"wp","href":"https:\/\/api.w.org\/{rel}","templated":true}]}}