{"id":575,"date":"2024-08-13T15:09:37","date_gmt":"2024-08-13T12:09:37","guid":{"rendered":"https:\/\/bilginteknoloji.com\/woo\/?post_type=product&#038;p=575"},"modified":"2024-08-13T15:09:38","modified_gmt":"2024-08-13T12:09:38","slug":"amd-ryzen-5-7600x-6-core-470-5-30ghz-38mb-cache-105w-am5-soket-tray-kutusuz-grafik-kart-var-fan-yok","status":"publish","type":"product","link":"https:\/\/bilginteknoloji.com\/woo\/urun\/amd-ryzen-5-7600x-6-core-470-5-30ghz-38mb-cache-105w-am5-soket-tray-kutusuz-grafik-kart-var-fan-yok\/","title":{"rendered":"AMD RYZEN 5 7600X 6 Core, 4,70-5.30GHz, 38Mb Cache, 105W, AM5 Soket, TRAY (Kutusuz), (Grafik Kart VAR, Fan YOK)"},"content":{"rendered":"<div class=\"phPart\">\n<p class=\"phHeader\">AMD Ryzen 5 7600X 4.70GHz 6 \u00c7ekirdek 38MB \u00d6nbellek Soket AM5 Tray\u00a0<strong>\u0130\u015flemci<\/strong>\u00a0Genel \u00d6zellikler<\/p>\n<\/div>\n<div class=\"phPart\">\n<p class=\"phBanner\"><img decoding=\"async\" src=\"https:\/\/www.detayresimler.com\/urun\/1\/1-7600X-T_14.jpg\" alt=\"AMD Ryzen 5 7600X Tray \u0130\u015flemci\" \/><\/p>\n<\/div>\n<div class=\"phPart\">\n<div class=\"phLine\"><span class=\"phText\">AMD Ryzen 5 7600X\u00a0<\/span><\/div>\n<ul class=\"phList\">\n<li>\u201cZen 4\u201d mimarisi<\/li>\n<li>TSMC 5nm \u00fcretim teknolojisi<\/li>\n<li>6 \u00e7ekirdek<\/li>\n<li>12 i\u015f par\u00e7ac\u0131\u011f\u0131<\/li>\n<li>5.3 GHz\u2019e kadar frekans h\u0131z\u0131<\/li>\n<li>38 MB \u00f6nbellek (L2+L3 Cache)<\/li>\n<li>105W TDP<\/li>\n<\/ul>\n<\/div>\n<div class=\"phPart\">\n<p class=\"phBanner\"><img decoding=\"async\" src=\"https:\/\/www.detayresimler.com\/urun\/1\/1-7600X-T_13.jpg\" alt=\"AMD Ryzen 5 7600X Tray \u0130\u015flemci\" \/><\/p>\n<\/div>\n<div class=\"phPart\">\n<div class=\"phLine\"><span class=\"phText\">Oyuncular ve \u0130\u00e7erik Olu\u015fturucular \u0130\u00e7in En \u0130yisiEn zorlu oyuncular ve i\u00e7erik olu\u015fturucular i\u00e7in geli\u015ftirilmi\u015f AMD Ryzen 7000 serisi g\u00fc\u00e7l\u00fc i\u015flemcilerle rekabet avantaj\u0131 elde edin.<\/span><\/div>\n<\/div>\n<div class=\"phPart\">\n<p class=\"phBanner\"><img decoding=\"async\" src=\"https:\/\/www.detayresimler.com\/urun\/1\/1-7600X-T_12.jpg\" alt=\"AMD Ryzen 5 7600X Tray \u0130\u015flemci\" \/><\/p>\n<\/div>\n<div class=\"phPart\">\n<div class=\"phLine\"><span class=\"phText\">Her \u015eeyi De\u011fi\u015ftirecek G\u00fc\u00e7Oyuncular ve i\u00e7erik olu\u015fturucular i\u00e7in en geli\u015fmi\u015f PC i\u015flemcisi AMD Ryzen 7000 serisi ile tan\u0131\u015f\u0131n.<\/span><\/div>\n<\/div>\n<div class=\"phPart\">\n<p class=\"phBanner\"><img decoding=\"async\" src=\"https:\/\/www.detayresimler.com\/urun\/1\/1-7600X-T_10.jpg\" alt=\"AMD Ryzen 5 7600X Tray \u0130\u015flemci\" \/><\/p>\n<\/div>\n<div class=\"phPart\">\n<div class=\"phLine\"><span class=\"phText\">AMD Ryzen 7000 SerisiYeni performans \u00e7a\u011f\u0131na ho\u015f geldiniz. Dijital oyun alan\u0131nda herhangi bir oyun veya i\u015f ak\u0131\u015f\u0131n\u0131n \u00fcstesinden gelmek i\u00e7in saf g\u00fc\u00e7le donat\u0131lm\u0131\u015f olan AMD Ryzen 7000 serisi, oyuncular ve i\u00e7erik olu\u015fturucular\u0131 \u201cZen 4\u201d\u00fcn muhte\u015fem h\u0131z\u0131na ula\u015ft\u0131r\u0131r. Oyuncular ve i\u00e7erik olu\u015fturucular i\u00e7in olu\u015fturulmu\u015f d\u00fcnyan\u0131n en geli\u015fmi\u015f bilgisayar i\u015flemcisi olan ve AMD\u2019nin performans liderli\u011fini sa\u011flamla\u015ft\u0131ran Ryzen 7000 serisi,\u00a0<strong>bilgisayar<\/strong>\u0131n\u0131z\u0131n muazzam bir g\u00fcce ula\u015fmas\u0131n\u0131 sa\u011flar.<\/span><\/div>\n<\/div>\n<div class=\"phPart\">\n<p class=\"phBanner\"><img decoding=\"async\" src=\"https:\/\/www.detayresimler.com\/urun\/1\/1-7600X-T_11.jpg\" alt=\"AMD Ryzen 5 7600X Tray \u0130\u015flemci\" \/><\/p>\n<\/div>\n<div class=\"phPart\">\n<div class=\"phLine\"><span class=\"phText\">Oyunun Kurallar\u0131n\u0131 De\u011fi\u015ftirinPCniz oyuncular i\u00e7in d\u00fcnyan\u0131n en geli\u015fmi\u015f masa\u00fcst\u00fc i\u015flemcisine sahip oldu\u011funda, ger\u00e7ekten \u00f6nemli olan \u015feye odaklanabilirsiniz: dijital sava\u015f alan\u0131nda galip gelmek. \u0130ster en yeni oyunlar\u0131 oynuyor olun ister bir klasi\u011fi yeniden ziyaret ediyor olun, AMD Ryzen 7000 Serisi i\u015flemciler, y\u00fcksek performansl\u0131 &#8220;Zen 4&#8221; \u00e7ekirdeklerine sahip bir oyun g\u00fcc\u00fc merkezidir. 16 adede kadar \u00e7ekirdek, 32 adede kadar i\u015f par\u00e7ac\u0131\u011f\u0131, 5.7GHze kadar ola\u011fan\u00fcst\u00fc h\u0131z ve 80MBa kadar \u00f6nbellek ile AMD Ryzen 7000 Serisi i\u015flemciler oyunun kurallar\u0131n\u0131 de\u011fi\u015ftiren bir performans sunar.<\/span><\/div>\n<\/div>\n<div class=\"phPart\">\n<p class=\"phBanner\"><img decoding=\"async\" src=\"https:\/\/www.detayresimler.com\/urun\/1\/1-7600X-T_9.jpg\" alt=\"AMD Ryzen 5 7600X Tray \u0130\u015flemci\" \/><\/p>\n<\/div>\n<div class=\"phPart\">\n<div class=\"phLine\"><span class=\"phText\">En Yeni TeknolojilerZaman\u0131 yenmek i\u00e7in \u00fcretilmi\u015f olan AMD Ryzen 7000 serisi i\u015flemcilerin sundu\u011fu, PCIe 5.0 depolama deste\u011fi, ultra h\u0131zl\u0131 WiFi 6E, AMD EXPO teknolojisi, 32 adede kadar i\u015f par\u00e7ac\u0131\u011f\u0131 ve \u00f6zel video h\u0131zland\u0131r\u0131c\u0131lar gibi zaman kazand\u0131ran ba\u011flant\u0131 \u00f6zellikleri sayesinde oyun ve i\u015f deneyiminizi y\u00fckseltin. Sizi destekleyecek ve oyunda tutacak en g\u00fcncel teknolojilerle donat\u0131lm\u0131\u015f olan AMD Ryzen i\u015flemcilerle, i\u015flem g\u00fcc\u00fcn\u00fcz\u00fc bir \u00fcst seviyeye \u00e7\u0131kar\u0131n.<\/span><\/div>\n<\/div>\n<div class=\"phPart\">\n<p class=\"phBanner\"><img decoding=\"async\" src=\"https:\/\/www.detayresimler.com\/urun\/1\/1-7600X-T_8.jpg\" alt=\"AMD Ryzen 5 7600X Tray \u0130\u015flemci\" \/><\/p>\n<\/div>\n<div class=\"phPart\">\n<div class=\"phLine\"><span class=\"phText\">AMD EXPO Teknolojisi ile Kolay H\u0131z A\u015f\u0131rtmaAMD EXPO teknolojisi ile oyun deneyiminizi h\u0131zland\u0131r\u0131n. Her t\u00fcr bellek i\u00e7in kullan\u0131c\u0131 dostu h\u0131z a\u015f\u0131rtma deste\u011fi sa\u011flamak \u00fczere geli\u015ftirilmi\u015f olan AMD EXPO teknolojisi, sisteminizde h\u0131zland\u0131r\u0131lm\u0131\u015f bir belle\u011fe ve g\u00fcce ula\u015fman\u0131z i\u00e7in son derece kolay bir yol sunar.<\/span><\/div>\n<\/div>\n<div class=\"phPart\">\n<p class=\"phBanner\"><img decoding=\"async\" src=\"https:\/\/www.detayresimler.com\/urun\/1\/1-7600X-T_7.jpg\" alt=\"AMD Ryzen 5 7600X Tray \u0130\u015flemci\" \/><\/p>\n<\/div>\n<div class=\"phPart\">\n<div class=\"phLine\"><span class=\"phText\">Geli\u015fmi\u015f Bellek Performans\u0131 (DDR5)AMD EXPO teknolojisi ile oyun deneyiminizi h\u0131zland\u0131r\u0131n. Y\u00fcksek bellek frekanslar\u0131 ve agresif ayarlar, en sevdi\u011finiz oyunlarda daha y\u00fcksek ve daha ak\u0131c\u0131 kare h\u0131zlar\u0131n\u0131n kilidini a\u00e7abilir.<\/span><\/div>\n<\/div>\n<div class=\"phPart\">\n<p class=\"phBanner\"><img decoding=\"async\" src=\"https:\/\/www.detayresimler.com\/urun\/1\/1-7600X-T_6.jpg\" alt=\"AMD Ryzen 5 7600X Tray \u0130\u015flemci\" \/><\/p>\n<\/div>\n<div class=\"phPart\">\n<div class=\"phLine\"><span class=\"phText\">Kolay H\u0131z A\u015f\u0131rtmaH\u0131z a\u015f\u0131rtma ile oyuna daha h\u0131zl\u0131 girin. AMD EXPO teknolojisi, kullan\u0131c\u0131lara sistemlerinde h\u0131zland\u0131r\u0131lm\u0131\u015f bellek elde etmek i\u00e7in h\u0131zland\u0131r\u0131lm\u0131\u015f g\u00fcce giden kolay bir yol sa\u011flar.<\/span><\/div>\n<\/div>\n<div class=\"phPart\">\n<p class=\"phBanner\"><img decoding=\"async\" src=\"https:\/\/www.detayresimler.com\/urun\/1\/1-7600X-T_5.jpg\" alt=\"AMD Ryzen 5 7600X Tray \u0130\u015flemci\" \/><\/p>\n<\/div>\n<div class=\"phPart\">\n<div class=\"phLine\"><span class=\"phText\">Sat\u0131n Almadan \u00d6nce BilinAMD EXPO teknolojisi, bellek profillerine \u015feffaf ve kullan\u0131c\u0131 dostu bir yakla\u015f\u0131md\u0131r. Zengin bellek testi belgelerimiz, donan\u0131m uyumlulu\u011funu, ayr\u0131nt\u0131l\u0131 ayarlar\u0131 ve eksiksiz bellek \u00f6zelliklerini do\u011frulayabilmenizi sa\u011flayarak do\u011fru RAMi bulman\u0131z\u0131 kolayla\u015ft\u0131r\u0131r.<\/span><\/div>\n<\/div>\n<div class=\"phPart\">\n<p class=\"phBanner\"><img decoding=\"async\" src=\"https:\/\/www.detayresimler.com\/urun\/1\/1-7600X-T_4.jpg\" alt=\"AMD Ryzen 5 7600X Tray \u0130\u015flemci\" \/><\/p>\n<\/div>\n<div class=\"phPart\">\n<div class=\"phLine\"><span class=\"phText\">Precision Boost 2\u0130htiyac\u0131n\u0131z oldu\u011funda performans\u0131 art\u0131r\u0131n<br \/>\nPrecision Boost 2, en \u00e7ok ihtiya\u00e7 duydu\u011funuz anda s\u00fcper \u015farjl\u0131 performans i\u00e7in i\u015flemci frekanslar\u0131n\u0131 otomatik olarak y\u00fckseltir.<\/span><\/div>\n<\/div>\n<div class=\"phPart\">\n<p class=\"phBanner\"><img decoding=\"async\" src=\"https:\/\/www.detayresimler.com\/urun\/1\/1-7600X-T_3.jpg\" alt=\"AMD Ryzen 5 7600X Tray \u0130\u015flemci\" \/><\/p>\n<\/div>\n<div class=\"phPart\">\n<div class=\"phLine\"><span class=\"phText\">Precision Boost Overdrive 2Precision Boost Overdrive 2, saat h\u0131zlar\u0131n\u0131 daha da art\u0131rmak i\u00e7in\u00a0<strong>anakart<\/strong>\u0131n\u0131z\u0131n sa\u011flam tasar\u0131m\u0131n\u0131 kullan\u0131r ve bir d\u00fc\u011fmeye dokunarak h\u0131z a\u015f\u0131rtman\u0131za olanak tan\u0131r.<\/span><\/div>\n<\/div>\n<div class=\"phPart\">\n<p class=\"phBanner\"><img decoding=\"async\" src=\"https:\/\/www.detayresimler.com\/urun\/1\/1-7600X-T_2.jpg\" alt=\"AMD Ryzen 5 7600X Tray \u0130\u015flemci\" \/><\/p>\n<\/div>\n<div class=\"phPart\">\n<div class=\"phLine\"><span class=\"phText\">AMD Ryzen Master Uygulamas\u0131\u0130\u015flemcinize tam anlam\u0131yla h\u00fckmetmenize yarayan bir uygulama. AMD Ryzen Master uygulamas\u0131yla hassas bir \u015fekilde i\u015flemcinizin \u00e7al\u0131\u015fma frekans ayar\u0131n\u0131, i\u015flemcinizin \u00e7al\u0131\u015fma voltaj\u0131 ayar\u0131n\u0131, sisteminizdeki belleklerin h\u0131z ayarlar\u0131n\u0131, dinamik \u00e7ekirdekleri a\u00e7ma\/kapama ayarlar\u0131n\u0131 kolayca yapabilirsiniz.<\/span><\/div>\n<\/div>\n<div class=\"phPart\">\n<p class=\"phBanner\"><img decoding=\"async\" src=\"https:\/\/www.detayresimler.com\/urun\/1\/1-7600X-T_1.jpg\" alt=\"AMD Ryzen 5 7600X Tray \u0130\u015flemci\" \/><\/p>\n<\/div>\n<div class=\"phPart\">\n<div class=\"phLine\"><span class=\"phText\">Ryzen \u0130\u015flemcilerin Gelece\u011fiAMD Soket AM5\u00a0<strong>anakart<\/strong>larla h\u0131zl\u0131 \u201cZen 4\u201d performans\u0131na ula\u015f\u0131n. Y\u00fcksek h\u0131zl\u0131 DDR5 bellek, PCIe 5.0 deste\u011fi, AMD EXPO tek dokunu\u015fla bellek h\u0131z a\u015f\u0131rtmas\u0131 ve hiper verimli 5nm \u00fcretim teknolojisi gibi en g\u00fcncel teknolojilerle donat\u0131lm\u0131\u015f olan yepyeni AMD Ryzen 7000 serisi i\u015flemciler, \u00fcst seviye bir\u00a0<strong>bilgisayar<\/strong>a ula\u015fmak i\u00e7in gereken t\u00fcm g\u00fcc\u00fc sa\u011flar. Bug\u00fcn ve yar\u0131n sevdi\u011finiz oyunlara h\u00fckmetmek i\u00e7in donan\u0131m\u0131n\u0131z\u0131n kalbine AMD Ryzen i\u015flemcilerle g\u00fc\u00e7lendirdi\u011finiz bir AMD Soket AM5\u00a0<strong>anakart<\/strong>\u00a0yerle\u015ftirmeniz yeterli.<\/span><\/div>\n<\/div>\n<div class=\"phPart\">\n<p class=\"phBanner\"><img decoding=\"async\" src=\"https:\/\/www.detayresimler.com\/urun\/1\/1-7600X-T.jpg\" alt=\"AMD Ryzen 5 7600X Tray \u0130\u015flemci\" \/><\/p>\n<\/div>\n<div class=\"phPart\"><span class=\"phSpecHeader\">Teknik \u00d6zellikler<\/span><\/p>\n<div class=\"phSpec\">\n<div>MarkaAMD<\/div>\n<div>ModelAMD Ryzen 5 7600X<\/div>\n<div>\u0130\u015flemci\u00a0AilesiAMD Ryzen \u0130\u015flemciler<\/div>\n<div>\u0130\u015flemci\u00a0Hatt\u0131AMD Ryzen 5 Masa\u00fcst\u00fc \u0130\u015flemciler<\/div>\n<div>MimariZen 4<\/div>\n<div>\u00c7ekirdek Say\u0131s\u01316<\/div>\n<div>\u0130\u015f Par\u00e7ac\u0131\u011f\u0131 Say\u0131s\u013112<\/div>\n<div>Temel Frekans H\u0131z\u01314.70 GHz<\/div>\n<div>Turbo Frekans H\u0131z\u01315.30 GHz<\/div>\n<div>Toplam L1 \u00d6nbellek384KB<\/div>\n<div>Toplam L2 \u00d6nbellek6MB<\/div>\n<div>Toplam L3 \u00d6nbellek32MB<\/div>\n<div>\u00c7arpan KilidiA\u00e7\u0131k<\/div>\n<div>\u00dcretim TeknolojisiTSMC 5nm FinFET<\/div>\n<div>SoketAM5<\/div>\n<div>PCI Express VersiyonPCIe 5.0<\/div>\n<div>TDP105W<\/div>\n<div>Maks. S\u0131cakl\u0131k95\u00b0<\/div>\n<div>\u0130\u015fletim Sistemi\u00a0Deste\u011fiWindows 11 &#8211; 64-Bit Edition, Windows 10 &#8211; 64-Bit Edition, RHEL x86 64-Bit, Ubuntu x86 64-Bit<\/div>\n<\/div>\n<\/div>\n<div class=\"phPart\"><span class=\"phSpecHeader\">Sistem Belle\u011fi<\/span><\/p>\n<div class=\"phSpec\">\n<div>Bellek Kanal\u01312<\/div>\n<div>Maks. Bellek128GB<\/div>\n<div>Bellek Frekans\u01311x1R: 5200 MT\/s<\/div>\n<div>Bellek TipiDDR5<\/div>\n<\/div>\n<\/div>\n<div class=\"phPart\"><span class=\"phSpecHeader\">Grafik \u00d6zellikleri<\/span><\/p>\n<div class=\"phSpec\">\n<div>ModelAMD Radeon Graphics<\/div>\n<div>\u00c7ekirdek Say\u0131s\u01312<\/div>\n<div>Frekans2200 MHz<\/div>\n<div>GPU Taban400 MHz<\/div>\n<\/div>\n<\/div>\n<div class=\"phPart\"><span class=\"phSpecHeader\">Di\u011fer \u00d6zellikleri<\/span><\/p>\n<div class=\"phSpec\">\n<div>Desteklenen TeknolojilerAMD EXPO ve AMD Ryzan Teknolojileri<\/div>\n<\/div>\n<\/div>\n","protected":false},"excerpt":{"rendered":"<p>AMD Ryzen 5 7600X 4.70GHz 6 \u00c7ekirdek 38MB \u00d6nbellek Soket AM5 Tray\u00a0\u0130\u015flemci\u00a0Genel \u00d6zellikler AMD Ryzen 5 7600X\u00a0 \u201cZen 4\u201d mimarisi TSMC 5nm \u00fcretim teknolojisi 6 \u00e7ekirdek 12 i\u015f par\u00e7ac\u0131\u011f\u0131 5.3 GHz\u2019e kadar frekans h\u0131z\u0131 38 MB \u00f6nbellek (L2+L3 Cache) 105W TDP Oyuncular ve \u0130\u00e7erik Olu\u015fturucular \u0130\u00e7in En \u0130yisiEn zorlu oyuncular ve i\u00e7erik olu\u015fturucular i\u00e7in geli\u015ftirilmi\u015f &hellip;<\/p>\n<p class=\"read-more\"> <a class=\" thunk-readmore button \" href=\"https:\/\/bilginteknoloji.com\/woo\/urun\/amd-ryzen-5-7600x-6-core-470-5-30ghz-38mb-cache-105w-am5-soket-tray-kutusuz-grafik-kart-var-fan-yok\/\"> <span class=\"screen-reader-text\">AMD RYZEN 5 7600X 6 Core, 4,70-5.30GHz, 38Mb Cache, 105W, AM5 Soket, TRAY (Kutusuz), (Grafik Kart VAR, Fan YOK)<\/span>Read More<\/a><\/p>\n","protected":false},"featured_media":576,"template":"","meta":{"om_disable_all_campaigns":false,"_monsterinsights_skip_tracking":false,"_monsterinsights_sitenote_active":false,"_monsterinsights_sitenote_note":"","_monsterinsights_sitenote_category":0},"product_cat":[65],"product_tag":[],"class_list":{"0":"post-575","1":"product","2":"type-product","3":"status-publish","4":"has-post-thumbnail","6":"product_cat-amd-islemciler","7":"thunk-woo-product-list","8":"opn-qv-enable","9":"top-store-woo-hover-zoom","10":"top-store-single-product-tab-horizontal","11":"top-store-shadow-","12":"top-store-shadow-hover-","14":"first","15":"instock","16":"taxable","17":"shipping-taxable","18":"product-type-simple"},"aioseo_notices":[],"_links":{"self":[{"href":"https:\/\/bilginteknoloji.com\/woo\/wp-json\/wp\/v2\/product\/575","targetHints":{"allow":["GET"]}}],"collection":[{"href":"https:\/\/bilginteknoloji.com\/woo\/wp-json\/wp\/v2\/product"}],"about":[{"href":"https:\/\/bilginteknoloji.com\/woo\/wp-json\/wp\/v2\/types\/product"}],"wp:featuredmedia":[{"embeddable":true,"href":"https:\/\/bilginteknoloji.com\/woo\/wp-json\/wp\/v2\/media\/576"}],"wp:attachment":[{"href":"https:\/\/bilginteknoloji.com\/woo\/wp-json\/wp\/v2\/media?parent=575"}],"wp:term":[{"taxonomy":"product_cat","embeddable":true,"href":"https:\/\/bilginteknoloji.com\/woo\/wp-json\/wp\/v2\/product_cat?post=575"},{"taxonomy":"product_tag","embeddable":true,"href":"https:\/\/bilginteknoloji.com\/woo\/wp-json\/wp\/v2\/product_tag?post=575"}],"curies":[{"name":"wp","href":"https:\/\/api.w.org\/{rel}","templated":true}]}}