{"id":569,"date":"2024-08-13T14:55:48","date_gmt":"2024-08-13T11:55:48","guid":{"rendered":"https:\/\/bilginteknoloji.com\/woo\/?post_type=product&#038;p=569"},"modified":"2024-08-13T14:55:48","modified_gmt":"2024-08-13T11:55:48","slug":"amd-ryzen-7-3700x-8-core-360-4-40ghz-36mb-cache-65w-am4-mpk-kutusuz-grafik-kart-yok-fan-var","status":"publish","type":"product","link":"https:\/\/bilginteknoloji.com\/woo\/urun\/amd-ryzen-7-3700x-8-core-360-4-40ghz-36mb-cache-65w-am4-mpk-kutusuz-grafik-kart-yok-fan-var\/","title":{"rendered":"AMD RYZEN 7 3700X 8 Core, 3,60-4.40GHz 36Mb Cache, 65W, AM4, MPK (Kutusuz) (Grafik Kart YOK, Fan VAR)"},"content":{"rendered":"<div class=\"phPart\">\n<p class=\"phHeader\">AMD RYZEN 7 3700X 3.60GHZ 36MB AM4 MPK\u00a0<a class=\"font-semibold\" href=\"https:\/\/www.incehesap.com\/islemci-fiyatlari\/\">\u0130\u015flemci\u00a0<\/a>Genel Bak\u0131\u015f<\/p>\n<\/div>\n<div class=\"phPart\">\n<p class=\"phBanner\"><img decoding=\"async\" src=\"https:\/\/www.detayresimler.com\/urun\/1\/1-3700X-MPK_8.jpg\" alt=\"AMD RYZEN 7 3700X 3.60GHZ 36MB AM4 MPK \u0130\u015flemci \" \/><\/p>\n<\/div>\n<div class=\"phPart\">\n<div class=\"phLine\"><span class=\"phText\">Masa\u00fcst\u00fc \u0130\u015flem G\u00fcc\u00fcn\u00fcn Doru\u011fuEn y\u00fcksek\u00a08 \u00e7ekirdekli i\u015flemci saat h\u0131zlar\u0131 ve\u00a016 i\u015f par\u00e7ac\u0131\u011f\u0131\u00a0bar\u0131nd\u0131ran ger\u00e7ek makine zekas\u0131, hepsi\u00a0am4\u00a0platformu \u00fczerinde.<\/span><\/div>\n<\/div>\n<div class=\"phPart\">\n<p class=\"phBanner\"><img decoding=\"async\" src=\"https:\/\/www.detayresimler.com\/urun\/1\/1-3700X-MPK_7.jpg\" alt=\"AMD RYZEN 7 3700X 3.60GHZ 36MB AM4 MPK \u0130\u015flemci \" \/><\/p>\n<\/div>\n<div class=\"phPart\">\n<div class=\"phLine\"><span class=\"phText\">Precision Boost 2 \/ \u0130htiyac\u0131n\u0131z Oldu\u011funda Performans\u0131 Art\u0131r\u0131nPrecision Boost 2, en \u00e7ok ihtiyac\u0131n\u0131z oldu\u011funda s\u00fcper performans i\u00e7in i\u015flemci frekanslar\u0131n\u0131 otomatik olarak y\u00fckseltir. Sadece bir i\u015flemciden \u00e7ok daha \u00f6tesini sunan\u00a0AMD Ryzen\u2122 s\u0131n\u0131rlar\u0131 zorlayan performans\u0131yla size t\u00fcm kap\u0131lar\u0131 a\u00e7acak.<\/span><\/div>\n<\/div>\n<div class=\"phPart\">\n<p class=\"phBanner\"><img decoding=\"async\" src=\"https:\/\/www.detayresimler.com\/urun\/1\/1-3700X-MPK_6.jpg\" alt=\"AMD RYZEN 7 3700X 3.60GHZ 36MB AM4 MPK \u0130\u015flemci \" \/><\/p>\n<\/div>\n<div class=\"phPart\">\n<div class=\"phLine\"><span class=\"phText\">Tek T\u0131kla OverclockOyunlara ve y\u00fcksek performansa duydu\u011fumuz tutku, s\u0131n\u0131rlar\u0131 sonuna kadar zorlamam\u0131z\u0131 sa\u011flad\u0131. Kusursuz performans\u0131yla\u00a0Ryzen 7, i\u015flemci d\u00fcnyas\u0131nda yeni bir d\u00f6nemi ba\u015flat\u0131yor. Saat h\u0131zlar\u0131n\u0131 daha y\u00fcksek ve daha uzun s\u00fcre art\u0131rmak i\u00e7in\u00a0<a class=\"font-semibold\" href=\"https:\/\/www.incehesap.com\/anakart-fiyatlari\/\">anakart<\/a>\u0131n\u0131z\u0131n sa\u011flam tasar\u0131m\u0131n\u0131 kullan\u0131r ve bir d\u00fc\u011fmeye dokunarak h\u0131z a\u015f\u0131rtman\u0131za olanak tan\u0131r .<\/span><\/div>\n<\/div>\n<div class=\"phPart\">\n<p class=\"phBanner\"><img decoding=\"async\" src=\"https:\/\/www.detayresimler.com\/urun\/1\/1-3700X-MPK_5.jpg\" alt=\"AMD RYZEN 7 3700X 3.60GHZ 36MB AM4 MPK \u0130\u015flemci \" \/><\/p>\n<\/div>\n<div class=\"phPart\">\n<div class=\"phLine\"><span class=\"phText\">AMD Ryzen Master UtilityAMD Ryzen \u2122 i\u015flemciler i\u00e7in Basit ve G\u00fc\u00e7l\u00fc\u00a0Overclock\u00a0Yard\u0131mc\u0131 Program\u0131.<br \/>\n<\/span><\/div>\n<ul class=\"phList\">\n<li>Hassas Saat H\u0131z\u0131 Kontrol\u00fc<\/li>\n<li>Voltaj Ayar\u0131<\/li>\n<li>Bellek (RAM) H\u0131z Ayar\u0131<\/li>\n<li>Dinamik \u00c7ekirdek A\u00e7ma\/Kapatma<\/li>\n<\/ul>\n<\/div>\n<div class=\"phPart\">\n<p class=\"phBanner\"><img decoding=\"async\" src=\"https:\/\/www.detayresimler.com\/urun\/1\/1-3700X-MPK_4.jpg\" alt=\"AMD RYZEN 7 3700X 3.60GHZ 36MB AM4 MPK \u0130\u015flemci \" \/><\/p>\n<\/div>\n<div class=\"phPart\">\n<div class=\"phLine\"><span class=\"phText\">AMD StoreMI Teknolojisi<a class=\"font-semibold\" href=\"https:\/\/www.incehesap.com\/ssd-harddisk-fiyatlari\/\">SSD<\/a>nizin h\u0131z\u0131yla sabit diskinizin kapasitesini tek, h\u0131zl\u0131, y\u00f6netimi kolay bir s\u00fcr\u00fcc\u00fcye birle\u015ftiren yaz\u0131l\u0131m.<\/p>\n<p><\/span><\/div>\n<\/div>\n<div class=\"phPart\">\n<p class=\"phBanner\"><img decoding=\"async\" src=\"https:\/\/www.detayresimler.com\/urun\/1\/1-3700X-MPK_3.jpg\" alt=\"AMD RYZEN 7 3700X 3.60GHZ 36MB AM4 MPK \u0130\u015flemci \" \/><\/p>\n<\/div>\n<div class=\"phPart\">\n<div class=\"phLine\"><span class=\"phText\">Zen \u00c7ekirdek MimarisiGeli\u015ftirilmi\u015f enerji verimlili\u011fi, daha y\u00fcksek saat h\u0131zlar\u0131 ve her zamankinden daha fazla \u00e7ekirdek.<\/p>\n<p><\/span><\/div>\n<\/div>\n<div class=\"phPart\">\n<p class=\"phBanner\"><img decoding=\"async\" src=\"https:\/\/www.detayresimler.com\/urun\/1\/1-3700X-MPK_2.jpg\" alt=\"AMD RYZEN 7 3700X 3.60GHZ 36MB AM4 MPK \u0130\u015flemci \" \/><\/p>\n<\/div>\n<div class=\"phPart\">\n<div class=\"phLine\"><span class=\"phText\">AMD Ryzen \/ Soket AM4 PlatformuAMDnin ana bilgi i\u015flem platformu, yeni PCIe\u00ae 4.0 Ready X570 tabanl\u0131 yonga seti ile g\u00fcncellendi.<br \/>\n<\/span><\/p>\n<div class=\"phImage\"><img decoding=\"async\" src=\"https:\/\/www.detayresimler.com\/urun\/1\/1-3700X-MPK_1.jpg\" alt=\"AMD RYZEN 7 3700X 3.60GHZ 36MB AM4 MPK \u0130\u015flemci \" \/><\/div>\n<\/div>\n<\/div>\n<div class=\"phPart\">\n<p class=\"phBanner\"><img decoding=\"async\" src=\"https:\/\/www.detayresimler.com\/urun\/1\/1-3700X-MPK.jpg\" alt=\"AMD RYZEN 7 3700X 3.60GHZ 36MB AM4 MPK \u0130\u015flemci \" \/><\/p>\n<\/div>\n<div class=\"phPart\"><span class=\"phSpecHeader\">Teknik \u00d6zellikler<\/span><\/p>\n<div class=\"phSpec\">\n<div>\u00dcr\u00fcn AilesiAMD Ryzen<\/div>\n<div><a class=\"font-semibold\" href=\"https:\/\/www.incehesap.com\/islemci-fiyatlari\/\">\u0130\u015flemci\u00a0<\/a>ModeliAMD Ryzen 7 3700X<\/div>\n<div>CPU \u00c7ekirde\u011fi Say\u0131s\u01318<\/div>\n<div>\u0130\u015f Par\u00e7ac\u0131\u011f\u0131 Say\u0131s\u013116<\/div>\n<div><a class=\"font-semibold\" href=\"https:\/\/www.incehesap.com\/islemci-fiyatlari\/\">\u0130\u015flemci\u00a0<\/a>H\u0131z\u01313.6GHz<\/div>\n<div>Maksimum\u00a0<a class=\"font-semibold\" href=\"https:\/\/www.incehesap.com\/islemci-fiyatlari\/\">\u0130\u015flemci\u00a0<\/a>H\u0131z\u01314.4GHz<\/div>\n<div>\u00d6n Bellek36 MB<\/div>\n<div>Soket Yap\u0131s\u0131AM4<\/div>\n<div>\u00dcretim Teknolojisi7nm<\/div>\n<div>G\u00fc\u00e7 T\u00fcketimi65W<\/div>\n<div>Maksimum S\u0131cakl\u0131k95 \u00b0 C<\/div>\n<div>Bellek T\u00fcr\u00fc3200MHz<\/div>\n<div>Sistem Bellek T\u00fcr\u00fcDDR4<\/div>\n<div>Bellek Kanallar\u01312<\/div>\n<\/div>\n<\/div>\n","protected":false},"excerpt":{"rendered":"<p>AMD RYZEN 7 3700X 3.60GHZ 36MB AM4 MPK\u00a0\u0130\u015flemci\u00a0Genel Bak\u0131\u015f Masa\u00fcst\u00fc \u0130\u015flem G\u00fcc\u00fcn\u00fcn Doru\u011fuEn y\u00fcksek\u00a08 \u00e7ekirdekli i\u015flemci saat h\u0131zlar\u0131 ve\u00a016 i\u015f par\u00e7ac\u0131\u011f\u0131\u00a0bar\u0131nd\u0131ran ger\u00e7ek makine zekas\u0131, hepsi\u00a0am4\u00a0platformu \u00fczerinde. Precision Boost 2 \/ \u0130htiyac\u0131n\u0131z Oldu\u011funda Performans\u0131 Art\u0131r\u0131nPrecision Boost 2, en \u00e7ok ihtiyac\u0131n\u0131z oldu\u011funda s\u00fcper performans i\u00e7in i\u015flemci frekanslar\u0131n\u0131 otomatik olarak y\u00fckseltir. Sadece bir i\u015flemciden \u00e7ok daha \u00f6tesini sunan\u00a0AMD &hellip;<\/p>\n<p class=\"read-more\"> <a class=\" thunk-readmore button \" href=\"https:\/\/bilginteknoloji.com\/woo\/urun\/amd-ryzen-7-3700x-8-core-360-4-40ghz-36mb-cache-65w-am4-mpk-kutusuz-grafik-kart-yok-fan-var\/\"> <span class=\"screen-reader-text\">AMD RYZEN 7 3700X 8 Core, 3,60-4.40GHz 36Mb Cache, 65W, AM4, MPK (Kutusuz) (Grafik Kart YOK, Fan VAR)<\/span>Read More<\/a><\/p>\n","protected":false},"featured_media":570,"template":"","meta":{"om_disable_all_campaigns":false,"_monsterinsights_skip_tracking":false,"_monsterinsights_sitenote_active":false,"_monsterinsights_sitenote_note":"","_monsterinsights_sitenote_category":0},"product_cat":[65],"product_tag":[],"class_list":{"0":"post-569","1":"product","2":"type-product","3":"status-publish","4":"has-post-thumbnail","6":"product_cat-amd-islemciler","7":"thunk-woo-product-list","8":"opn-qv-enable","9":"top-store-woo-hover-zoom","10":"top-store-single-product-tab-horizontal","11":"top-store-shadow-","12":"top-store-shadow-hover-","14":"first","15":"instock","16":"taxable","17":"shipping-taxable","18":"product-type-simple"},"aioseo_notices":[],"_links":{"self":[{"href":"https:\/\/bilginteknoloji.com\/woo\/wp-json\/wp\/v2\/product\/569","targetHints":{"allow":["GET"]}}],"collection":[{"href":"https:\/\/bilginteknoloji.com\/woo\/wp-json\/wp\/v2\/product"}],"about":[{"href":"https:\/\/bilginteknoloji.com\/woo\/wp-json\/wp\/v2\/types\/product"}],"wp:featuredmedia":[{"embeddable":true,"href":"https:\/\/bilginteknoloji.com\/woo\/wp-json\/wp\/v2\/media\/570"}],"wp:attachment":[{"href":"https:\/\/bilginteknoloji.com\/woo\/wp-json\/wp\/v2\/media?parent=569"}],"wp:term":[{"taxonomy":"product_cat","embeddable":true,"href":"https:\/\/bilginteknoloji.com\/woo\/wp-json\/wp\/v2\/product_cat?post=569"},{"taxonomy":"product_tag","embeddable":true,"href":"https:\/\/bilginteknoloji.com\/woo\/wp-json\/wp\/v2\/product_tag?post=569"}],"curies":[{"name":"wp","href":"https:\/\/api.w.org\/{rel}","templated":true}]}}