{"id":565,"date":"2024-08-13T14:52:43","date_gmt":"2024-08-13T11:52:43","guid":{"rendered":"https:\/\/bilginteknoloji.com\/woo\/?post_type=product&#038;p=565"},"modified":"2024-08-26T14:38:12","modified_gmt":"2024-08-26T11:38:12","slug":"amd-ryzen-3-4100-4-core-380-40ghz-6mb-cache-65w-am4-mpk-kutusuz-grafik-kart-yok-fan-var","status":"publish","type":"product","link":"https:\/\/bilginteknoloji.com\/woo\/urun\/amd-ryzen-3-4100-4-core-380-40ghz-6mb-cache-65w-am4-mpk-kutusuz-grafik-kart-yok-fan-var\/","title":{"rendered":"AMD RYZEN 3 4100 4 Core, 3,80-4,0GHz, 6Mb Cache, 65W, AM4, MPK (Kutusuz) (Grafik Kart YOK, Fan VAR)"},"content":{"rendered":"<p style=\"font-weight: 400;\"><strong>TEMEL \u00d6ZELL\u0130KLER<\/strong><br \/>\n\u00c7ekirdek: 4<br \/>\nTemel Frekans: 3,8Ghz<br \/>\n\u00d6nbellek L2+L3 Toplam: 6Mb<br \/>\n\u00c7\u0131k\u0131\u015f Y\u0131l\u0131: 2022<\/p>\n<p style=\"font-weight: 400;\"><strong>T\u00dcM \u00d6ZELL\u0130KLER<\/strong><br \/>\n\u0130\u015flemci Ailesi: AMD Ryzen<br \/>\n\u0130\u015flemci T\u00fcr\u00fc: Masa\u00fcst\u00fc<br \/>\n\u0130\u015flemci Serisi: AMD Ryzen 3<br \/>\nJenerasyon: 4.Nesil AMD Ryzen<br \/>\n\u0130\u015flemci \u00dcst Modeli: R3-4100<br \/>\n\u0130\u015flemci Model: R3-4100<br \/>\n\u0130\u015flemci Mimarisi: AMD Zen 2<br \/>\n\u00c7\u0131k\u0131\u015f Y\u0131l\u0131: 2022<br \/>\n\u00c7\u0131k\u0131\u015f D\u00f6nemi: 2.\u00c7eyrek<br \/>\nPassMark Puan\u0131: 11.336<br \/>\n<strong>Destekledi\u011fi Teknolojiler:<\/strong><br \/>\nAMD Precision Boost2,<br \/>\nAMD Ryzen VR-Ready Premium,<br \/>\nAMD StoreMI,<br \/>\nAVX2,<br \/>\nFMA3,<br \/>\nSanalla\u015ft\u0131rma,<br \/>\nSSE 4.2,<br \/>\nSSE4A,<br \/>\nSSSE3<\/p>\n<p style=\"font-weight: 400;\"><strong>PERFORMANS<\/strong><br \/>\n\u00c7ekirdek: 4<br \/>\n\u0130\u015f Par\u00e7ac\u0131\u011f\u0131: 8<br \/>\nTemel Frekans: 3,8Ghz<br \/>\nArtt\u0131r\u0131lm\u0131\u015f Frekans: 4,0Ghz<br \/>\n\u00c7arpan Kilidi: A\u00e7\u0131k (Kilitsiz)<br \/>\n\u00d6nbellek L1: 256KB<br \/>\n\u00d6nbellek L2: 2MB<br \/>\n\u00d6nbellek L3: 4MB<br \/>\nIs\u0131 Yayma Kapasitesi (TDP): 65W<\/p>\n<p style=\"font-weight: 400;\"><strong>TEKN\u0130K B\u0130LG\u0130LER<\/strong><br \/>\nTransist\u00f6r Mesafesi: 7nm<br \/>\nTransist\u00f6r Tipi: FinFET<br \/>\nSoket: AM4<br \/>\nS\u0131cakl\u0131k: 95 Derece<br \/>\nDahili Grafik \u0130\u015flemcisi: Yok<\/p>\n<p><strong>\u0130\u015eLEMC\u0130 DESTE\u011e\u0130<\/strong><br \/>\nECC Bellek Deste\u011fi: Yok<br \/>\nBellek T\u00fcr\u00fc: DDR4<br \/>\nBellek H\u0131z\u0131: 3200 Mhz<br \/>\nBellek Kanal\u0131: 2<br \/>\nPCIe S\u00fcr\u00fcm\u00fc: 3.0<br \/>\nPCIe Hatt\u0131 Say\u0131s\u0131: 24<\/p>\n","protected":false},"excerpt":{"rendered":"<p>TEMEL \u00d6ZELL\u0130KLER \u00c7ekirdek: 4 Temel Frekans: 3,8Ghz \u00d6nbellek L2+L3 Toplam: 6Mb \u00c7\u0131k\u0131\u015f Y\u0131l\u0131: 2022 T\u00dcM \u00d6ZELL\u0130KLER \u0130\u015flemci Ailesi: AMD Ryzen \u0130\u015flemci T\u00fcr\u00fc: Masa\u00fcst\u00fc \u0130\u015flemci Serisi: AMD Ryzen 3 Jenerasyon: 4.Nesil AMD Ryzen \u0130\u015flemci \u00dcst Modeli: R3-4100 \u0130\u015flemci Model: R3-4100 \u0130\u015flemci Mimarisi: AMD Zen 2 \u00c7\u0131k\u0131\u015f Y\u0131l\u0131: 2022 \u00c7\u0131k\u0131\u015f D\u00f6nemi: 2.\u00c7eyrek PassMark Puan\u0131: 11.336 Destekledi\u011fi Teknolojiler: &hellip;<\/p>\n<p class=\"read-more\"> <a class=\" thunk-readmore button \" href=\"https:\/\/bilginteknoloji.com\/woo\/urun\/amd-ryzen-3-4100-4-core-380-40ghz-6mb-cache-65w-am4-mpk-kutusuz-grafik-kart-yok-fan-var\/\"> <span class=\"screen-reader-text\">AMD RYZEN 3 4100 4 Core, 3,80-4,0GHz, 6Mb Cache, 65W, AM4, MPK (Kutusuz) (Grafik Kart YOK, Fan VAR)<\/span>Read More<\/a><\/p>\n","protected":false},"featured_media":566,"template":"","meta":{"om_disable_all_campaigns":false,"_monsterinsights_skip_tracking":false,"_monsterinsights_sitenote_active":false,"_monsterinsights_sitenote_note":"","_monsterinsights_sitenote_category":0},"product_cat":[65],"product_tag":[],"class_list":{"0":"post-565","1":"product","2":"type-product","3":"status-publish","4":"has-post-thumbnail","6":"product_cat-amd-islemciler","7":"thunk-woo-product-list","8":"opn-qv-enable","9":"top-store-woo-hover-zoom","10":"top-store-single-product-tab-horizontal","11":"top-store-shadow-","12":"top-store-shadow-hover-","14":"first","15":"instock","16":"taxable","17":"shipping-taxable","18":"product-type-simple"},"aioseo_notices":[],"_links":{"self":[{"href":"https:\/\/bilginteknoloji.com\/woo\/wp-json\/wp\/v2\/product\/565","targetHints":{"allow":["GET"]}}],"collection":[{"href":"https:\/\/bilginteknoloji.com\/woo\/wp-json\/wp\/v2\/product"}],"about":[{"href":"https:\/\/bilginteknoloji.com\/woo\/wp-json\/wp\/v2\/types\/product"}],"wp:featuredmedia":[{"embeddable":true,"href":"https:\/\/bilginteknoloji.com\/woo\/wp-json\/wp\/v2\/media\/566"}],"wp:attachment":[{"href":"https:\/\/bilginteknoloji.com\/woo\/wp-json\/wp\/v2\/media?parent=565"}],"wp:term":[{"taxonomy":"product_cat","embeddable":true,"href":"https:\/\/bilginteknoloji.com\/woo\/wp-json\/wp\/v2\/product_cat?post=565"},{"taxonomy":"product_tag","embeddable":true,"href":"https:\/\/bilginteknoloji.com\/woo\/wp-json\/wp\/v2\/product_tag?post=565"}],"curies":[{"name":"wp","href":"https:\/\/api.w.org\/{rel}","templated":true}]}}