{"id":559,"date":"2024-08-13T14:46:50","date_gmt":"2024-08-13T11:46:50","guid":{"rendered":"https:\/\/bilginteknoloji.com\/woo\/?post_type=product&#038;p=559"},"modified":"2024-08-13T14:46:50","modified_gmt":"2024-08-13T11:46:50","slug":"intel-i5-12400-6-core-2-5ghz-18mb-65w-lga1700-12-nesil-box-grafik-kart-var-fan-var","status":"publish","type":"product","link":"https:\/\/bilginteknoloji.com\/woo\/urun\/intel-i5-12400-6-core-2-5ghz-18mb-65w-lga1700-12-nesil-box-grafik-kart-var-fan-var\/","title":{"rendered":"INTEL i5-12400 6 Core, 2.5Ghz, 18Mb, 65W, LGA1700, 12.Nesil, BOX, (Grafik Kart VAR, Fan VAR)"},"content":{"rendered":"<p>Temeller<\/p>\n<div>\n<ul>\n<li>\u00dcr\u00fcn Koleksiyonu12. Nesil Intel\u00ae Core\u2122 i5 \u0130\u015flemciler<\/li>\n<li>Kod ad\u0131\u00dcr\u00fcnler eski K\u0131z\u0131la\u011fa\u00e7 G\u00f6l\u00fc<\/li>\n<li>Dikey Segmentmasa\u00fcst\u00fc<\/li>\n<li>\u0130\u015flemci Numaras\u0131i5-12400<\/li>\n<li>Durumba\u015flat\u0131ld\u0131<\/li>\n<li>Lansman tarihi1.\u00c722<\/li>\n<li>LitografiIntel 7<\/li>\n<li>Kullan\u0131m Ko\u015fullar\u0131PC\/\u0130stemci\/Tablet<\/li>\n<\/ul>\n<\/div>\n<p>CPU \u00d6zellikleri<\/p>\n<div>\n<ul>\n<li>Toplam \u00c7ekirdek6<\/li>\n<li># Performans-\u00e7ekirde\u011fi6<\/li>\n<li>Verimli \u00e7ekirdek say\u0131s\u01310<\/li>\n<li>Toplam Konu Say\u0131s\u013112<\/li>\n<li>Maksimum Turbo Frekans\u01314.40 GHz<\/li>\n<li>Performans \u00c7ekirdekli Maks Turbo Frekans\u01314.40 GHz<\/li>\n<li>Performans-\u00e7ekirdek Temel Frekans2.50 GHz<\/li>\n<li>\u00f6nbellek18 MB Intel\u00ae Ak\u0131ll\u0131 \u00d6nbellek<\/li>\n<li>Toplam L2 \u00d6nbelle\u011fi7,5 MB<\/li>\n<li>\u0130\u015flemci Taban G\u00fcc\u00fc65W<\/li>\n<li>Maksimum Turbo G\u00fcc\u00fc117 W<\/li>\n<\/ul>\n<\/div>\n<p>Tamamlay\u0131c\u0131 bilgiler<\/p>\n<div>\n<ul>\n<li>G\u00f6m\u00fcl\u00fc Se\u00e7enekler MevcutturEvet<\/li>\n<\/ul>\n<\/div>\n<p>Bellek \u00d6zellikleri<\/p>\n<div>\n<ul>\n<li>Maksimum Bellek Boyutu (bellek t\u00fcr\u00fcne ba\u011fl\u0131d\u0131r)128 GB<\/li>\n<li>Bellek T\u00fcrleriDDR5 4800 MT\/sye<br \/>\nkadar DDR4 3200 MT\/sye kadar<\/li>\n<li>Maksimum Bellek Kanal Say\u0131s\u01312<\/li>\n<li>Maksimum Bellek Bant Geni\u015fli\u011fi76,8 GB\/sn<\/li>\n<\/ul>\n<\/div>\n<p>\u0130\u015flemci Grafikleri<\/p>\n<div>\n<ul>\n<li>\u0130\u015flemci Grafikleri\u00a0<sup>\u2021<\/sup>Intel\u00ae UHD Grafikleri 730<\/li>\n<li>Grafik Taban Frekans\u0131300 MHz<\/li>\n<li>Grafik Maks Dinamik Frekans1.45 GHz<\/li>\n<li>Grafik \u00c7\u0131k\u0131\u015f\u0131eDP 1.4b, DP 1.4a, HDMI 2.1<\/li>\n<li>Y\u00fcr\u00fctme Birimleri24<\/li>\n<li>Maksimum \u00c7\u00f6z\u00fcn\u00fcrl\u00fck (HDMI)\u00a0<sup>\u2021<\/sup>4096 x 2160 @ 60Hz<\/li>\n<li>Maksimum \u00c7\u00f6z\u00fcn\u00fcrl\u00fck (DP)\u20217680 x 4320 @ 60Hz<\/li>\n<li>Maksimum \u00c7\u00f6z\u00fcn\u00fcrl\u00fck (eDP &#8211; Entegre D\u00fcz Panel)\u20215120 x 3200 @ 120Hz<\/li>\n<li>DirectX* Deste\u011fi12<\/li>\n<li>OpenGL* Deste\u011fi4.5<\/li>\n<li>\u00c7ok Formatl\u0131 Codec Motorlar\u01311<\/li>\n<li>Intel\u00ae H\u0131zl\u0131 Senkronizasyon VideosuEvet<\/li>\n<li>Intel\u00ae Clear Video HD TeknolojisiEvet<\/li>\n<li>Desteklenen Ekran Say\u0131s\u0131\u00a0<sup>\u2021<\/sup>4<\/li>\n<li>cihaz kimli\u011fi0x4692 \/ 0x4682<\/li>\n<li>OpenCL* Deste\u011fi2.1<\/li>\n<\/ul>\n<\/div>\n<p>Geni\u015fletme Se\u00e7enekleri<\/p>\n<div>\n<ul>\n<li>Do\u011frudan Medya Aray\u00fcz\u00fc (DMI) Revizyonu4.0<\/li>\n<li>Maksimum DMI \u015eerit Say\u0131s\u01318<\/li>\n<li>\u00f6l\u00e7eklenebilirlikSadece 1S<\/li>\n<li>PCI Express Revizyonu5.0 ve 4.0<\/li>\n<li>PCI Express Yap\u0131land\u0131rmalar\u0131\u00a0<sup>\u2021<\/sup>1&#215;16+4, 2&#215;8+4e kadar<\/li>\n<li>Maksimum PCI Express \u015eerit Say\u0131s\u013120<\/li>\n<\/ul>\n<\/div>\n<p>Paket \u00d6zellikleri<\/p>\n<div>\n<ul>\n<li>Desteklenen YuvalarFCLGA1700<\/li>\n<li>Maksimum CPU Yap\u0131land\u0131rmas\u01311<\/li>\n<li>Termal \u00c7\u00f6z\u00fcm SpesifikasyonuPCG 2020C<\/li>\n<li>T\u00a0<sub>KAV\u015eA\u011eI<\/sub>100\u00b0C<\/li>\n<li>Paket Boyutu45,0 mm x 37,5 mm<\/li>\n<\/ul>\n<\/div>\n<p>\u0130leri teknoloji<\/p>\n<div>\n<ul>\n<li>Intel\u00ae Gauss ve Sinir H\u0131zland\u0131r\u0131c\u01313.0<\/li>\n<li>Intel\u00ae Konu Y\u00f6neticisiNumara<\/li>\n<li>Intel\u00ae Deep Learning Boost (Intel\u00ae DL Boost)Evet<\/li>\n<li>Intel\u00ae Optane\u2122 Bellek Desteklenir\u00a0<sup>\u2021<\/sup>Evet<\/li>\n<li>Intel\u00ae Speed Shift TeknolojisiEvet<\/li>\n<li>Intel\u00ae Turbo Boost Max Teknolojisi 3.0\u00a0<sup>\u2021<\/sup>Numara<\/li>\n<li>Intel\u00ae Turbo Boost Teknolojisi\u00a0<sup>\u2021<\/sup>2.0<\/li>\n<li>Intel\u00ae Hyper-Threading Teknolojisi\u00a0<sup>\u2021<\/sup>Evet<\/li>\n<li>Intel\u00ae Sanalla\u015ft\u0131rma Teknolojisi (VT-x)\u00a0<sup>\u2021<\/sup>Evet<\/li>\n<li>Y\u00f6nlendirilmi\u015f G\/\u00c7 (VT-d) i\u00e7in Intel\u00ae Sanalla\u015ft\u0131rma Teknolojisi\u00a0<sup>\u2021<\/sup>Evet<\/li>\n<li>Geni\u015fletilmi\u015f Sayfa Tablolar\u0131 (EPT) ile Intel\u00ae VT-x\u00a0<sup>\u2021<\/sup>Evet<\/li>\n<li>Intel\u00ae 64\u00a0<sup>\u2021<\/sup>Evet<\/li>\n<li>Komut seti64 bit<\/li>\n<li>Komut Seti Uzant\u0131lar\u0131Intel\u00ae SSE4.1, Intel\u00ae SSE4.2, Intel\u00ae AVX2<\/li>\n<li>Bo\u015f DurumlarEvet<\/li>\n<li>Geli\u015fmi\u015f Intel SpeedStep\u00ae TeknolojisiEvet<\/li>\n<li>Termal \u0130zleme TeknolojileriEvet<\/li>\n<li>Intel\u00ae Birim Y\u00f6netim Cihaz\u0131 (VMD)Evet<\/li>\n<\/ul>\n<\/div>\n<p>G\u00fcvenlik ve G\u00fcvenilirlik<\/p>\n<div>\n<ul>\n<li>Intel\u00ae AES Yeni Talimatlar\u0131Evet<\/li>\n<li>G\u00fcvenli AnahtarEvet<\/li>\n<li>Intel\u00ae \u0130\u015fletim Sistemi Korumas\u0131Evet<\/li>\n<li>Devre D\u0131\u015f\u0131 B\u0131rakma Bitini Y\u00fcr\u00fct\u00a0<sup>\u2021<\/sup>Evet<\/li>\n<li>Intel\u00ae \u00d6ny\u00fckleme Korumas\u0131Evet<\/li>\n<li>Mod tabanl\u0131 Y\u00fcr\u00fctme Denetimi (MBEC)Evet<\/li>\n<li>Intel\u00ae Kontrol Ak\u0131\u015f\u0131 Uygulama TeknolojisiEvet<\/li>\n<\/ul>\n<\/div>\n","protected":false},"excerpt":{"rendered":"<p>Temeller \u00dcr\u00fcn Koleksiyonu12. Nesil Intel\u00ae Core\u2122 i5 \u0130\u015flemciler Kod ad\u0131\u00dcr\u00fcnler eski K\u0131z\u0131la\u011fa\u00e7 G\u00f6l\u00fc Dikey Segmentmasa\u00fcst\u00fc \u0130\u015flemci Numaras\u0131i5-12400 Durumba\u015flat\u0131ld\u0131 Lansman tarihi1.\u00c722 LitografiIntel 7 Kullan\u0131m Ko\u015fullar\u0131PC\/\u0130stemci\/Tablet CPU \u00d6zellikleri Toplam \u00c7ekirdek6 # Performans-\u00e7ekirde\u011fi6 Verimli \u00e7ekirdek say\u0131s\u01310 Toplam Konu Say\u0131s\u013112 Maksimum Turbo Frekans\u01314.40 GHz Performans \u00c7ekirdekli Maks Turbo Frekans\u01314.40 GHz Performans-\u00e7ekirdek Temel Frekans2.50 GHz \u00f6nbellek18 MB Intel\u00ae Ak\u0131ll\u0131 \u00d6nbellek &hellip;<\/p>\n<p class=\"read-more\"> <a class=\" thunk-readmore button \" href=\"https:\/\/bilginteknoloji.com\/woo\/urun\/intel-i5-12400-6-core-2-5ghz-18mb-65w-lga1700-12-nesil-box-grafik-kart-var-fan-var\/\"> <span class=\"screen-reader-text\">INTEL i5-12400 6 Core, 2.5Ghz, 18Mb, 65W, LGA1700, 12.Nesil, BOX, (Grafik Kart VAR, Fan VAR)<\/span>Read More<\/a><\/p>\n","protected":false},"featured_media":560,"template":"","meta":{"om_disable_all_campaigns":false,"_monsterinsights_skip_tracking":false,"_monsterinsights_sitenote_active":false,"_monsterinsights_sitenote_note":"","_monsterinsights_sitenote_category":0},"product_cat":[66],"product_tag":[],"class_list":{"0":"post-559","1":"product","2":"type-product","3":"status-publish","4":"has-post-thumbnail","6":"product_cat-intel-islemciler","7":"thunk-woo-product-list","8":"opn-qv-enable","9":"top-store-woo-hover-zoom","10":"top-store-single-product-tab-horizontal","11":"top-store-shadow-","12":"top-store-shadow-hover-","14":"first","15":"instock","16":"taxable","17":"shipping-taxable","18":"product-type-simple"},"aioseo_notices":[],"_links":{"self":[{"href":"https:\/\/bilginteknoloji.com\/woo\/wp-json\/wp\/v2\/product\/559","targetHints":{"allow":["GET"]}}],"collection":[{"href":"https:\/\/bilginteknoloji.com\/woo\/wp-json\/wp\/v2\/product"}],"about":[{"href":"https:\/\/bilginteknoloji.com\/woo\/wp-json\/wp\/v2\/types\/product"}],"wp:featuredmedia":[{"embeddable":true,"href":"https:\/\/bilginteknoloji.com\/woo\/wp-json\/wp\/v2\/media\/560"}],"wp:attachment":[{"href":"https:\/\/bilginteknoloji.com\/woo\/wp-json\/wp\/v2\/media?parent=559"}],"wp:term":[{"taxonomy":"product_cat","embeddable":true,"href":"https:\/\/bilginteknoloji.com\/woo\/wp-json\/wp\/v2\/product_cat?post=559"},{"taxonomy":"product_tag","embeddable":true,"href":"https:\/\/bilginteknoloji.com\/woo\/wp-json\/wp\/v2\/product_tag?post=559"}],"curies":[{"name":"wp","href":"https:\/\/api.w.org\/{rel}","templated":true}]}}