{"id":555,"date":"2024-08-13T14:42:52","date_gmt":"2024-08-13T11:42:52","guid":{"rendered":"https:\/\/bilginteknoloji.com\/woo\/?post_type=product&#038;p=555"},"modified":"2024-08-13T14:42:53","modified_gmt":"2024-08-13T11:42:53","slug":"intel-i5-11400f-6-core-2-6ghz-12mb-65w-lga1200-11-nesil-tray-grafik-kart-yok-fan-yok","status":"publish","type":"product","link":"https:\/\/bilginteknoloji.com\/woo\/urun\/intel-i5-11400f-6-core-2-6ghz-12mb-65w-lga1200-11-nesil-tray-grafik-kart-yok-fan-yok\/","title":{"rendered":"INTEL i5-11400F 6 Core, 2.6Ghz, 12Mb, 65W, LGA1200, 11.Nesil, Tray, (Grafik Kart YOK, Fan YOK)"},"content":{"rendered":"<div class=\"hidden lg:block prose prose-neutral prose-headings:text-lg prose-a:no-underline prose-em:not-italic prose-headings:font-semibold max-w-none prose-img:mx-auto overflow-hidden\">\n<div class=\"phPart\">\n<p class=\"phHeader\">Intel Core i5-11400F TRAY 2.60GHz 6 \u00c7ekirdek 12MB \u00d6nbellek Soket 1200\u00a0\u0130\u015flemci\u00a0Genel \u00d6zellikler<\/p>\n<\/div>\n<div class=\"phPart\">\n<p class=\"phBanner\">\n<\/div>\n<div class=\"phPart\">\n<div class=\"phLine\"><span class=\"phText\">Intel Core i5-11400F11. Nesil Intel Core i5 masa\u00fcst\u00fc i\u015flemci<\/span><\/div>\n<ul class=\"phList\">\n<li>\u0130\u015flemci\u00a0Temel Frekans\u0131: 2.60 GHz \/ Turbo Frekans\u0131: 4.40 GHz<\/li>\n<li>6 \u00e7ekirdek \/ 12 i\u015f par\u00e7ac\u0131\u011f\u0131<\/li>\n<li>12 MB \u00f6nbellek<\/li>\n<li>14 nm mimari<\/li>\n<li>65 W TDP<\/li>\n<li>Soket 1200<\/li>\n<\/ul>\n<div class=\"phLineBreak\"><\/div>\n<\/div>\n<div class=\"phPart\">\n<p class=\"phBanner\"><img decoding=\"async\" src=\"https:\/\/www.detayresimler.com\/urun\/1\/1-11400FT.jpg\" alt=\"Intel Core i5-11400F \u0130\u015flemci\" \/><\/p>\n<\/div>\n<div class=\"phPart\">\n<div class=\"phLine\"><span class=\"phText\">11. Nesil Intel Core \u0130\u015flemciler\u00a0<\/span><\/div>\n<ul class=\"phList\">\n<li>Verimli mimari, h\u0131zland\u0131r\u0131lm\u0131\u015f yapay zeka performans\u0131 ve oyun deneyimi i\u00e7in daha fazla frekans ayar\u0131yla performans\u0131n s\u0131n\u0131rlar\u0131n\u0131 zorlay\u0131n.<\/li>\n<li>Xe mimarisine sahip Intel UHD Grafikleri, g\u00fc\u00e7l\u00fc medya ve grafik \u00f6zellikleriyle g\u00f6z al\u0131c\u0131 bir g\u00f6rsel deneyime g\u00fc\u00e7 verir.<\/li>\n<li>Intel Performance Maximizer (Intel PM) ve Intel Extreme Tuning Utility (Intel XTU) gibi geli\u015fmi\u015f ayar ara\u00e7lar\u0131 ve denetimleriyle g\u00fcvenli bir \u015fekilde h\u0131z a\u015f\u0131rtabilirsiniz.<\/li>\n<\/ul>\n<div class=\"phLineBreak\"><\/div>\n<\/div>\n<div class=\"phPart\">\n<p class=\"phBanner\"><img decoding=\"async\" src=\"https:\/\/www.detayresimler.com\/urun\/1\/1-11400FT_1.jpg\" alt=\"Intel Core i5-11400F \u0130\u015flemci\" \/><\/p>\n<\/div>\n<div class=\"phPart\">\n<div class=\"phLine\"><span class=\"phText\">Kar\u015f\u0131n\u0131zda Yeni 11. Nesil Intel Core Masa\u00fcst\u00fc \u0130\u015flemciler11. Nesil Intel Core masa\u00fcst\u00fc i\u015flemci ailesi, bilgi i\u015flem deneyiminizin kontrol\u00fcn\u00fc size verir. Yeni mimarisi sayesinde, yeniden tasarlanm\u0131\u015f performans ve inan\u0131lmaz bir g\u00f6rsel deneyim sunan etkileyici g\u00f6r\u00fcnt\u00fc ve grafiklerin yan\u0131 s\u0131ra, geli\u015fmi\u015f ayarlar i\u00e7in \u00e7e\u015fitli \u00f6zellik ve teknoloji se\u00e7enekleri gibi yenilikler sunar. T\u00fcm bu geli\u015fmi\u015f \u00f6zellikler bir araya geldi\u011finde y\u00fcksek tempolu profesyonel i\u015fler, \u00fcst d\u00fczey oyun deneyimleri, benzersiz i\u00e7erik \u00fcretimi ve y\u00fcksek ayarlar i\u00e7in ihtiya\u00e7 duydu\u011funuz her \u015feye sahip olursunuz. 11. Nesil Intel Core masa\u00fcst\u00fc i\u015flemci ailesi, en muhte\u015fem katk\u0131lar\u0131n\u0131z\u0131 ger\u00e7ekle\u015ftirmeniz, rekabet etmeniz, ba\u015far\u0131l\u0131 olman\u0131z ve hep daha ileriye gitmeniz i\u00e7in gereken g\u00fcc\u00fc sa\u011flar.<\/span><\/div>\n<div class=\"phLineBreak\"><\/div>\n<\/div>\n<div class=\"phPart\">\n<p class=\"phBanner\"><img decoding=\"async\" src=\"https:\/\/www.detayresimler.com\/urun\/1\/1-11400FT_2.jpg\" alt=\"Intel Core i5-11400F \u0130\u015flemci\" \/><\/p>\n<\/div>\n<div class=\"phPart\">\n<div class=\"phLine\"><span class=\"phText\">Yeniden Tasarlanm\u0131\u015f Performans11. Nesil Intel Core masa\u00fcst\u00fc i\u015flemciler, performans\u0131n s\u0131n\u0131rlar\u0131n\u0131 zorlamak i\u00e7in ak\u0131ll\u0131ca tasarlanm\u0131\u015ft\u0131r. Yeni i\u015flemci \u00e7ekirde\u011fi mimarisi, yapay zeka performans\u0131n\u0131 h\u0131zland\u0131rmak i\u00e7in Intel Deep Learning Boost\u2019tan faydalan\u0131rken yaz\u0131l\u0131m verimlili\u011fini ba\u015ftan a\u015fa\u011f\u0131 de\u011fi\u015ftirir. \u00d6nemli platform iyile\u015ftirmeleri aras\u0131nda DDR4-3200\u2019e kadar bellek deste\u011fi, 20 adede kadar CPU PCIe 4.0 \u015feridi,1 entegre USB 3.2 Gen 2&#215;2 (20G) ve\u00a0SSD\u00a0destekli Intel Optane bellek H20 vard\u0131r. Bu teknolojiler bir araya gelerek verimli bir \u015fekilde \u00e7al\u0131\u015fmak, dikkatiniz da\u011f\u0131lmadan \u00fcretmek ve en y\u00fcksek seviyede oyun oynamak i\u00e7in ihtiya\u00e7 duydu\u011funuz g\u00fcc\u00fc ve zekay\u0131 sunar.<\/span><\/div>\n<div class=\"phLineBreak\"><\/div>\n<\/div>\n<div class=\"phPart\">\n<p class=\"phBanner\"><img decoding=\"async\" src=\"https:\/\/www.detayresimler.com\/urun\/1\/1-11400FT_3.jpg\" alt=\"Intel Core i5-11400F \u0130\u015flemci\" \/><\/p>\n<\/div>\n<div class=\"phPart\">\n<div class=\"phLine\"><span class=\"phText\">Etkileyici G\u00f6r\u00fcnt\u00fc ve Grafikler11. Nesil Intel Core masa\u00fcst\u00fc i\u015flemciler sayesinde y\u00fcksek performansl\u0131 grafiklerle zengin, g\u00f6z al\u0131c\u0131, kusursuz g\u00f6rsellerin keyfini ya\u015fay\u0131n. Intel Iris Xe grafik mimarisine sahip geli\u015ftirilmi\u015f Intel UHD Grafikleri, sanal d\u00fcnyan\u0131z\u0131 hayata ge\u00e7irmek i\u00e7in g\u00fc\u00e7l\u00fc medya ve grafik \u00f6zellikleri sunar. \u00d6nemli platform iyile\u015ftirmeleri; 60 Hz\u2019te \u00fc\u00e7 adede kadar e\u015f zamanl\u0131 4K HDR ekran i\u00e7in entegre HDMI 2.0 ve HBR 3; verimli, art\u0131r\u0131lm\u0131\u015f medya kalitesi i\u00e7in 12 bit HEVC\/VP9 kod \u00e7\u00f6zme ve E2E s\u0131k\u0131\u015ft\u0131rma; g\u00f6r\u00fcnt\u00fcl\u00fc aramalar ve ekran payla\u015f\u0131mlar\u0131nda h\u0131zl\u0131, enerji verimli performans i\u00e7in ger\u00e7ek sabit i\u015flev tabanl\u0131 kod \u00e7\u00f6zme sa\u011flayan 10 bit AV1 Codec kod \u00e7\u00f6zme deste\u011fiyle tam anlam\u0131yla g\u00f6z al\u0131c\u0131 bir deneyime olanak verir. Arkan\u0131za yaslan\u0131n ve canl\u0131 yay\u0131n ve kay\u0131t yaparken tavizsiz oyun i\u00e7i performans\u0131n keyfini \u00e7\u0131kar\u0131n, birden fazla ekranda birden fazla i\u015fi sorunsuz bir \u015fekilde ger\u00e7ekle\u015ftirin ve hatta en zorlu g\u00f6revlerde bile h\u0131zl\u0131 bir \u015fekilde i\u00e7erik olu\u015fturup d\u00fczenleyin.<\/span><\/div>\n<div class=\"phLineBreak\"><\/div>\n<\/div>\n<div class=\"phPart\">\n<p class=\"phBanner\"><img decoding=\"async\" src=\"https:\/\/www.detayresimler.com\/urun\/1\/1-11400FT_5.jpg\" alt=\"Intel Core i5-11400F \u0130\u015flemci\" \/><\/p>\n<\/div>\n<div class=\"phPart\">\n<div class=\"phLine\"><span class=\"phText\">\u0130novatif Yeni Mimariler11. Nesil Intel Core i\u015flemcilerin e\u015fi benzeri g\u00f6r\u00fclmemi\u015f bir uyum i\u00e7inde \u00e7al\u0131\u015fan yeni \u00e7ekirdek ve grafik mimarileri, yapay zeka tabanl\u0131 performans\u0131 ve s\u0131n\u0131f\u0131ndaki en iyi kablosuz ve kablolu ba\u011flant\u0131 \u00f6zellikleri, masa\u00fcst\u00fc\u00a0bilgisayarlar\u0131n performans\u0131n\u0131 yepyeni d\u00fczeylere \u00e7\u0131kar\u0131yor.<\/span><\/div>\n<div class=\"phLineBreak\"><\/div>\n<\/div>\n<div class=\"phPart\">\n<p class=\"phBanner\"><img decoding=\"async\" src=\"https:\/\/www.detayresimler.com\/urun\/1\/1-11400FT_4.jpg\" alt=\"Intel Core i5-11400F \u0130\u015flemci\" \/><\/p>\n<\/div>\n<div class=\"phPart\"><span class=\"phSpecHeader\">Genel \u00d6zellikler<\/span><\/p>\n<div class=\"phSpec\">\n<div>\u00dcr\u00fcn Grubu11. Nesil Intel Core i5 \u0130\u015flemciler<\/div>\n<div>Kod Ad\u0131Rocket Lake<\/div>\n<div>Dikey SegmentDesktop<\/div>\n<div>\u0130\u015flemci\u00a0Numaras\u0131i5-11400F<\/div>\n<div>Litografi14 nm<\/div>\n<div>Kullan\u0131m Ko\u015fullar\u0131PC\/Client\/Tablet<\/div>\n<\/div>\n<\/div>\n<div class=\"phPart\"><span class=\"phSpecHeader\">\u0130\u015flemci\u00a0\u00d6zellikleri<\/span><\/p>\n<div class=\"phSpec\">\n<div>\u00c7ekirdek Say\u0131s\u01316<\/div>\n<div>\u0130\u015f Par\u00e7ac\u0131\u011f\u0131 Say\u0131s\u013112<\/div>\n<div>\u0130\u015flemci\u00a0Temel Frekans\u01312,60 GHz<\/div>\n<div>Maks Turbo Frekans\u01314,40 GHz<\/div>\n<div>\u00d6nbellek12 MB Intel Smart Cache<\/div>\n<div>Veri Yolu H\u0131z\u01318 GT\/s<\/div>\n<div>Intel Turbo Boost Teknolojisi 2.0 Frekans\u01314,40 GHz<\/div>\n<div>TDP65 W<\/div>\n<\/div>\n<\/div>\n<div class=\"phPart\"><span class=\"phSpecHeader\">Bellek Teknik \u00d6zellikleri<\/span><\/p>\n<div class=\"phSpec\">\n<div>Maksimum Bellek Boyutu (bellek t\u00fcr\u00fcne ba\u011fl\u0131d\u0131r)128 GB<\/div>\n<div>Bellek T\u00fcrleriDDR4-3200<\/div>\n<div>Maks. Bellek Kanal\u0131 Say\u0131s\u01312<\/div>\n<div>Maksimum Bellek Bant Geni\u015fli\u011fi50 GB\/s<\/div>\n<div>ECC Bellek Deste\u011fiHay\u0131r<\/div>\n<\/div>\n<\/div>\n<div class=\"phPart\"><span class=\"phSpecHeader\">Geni\u015fletme Se\u00e7enekleri<\/span><\/p>\n<div class=\"phSpec\">\n<div>\u00d6l\u00e7eklenebilirlik1S Only<\/div>\n<div>PCI Express De\u011fi\u015fiklik S\u00fcr\u00fcm\u00fc4,0<\/div>\n<div>PCI Express Yap\u0131land\u0131rmalar\u0131Up to 1&#215;16+1&#215;4, 2&#215;8+1&#215;4, 1&#215;8+3&#215;4<\/div>\n<div>Maksimum PCI Express Hatt\u0131 Say\u0131s\u013120<\/div>\n<\/div>\n<\/div>\n<div class=\"phPart\"><span class=\"phSpecHeader\">Paket Teknik \u00d6zellikleri<\/span><\/p>\n<div class=\"phSpec\">\n<div>Desteklenen SoketlerFCLGA1200<\/div>\n<div>Max CPU Yap\u0131land\u0131rmas\u01311<\/div>\n<div>Termal \u00c7\u00f6z\u00fcm \u00d6zelli\u011fiPCG 2019C<\/div>\n<div>Tjunction100\u00b0C<\/div>\n<div>Paket Boyutu37.5 mm x 37.5 mm<\/div>\n<\/div>\n<\/div>\n<div class=\"phPart\"><span class=\"phSpecHeader\">Geli\u015fmi\u015f Teknolojiler<\/span><\/p>\n<div class=\"phSpec\">\n<div>Intel Deep Learning Boost (Intel DL Boost)Evet<\/div>\n<div>Intel Thermal Velocity BoostHay\u0131r<\/div>\n<div>Intel Turbo Boost Max Teknolojisi 3.0Hay\u0131r<\/div>\n<div>Intel Turbo Boost Teknolojisi2,0<\/div>\n<div>Intel vPro Platformuna UygunHay\u0131r<\/div>\n<div>Intel Hyper-Threading TeknolojisiEvet<\/div>\n<div>Intel Sanalla\u015ft\u0131rma TeknolojisiEvet<\/div>\n<div>Intel Y\u00f6nlendirilen G\/\u00c7 \u0130\u00e7in Sanalla\u015ft\u0131rma TeknolojisiEvet<\/div>\n<div>Geni\u015fletilmi\u015f Sayfa Tablolar\u0131 ile Intel VT-xEvet<\/div>\n<div>Intel 64Evet<\/div>\n<div>Y\u00f6nerge Seti64-bit<\/div>\n<div>Y\u00f6nerge Seti Uzant\u0131lar\u0131Intel SSE4.1, Intel SSE4.2, Intel AVX2, Intel AVX-512<\/div>\n<div>Bo\u015fta Bekleme Durumlar\u0131Evet<\/div>\n<div>Geli\u015fmi\u015f Intel SpeedStep TeknolojisiEvet<\/div>\n<div>Termal \u0130zleme TeknolojileriEvet<\/div>\n<div>Intel Do\u011frulamaTeknolojisiEvet<\/div>\n<div>Intel Sabit G\u00f6r\u00fcnt\u00fc Platformu Program\u0131Hay\u0131r<\/div>\n<div>Intel Gaussianand Neural AcceleratorEvet<\/div>\n<\/div>\n<\/div>\n<div class=\"phPart\"><span class=\"phSpecHeader\">G\u00fcvenlik ve G\u00fcvenilirlik<\/span><\/p>\n<div class=\"phSpec\">\n<div>Intel AES Yeni Y\u00f6nergeleriEvet<\/div>\n<div>Secure KeyEvet<\/div>\n<div>Intel Software Guard Extensions (Intel SGX)Hay\u0131r<\/div>\n<div>Intel OS GuardEvet<\/div>\n<div>Intel Trusted Execution TeknolojisiHay\u0131r<\/div>\n<div>Execute Disable BitEvet<\/div>\n<div>Intel Boot GuardEvet<\/div>\n<\/div>\n<\/div>\n<\/div>\n<div>\n<h2 class=\"card-title text-center mt-10 justify-center\">Intel Core i5-11400F \u0130\u015flemci \u00d6zellikleri<\/h2>\n<div class=\"columns-1 md:columns-2 gap-5\">\n<div class=\"mb-7 break-inside-avoid-column text-left\">\n<p class=\"text-xl font-medium mb-1\">Genel \u00d6zellikler<\/p>\n<div class=\"bg-neutral-100 px-1 xl:px-5 py-1 shadow-sm\">\n<table class=\"w-full prose\">\n<tbody>\n<tr>\n<th class=\"text-sm lg:text-base w-28 lg:w-48\">Marka<\/th>\n<td class=\"text-sm lg:text-base break-all\">Intel<\/td>\n<\/tr>\n<tr>\n<th class=\"text-sm lg:text-base w-28 lg:w-48\">\u0130\u015flemci Modeli<\/th>\n<td class=\"text-sm lg:text-base break-all\">Intel Core i5<\/td>\n<\/tr>\n<tr>\n<th class=\"text-sm lg:text-base w-28 lg:w-48\">\u0130\u015flemci H\u0131z\u0131<\/th>\n<td class=\"text-sm lg:text-base break-all\">2.6 GHz<\/td>\n<\/tr>\n<tr>\n<th class=\"text-sm lg:text-base w-28 lg:w-48\">\u0130\u015flemci Kodu<\/th>\n<td class=\"text-sm lg:text-base break-all\">i5 11400F<\/td>\n<\/tr>\n<tr>\n<th class=\"text-sm lg:text-base w-28 lg:w-48\">\u0130\u015flemci Grafikleri<\/th>\n<td class=\"text-sm lg:text-base break-all\">Yok<\/td>\n<\/tr>\n<tr>\n<th class=\"text-sm lg:text-base w-28 lg:w-48\">Overclock<\/th>\n<td class=\"text-sm lg:text-base break-all\">Yok<\/td>\n<\/tr>\n<tr>\n<th class=\"text-sm lg:text-base w-28 lg:w-48\">Turbo (Max. \u00c7al\u0131\u015fma H\u0131z\u0131)<\/th>\n<td class=\"text-sm lg:text-base break-all\">4.40 Ghz<\/td>\n<\/tr>\n<tr>\n<th class=\"text-sm lg:text-base w-28 lg:w-48\">Veri Yolu H\u0131z\u0131<\/th>\n<td class=\"text-sm lg:text-base break-all\">8 GT\/s<\/td>\n<\/tr>\n<tr>\n<th class=\"text-sm lg:text-base w-28 lg:w-48\">Soket Yap\u0131s\u0131<\/th>\n<td class=\"text-sm lg:text-base break-all\">1200<\/td>\n<\/tr>\n<tr>\n<th class=\"text-sm lg:text-base w-28 lg:w-48\">\u00dcretim Tekni\u011fi<\/th>\n<td class=\"text-sm lg:text-base break-all\">14 nm<\/td>\n<\/tr>\n<tr>\n<th class=\"text-sm lg:text-base w-28 lg:w-48\">Garanti<\/th>\n<td class=\"text-sm lg:text-base break-all\">24 Ay Garanti<\/td>\n<\/tr>\n<tr>\n<th class=\"text-sm lg:text-base w-28 lg:w-48\">Di\u011fer \u00d6zellikler<\/th>\n<td class=\"text-sm lg:text-base break-all\">11. Nesil Intel Core \u0130\u015flemci<\/td>\n<\/tr>\n<\/tbody>\n<\/table>\n<\/div>\n<\/div>\n<div class=\"mb-7 break-inside-avoid-column text-left\">\n<p class=\"text-xl font-medium mb-1\">Performans<\/p>\n<div class=\"bg-neutral-100 px-1 xl:px-5 py-1 shadow-sm\">\n<table class=\"w-full prose\">\n<tbody>\n<tr>\n<th class=\"text-sm lg:text-base w-28 lg:w-48\">\u00c7ekirdek Say\u0131s\u0131<\/th>\n<td class=\"text-sm lg:text-base break-all\">6 \u00c7ekirdek<\/td>\n<\/tr>\n<tr>\n<th class=\"text-sm lg:text-base w-28 lg:w-48\">Sanal \u00c7ekirdek<\/th>\n<td class=\"text-sm lg:text-base break-all\">12<\/td>\n<\/tr>\n<tr>\n<th class=\"text-sm lg:text-base w-28 lg:w-48\">\u00d6n Bellek<\/th>\n<td class=\"text-sm lg:text-base break-all\">12 MB<\/td>\n<\/tr>\n<tr>\n<th class=\"text-sm lg:text-base w-28 lg:w-48\">Bellek T\u00fcrleri<\/th>\n<td class=\"text-sm lg:text-base break-all\">DDR4 3200 MHz<\/td>\n<\/tr>\n<tr>\n<th class=\"text-sm lg:text-base w-28 lg:w-48\">Max. Bellek Boyutu<\/th>\n<td class=\"text-sm lg:text-base break-all\">128 Gb<\/td>\n<\/tr>\n<tr>\n<th class=\"text-sm lg:text-base w-28 lg:w-48\">G\u00fc\u00e7 T\u00fcketimi<\/th>\n<td class=\"text-sm lg:text-base break-all\">65 W<\/td>\n<\/tr>\n<tr>\n<th class=\"text-sm lg:text-base w-28 lg:w-48\">Fan<\/th>\n<td class=\"text-sm lg:text-base break-all\">Yok<\/td>\n<\/tr>\n<\/tbody>\n<\/table>\n<\/div>\n<\/div>\n<\/div>\n<\/div>\n","protected":false},"excerpt":{"rendered":"<p>Intel Core i5-11400F TRAY 2.60GHz 6 \u00c7ekirdek 12MB \u00d6nbellek Soket 1200\u00a0\u0130\u015flemci\u00a0Genel \u00d6zellikler Intel Core i5-11400F11. Nesil Intel Core i5 masa\u00fcst\u00fc i\u015flemci \u0130\u015flemci\u00a0Temel Frekans\u0131: 2.60 GHz \/ Turbo Frekans\u0131: 4.40 GHz 6 \u00e7ekirdek \/ 12 i\u015f par\u00e7ac\u0131\u011f\u0131 12 MB \u00f6nbellek 14 nm mimari 65 W TDP Soket 1200 11. Nesil Intel Core \u0130\u015flemciler\u00a0 Verimli mimari, h\u0131zland\u0131r\u0131lm\u0131\u015f &hellip;<\/p>\n<p class=\"read-more\"> <a class=\" thunk-readmore button \" href=\"https:\/\/bilginteknoloji.com\/woo\/urun\/intel-i5-11400f-6-core-2-6ghz-12mb-65w-lga1200-11-nesil-tray-grafik-kart-yok-fan-yok\/\"> <span class=\"screen-reader-text\">INTEL i5-11400F 6 Core, 2.6Ghz, 12Mb, 65W, LGA1200, 11.Nesil, Tray, (Grafik Kart YOK, Fan YOK)<\/span>Read More<\/a><\/p>\n","protected":false},"featured_media":556,"template":"","meta":{"om_disable_all_campaigns":false,"_monsterinsights_skip_tracking":false,"_monsterinsights_sitenote_active":false,"_monsterinsights_sitenote_note":"","_monsterinsights_sitenote_category":0},"product_cat":[66],"product_tag":[],"class_list":{"0":"post-555","1":"product","2":"type-product","3":"status-publish","4":"has-post-thumbnail","6":"product_cat-intel-islemciler","7":"thunk-woo-product-list","8":"opn-qv-enable","9":"top-store-woo-hover-zoom","10":"top-store-single-product-tab-horizontal","11":"top-store-shadow-","12":"top-store-shadow-hover-","14":"first","15":"instock","16":"taxable","17":"shipping-taxable","18":"product-type-simple"},"aioseo_notices":[],"_links":{"self":[{"href":"https:\/\/bilginteknoloji.com\/woo\/wp-json\/wp\/v2\/product\/555","targetHints":{"allow":["GET"]}}],"collection":[{"href":"https:\/\/bilginteknoloji.com\/woo\/wp-json\/wp\/v2\/product"}],"about":[{"href":"https:\/\/bilginteknoloji.com\/woo\/wp-json\/wp\/v2\/types\/product"}],"wp:featuredmedia":[{"embeddable":true,"href":"https:\/\/bilginteknoloji.com\/woo\/wp-json\/wp\/v2\/media\/556"}],"wp:attachment":[{"href":"https:\/\/bilginteknoloji.com\/woo\/wp-json\/wp\/v2\/media?parent=555"}],"wp:term":[{"taxonomy":"product_cat","embeddable":true,"href":"https:\/\/bilginteknoloji.com\/woo\/wp-json\/wp\/v2\/product_cat?post=555"},{"taxonomy":"product_tag","embeddable":true,"href":"https:\/\/bilginteknoloji.com\/woo\/wp-json\/wp\/v2\/product_tag?post=555"}],"curies":[{"name":"wp","href":"https:\/\/api.w.org\/{rel}","templated":true}]}}