{"id":546,"date":"2024-08-13T14:28:18","date_gmt":"2024-08-13T11:28:18","guid":{"rendered":"https:\/\/bilginteknoloji.com\/woo\/?post_type=product&#038;p=546"},"modified":"2024-08-13T14:28:19","modified_gmt":"2024-08-13T11:28:19","slug":"dexim-sc-301-bluetooth-5-3-kablosuz-kulaklik-black-rose","status":"publish","type":"product","link":"https:\/\/bilginteknoloji.com\/woo\/urun\/dexim-sc-301-bluetooth-5-3-kablosuz-kulaklik-black-rose\/","title":{"rendered":"DEXIM SC-301, Bluetooth 5.3, Kablosuz, Kulakl\u0131k, Black Rose"},"content":{"rendered":"<table border=\"0\" width=\"98%\">\n<tbody>\n<tr>\n<td class=\"ozellik1\">Marka<\/td>\n<td class=\"ozellik3\">DEXIM<\/td>\n<\/tr>\n<tr>\n<td class=\"noktalar\" colspan=\"2\"><\/td>\n<\/tr>\n<tr>\n<td class=\"ozellik1\">Kulakl\u0131k frekans\u0131<\/td>\n<td class=\"ozellik2\">Tan\u0131ms\u0131z<\/td>\n<\/tr>\n<tr>\n<td class=\"noktalar\" colspan=\"2\"><\/td>\n<\/tr>\n<tr>\n<td class=\"ozellik1\">\u00dcr\u00fcn rengi<\/td>\n<td class=\"ozellik3\">Siyah<\/td>\n<\/tr>\n<tr>\n<td class=\"noktalar\" colspan=\"2\"><\/td>\n<\/tr>\n<tr>\n<td class=\"ozellik1\">\u00dcr\u00fcn tipi<\/td>\n<td class=\"ozellik2\">Kulakl\u0131k<\/td>\n<\/tr>\n<tr>\n<td class=\"noktalar\" colspan=\"2\"><\/td>\n<\/tr>\n<tr>\n<td class=\"ozellik1\">Takma tipi<\/td>\n<td class=\"ozellik3\">Sa\u00e7 band\u0131<\/td>\n<\/tr>\n<tr>\n<td class=\"noktalar\" colspan=\"2\"><\/td>\n<\/tr>\n<tr>\n<td class=\"ozellik1\">\u00d6nerilen kullan\u0131m<\/td>\n<td class=\"ozellik2\">M\u00fczik<\/td>\n<\/tr>\n<tr>\n<td class=\"noktalar\" colspan=\"2\"><\/td>\n<\/tr>\n<tr>\n<td class=\"ozellik1\">Kulakl\u0131k t\u00fcr\u00fc<\/td>\n<td class=\"ozellik3\">Binoral<\/td>\n<\/tr>\n<tr>\n<td class=\"noktalar\" colspan=\"2\"><\/td>\n<\/tr>\n<tr>\n<td class=\"ozellik1\">Ba\u011flant\u0131 teknolojisi<\/td>\n<td class=\"ozellik2\">Kablosuz<\/td>\n<\/tr>\n<tr>\n<td class=\"noktalar\" colspan=\"2\"><\/td>\n<\/tr>\n<tr>\n<td class=\"ozellik1\">Bluetooth<\/td>\n<td class=\"ozellik3\">Evet<\/td>\n<\/tr>\n<tr>\n<td class=\"noktalar\" colspan=\"2\"><\/td>\n<\/tr>\n<tr>\n<td class=\"ozellik1\">Bluetooth versiyonu<\/td>\n<td class=\"ozellik2\">5.3<\/td>\n<\/tr>\n<tr>\n<td class=\"noktalar\" colspan=\"2\"><\/td>\n<\/tr>\n<tr>\n<td class=\"ozellik1\">Kablosuz y\u00f6neltici alan\u0131<\/td>\n<td class=\"ozellik3\">10 m<\/td>\n<\/tr>\n<tr>\n<td class=\"noktalar\" colspan=\"2\"><\/td>\n<\/tr>\n<tr>\n<td class=\"ozellik1\">Kulakl\u0131k \u00e7e\u015fidi<\/td>\n<td class=\"ozellik2\">D\u0131\u015f<\/td>\n<\/tr>\n<tr>\n<td class=\"noktalar\" colspan=\"2\"><\/td>\n<\/tr>\n<tr>\n<td class=\"ozellik1\">\u00d6zdiren\u00e7<\/td>\n<td class=\"ozellik3\">64 ?<\/td>\n<\/tr>\n<tr>\n<td class=\"noktalar\" colspan=\"2\"><\/td>\n<\/tr>\n<tr>\n<td class=\"ozellik1\">S\u00fcr\u00fcc\u00fc \u00fcnitesi<\/td>\n<td class=\"ozellik2\">4 cm<\/td>\n<\/tr>\n<tr>\n<td class=\"noktalar\" colspan=\"2\"><\/td>\n<\/tr>\n<tr>\n<td class=\"ozellik1\">Mikrofon tipi<\/td>\n<td class=\"ozellik3\">Mevcut de\u011fil<\/td>\n<\/tr>\n<tr>\n<td class=\"noktalar\" colspan=\"2\"><\/td>\n<\/tr>\n<tr>\n<td class=\"ozellik1\">Pille \u00e7al\u0131\u015f\u0131r<\/td>\n<td class=\"ozellik2\">Evet<\/td>\n<\/tr>\n<tr>\n<td class=\"noktalar\" colspan=\"2\"><\/td>\n<\/tr>\n<tr>\n<td class=\"ozellik1\">Pil t\u00fcr\u00fc<\/td>\n<td class=\"ozellik3\">Yerle\u015fik batarya<\/td>\n<\/tr>\n<tr>\n<td class=\"noktalar\" colspan=\"2\"><\/td>\n<\/tr>\n<tr>\n<td class=\"ozellik1\">Pil teknolojisi<\/td>\n<td class=\"ozellik2\">Lityum<\/td>\n<\/tr>\n<tr>\n<td class=\"noktalar\" colspan=\"2\"><\/td>\n<\/tr>\n<tr>\n<td class=\"ozellik1\">Pil performans\u0131<\/td>\n<td class=\"ozellik3\">300 mAh<\/td>\n<\/tr>\n<tr>\n<td class=\"noktalar\" colspan=\"2\"><\/td>\n<\/tr>\n<tr>\n<td class=\"ozellik1\">Giri\u015f gerilimi (kulakl\u0131k)<\/td>\n<td class=\"ozellik2\">3,7 V<\/td>\n<\/tr>\n<tr>\n<td class=\"noktalar\" colspan=\"2\"><\/td>\n<\/tr>\n<tr>\n<td class=\"ozellik1\">M\u00fczik Oynatma<\/td>\n<td class=\"ozellik3\">20 Saat<\/td>\n<\/tr>\n<tr>\n<td class=\"noktalar\" colspan=\"2\"><\/td>\n<\/tr>\n<tr>\n<td class=\"ozellik1\">Pilin yeniden \u015farj edilme s\u00fcresi<\/td>\n<td class=\"ozellik2\">2 Saat<\/td>\n<\/tr>\n<\/tbody>\n<\/table>\n","protected":false},"excerpt":{"rendered":"<p>Marka DEXIM Kulakl\u0131k frekans\u0131 Tan\u0131ms\u0131z \u00dcr\u00fcn rengi Siyah \u00dcr\u00fcn tipi Kulakl\u0131k Takma tipi Sa\u00e7 band\u0131 \u00d6nerilen kullan\u0131m M\u00fczik Kulakl\u0131k t\u00fcr\u00fc Binoral Ba\u011flant\u0131 teknolojisi Kablosuz Bluetooth Evet Bluetooth versiyonu 5.3 Kablosuz y\u00f6neltici alan\u0131 10 m Kulakl\u0131k \u00e7e\u015fidi D\u0131\u015f \u00d6zdiren\u00e7 64 ? S\u00fcr\u00fcc\u00fc \u00fcnitesi 4 cm Mikrofon tipi Mevcut de\u011fil Pille \u00e7al\u0131\u015f\u0131r Evet Pil t\u00fcr\u00fc Yerle\u015fik batarya &hellip;<\/p>\n<p class=\"read-more\"> <a class=\" thunk-readmore button \" href=\"https:\/\/bilginteknoloji.com\/woo\/urun\/dexim-sc-301-bluetooth-5-3-kablosuz-kulaklik-black-rose\/\"> <span class=\"screen-reader-text\">DEXIM SC-301, Bluetooth 5.3, Kablosuz, Kulakl\u0131k, Black Rose<\/span>Read More<\/a><\/p>\n","protected":false},"featured_media":547,"template":"","meta":{"om_disable_all_campaigns":false,"_monsterinsights_skip_tracking":false,"_monsterinsights_sitenote_active":false,"_monsterinsights_sitenote_note":"","_monsterinsights_sitenote_category":0},"product_cat":[115],"product_tag":[],"class_list":{"0":"post-546","1":"product","2":"type-product","3":"status-publish","4":"has-post-thumbnail","6":"product_cat-kablosuz-kulakliklar","7":"thunk-woo-product-list","8":"opn-qv-enable","9":"top-store-woo-hover-zoom","10":"top-store-single-product-tab-horizontal","11":"top-store-shadow-","12":"top-store-shadow-hover-","14":"first","15":"instock","16":"taxable","17":"shipping-taxable","18":"product-type-simple"},"aioseo_notices":[],"_links":{"self":[{"href":"https:\/\/bilginteknoloji.com\/woo\/wp-json\/wp\/v2\/product\/546","targetHints":{"allow":["GET"]}}],"collection":[{"href":"https:\/\/bilginteknoloji.com\/woo\/wp-json\/wp\/v2\/product"}],"about":[{"href":"https:\/\/bilginteknoloji.com\/woo\/wp-json\/wp\/v2\/types\/product"}],"wp:featuredmedia":[{"embeddable":true,"href":"https:\/\/bilginteknoloji.com\/woo\/wp-json\/wp\/v2\/media\/547"}],"wp:attachment":[{"href":"https:\/\/bilginteknoloji.com\/woo\/wp-json\/wp\/v2\/media?parent=546"}],"wp:term":[{"taxonomy":"product_cat","embeddable":true,"href":"https:\/\/bilginteknoloji.com\/woo\/wp-json\/wp\/v2\/product_cat?post=546"},{"taxonomy":"product_tag","embeddable":true,"href":"https:\/\/bilginteknoloji.com\/woo\/wp-json\/wp\/v2\/product_tag?post=546"}],"curies":[{"name":"wp","href":"https:\/\/api.w.org\/{rel}","templated":true}]}}