{"id":535,"date":"2024-08-13T12:57:31","date_gmt":"2024-08-13T09:57:31","guid":{"rendered":"https:\/\/bilginteknoloji.com\/woo\/?post_type=product&#038;p=535"},"modified":"2024-08-13T12:57:31","modified_gmt":"2024-08-13T09:57:31","slug":"tp-link-td-w9970-4-port-2-4ghz-wifi-300mbps-2xanten-vdsl2-adsl2-modem","status":"publish","type":"product","link":"https:\/\/bilginteknoloji.com\/woo\/urun\/tp-link-td-w9970-4-port-2-4ghz-wifi-300mbps-2xanten-vdsl2-adsl2-modem\/","title":{"rendered":"TP-LINK TD-W9970, 4 Port, 2.4Ghz Wifi, 300Mbps, 2xAnten, VDSL2, ADSL2+ MODEM"},"content":{"rendered":"<div><img decoding=\"async\" src=\"http:\/\/www.detayresimler.com\/urun\/1\/17TD-W9970.jpg\" \/><\/div>\n<div>\n<ul>\n<li>Dual WAN portu \u00f6zelli\u011fi ile VDSL\/ADSL\/Fiber\/Kablo servisleri ile uyumludur<\/li>\n<li>VDSL2 \u00fczerinden 100Mbps&#8217;e kadar geni\u015fband h\u0131zlar\u0131 sunar ve geriye d\u00f6n\u00fck olarak ADSL ile uyumludur<\/li>\n<li>\u00c7ok fonksiyonlu USB portu ile arkada\u015flar\u0131n\u0131z ve aile bireylerinizle dosya, medya ve yaz\u0131c\u0131 payla\u015f\u0131m\u0131<\/li>\n<\/ul>\n<\/div>\n<div align=\"center\"><img decoding=\"async\" src=\"http:\/\/www.detayresimler.com\/urun\/1\/17TD-W9970_1.jpg\" \/><\/div>\n<div>En yeni ITU-T G.993.2 VDSL2 standard\u0131 ile gelen 100Mbps&#8217;e varan indirme h\u0131zlar\u0131n\u0131 destekleyen TD-W9970 ayn\u0131 zamanda geriye d\u00f6n\u00fck olarak da ADSL ile uyumludur. 2.4GHz band\u0131 \u00fczerinden 300Mbps kablosuz ba\u011flant\u0131 h\u0131zlar\u0131 ile kesintisiz HD video yay\u0131nlar\u0131, online oyunlar ve di\u011fer yo\u011fun bant geni\u015fli\u011fi uygulamalar\u0131 i\u00e7in m\u00fckemmel bir se\u00e7imdir.<\/div>\n<div align=\"center\"><img decoding=\"async\" src=\"http:\/\/www.detayresimler.com\/urun\/1\/17TD-W9970_2.jpg\" \/><\/div>\n<div>TD-W9970 destekledi\u011fi VDSL\/ADSL veya Ethernet WAN (EWAN) ba\u011flant\u0131lar\u0131 ile kullan\u0131c\u0131lara farkl\u0131 Internet ba\u011flant\u0131lar\u0131n\u0131n esnekli\u011fini sunar. De\u011fi\u015ftirilebilir LAN\/WAN portu \u00f6zelli\u011fi ile Fiber\/Kablo servislerine ba\u011flanabilirlik sa\u011flar. Bu benzersiz \u00f6zellik sayesinde kullan\u0131c\u0131lar\u0131n istedikleri an fiber veya kablo servisleri aras\u0131nda ge\u00e7i\u015f yapmalar\u0131na olanak tan\u0131r.<\/div>\n<div align=\"center\"><img decoding=\"async\" src=\"http:\/\/www.detayresimler.com\/urun\/1\/17TD-W9970_3.jpg\" \/><\/div>\n<div align=\"center\"><img decoding=\"async\" src=\"http:\/\/www.detayresimler.com\/urun\/1\/17TD-W9970_4.jpg\" \/><\/div>\n<div>100Mbps&#8217;e kadar VDSL2 geni\u015fband h\u0131zlar\u0131 sunan TD-W9970 ayn\u0131 zamanda geriye d\u00f6n\u00fck olarak da ADSL2+\/ADSL2\/ADSL standartlar\u0131n\u0131 da desteklemektedir. Ses, video, veri, HDTV ve etkile\u015fimli oyun gibi \u00fc\u00e7l\u00fc oynatma servislerinin geni\u015f da\u011f\u0131t\u0131m\u0131 desteklemesi i\u00e7in dizayn edilmi\u015ftir.<\/div>\n<div align=\"center\"><img decoding=\"async\" src=\"http:\/\/www.detayresimler.com\/urun\/1\/17TD-W9970_5.jpg\" \/><\/div>\n<div>TD-W9970&#8217;in \u00e7ok fonksiyonlu USB 2.0 portu ile evde a\u011f \u00fczerinde yaz\u0131c\u0131, dosya ve medya payla\u015f\u0131m\u0131 yapabilir, ayr\u0131ca FTP sunucu fonksiyonu ile de Internet \u00fczerinden dosyalar\u0131n\u0131za ula\u015fabilirsiniz.<\/div>\n<div align=\"center\"><img decoding=\"async\" src=\"http:\/\/www.detayresimler.com\/urun\/1\/17TD-W9970_6.jpg\" \/><\/div>\n<div align=\"center\"><img decoding=\"async\" src=\"http:\/\/www.detayresimler.com\/urun\/1\/17TD-W9970_7.jpg\" \/><\/div>\n<div>Ayn\u0131 anda 10 IPSec VPN t\u00fcnelini destekleyen TD-W9970, ev veya uzak bir a\u011f aras\u0131nda Internet \u00fczerinden sanal \u00f6zel bir a\u011f kurulumunun esnekli\u011fi ile i\u015fyeriniz ve eviniz aras\u0131nda g\u00fcvenli a\u011f ba\u011flant\u0131s\u0131n\u0131n avantajlar\u0131n\u0131 sunar.<\/div>\n<table width=\"800px\" align=\"center\">\n<tbody>\n<tr>\n<td>\n<div><img decoding=\"async\" src=\"http:\/\/www.detayresimler.com\/urun\/1\/17TD-W9970_8.jpg\" \/><\/div>\n<div>TP-LINK Hakk\u0131nda<\/div>\n<div>TP LINK 120yi a\u015fk\u0131n \u00fclkede bulunan ve milyonlarca m\u00fc\u015fterisi ile beraber d\u00fcnyan\u0131n 1 numaral\u0131 kablosuz a\u011f \u00fcreticisidir G\u00fc\u00e7l\u00fc ARGEsi, verimli ve s\u0131k\u0131 y\u00f6netimi ile beraber, t\u00fcm d\u00fcnya \u00e7ap\u0131ndaki kullan\u0131c\u0131lar i\u00e7in, ADSL, Routers, IP Kameralar, Powerline Adat\u00f6rler, Pirint Sunucular, Medya \u00c7eviriciler ve A\u011f sunucular\u0131 ile beraber \u00f6d\u00fcl kazanan \u00fcr\u00fcnler \u00fcretmeye devam etmektedir.<\/p>\n<p>Milyonlarca kullan\u0131c\u0131n\u0131n vermi\u015f oldu\u011fu g\u00fcvenle, TP LINK rekabet\u00e7i a\u011f markalar\u0131n\u0131n i\u00e7inde a\u011f \u00fcr\u00fcnleri \u00fcreterek d\u00fcnyada ilk 3 s\u0131raya girmeyi hedefleyen ve d\u00fcnya pazar\u0131nda de\u011ferli m\u00fc\u015fterilerimizin hayat\u0131n\u0131 kolayla\u015ft\u0131racak a\u011f \u00fcr\u00fcnlerini d\u00fcnya pazar\u0131na sunmaya devam etmektedir.<\/p>\n<p>Ayr\u0131nt\u0131l\u0131 Bilgi \u0130\u00e7in:\u00a0www.tp-link.com.tr<\/p><\/div>\n<\/td>\n<\/tr>\n<\/tbody>\n<\/table>\n<div><img decoding=\"async\" src=\"http:\/\/www.detayresimler.com\/urun\/1\/17TD-W9970_9.jpg\" height=\"15\" \/><\/div>\n<table>\n<thead>\n<tr>\n<th colspan=\"2\">DONANIM \u00d6ZELL\u0130KLER\u0130<\/th>\n<\/tr>\n<\/thead>\n<tbody>\n<tr>\n<th width=\"35%\">Arabirim<\/th>\n<td width=\"65%\">4 10\/100Mbps RJ45 Port<br \/>\n1 RJ11 Port<br \/>\n1 USB 2.0 Port<\/td>\n<\/tr>\n<tr>\n<th width=\"35%\">Buton<\/th>\n<td width=\"65%\">1 G\u00fc\u00e7 A\u00e7am\/Kapama Butonu<br \/>\n1 WPS\/RESET Butonu<br \/>\n1 Wi-Fi A\u00e7ma\/Kapama Butonu<\/td>\n<\/tr>\n<tr>\n<th width=\"35%\">Harici G\u00fc\u00e7 Kayna\u011f\u0131<\/th>\n<td width=\"65%\">12VDC\/1A<\/td>\n<\/tr>\n<tr>\n<th width=\"35%\">IEEE Standartlar\u0131<\/th>\n<td width=\"65%\">IEEE 802.3, 802.3u<\/td>\n<\/tr>\n<tr>\n<th width=\"35%\">VDSL2 Standartlar\u0131<\/th>\n<td width=\"65%\">ITU-T G.993.2<br \/>\nITU-T G.993.5 (G.vector)<br \/>\nITU-T G.998.4 (G.INP<\/td>\n<\/tr>\n<tr>\n<th width=\"35%\">ADSL Standartlar\u0131<\/th>\n<td width=\"65%\">Full-rate ANSI T1.413 Issue 2<br \/>\nITU-T G.992.1(G.DMT)<br \/>\nITU-T G.994.1 (G.hs)<br \/>\nITU-T G.995.1<\/td>\n<\/tr>\n<tr>\n<th width=\"35%\">ADSL2 Standartlar\u0131<\/th>\n<td width=\"65%\">ITU-T G.992.3 (G.dmt.bis)<\/td>\n<\/tr>\n<tr>\n<th width=\"35%\">ADSL2+ Standartlar\u0131<\/th>\n<td width=\"65%\">ITU-T G.992.5<\/td>\n<\/tr>\n<tr>\n<th width=\"35%\">Boyutlar ( W X D X H )<\/th>\n<td width=\"65%\">7.7*5.1*1.4 in. ( 195\u00d7130\u00d736mm)<\/td>\n<\/tr>\n<tr>\n<th width=\"35%\">Anten Tipi<\/th>\n<td width=\"65%\">Omni directional, Sabit<\/td>\n<\/tr>\n<tr>\n<th width=\"35%\">Anten Kazanc\u0131<\/th>\n<td width=\"65%\">2 x 5dBi<\/td>\n<\/tr>\n<\/tbody>\n<\/table>\n<table>\n<thead>\n<tr>\n<th colspan=\"2\">KABLOSUZ \u00d6ZELL\u0130KLER\u0130<\/th>\n<\/tr>\n<\/thead>\n<tbody>\n<tr>\n<th width=\"35%\">Kablosuz Standartlar<\/th>\n<td width=\"65%\">IEEE 802.11b, 802.11g, 802.11n<\/td>\n<\/tr>\n<tr>\n<th width=\"35%\">Frekans<\/th>\n<td width=\"65%\">2.400-2.4835GHz<\/td>\n<\/tr>\n<tr>\n<th width=\"35%\">\u0130letim G\u00fcc\u00fc<\/th>\n<td width=\"65%\"><\/td>\n<\/tr>\n<tr>\n<th width=\"35%\">Kablosuz G\u00fcvenlik<\/th>\n<td width=\"65%\">64\/128 bit WEP, WPA \/WPA2, WPA-PSK\/WPA2-PSK \u015fifreleme deste\u011fi,<br \/>\nKablosuz MAC Filtreleme<\/td>\n<\/tr>\n<\/tbody>\n<\/table>\n<table>\n<thead>\n<tr>\n<th colspan=\"2\">YAZILIM \u00d6ZELL\u0130KLER\u0130<\/th>\n<\/tr>\n<\/thead>\n<tbody>\n<tr>\n<th width=\"35%\">Quality of Service<\/th>\n<td width=\"65%\">WMM, Band Geni\u015fli\u011fi Kontrol\u00fc (IP QoS)<\/td>\n<\/tr>\n<tr>\n<th width=\"35%\">G\u00fcvenlik<\/th>\n<td width=\"65%\">NAT Firewall,<br \/>\nSPI Firewall,<br \/>\nMAC \/ IP \/ URL Filtering<\/td>\n<\/tr>\n<tr>\n<th width=\"35%\">IPv6<\/th>\n<td width=\"65%\">IPv6 ve IPv4 dual stack<br \/>\nIPv6 T\u00fcnel Deste\u011fi: DS-Lite, 6RD, 6 to 4<br \/>\nIPv6 Ba\u011flant\u0131 Tipi Deste\u011fi: PPPoEv6, DHCPv6, Static IPv6<\/td>\n<\/tr>\n<tr>\n<th width=\"35%\">Y\u00f6netim<\/th>\n<td width=\"65%\">Web Tabanl\u0131 Yap\u0131land\u0131rma(HTTP),<br \/>\nUzak Y\u00f6netim,<br \/>\nTelnet Y\u00f6netimi,<br \/>\nKomut Sat\u0131r\u0131 Aray\u00fcz\u00fc,<br \/>\nTR-069 i\u00e7in SSL,<br \/>\nSNMP V1\/V2C,<br \/>\nWeb Tabanl\u0131 Yaz\u0131l\u0131m G\u00fcncelleme,<br \/>\nCWMP(TR-069),<br \/>\nTan\u0131lama Ara\u00e7lar\u0131<\/td>\n<\/tr>\n<tr>\n<th width=\"35%\">Port Y\u00f6nlendirme<\/th>\n<td width=\"65%\">Virtual server, Port Tetikleme, UPnP, DMZ, Y\u00f6netim Kontrol<\/td>\n<\/tr>\n<tr>\n<th width=\"35%\">VPN Pass-Through<\/th>\n<td width=\"65%\">PPTP, L2TP, IPSec Pass-through<\/td>\n<\/tr>\n<tr>\n<th width=\"35%\">ATM\/PPP Protokolleri<\/th>\n<td width=\"65%\">ATM Forum UNI3.1\/4.0<br \/>\nPPP over ATM (RFC 2364)<br \/>\nPPP over Ethernet (RFC2516)<br \/>\nIPoA (RFC1577\/2225)<br \/>\nPVC &#8211; 8&#8217;e kadar PVC<\/td>\n<\/tr>\n<tr>\n<th width=\"35%\">Geli\u015fmi\u015f \u00d6zellikler<\/th>\n<td width=\"65%\">Ethernet WAN (EWAN)<br \/>\nMisafir A\u011f, Kablosuz Takvim<br \/>\nEbeveyn Kontrol<br \/>\nTraffic Shaping(ATM QoS) UBR, CBR, VBR-rt, VBR-nrt;<br \/>\nDynamic Host Configuration Protocol (DHCP), DHCP relay;<br \/>\nA\u011f Adresi D\u00f6n\u00fc\u015ft\u00fcrme (NAT);<br \/>\nPVC\/Ethernet Port Gruplama<br \/>\nStatik Y\u00f6nlendirme, RIP v1\/v2 (opsiyonel);<br \/>\nDNS Relay, DDNS,<br \/>\nIGMP snooping V1\/2<br \/>\nIGMP Multicast,<br \/>\nUPnP<\/td>\n<\/tr>\n<tr>\n<th width=\"35%\">USB Payla\u015f\u0131m<\/th>\n<td width=\"65%\">Depolama Ayg\u0131t\u0131 Payla\u015f\u0131m\u0131<br \/>\nFTP Server<br \/>\nMedia Server<br \/>\nPrint Server<\/td>\n<\/tr>\n<tr>\n<th width=\"35%\">IGMP<\/th>\n<td width=\"65%\">IGMP snooping V1\/V2\/V3<br \/>\nIGMP Multicast<\/td>\n<\/tr>\n<tr>\n<th width=\"35%\">IPSec VPN<\/th>\n<td width=\"65%\">10 IPSec VPN Tunnels<br \/>\nLAN-to-LAN<br \/>\nMain, Aggressive Negotiation Mode<br \/>\nDES, 3DES, AES128, AES192, AES256 Encryption Algorithm<br \/>\nMD5, SHA1 Authentication Algorithm<br \/>\nvManual, IKE Key Management Mode<br \/>\nDead Peer Detection (DPD)<br \/>\nPerfect Forward Secrecy (PFS)<\/td>\n<\/tr>\n<\/tbody>\n<\/table>\n<table>\n<thead>\n<tr>\n<th colspan=\"2\">D\u0130\u011eERLER\u0130<\/th>\n<\/tr>\n<\/thead>\n<tbody>\n<tr>\n<th width=\"35%\">Sertifika<\/th>\n<td width=\"65%\">CE, FCC, RoHS<\/td>\n<\/tr>\n<tr>\n<th width=\"35%\">Paket \u0130\u00e7eri\u011fi<\/th>\n<td width=\"65%\">TD-W9970<br \/>\nHarici Splitter<br \/>\nRJ-11 Telefon Kablosu<br \/>\nRJ-45 Ethernet Kablosu<br \/>\nH\u0131zl\u0131 Kurulum K\u0131lavuzu<br \/>\n\u00dcr\u00fcn CD&#8217;si<br \/>\nG\u00fc\u00e7 Adapt\u00f6r\u00fc<\/td>\n<\/tr>\n<tr>\n<th width=\"35%\">Sistem Gereksinimleri<\/th>\n<td width=\"65%\">Windows 8.1\/8\/7\/Vista\/XP veya Mac OS veya Linux-tabanl\u0131 i\u015fletim sistemi<\/td>\n<\/tr>\n<tr>\n<th width=\"35%\">Ortam<\/th>\n<td width=\"65%\">Operating Temperature: 0~40 ( 32~104)<br \/>\nStorage Temperature: -40~70 ( -40~158)<br \/>\nOperating Humidity: 10%~90% non-condensing<br \/>\nStorage Humidity: 5%~90% non-condensing<\/td>\n<\/tr>\n<\/tbody>\n<\/table>\n","protected":false},"excerpt":{"rendered":"<p>Dual WAN portu \u00f6zelli\u011fi ile VDSL\/ADSL\/Fiber\/Kablo servisleri ile uyumludur VDSL2 \u00fczerinden 100Mbps&#8217;e kadar geni\u015fband h\u0131zlar\u0131 sunar ve geriye d\u00f6n\u00fck olarak ADSL ile uyumludur \u00c7ok fonksiyonlu USB portu ile arkada\u015flar\u0131n\u0131z ve aile bireylerinizle dosya, medya ve yaz\u0131c\u0131 payla\u015f\u0131m\u0131 En yeni ITU-T G.993.2 VDSL2 standard\u0131 ile gelen 100Mbps&#8217;e varan indirme h\u0131zlar\u0131n\u0131 destekleyen TD-W9970 ayn\u0131 zamanda geriye d\u00f6n\u00fck &hellip;<\/p>\n<p class=\"read-more\"> <a class=\" thunk-readmore button \" href=\"https:\/\/bilginteknoloji.com\/woo\/urun\/tp-link-td-w9970-4-port-2-4ghz-wifi-300mbps-2xanten-vdsl2-adsl2-modem\/\"> <span class=\"screen-reader-text\">TP-LINK TD-W9970, 4 Port, 2.4Ghz Wifi, 300Mbps, 2xAnten, VDSL2, ADSL2+ MODEM<\/span>Read More<\/a><\/p>\n","protected":false},"featured_media":536,"template":"","meta":{"om_disable_all_campaigns":false,"_monsterinsights_skip_tracking":false,"_monsterinsights_sitenote_active":false,"_monsterinsights_sitenote_note":"","_monsterinsights_sitenote_category":0},"product_cat":[172,173],"product_tag":[],"class_list":{"0":"post-535","1":"product","2":"type-product","3":"status-publish","4":"has-post-thumbnail","6":"product_cat-adsl-modem","7":"product_cat-vdsl-modem","8":"thunk-woo-product-list","9":"opn-qv-enable","10":"top-store-woo-hover-zoom","11":"top-store-single-product-tab-horizontal","12":"top-store-shadow-","13":"top-store-shadow-hover-","15":"first","16":"instock","17":"taxable","18":"shipping-taxable","19":"product-type-simple"},"aioseo_notices":[],"_links":{"self":[{"href":"https:\/\/bilginteknoloji.com\/woo\/wp-json\/wp\/v2\/product\/535","targetHints":{"allow":["GET"]}}],"collection":[{"href":"https:\/\/bilginteknoloji.com\/woo\/wp-json\/wp\/v2\/product"}],"about":[{"href":"https:\/\/bilginteknoloji.com\/woo\/wp-json\/wp\/v2\/types\/product"}],"wp:featuredmedia":[{"embeddable":true,"href":"https:\/\/bilginteknoloji.com\/woo\/wp-json\/wp\/v2\/media\/536"}],"wp:attachment":[{"href":"https:\/\/bilginteknoloji.com\/woo\/wp-json\/wp\/v2\/media?parent=535"}],"wp:term":[{"taxonomy":"product_cat","embeddable":true,"href":"https:\/\/bilginteknoloji.com\/woo\/wp-json\/wp\/v2\/product_cat?post=535"},{"taxonomy":"product_tag","embeddable":true,"href":"https:\/\/bilginteknoloji.com\/woo\/wp-json\/wp\/v2\/product_tag?post=535"}],"curies":[{"name":"wp","href":"https:\/\/api.w.org\/{rel}","templated":true}]}}