{"id":483,"date":"2024-08-12T14:12:25","date_gmt":"2024-08-12T11:12:25","guid":{"rendered":"https:\/\/bilginteknoloji.com\/woo\/?post_type=product&#038;p=483"},"modified":"2024-08-12T14:13:56","modified_gmt":"2024-08-12T11:13:56","slug":"amd-ryzen-9-7900-12-core-370-5-40ghz-76mb-cache-170w-am5-soket-tray-kutusuz-grafik-kart-yok-fan-yok","status":"publish","type":"product","link":"https:\/\/bilginteknoloji.com\/woo\/urun\/amd-ryzen-9-7900-12-core-370-5-40ghz-76mb-cache-170w-am5-soket-tray-kutusuz-grafik-kart-yok-fan-yok\/","title":{"rendered":"AMD RYZEN 9 7900 12 Core, 3,70-5.40GHz, 76Mb Cache, 170W, AM5 Soket, TRAY (Kutusuz), (Grafik Kart YOK, Fan YOK)"},"content":{"rendered":"<div class=\"phPart\">\n<p class=\"phHeader\">AMD Ryzen 9 7900 3.70GHz 12 \u00c7ekirdek 76MB \u00d6nbellek Soket AM5 Tray\u00a0<strong>\u0130\u015flemci<\/strong>\u00a0Genel \u00d6zellikler<\/p>\n<\/div>\n<div class=\"phPart\">\n<p class=\"phBanner\"><img decoding=\"async\" src=\"https:\/\/www.detayresimler.com\/urun\/1\/1-7900-T_1.jpg\" alt=\"AMD Ryzen 9 7900 Tray \u0130\u015flemci\" \/><\/p>\n<\/div>\n<div class=\"phPart\">\n<div class=\"phLine\"><span class=\"phText\">AMD Ryzen 9 7900\u00a0<\/span><\/div>\n<ul class=\"phList\">\n<li>\u201cZen 4\u201d mimarisi<\/li>\n<li>TSMC 5nm \u00fcretim teknolojisi<\/li>\n<li>12 \u00e7ekirdek<\/li>\n<li>24 i\u015f par\u00e7ac\u0131\u011f\u0131<\/li>\n<li>5.4 GHz\u2019e kadar frekans h\u0131z\u0131<\/li>\n<li>76 MB \u00f6nbellek (L2+L3 Cache)<\/li>\n<li>65W TDP<\/li>\n<\/ul>\n<\/div>\n<div class=\"phPart\">\n<p class=\"phBanner\"><img decoding=\"async\" src=\"https:\/\/www.detayresimler.com\/urun\/1\/1-7900-T.jpg\" alt=\"AMD Ryzen 9 7900 Tray \u0130\u015flemci\" \/><\/p>\n<\/div>\n<div class=\"phPart\">\n<p><span class=\"phSpecHeader\">Teknik \u00d6zellikler<\/span><\/p>\n<div class=\"phSpec\">\n<div>Marka AMD<\/div>\n<div>Model AMD Ryzen 9 7900<\/div>\n<div>\u0130\u015flemci Ailesi AMD Ryzen \u0130\u015flemciler<\/div>\n<div>\u0130\u015flemci Hatt\u0131 AMD Ryzen 9 Masa\u00fcst\u00fc \u0130\u015flemciler<\/div>\n<div>Mimari Zen 4<\/div>\n<div>\u00c7ekirdek Say\u0131s\u013112<\/div>\n<div>\u0130\u015f Par\u00e7ac\u0131\u011f\u0131 Say\u0131s\u013124<\/div>\n<div>Temel Frekans H\u0131z\u01313.70 GHz<\/div>\n<div>Turbo Frekans H\u0131z\u01315.40 GHz<\/div>\n<div>Toplam L1 \u00d6nbellek768KB<\/div>\n<div>Toplam L2 \u00d6nbellek12MB<\/div>\n<div>Toplam L3 \u00d6nbellek64MB<\/div>\n<div>\u00c7arpan Kilidi A\u00e7\u0131k<\/div>\n<div>\u00dcretim Teknolojisi TSMC 5nm FinFET<\/div>\n<div>SoketAM5<\/div>\n<div>So\u011futucu AMD Wraith Stealth<\/div>\n<div>TDP65W<\/div>\n<div>Maks. S\u0131cakl\u0131k95\u00b0C<\/div>\n<div>\u0130\u015fletim Sistemi\u00a0Deste\u011fiWindows 11 &#8211; 64-Bit Edition, Windows 10 &#8211; 64-Bit Edition, RHEL x86 64-Bit, Ubuntu x86 64-Bit<\/div>\n<\/div>\n<\/div>\n<div class=\"phPart\">\n<p><span class=\"phSpecHeader\">Sistem Belle\u011fi<\/span><\/p>\n<div class=\"phSpec\">\n<div>Bellek TipiDDR5<\/div>\n<div>Bellek Kanal\u01312<\/div>\n<div>Maks. Bellek H\u0131z\u01312x1R: DDR5-5200, 2x2R: DDR5-5200, 4x1R: DDR5-3600, 4x2R: DDR5-3600<\/div>\n<\/div>\n<\/div>\n<div class=\"phPart\">\n<p><span class=\"phSpecHeader\">Grafik \u00d6zellikleri<\/span><\/p>\n<div class=\"phSpec\">\n<div>Model AMD Radeon Graphics<\/div>\n<div>\u00c7ekirdek Say\u0131s\u01312<\/div>\n<div>Frekans2200 MHz<\/div>\n<div>GPU Taban400 MHz<\/div>\n<\/div>\n<\/div>\n<div class=\"phPart\">\n<p><span class=\"phSpecHeader\">Di\u011fer \u00d6zellikler<\/span><\/p>\n<div class=\"phSpec\">\n<div>Desteklenen Teknolojiler AMD EXPO ve AMD Ryzen Teknolojileri<\/div>\n<\/div>\n<\/div>\n","protected":false},"excerpt":{"rendered":"<p>AMD Ryzen 9 7900 3.70GHz 12 \u00c7ekirdek 76MB \u00d6nbellek Soket AM5 Tray\u00a0\u0130\u015flemci\u00a0Genel \u00d6zellikler AMD Ryzen 9 7900\u00a0 \u201cZen 4\u201d mimarisi TSMC 5nm \u00fcretim teknolojisi 12 \u00e7ekirdek 24 i\u015f par\u00e7ac\u0131\u011f\u0131 5.4 GHz\u2019e kadar frekans h\u0131z\u0131 76 MB \u00f6nbellek (L2+L3 Cache) 65W TDP Teknik \u00d6zellikler Marka AMD Model AMD Ryzen 9 7900 \u0130\u015flemci Ailesi AMD Ryzen \u0130\u015flemciler &hellip;<\/p>\n<p class=\"read-more\"> <a class=\" thunk-readmore button \" href=\"https:\/\/bilginteknoloji.com\/woo\/urun\/amd-ryzen-9-7900-12-core-370-5-40ghz-76mb-cache-170w-am5-soket-tray-kutusuz-grafik-kart-yok-fan-yok\/\"> <span class=\"screen-reader-text\">AMD RYZEN 9 7900 12 Core, 3,70-5.40GHz, 76Mb Cache, 170W, AM5 Soket, TRAY (Kutusuz), (Grafik Kart YOK, Fan YOK)<\/span>Read More<\/a><\/p>\n","protected":false},"featured_media":484,"template":"","meta":{"om_disable_all_campaigns":false,"_monsterinsights_skip_tracking":false,"_monsterinsights_sitenote_active":false,"_monsterinsights_sitenote_note":"","_monsterinsights_sitenote_category":0},"product_cat":[65],"product_tag":[],"class_list":{"0":"post-483","1":"product","2":"type-product","3":"status-publish","4":"has-post-thumbnail","6":"product_cat-amd-islemciler","7":"thunk-woo-product-list","8":"opn-qv-enable","9":"top-store-woo-hover-zoom","10":"top-store-single-product-tab-horizontal","11":"top-store-shadow-","12":"top-store-shadow-hover-","14":"first","15":"instock","16":"taxable","17":"shipping-taxable","18":"product-type-simple"},"aioseo_notices":[],"_links":{"self":[{"href":"https:\/\/bilginteknoloji.com\/woo\/wp-json\/wp\/v2\/product\/483","targetHints":{"allow":["GET"]}}],"collection":[{"href":"https:\/\/bilginteknoloji.com\/woo\/wp-json\/wp\/v2\/product"}],"about":[{"href":"https:\/\/bilginteknoloji.com\/woo\/wp-json\/wp\/v2\/types\/product"}],"wp:featuredmedia":[{"embeddable":true,"href":"https:\/\/bilginteknoloji.com\/woo\/wp-json\/wp\/v2\/media\/484"}],"wp:attachment":[{"href":"https:\/\/bilginteknoloji.com\/woo\/wp-json\/wp\/v2\/media?parent=483"}],"wp:term":[{"taxonomy":"product_cat","embeddable":true,"href":"https:\/\/bilginteknoloji.com\/woo\/wp-json\/wp\/v2\/product_cat?post=483"},{"taxonomy":"product_tag","embeddable":true,"href":"https:\/\/bilginteknoloji.com\/woo\/wp-json\/wp\/v2\/product_tag?post=483"}],"curies":[{"name":"wp","href":"https:\/\/api.w.org\/{rel}","templated":true}]}}