{"id":472,"date":"2024-08-12T14:05:53","date_gmt":"2024-08-12T11:05:53","guid":{"rendered":"https:\/\/bilginteknoloji.com\/woo\/?post_type=product&#038;p=472"},"modified":"2024-08-12T14:05:54","modified_gmt":"2024-08-12T11:05:54","slug":"asrock-b450m-hdv-r4-0-2xddr4-m-2-d-sub-dvi-hdmi-am4-soket-anakart","status":"publish","type":"product","link":"https:\/\/bilginteknoloji.com\/woo\/urun\/asrock-b450m-hdv-r4-0-2xddr4-m-2-d-sub-dvi-hdmi-am4-soket-anakart\/","title":{"rendered":"ASROCK, B450M-HDV R4.0, 2xDDR4, M.2, D-SUB, DVI, HDMI, AM4 Soket Anakart"},"content":{"rendered":"<ul class=\"SpecForm\">\n<li>\n<div class=\"SpecItem\">Benzersiz \u00f6zellik<\/div>\n<div class=\"SpecData\"><strong>ASRock S\u00fcper Ala\u015f\u0131m<\/strong><br \/>\n&#8211; Y\u00fcksek Yo\u011funluklu Cam Kuma\u015f PCB<br \/>\n&#8211; Safir Siyah PCB<br \/>\n<strong>ASRock Ultra M.2<\/strong>\u00a0(PCIe Gen3 x4 ve SATA3)<br \/>\n<strong>ASRock Tam Spike Korumas\u0131<\/strong>\u00a0(t\u00fcm USB, Ses, LAN Ba\u011flant\u0131 Noktalar\u0131 i\u00e7in)<br \/>\n<strong>ASRock Live Update &amp; APP Shop<\/strong><\/div>\n<\/li>\n<li>\n<div class=\"SpecItem\">\u0130\u015flemci<\/div>\n<div class=\"SpecData\">&#8211; AMD AM4 Socket Ryzen\u2122 2000, 3000, 4000 G-Serisi, 5000 ve 5000 G-Serisi Masa\u00fcst\u00fc \u0130\u015flemcileri destekler<br \/>\n&#8211; 6 G\u00fc\u00e7 Faz\u0131 tasar\u0131m\u0131<br \/>\n&#8211; 105Wa kadar CPUyu destekler<\/div>\n<\/li>\n<li>\n<div class=\"SpecItem\">Yonga seti<\/div>\n<div class=\"SpecData\">&#8211; AMD Burun B450<\/div>\n<\/li>\n<li>\n<div class=\"SpecItem\">Haf\u0131za<\/div>\n<div class=\"SpecData\">&#8211; \u00c7ift Kanall\u0131 DDR4 Bellek Teknolojisi<br \/>\n&#8211; 2 x DDR4 DIMM Yuvas\u0131<br \/>\n&#8211; AMD Ryzen serisi CPUlar (Vermeer) DDR4 3200 \/ 2933 \/ 2667 \/ 2400 \/ 2133 ECC ve ECC olmayan, arabelleksiz belle\u011fi destekler\u00a0*<br \/>\n&#8211; AMD Ryzen serisi CPUlar (Matisse) DDR4 3200 \/ 2933 \/ 2667 \/ 2400 \/ 2133 ECC ve ECC olmayan, arabelle\u011fe al\u0131nmam\u0131\u015f belle\u011fi destekler\u00a0*<br \/>\n&#8211; AMD Ryzen serisi APUlar (Cezanne) DDR4 3200 \/ 2933 \/ 2667 \/ 2400 \/ 2133 ECC olmayan, arabelle\u011fe al\u0131nmam\u0131\u015f belle\u011fi destekler bellek\u00a0*<br \/>\n&#8211; AMD Ryzen serisi APUlar (Renoir) DDR4 3200 \/ 2933 \/ 2667 \/ 2400 \/ 2133 ECC ve ECC olmayan, arabelleksiz belle\u011fi destekler tumyedekler2.sh tumyedekler.sh tumy.sh &#8211; AMD Ryzen serisi\u00a0CPUlar<br \/>\n(Pinnacle Ridge) DDR4 3200+(OC) \/ 2933\u00fc destekler (OC) \/ 2667 \/ 2400 \/ 2133 ECC ve ECC olmayan, arabelleksiz bellek\u00a0*<br \/>\n&#8211; AMD Ryzen serisi CPUlar (Picasso) DDR4 2933 \/ 2667 \/ 2400 \/ 2133 ECC olmayan, arabelleksiz belle\u011fi destekler\u00a0*<br \/>\n&#8211; AMD Ryzen serisi CPUlar (Summit Ridge) DDR4 3200+(OC) \/ 2933(OC) \/ 2667\/2400\/2133 ECC ve ECC olmayan, arabelleksiz belle\u011fi destekler tumyedekler2.sh tumyedekler.sh tumy.sh &#8211; AMD Ryzen serisi CPUlar (Raven Ridge) DDR4 3200+(OC)\u00a0yi<br \/>\ndestekler \/ 2933 \/ 2667 \/ 2400 \/ 2133 ECC olmayan, arabelleksiz bellek\u00a0*<br \/>\n&#8211; Maks.\u00a0sistem belle\u011fi kapasitesi: 64 GB\u00a0*<br \/>\n&#8211; Extreme Memory Profile (XMP) bellek mod\u00fcllerini destekler<br \/>\n&#8211; DIMM Yuvalar\u0131nda 15\u03bc Alt\u0131n Temas<\/p>\n<div class=\"Notice\">*\u00a0Ryzen Serisi APUlar (Picasso, Cezanne, Renoir ve Raven Ridge) i\u00e7in ECC yaln\u0131zca PRO CPUlarla desteklenir.<br \/>\nAMD XMP olmayan bellek frekans\u0131 deste\u011fi i\u00e7in l\u00fctfen a\u015fa\u011f\u0131daki tabloya bak\u0131n.<\/p>\n<p>Ryzen Serisi CPUlar (Vermeer):<br \/>\n<img decoding=\"async\" src=\"https:\/\/www.detayresimler.com\/urun\/B\/B450M-HDV-R4.jpg\" alt=\"\" \/><\/p>\n<p>Ryzen Serisi CPUlar (Matisse):<br \/>\n<img decoding=\"async\" src=\"https:\/\/www.detayresimler.com\/urun\/B\/B450M-HDV-R4.jpg\" alt=\"\" \/><\/p>\n<p>Ryzen Serisi APUlar (Cezanne):<br \/>\n<img decoding=\"async\" src=\"https:\/\/www.detayresimler.com\/urun\/B\/B450M-HDV-R4.jpg\" alt=\"\" \/><\/p>\n<p>Ryzen Serisi APUlar (Renoir):<br \/>\n<img decoding=\"async\" src=\"https:\/\/www.detayresimler.com\/urun\/B\/B450M-HDV-R4.jpg\" alt=\"\" \/><\/p>\n<p>Ryzen Serisi CPUlar (Pinnacle Ridge):<br \/>\n<img decoding=\"async\" src=\"https:\/\/www.detayresimler.com\/urun\/B\/B450M-HDV-R4_4.jpg\" alt=\"\" \/><\/p>\n<p>Ryzen Serisi CPUlar (Picasso):<br \/>\n<img decoding=\"async\" src=\"https:\/\/www.detayresimler.com\/urun\/B\/B450M-HDV-R4_5.jpg\" alt=\"\" \/><\/p>\n<p>Ryzen Serisi CPUlar (Summit Ridge) :<br \/>\n<img decoding=\"async\" src=\"https:\/\/www.detayresimler.com\/urun\/B\/B450M-HDV-R4_6.jpg\" alt=\"\" \/><\/p>\n<p>Ryzen Serisi CPUlar (Raven Ridge):<br \/>\n<img decoding=\"async\" src=\"https:\/\/www.detayresimler.com\/urun\/B\/B450M-HDV-R4_7.jpg\" alt=\"\" \/><\/p>\n<p>SR: DIMM mod\u00fcl etiketinde tek a\u015famal\u0131 DIMM, 1Rx4 veya 1Rx8<br \/>\nDR: DIMM mod\u00fcl etiketinde \u00e7ift a\u015famal\u0131 DIMM, 2Rx4 veya 2Rx8<\/p>\n<p>*\u00a0*\u00a0\u0130\u015fletim sistemi s\u0131n\u0131rlamas\u0131 nedeniyle, ger\u00e7ek bellek boyutu \u015fu \u015fekilde olabilir: Windows\u00a0<sup>\u00ae<\/sup>\u00a032 bit i\u015fletim sistemi\u00a0alt\u0131nda sistem kullan\u0131m\u0131na y\u00f6nelik rezervasyon i\u00e7in 4 GBtan az .\u00a064 bit CPUlu Windows\u00a0<sup>\u00ae<\/sup>\u00a064 bit i\u015fletim sistemi i\u00e7in b\u00f6yle bir s\u0131n\u0131rlama yoktur.<\/div>\n<\/div>\n<\/li>\n<li>\n<div class=\"SpecItem\">BIOS<\/div>\n<div class=\"SpecData\">&#8211; GUI destekli 128 Mb AMI UEFI Legal BIOS<br \/>\n&#8211; &#8220;Tak ve \u00c7al\u0131\u015ft\u0131r&#8221;\u0131 destekler<br \/>\n&#8211; ACPI 5.1 uyumlu uyand\u0131rma olaylar\u0131<br \/>\n&#8211; Jumperfreeyi destekler<br \/>\n&#8211; SMBIOS 2.3 deste\u011fi<br \/>\n&#8211; DRAM Voltaj\u0131 \u00e7oklu ayar\u0131<\/div>\n<\/li>\n<li>\n<div class=\"SpecItem\">Grafik<\/div>\n<div class=\"SpecData\">&#8211; Ryzen Serisi APUda Entegre AMD Radeon\u2122 Vega Serisi Grafik Kart\u0131\u00a0*<br \/>\n&#8211; DirectX 12, Pixel Shader 5.0<br \/>\n&#8211; Varsay\u0131lan payla\u015f\u0131lan bellek 2 GB.\u00a0Maksimum Payla\u015f\u0131lan bellek 16 GBa kadar destekler.\u00a0*\u00a0*<br \/>\n&#8211; \u00dc\u00e7 grafik \u00e7\u0131k\u0131\u015f se\u00e7ene\u011fi: D-Sub, DVI-D ve HDMI<br \/>\n&#8211; \u00dc\u00e7l\u00fc Monit\u00f6r\u00fc destekler<br \/>\n&#8211; Maks.\u00a04K x 2K (4096&#215;2160) @ 24Hz \/ (3840&#215;2160) @ 30Hze kadar \u00e7\u00f6z\u00fcn\u00fcrl\u00fck<br \/>\n&#8211; Maks.\u00a01920&#215;1200 @ 60Hze kadar \u00e7\u00f6z\u00fcn\u00fcrl\u00fck<br \/>\n&#8211; Maks.\u00a02048&#215;1536 @ 60Hze kadar \u00e7\u00f6z\u00fcn\u00fcrl\u00fck<br \/>\n&#8211; HDMI Ba\u011flant\u0131 Noktas\u0131 ile Otomatik Dudak Senkronizasyonu, Deep Color (12bpc), xvYCC ve HBR (Y\u00fcksek Bit H\u0131z\u0131 Ses) deste\u011fi (Uyumlu HDMI monit\u00f6r gereklidir) &#8211;<br \/>\nDVI-D ve HDMI Ba\u011flant\u0131 Noktalar\u0131 ile HDCP 1.4\u00fc destekler<br \/>\n&#8211; Destekler HDMI Ba\u011flant\u0131 Noktas\u0131yla 4K Ultra HD (UHD) oynatma<\/p>\n<div class=\"Notice\">*\u00a0Ger\u00e7ek destek CPUya g\u00f6re de\u011fi\u015febilir<\/p>\n<p>*\u00a0*\u00a0Maksimum payla\u015f\u0131lan bellek 16 GB, 32 GB sistem belle\u011finin kurulu olmas\u0131n\u0131 gerektirir.<\/p><\/div>\n<\/div>\n<\/li>\n<li>\n<div class=\"SpecItem\">Ses<\/div>\n<div class=\"SpecData\">&#8211; 7.1 CH HD Ses (Realtek ALC887\/897 Ses Codec Bile\u015feni)<br \/>\n&#8211; A\u015f\u0131r\u0131 Gerilim Korumas\u0131n\u0131 Destekler<\/div>\n<\/li>\n<li>\n<div class=\"SpecItem\">LAN<\/div>\n<div class=\"SpecData\">&#8211; PCIE x1 Gigabit LAN 10\/100\/1000 Mb\/s<br \/>\n&#8211; Realtek RTL8111H<br \/>\n&#8211; Yerel A\u011fda Uyand\u0131rmay\u0131 destekler<br \/>\n&#8211; Y\u0131ld\u0131r\u0131m\/ESD Korumas\u0131n\u0131 destekler<br \/>\n&#8211; Enerji Verimli Ethernet 802.3az\u0131 destekler<br \/>\n&#8211; PXEyi destekler<\/div>\n<\/li>\n<li>\n<div class=\"SpecItem\">yuvalar<\/div>\n<div class=\"SpecData\">AMD Ryzen serisi CPUlar (Vermeer, Matisse, Cezanne, Renoir, Summit Ridge ve Pinnacle Ridge)<br \/>\n&#8211; 1 x PCI Express 3.0 x16 Yuvas\u0131 (PCIE2: x16 modu)\u00a0*<br \/>\nAMD Ryzen serisi CPUlar (Picasso, Raven Ridge)<br \/>\n&#8211; 1 x PCI Express 3.0 x16 Yuvas\u0131 (PCIE2: x8 modu)\u00a0*<br \/>\n<strong>AMD Athlon serisi CPUlar<\/strong><br \/>\n&#8211; 1 x PCI Express 3.0 x16 Yuvas\u0131 (PCIE2: x4 modu)\u00a0*<\/p>\n<p>&#8211; 1 x PCI Express 2.0 x1 Yuvas\u0131<\/p>\n<div class=\"Notice\">*\u00a0\u00d6ny\u00fckleme diskleri olarak NVMe SSDyi destekler<\/div>\n<\/div>\n<\/li>\n<li>\n<div class=\"SpecItem\">Depolamak<\/div>\n<div class=\"SpecData\">&#8211; 4 x SATA3 6,0 Gb\/s Konekt\u00f6rler, RAID (RAID 0, RAID 1 ve RAID 10), NCQ, AHCI ve \u00c7al\u0131\u015f\u0131rken Tak\u0131labilir &#8211; 1 x<br \/>\nUltra M.2 Soket, M Key tipi 2242\/2260\/2280 M.2yi destekler SATA3 6,0 Gb\/s mod\u00fcl\u00fc ve M.2 PCI Express mod\u00fcl\u00fc, Gen3 x4e (32 Gb\/s) kadar (Vermeer, Matisse, Cezanne, Renoir, Picasso, Summit Ridge, Raven Ridge ve Pinnacle Ridge ile) veya Gen3 x2ye (16 Gb) kadar \/s) (Athlon serisi APU ile)\u00a0*<\/p>\n<div class=\"Notice\">*\u00a0\u00d6ny\u00fckleme diskleri olarak NVMe SSDyi destekler<br \/>\nASRock U.2 Kitini destekler<\/div>\n<\/div>\n<\/li>\n<li>\n<div class=\"SpecItem\">Ba\u011flay\u0131c\u0131<\/div>\n<div class=\"SpecData\">&#8211; 1 x COM Ba\u011flant\u0131 Noktas\u0131 Ba\u015fl\u0131\u011f\u0131<br \/>\n&#8211; 1 x TPM Ba\u015fl\u0131\u011f\u0131<br \/>\n&#8211; 1 x Kasaya \u0130zinsiz Giri\u015f ve Hoparl\u00f6r Ba\u015fl\u0131\u011f\u0131<br \/>\n&#8211; 1 x CPU Fan Konekt\u00f6r\u00fc (4 pimli)\u00a0*<br \/>\n&#8211; 2 x Kasa Fan Konekt\u00f6r\u00fc (1 x 3 pimli, 1 x 4 pimli)\u00a0*\u00a0*<br \/>\n&#8211; 1 x 24 pin ATX G\u00fc\u00e7 Konekt\u00f6r\u00fc<br \/>\n&#8211; 1 x 4 pin 12V G\u00fc\u00e7 Konekt\u00f6r\u00fc<br \/>\n&#8211; 1 x \u00d6n Panel Ses Konekt\u00f6r\u00fc<br \/>\n&#8211; 2 x USB 2.0 Ba\u015fl\u0131\u011f\u0131 (4 USB 2.0 ba\u011flant\u0131 noktas\u0131n\u0131 destekler) (ESD Korumas\u0131n\u0131 destekler)<br \/>\n&#8211; 1 x USB 3.1 Gen1 Ba\u015fl\u0131\u011f\u0131 (2 adet USB 3.1 Gen1 ba\u011flant\u0131 noktas\u0131n\u0131 destekler) (ESD Korumas\u0131n\u0131 destekler)<\/p>\n<div class=\"Notice\">*\u00a0CPU Fan Konekt\u00f6r\u00fc maksimum 1A (12W) fan g\u00fcc\u00fcne sahip CPU fan\u0131n\u0131 destekler.<\/p>\n<p>*\u00a0*\u00a0Kasa Fan Konekt\u00f6r\u00fc, maksimum 1A (12W) fan g\u00fcc\u00fcne sahip kasa fan\u0131n\u0131 destekler.<\/p><\/div>\n<\/div>\n<\/li>\n<li>\n<div class=\"SpecItem\">Arka Panel G\/\u00c7<\/div>\n<div class=\"SpecData\">&#8211; 1 x PS\/2 Fare\/Klavye Ba\u011flant\u0131 Noktas\u0131<br \/>\n&#8211; 1 x D-Sub Ba\u011flant\u0131 Noktas\u0131<br \/>\n&#8211; 1 x DVI-D Ba\u011flant\u0131 Noktas\u0131<br \/>\n&#8211; 1 x HDMI Ba\u011flant\u0131 Noktas\u0131<br \/>\n&#8211; 2 x USB 2.0 Ba\u011flant\u0131 Noktas\u0131 (ESD Korumas\u0131n\u0131 Destekler)<br \/>\n&#8211; 4 x USB 3.1 Gen1 Ba\u011flant\u0131 Noktas\u0131 (ESDyi destekler) Korumas\u0131)<br \/>\n&#8211; 1 x LEDli RJ-45 LAN Ba\u011flant\u0131 Noktas\u0131 (ACT\/LINK LED ve SPEED LED)<br \/>\n&#8211; HD Ses Jaklar\u0131: Hat giri\u015fi \/ \u00d6n Hoparl\u00f6r \/ Mikrofon<\/div>\n<\/li>\n<li>\n<div class=\"SpecItem\">Yaz\u0131l\u0131m ve UEFI<\/div>\n<div class=\"SpecData\"><strong>Yaz\u0131l\u0131m<\/strong><br \/>\n&#8211; ASRock A-Tuning<br \/>\n&#8211; ASRock XFast LAN<br \/>\n<strong>UEFI<\/strong><br \/>\n&#8211; ASRock Full HD UEFI<br \/>\n&#8211; ASRock Instant Flash<br \/>\n&#8211; ASRock Easy RAID Installer<\/p>\n<div class=\"Notice\">*\u00a0Bu yard\u0131mc\u0131 programlar ASRock Live Update &amp; APP Shoptan indirilebilir.<\/div>\n<\/div>\n<\/li>\n<li>\n<div class=\"SpecItem\">Destek CDsi<\/div>\n<div class=\"SpecData\">&#8211; S\u00fcr\u00fcc\u00fcler, Yard\u0131mc\u0131 Programlar, AntiVir\u00fcs Yaz\u0131l\u0131m\u0131 (Deneme S\u00fcr\u00fcm\u00fc), Google Chrome Taray\u0131c\u0131 ve Ara\u00e7 \u00c7ubu\u011fu<\/div>\n<\/li>\n<li>\n<div class=\"SpecItem\">Aksesuarlar<\/div>\n<div class=\"SpecData\">&#8211; H\u0131zl\u0131 Kurulum K\u0131lavuzu, Destek CDsi, G\/\u00c7 Kalkan\u0131<br \/>\n&#8211; 2 x SATA Veri Kablosu<br \/>\n&#8211; 1 x M.2 Soketi i\u00e7in Vida<\/div>\n<\/li>\n<li>\n<div class=\"SpecItem\">Donan\u0131m monit\u00f6r\u00fc<\/div>\n<div class=\"SpecData\">&#8211; CPU\/Kasa s\u0131cakl\u0131k alg\u0131lama<br \/>\n&#8211; CPU\/Kasa Fan Takometresi<br \/>\n&#8211; CPU\/Kasa Sessiz Fan<br \/>\n&#8211; CPU\/Kasa Fan\u0131 \u00e7oklu h\u0131z kontrol\u00fc<br \/>\n&#8211; VAKA A\u00c7IK alg\u0131lama<br \/>\n&#8211; Gerilim izleme: +12V, +5V, +3,3V, Vcore<\/div>\n<\/li>\n<li>\n<div class=\"SpecItem\">Form fakt\u00f6r\u00fc<\/div>\n<div class=\"SpecData\">&#8211; Mikro ATX Form Fakt\u00f6r\u00fc: 9,0 in\u00e7 x 7,9 in\u00e7, 23,0 cm x 20,1 cm<br \/>\n&#8211; Kat\u0131 Kapasit\u00f6r tasar\u0131m\u0131<\/div>\n<\/li>\n<li>\n<div class=\"SpecItem\">i\u015fletim sistemi<\/div>\n<div class=\"SpecData\">&#8211; Microsoft\u00a0<sup>\u00ae<\/sup>\u00a0Windows\u00a0<sup>\u00ae<\/sup>\u00a010 64 bit \/ 11 64 bit\u00a0*<\/p>\n<div class=\"Notice\">* Summit Ridge resmi olarak Windows\u00a0<sup>\u00ae<\/sup>\u00a011i\u00a0desteklememektedir .<\/div>\n<\/div>\n<\/li>\n<li>\n<div class=\"SpecItem\">Sertifikalar<\/div>\n<div class=\"SpecData\">&#8211; FCC, CE<br \/>\n&#8211; ErP\/EuPye haz\u0131r (ErP\/EuPye haz\u0131r g\u00fc\u00e7 kayna\u011f\u0131 gereklidir)<\/div>\n<\/li>\n<\/ul>\n","protected":false},"excerpt":{"rendered":"<p>Benzersiz \u00f6zellik ASRock S\u00fcper Ala\u015f\u0131m &#8211; Y\u00fcksek Yo\u011funluklu Cam Kuma\u015f PCB &#8211; Safir Siyah PCB ASRock Ultra M.2\u00a0(PCIe Gen3 x4 ve SATA3) ASRock Tam Spike Korumas\u0131\u00a0(t\u00fcm USB, Ses, LAN Ba\u011flant\u0131 Noktalar\u0131 i\u00e7in) ASRock Live Update &amp; APP Shop \u0130\u015flemci &#8211; AMD AM4 Socket Ryzen\u2122 2000, 3000, 4000 G-Serisi, 5000 ve 5000 G-Serisi Masa\u00fcst\u00fc \u0130\u015flemcileri destekler &hellip;<\/p>\n<p class=\"read-more\"> <a class=\" thunk-readmore button \" href=\"https:\/\/bilginteknoloji.com\/woo\/urun\/asrock-b450m-hdv-r4-0-2xddr4-m-2-d-sub-dvi-hdmi-am4-soket-anakart\/\"> <span class=\"screen-reader-text\">ASROCK, B450M-HDV R4.0, 2xDDR4, M.2, D-SUB, DVI, HDMI, AM4 Soket Anakart<\/span>Read More<\/a><\/p>\n","protected":false},"featured_media":473,"template":"","meta":{"om_disable_all_campaigns":false,"_monsterinsights_skip_tracking":false,"_monsterinsights_sitenote_active":false,"_monsterinsights_sitenote_note":"","_monsterinsights_sitenote_category":0},"product_cat":[70],"product_tag":[],"class_list":{"0":"post-472","1":"product","2":"type-product","3":"status-publish","4":"has-post-thumbnail","6":"product_cat-amd-anakartlar","7":"thunk-woo-product-list","8":"opn-qv-enable","9":"top-store-woo-hover-zoom","10":"top-store-single-product-tab-horizontal","11":"top-store-shadow-","12":"top-store-shadow-hover-","14":"first","15":"instock","16":"taxable","17":"shipping-taxable","18":"product-type-simple"},"aioseo_notices":[],"_links":{"self":[{"href":"https:\/\/bilginteknoloji.com\/woo\/wp-json\/wp\/v2\/product\/472","targetHints":{"allow":["GET"]}}],"collection":[{"href":"https:\/\/bilginteknoloji.com\/woo\/wp-json\/wp\/v2\/product"}],"about":[{"href":"https:\/\/bilginteknoloji.com\/woo\/wp-json\/wp\/v2\/types\/product"}],"wp:featuredmedia":[{"embeddable":true,"href":"https:\/\/bilginteknoloji.com\/woo\/wp-json\/wp\/v2\/media\/473"}],"wp:attachment":[{"href":"https:\/\/bilginteknoloji.com\/woo\/wp-json\/wp\/v2\/media?parent=472"}],"wp:term":[{"taxonomy":"product_cat","embeddable":true,"href":"https:\/\/bilginteknoloji.com\/woo\/wp-json\/wp\/v2\/product_cat?post=472"},{"taxonomy":"product_tag","embeddable":true,"href":"https:\/\/bilginteknoloji.com\/woo\/wp-json\/wp\/v2\/product_tag?post=472"}],"curies":[{"name":"wp","href":"https:\/\/api.w.org\/{rel}","templated":true}]}}