{"id":427,"date":"2024-08-10T13:59:53","date_gmt":"2024-08-10T10:59:53","guid":{"rendered":"https:\/\/bilginteknoloji.com\/woo\/?post_type=product&#038;p=427"},"modified":"2024-08-12T10:22:14","modified_gmt":"2024-08-12T07:22:14","slug":"tp-link-tapo-p100-wi-fi-mini-akilli-priz-ikili","status":"publish","type":"product","link":"https:\/\/bilginteknoloji.com\/woo\/urun\/tp-link-tapo-p100-wi-fi-mini-akilli-priz-ikili\/","title":{"rendered":"TP-LINK Tapo P100 Wi-Fi Mini Ak\u0131ll\u0131 Priz (\u0130kili)"},"content":{"rendered":"<div class=\"general-features-head row\">\n<div>\n<h2 class=\"title title--general\">TP-LINK Tapo P100 M\u0130N\u0130 AKILLI W\u0130-F\u0130 SOKET \u00d6zellikleri<\/h2>\n<\/div>\n<div><img decoding=\"async\" class=\"gf-top-img lazyimg lazy-init\" title=\"TP-LINK Tapo P100 M\u0130N\u0130 AKILLI W\u0130-F\u0130 SOKET (2-PACK)\" src=\"https:\/\/www.detayresimler.com\/urun\/P\/P100-2P_10.jpg\" alt=\"TP-LINK Tapo P100 M\u0130N\u0130 AKILLI W\u0130-F\u0130 SOKET (2-PACK)\" \/><\/div>\n<\/div>\n<div class=\"clearfix row tCol2\">\n<div class=\"left image\"><img decoding=\"async\" src=\"https:\/\/www.detayresimler.com\/urun\/P\/P100-2P_9.jpg\" alt=\"\" \/><\/div>\n<div class=\"right padding\">\n<h2>TP-LINK TAPO\u00a0P100 M\u0130N\u0130 AKILLI W\u0130-F\u0130 SOKET<\/h2>\n<p>&nbsp;<\/p>\n<div class=\"dText\">\n<div>Uzaktan Kontrol \u2013Tapo uygulamas\u0131 arac\u0131l\u0131\u011f\u0131yla nerede olursan\u0131z olun ba\u011fl\u0131 cihazlar\u0131 an\u0131nda a\u00e7\u0131n\u00a0 ve kapat\u0131n<\/div>\n<div><\/div>\n<div>Zamanlama \u2013Cihazlar\u0131 otomatik olarak y\u00f6netmek i\u00e7in bir zamanlama ayarlay\u0131n<\/div>\n<div><\/div>\n<div>Zamanlay\u0131c\u0131 &#8211;\u00a0Cihaza ba\u011fl\u0131 elektronikler i\u00e7in geri say\u0131m sayac\u0131 listeleri olu\u015fturun<\/div>\n<div><\/div>\n<div>Ses \u0130le Kontrol\u00a0\u2013 Ak\u0131ll\u0131 soketinizi Amazon Alexa veya Google Assistant \u00fczerinden sesli komutlarla y\u00f6netin<\/div>\n<div><\/div>\n<div>D\u0131\u015far\u0131da Modu\u00a0\u2013 Birisinin evde oldu\u011fu g\u00f6r\u00fcn\u00fcm\u00fc vermek i\u00e7in farkl\u0131 zamanlarda cihazlar\u0131 otomatik olarak a\u00e7ar ve kapat\u0131r<\/div>\n<div><\/div>\n<div>Kompakt\u00a0Tasar\u0131m\u00a0&#8211;\u00a0Evdeki soketleri bloke etmemek i\u00e7in mini boyut<\/div>\n<div><\/div>\n<div>Kolay Kurulum ve Kullan\u0131m\u00a0&#8211; Huba gerek yok, h\u0131zl\u0131 kurulum ve \u00fccretsiz uygulama ile kolayca y\u00f6netim<\/div>\n<\/div>\n<\/div>\n<\/div>\n<div class=\"clearfix row tText\">\n<div class=\"dText full text\">\n<h3>K\u00fc\u00e7\u00fck Ev Aletleri i\u00e7in \u00dcst\u00fcn Ak\u0131ll\u0131 \u0130\u015f Orta\u011f\u0131<\/h3>\n<div>Ak\u0131ll\u0131 Mini Wi-Fi Soketi P100<\/div>\n<p>&nbsp;<\/p>\n<p><img decoding=\"async\" src=\"https:\/\/www.detayresimler.com\/urun\/P\/P100-2P_8.jpg\" alt=\"\" \/><\/p>\n<\/div>\n<\/div>\n<div class=\"clearfix row tText\">\n<div class=\"dText full text\">\n<h3>Her Yerden Uzaktan Kumanda<\/h3>\n<div>Tapo uygulamas\u0131yla ba\u011fl\u0131 oldu\u011funuz cihazlar\u0131 an\u0131nda a\u00e7\u0131p kapat\u0131n. Olas\u0131 g\u00fcvenlik tehlikelerini ortadan kald\u0131rmak ve hayat\u0131n\u0131z\u0131 kolayla\u015ft\u0131rmak i\u00e7in tasarlanm\u0131\u015ft\u0131r.<\/div>\n<p>&nbsp;<\/p>\n<p><img decoding=\"async\" src=\"https:\/\/www.detayresimler.com\/urun\/P\/P100-2P_7.jpg\" alt=\"\" \/><\/p>\n<\/div>\n<\/div>\n<div class=\"clearfix row tText\">\n<div class=\"dText full text\">\n<h3>\u00d6nceden Ayarlanm\u0131\u015f Zamanla Daha Ak\u0131ll\u0131<\/h3>\n<div>Zamanlama ve Zamanlay\u0131c\u0131 \u00f6zellikleri, haftal\u0131k zamanlama ve geri say\u0131m planlar\u0131 olu\u015fturman\u0131za olanak sa\u011flar. T\u00fcm ba\u011fl\u0131 elektronik cihazlar\u0131n\u0131z, \u00f6nceden ak\u0131ll\u0131ca, rahat ve enerji tasarruflu bir hale getirerek, \u00f6nceden ayarlanm\u0131\u015f zamanda otomatik olarak \u00e7al\u0131\u015facakt\u0131r.<\/div>\n<p>&nbsp;<\/p>\n<p><img decoding=\"async\" src=\"https:\/\/www.detayresimler.com\/urun\/P\/P100-2P_6.jpg\" alt=\"\" \/><\/p>\n<\/div>\n<\/div>\n<div class=\"clearfix\">\n<div class=\"clearfix row tCol2\">\n<div class=\"left padding\">\n<h3>Ses Kontrol\u00fc ile Ellerinizi Serbest B\u0131rak\u0131n<\/h3>\n<\/div>\n<div class=\"right image\"><img decoding=\"async\" src=\"https:\/\/www.detayresimler.com\/urun\/P\/P100-2P_5.jpg\" alt=\"\" \/><\/div>\n<\/div>\n<div class=\"clearfix row tCol2\">\n<div class=\"left image\"><img decoding=\"async\" src=\"https:\/\/www.detayresimler.com\/urun\/P\/P100-2P_4.jpg\" alt=\"\" \/><\/div>\n<div class=\"right padding\">\n<h3>G\u00fc\u00e7l\u00fc \u00d6zellikler ve Kompakt Boyut<\/h3>\n<div class=\"dText\">\n<div>Tapo P100, biti\u015fik soketleri kullan\u0131ma a\u00e7\u0131k b\u0131rakacak kadar k\u00fc\u00e7\u00fck ve g\u00fcnl\u00fck kullan\u0131m i\u00e7in uygundur.<\/div>\n<\/div>\n<\/div>\n<\/div>\n<div class=\"clearfix\">\n<div class=\"clearfix row tCol2\">\n<div class=\"left padding\">\n<h3>Evinize Bir Cayd\u0131r\u0131c\u0131<\/h3>\n<div class=\"dText\">\n<div>Fi\u015fi tak\u0131l\u0131 cihaz\u0131 (lamba gibi) a\u00e7\u0131p kapatarak birisinin evde olmas\u0131n\u0131 ak\u0131ll\u0131ca sim\u00fcle eden Away Mode \u00f6zelli\u011fi, insanlar\u0131 hasta niyetinden uzak tutmak i\u00e7in uzun yolculuklarda oldu\u011funuzda birinin evde oldu\u011fu gibi g\u00f6r\u00fcnmesini sa\u011flar.<\/div>\n<\/div>\n<\/div>\n<div class=\"right image\"><img decoding=\"async\" src=\"https:\/\/www.detayresimler.com\/urun\/P\/P100-2P_3.jpg\" alt=\"\" \/><\/div>\n<\/div>\n<div class=\"clearfix row tText\">\n<div class=\"dText full text\">\n<h3>Aileniz ile Payla\u015f\u0131n<\/h3>\n<div>Tek kontrolle s\u0131n\u0131rl\u0131 olmamak \u00fczere, aile \u00fcyeleri y\u00f6netim izinlerini do\u011frudan birbirleriyle payla\u015fabilir, zamandan tasarruf sa\u011flar ve ya\u015fl\u0131lar i\u00e7in kullan\u0131c\u0131 dostu olma \u00f6zelli\u011fini artt\u0131r\u0131r.<\/div>\n<p>&nbsp;<\/p>\n<p><img decoding=\"async\" src=\"https:\/\/www.detayresimler.com\/urun\/P\/P100-2P_2.jpg\" alt=\"\" \/><\/p>\n<\/div>\n<\/div>\n<div class=\"clearfix row tCol2\">\n<div class=\"left image\"><img decoding=\"async\" src=\"https:\/\/www.detayresimler.com\/urun\/P\/P100-2P_1.jpg\" alt=\"\" \/><\/div>\n<div class=\"right padding\">\n<h3>Birden \u00c7ok G\u00fcvenlik Garantisi<\/h3>\n<div class=\"dText\">\n<div>TP-Link\u2019in laboratuar\u0131 ve k\u00fcresel otorite taraf\u0131ndan sertifikaland\u0131r\u0131lmas\u0131 ile s\u0131k\u0131 kalite kontrol\u00fcnde.<\/div>\n<div><\/div>\n<div>ABS alev geciktirici malzemeler yanma tehlikelerini en aza indirmeye yard\u0131mc\u0131 olur.<\/div>\n<div><\/div>\n<div>Kapat\u0131ld\u0131ktan sonra otomatik saklama ya da ba\u011flant\u0131 kesildi.<\/div>\n<div><\/div>\n<div>S\u00fcrg\u00fcl\u00fc g\u00fcvenlik kapa\u011f\u0131 elektrik \u00e7arpmas\u0131n\u0131 \u00f6nler.<\/div>\n<\/div>\n<\/div>\n<\/div>\n<div class=\"clearfix\">\n<div class=\"clearfix row tCol2\">\n<div class=\"left padding\">\n<h3>Kolay Kurulum ve Kullan\u0131m\u0131n Tad\u0131n\u0131 \u00c7\u0131kar\u0131n<\/h3>\n<div class=\"dText\">\n<div>E\u015fsiz Bluetooth onboarding Teknolojisi, kurulum ad\u0131mlar\u0131n\u0131 daha h\u0131zl\u0131 ba\u011flant\u0131 i\u00e7in kolayla\u015ft\u0131r\u0131r (20 saniye i\u00e7inde) ve e\u015fle\u015ftirme hatas\u0131 sorununu ortadan kald\u0131r\u0131r.<\/div>\n<div><\/div>\n<div>*Ayr\u0131 bir yuva veya aksesuar gerekmez<\/div>\n<\/div>\n<\/div>\n<\/div>\n<\/div>\n<\/div>\n<\/div>\n","protected":false},"excerpt":{"rendered":"<p>TP-LINK Tapo P100 M\u0130N\u0130 AKILLI W\u0130-F\u0130 SOKET \u00d6zellikleri TP-LINK TAPO\u00a0P100 M\u0130N\u0130 AKILLI W\u0130-F\u0130 SOKET &nbsp; Uzaktan Kontrol \u2013Tapo uygulamas\u0131 arac\u0131l\u0131\u011f\u0131yla nerede olursan\u0131z olun ba\u011fl\u0131 cihazlar\u0131 an\u0131nda a\u00e7\u0131n\u00a0 ve kapat\u0131n Zamanlama \u2013Cihazlar\u0131 otomatik olarak y\u00f6netmek i\u00e7in bir zamanlama ayarlay\u0131n Zamanlay\u0131c\u0131 &#8211;\u00a0Cihaza ba\u011fl\u0131 elektronikler i\u00e7in geri say\u0131m sayac\u0131 listeleri olu\u015fturun Ses \u0130le Kontrol\u00a0\u2013 Ak\u0131ll\u0131 soketinizi Amazon Alexa &hellip;<\/p>\n<p class=\"read-more\"> <a class=\" thunk-readmore button \" href=\"https:\/\/bilginteknoloji.com\/woo\/urun\/tp-link-tapo-p100-wi-fi-mini-akilli-priz-ikili\/\"> <span class=\"screen-reader-text\">TP-LINK Tapo P100 Wi-Fi Mini Ak\u0131ll\u0131 Priz (\u0130kili)<\/span>Read More<\/a><\/p>\n","protected":false},"featured_media":428,"template":"","meta":{"om_disable_all_campaigns":false,"_monsterinsights_skip_tracking":false,"_monsterinsights_sitenote_active":false,"_monsterinsights_sitenote_note":"","_monsterinsights_sitenote_category":0},"product_cat":[231],"product_tag":[],"class_list":{"0":"post-427","1":"product","2":"type-product","3":"status-publish","4":"has-post-thumbnail","6":"product_cat-akilli-prizler","7":"thunk-woo-product-list","8":"opn-qv-enable","9":"top-store-woo-hover-zoom","10":"top-store-single-product-tab-horizontal","11":"top-store-shadow-","12":"top-store-shadow-hover-","14":"first","15":"instock","16":"taxable","17":"shipping-taxable","18":"product-type-simple"},"aioseo_notices":[],"_links":{"self":[{"href":"https:\/\/bilginteknoloji.com\/woo\/wp-json\/wp\/v2\/product\/427","targetHints":{"allow":["GET"]}}],"collection":[{"href":"https:\/\/bilginteknoloji.com\/woo\/wp-json\/wp\/v2\/product"}],"about":[{"href":"https:\/\/bilginteknoloji.com\/woo\/wp-json\/wp\/v2\/types\/product"}],"wp:featuredmedia":[{"embeddable":true,"href":"https:\/\/bilginteknoloji.com\/woo\/wp-json\/wp\/v2\/media\/428"}],"wp:attachment":[{"href":"https:\/\/bilginteknoloji.com\/woo\/wp-json\/wp\/v2\/media?parent=427"}],"wp:term":[{"taxonomy":"product_cat","embeddable":true,"href":"https:\/\/bilginteknoloji.com\/woo\/wp-json\/wp\/v2\/product_cat?post=427"},{"taxonomy":"product_tag","embeddable":true,"href":"https:\/\/bilginteknoloji.com\/woo\/wp-json\/wp\/v2\/product_tag?post=427"}],"curies":[{"name":"wp","href":"https:\/\/api.w.org\/{rel}","templated":true}]}}