{"id":422,"date":"2024-08-10T13:57:03","date_gmt":"2024-08-10T10:57:03","guid":{"rendered":"https:\/\/bilginteknoloji.com\/woo\/?post_type=product&#038;p=422"},"modified":"2024-08-10T13:57:03","modified_gmt":"2024-08-10T10:57:03","slug":"logitech-h390-981-000406-usb-cagri-merkezi-ofis-toplanti-konusmaci-tipi-microfonlu-kulaklik","status":"publish","type":"product","link":"https:\/\/bilginteknoloji.com\/woo\/urun\/logitech-h390-981-000406-usb-cagri-merkezi-ofis-toplanti-konusmaci-tipi-microfonlu-kulaklik\/","title":{"rendered":"LOGITECH H390, 981-000406, USB, \u00c7a\u011fr\u0131 Merkezi, Ofis, Toplant\u0131, Konu\u015fmac\u0131 Tipi, Microfonlu Kulakl\u0131k"},"content":{"rendered":"<div class=\"urun_aciklama\">\n<h2 class=\"sub-title\">Logitech H390 Mikrofonlu Kulakl\u0131k Siyah<\/h2>\n<div class=\"item left\"><img decoding=\"async\" src=\"https:\/\/www.detayresimler.com\/urun\/H\/H390.jpg\" alt=\"\" \/><\/p>\n<h3 class=\"sub-title\">SON DERECE BERRAK SES KAL\u0130TES\u0130 VE KULLANI\u015eLI KABLO \u00dcZER\u0130 DENET\u0130MLER<\/h3>\n<p>Basit tak-\u00e7al\u0131\u015ft\u0131r USB-A ba\u011flant\u0131s\u0131 ve g\u00fcr\u00fclt\u00fc azaltma \u00f6zellikli mikrofon ile internet \u00fczerinden net aramalar ger\u00e7ekle\u015ftirin. Kablo \u00fczeri denetimler, g\u00f6r\u00fc\u015fmelerinizi b\u00f6lmeden ses d\u00fczeyini kontrol etmenizi veya sesi kapatman\u0131za olanak tan\u0131r. Lazer ayarl\u0131 s\u00fcr\u00fcc\u00fcler, en sevdi\u011finiz m\u00fczik ve oyunlar i\u00e7in iyile\u015ftirilmi\u015f dijital ses sunar.<\/p>\n<\/div>\n<div class=\"item right\"><img decoding=\"async\" src=\"https:\/\/www.detayresimler.com\/urun\/H\/H390_1.jpg\" alt=\"\" \/><\/p>\n<h3 class=\"sub-title\">D\u0130J\u0130TAL STEREO SES<\/h3>\n<p>Lazer ayarl\u0131 s\u00fcr\u00fcc\u00fcler; m\u00fczik, oyun ve aramalar i\u00e7in iyile\u015ftirilmi\u015f dijital ses sa\u011flar. Bu tak-\u00e7al\u0131\u015ft\u0131r kulakl\u0131k, yaz\u0131l\u0131m y\u00fcklemeye gerek kalmadan herhangi bir PC veya Mac bilgisayarda USB-A ba\u011flant\u0131 noktas\u0131 veya adapt\u00f6r ile kullan\u0131labilir.<\/p>\n<\/div>\n<div class=\"item left\"><img decoding=\"async\" src=\"https:\/\/www.detayresimler.com\/urun\/H\/H390_2.jpg\" alt=\"\" \/><\/p>\n<h3 class=\"sub-title\">G\u00dcR\u00dcLT\u00dc \u00d6NLEY\u0130C\u0130 M\u0130KROFON<\/h3>\n<p>Net g\u00f6r\u00fc\u015fmeler i\u00e7in arka plandaki istenmeyen g\u00fcr\u00fclt\u00fcy\u00fc en aza indirir. Sol taraftaki dayan\u0131kl\u0131 mikrofon, daha iyi ses yakalama i\u00e7in ayarlanabilir. Hareketli mikrofon kolu, kullanmad\u0131\u011f\u0131n\u0131z zamanlarda gizlenebilir.<\/p>\n<\/div>\n<div class=\"item right\"><img decoding=\"async\" src=\"https:\/\/www.detayresimler.com\/urun\/H\/H390_3.jpg\" alt=\"\" \/><\/p>\n<h3 class=\"sub-title\">KABLO \u00dcZER\u0130 DENET\u0130MLER<\/h3>\n<p>Kulakl\u0131k kablosunun \u00fczerindeki basit kablo \u00fczeri denetimler, kesinti olmadan aramalar\u0131n ses d\u00fczeyini ayarlaman\u0131z\u0131 veya sesini kapatman\u0131z\u0131 sa\u011flar.<\/p>\n<\/div>\n<div class=\"item left\"><img decoding=\"async\" src=\"https:\/\/www.detayresimler.com\/urun\/H\/H390_4.jpg\" alt=\"\" \/><\/p>\n<h3 class=\"sub-title\">DOLGULU BA\u015eLIK VE KULAKLIKLAR<\/h3>\n<p>Ayarlanabilir ba\u015fl\u0131k, saatler boyu s\u00fcren konfor sa\u011flamak i\u00e7in d\u00f6ner ve suni deri kapl\u0131 kulak yast\u0131klar\u0131na sahiptir. Ayr\u0131ca temizlemesi de kolayd\u0131r.<\/p>\n<\/div>\n<\/div>\n<div class=\"urun_ozellikler\">\n<table>\n<tbody>\n<tr>\n<th colspan=\"2\">Di\u011fer \u00d6zellikler<\/th>\n<\/tr>\n<tr>\n<td class=\"baslik\">Stok Kodu<\/td>\n<td>981-000406<\/td>\n<\/tr>\n<tr>\n<td class=\"baslik\">Marka<\/td>\n<td>Logitech<\/td>\n<\/tr>\n<tr>\n<td class=\"baslik\">\u00c7ok Stan<\/td>\n<td>Evet<\/td>\n<\/tr>\n<tr>\n<td class=\"baslik\">Garanti (Y\u0131l)<\/td>\n<td>2<\/td>\n<\/tr>\n<\/tbody>\n<\/table>\n<\/div>\n","protected":false},"excerpt":{"rendered":"<p>Logitech H390 Mikrofonlu Kulakl\u0131k Siyah SON DERECE BERRAK SES KAL\u0130TES\u0130 VE KULLANI\u015eLI KABLO \u00dcZER\u0130 DENET\u0130MLER Basit tak-\u00e7al\u0131\u015ft\u0131r USB-A ba\u011flant\u0131s\u0131 ve g\u00fcr\u00fclt\u00fc azaltma \u00f6zellikli mikrofon ile internet \u00fczerinden net aramalar ger\u00e7ekle\u015ftirin. Kablo \u00fczeri denetimler, g\u00f6r\u00fc\u015fmelerinizi b\u00f6lmeden ses d\u00fczeyini kontrol etmenizi veya sesi kapatman\u0131za olanak tan\u0131r. Lazer ayarl\u0131 s\u00fcr\u00fcc\u00fcler, en sevdi\u011finiz m\u00fczik ve oyunlar i\u00e7in iyile\u015ftirilmi\u015f dijital &hellip;<\/p>\n<p class=\"read-more\"> <a class=\" thunk-readmore button \" href=\"https:\/\/bilginteknoloji.com\/woo\/urun\/logitech-h390-981-000406-usb-cagri-merkezi-ofis-toplanti-konusmaci-tipi-microfonlu-kulaklik\/\"> <span class=\"screen-reader-text\">LOGITECH H390, 981-000406, USB, \u00c7a\u011fr\u0131 Merkezi, Ofis, Toplant\u0131, Konu\u015fmac\u0131 Tipi, Microfonlu Kulakl\u0131k<\/span>Read More<\/a><\/p>\n","protected":false},"featured_media":423,"template":"","meta":{"om_disable_all_campaigns":false,"_monsterinsights_skip_tracking":false,"_monsterinsights_sitenote_active":false,"_monsterinsights_sitenote_note":"","_monsterinsights_sitenote_category":0},"product_cat":[114],"product_tag":[],"class_list":{"0":"post-422","1":"product","2":"type-product","3":"status-publish","4":"has-post-thumbnail","6":"product_cat-kablolu-kulakliklar","7":"thunk-woo-product-list","8":"opn-qv-enable","9":"top-store-woo-hover-zoom","10":"top-store-single-product-tab-horizontal","11":"top-store-shadow-","12":"top-store-shadow-hover-","14":"first","15":"instock","16":"taxable","17":"shipping-taxable","18":"product-type-simple"},"aioseo_notices":[],"_links":{"self":[{"href":"https:\/\/bilginteknoloji.com\/woo\/wp-json\/wp\/v2\/product\/422","targetHints":{"allow":["GET"]}}],"collection":[{"href":"https:\/\/bilginteknoloji.com\/woo\/wp-json\/wp\/v2\/product"}],"about":[{"href":"https:\/\/bilginteknoloji.com\/woo\/wp-json\/wp\/v2\/types\/product"}],"wp:featuredmedia":[{"embeddable":true,"href":"https:\/\/bilginteknoloji.com\/woo\/wp-json\/wp\/v2\/media\/423"}],"wp:attachment":[{"href":"https:\/\/bilginteknoloji.com\/woo\/wp-json\/wp\/v2\/media?parent=422"}],"wp:term":[{"taxonomy":"product_cat","embeddable":true,"href":"https:\/\/bilginteknoloji.com\/woo\/wp-json\/wp\/v2\/product_cat?post=422"},{"taxonomy":"product_tag","embeddable":true,"href":"https:\/\/bilginteknoloji.com\/woo\/wp-json\/wp\/v2\/product_tag?post=422"}],"curies":[{"name":"wp","href":"https:\/\/api.w.org\/{rel}","templated":true}]}}