{"id":408,"date":"2024-08-08T14:00:16","date_gmt":"2024-08-08T11:00:16","guid":{"rendered":"https:\/\/bilginteknoloji.com\/woo\/?post_type=product&#038;p=408"},"modified":"2024-08-08T14:00:16","modified_gmt":"2024-08-08T11:00:16","slug":"gigaset-a270-dect-telefon-siyah-18-saat-konusma-200-saat-bekleme-80-kisilik-rehber","status":"publish","type":"product","link":"https:\/\/bilginteknoloji.com\/woo\/urun\/gigaset-a270-dect-telefon-siyah-18-saat-konusma-200-saat-bekleme-80-kisilik-rehber\/","title":{"rendered":"GIGASET A270, Dect Telefon, Siyah, 18 Saat Konu\u015fma, 200 Saat Bekleme, 80 Ki\u015filik Rehber"},"content":{"rendered":"<div class=\"b_sections__container\">A\u00c7IKLAMA<\/div>\n<div class=\"b_sections__container b_sections__container--description\">\n<div class=\"b_product-detail-description\">\n<div class=\"b_contentbridge b_gigasetcontentbrige-product-description\">\n<div class=\"container\">\n<div class=\"b_fce_textmedia b_fce_textmedia--even\">\n<div class=\"b_fce_textmedia__wrap\">\n<div class=\"b_fce_textmedia__row\">\n<div class=\"b_fce_textmedia__col b_fce_textmedia__col--left b_fce_textmedia__col--valign-middle\">\n<div class=\"b_fce_textmedia__content-wrap\">\n<div class=\"b_fce_textmedia__content\">\n<div class=\"b_fce_textmedia__headline\">\n<h2>Bu paran\u0131z\u0131n kar\u015f\u0131l\u0131\u011f\u0131n\u0131 bulmas\u0131 demek: Gigaset A270\u2019de bir kablosuz telefonda olmas\u0131 gereken her \u015fey mevcut.<\/h2>\n<\/div>\n<div class=\"b_fce_textmedia__text\">\n<p class=\"bodytext\">Yeni ve kullan\u0131m\u0131 kolay bir sabit telefon ar\u0131yor ancak \u00e7ok fazla para harcamak istemiyor musunuz? \u00d6yleyse, eller serbest se\u00e7ene\u011fi ve y\u00fcksek Alman \u00fcretim kalitesine sahip Gigaset A270, sizin i\u00e7in m\u00fckemmel bir se\u00e7enek. Hassas bas\u0131m noktal\u0131 kullan\u0131c\u0131 dostu tu\u015flar\u0131 sayesinde kullan\u0131m\u0131 olduk\u00e7a basit ve rahat. Yemek pi\u015firirken, temizlik yaparken veya herhangi ba\u015fka bir \u015fey yaparken konu\u015fmak istiyorsan\u0131z \u0131\u015f\u0131kl\u0131 eller serbest tu\u015funa bas\u0131n\u0131z. Olduk\u00e7a pratik, de\u011fil mi? T\u0131pk\u0131 kolay tak ve \u00e7al\u0131\u015ft\u0131r kurulum \u00f6zelli\u011fi gibi. Telefon, baz istasyonuna \u00f6nceden kaydedildi, b\u00f6ylece kutudan \u00e7\u0131kard\u0131\u011f\u0131n\u0131z gibi Gigaset A270i kullanmaya ba\u015flayabilirsiniz. Fakat hepsi bu de\u011fil. Ayr\u0131ca Eco Mode Plus ile donatt\u0131\u011f\u0131m\u0131z i\u00e7in Gigaset A270in ileti\u015fim sekt\u00f6r\u00fcnde \u00e7evre dostu bir se\u00e7im oldu\u011funa da emin olabilirsiniz. Basit bir kablosuz telefonda ba\u015fka ne olmas\u0131 gerekir?<\/p>\n<\/div>\n<div class=\"b_fce_textmedia__cta-wrap b_fce_textmedia__cta-wrap--align-top\"><\/div>\n<\/div>\n<\/div>\n<\/div>\n<div class=\"b_fce_textmedia__col b_fce_textmedia__col--right b_fce_textmedia__col--valign-middle b_fce_textmedia__col--halign-outside\">\n<div class=\"b_fce_textmedia__media-wrap\">\n<div class=\"b_fce_textmedia__media\"><img decoding=\"async\" class=\"b_fce_textmedia__image\" src=\"https:\/\/www.detayresimler.com\/urun\/A\/A270-S.jpg\" alt=\"\" \/><\/div>\n<\/div>\n<\/div>\n<\/div>\n<\/div>\n<\/div>\n<\/div>\n<div class=\"container\">\n<div class=\"b_fce_textmedia b_fce_textmedia--odd\">\n<div class=\"b_fce_textmedia__wrap\">\n<div class=\"b_fce_textmedia__row\">\n<div class=\"b_fce_textmedia__col b_fce_textmedia__col--left b_fce_textmedia__col--valign-top b_fce_textmedia__col--halign-center\">\n<div class=\"b_fce_textmedia__media-wrap\">\n<div class=\"b_fce_textmedia__media\"><img decoding=\"async\" class=\"b_fce_textmedia__image\" src=\"https:\/\/www.detayresimler.com\/urun\/A\/A270-S_1.jpg\" alt=\"\" \/><\/div>\n<\/div>\n<\/div>\n<div class=\"b_fce_textmedia__col b_fce_textmedia__col--right b_fce_textmedia__col--valign-middle\">\n<div class=\"b_fce_textmedia__content-wrap\">\n<div class=\"b_fce_textmedia__content\">\n<div class=\"b_fce_textmedia__headline\">\n<h2>\u00d6\u011feleri netle\u015ftirme: geni\u015f ayd\u0131nlatmal\u0131 grafik ekran.<\/h2>\n<\/div>\n<div class=\"b_fce_textmedia__text\">\n<p class=\"bodytext\">Yeni A270, ihtiyac\u0131n\u0131z olan t\u00fcm bilgileri bir bak\u0131\u015fta sunan geni\u015f kehribar renkli bir ekranla sat\u0131\u015fa sunulmaktad\u0131r. Nokta vuru\u015flu ekran\u0131 en iyi okunabilirli\u011fi sa\u011flar ve ayr\u0131ca ayd\u0131nlatmal\u0131d\u0131r. B\u00f6ylece istedi\u011finiz zaman istedi\u011finizi g\u00f6r\u00fcnt\u00fcleyebilirsiniz. G\u00f6receksiniz: Telefon defterinizi veya arama listenizi kontrol etmek hi\u00e7 bu kadar kolay olmam\u0131\u015ft\u0131.<\/p>\n<\/div>\n<div class=\"b_fce_textmedia__cta-wrap b_fce_textmedia__cta-wrap--align-top\"><\/div>\n<\/div>\n<\/div>\n<\/div>\n<\/div>\n<\/div>\n<\/div>\n<\/div>\n<div class=\"container\">\n<div class=\"b_fce_textmedia b_fce_textmedia--even\">\n<div class=\"b_fce_textmedia__wrap\">\n<div class=\"b_fce_textmedia__row\">\n<div class=\"b_fce_textmedia__col b_fce_textmedia__col--left b_fce_textmedia__col--valign-middle\">\n<div class=\"b_fce_textmedia__content-wrap\">\n<div class=\"b_fce_textmedia__content\">\n<div class=\"b_fce_textmedia__headline\">\n<h2>Bu \u00f6zellik, her \u015feyi basitle\u015ftirir: kolay kullan\u0131m ve konu\u015fma \u00f6zg\u00fcrl\u00fc\u011f\u00fc.<\/h2>\n<\/div>\n<div class=\"b_fce_textmedia__text\">\n<p class=\"bodytext\">Kendinize ve sinirlerinize iyi gelecek. Zaman\u0131n\u0131z\u0131 bo\u015fa harcamaman\u0131z\u0131 sa\u011flamak i\u00e7in, Gigaset A270 \u00e7a\u011fr\u0131 i\u015flemini olabildi\u011fince h\u0131zl\u0131 hale getirecek \u015fekilde tasarlanm\u0131\u015ft\u0131r. Eve girer girmez kullan\u0131labilir &#8211; sadece tak ve \u00e7al\u0131\u015ft\u0131r. Hassas bas\u0131m noktalar\u0131 ile de kullan\u0131m\u0131 \u00e7ok rahatt\u0131r. Bu, okumay\u0131 ve telefonda i\u015flem yapmay\u0131 daha da kolayla\u015ft\u0131r\u0131r. Ve me\u015fgul olman\u0131za ra\u011fmen yine de telefona cevap vermeniz gerekse bile ahizesiz konu\u015fma \u00f6zelli\u011finden faydalanmak i\u00e7in eller serbest tu\u015funa basman\u0131z yeterlidir. Deyim yerindeyse, bu \u00f6zelli\u011fin saatlerce tad\u0131n\u0131 \u00e7\u0131karabilirsiniz, \u00e7\u00fcnk\u00fc 18 saatlik uzun konu\u015fma s\u00fcresi, istedi\u011finiz kadar uzun telefon g\u00f6r\u00fc\u015fmeleri yapman\u0131z\u0131 sa\u011flar. Gigaset A270\u2019in pil \u00f6mr\u00fc hakk\u0131nda endi\u015felenmenize gerek yok, \u00e7\u00fcnk\u00fc Gigaset A270, 200 saate kadar uzun bir bekleme s\u00fcresine sahip.<\/p>\n<\/div>\n<div class=\"b_fce_textmedia__cta-wrap b_fce_textmedia__cta-wrap--align-top\"><\/div>\n<\/div>\n<\/div>\n<\/div>\n<div class=\"b_fce_textmedia__col b_fce_textmedia__col--right b_fce_textmedia__col--valign-top b_fce_textmedia__col--halign-center\">\n<div class=\"b_fce_textmedia__media-wrap\">\n<div class=\"b_fce_textmedia__media\"><img decoding=\"async\" class=\"b_fce_textmedia__image\" src=\"https:\/\/www.detayresimler.com\/urun\/A\/A270-S_2.jpg\" alt=\"\" \/><\/div>\n<\/div>\n<\/div>\n<\/div>\n<\/div>\n<\/div>\n<\/div>\n<div class=\"container\">\n<div class=\"b_fce_textmedia b_fce_textmedia--odd\">\n<div class=\"b_fce_textmedia__wrap\">\n<div class=\"b_fce_textmedia__row\">\n<div class=\"b_fce_textmedia__col b_fce_textmedia__col--left b_fce_textmedia__col--valign-top b_fce_textmedia__col--halign-center\">\n<div class=\"b_fce_textmedia__media-wrap\">\n<div class=\"b_fce_textmedia__media\"><img decoding=\"async\" class=\"b_fce_textmedia__image\" src=\"https:\/\/www.detayresimler.com\/urun\/A\/A270-S_3.jpg\" alt=\"\" \/><\/div>\n<\/div>\n<\/div>\n<div class=\"b_fce_textmedia__col b_fce_textmedia__col--right b_fce_textmedia__col--valign-middle\">\n<div class=\"b_fce_textmedia__content-wrap\">\n<div class=\"b_fce_textmedia__content\">\n<div class=\"b_fce_textmedia__headline\">\n<h2>Kullan\u0131\u015fl\u0131 veri depolama: saniyeler i\u00e7erisinde arkada\u015flar\u0131n\u0131za ve ailenize ula\u015fabilirsiniz.<\/h2>\n<\/div>\n<div class=\"b_fce_textmedia__text\">\n<p class=\"bodytext\">T\u00fcm telefon numaralar\u0131n\u0131z\u0131 tek bir yerde toplay\u0131n: En yak\u0131nlar\u0131n\u0131z ve en sevdiklerinizle ileti\u015fime ge\u00e7meniz i\u00e7in 80 giri\u015fe kadar kay\u0131t yapabilece\u011finiz telsiz telefonun Gigaset A270in telefon rehberini kolayl\u0131kla kullanabilirsiniz. Ve i\u015fleri daha da kolayla\u015ft\u0131rmak i\u00e7in, arama listesinde en son 25 gelen \u00e7a\u011fr\u0131 veya cevaps\u0131z \u00e7a\u011fr\u0131 ile en son 10 giden \u00e7a\u011fr\u0131ya ili\u015fkin telefon numaralar\u0131 kaydedilir. Bu, bir numaray\u0131 geri aramak ya da kesilen bir telefon g\u00f6r\u00fc\u015fmesine kald\u0131\u011f\u0131 yerden devam etmek i\u00e7in m\u00fckemmel bir se\u00e7enektir.<\/p>\n<\/div>\n<div class=\"b_fce_textmedia__cta-wrap b_fce_textmedia__cta-wrap--align-top\"><\/div>\n<\/div>\n<\/div>\n<\/div>\n<\/div>\n<\/div>\n<\/div>\n<\/div>\n<div class=\"container\">\n<div class=\"b_fce_textmedia b_fce_textmedia--even\">\n<div class=\"b_fce_textmedia__wrap\">\n<div class=\"b_fce_textmedia__row\">\n<div class=\"b_fce_textmedia__col b_fce_textmedia__col--left b_fce_textmedia__col--valign-middle\">\n<div class=\"b_fce_textmedia__content-wrap\">\n<div class=\"b_fce_textmedia__content\">\n<div class=\"b_fce_textmedia__headline\">\n<h2>G\u00fcn boyunca ihtiyac\u0131n\u0131z olan, hizmetinize sunulan pratik bilgiler.<\/h2>\n<\/div>\n<div class=\"b_fce_textmedia__text\">\n<p class=\"bodytext\">Analog telefon Gigaset A270, t\u00fcm temel i\u015flevleri i\u00e7eren kusursuz ve g\u00fcvenilir bir cihazd\u0131r. Arayan kimli\u011fi \u00f6zelli\u011fi, telefon \u00e7ald\u0131\u011f\u0131nda size kimin arad\u0131\u011f\u0131n\u0131 an\u0131nda s\u00f6yler. Gigaset A270, ayr\u0131ca tarih ve arama s\u00fcresini belirtir ve kullan\u0131\u015fl\u0131 bir alarm fonksiyonu sunar.<\/p>\n<\/div>\n<div class=\"b_fce_textmedia__cta-wrap b_fce_textmedia__cta-wrap--align-top\"><\/div>\n<\/div>\n<\/div>\n<\/div>\n<div class=\"b_fce_textmedia__col b_fce_textmedia__col--right b_fce_textmedia__col--valign-top b_fce_textmedia__col--halign-center\">\n<div class=\"b_fce_textmedia__media-wrap\">\n<div class=\"b_fce_textmedia__media\"><img decoding=\"async\" class=\"b_fce_textmedia__image\" src=\"https:\/\/www.detayresimler.com\/urun\/A\/A270-S_4.jpg\" alt=\"\" \/><\/div>\n<\/div>\n<\/div>\n<\/div>\n<\/div>\n<\/div>\n<\/div>\n<div class=\"container\">\n<div class=\"b_fce_textmedia b_fce_textmedia--odd\">\n<div class=\"b_fce_textmedia__wrap\">\n<div class=\"b_fce_textmedia__row\">\n<div class=\"b_fce_textmedia__col b_fce_textmedia__col--left b_fce_textmedia__col--valign-top b_fce_textmedia__col--halign-center\">\n<div class=\"b_fce_textmedia__media-wrap\">\n<div class=\"b_fce_textmedia__media\"><img decoding=\"async\" class=\"b_fce_textmedia__image\" src=\"https:\/\/www.detayresimler.com\/urun\/A\/A270-S_5.jpg\" alt=\"\" \/><\/div>\n<\/div>\n<\/div>\n<div class=\"b_fce_textmedia__col b_fce_textmedia__col--right b_fce_textmedia__col--valign-middle\">\n<div class=\"b_fce_textmedia__content-wrap\">\n<div class=\"b_fce_textmedia__content\">\n<div class=\"b_fce_textmedia__headline\">\n<h2>\u00c7evre i\u00e7in ye\u015fil \u0131\u015f\u0131k: ECO DECT ile d\u00fc\u015f\u00fck radyasyonlu \u00e7a\u011fr\u0131lar.<\/h2>\n<\/div>\n<div class=\"b_fce_textmedia__text\">\n<p class=\"bodytext\">Gigaset A270, t\u00fcm Gigaset telsiz telefonlarda oldu\u011fu gibi, \u00e7evre dostu ECO DECT teknolojisine sahiptir. Bu \u00f6zellik baz istasyonu ve t\u00fcm kay\u0131tl\u0131 ahizeler ECO DECTi destekledi\u011fi s\u00fcrece, bir\u00e7ok ahize kullan\u0131l\u0131yor olsan\u0131z dahi, telefonlar\u0131n bekleme modunda radyasyon yaymayacaklar\u0131 anlam\u0131na gelmektedir. Bir telefon g\u00f6r\u00fc\u015fmesi s\u0131ras\u0131nda, iletim g\u00fcc\u00fc baz istasyonu ile ahize aras\u0131ndaki mesafeye otomatik olarak ayarlan\u0131r. Baz istasyonuna olan mesafe ne kadar k\u0131sa olursa, radyasyon da o kadar d\u00fc\u015f\u00fck olur. En y\u00fcksek DECT aral\u0131\u011f\u0131 i\u00e7in ECO DECT modu her an devre d\u0131\u015f\u0131 b\u0131rak\u0131labilir.<\/p>\n<\/div>\n<div class=\"b_fce_textmedia__cta-wrap b_fce_textmedia__cta-wrap--align-top\"><\/div>\n<\/div>\n<\/div>\n<\/div>\n<\/div>\n<\/div>\n<\/div>\n<\/div>\n<\/div>\n<\/div>\n<\/div>\n<div class=\"b_sections__container\">TECHN\u0130CAL DETA\u0130LS<\/div>\n<div class=\"b_sections__container b_sections__container--specification\">\n<div class=\"b_product-detail-specifications\">\n<h2>Teknik \u00f6zellikler<\/h2>\n<div class=\"b_data-table\">\n<div class=\"b_data-table__table\">\n<div class=\"b_data-table__table-body\">\n<div class=\"b_data-table__group\">\n<div class=\"b_data-table__headline\">Genel<\/div>\n<\/div>\n<div class=\"b_data-table__attribute b_data-table__attribute--first b_data-table__attribute--even\">\n<div class=\"b_data-table__label\">\u00dcr\u00fcn Ad\u0131<\/div>\n<div class=\"b_data-table__data\">Gigaset A270<\/div>\n<\/div>\n<\/div>\n<\/div>\n<\/div>\n<div class=\"b_data-table\">\n<div class=\"b_data-table__table\">\n<div class=\"b_data-table__table-body\">\n<div class=\"b_data-table__group\">\n<div class=\"b_data-table__headline\">Genel \u00f6zellikler<\/div>\n<\/div>\n<div class=\"b_data-table__attribute b_data-table__attribute--first b_data-table__attribute--even\">\n<div class=\"b_data-table__label\">Ba\u011flant\u0131s\u0131<\/div>\n<div class=\"b_data-table__data\">Analog telefon ba\u011flant\u0131s\u0131<\/div>\n<\/div>\n<div class=\"b_data-table__attribute b_data-table__attribute--odd\">\n<div class=\"b_data-table__label\">Telefon numaralar\u0131<\/div>\n<div class=\"b_data-table__data\">1<\/div>\n<\/div>\n<div class=\"b_data-table__attribute b_data-table__attribute--even\">\n<div class=\"b_data-table__label\">Paralel \u00e7a\u011fr\u0131lar<\/div>\n<div class=\"b_data-table__data\">1<\/div>\n<\/div>\n<div class=\"b_data-table__attribute b_data-table__attribute--odd\">\n<div class=\"b_data-table__label\">Kablosuz standartlar\u0131<\/div>\n<div class=\"b_data-table__data\">DECT<\/div>\n<\/div>\n<div class=\"b_data-table__attribute b_data-table__attribute--last b_data-table__attribute--even\">\n<div class=\"b_data-table__label\">ECO DECT<\/div>\n<div class=\"b_data-table__data\">El cihaz\u0131ndan baz istasyonuna olan mesafeye g\u00f6re aktar\u0131m g\u00fcc\u00fcn\u00fcn otomatik olarak azalt\u0131lmas\u0131 | Bekleme modunda radyasyon yaymaz (ECO mode plus) | D\u00fc\u015f\u00fck g\u00fc\u00e7 t\u00fcketimi<\/div>\n<\/div>\n<\/div>\n<\/div>\n<\/div>\n<div class=\"b_data-table\">\n<div class=\"b_data-table__table\">\n<div class=\"b_data-table__table-body\">\n<div class=\"b_data-table__group\">\n<div class=\"b_data-table__headline\">Ek \u00f6zellikler<\/div>\n<\/div>\n<div class=\"b_data-table__attribute b_data-table__attribute--first b_data-table__attribute--even\">\n<div class=\"b_data-table__label\">Bekleme s\u00fcresi: maksimum (saat)<\/div>\n<div class=\"b_data-table__data\">200<\/div>\n<\/div>\n<div class=\"b_data-table__attribute b_data-table__attribute--odd\">\n<div class=\"b_data-table__label\">Konu\u015fma s\u00fcresi: maksimum (saat)<\/div>\n<div class=\"b_data-table__data\">18<\/div>\n<\/div>\n<div class=\"b_data-table__attribute b_data-table__attribute--even\">\n<div class=\"b_data-table__label\">Telefon defteri giri\u015f say\u0131s\u0131 (isim \/ numara)<\/div>\n<div class=\"b_data-table__data\">80<\/div>\n<\/div>\n<div class=\"b_data-table__attribute b_data-table__attribute--odd\">\n<div class=\"b_data-table__label\">Alarm fonksiyonu<\/div>\n<div class=\"b_data-table__data\">Evet<\/div>\n<\/div>\n<div class=\"b_data-table__attribute b_data-table__attribute--even\">\n<div class=\"b_data-table__label\">Optik \u00e7a\u011fr\u0131 sinyali verme<\/div>\n<div class=\"b_data-table__data\">Ayd\u0131nlatmal\u0131 ekran<\/div>\n<\/div>\n<div class=\"b_data-table__attribute b_data-table__attribute--odd\">\n<div class=\"b_data-table__label\">\u00dccretsiz i\u00e7 aramalar<\/div>\n<div class=\"b_data-table__data\">Evet<\/div>\n<\/div>\n<div class=\"b_data-table__attribute b_data-table__attribute--even\">\n<div class=\"b_data-table__label\">DECT arac\u0131l\u0131\u011f\u0131yla dahili olarak telefon\/adres defteri aktarma (el cihaz\u0131ndan el cihaz\u0131na)<\/div>\n<div class=\"b_data-table__data\">Evet<\/div>\n<\/div>\n<div class=\"b_data-table__attribute b_data-table__attribute--last b_data-table__attribute--odd\">\n<div class=\"b_data-table__label\">Harici aramalar\u0131n dahili aktar\u0131m\u0131, konferans g\u00f6r\u00fc\u015fme, geri arama<\/div>\n<div class=\"b_data-table__data\">Evet<\/div>\n<\/div>\n<\/div>\n<\/div>\n<\/div>\n<div class=\"b_data-table\">\n<div class=\"b_data-table__table\">\n<div class=\"b_data-table__table-body\">\n<div class=\"b_data-table__group\">\n<div class=\"b_data-table__headline\">Ses \u00f6zellikleri<\/div>\n<\/div>\n<div class=\"b_data-table__attribute b_data-table__attribute--first b_data-table__attribute--even\">\n<div class=\"b_data-table__label\">Eller serbest (hands-free) g\u00f6r\u00fc\u015fme<\/div>\n<div class=\"b_data-table__data\">Evet<\/div>\n<\/div>\n<div class=\"b_data-table__attribute b_data-table__attribute--odd\">\n<div class=\"b_data-table__label\">El cihaz\u0131yla \/ baz istasyonuyla eller serbest (hands-free) g\u00f6r\u00fc\u015fme<\/div>\n<div class=\"b_data-table__data\">El cihaz\u0131yla<\/div>\n<\/div>\n<div class=\"b_data-table__attribute b_data-table__attribute--even\">\n<div class=\"b_data-table__label\">Ayarlanabilir Ses seviyesi<\/div>\n<div class=\"b_data-table__data\">Men\u00fc ile<\/div>\n<\/div>\n<div class=\"b_data-table__attribute b_data-table__attribute--last b_data-table__attribute--odd\">\n<div class=\"b_data-table__label\">Zil sesleri, giri\u015f say\u0131s\u0131<\/div>\n<div class=\"b_data-table__data\">10<\/div>\n<\/div>\n<\/div>\n<\/div>\n<\/div>\n<div class=\"b_data-table\">\n<div class=\"b_data-table__table\">\n<div class=\"b_data-table__table-body\">\n<div class=\"b_data-table__group\">\n<div class=\"b_data-table__headline\">Ekran \u00f6zellikleri<\/div>\n<\/div>\n<div class=\"b_data-table__attribute b_data-table__attribute--first b_data-table__attribute--even\">\n<div class=\"b_data-table__label\">Tip<\/div>\n<div class=\"b_data-table__data\">Alfan\u00fcmerik ekran, siyah ve beyaz<\/div>\n<\/div>\n<div class=\"b_data-table__attribute b_data-table__attribute--odd\">\n<div class=\"b_data-table__label\">Boyutlar (Y x G mm)<\/div>\n<div class=\"b_data-table__data\">22 x 34<\/div>\n<\/div>\n<div class=\"b_data-table__attribute b_data-table__attribute--even\">\n<div class=\"b_data-table__label\">\u00c7aprazlamas\u0131na yay\u0131l\u0131m (in\u00e7)<\/div>\n<div class=\"b_data-table__data\">1,5<\/div>\n<\/div>\n<div class=\"b_data-table__attribute b_data-table__attribute--odd\">\n<div class=\"b_data-table__label\">\u00c7\u00f6z\u00fcn\u00fcrl\u00fck (px)<\/div>\n<div class=\"b_data-table__data\">70 x 8<\/div>\n<\/div>\n<div class=\"b_data-table__attribute b_data-table__attribute--even\">\n<div class=\"b_data-table__label\">Arayan numaray\u0131 g\u00f6sterme<\/div>\n<div class=\"b_data-table__data\">Arayan numaray\u0131 g\u00f6sterme (CLIP)<\/div>\n<\/div>\n<div class=\"b_data-table__attribute b_data-table__attribute--odd\">\n<div class=\"b_data-table__label\">Saat ve tarih bilgisiyle birlikte son cevaps\u0131z aramalar\u0131n listesi<\/div>\n<div class=\"b_data-table__data\">25<\/div>\n<\/div>\n<div class=\"b_data-table__attribute b_data-table__attribute--even\">\n<div class=\"b_data-table__label\">\u00c7ok dilli men\u00fc (\u00e7e\u015fitli ekran dilleri)<\/div>\n<div class=\"b_data-table__data\">Evet<\/div>\n<\/div>\n<div class=\"b_data-table__attribute b_data-table__attribute--odd\">\n<div class=\"b_data-table__label\">Saat ve tarih g\u00f6r\u00fcnt\u00fcleme<\/div>\n<div class=\"b_data-table__data\">Evet<\/div>\n<\/div>\n<div class=\"b_data-table__attribute b_data-table__attribute--last b_data-table__attribute--even\">\n<div class=\"b_data-table__label\">Ekran Dilleri<\/div>\n<div class=\"b_data-table__data\">24<\/div>\n<\/div>\n<\/div>\n<\/div>\n<\/div>\n<div class=\"b_data-table\">\n<div class=\"b_data-table__table\">\n<div class=\"b_data-table__table-body\">\n<div class=\"b_data-table__group\">\n<div class=\"b_data-table__headline\">Tu\u015f tak\u0131m\u0131 \u00f6zellikleri<\/div>\n<\/div>\n<div class=\"b_data-table__attribute b_data-table__attribute--first b_data-table__attribute--even\">\n<div class=\"b_data-table__label\">Navigasyon tu\u015fuyla kolay \u00e7al\u0131\u015ft\u0131rma<\/div>\n<div class=\"b_data-table__data\">Evet<\/div>\n<\/div>\n<\/div>\n<\/div>\n<\/div>\n<div class=\"b_data-table\">\n<div class=\"b_data-table__table\">\n<div class=\"b_data-table__table-body\">\n<div class=\"b_data-table__group\">\n<div class=\"b_data-table__headline\">Boyutlar \/ Teknik \u00f6zellikler<\/div>\n<\/div>\n<div class=\"b_data-table__attribute b_data-table__attribute--first b_data-table__attribute--even\">\n<div class=\"b_data-table__label\">El cihaz\u0131, mm olarak Y x G x D<\/div>\n<div class=\"b_data-table__data\">159 x 48 x 30<\/div>\n<\/div>\n<div class=\"b_data-table__attribute b_data-table__attribute--odd\">\n<div class=\"b_data-table__label\">El cihaz\u0131, mm olarak Y x G x D<\/div>\n<div class=\"b_data-table__data\">114<\/div>\n<\/div>\n<div class=\"b_data-table__attribute b_data-table__attribute--even\">\n<div class=\"b_data-table__label\">Baz istasyonu, mm olarak Y x G x D<\/div>\n<div class=\"b_data-table__data\">89 x 89 x 43<\/div>\n<\/div>\n<div class=\"b_data-table__attribute b_data-table__attribute--odd\">\n<div class=\"b_data-table__label\">Baz istasyonu, gr olarak a\u011f\u0131rl\u0131k<\/div>\n<div class=\"b_data-table__data\">63<\/div>\n<\/div>\n<div class=\"b_data-table__attribute b_data-table__attribute--even\">\n<div class=\"b_data-table__label\">\u015earj cihaz\u0131, mm olarak Y x G x D<\/div>\n<div class=\"b_data-table__data\">38 x 69 x 75<\/div>\n<\/div>\n<div class=\"b_data-table__attribute b_data-table__attribute--odd\">\n<div class=\"b_data-table__label\">\u015earj cihaz\u0131, gr olarak a\u011f\u0131rl\u0131k<\/div>\n<div class=\"b_data-table__data\">34<\/div>\n<\/div>\n<div class=\"b_data-table__attribute b_data-table__attribute--last b_data-table__attribute--even\">\n<div class=\"b_data-table__label\">Batarya<\/div>\n<div class=\"b_data-table__data\">2 x NiMH AAA<\/div>\n<\/div>\n<\/div>\n<\/div>\n<\/div>\n<\/div>\n<\/div>\n","protected":false},"excerpt":{"rendered":"<p>A\u00c7IKLAMA Bu paran\u0131z\u0131n kar\u015f\u0131l\u0131\u011f\u0131n\u0131 bulmas\u0131 demek: Gigaset A270\u2019de bir kablosuz telefonda olmas\u0131 gereken her \u015fey mevcut. Yeni ve kullan\u0131m\u0131 kolay bir sabit telefon ar\u0131yor ancak \u00e7ok fazla para harcamak istemiyor musunuz? \u00d6yleyse, eller serbest se\u00e7ene\u011fi ve y\u00fcksek Alman \u00fcretim kalitesine sahip Gigaset A270, sizin i\u00e7in m\u00fckemmel bir se\u00e7enek. Hassas bas\u0131m noktal\u0131 kullan\u0131c\u0131 dostu tu\u015flar\u0131 sayesinde &hellip;<\/p>\n<p class=\"read-more\"> <a class=\" thunk-readmore button \" href=\"https:\/\/bilginteknoloji.com\/woo\/urun\/gigaset-a270-dect-telefon-siyah-18-saat-konusma-200-saat-bekleme-80-kisilik-rehber\/\"> <span class=\"screen-reader-text\">GIGASET A270, Dect Telefon, Siyah, 18 Saat Konu\u015fma, 200 Saat Bekleme, 80 Ki\u015filik Rehber<\/span>Read More<\/a><\/p>\n","protected":false},"featured_media":409,"template":"","meta":{"om_disable_all_campaigns":false,"_monsterinsights_skip_tracking":false,"_monsterinsights_sitenote_active":false,"_monsterinsights_sitenote_note":"","_monsterinsights_sitenote_category":0},"product_cat":[192],"product_tag":[],"class_list":{"0":"post-408","1":"product","2":"type-product","3":"status-publish","4":"has-post-thumbnail","6":"product_cat-dect-telefonlar","7":"thunk-woo-product-list","8":"opn-qv-enable","9":"top-store-woo-hover-zoom","10":"top-store-single-product-tab-horizontal","11":"top-store-shadow-","12":"top-store-shadow-hover-","14":"first","15":"instock","16":"taxable","17":"shipping-taxable","18":"product-type-simple"},"aioseo_notices":[],"_links":{"self":[{"href":"https:\/\/bilginteknoloji.com\/woo\/wp-json\/wp\/v2\/product\/408","targetHints":{"allow":["GET"]}}],"collection":[{"href":"https:\/\/bilginteknoloji.com\/woo\/wp-json\/wp\/v2\/product"}],"about":[{"href":"https:\/\/bilginteknoloji.com\/woo\/wp-json\/wp\/v2\/types\/product"}],"wp:featuredmedia":[{"embeddable":true,"href":"https:\/\/bilginteknoloji.com\/woo\/wp-json\/wp\/v2\/media\/409"}],"wp:attachment":[{"href":"https:\/\/bilginteknoloji.com\/woo\/wp-json\/wp\/v2\/media?parent=408"}],"wp:term":[{"taxonomy":"product_cat","embeddable":true,"href":"https:\/\/bilginteknoloji.com\/woo\/wp-json\/wp\/v2\/product_cat?post=408"},{"taxonomy":"product_tag","embeddable":true,"href":"https:\/\/bilginteknoloji.com\/woo\/wp-json\/wp\/v2\/product_tag?post=408"}],"curies":[{"name":"wp","href":"https:\/\/api.w.org\/{rel}","templated":true}]}}