{"id":1422,"date":"2024-09-16T16:18:13","date_gmt":"2024-09-16T13:18:13","guid":{"rendered":"https:\/\/bilginteknoloji.com\/woo\/?post_type=product&#038;p=1422"},"modified":"2024-09-28T12:05:44","modified_gmt":"2024-09-28T09:05:44","slug":"vento-vg10f-mid-tower-550w-80-siyah-temperli-cam-rgb-atx-gaming-kasa","status":"publish","type":"product","link":"https:\/\/bilginteknoloji.com\/woo\/urun\/vento-vg10f-mid-tower-550w-80-siyah-temperli-cam-rgb-atx-gaming-kasa\/","title":{"rendered":"VENTO VG10F Mid Tower, 550W 80+ Siyah, Temperli Cam RGB"},"content":{"rendered":"<div class=\"phPart\">\n<p class=\"phHeader\">Vento VG10F 550W 80+Bronze PSU Temperli Cam 4x120mm ATX KASA\u00a0Genel \u00d6zellikler<\/p>\n<p>VENTO VG10F Mid Tower<\/p>\n<\/div>\n<div class=\"phPart\">\n<p class=\"phBanner\"><img decoding=\"async\" src=\"https:\/\/www.detayresimler.com\/urun\/V\/VG10F550.jpg\" alt=\"Vento VG10F 600W 80+ PSU Temperli Cam 4x120mm ATX Kasa\" \/><\/p>\n<\/div>\n<div class=\"phPart\">\n<div class=\"phLine\"><span class=\"phText\">Vento VG10F 550W\u00a0<\/span><\/div>\n<ul class=\"phList\">\n<li>Trigonal \u015eekilli Metal Mesh Tasar\u0131m\u0131<\/li>\n<li>6 Fana Kadar Monte Edilebilir Fan<\/li>\n<li>Kullan\u0131c\u0131 Dostu i\u00e7in \u00dcstte USB Kontrol ve G\u00fc\u00e7 D\u00fc\u011fmesi<\/li>\n<li>Temperli Cam Yan Panel<\/li>\n<li>Manyetik \u00dcst \/ Alt Toz Filtresi<\/li>\n<\/ul>\n<div class=\"phLineBreak\"><\/div>\n<\/div>\n<div class=\"phPart\">\n<p class=\"phBanner\"><img decoding=\"async\" src=\"https:\/\/www.detayresimler.com\/urun\/V\/VG10F550_1.jpg\" alt=\"Vento VG10F 600W 80+ PSU Temperli Cam 4x120mm ATX Kasa\" \/><\/p>\n<\/div>\n<div class=\"phPart\">\n<div class=\"phLine\"><span class=\"phText\">Muhte\u015fem G\u00f6r\u00fcn\u00fcm ; Trigonal \u015fekilli \u00f6n paneliyle tasar\u0131m \u00f6nc\u00fcs\u00fc olan Vento VG10F sahip oldu\u011fu 3x 12cm \u00f6n, 1x 12cm arka RGB fanlar\u0131 ile hem so\u011futma ve hem de ayd\u0131nlatma performans\u0131nda en \u00fcst seviyeyi sunmaktad\u0131r.<\/span><\/div>\n<div class=\"phLineBreak\"><\/div>\n<\/div>\n<div class=\"phPart\">\n<p class=\"phBanner\"><img decoding=\"async\" src=\"https:\/\/www.detayresimler.com\/urun\/V\/VG10F550_2.jpg\" alt=\"Vento VG10F 600W 80+ PSU Temperli Cam 4x120mm ATX Kasa\" \/><\/p>\n<\/div>\n<div class=\"phPart\">\n<div class=\"phLine\"><span class=\"phText\">\u015eeffaf Cam Yan Panel ; Vento VG10F, ekran kart\u0131n\u0131 , i\u015flemci so\u011futucunuzu, anakart, ram gibi de\u011ferli PC bile\u015fenlerinizi her an g\u00f6rebilmeniz i\u00e7in \u015feffaf cam yan panele sahiptir. Ayr\u0131ca, \u00f6n panelinde geni\u015f trigonal metal mesh tasar\u0131m\u0131yla her zaman en iyi hava ak\u0131\u015f\u0131n\u0131 sa\u011flar.<\/span><\/div>\n<div class=\"phLineBreak\"><\/div>\n<\/div>\n<div class=\"phPart\">\n<p class=\"phBanner\"><img decoding=\"async\" src=\"https:\/\/www.detayresimler.com\/urun\/V\/VG10F550_3.jpg\" alt=\"Vento VG10F 600W 80+ PSU Temperli Cam 4x120mm ATX Kasa\" \/><\/p>\n<\/div>\n<div class=\"phPart\">\n<div class=\"phLine\"><span class=\"phText\">\u00d6zel RGB Fanlar ; Vento VG10F sahip oldu\u011fu 3x 12cm \u00f6n ve 1x 12cm arka RGB fanlar\u0131 ile hem so\u011futma ve hem de ayd\u0131nlatma performans\u0131nda en \u00fcst seviyeyi sunmaktad\u0131r. RGB fanlar ile sisteminiz tam g\u00fc\u00e7 durumundayken serin ve her daim \u0131\u015f\u0131lt\u0131l\u0131 olacak.<\/span><\/div>\n<div class=\"phLineBreak\"><\/div>\n<\/div>\n<div class=\"phPart\">\n<p class=\"phBanner\"><img decoding=\"async\" src=\"https:\/\/www.detayresimler.com\/urun\/V\/VG10F550_4.jpg\" alt=\"Vento VG10F 600W 80+ PSU Temperli Cam 4x120mm ATX Kasa\" \/><\/p>\n<\/div>\n<div class=\"phPart\">\n<div class=\"phLine\"><span class=\"phText\">\u00d6zel Tasar\u0131m kasa i\u00e7i hava dola\u015f\u0131m\u0131na daha az etki etmesi i\u00e7in geli\u015ftirilen ATX tasar\u0131m\u0131nda alt b\u00f6l\u00fcm \u00f6zel tasar\u0131m kabin ile kapat\u0131lm\u0131\u015ft\u0131r. Bu sayede disklerin, g\u00fc\u00e7 kayna\u011f\u0131n\u0131n ve kablolar\u0131n hem hava transferine engel olmamas\u0131 sa\u011flanm\u0131\u015ft\u0131r.<\/span><\/div>\n<div class=\"phLineBreak\"><\/div>\n<\/div>\n<div class=\"phPart\">\n<p class=\"phBanner\"><img decoding=\"async\" src=\"https:\/\/www.detayresimler.com\/urun\/V\/VG10F550_5.jpg\" alt=\"Vento VG10F 600W 80+ PSU Temperli Cam 4x120mm ATX Kasa\" \/><\/p>\n<\/div>\n<div class=\"phPart\">\n<div class=\"phLine\"><span class=\"phText\">Manyetik \u00dcst ve Alt Toz Filtresi ; Vento VG10F\u2019 in \u00fcst ve alt panelinde m\u0131knat\u0131sl\u0131 toz filtresi bulunmaktad\u0131r. Bu sayede \u00e7evrede bulunan tozlar hi\u00e7bir \u015fekilde kasan\u0131z\u0131n \u00fcst ve alt b\u00f6l\u00fcm\u00fcnden sisteminize ula\u015famayacak.<\/span><\/div>\n<div class=\"phLineBreak\"><\/div>\n<\/div>\n<div class=\"phPart\">\n<p class=\"phBanner\"><img decoding=\"async\" src=\"https:\/\/www.detayresimler.com\/urun\/V\/VG10F550_6.jpg\" alt=\"Vento VG10F 600W 80+ PSU Temperli Cam 4x120mm ATX Kasa\" \/><\/p>\n<\/div>\n<div class=\"phPart\">\n<div class=\"phLine\"><span class=\"phText\">Kolay Kurulum kasa\u00a0i\u00e7i hava dola\u015f\u0131m\u0131na daha az etki etmesi i\u00e7in geli\u015ftirilen ATX yap\u0131s\u0131 disklerin, g\u00fc\u00e7 kayna\u011f\u0131n\u0131n ve kablolar\u0131n hem hava transferine hem de seyir zevkine engel olmamas\u0131 sa\u011flanm\u0131\u015f ve kolay \u015fekilde kurulum yapabilmeniz i\u00e7in tasarlanm\u0131\u015ft\u0131r.<br \/>\n<\/span><\/div>\n<div class=\"phLineBreak\"><\/div>\n<\/div>\n<div class=\"phPart\">\n<p class=\"phBanner\"><img decoding=\"async\" src=\"https:\/\/www.detayresimler.com\/urun\/V\/VG10F550_7.jpg\" alt=\"Vento VG10F 600W 80+ PSU Temperli Cam 4x120mm ATX Kasa\" \/><\/p>\n<\/div>\n<div class=\"phPart\"><span class=\"phSpecHeader\">Tewknik \u00d6zellikler<\/span><\/div>\n<div class=\"phPart\"><span class=\"phSpecHeader\">\u00a0<\/span><\/div>\n<div class=\"phPart\">\n<div class=\"phSpec\">\n<div>Model VG10F<\/div>\n<div>kasa Tipi ATX Tower<\/div>\n<div>\u00d6n \u00c7er\u00e7eve Malzemesi Metal Trigonal Mesh \u00d6n \u00c7er\u00e7eve<\/div>\n<div>kasa Rengi Siyah<\/div>\n<div>kasa Boyutlar\u0131 (Y\u00fckseklik x Geni\u015flik x Derinlik)338 x 190 x 428 mm<\/div>\n<div>USB 2.0 Ba\u011flant\u0131 Say\u0131s\u0131 2<\/div>\n<div>USB 3.0 Ba\u011flant\u0131 Say\u0131s\u0131 1<\/div>\n<div>Fan Detay\u0131 \u00d6n: 3x 12cm \/ Arka 1x 12 cm \/ \u00dcst 2x12cm(opsiyonel)<\/div>\n<div>PCI Yuva Say\u0131s\u0131 7<\/div>\n<div>HDD Yuva Say\u0131s\u0131 4<\/div>\n<div>SSD Deste\u011fi Var<\/div>\n<div>Ana Kart Deste\u011fi ATX \/ MICRO ATX<\/div>\n<div>Harici Yuvalar 2x 2.5 in\u00e7 2x 3.5 in\u00e7<\/div>\n<\/div>\n<\/div>\n<div>\n<h2 class=\"card-title text-center mt-10 justify-center !mb-0\">Vento VG10F 550W 80+ PSU Temperli Cam 4x120mm ATX Kasa \u00d6zellikleri<\/h2>\n<div class=\"prose prose-neutral max-w-none\">\n<table class=\"w-full\">\n<tbody>\n<tr class=\"odd:bg-neutral-50\">\n<th class=\"text-sm lg:text-base w-28 lg:w-48\">Kasa Yap\u0131s\u0131<\/th>\n<td class=\"text-sm lg:text-base break-all\">Midi Tower<\/td>\n<\/tr>\n<tr class=\"odd:bg-neutral-50\">\n<th class=\"text-sm lg:text-base w-28 lg:w-48\">G\u00fc\u00e7 Kayna\u011f\u0131<\/th>\n<td class=\"text-sm lg:text-base break-all\">550 Watt<\/td>\n<\/tr>\n<tr class=\"odd:bg-neutral-50\">\n<th class=\"text-sm lg:text-base w-28 lg:w-48\">Anakart Deste\u011fi<\/th>\n<td class=\"text-sm lg:text-base break-all\">ATX<\/td>\n<\/tr>\n<\/tbody>\n<\/table>\n<\/div>\n<\/div>\n","protected":false},"excerpt":{"rendered":"<table class=\"product-detail\" border=\"0\" width=\"100%\" cellspacing=\"0\" cellpadding=\"0\">\n<tbody>\n<tr>\n<td class=\"product-detail-02\" width=\"34%\">Kasa Tipi:<\/td>\n<td width=\"66%\">\u00a0MIDI TOWER<\/td>\n<\/tr>\n<tr>\n<td class=\"product-detail-02\" width=\"34%\">Kasa Form:<\/td>\n<td width=\"66%\">\u00a0ATX<\/td>\n<\/tr>\n<tr>\n<td class=\"product-detail-02\" width=\"34%\">G\u00fc\u00e7 Kayna\u011f\u0131:<\/td>\n<td width=\"66%\">\u00a0550 W<\/td>\n<\/tr>\n<tr>\n<td class=\"product-detail-02\" width=\"34%\">Pencere:<\/td>\n<td width=\"66%\">\u00a0VAR<\/td>\n<\/tr>\n<\/tbody>\n<\/table>\n","protected":false},"featured_media":1423,"template":"","meta":{"om_disable_all_campaigns":false,"_monsterinsights_skip_tracking":false,"_monsterinsights_sitenote_active":false,"_monsterinsights_sitenote_note":"","_monsterinsights_sitenote_category":0},"product_cat":[428],"product_tag":[478],"class_list":{"0":"post-1422","1":"product","2":"type-product","3":"status-publish","4":"has-post-thumbnail","6":"product_cat-atx-kasalar","7":"product_tag-vento-vg10f","8":"thunk-woo-product-list","9":"opn-qv-enable","10":"top-store-woo-hover-zoom","11":"top-store-single-product-tab-horizontal","12":"top-store-shadow-","13":"top-store-shadow-hover-","15":"first","16":"instock","17":"taxable","18":"shipping-taxable","19":"product-type-simple"},"aioseo_notices":[],"_links":{"self":[{"href":"https:\/\/bilginteknoloji.com\/woo\/wp-json\/wp\/v2\/product\/1422","targetHints":{"allow":["GET"]}}],"collection":[{"href":"https:\/\/bilginteknoloji.com\/woo\/wp-json\/wp\/v2\/product"}],"about":[{"href":"https:\/\/bilginteknoloji.com\/woo\/wp-json\/wp\/v2\/types\/product"}],"wp:featuredmedia":[{"embeddable":true,"href":"https:\/\/bilginteknoloji.com\/woo\/wp-json\/wp\/v2\/media\/1423"}],"wp:attachment":[{"href":"https:\/\/bilginteknoloji.com\/woo\/wp-json\/wp\/v2\/media?parent=1422"}],"wp:term":[{"taxonomy":"product_cat","embeddable":true,"href":"https:\/\/bilginteknoloji.com\/woo\/wp-json\/wp\/v2\/product_cat?post=1422"},{"taxonomy":"product_tag","embeddable":true,"href":"https:\/\/bilginteknoloji.com\/woo\/wp-json\/wp\/v2\/product_tag?post=1422"}],"curies":[{"name":"wp","href":"https:\/\/api.w.org\/{rel}","templated":true}]}}