{"id":1414,"date":"2024-09-16T16:10:52","date_gmt":"2024-09-16T13:10:52","guid":{"rendered":"https:\/\/bilginteknoloji.com\/woo\/?post_type=product&#038;p=1414"},"modified":"2024-09-16T16:10:52","modified_gmt":"2024-09-16T13:10:52","slug":"gamdias-neso-p1-tempered-glass-850w-80bronze-atx-white-edition-gaming-kasa","status":"publish","type":"product","link":"https:\/\/bilginteknoloji.com\/woo\/urun\/gamdias-neso-p1-tempered-glass-850w-80bronze-atx-white-edition-gaming-kasa\/","title":{"rendered":"GAMDIAS NESO P1, Tempered Glass, 850W, 80+Bronze, ATX, White Edition, GAMING KASA"},"content":{"rendered":"<table border=\"0\" width=\"100%\" cellspacing=\"0\" cellpadding=\"0\">\n<tbody>\n<tr>\n<td class=\"urundetayaciklamasi\">\n<table border=\"0\">\n<tbody>\n<tr>\n<td colspan=\"2\"><\/td>\n<td>\n<table border=\"0\" width=\"100%\" cellspacing=\"0\" cellpadding=\"0\">\n<tbody>\n<tr>\n<td class=\"resertitle\">\u00dcr\u00fcn Detay<\/td>\n<td valign=\"top\" width=\"10\"><img decoding=\"async\" src=\"https:\/\/www.reserbayi.com\/reser\/images\/title-right.png\" alt=\"\" \/><\/td>\n<\/tr>\n<\/tbody>\n<\/table>\n<\/td>\n<td class=\"urundetayaciklamasi\"><img decoding=\"async\" src=\"http:\/\/www.detayresimler.com\/urun\/A\/AU-GC1-500_4.jpg\" alt=\"\" \/><\/p>\n<table border=\"0\">\n<tbody>\n<tr>\n<td colspan=\"2\">\n<h2 class=\"product-title\">GAMDIAS NESO P1, Tempered Glass, 850W, 80+Bronze, ATX, White Edition, GAMING KASA<\/h2>\n<\/td>\n<\/tr>\n<tr>\n<td>\n<img loading=\"lazy\" decoding=\"async\" src=\"http:\/\/www.detayresimler.com\/urun\/N\/NESO-P1850W.jpg\" alt=\"\" width=\"300\" height=\"300\" \/><\/td>\n<td>\n<h1>NESO P1<\/h1>\n<p>Zarif ama \u0130ddial\u0131<\/p>\n<ul>\n<li>Yatay Masa\u00fcst\u00fc ve Dikey Tower Kurulumu i\u00e7in Yamuk \u015eekilli<\/li>\n<li>8 Yuval\u0131 Yatay ve Dikey GPU Tutucu<\/li>\n<li>GPU Uzunlu\u011funu 426 mmye kadar al\u0131r<\/li>\n<li>360 mmye ve 420 mm Yana kadar Radyat\u00f6rleri destekler<\/li>\n<li>Daha Kal\u0131n \u00dcst Radyat\u00f6r ve Fanlar i\u00e7in 70mm Alan<\/li>\n<li>Daha Kal\u0131n Yan Radyat\u00f6r ve Fanlar i\u00e7in 80mm Alan<\/li>\n<li>\u00d6n ve Yan Panoramik Temperli Cam Paneller A\u00e7\u0131larak A\u00e7\u0131l\u0131r<\/li>\n<li>\u00c7ift odac\u0131kl\u0131 \u015easi<\/li>\n<li>180 mmye kadar PSU Uzunlu\u011fu i\u00e7in yer<\/li>\n<li>Boyutlar: 490 x 310 x 495 mm<\/li>\n<\/ul>\n<\/td>\n<\/tr>\n<tr>\n<td>\n<h1>\u015e\u0131k G\u00f6r\u00fcn\u00fcm<\/h1>\n<p>NESO P1 full tower kasa, donan\u0131m\u0131n\u0131z\u0131 yatay veya dikey y\u00f6nde sergilemenize olanak tan\u0131yan, \u00e7ift odac\u0131kl\u0131 bir tasar\u0131ma ve ay\u0131rt edici trapezoidal forma sahiptir.\u00a0Cam\u0131 kolayca \u00e7\u0131karmak ve y\u00fckseltmeler ve bak\u0131m i\u00e7in i\u00e7eriye eri\u015fim sa\u011flamak i\u00e7in tek dokunu\u015flu mekanizmay\u0131 kullanarak bina deneyiminizi geli\u015ftirin.\u00a0\u00dcst d\u00fczey kasa, \u00fcst d\u00fczey performans, daha iyi yap\u0131 kalitesi ve geli\u015fmi\u015f estetik isteyen merakl\u0131lar, oyuncular ve profesyoneller i\u00e7in sa\u011flam i\u015flevler ve \u00f6zellikler sa\u011flar.<\/td>\n<td>\n<img loading=\"lazy\" decoding=\"async\" src=\"http:\/\/www.detayresimler.com\/urun\/N\/NESO-P1850W_1.jpg\" alt=\"\" width=\"300\" height=\"300\" \/><\/td>\n<\/tr>\n<tr>\n<td>\n<img loading=\"lazy\" decoding=\"async\" src=\"http:\/\/www.detayresimler.com\/urun\/N\/NESO-P1850W_2.jpg\" alt=\"\" width=\"300\" height=\"300\" \/><\/td>\n<td>\n<h1>YA\u015eAM TARZINIZI DE\u011e\u0130\u015eT\u0130R\u0130R<\/h1>\n<p>NESO P1, kendine \u00f6zg\u00fc trapez g\u00f6r\u00fcn\u00fcm\u00fc ve i\u00e7ten d\u0131\u015fa do\u011fru \u015f\u0131k \u0131zgara tasar\u0131m\u0131yla bir ya\u015fam tarz\u0131 kasas\u0131 olarak ortaya \u00e7\u0131k\u0131yor<\/td>\n<\/tr>\n<tr>\n<td>\n<h1>TAM PANORAM\u0130K EKRAN<\/h1>\n<p>NESO P1, benzersiz trapez form fakt\u00f6r\u00fc sayesinde t\u00fcm donan\u0131m\u0131n\u0131z\u0131 d\u00fczg\u00fcn bir \u015fekilde g\u00f6r\u00fcnt\u00fcleyen ve ayn\u0131 zamanda g\u00f6ze ho\u015f g\u00f6r\u00fcnmeyen kablolar\u0131 ve bile\u015fenleri gizleyen, a\u00e7\u0131k, iki odal\u0131 bir kasad\u0131r.<\/td>\n<td>\n<img loading=\"lazy\" decoding=\"async\" src=\"http:\/\/www.detayresimler.com\/urun\/N\/NESO-P1850W_3.jpg\" alt=\"\" width=\"300\" height=\"300\" \/><\/td>\n<\/tr>\n<tr>\n<td>\n<img loading=\"lazy\" decoding=\"async\" src=\"http:\/\/www.detayresimler.com\/urun\/N\/NESO-P1850W_4.jpg\" alt=\"\" width=\"300\" height=\"321\" \/><\/td>\n<td>\n<h1>\u0130LER\u0130 SEV\u0130YE HAVA AKI\u015eI TASARIMI<\/h1>\n<p>NESO P1, kasan\u0131n etraf\u0131ndaki tamamen delikli \u00f6rg\u00fc paneller sayesinde, mod\u00fcler kasa y\u00f6nlendirmesini kullan\u0131rken hava ak\u0131\u015f\u0131 giri\u015fini ve \u00e7\u0131k\u0131\u015f\u0131n\u0131 yap\u0131land\u0131rmak i\u00e7in optimum hava ak\u0131\u015f\u0131 yollar\u0131 ve sonsuz se\u00e7enekler sunar.<\/td>\n<\/tr>\n<tr>\n<td colspan=\"2\">\n<h1>MOD\u00dcLER Y\u00d6NLEND\u0130RME<\/h1>\n<p>Kasa, sa\u011flam hava ak\u0131\u015f\u0131 ve stabiliteden yararlan\u0131rken kasay\u0131 dikeyden yataya sorunsuz bir \u015fekilde d\u00f6nd\u00fcrmek i\u00e7in mod\u00fcler kaideler kullan\u0131r.\u00a0Yeni kasa y\u00f6nlendirmesi daha taze bir g\u00f6r\u00fcn\u00fcm sa\u011flar ve tamamen yeni bir in\u015fa deneyiminin kilidini a\u00e7ar.<\/td>\n<\/tr>\n<tr>\n<td colspan=\"2\"><img decoding=\"async\" src=\"http:\/\/www.detayresimler.com\/urun\/N\/NESO-P1850W_5.jpg\" alt=\"\" \/><\/td>\n<\/tr>\n<tr>\n<td colspan=\"2\">\n<h1>D\u00d6NER PCIe YUVASI<\/h1>\n<p>NESO P1, RTX 40 serisine kadar yatay ve dikey GPUlar\u0131n esnek kurulumuna olanak tan\u0131yan 8&#215;8 d\u00f6nebilen PCIe yuvalar\u0131 ve 426 mmye kadar i\u00e7 alana sahiptir.<\/td>\n<\/tr>\n<tr>\n<td colspan=\"2\"><img decoding=\"async\" src=\"http:\/\/www.detayresimler.com\/urun\/N\/NESO-P1850W_6.jpg\" alt=\"\" \/><\/td>\n<\/tr>\n<tr>\n<td>\n<h1>M\u00dcKEMMEL KABLO Y\u00d6NET\u0130M\u0130<\/h1>\n<p>Kasan\u0131n gizli b\u00f6lmesi 90 mm derinli\u011finde olup, geni\u015f kablo y\u00f6netiminin yan\u0131 s\u0131ra m\u00fckemmel bir bina deneyimi i\u00e7in c\u0131rt c\u0131rtl\u0131 kay\u0131\u015flarla iyi tasarlanm\u0131\u015f bir kablo y\u00f6nlendirme sistemine olanak tan\u0131r.<\/td>\n<td><img loading=\"lazy\" decoding=\"async\" src=\"http:\/\/www.detayresimler.com\/urun\/N\/NESO-P1850W_7.jpg\" alt=\"\" width=\"300\" height=\"311\" \/><\/td>\n<\/tr>\n<tr>\n<td><img loading=\"lazy\" decoding=\"async\" src=\"http:\/\/www.detayresimler.com\/urun\/N\/NESO-P1850W_8.jpg\" alt=\"\" width=\"300\" height=\"305\" \/><\/td>\n<td>\n<h1>KAPSAMLI SO\u011eUTMA KAPAS\u0130TES\u0130<\/h1>\n<p>Kasan\u0131n yan taraf\u0131 420 mmye kadar radyat\u00f6rlerle uyumludur ve ekstra kal\u0131n radyat\u00f6rler ve yeni nesil konfig\u00fcrasyonlar i\u00e7in art\u0131r\u0131lm\u0131\u015f 80 mm derinli\u011fe sahiptir.<\/td>\n<\/tr>\n<tr>\n<td colspan=\"2\"><\/td>\n<\/tr>\n<tr>\n<td colspan=\"2\"><\/td>\n<\/tr>\n<tr>\n<td colspan=\"2\"><\/td>\n<\/tr>\n<tr>\n<td colspan=\"2\"><\/td>\n<\/tr>\n<tr>\n<td><\/td>\n<td><\/td>\n<\/tr>\n<tr>\n<td colspan=\"2\"><\/td>\n<\/tr>\n<tr>\n<td colspan=\"2\">&nbsp;<\/td>\n<\/tr>\n<\/tbody>\n<\/table>\n<table border=\"0\">\n<tbody>\n<tr>\n<td colspan=\"2\"><strong>\u00d6ZELL\u0130KLER\u0130<\/strong><\/td>\n<\/tr>\n<tr>\n<td><strong>\u00a0<\/strong><\/td>\n<td><\/td>\n<\/tr>\n<tr>\n<td><strong>Kasa Tipi<\/strong><\/td>\n<td>TAM Kule<\/td>\n<\/tr>\n<tr>\n<td><strong>MB Deste\u011fi<\/strong><\/td>\n<td>E-ATX (310mm Geni\u015flik)ATXMikro-ATXMini-ITX<\/td>\n<\/tr>\n<tr>\n<td><strong>senkronizasyon<\/strong><\/td>\n<td>5V 3-Pinli Adreslenebilir Ba\u015fl\u0131k<\/td>\n<\/tr>\n<tr>\n<td><strong>KASA Rengi<\/strong><\/td>\n<td>Bronze<\/td>\n<\/tr>\n<tr>\n<td><strong>Geni\u015fleme yuvalar\u0131<\/strong><\/td>\n<td>8den 8e<\/td>\n<\/tr>\n<tr>\n<td><strong>Malzeme<\/strong><\/td>\n<td>SPCC ve ABS ve Temperli cam<\/td>\n<\/tr>\n<tr>\n<td><strong>Pencere<\/strong><\/td>\n<td>Sol \u00d6n<\/td>\n<\/tr>\n<tr>\n<td><strong>Radyat\u00f6r Deste\u011fi<\/strong><\/td>\n<td>\u00dcst: 360 mm \/ Yan: 360 mm, 420 mm \/ Arka: 120 mm<\/td>\n<\/tr>\n<tr>\n<td><strong>Di\u011fer Deste\u011fi<\/strong><\/td>\n<td>\u00dcst: 3 x 120 mm, 2 x 140 mm \/ Yan: 3 x 120 mm, 3 x 140 mm \/ Arka: 1 x 120 mm \/ Alt: 3 x 120 mm<\/td>\n<\/tr>\n<tr>\n<td><strong>Dahili Fanlar<\/strong><\/td>\n<td>Arka: 1 x 120 mm ARGB Fan<\/td>\n<\/tr>\n<tr>\n<td><strong>S\u00fcr\u00fcc\u00fc b\u00f6lmeleri<\/strong><\/td>\n<td>2 x 3,5&#8243; veya 1 x 2,5&#8243;+1 x 3,5&#8243;(HDD Kafesi)<br \/>\n2 x 2,5&#8243;(HDD Kafesi) + 3 x 2,5&#8243; (SSD Braketi)<\/td>\n<\/tr>\n<tr>\n<td><strong>G\/\u00c7 Ba\u011flant\u0131 Noktas\u0131<\/strong><\/td>\n<td>USB 3.0 x2, Tip C x 1, HD Ses x1, LED Kontrolamp;uuml; x1<\/td>\n<\/tr>\n<tr>\n<td><strong>Bo\u015fluk<\/strong><\/td>\n<td>CPU so\u011futucusu y\u00fckseklik s\u0131n\u0131rlamas\u0131:193 mm<br \/>\nVGA uzunluk s\u0131n\u0131rlamas\u0131:426 mm<br \/>\nVGA geni\u015flik s\u0131n\u0131rlamas\u0131: 192 mm<br \/>\nPSU uzunluk s\u0131n\u0131rlamas\u0131:180 mm<\/td>\n<\/tr>\n<tr>\n<td><strong>Boyut (U x G x Y)<\/strong><\/td>\n<td>490x310x495 mm<\/td>\n<\/tr>\n<tr>\n<td><strong>Net a\u011f\u0131rl\u0131\u011f\u0131<\/strong><\/td>\n<td>11,97 kg \/ 26,38 lb<\/td>\n<\/tr>\n<tr>\n<td><\/td>\n<td><\/td>\n<\/tr>\n<tr>\n<td colspan=\"2\"><strong>\u00a0<\/strong><\/td>\n<\/tr>\n<tr>\n<td colspan=\"2\"><\/td>\n<\/tr>\n<\/tbody>\n<\/table>\n<\/td>\n<\/tr>\n<\/tbody>\n<\/table>\n<\/td>\n<\/tr>\n<\/tbody>\n<\/table>\n","protected":false},"excerpt":{"rendered":"<table class=\"product-detail\" border=\"0\" width=\"100%\" cellspacing=\"0\" cellpadding=\"0\">\n<tbody>\n<tr>\n<td class=\"product-detail-02\" width=\"34%\">Kasa Tipi:<\/td>\n<td width=\"66%\">\u00a0MIDI TOWER<\/td>\n<\/tr>\n<tr>\n<td class=\"product-detail-02\" width=\"34%\">Kasa Form:<\/td>\n<td width=\"66%\">\u00a0ATX<\/td>\n<\/tr>\n<tr>\n<td class=\"product-detail-02\" width=\"34%\">G\u00fc\u00e7 Kayna\u011f\u0131:<\/td>\n<td width=\"66%\">\u00a0850 W<\/td>\n<\/tr>\n<tr>\n<td class=\"product-detail-02\" width=\"34%\">Pencere:<\/td>\n<td width=\"66%\">\u00a0VAR<\/td>\n<\/tr>\n<\/tbody>\n<\/table>\n","protected":false},"featured_media":1415,"template":"","meta":{"om_disable_all_campaigns":false,"_monsterinsights_skip_tracking":false,"_monsterinsights_sitenote_active":false,"_monsterinsights_sitenote_note":"","_monsterinsights_sitenote_category":0},"product_cat":[428],"product_tag":[],"class_list":{"0":"post-1414","1":"product","2":"type-product","3":"status-publish","4":"has-post-thumbnail","6":"product_cat-atx-kasalar","7":"thunk-woo-product-list","8":"opn-qv-enable","9":"top-store-woo-hover-zoom","10":"top-store-single-product-tab-horizontal","11":"top-store-shadow-","12":"top-store-shadow-hover-","14":"first","15":"instock","16":"taxable","17":"shipping-taxable","18":"product-type-simple"},"aioseo_notices":[],"_links":{"self":[{"href":"https:\/\/bilginteknoloji.com\/woo\/wp-json\/wp\/v2\/product\/1414","targetHints":{"allow":["GET"]}}],"collection":[{"href":"https:\/\/bilginteknoloji.com\/woo\/wp-json\/wp\/v2\/product"}],"about":[{"href":"https:\/\/bilginteknoloji.com\/woo\/wp-json\/wp\/v2\/types\/product"}],"wp:featuredmedia":[{"embeddable":true,"href":"https:\/\/bilginteknoloji.com\/woo\/wp-json\/wp\/v2\/media\/1415"}],"wp:attachment":[{"href":"https:\/\/bilginteknoloji.com\/woo\/wp-json\/wp\/v2\/media?parent=1414"}],"wp:term":[{"taxonomy":"product_cat","embeddable":true,"href":"https:\/\/bilginteknoloji.com\/woo\/wp-json\/wp\/v2\/product_cat?post=1414"},{"taxonomy":"product_tag","embeddable":true,"href":"https:\/\/bilginteknoloji.com\/woo\/wp-json\/wp\/v2\/product_tag?post=1414"}],"curies":[{"name":"wp","href":"https:\/\/api.w.org\/{rel}","templated":true}]}}