{"id":1412,"date":"2024-09-16T16:08:46","date_gmt":"2024-09-16T13:08:46","guid":{"rendered":"https:\/\/bilginteknoloji.com\/woo\/?post_type=product&#038;p=1412"},"modified":"2024-09-16T16:08:48","modified_gmt":"2024-09-16T13:08:48","slug":"gamdias-athena-m6-lite-wh-500w-tempered-glass-mesh-argb-atx-white-edition-gaming-kasa","status":"publish","type":"product","link":"https:\/\/bilginteknoloji.com\/woo\/urun\/gamdias-athena-m6-lite-wh-500w-tempered-glass-mesh-argb-atx-white-edition-gaming-kasa\/","title":{"rendered":"GAMDIAS ATHENA M6 Lite WH, 500W, Tempered Glass, Mesh, ARGB, ATX, White Edition, GAMING KASA"},"content":{"rendered":"<table border=\"0\" width=\"100%\" cellspacing=\"0\" cellpadding=\"0\">\n<tbody>\n<tr>\n<td>\n<table border=\"0\" width=\"100%\" cellspacing=\"0\" cellpadding=\"0\">\n<tbody>\n<tr>\n<td class=\"resertitle\">\u00dcr\u00fcn Detay<\/td>\n<td valign=\"top\" width=\"10\"><img decoding=\"async\" src=\"https:\/\/www.reserbayi.com\/reser\/images\/title-right.png\" alt=\"\" \/><\/td>\n<\/tr>\n<\/tbody>\n<\/table>\n<\/td>\n<\/tr>\n<tr>\n<td class=\"urundetayaciklamasi\"><img decoding=\"async\" src=\"https:\/\/www.detayresimler.com\/urun\/A\/AU-GC1-500_4.jpg\" alt=\"\" \/><\/p>\n<table border=\"0\">\n<tbody>\n<tr>\n<td>\n<img decoding=\"async\" src=\"https:\/\/www.detayresimler.com\/urun\/A\/ATH-M6L-750_14.jpg\" alt=\"\" \/><\/td>\n<td>\n<h1>ATHENA M6 LITE WH<\/h1>\n<ul>\n<li>Anakart ile Senkronize Edilebilir<\/li>\n<li>\u00dc\u00e7 Tarafl\u0131 Underglow<\/li>\n<li>4 Dahili 120mm ARGB Fan<\/li>\n<li>Temperli Cam Pencere<\/li>\n<li>Fileli \u00d6n Panel<\/li>\n<li>Delikli \u015easi<\/li>\n<li>Manyetik Toz Filtresi<\/li>\n<\/ul>\n<p>ATHENA M6 LITE, hava ak\u0131\u015f\u0131 performans\u0131n\u0131 optimize etmeye odaklanan benzersiz bir ayd\u0131nlatma profiline sahip bir mid-tower kasad\u0131r.\u00a0Kasa, hava ak\u0131\u015f\u0131 performans\u0131n\u0131 art\u0131rmak ve ortam alt\u0131nda ayd\u0131nlatma efektleri olu\u015fturmak i\u00e7in panoramik bir a\u011f \u00f6n panele, d\u00f6rt adet yerle\u015fik 120 mm ARGB fana ve \u00fc\u00e7 tarafl\u0131 ARGB \u0131\u015f\u0131k \u015feritlerine sahiptir.<\/td>\n<\/tr>\n<tr>\n<td>\n<h1>GEN\u0130\u015e MESH PANEL<\/h1>\n<p>ATHENA M6 LITE, \u00e7epe\u00e7evre delikli havaland\u0131rma ile uygulanan \u00fc\u00e7 adet 120 mm RGB fan i\u00e7in yeri olan s\u00fctun \u015feklinde bir a\u011f \u00f6n panel ile birlikte gelir.\u00a0Kasa, yeni nesil so\u011futma taleplerini kar\u015f\u0131lamak i\u00e7in s\u0131n\u0131rs\u0131z hava ak\u0131\u015f\u0131na sahip bir ortam yaratmak \u00fczere tasarland\u0131.<\/p>\n<h1><\/h1>\n<\/td>\n<td>\n<h1>\n<img decoding=\"async\" src=\"https:\/\/www.detayresimler.com\/urun\/A\/ATH-M6L-750_6.jpg\" alt=\"\" \/><\/h1>\n<\/td>\n<\/tr>\n<tr align=\"center\" valign=\"middle\">\n<td colspan=\"2\">\n<h1>Y\u00dcKSELT\u0130LM\u0130\u015e HAVA AKI\u015eI<\/h1>\n<p>Kasan\u0131n alt b\u00f6lmesi, kasan\u0131n her taraf\u0131nda yo\u011fun hava giri\u015fi ve \u00e7\u0131k\u0131\u015f\u0131 sa\u011flayan y\u00fckseltilmi\u015f kasa ayaklar\u0131 ile delikli bir tasar\u0131ma sahiptir.<\/td>\n<\/tr>\n<tr align=\"center\" valign=\"middle\">\n<td colspan=\"2\">\n<h1><img decoding=\"async\" src=\"https:\/\/www.detayresimler.com\/urun\/A\/ATH-M6L-750_13.jpg\" alt=\"\" \/><\/h1>\n<\/td>\n<\/tr>\n<tr>\n<td>\n<h1>3+1 ARGB FANLAR<\/h1>\n<p>Kasa, hava giri\u015fini ve \u00e7\u0131k\u0131\u015f\u0131n\u0131 geli\u015ftirirken senkronize bir kurulum olu\u015fturmak i\u00e7in d\u00f6rt adet y\u00fcksek performansl\u0131 hidrolik ARGB fanla \u00f6nceden tak\u0131lm\u0131\u015ft\u0131r.<\/td>\n<td><img decoding=\"async\" src=\"https:\/\/www.detayresimler.com\/urun\/A\/ATH-M6L-750_12.jpg\" alt=\"\" \/><\/td>\n<\/tr>\n<tr>\n<td><img decoding=\"async\" src=\"https:\/\/www.detayresimler.com\/urun\/A\/ATH-M6L-750_11.jpg\" alt=\"\" \/><\/td>\n<td>\n<h1>SENKRON\u0130ZE ET VE G\u00d6R\u00dcNT\u00dcLE<\/h1>\n<p>ATHENA M6 LITE, tek bir d\u00fc\u011fmeye basarak 4 yerle\u015fik ARGB fan\u0131n\u0131 ve 3 ARGB \u0131\u015f\u0131k \u015feridini kontrol eden ayd\u0131nlatma senkronizasyonu ile sistem genelinde ARGByi uyumlu anakartlara destekler.<\/td>\n<\/tr>\n<tr>\n<td colspan=\"2\">\n<h1>BAS\u0130T VE KOLAY KULLANIM<\/h1>\n<p>G\/\u00c7, 2x USB ba\u011flant\u0131 noktas\u0131, 1x USB 3.0 ba\u011flant\u0131 noktas\u0131, LED ayd\u0131nlatma kontrolleri ve ek ses ba\u011flant\u0131s\u0131 \u00f6zelliklerine sahip olarak kasan\u0131n \u00fcst \u00f6n taraf\u0131nda bulunur.<\/p>\n<h1><\/h1>\n<\/td>\n<\/tr>\n<tr>\n<td colspan=\"2\"><img decoding=\"async\" src=\"https:\/\/www.detayresimler.com\/urun\/A\/ATH-M6L-750_10.jpg\" alt=\"\" \/><\/td>\n<\/tr>\n<tr>\n<td colspan=\"2\">\n<h1>SO\u011eUTMA DESTE\u011e\u0130<\/h1>\n<p>Kasa, 6 adede kadar fan\u0131 ve \u00f6nde 360 mmye ve \u00fcstte 240 mmye kadar radyat\u00f6r\u00fc destekler.<\/p>\n<h1><\/h1>\n<\/td>\n<\/tr>\n<tr>\n<td colspan=\"2\"><img decoding=\"async\" src=\"https:\/\/www.detayresimler.com\/urun\/A\/ATH-M6L-750_9.jpg\" alt=\"\" \/><\/td>\n<\/tr>\n<tr>\n<td>\n<h1>M\u00dcKEMMEL<\/h1>\n<p>ATHENA M6 LITE, a\u011f \u00f6n paneli, 4 ARGB fan\u0131 ve \u00fc\u00e7l\u00fc alttan ayd\u0131nlatmal\u0131 \u0131\u015f\u0131k \u015feritleri ile y\u00fcksek hava ak\u0131\u015f\u0131na ve ARGB g\u00f6r\u00fcn\u00fcm\u00fcne odaklan\u0131r.\u00a0Ayr\u0131ca, tozu her zamankinden daha kolay temizlemek i\u00e7in kasan\u0131n \u00fcst\u00fcnde ve alt\u0131nda toz filtreleri bulunur.<\/td>\n<td><img decoding=\"async\" src=\"https:\/\/www.detayresimler.com\/urun\/A\/ATH-M6L-750_8.jpg\" alt=\"\" \/><\/td>\n<\/tr>\n<tr>\n<td><\/td>\n<td>\n<h1><\/h1>\n<\/td>\n<\/tr>\n<\/tbody>\n<\/table>\n<table border=\"0\">\n<tbody>\n<tr>\n<td><strong>Kasa Tipi<\/strong><\/td>\n<td>MID Tower<\/td>\n<\/tr>\n<tr>\n<td><strong>Anakart Deste\u011fi<\/strong><\/td>\n<td>ATXMikro-ATXMini-ITX<\/td>\n<\/tr>\n<tr>\n<td><strong>Senkronizasyon<\/strong><\/td>\n<td>5V 3-Pinli Adreslenebilir Ba\u015fl\u0131k<\/td>\n<\/tr>\n<tr>\n<td><strong>Kasa Rengi<\/strong><\/td>\n<td>Beyaz<\/td>\n<\/tr>\n<tr>\n<td><strong>Geni\u015fleme Yuvalar\u0131<\/strong><\/td>\n<td>7<\/td>\n<\/tr>\n<tr>\n<td><strong>Malzeme<\/strong><\/td>\n<td>SPCC &amp; ABS &amp; Temperli cam<\/td>\n<\/tr>\n<tr>\n<td><strong>Pencere<\/strong><\/td>\n<td>VAR<\/td>\n<\/tr>\n<tr>\n<td><strong>Radyat\u00f6r Deste\u011fi<\/strong><\/td>\n<td>\u00dcst: 240mm \/ \u00d6n: 360mm280mm \/ Arka: 140mm120mm<\/td>\n<\/tr>\n<tr>\n<td><strong>Fan Deste\u011fi<\/strong><\/td>\n<td>\u00dcst: 2 x 120mm 2 x 140mm \/ \u00d6n: 3 x 120mm2 x 140mm\/ Arka: 1 x 120mm \/ 1 x 140mm<\/td>\n<\/tr>\n<tr>\n<td><strong>Dahili Fanlar<\/strong><\/td>\n<td>\u00d6n: 3 x 120mm ARGB Fanlar\/ Arka: 1 x 120mm ARGB Fan<\/td>\n<\/tr>\n<tr>\n<td><strong>S\u00fcr\u00fcc\u00fc B\u00f6lmeleri<\/strong><\/td>\n<td>2 x 3,5&#8243; veya 1 x 2,5&#8243;+1 x 3,5&#8243;(HDD Kafesi) \/ 2 x 2,5&#8243;<\/td>\n<\/tr>\n<tr>\n<td><strong>G\/\u00c7 Ba\u011flant\u0131 Noktas\u0131<\/strong><\/td>\n<td>USB 3.0 x1, USB 2.0 x2, HD Ses x1, LED kontrol x1<\/td>\n<\/tr>\n<tr>\n<td><strong>Bo\u015fluk<\/strong><\/td>\n<td>CPU so\u011futucu y\u00fckseklik s\u0131n\u0131rlamas\u0131: 190 mm<br \/>\nVGA uzunluk s\u0131n\u0131rlamas\u0131: 340<br \/>\nmm PSU uzunluk s\u0131n\u0131rlamas\u0131: 180 mm<\/td>\n<\/tr>\n<tr>\n<td><strong>Boyut (U x G x Y)<\/strong><\/td>\n<td>410x230x477mm<\/td>\n<\/tr>\n<tr>\n<td><strong>Net A\u011f\u0131rl\u0131\u011f\u0131<\/strong><\/td>\n<td>5,89kg<\/td>\n<\/tr>\n<\/tbody>\n<\/table>\n<\/td>\n<\/tr>\n<tr>\n<td class=\"function\"><\/td>\n<\/tr>\n<\/tbody>\n<\/table>\n","protected":false},"excerpt":{"rendered":"<table class=\"product-detail\" border=\"0\" width=\"100%\" cellspacing=\"0\" cellpadding=\"0\">\n<tbody>\n<tr>\n<td class=\"product-detail-02\" width=\"34%\">Kasa Tipi:<\/td>\n<td width=\"66%\">\u00a0MIDI TOWER<\/td>\n<\/tr>\n<tr>\n<td class=\"product-detail-02\" width=\"34%\">Kasa Form:<\/td>\n<td width=\"66%\">\u00a0ATX<\/td>\n<\/tr>\n<tr>\n<td class=\"product-detail-02\" width=\"34%\">G\u00fc\u00e7 Kayna\u011f\u0131:<\/td>\n<td width=\"66%\">\u00a0500 W<\/td>\n<\/tr>\n<tr>\n<td class=\"product-detail-02\" width=\"34%\">Pencere:<\/td>\n<td width=\"66%\">\u00a0VAR<\/td>\n<\/tr>\n<tr>\n<td class=\"product-detail-02\"><\/td>\n<td><\/td>\n<\/tr>\n<\/tbody>\n<\/table>\n","protected":false},"featured_media":1413,"template":"","meta":{"om_disable_all_campaigns":false,"_monsterinsights_skip_tracking":false,"_monsterinsights_sitenote_active":false,"_monsterinsights_sitenote_note":"","_monsterinsights_sitenote_category":0},"product_cat":[428],"product_tag":[],"class_list":{"0":"post-1412","1":"product","2":"type-product","3":"status-publish","4":"has-post-thumbnail","6":"product_cat-atx-kasalar","7":"thunk-woo-product-list","8":"opn-qv-enable","9":"top-store-woo-hover-zoom","10":"top-store-single-product-tab-horizontal","11":"top-store-shadow-","12":"top-store-shadow-hover-","14":"first","15":"instock","16":"taxable","17":"shipping-taxable","18":"product-type-simple"},"aioseo_notices":[],"_links":{"self":[{"href":"https:\/\/bilginteknoloji.com\/woo\/wp-json\/wp\/v2\/product\/1412","targetHints":{"allow":["GET"]}}],"collection":[{"href":"https:\/\/bilginteknoloji.com\/woo\/wp-json\/wp\/v2\/product"}],"about":[{"href":"https:\/\/bilginteknoloji.com\/woo\/wp-json\/wp\/v2\/types\/product"}],"wp:featuredmedia":[{"embeddable":true,"href":"https:\/\/bilginteknoloji.com\/woo\/wp-json\/wp\/v2\/media\/1413"}],"wp:attachment":[{"href":"https:\/\/bilginteknoloji.com\/woo\/wp-json\/wp\/v2\/media?parent=1412"}],"wp:term":[{"taxonomy":"product_cat","embeddable":true,"href":"https:\/\/bilginteknoloji.com\/woo\/wp-json\/wp\/v2\/product_cat?post=1412"},{"taxonomy":"product_tag","embeddable":true,"href":"https:\/\/bilginteknoloji.com\/woo\/wp-json\/wp\/v2\/product_tag?post=1412"}],"curies":[{"name":"wp","href":"https:\/\/api.w.org\/{rel}","templated":true}]}}