{"id":1408,"date":"2024-09-16T16:04:11","date_gmt":"2024-09-16T13:04:11","guid":{"rendered":"https:\/\/bilginteknoloji.com\/woo\/?post_type=product&#038;p=1408"},"modified":"2024-09-16T16:04:12","modified_gmt":"2024-09-16T13:04:12","slug":"gamdias-argus-e4-elite-wh-750w-tempered-glass-argb-80-bronze-atx-white-edition-gaming-kasa","status":"publish","type":"product","link":"https:\/\/bilginteknoloji.com\/woo\/urun\/gamdias-argus-e4-elite-wh-750w-tempered-glass-argb-80-bronze-atx-white-edition-gaming-kasa\/","title":{"rendered":"GAMDIAS ARGUS E4 Elite WH, 750W, Tempered Glass, ARGB, 80+ Bronze, ATX, White Edition, GAMING KASA"},"content":{"rendered":"<p><img decoding=\"async\" src=\"https:\/\/www.detayresimler.com\/urun\/A\/AU-GC1-500_4.jpg\" alt=\"\" \/><\/p>\n<table border=\"0\">\n<tbody>\n<tr>\n<td colspan=\"2\">\n<h2 class=\"product-title\">GAMDIAS ARGUS E4 Elite WH, 750W, Tempered Glass, ARGB, 80+ Bronze, ATX, White Edition, GAMING KASA<\/h2>\n<\/td>\n<\/tr>\n<tr>\n<td>\n<p><img decoding=\"async\" src=\"https:\/\/www.detayresimler.com\/urun\/A\/ARG-E4WH500.jpg\" alt=\"\" \/><\/td>\n<td>\n<h1>ARGUS E4 ELITE BEYAZ<\/h1>\n<p>Zarif ama \u0130ddial\u0131<\/p>\n<ul>\n<li>5V ARGB Anakart ile senkronize edin<\/li>\n<li>RGB Ak\u0131\u015fl\u0131 Ayd\u0131nlatma<\/li>\n<li>Temperli Cam Panel \u00c7arpma Kap\u0131<\/li>\n<li>1 Dahili 120mm ARGB Arka Fan<\/li>\n<li>ATXe kadar Anakartlar\u0131 destekler<\/li>\n<li>Manyetik Toz Filtresi<\/li>\n<li>Tek Dokunu\u015fla RGB Ayd\u0131nlatma Tarz\u0131n\u0131 De\u011fi\u015ftirin<\/li>\n<\/ul>\n<p>ARGUS E4 ELITE WH, ARGUS E4\u00fc temperli cam yan panel d\u00f6ner kap\u0131yla birlikte genel kapasite ve uyumlulukta art\u0131\u015fla iyile\u015ftiren ve onu piyasadaki en b\u00fct\u00e7eye uygun kasalardan biri haline getiren beyaz bir mid-tower kasad\u0131r.<\/td>\n<\/tr>\n<tr>\n<td>\n<h1>\u015e\u0131k G\u00f6r\u00fcn\u00fcm<\/h1>\n<p>Modern ve gelece\u011fi birle\u015ftiren bir vaka. \u00d6n panelde ARGB \u00e7apraz kesim tasar\u0131m\u0131yla tamamlanan zarif emaye beyaz kasayla \u00f6ne \u00e7\u0131k\u0131n.<\/td>\n<td><img decoding=\"async\" src=\"https:\/\/www.detayresimler.com\/urun\/A\/ARG-E4WH500_1.jpg\" alt=\"\" \/><\/td>\n<\/tr>\n<tr>\n<td><img decoding=\"async\" src=\"https:\/\/www.detayresimler.com\/urun\/A\/ARG-E4WH500_2.jpg\" alt=\"\" \/><\/td>\n<td>\n<h1>TEMPERL\u0130 CAM A\u00c7ILIR KAPI<\/h1>\n<p>Yan taraftaki temperli cam a\u00e7\u0131l\u0131r kap\u0131 tasar\u0131m\u0131, yap\u0131n\u0131z\u0131n net bir \u015fekilde g\u00f6r\u00fclebilmesi i\u00e7in dayan\u0131kl\u0131, \u00e7izilmeye kar\u015f\u0131 dayan\u0131kl\u0131 ve \u015feffaf olacak \u015fekilde yap\u0131lm\u0131\u015ft\u0131r.<\/td>\n<\/tr>\n<tr>\n<td>\n<h1>EL\u0130T GEN\u0130\u015eLETME<\/h1>\n<p>ELITE s\u00fcr\u00fcm\u00fc, \u00f6ncekinden %15 daha b\u00fcy\u00fck bir dahili hacme sahiptir ve \u00fcst d\u00fczey CPU so\u011futucular\u0131n\u0131, 340 mmye kadar VGA kartlar\u0131n\u0131 ve 180 mmye kadar PSUyu destekleyebilir.<\/td>\n<td><img decoding=\"async\" src=\"https:\/\/www.detayresimler.com\/urun\/A\/ARG-E4WH500_3.jpg\" alt=\"\" \/><\/td>\n<\/tr>\n<tr>\n<td colspan=\"2\"><\/td>\n<\/tr>\n<tr>\n<td colspan=\"2\"><\/td>\n<\/tr>\n<tr>\n<td colspan=\"2\"><\/td>\n<\/tr>\n<tr>\n<td colspan=\"2\">&nbsp;<\/td>\n<\/tr>\n<\/tbody>\n<\/table>\n<table border=\"0\">\n<tbody>\n<tr>\n<td colspan=\"2\"><strong>\u00d6ZELL\u0130KLER\u0130<\/strong><\/td>\n<\/tr>\n<tr>\n<td><strong>\u00a0<\/strong><\/td>\n<td><\/td>\n<\/tr>\n<tr>\n<td><strong>Kasa Tipi<\/strong><\/td>\n<td>ORTA Kule<\/td>\n<\/tr>\n<tr>\n<td><strong>MB Deste\u011fi<\/strong><\/td>\n<td>ATXMikro-ATXMini-ITX<\/td>\n<\/tr>\n<tr>\n<td><strong>senkronizasyon<\/strong><\/td>\n<td>5V 3-Pinli Adreslenebilir Ba\u015fl\u0131k<\/td>\n<\/tr>\n<tr>\n<td><strong>KASA Rengi<\/strong><\/td>\n<td>Beyaz<\/td>\n<\/tr>\n<tr>\n<td><strong>Geni\u015fleme yuvalar\u0131<\/strong><\/td>\n<td>7+3<\/td>\n<\/tr>\n<tr>\n<td><strong>Malzeme<\/strong><\/td>\n<td>SPCC &amp; ABS &amp; Temperli cam<\/td>\n<\/tr>\n<tr>\n<td><strong>Pencere<\/strong><\/td>\n<td>Sol<\/td>\n<\/tr>\n<tr>\n<td><strong>Radyat\u00f6r Deste\u011fi<\/strong><\/td>\n<td>\u00dcst: 240 mm \/ Arka: 140 mm120 mm<\/td>\n<\/tr>\n<tr>\n<td><strong>Taraftar Deste\u011fi<\/strong><\/td>\n<td>\u00dcst: 2 x 120 mm 2 x 140 mm \/ Arka: 1 x 120 mm 1 x 140 mm<\/td>\n<\/tr>\n<tr>\n<td><strong>Dahili Fanlar<\/strong><\/td>\n<td>Arka: 1 x 120 mm ARGB Fan<\/td>\n<\/tr>\n<tr>\n<td><strong>S\u00fcr\u00fcc\u00fc b\u00f6lmeleri<\/strong><\/td>\n<td>2 x 3,5&#8243; veya 1 x 2,5&#8243;+1 x 3,5&#8243;(HDD Kafesi) \/ 3 x 2,5&#8243;<\/td>\n<\/tr>\n<tr>\n<td><strong>G\/\u00c7 Ba\u011flant\u0131 Noktas\u0131<\/strong><\/td>\n<td>USB 3.0 x1, USB 2.0 x2, HD Ses x1, LED kontrol x1<\/td>\n<\/tr>\n<tr>\n<td><strong>Bo\u015fluk<\/strong><\/td>\n<td>CPU so\u011futucu y\u00fckseklik s\u0131n\u0131rlamas\u0131: 190 mm<br \/>\nVGA uzunluk s\u0131n\u0131rlamas\u0131: 340 mm<br \/>\nPSU uzunluk s\u0131n\u0131rlamas\u0131: 180 mm<\/td>\n<\/tr>\n<tr>\n<td><strong>Boyut (U x G x Y)<\/strong><\/td>\n<td>393x230x460mm<\/td>\n<\/tr>\n<tr>\n<td><strong>Net a\u011f\u0131rl\u0131\u011f\u0131<\/strong><\/td>\n<td>5,4 kg \/ 11,9 lb<\/td>\n<\/tr>\n<tr>\n<td><\/td>\n<td><\/td>\n<\/tr>\n<tr>\n<td colspan=\"2\"><strong>\u00a0<\/strong><\/td>\n<\/tr>\n<tr>\n<td colspan=\"2\"><\/td>\n<\/tr>\n<\/tbody>\n<\/table>\n","protected":false},"excerpt":{"rendered":"<table class=\"product-detail\" border=\"0\" width=\"100%\" cellspacing=\"0\" cellpadding=\"0\">\n<tbody>\n<tr>\n<td class=\"product-detail-02\" width=\"34%\">Kasa Tipi:<\/td>\n<td width=\"66%\">\u00a0MIDI TOWER<\/td>\n<\/tr>\n<tr>\n<td class=\"product-detail-02\" width=\"34%\">Kasa Form:<\/td>\n<td width=\"66%\">\u00a0ATX<\/td>\n<\/tr>\n<tr>\n<td class=\"product-detail-02\" width=\"34%\">G\u00fc\u00e7 Kayna\u011f\u0131:<\/td>\n<td width=\"66%\">\u00a0750 W<\/td>\n<\/tr>\n<tr>\n<td class=\"product-detail-02\" width=\"34%\">Pencere:<\/td>\n<td width=\"66%\">\u00a0VAR<\/td>\n<\/tr>\n<\/tbody>\n<\/table>\n","protected":false},"featured_media":1409,"template":"","meta":{"om_disable_all_campaigns":false,"_monsterinsights_skip_tracking":false,"_monsterinsights_sitenote_active":false,"_monsterinsights_sitenote_note":"","_monsterinsights_sitenote_category":0},"product_cat":[428],"product_tag":[],"class_list":{"0":"post-1408","1":"product","2":"type-product","3":"status-publish","4":"has-post-thumbnail","6":"product_cat-atx-kasalar","7":"thunk-woo-product-list","8":"opn-qv-enable","9":"top-store-woo-hover-zoom","10":"top-store-single-product-tab-horizontal","11":"top-store-shadow-","12":"top-store-shadow-hover-","14":"first","15":"instock","16":"taxable","17":"shipping-taxable","18":"product-type-simple"},"aioseo_notices":[],"_links":{"self":[{"href":"https:\/\/bilginteknoloji.com\/woo\/wp-json\/wp\/v2\/product\/1408","targetHints":{"allow":["GET"]}}],"collection":[{"href":"https:\/\/bilginteknoloji.com\/woo\/wp-json\/wp\/v2\/product"}],"about":[{"href":"https:\/\/bilginteknoloji.com\/woo\/wp-json\/wp\/v2\/types\/product"}],"wp:featuredmedia":[{"embeddable":true,"href":"https:\/\/bilginteknoloji.com\/woo\/wp-json\/wp\/v2\/media\/1409"}],"wp:attachment":[{"href":"https:\/\/bilginteknoloji.com\/woo\/wp-json\/wp\/v2\/media?parent=1408"}],"wp:term":[{"taxonomy":"product_cat","embeddable":true,"href":"https:\/\/bilginteknoloji.com\/woo\/wp-json\/wp\/v2\/product_cat?post=1408"},{"taxonomy":"product_tag","embeddable":true,"href":"https:\/\/bilginteknoloji.com\/woo\/wp-json\/wp\/v2\/product_tag?post=1408"}],"curies":[{"name":"wp","href":"https:\/\/api.w.org\/{rel}","templated":true}]}}